{"id":345243,"date":"2024-03-28T18:07:29","date_gmt":"2024-03-28T18:07:29","guid":{"rendered":"https:\/\/www.foscarini.com\/product\/madre-std-t-zh-hant\/"},"modified":"2025-06-16T14:54:13","modified_gmt":"2025-06-16T14:54:13","slug":"madre-std-t-zh-hant","status":"publish","type":"product","link":"https:\/\/www.foscarini.com\/zh-hant\/product\/madre-std-t-zh-hant\/","title":{"rendered":"Madre"},"content":{"rendered":"<p>La lampada da tavolo Madre \u00e8 un oggetto poetico e inaspettato. Il foro che interrompe il grande corpo luminoso al centro crea una visione magica e una luce unica. L&#8217;incavo superiore contiene un piccolo vaso dove \u00e8 possibile inserire dei rami per creare una elegante composizione.<\/p><section class=\"pdp__slider full-height-vh\">\n    <div class=\"swiper-container swiper__pdp\">\n        <div class=\"swiper-wrapper full-height\">\n                                <div class=\"swiper-slide\">\n                                                    <img decoding=\"async\" class=\"full-cover\" src=\"https:\/\/www.foscarini.com\/wp-content\/uploads\/2024\/03\/3.1_Madre-150x150.jpg\" srcset=\"https:\/\/www.foscarini.com\/wp-content\/uploads\/2024\/03\/3.1_Madre-300x200.jpg 300w, https:\/\/www.foscarini.com\/wp-content\/uploads\/2024\/03\/3.1_Madre-1024x683.jpg 1024w, https:\/\/www.foscarini.com\/wp-content\/uploads\/2024\/03\/3.1_Madre-768x512.jpg 768w, https:\/\/www.foscarini.com\/wp-content\/uploads\/2024\/03\/3.1_Madre-1536x1024.jpg 1536w, https:\/\/www.foscarini.com\/wp-content\/uploads\/2024\/03\/3.1_Madre-2048x1365.jpg 2048w, https:\/\/www.foscarini.com\/wp-content\/uploads\/2024\/03\/3.1_Madre-800x533.jpg 800w\" alt=\"\" \/>\n                                                                        <\/div>\n                                        <div class=\"swiper-slide\">\n                                                    <img decoding=\"async\" class=\"full-cover\" src=\"https:\/\/www.foscarini.com\/wp-content\/uploads\/2024\/03\/3.2_Madre-150x150.jpg\" srcset=\"https:\/\/www.foscarini.com\/wp-content\/uploads\/2024\/03\/3.2_Madre-300x200.jpg 300w, https:\/\/www.foscarini.com\/wp-content\/uploads\/2024\/03\/3.2_Madre-1024x683.jpg 1024w, https:\/\/www.foscarini.com\/wp-content\/uploads\/2024\/03\/3.2_Madre-768x512.jpg 768w, https:\/\/www.foscarini.com\/wp-content\/uploads\/2024\/03\/3.2_Madre-1536x1024.jpg 1536w, https:\/\/www.foscarini.com\/wp-content\/uploads\/2024\/03\/3.2_Madre-2048x1365.jpg 2048w, https:\/\/www.foscarini.com\/wp-content\/uploads\/2024\/03\/3.2_Madre-800x533.jpg 800w\" alt=\"\" \/>\n                                                                        <\/div>\n                                        <div class=\"swiper-slide\">\n                                                    <img decoding=\"async\" class=\"full-cover\" src=\"https:\/\/www.foscarini.com\/wp-content\/uploads\/2024\/03\/3.3_Madre-150x150.jpg\" srcset=\"https:\/\/www.foscarini.com\/wp-content\/uploads\/2024\/03\/3.3_Madre-199x300.jpg 199w, https:\/\/www.foscarini.com\/wp-content\/uploads\/2024\/03\/3.3_Madre-678x1024.jpg 678w, https:\/\/www.foscarini.com\/wp-content\/uploads\/2024\/03\/3.3_Madre-768x1160.jpg 768w, https:\/\/www.foscarini.com\/wp-content\/uploads\/2024\/03\/3.3_Madre-800x1208.jpg 800w, https:\/\/www.foscarini.com\/wp-content\/uploads\/2024\/03\/3.3_Madre.jpg 980w\" alt=\"\" \/>\n                                                                        <\/div>\n                                        <div class=\"swiper-slide\">\n                                                    <img decoding=\"async\" class=\"full-cover\" src=\"https:\/\/www.foscarini.com\/wp-content\/uploads\/2024\/03\/3.4_Madre-150x150.jpg\" srcset=\"https:\/\/www.foscarini.com\/wp-content\/uploads\/2024\/03\/3.4_Madre-300x200.jpg 300w, https:\/\/www.foscarini.com\/wp-content\/uploads\/2024\/03\/3.4_Madre-1024x683.jpg 1024w, https:\/\/www.foscarini.com\/wp-content\/uploads\/2024\/03\/3.4_Madre-768x512.jpg 768w, https:\/\/www.foscarini.com\/wp-content\/uploads\/2024\/03\/3.4_Madre-1536x1024.jpg 1536w, https:\/\/www.foscarini.com\/wp-content\/uploads\/2024\/03\/3.4_Madre-2048x1365.jpg 2048w, https:\/\/www.foscarini.com\/wp-content\/uploads\/2024\/03\/3.4_Madre-800x533.jpg 800w\" alt=\"\" \/>\n                                                                        <\/div>\n                                        <div class=\"swiper-slide\">\n                                                    <img decoding=\"async\" class=\"full-cover\" src=\"https:\/\/www.foscarini.com\/wp-content\/uploads\/2024\/03\/3.5_Madre-150x150.jpg\" srcset=\"https:\/\/www.foscarini.com\/wp-content\/uploads\/2024\/03\/3.5_Madre-199x300.jpg 199w, https:\/\/www.foscarini.com\/wp-content\/uploads\/2024\/03\/3.5_Madre-678x1024.jpg 678w, https:\/\/www.foscarini.com\/wp-content\/uploads\/2024\/03\/3.5_Madre-768x1160.jpg 768w, https:\/\/www.foscarini.com\/wp-content\/uploads\/2024\/03\/3.5_Madre-800x1208.jpg 800w, https:\/\/www.foscarini.com\/wp-content\/uploads\/2024\/03\/3.5_Madre.jpg 980w\" alt=\"\" \/>\n                                                                        <\/div>\n                                        <div class=\"swiper-slide\">\n                                                    <img decoding=\"async\" class=\"full-cover\" src=\"https:\/\/www.foscarini.com\/wp-content\/uploads\/2024\/03\/3.6_Madre-150x150.jpg\" srcset=\"https:\/\/www.foscarini.com\/wp-content\/uploads\/2024\/03\/3.6_Madre-199x300.jpg 199w, https:\/\/www.foscarini.com\/wp-content\/uploads\/2024\/03\/3.6_Madre-678x1024.jpg 678w, https:\/\/www.foscarini.com\/wp-content\/uploads\/2024\/03\/3.6_Madre-768x1160.jpg 768w, https:\/\/www.foscarini.com\/wp-content\/uploads\/2024\/03\/3.6_Madre-800x1208.jpg 800w, https:\/\/www.foscarini.com\/wp-content\/uploads\/2024\/03\/3.6_Madre.jpg 980w\" alt=\"\" \/>\n                                                                        <\/div>\n                                        <div class=\"swiper-slide\">\n                                                    <img decoding=\"async\" class=\"full-cover\" src=\"https:\/\/www.foscarini.com\/wp-content\/uploads\/2024\/03\/3.7_Madre-150x150.jpg\" srcset=\"https:\/\/www.foscarini.com\/wp-content\/uploads\/2024\/03\/3.7_Madre-300x200.jpg 300w, https:\/\/www.foscarini.com\/wp-content\/uploads\/2024\/03\/3.7_Madre-1024x683.jpg 1024w, https:\/\/www.foscarini.com\/wp-content\/uploads\/2024\/03\/3.7_Madre-768x512.jpg 768w, https:\/\/www.foscarini.com\/wp-content\/uploads\/2024\/03\/3.7_Madre-1536x1024.jpg 1536w, https:\/\/www.foscarini.com\/wp-content\/uploads\/2024\/03\/3.7_Madre-2048x1365.jpg 2048w, https:\/\/www.foscarini.com\/wp-content\/uploads\/2024\/03\/3.7_Madre-800x533.jpg 800w\" alt=\"\" \/>\n                                                                        <\/div>\n                                        <div class=\"swiper-slide\">\n                                                    <img decoding=\"async\" class=\"full-cover\" src=\"https:\/\/www.foscarini.com\/wp-content\/uploads\/2024\/03\/3.9_Madre-150x150.jpg\" srcset=\"https:\/\/www.foscarini.com\/wp-content\/uploads\/2024\/03\/3.9_Madre-199x300.jpg 199w, https:\/\/www.foscarini.com\/wp-content\/uploads\/2024\/03\/3.9_Madre-678x1024.jpg 678w, https:\/\/www.foscarini.com\/wp-content\/uploads\/2024\/03\/3.9_Madre-768x1160.jpg 768w, https:\/\/www.foscarini.com\/wp-content\/uploads\/2024\/03\/3.9_Madre-800x1208.jpg 800w, https:\/\/www.foscarini.com\/wp-content\/uploads\/2024\/03\/3.9_Madre.jpg 980w\" alt=\"\" \/>\n                                                                        <\/div>\n                                        <div class=\"swiper-slide\">\n                                                    <img decoding=\"async\" class=\"full-cover\" src=\"https:\/\/www.foscarini.com\/wp-content\/uploads\/2024\/03\/3.10_Madre-150x150.jpg\" srcset=\"https:\/\/www.foscarini.com\/wp-content\/uploads\/2024\/03\/3.10_Madre-199x300.jpg 199w, https:\/\/www.foscarini.com\/wp-content\/uploads\/2024\/03\/3.10_Madre-678x1024.jpg 678w, https:\/\/www.foscarini.com\/wp-content\/uploads\/2024\/03\/3.10_Madre-768x1160.jpg 768w, https:\/\/www.foscarini.com\/wp-content\/uploads\/2024\/03\/3.10_Madre-800x1208.jpg 800w, https:\/\/www.foscarini.com\/wp-content\/uploads\/2024\/03\/3.10_Madre.jpg 980w\" alt=\"\" \/>\n                                                                        <\/div>\n                            <\/div>\n    <\/div>\n    <div class=\"swiper-scrollbar\"><\/div>\n    <div class=\"ct-arrow\">\n        <div class=\"swiper-button-prev\"><\/div>\n        <div class=\"swiper-button-next\"><\/div>\n    <\/div>\n<\/section><section class=\"concept__project_comunication full-height-vh\">\n    <div class=\"row row-large\">\n        <div class=\"medium-12 small-12 columns full-height no-padding-right-mobile\">\n            <div class=\"ct-image-text-lateral\">\n                <div class=\"ct-arrow\">\n                    <div class=\"swiper-button-prev\" aria-label=\"previous slide\"><\/div>\n                    <div class=\"swiper-button-next\" aria-label=\"next slide\"><\/div>\n                <\/div>\n                <span class=\"section-name-lateral\">Contenuti Editoriali<\/span>\n                <!-- Swiper -->\n                <div class=\"swiper-container swiper__concept__comunication\">\n                    <div class=\"swiper-wrapper\">\n                                                            <div class=\"swiper-slide\">\n                                        <div class=\"ct-slide\">\n                                                                                                <img decoding=\"async\" class=\"full-cover\" src=\"https:\/\/www.foscarini.com\/wp-content\/uploads\/2023\/12\/Inventario16-150x150.jpeg\" srcset=\"https:\/\/www.foscarini.com\/wp-content\/uploads\/2023\/12\/Inventario16-232x300.jpeg 232w, https:\/\/www.foscarini.com\/wp-content\/uploads\/2023\/12\/Inventario16-768x992.jpeg 768w, https:\/\/www.foscarini.com\/wp-content\/uploads\/2023\/12\/Inventario16-600x775.jpeg 600w, https:\/\/www.foscarini.com\/wp-content\/uploads\/2023\/12\/Inventario16.jpeg 776w\" alt=\"\" \/>\n                                                                                                <div class=\"ct-col-right\">\n                                                <div class=\"ct-link\">\n                                                    <a class=\"link-arrow\" href=\"https:\/\/www.foscarini.com\/inventario\/inventario-16\/\">Inventario \u00b016<\/a>\n                                                    <div class=\"text-1\"><p>Ogni nuovo numero di Inventario \u00e8 cibo per la mente con le inaspettate associazioni di idee che mettono in collegamento progetti, opere, oggetti, autori, invitandoci ad osservare la realt\u00e0 con una curiosit\u00e0 vera. Perch\u00e9, come scrive Stefano Salis \u201cogni cosa contiene sempre pi\u00f9 di ci\u00f2 che mostra\u201d.<\/p>\n<\/div>\n                                                <\/div>\n                                            <\/div>\n                                        <\/div>\n                                    <\/div>\n                                                        <\/div>\n                <\/div>\n            <\/div>\n        <\/div>\n    <\/div>\n<\/section><section class=\"bg__subtitle_and_link_and_text bg-full\" style=\"background-image: url(https:\/\/www.foscarini.com\/wp-content\/uploads\/2024\/03\/4.1_Madre-scaled.jpg);\">\n    <div class=\"row full-height-vh\">\n        <div class=\"medium-6 medium-offset-6 small-12 columns\">\n            <span class=\"subtitle\">VISUALIZZA ACCESO E SPENTO<\/span>\n        <\/div>\n        <div class=\"medium-6 medium-offset-6 small-12 columns align-self-bottom\">\n            <div class=\"ct-text\">\n                <a class=\"link-arrow title-little no-link\" href=\"\"><\/a>\n                <div class=\"text-2 js-heading\"><\/div>\n            <\/div>\n        <\/div>\n    <\/div>\n<\/section>","protected":false},"excerpt":{"rendered":"<p>La lampada da tavolo Madre \u00e8 un oggetto poetico e inasp [&hellip;]<\/p>\n","protected":false},"featured_media":468666,"comment_status":"open","ping_status":"closed","template":"","meta":{"_acf_changed":false},"product_cat":[648,714,884,5508,754],"product_tag":[],"materiale":[8149],"altezza":[7868],"larghezza":[7737],"profondita":[7968],"peso":[10129],"designer-prodotto":[8575],"class_list":{"0":"post-345243","1":"product","2":"type-product","3":"status-publish","4":"has-post-thumbnail","6":"product_cat-concetto-zh-hant","7":"product_cat-funzione-zh-hant","8":"product_cat-madre-concetto-zh-hant","9":"product_cat-madre-famiglia-zh-hant","10":"product_cat-tavolo-zh-hant","11":"materiale-vetro-e-vetro-soffiato-zh-hant","12":"altezza-14-34-zh-hant","13":"larghezza-13-34-zh-hant","14":"profondita-13-34-zh-hant","15":"peso-49-zh-hant","16":"designer-prodotto-andrea-anastasio-zh-hant","18":"first","19":"instock","20":"shipping-taxable","21":"purchasable","22":"product-type-variable"},"acf":{"preview_slider":{"titolo":"","testo":"","video_domanda":false,"link_video":""},"prodotto__immagine_preview":{"immagine":345244},"prodotto__slider":{"sottotitolo":"Andrea Anastasio (2019)","titolo":"La lampada da tavolo Madre \u00e8 un oggetto poetico e inaspettato. Il foro che interrompe il grande corpo luminoso al centro crea una visione magica e una luce unica. L'incavo superiore contiene un piccolo vaso dove \u00e8 possibile inserire dei rami per creare una elegante composizione.","immagini":[{"immagine":309490,"immagine_mobile":null}]},"prodotto__slider_preview":null,"prodotto__specifiche":{"selezione":null}},"yoast_head":"<!-- This site is optimized with the Yoast SEO Premium plugin v22.4 (Yoast SEO v23.7) - https:\/\/yoast.com\/wordpress\/plugins\/seo\/ -->\n<title>Madre - Foscarini<\/title>\n<meta name=\"robots\" content=\"index, follow, max-snippet:-1, max-image-preview:large, max-video-preview:-1\" \/>\n<meta property=\"og:locale\" content=\"zh_TW\" \/>\n<meta property=\"og:type\" content=\"article\" \/>\n<meta property=\"og:title\" content=\"Madre\" \/>\n<meta property=\"og:description\" content=\"La lampada da tavolo Madre \u00e8 un oggetto poetico e inasp [&hellip;]\" \/>\n<meta property=\"og:url\" content=\"https:\/\/www.foscarini.com\/zh-hant\/product\/madre-std-t-zh-hant\/\" \/>\n<meta property=\"og:site_name\" content=\"Foscarini\" \/>\n<meta property=\"article:modified_time\" content=\"2025-06-16T14:54:13+00:00\" \/>\n<meta property=\"og:image\" content=\"https:\/\/www.foscarini.com\/wp-content\/uploads\/2025\/06\/madre_t_white_22_786x865-2.jpg\" \/>\n\t<meta property=\"og:image:width\" content=\"786\" \/>\n\t<meta property=\"og:image:height\" content=\"865\" \/>\n\t<meta property=\"og:image:type\" content=\"image\/jpeg\" \/>\n<meta name=\"twitter:card\" content=\"summary_large_image\" \/>\n<script type=\"application\/ld+json\" class=\"yoast-schema-graph\">{\"@context\":\"https:\/\/schema.org\",\"@graph\":[{\"@type\":\"WebPage\",\"@id\":\"https:\/\/www.foscarini.com\/zh-hant\/product\/madre-std-t-zh-hant\/\",\"url\":\"https:\/\/www.foscarini.com\/zh-hant\/product\/madre-std-t-zh-hant\/\",\"name\":\"Madre - Foscarini\",\"isPartOf\":{\"@id\":\"https:\/\/www.foscarini.com\/#website\"},\"primaryImageOfPage\":{\"@id\":\"https:\/\/www.foscarini.com\/zh-hant\/product\/madre-std-t-zh-hant\/#primaryimage\"},\"image\":{\"@id\":\"https:\/\/www.foscarini.com\/zh-hant\/product\/madre-std-t-zh-hant\/#primaryimage\"},\"thumbnailUrl\":\"https:\/\/www.foscarini.com\/wp-content\/uploads\/2025\/06\/madre_t_white_22_786x865-3.jpg\",\"datePublished\":\"2024-03-28T18:07:29+00:00\",\"dateModified\":\"2025-06-16T14:54:13+00:00\",\"breadcrumb\":{\"@id\":\"https:\/\/www.foscarini.com\/zh-hant\/product\/madre-std-t-zh-hant\/#breadcrumb\"},\"inLanguage\":\"zh-TW\",\"potentialAction\":[{\"@type\":\"ReadAction\",\"target\":[\"https:\/\/www.foscarini.com\/zh-hant\/product\/madre-std-t-zh-hant\/\"]}]},{\"@type\":\"ImageObject\",\"inLanguage\":\"zh-TW\",\"@id\":\"https:\/\/www.foscarini.com\/zh-hant\/product\/madre-std-t-zh-hant\/#primaryimage\",\"url\":\"https:\/\/www.foscarini.com\/wp-content\/uploads\/2025\/06\/madre_t_white_22_786x865-3.jpg\",\"contentUrl\":\"https:\/\/www.foscarini.com\/wp-content\/uploads\/2025\/06\/madre_t_white_22_786x865-3.jpg\",\"width\":786,\"height\":865},{\"@type\":\"BreadcrumbList\",\"@id\":\"https:\/\/www.foscarini.com\/zh-hant\/product\/madre-std-t-zh-hant\/#breadcrumb\",\"itemListElement\":[{\"@type\":\"ListItem\",\"position\":1,\"name\":\"Home\",\"item\":\"https:\/\/www.foscarini.com\/\"},{\"@type\":\"ListItem\",\"position\":2,\"name\":\"Negozio\",\"item\":\"https:\/\/www.foscarini.com\/shop\/\"},{\"@type\":\"ListItem\",\"position\":3,\"name\":\"Madre\"}]},{\"@type\":\"WebSite\",\"@id\":\"https:\/\/www.foscarini.com\/#website\",\"url\":\"https:\/\/www.foscarini.com\/\",\"name\":\"Foscarini\",\"description\":\"\",\"potentialAction\":[{\"@type\":\"SearchAction\",\"target\":{\"@type\":\"EntryPoint\",\"urlTemplate\":\"https:\/\/www.foscarini.com\/?s={search_term_string}\"},\"query-input\":{\"@type\":\"PropertyValueSpecification\",\"valueRequired\":true,\"valueName\":\"search_term_string\"}}],\"inLanguage\":\"zh-TW\"}]}<\/script>\n<!-- \/ Yoast SEO Premium plugin. -->","yoast_head_json":{"title":"Madre - Foscarini","robots":{"index":"index","follow":"follow","max-snippet":"max-snippet:-1","max-image-preview":"max-image-preview:large","max-video-preview":"max-video-preview:-1"},"og_locale":"zh_TW","og_type":"article","og_title":"Madre","og_description":"La lampada da tavolo Madre \u00e8 un oggetto poetico e inasp [&hellip;]","og_url":"https:\/\/www.foscarini.com\/zh-hant\/product\/madre-std-t-zh-hant\/","og_site_name":"Foscarini","article_modified_time":"2025-06-16T14:54:13+00:00","og_image":[{"width":786,"height":865,"url":"https:\/\/www.foscarini.com\/wp-content\/uploads\/2025\/06\/madre_t_white_22_786x865-2.jpg","type":"image\/jpeg"}],"twitter_card":"summary_large_image","schema":{"@context":"https:\/\/schema.org","@graph":[{"@type":"WebPage","@id":"https:\/\/www.foscarini.com\/zh-hant\/product\/madre-std-t-zh-hant\/","url":"https:\/\/www.foscarini.com\/zh-hant\/product\/madre-std-t-zh-hant\/","name":"Madre - Foscarini","isPartOf":{"@id":"https:\/\/www.foscarini.com\/#website"},"primaryImageOfPage":{"@id":"https:\/\/www.foscarini.com\/zh-hant\/product\/madre-std-t-zh-hant\/#primaryimage"},"image":{"@id":"https:\/\/www.foscarini.com\/zh-hant\/product\/madre-std-t-zh-hant\/#primaryimage"},"thumbnailUrl":"https:\/\/www.foscarini.com\/wp-content\/uploads\/2025\/06\/madre_t_white_22_786x865-3.jpg","datePublished":"2024-03-28T18:07:29+00:00","dateModified":"2025-06-16T14:54:13+00:00","breadcrumb":{"@id":"https:\/\/www.foscarini.com\/zh-hant\/product\/madre-std-t-zh-hant\/#breadcrumb"},"inLanguage":"zh-TW","potentialAction":[{"@type":"ReadAction","target":["https:\/\/www.foscarini.com\/zh-hant\/product\/madre-std-t-zh-hant\/"]}]},{"@type":"ImageObject","inLanguage":"zh-TW","@id":"https:\/\/www.foscarini.com\/zh-hant\/product\/madre-std-t-zh-hant\/#primaryimage","url":"https:\/\/www.foscarini.com\/wp-content\/uploads\/2025\/06\/madre_t_white_22_786x865-3.jpg","contentUrl":"https:\/\/www.foscarini.com\/wp-content\/uploads\/2025\/06\/madre_t_white_22_786x865-3.jpg","width":786,"height":865},{"@type":"BreadcrumbList","@id":"https:\/\/www.foscarini.com\/zh-hant\/product\/madre-std-t-zh-hant\/#breadcrumb","itemListElement":[{"@type":"ListItem","position":1,"name":"Home","item":"https:\/\/www.foscarini.com\/"},{"@type":"ListItem","position":2,"name":"Negozio","item":"https:\/\/www.foscarini.com\/shop\/"},{"@type":"ListItem","position":3,"name":"Madre"}]},{"@type":"WebSite","@id":"https:\/\/www.foscarini.com\/#website","url":"https:\/\/www.foscarini.com\/","name":"Foscarini","description":"","potentialAction":[{"@type":"SearchAction","target":{"@type":"EntryPoint","urlTemplate":"https:\/\/www.foscarini.com\/?s={search_term_string}"},"query-input":{"@type":"PropertyValueSpecification","valueRequired":true,"valueName":"search_term_string"}}],"inLanguage":"zh-TW"}]}},"_links":{"self":[{"href":"https:\/\/www.foscarini.com\/zh-hant\/wp-json\/wp\/v2\/product\/345243"}],"collection":[{"href":"https:\/\/www.foscarini.com\/zh-hant\/wp-json\/wp\/v2\/product"}],"about":[{"href":"https:\/\/www.foscarini.com\/zh-hant\/wp-json\/wp\/v2\/types\/product"}],"replies":[{"embeddable":true,"href":"https:\/\/www.foscarini.com\/zh-hant\/wp-json\/wp\/v2\/comments?post=345243"}],"wp:featuredmedia":[{"embeddable":true,"href":"https:\/\/www.foscarini.com\/zh-hant\/wp-json\/wp\/v2\/media\/468666"}],"wp:attachment":[{"href":"https:\/\/www.foscarini.com\/zh-hant\/wp-json\/wp\/v2\/media?parent=345243"}],"wp:term":[{"taxonomy":"product_cat","embeddable":true,"href":"https:\/\/www.foscarini.com\/zh-hant\/wp-json\/wp\/v2\/product_cat?post=345243"},{"taxonomy":"product_tag","embeddable":true,"href":"https:\/\/www.foscarini.com\/zh-hant\/wp-json\/wp\/v2\/product_tag?post=345243"},{"taxonomy":"materiale","embeddable":true,"href":"https:\/\/www.foscarini.com\/zh-hant\/wp-json\/wp\/v2\/materiale?post=345243"},{"taxonomy":"altezza","embeddable":true,"href":"https:\/\/www.foscarini.com\/zh-hant\/wp-json\/wp\/v2\/altezza?post=345243"},{"taxonomy":"larghezza","embeddable":true,"href":"https:\/\/www.foscarini.com\/zh-hant\/wp-json\/wp\/v2\/larghezza?post=345243"},{"taxonomy":"profondita","embeddable":true,"href":"https:\/\/www.foscarini.com\/zh-hant\/wp-json\/wp\/v2\/profondita?post=345243"},{"taxonomy":"peso","embeddable":true,"href":"https:\/\/www.foscarini.com\/zh-hant\/wp-json\/wp\/v2\/peso?post=345243"},{"taxonomy":"designer-prodotto","embeddable":true,"href":"https:\/\/www.foscarini.com\/zh-hant\/wp-json\/wp\/v2\/designer-prodotto?post=345243"}],"curies":[{"name":"wp","href":"https:\/\/api.w.org\/{rel}","templated":true}]}}