{"id":342682,"date":"2024-03-28T17:57:10","date_gmt":"2024-03-28T17:57:10","guid":{"rendered":"https:\/\/www.foscarini.com\/product\/dolmen-std-f-zh-hant\/"},"modified":"2025-09-15T08:40:54","modified_gmt":"2025-09-15T08:40:54","slug":"dolmen-std-f-zh-hant","status":"publish","type":"product","link":"https:\/\/www.foscarini.com\/zh-hant\/product\/dolmen-std-f-zh-hant\/","title":{"rendered":"Dolmen"},"content":{"rendered":"<p>Come un quadro in una galleria d&#8217;arte o una scultura domestica, la lampada da terra a LED Dolmen si appoggia alla parete, diffondendo una luce riflessa sul muro e un&#8217;illuminazione diretta nell&#8217;ambiente.<\/p><section class=\"pdp__slider full-height-vh\">\n    <div class=\"swiper-container swiper__pdp\">\n        <div class=\"swiper-wrapper full-height\">\n                                <div class=\"swiper-slide\">\n                                                    <img decoding=\"async\" class=\"full-cover\" src=\"https:\/\/www.foscarini.com\/wp-content\/uploads\/2024\/03\/3.1_Dolmen-150x150.jpg\" srcset=\"https:\/\/www.foscarini.com\/wp-content\/uploads\/2024\/03\/3.1_Dolmen-300x200.jpg 300w, https:\/\/www.foscarini.com\/wp-content\/uploads\/2024\/03\/3.1_Dolmen-1024x683.jpg 1024w, https:\/\/www.foscarini.com\/wp-content\/uploads\/2024\/03\/3.1_Dolmen-768x512.jpg 768w, https:\/\/www.foscarini.com\/wp-content\/uploads\/2024\/03\/3.1_Dolmen-1536x1024.jpg 1536w, https:\/\/www.foscarini.com\/wp-content\/uploads\/2024\/03\/3.1_Dolmen-2048x1365.jpg 2048w, https:\/\/www.foscarini.com\/wp-content\/uploads\/2024\/03\/3.1_Dolmen-800x533.jpg 800w\" alt=\"\" \/>\n                                                                        <\/div>\n                                        <div class=\"swiper-slide\">\n                                                    <img decoding=\"async\" class=\"full-cover\" src=\"https:\/\/www.foscarini.com\/wp-content\/uploads\/2024\/03\/3.4_Dolmen-150x150.jpg\" srcset=\"https:\/\/www.foscarini.com\/wp-content\/uploads\/2024\/03\/3.4_Dolmen-199x300.jpg 199w, https:\/\/www.foscarini.com\/wp-content\/uploads\/2024\/03\/3.4_Dolmen-678x1024.jpg 678w, https:\/\/www.foscarini.com\/wp-content\/uploads\/2024\/03\/3.4_Dolmen-768x1160.jpg 768w, https:\/\/www.foscarini.com\/wp-content\/uploads\/2024\/03\/3.4_Dolmen-800x1208.jpg 800w, https:\/\/www.foscarini.com\/wp-content\/uploads\/2024\/03\/3.4_Dolmen.jpg 980w\" alt=\"\" \/>\n                                                                        <\/div>\n                                        <div class=\"swiper-slide\">\n                                                    <img decoding=\"async\" class=\"full-cover\" src=\"https:\/\/www.foscarini.com\/wp-content\/uploads\/2024\/03\/3.8_Dolmen-150x150.jpg\" srcset=\"https:\/\/www.foscarini.com\/wp-content\/uploads\/2024\/03\/3.8_Dolmen-300x200.jpg 300w, https:\/\/www.foscarini.com\/wp-content\/uploads\/2024\/03\/3.8_Dolmen-1024x683.jpg 1024w, https:\/\/www.foscarini.com\/wp-content\/uploads\/2024\/03\/3.8_Dolmen-768x512.jpg 768w, https:\/\/www.foscarini.com\/wp-content\/uploads\/2024\/03\/3.8_Dolmen-1536x1024.jpg 1536w, https:\/\/www.foscarini.com\/wp-content\/uploads\/2024\/03\/3.8_Dolmen-2048x1365.jpg 2048w, https:\/\/www.foscarini.com\/wp-content\/uploads\/2024\/03\/3.8_Dolmen-800x533.jpg 800w\" alt=\"\" \/>\n                                                                        <\/div>\n                                        <div class=\"swiper-slide\">\n                                                    <img decoding=\"async\" class=\"full-cover\" src=\"https:\/\/www.foscarini.com\/wp-content\/uploads\/2024\/03\/3.9_Dolmen-150x150.jpg\" srcset=\"https:\/\/www.foscarini.com\/wp-content\/uploads\/2024\/03\/3.9_Dolmen-254x300.jpg 254w, https:\/\/www.foscarini.com\/wp-content\/uploads\/2024\/03\/3.9_Dolmen-867x1024.jpg 867w, https:\/\/www.foscarini.com\/wp-content\/uploads\/2024\/03\/3.9_Dolmen-768x907.jpg 768w, https:\/\/www.foscarini.com\/wp-content\/uploads\/2024\/03\/3.9_Dolmen-800x945.jpg 800w, https:\/\/www.foscarini.com\/wp-content\/uploads\/2024\/03\/3.9_Dolmen.jpg 1253w\" alt=\"\" \/>\n                                                                        <\/div>\n                                        <div class=\"swiper-slide\">\n                                                    <img decoding=\"async\" class=\"full-cover\" src=\"https:\/\/www.foscarini.com\/wp-content\/uploads\/2024\/03\/3.10_Dolmen-150x150.jpg\" srcset=\"https:\/\/www.foscarini.com\/wp-content\/uploads\/2024\/03\/3.10_Dolmen-199x300.jpg 199w, https:\/\/www.foscarini.com\/wp-content\/uploads\/2024\/03\/3.10_Dolmen-678x1024.jpg 678w, https:\/\/www.foscarini.com\/wp-content\/uploads\/2024\/03\/3.10_Dolmen-768x1160.jpg 768w, https:\/\/www.foscarini.com\/wp-content\/uploads\/2024\/03\/3.10_Dolmen-800x1208.jpg 800w, https:\/\/www.foscarini.com\/wp-content\/uploads\/2024\/03\/3.10_Dolmen.jpg 980w\" alt=\"\" \/>\n                                                                        <\/div>\n                            <\/div>\n    <\/div>\n    <div class=\"swiper-scrollbar\"><\/div>\n    <div class=\"ct-arrow\">\n        <div class=\"swiper-button-prev\"><\/div>\n        <div class=\"swiper-button-next\"><\/div>\n    <\/div>\n<\/section><section class=\"concept__project_comunication full-height-vh\">\n    <div class=\"row row-large\">\n        <div class=\"medium-12 small-12 columns full-height no-padding-right-mobile\">\n            <div class=\"ct-image-text-lateral\">\n                <div class=\"ct-arrow\">\n                    <div class=\"swiper-button-prev\" aria-label=\"previous slide\"><\/div>\n                    <div class=\"swiper-button-next\" aria-label=\"next slide\"><\/div>\n                <\/div>\n                <span class=\"section-name-lateral\">Contenuti Editoriali<\/span>\n                <!-- Swiper -->\n                <div class=\"swiper-container swiper__concept__comunication\">\n                    <div class=\"swiper-wrapper\">\n                                                            <div class=\"swiper-slide\">\n                                        <div class=\"ct-slide\">\n                                                                                                <img decoding=\"async\" class=\"full-cover\" src=\"https:\/\/www.foscarini.com\/wp-content\/uploads\/2023\/12\/cover-notturno-laviani-150x150.jpeg\" srcset=\"https:\/\/www.foscarini.com\/wp-content\/uploads\/2023\/12\/cover-notturno-laviani-300x167.jpeg 300w, https:\/\/www.foscarini.com\/wp-content\/uploads\/2023\/12\/cover-notturno-laviani-scaled-800x444.jpeg 800w, https:\/\/www.foscarini.com\/wp-content\/uploads\/2023\/12\/cover-notturno-laviani-1024x569.jpeg 1024w, https:\/\/www.foscarini.com\/wp-content\/uploads\/2023\/12\/cover-notturno-laviani-768x427.jpeg 768w, https:\/\/www.foscarini.com\/wp-content\/uploads\/2023\/12\/cover-notturno-laviani-1536x853.jpeg 1536w, https:\/\/www.foscarini.com\/wp-content\/uploads\/2023\/12\/cover-notturno-laviani-2048x1138.jpeg 2048w\" alt=\"\" \/>\n                                                                                                <div class=\"ct-col-right\">\n                                                <div class=\"ct-link\">\n                                                    <a class=\"link-arrow\" href=\"https:\/\/www.foscarini.com\/notturno-laviani-gianluca-vassallo-interpreta-ferruccio-laviani\/\">Notturno Laviani: Gianluca Vassallo interpreta Ferruccio Laviani<\/a>\n                                                    <div class=\"text-1\"><p>Quattordici scatti in cui le lampade-scultura che Ferruccio Laviani ha disegnato per Foscarini dal 1992 al 2022 abitano spazi alieni.<\/p>\n<\/div>\n                                                <\/div>\n                                            <\/div>\n                                        <\/div>\n                                    <\/div>\n                                                                        <div class=\"swiper-slide\">\n                                        <div class=\"ct-slide\">\n                                                                                                <img decoding=\"async\" class=\"full-cover\" src=\"https:\/\/www.foscarini.com\/wp-content\/uploads\/2023\/12\/Modulo1_30Laviani-150x150.jpg\" srcset=\"https:\/\/www.foscarini.com\/wp-content\/uploads\/2023\/12\/Modulo1_30Laviani-300x194.jpg 300w, https:\/\/www.foscarini.com\/wp-content\/uploads\/2023\/12\/Modulo1_30Laviani-800x518.jpg 800w, https:\/\/www.foscarini.com\/wp-content\/uploads\/2023\/12\/Modulo1_30Laviani-1024x663.jpg 1024w, https:\/\/www.foscarini.com\/wp-content\/uploads\/2023\/12\/Modulo1_30Laviani-768x498.jpg 768w, https:\/\/www.foscarini.com\/wp-content\/uploads\/2023\/12\/Modulo1_30Laviani-1536x995.jpg 1536w, https:\/\/www.foscarini.com\/wp-content\/uploads\/2023\/12\/Modulo1_30Laviani-2048x1327.jpg 2048w\" alt=\"\" \/>\n                                                                                                <div class=\"ct-col-right\">\n                                                <div class=\"ct-link\">\n                                                    <a class=\"link-arrow\" href=\"https:\/\/www.foscarini.com\/30-anni-di-liberta-creativa\/\">30 anni di libert\u00e0 creativa<\/a>\n                                                    <div class=\"text-1\"><p>Un&#8217;intervista con Ferruccio Laviani celebra trent&#8217;anni di collaborazione tra prodotto, store design e installazioni<\/p>\n<\/div>\n                                                <\/div>\n                                            <\/div>\n                                        <\/div>\n                                    <\/div>\n                                                                        <div class=\"swiper-slide\">\n                                        <div class=\"ct-slide\">\n                                                                                                <img decoding=\"async\" class=\"full-cover\" src=\"https:\/\/www.foscarini.com\/wp-content\/uploads\/2024\/05\/gastone-foscarini-whats-in-a-lamp-150x150.jpg\" srcset=\"https:\/\/www.foscarini.com\/wp-content\/uploads\/2024\/05\/gastone-foscarini-whats-in-a-lamp-300x220.jpg 300w, https:\/\/www.foscarini.com\/wp-content\/uploads\/2024\/05\/gastone-foscarini-whats-in-a-lamp-1024x752.jpg 1024w, https:\/\/www.foscarini.com\/wp-content\/uploads\/2024\/05\/gastone-foscarini-whats-in-a-lamp-768x564.jpg 768w, https:\/\/www.foscarini.com\/wp-content\/uploads\/2024\/05\/gastone-foscarini-whats-in-a-lamp-1536x1128.jpg 1536w, https:\/\/www.foscarini.com\/wp-content\/uploads\/2024\/05\/gastone-foscarini-whats-in-a-lamp-800x587.jpg 800w, https:\/\/www.foscarini.com\/wp-content\/uploads\/2024\/05\/gastone-foscarini-whats-in-a-lamp.jpg 1640w\" alt=\"\" \/>\n                                                                                                <div class=\"ct-col-right\">\n                                                <div class=\"ct-link\">\n                                                    <a class=\"link-arrow\" href=\"https:\/\/www.foscarini.com\/francesca-gastone-whatsinalamp\/\">Lampade che creano micro-mondi surreali nei collage di Francesca Gastone<\/a>\n                                                    <div class=\"text-1\"><p>Francesca Gastone ha un talento nel mescolare elementi della realt\u00e0 in straordinarie opere di digital collage che ispirano stupore e gioia. Nella sua serie per &#8220;What&#8217;s in a lamp?&#8221;, le lampade Foscarini diventano l\u2019elemento propulsore di suggestivi micro-mondi, in cui si creano ed animano scene di vita quotidiana.<\/p>\n<\/div>\n                                                <\/div>\n                                            <\/div>\n                                        <\/div>\n                                    <\/div>\n                                                                        <div class=\"swiper-slide\">\n                                        <div class=\"ct-slide\">\n                                                                                                <img decoding=\"async\" class=\"full-cover\" src=\"https:\/\/www.foscarini.com\/wp-content\/uploads\/2023\/12\/Inventario16-150x150.jpeg\" srcset=\"https:\/\/www.foscarini.com\/wp-content\/uploads\/2023\/12\/Inventario16-232x300.jpeg 232w, https:\/\/www.foscarini.com\/wp-content\/uploads\/2023\/12\/Inventario16-768x992.jpeg 768w, https:\/\/www.foscarini.com\/wp-content\/uploads\/2023\/12\/Inventario16-600x775.jpeg 600w, https:\/\/www.foscarini.com\/wp-content\/uploads\/2023\/12\/Inventario16.jpeg 776w\" alt=\"\" \/>\n                                                                                                <div class=\"ct-col-right\">\n                                                <div class=\"ct-link\">\n                                                    <a class=\"link-arrow\" href=\"https:\/\/www.foscarini.com\/inventario\/inventario-16\/\">Inventario \u00b016<\/a>\n                                                    <div class=\"text-1\"><p>Ogni nuovo numero di Inventario \u00e8 cibo per la mente con le inaspettate associazioni di idee che mettono in collegamento progetti, opere, oggetti, autori, invitandoci ad osservare la realt\u00e0 con una curiosit\u00e0 vera. Perch\u00e9, come scrive Stefano Salis \u201cogni cosa contiene sempre pi\u00f9 di ci\u00f2 che mostra\u201d.<\/p>\n<\/div>\n                                                <\/div>\n                                            <\/div>\n                                        <\/div>\n                                    <\/div>\n                                                        <\/div>\n                <\/div>\n            <\/div>\n        <\/div>\n    <\/div>\n<\/section>","protected":false},"excerpt":{"rendered":"<p>Come un quadro in una galleria d&#8217;arte o una scult [&hellip;]<\/p>\n","protected":false},"featured_media":446036,"comment_status":"open","ping_status":"closed","template":"","meta":{"_acf_changed":false},"product_cat":[648,997,5400,714,757],"product_tag":[],"materiale":[8422],"altezza":[9101],"larghezza":[10183],"profondita":[10088],"peso":[8150],"designer-prodotto":[7151],"class_list":{"0":"post-342682","1":"product","2":"type-product","3":"status-publish","4":"has-post-thumbnail","6":"product_cat-concetto-zh-hant","7":"product_cat-dolmen-concetto-zh-hant","8":"product_cat-dolmen-famiglia-zh-hant","9":"product_cat-funzione-zh-hant","10":"product_cat-terra-zh-hant","11":"materiale-acciaio-e-metallo-zh-hant","12":"altezza-180-zh-hant","13":"larghezza-40-zh-hant","14":"profondita-4-zh-hant","15":"peso-11-2-zh-hant","16":"designer-prodotto-ferruccio-laviani-zh-hant","18":"first","19":"instock","20":"shipping-taxable","21":"purchasable","22":"product-type-variable"},"acf":{"preview_slider":{"titolo":"","testo":"","video_domanda":false,"link_video":""},"prodotto__immagine_preview":{"immagine":342683},"prodotto__slider":{"sottotitolo":"Ferruccio Laviani (2017)","titolo":"Come un quadro in una galleria d'arte o una scultura domestica, la lampada da terra a LED Dolmen si appoggia alla parete, diffondendo una luce riflessa sul muro e un'illuminazione diretta nell'ambiente.","immagini":[{"immagine":309398,"immagine_mobile":null}]},"prodotto__slider_preview":null,"prodotto__specifiche":{"selezione":null}},"yoast_head":"<!-- This site is optimized with the Yoast SEO Premium plugin v22.4 (Yoast SEO v23.7) - https:\/\/yoast.com\/wordpress\/plugins\/seo\/ -->\n<title>Dolmen - Foscarini<\/title>\n<meta name=\"robots\" content=\"index, follow, max-snippet:-1, max-image-preview:large, max-video-preview:-1\" \/>\n<meta property=\"og:locale\" content=\"zh_TW\" \/>\n<meta property=\"og:type\" content=\"article\" \/>\n<meta property=\"og:title\" content=\"Dolmen\" \/>\n<meta property=\"og:description\" content=\"Come un quadro in una galleria d&#8217;arte o una scult [&hellip;]\" \/>\n<meta property=\"og:url\" content=\"https:\/\/www.foscarini.com\/zh-hant\/product\/dolmen-std-f-zh-hant\/\" \/>\n<meta property=\"og:site_name\" content=\"Foscarini\" \/>\n<meta property=\"article:modified_time\" content=\"2025-09-15T08:40:54+00:00\" \/>\n<meta property=\"og:image\" content=\"https:\/\/www.foscarini.com\/wp-content\/uploads\/2025\/06\/dolmen_f_alluminium_22_786x865-1.jpg\" \/>\n\t<meta property=\"og:image:width\" content=\"786\" \/>\n\t<meta property=\"og:image:height\" content=\"865\" \/>\n\t<meta property=\"og:image:type\" content=\"image\/jpeg\" \/>\n<meta name=\"twitter:card\" content=\"summary_large_image\" \/>\n<script type=\"application\/ld+json\" class=\"yoast-schema-graph\">{\"@context\":\"https:\/\/schema.org\",\"@graph\":[{\"@type\":\"WebPage\",\"@id\":\"https:\/\/www.foscarini.com\/zh-hant\/product\/dolmen-std-f-zh-hant\/\",\"url\":\"https:\/\/www.foscarini.com\/zh-hant\/product\/dolmen-std-f-zh-hant\/\",\"name\":\"Dolmen - Foscarini\",\"isPartOf\":{\"@id\":\"https:\/\/www.foscarini.com\/#website\"},\"primaryImageOfPage\":{\"@id\":\"https:\/\/www.foscarini.com\/zh-hant\/product\/dolmen-std-f-zh-hant\/#primaryimage\"},\"image\":{\"@id\":\"https:\/\/www.foscarini.com\/zh-hant\/product\/dolmen-std-f-zh-hant\/#primaryimage\"},\"thumbnailUrl\":\"https:\/\/www.foscarini.com\/wp-content\/uploads\/2025\/06\/dolmen_f_alluminium_22_786x865-1.jpg\",\"datePublished\":\"2024-03-28T17:57:10+00:00\",\"dateModified\":\"2025-09-15T08:40:54+00:00\",\"breadcrumb\":{\"@id\":\"https:\/\/www.foscarini.com\/zh-hant\/product\/dolmen-std-f-zh-hant\/#breadcrumb\"},\"inLanguage\":\"zh-TW\",\"potentialAction\":[{\"@type\":\"ReadAction\",\"target\":[\"https:\/\/www.foscarini.com\/zh-hant\/product\/dolmen-std-f-zh-hant\/\"]}]},{\"@type\":\"ImageObject\",\"inLanguage\":\"zh-TW\",\"@id\":\"https:\/\/www.foscarini.com\/zh-hant\/product\/dolmen-std-f-zh-hant\/#primaryimage\",\"url\":\"https:\/\/www.foscarini.com\/wp-content\/uploads\/2025\/06\/dolmen_f_alluminium_22_786x865-1.jpg\",\"contentUrl\":\"https:\/\/www.foscarini.com\/wp-content\/uploads\/2025\/06\/dolmen_f_alluminium_22_786x865-1.jpg\",\"width\":786,\"height\":865},{\"@type\":\"BreadcrumbList\",\"@id\":\"https:\/\/www.foscarini.com\/zh-hant\/product\/dolmen-std-f-zh-hant\/#breadcrumb\",\"itemListElement\":[{\"@type\":\"ListItem\",\"position\":1,\"name\":\"Home\",\"item\":\"https:\/\/www.foscarini.com\/\"},{\"@type\":\"ListItem\",\"position\":2,\"name\":\"Negozio\",\"item\":\"https:\/\/www.foscarini.com\/shop\/\"},{\"@type\":\"ListItem\",\"position\":3,\"name\":\"Dolmen\"}]},{\"@type\":\"WebSite\",\"@id\":\"https:\/\/www.foscarini.com\/#website\",\"url\":\"https:\/\/www.foscarini.com\/\",\"name\":\"Foscarini\",\"description\":\"\",\"potentialAction\":[{\"@type\":\"SearchAction\",\"target\":{\"@type\":\"EntryPoint\",\"urlTemplate\":\"https:\/\/www.foscarini.com\/?s={search_term_string}\"},\"query-input\":{\"@type\":\"PropertyValueSpecification\",\"valueRequired\":true,\"valueName\":\"search_term_string\"}}],\"inLanguage\":\"zh-TW\"}]}<\/script>\n<!-- \/ Yoast SEO Premium plugin. -->","yoast_head_json":{"title":"Dolmen - Foscarini","robots":{"index":"index","follow":"follow","max-snippet":"max-snippet:-1","max-image-preview":"max-image-preview:large","max-video-preview":"max-video-preview:-1"},"og_locale":"zh_TW","og_type":"article","og_title":"Dolmen","og_description":"Come un quadro in una galleria d&#8217;arte o una scult [&hellip;]","og_url":"https:\/\/www.foscarini.com\/zh-hant\/product\/dolmen-std-f-zh-hant\/","og_site_name":"Foscarini","article_modified_time":"2025-09-15T08:40:54+00:00","og_image":[{"width":786,"height":865,"url":"https:\/\/www.foscarini.com\/wp-content\/uploads\/2025\/06\/dolmen_f_alluminium_22_786x865-1.jpg","type":"image\/jpeg"}],"twitter_card":"summary_large_image","schema":{"@context":"https:\/\/schema.org","@graph":[{"@type":"WebPage","@id":"https:\/\/www.foscarini.com\/zh-hant\/product\/dolmen-std-f-zh-hant\/","url":"https:\/\/www.foscarini.com\/zh-hant\/product\/dolmen-std-f-zh-hant\/","name":"Dolmen - Foscarini","isPartOf":{"@id":"https:\/\/www.foscarini.com\/#website"},"primaryImageOfPage":{"@id":"https:\/\/www.foscarini.com\/zh-hant\/product\/dolmen-std-f-zh-hant\/#primaryimage"},"image":{"@id":"https:\/\/www.foscarini.com\/zh-hant\/product\/dolmen-std-f-zh-hant\/#primaryimage"},"thumbnailUrl":"https:\/\/www.foscarini.com\/wp-content\/uploads\/2025\/06\/dolmen_f_alluminium_22_786x865-1.jpg","datePublished":"2024-03-28T17:57:10+00:00","dateModified":"2025-09-15T08:40:54+00:00","breadcrumb":{"@id":"https:\/\/www.foscarini.com\/zh-hant\/product\/dolmen-std-f-zh-hant\/#breadcrumb"},"inLanguage":"zh-TW","potentialAction":[{"@type":"ReadAction","target":["https:\/\/www.foscarini.com\/zh-hant\/product\/dolmen-std-f-zh-hant\/"]}]},{"@type":"ImageObject","inLanguage":"zh-TW","@id":"https:\/\/www.foscarini.com\/zh-hant\/product\/dolmen-std-f-zh-hant\/#primaryimage","url":"https:\/\/www.foscarini.com\/wp-content\/uploads\/2025\/06\/dolmen_f_alluminium_22_786x865-1.jpg","contentUrl":"https:\/\/www.foscarini.com\/wp-content\/uploads\/2025\/06\/dolmen_f_alluminium_22_786x865-1.jpg","width":786,"height":865},{"@type":"BreadcrumbList","@id":"https:\/\/www.foscarini.com\/zh-hant\/product\/dolmen-std-f-zh-hant\/#breadcrumb","itemListElement":[{"@type":"ListItem","position":1,"name":"Home","item":"https:\/\/www.foscarini.com\/"},{"@type":"ListItem","position":2,"name":"Negozio","item":"https:\/\/www.foscarini.com\/shop\/"},{"@type":"ListItem","position":3,"name":"Dolmen"}]},{"@type":"WebSite","@id":"https:\/\/www.foscarini.com\/#website","url":"https:\/\/www.foscarini.com\/","name":"Foscarini","description":"","potentialAction":[{"@type":"SearchAction","target":{"@type":"EntryPoint","urlTemplate":"https:\/\/www.foscarini.com\/?s={search_term_string}"},"query-input":{"@type":"PropertyValueSpecification","valueRequired":true,"valueName":"search_term_string"}}],"inLanguage":"zh-TW"}]}},"_links":{"self":[{"href":"https:\/\/www.foscarini.com\/zh-hant\/wp-json\/wp\/v2\/product\/342682"}],"collection":[{"href":"https:\/\/www.foscarini.com\/zh-hant\/wp-json\/wp\/v2\/product"}],"about":[{"href":"https:\/\/www.foscarini.com\/zh-hant\/wp-json\/wp\/v2\/types\/product"}],"replies":[{"embeddable":true,"href":"https:\/\/www.foscarini.com\/zh-hant\/wp-json\/wp\/v2\/comments?post=342682"}],"wp:featuredmedia":[{"embeddable":true,"href":"https:\/\/www.foscarini.com\/zh-hant\/wp-json\/wp\/v2\/media\/446036"}],"wp:attachment":[{"href":"https:\/\/www.foscarini.com\/zh-hant\/wp-json\/wp\/v2\/media?parent=342682"}],"wp:term":[{"taxonomy":"product_cat","embeddable":true,"href":"https:\/\/www.foscarini.com\/zh-hant\/wp-json\/wp\/v2\/product_cat?post=342682"},{"taxonomy":"product_tag","embeddable":true,"href":"https:\/\/www.foscarini.com\/zh-hant\/wp-json\/wp\/v2\/product_tag?post=342682"},{"taxonomy":"materiale","embeddable":true,"href":"https:\/\/www.foscarini.com\/zh-hant\/wp-json\/wp\/v2\/materiale?post=342682"},{"taxonomy":"altezza","embeddable":true,"href":"https:\/\/www.foscarini.com\/zh-hant\/wp-json\/wp\/v2\/altezza?post=342682"},{"taxonomy":"larghezza","embeddable":true,"href":"https:\/\/www.foscarini.com\/zh-hant\/wp-json\/wp\/v2\/larghezza?post=342682"},{"taxonomy":"profondita","embeddable":true,"href":"https:\/\/www.foscarini.com\/zh-hant\/wp-json\/wp\/v2\/profondita?post=342682"},{"taxonomy":"peso","embeddable":true,"href":"https:\/\/www.foscarini.com\/zh-hant\/wp-json\/wp\/v2\/peso?post=342682"},{"taxonomy":"designer-prodotto","embeddable":true,"href":"https:\/\/www.foscarini.com\/zh-hant\/wp-json\/wp\/v2\/designer-prodotto?post=342682"}],"curies":[{"name":"wp","href":"https:\/\/api.w.org\/{rel}","templated":true}]}}