{"id":448540,"date":"2025-06-10T15:33:08","date_gmt":"2025-06-10T15:33:08","guid":{"rendered":"https:\/\/www.foscarini.com\/product\/twiggy-wood-lettura-twiggy-lettura-r-fr\/"},"modified":"2025-06-11T15:53:53","modified_gmt":"2025-06-11T15:53:53","slug":"twiggy-wood-lettura-twiggy-lettura-r-fr","status":"publish","type":"product","link":"https:\/\/www.foscarini.com\/fr\/produit\/twiggy-wood-lettura-twiggy-lettura-r-fr\/","title":{"rendered":"Twiggy Wood Lettura"},"content":{"rendered":"","protected":false},"excerpt":{"rendered":"<p>Lampadaire fournissant une lumi\u00e8re directe et indirecte. Diffuseur r\u00e9alis\u00e9 \u00e0 partir de deux feuilles superpos\u00e9es de bois de ch\u00eane blanchi ; muni en haut et en bas d&#8217;un anneau de bambou de quelques millim\u00e8tres d&#8217;\u00e9paisseur pour assurer la circonf\u00e9rence. La tige est faite d&#8217;un mat\u00e9riau composite \u00e0 base de fibre de verre peint \u00e0 la peinture liquide. Base circulaire en m\u00e9tal peint \u00e0 la poudre \u00e9poxy. Fourni avec 4 contrepoids \u00e0 ins\u00e9rer dans la fente pr\u00e9vue \u00e0 cet effet au-dessus du diffuseur pour r\u00e9gler la hauteur. Des rallonges d&#8217;arc suppl\u00e9mentaires sont disponibles sur demande. Sur le c\u00e2ble transparent se trouve un variateur qui agit \u00e0 la fois comme un variateur d\u2019intensit\u00e9 et comme un interrupteur marche\/arr\u00eat.<\/p>\n","protected":false},"featured_media":470982,"comment_status":"open","ping_status":"closed","template":"","meta":{"_acf_changed":true},"product_cat":[649,716,759,681,13769],"product_tag":[],"materiale":[7954],"altezza":[11819],"larghezza":[8622],"profondita":[8681],"peso":[7335],"designer-prodotto":[7393],"class_list":{"0":"post-448540","1":"product","2":"type-product","3":"status-publish","4":"has-post-thumbnail","6":"product_cat-concetto-fr","7":"product_cat-funzione-fr","8":"product_cat-terra-fr","9":"product_cat-twiggy-concetto-fr","10":"product_cat-twiggy-lettura-famiglia-fr","11":"materiale-fibra-di-carbonio-e-compositi-fr","12":"altezza-63375-fr","13":"larghezza-18-18-fr","14":"profondita-18-18-fr","15":"peso-0-fr","16":"designer-prodotto-marc-sadler-fr","18":"first","19":"instock","20":"shipping-taxable","21":"purchasable","22":"product-type-variable"},"acf":{"preview_slider":{"titolo":"","testo":"","video_domanda":false,"link_video":""},"prodotto__immagine_preview":{"immagine":448541},"prodotto__slider":{"sottotitolo":"Marc Sadler (2020)","titolo":"Tradition et innovation se combinent parfaitement dans le lampadaire en bois Twiggy. La l\u00e9g\u00e8ret\u00e9 d'un lampadaire design iconique rencontre la chaleur du bois, ce qui donne une synth\u00e8se \u00e9tonnamment \u00e9l\u00e9gante.","immagini":[{"immagine":460770,"immagine_mobile":""},{"immagine":460757,"immagine_mobile":""}]},"prodotto__slider_preview":null,"prodotto__specifiche":{"selezione":[{"scheda_tecnica":464395}]}},"yoast_head":"<!-- This site is optimized with the Yoast SEO Premium plugin v22.4 (Yoast SEO v23.7) - https:\/\/yoast.com\/wordpress\/plugins\/seo\/ -->\n<title>Twiggy Wood Lettura - Foscarini<\/title>\n<meta name=\"robots\" content=\"index, follow, max-snippet:-1, max-image-preview:large, max-video-preview:-1\" \/>\n<meta property=\"og:locale\" content=\"fr_FR\" \/>\n<meta property=\"og:type\" content=\"article\" \/>\n<meta property=\"og:title\" content=\"Twiggy Wood Lettura\" \/>\n<meta property=\"og:description\" content=\"Lampadaire fournissant une lumi\u00e8re directe et indirecte. Diffuseur r\u00e9alis\u00e9 \u00e0 partir de deux feuilles superpos\u00e9es de bois de ch\u00eane blanchi ; muni en haut et en bas d&#039;un anneau de bambou de quelques millim\u00e8tres d&#039;\u00e9paisseur pour assurer la circonf\u00e9rence. La tige est faite d&#039;un mat\u00e9riau composite \u00e0 base de fibre de verre peint \u00e0 la peinture liquide. Base circulaire en m\u00e9tal peint \u00e0 la poudre \u00e9poxy. Fourni avec 4 contrepoids \u00e0 ins\u00e9rer dans la fente pr\u00e9vue \u00e0 cet effet au-dessus du diffuseur pour r\u00e9gler la hauteur. Des rallonges d&#039;arc suppl\u00e9mentaires sont disponibles sur demande. Sur le c\u00e2ble transparent se trouve un variateur qui agit \u00e0 la fois comme un variateur d\u2019intensit\u00e9 et comme un interrupteur marche\/arr\u00eat.\" \/>\n<meta property=\"og:url\" content=\"https:\/\/www.foscarini.com\/fr\/produit\/twiggy-wood-lettura-twiggy-lettura-r-fr\/\" \/>\n<meta property=\"og:site_name\" content=\"Foscarini\" \/>\n<meta property=\"article:modified_time\" content=\"2025-06-11T15:53:53+00:00\" \/>\n<meta property=\"og:image\" content=\"https:\/\/www.foscarini.com\/wp-content\/uploads\/2025\/06\/twiggy-lettura-wood_f_rosewood_22_786x865-4.jpg\" \/>\n\t<meta property=\"og:image:width\" content=\"786\" \/>\n\t<meta property=\"og:image:height\" content=\"865\" \/>\n\t<meta property=\"og:image:type\" content=\"image\/jpeg\" \/>\n<meta name=\"twitter:card\" content=\"summary_large_image\" \/>\n<meta name=\"twitter:label1\" content=\"Dur\u00e9e de lecture estim\u00e9e\" \/>\n\t<meta name=\"twitter:data1\" content=\"1 minute\" \/>\n<script type=\"application\/ld+json\" class=\"yoast-schema-graph\">{\"@context\":\"https:\/\/schema.org\",\"@graph\":[{\"@type\":\"WebPage\",\"@id\":\"https:\/\/www.foscarini.com\/fr\/produit\/twiggy-wood-lettura-twiggy-lettura-r-fr\/\",\"url\":\"https:\/\/www.foscarini.com\/fr\/produit\/twiggy-wood-lettura-twiggy-lettura-r-fr\/\",\"name\":\"Twiggy Wood Lettura - Foscarini\",\"isPartOf\":{\"@id\":\"https:\/\/www.foscarini.com\/#website\"},\"primaryImageOfPage\":{\"@id\":\"https:\/\/www.foscarini.com\/fr\/produit\/twiggy-wood-lettura-twiggy-lettura-r-fr\/#primaryimage\"},\"image\":{\"@id\":\"https:\/\/www.foscarini.com\/fr\/produit\/twiggy-wood-lettura-twiggy-lettura-r-fr\/#primaryimage\"},\"thumbnailUrl\":\"https:\/\/www.foscarini.com\/wp-content\/uploads\/2025\/06\/twiggy-lettura-wood_f_rosewood_22_786x865-11.jpg\",\"datePublished\":\"2025-06-10T15:33:08+00:00\",\"dateModified\":\"2025-06-11T15:53:53+00:00\",\"breadcrumb\":{\"@id\":\"https:\/\/www.foscarini.com\/fr\/produit\/twiggy-wood-lettura-twiggy-lettura-r-fr\/#breadcrumb\"},\"inLanguage\":\"fr-FR\",\"potentialAction\":[{\"@type\":\"ReadAction\",\"target\":[\"https:\/\/www.foscarini.com\/fr\/produit\/twiggy-wood-lettura-twiggy-lettura-r-fr\/\"]}]},{\"@type\":\"ImageObject\",\"inLanguage\":\"fr-FR\",\"@id\":\"https:\/\/www.foscarini.com\/fr\/produit\/twiggy-wood-lettura-twiggy-lettura-r-fr\/#primaryimage\",\"url\":\"https:\/\/www.foscarini.com\/wp-content\/uploads\/2025\/06\/twiggy-lettura-wood_f_rosewood_22_786x865-11.jpg\",\"contentUrl\":\"https:\/\/www.foscarini.com\/wp-content\/uploads\/2025\/06\/twiggy-lettura-wood_f_rosewood_22_786x865-11.jpg\",\"width\":786,\"height\":865},{\"@type\":\"BreadcrumbList\",\"@id\":\"https:\/\/www.foscarini.com\/fr\/produit\/twiggy-wood-lettura-twiggy-lettura-r-fr\/#breadcrumb\",\"itemListElement\":[{\"@type\":\"ListItem\",\"position\":1,\"name\":\"Home\",\"item\":\"https:\/\/www.foscarini.com\/fr\/\"},{\"@type\":\"ListItem\",\"position\":2,\"name\":\"Boutique\",\"item\":\"https:\/\/www.foscarini.com\/fr\/boutique\/\"},{\"@type\":\"ListItem\",\"position\":3,\"name\":\"Twiggy Wood Lettura\"}]},{\"@type\":\"WebSite\",\"@id\":\"https:\/\/www.foscarini.com\/#website\",\"url\":\"https:\/\/www.foscarini.com\/\",\"name\":\"Foscarini\",\"description\":\"\",\"potentialAction\":[{\"@type\":\"SearchAction\",\"target\":{\"@type\":\"EntryPoint\",\"urlTemplate\":\"https:\/\/www.foscarini.com\/?s={search_term_string}\"},\"query-input\":{\"@type\":\"PropertyValueSpecification\",\"valueRequired\":true,\"valueName\":\"search_term_string\"}}],\"inLanguage\":\"fr-FR\"}]}<\/script>\n<!-- \/ Yoast SEO Premium plugin. -->","yoast_head_json":{"title":"Twiggy Wood Lettura - Foscarini","robots":{"index":"index","follow":"follow","max-snippet":"max-snippet:-1","max-image-preview":"max-image-preview:large","max-video-preview":"max-video-preview:-1"},"og_locale":"fr_FR","og_type":"article","og_title":"Twiggy Wood Lettura","og_description":"Lampadaire fournissant une lumi\u00e8re directe et indirecte. Diffuseur r\u00e9alis\u00e9 \u00e0 partir de deux feuilles superpos\u00e9es de bois de ch\u00eane blanchi ; muni en haut et en bas d'un anneau de bambou de quelques millim\u00e8tres d'\u00e9paisseur pour assurer la circonf\u00e9rence. La tige est faite d'un mat\u00e9riau composite \u00e0 base de fibre de verre peint \u00e0 la peinture liquide. Base circulaire en m\u00e9tal peint \u00e0 la poudre \u00e9poxy. Fourni avec 4 contrepoids \u00e0 ins\u00e9rer dans la fente pr\u00e9vue \u00e0 cet effet au-dessus du diffuseur pour r\u00e9gler la hauteur. Des rallonges d'arc suppl\u00e9mentaires sont disponibles sur demande. Sur le c\u00e2ble transparent se trouve un variateur qui agit \u00e0 la fois comme un variateur d\u2019intensit\u00e9 et comme un interrupteur marche\/arr\u00eat.","og_url":"https:\/\/www.foscarini.com\/fr\/produit\/twiggy-wood-lettura-twiggy-lettura-r-fr\/","og_site_name":"Foscarini","article_modified_time":"2025-06-11T15:53:53+00:00","og_image":[{"width":786,"height":865,"url":"https:\/\/www.foscarini.com\/wp-content\/uploads\/2025\/06\/twiggy-lettura-wood_f_rosewood_22_786x865-4.jpg","type":"image\/jpeg"}],"twitter_card":"summary_large_image","twitter_misc":{"Dur\u00e9e de lecture estim\u00e9e":"1 minute"},"schema":{"@context":"https:\/\/schema.org","@graph":[{"@type":"WebPage","@id":"https:\/\/www.foscarini.com\/fr\/produit\/twiggy-wood-lettura-twiggy-lettura-r-fr\/","url":"https:\/\/www.foscarini.com\/fr\/produit\/twiggy-wood-lettura-twiggy-lettura-r-fr\/","name":"Twiggy Wood Lettura - Foscarini","isPartOf":{"@id":"https:\/\/www.foscarini.com\/#website"},"primaryImageOfPage":{"@id":"https:\/\/www.foscarini.com\/fr\/produit\/twiggy-wood-lettura-twiggy-lettura-r-fr\/#primaryimage"},"image":{"@id":"https:\/\/www.foscarini.com\/fr\/produit\/twiggy-wood-lettura-twiggy-lettura-r-fr\/#primaryimage"},"thumbnailUrl":"https:\/\/www.foscarini.com\/wp-content\/uploads\/2025\/06\/twiggy-lettura-wood_f_rosewood_22_786x865-11.jpg","datePublished":"2025-06-10T15:33:08+00:00","dateModified":"2025-06-11T15:53:53+00:00","breadcrumb":{"@id":"https:\/\/www.foscarini.com\/fr\/produit\/twiggy-wood-lettura-twiggy-lettura-r-fr\/#breadcrumb"},"inLanguage":"fr-FR","potentialAction":[{"@type":"ReadAction","target":["https:\/\/www.foscarini.com\/fr\/produit\/twiggy-wood-lettura-twiggy-lettura-r-fr\/"]}]},{"@type":"ImageObject","inLanguage":"fr-FR","@id":"https:\/\/www.foscarini.com\/fr\/produit\/twiggy-wood-lettura-twiggy-lettura-r-fr\/#primaryimage","url":"https:\/\/www.foscarini.com\/wp-content\/uploads\/2025\/06\/twiggy-lettura-wood_f_rosewood_22_786x865-11.jpg","contentUrl":"https:\/\/www.foscarini.com\/wp-content\/uploads\/2025\/06\/twiggy-lettura-wood_f_rosewood_22_786x865-11.jpg","width":786,"height":865},{"@type":"BreadcrumbList","@id":"https:\/\/www.foscarini.com\/fr\/produit\/twiggy-wood-lettura-twiggy-lettura-r-fr\/#breadcrumb","itemListElement":[{"@type":"ListItem","position":1,"name":"Home","item":"https:\/\/www.foscarini.com\/fr\/"},{"@type":"ListItem","position":2,"name":"Boutique","item":"https:\/\/www.foscarini.com\/fr\/boutique\/"},{"@type":"ListItem","position":3,"name":"Twiggy Wood Lettura"}]},{"@type":"WebSite","@id":"https:\/\/www.foscarini.com\/#website","url":"https:\/\/www.foscarini.com\/","name":"Foscarini","description":"","potentialAction":[{"@type":"SearchAction","target":{"@type":"EntryPoint","urlTemplate":"https:\/\/www.foscarini.com\/?s={search_term_string}"},"query-input":{"@type":"PropertyValueSpecification","valueRequired":true,"valueName":"search_term_string"}}],"inLanguage":"fr-FR"}]}},"_links":{"self":[{"href":"https:\/\/www.foscarini.com\/fr\/wp-json\/wp\/v2\/product\/448540"}],"collection":[{"href":"https:\/\/www.foscarini.com\/fr\/wp-json\/wp\/v2\/product"}],"about":[{"href":"https:\/\/www.foscarini.com\/fr\/wp-json\/wp\/v2\/types\/product"}],"replies":[{"embeddable":true,"href":"https:\/\/www.foscarini.com\/fr\/wp-json\/wp\/v2\/comments?post=448540"}],"wp:featuredmedia":[{"embeddable":true,"href":"https:\/\/www.foscarini.com\/fr\/wp-json\/wp\/v2\/media\/470982"}],"wp:attachment":[{"href":"https:\/\/www.foscarini.com\/fr\/wp-json\/wp\/v2\/media?parent=448540"}],"wp:term":[{"taxonomy":"product_cat","embeddable":true,"href":"https:\/\/www.foscarini.com\/fr\/wp-json\/wp\/v2\/product_cat?post=448540"},{"taxonomy":"product_tag","embeddable":true,"href":"https:\/\/www.foscarini.com\/fr\/wp-json\/wp\/v2\/product_tag?post=448540"},{"taxonomy":"materiale","embeddable":true,"href":"https:\/\/www.foscarini.com\/fr\/wp-json\/wp\/v2\/materiale?post=448540"},{"taxonomy":"altezza","embeddable":true,"href":"https:\/\/www.foscarini.com\/fr\/wp-json\/wp\/v2\/altezza?post=448540"},{"taxonomy":"larghezza","embeddable":true,"href":"https:\/\/www.foscarini.com\/fr\/wp-json\/wp\/v2\/larghezza?post=448540"},{"taxonomy":"profondita","embeddable":true,"href":"https:\/\/www.foscarini.com\/fr\/wp-json\/wp\/v2\/profondita?post=448540"},{"taxonomy":"peso","embeddable":true,"href":"https:\/\/www.foscarini.com\/fr\/wp-json\/wp\/v2\/peso?post=448540"},{"taxonomy":"designer-prodotto","embeddable":true,"href":"https:\/\/www.foscarini.com\/fr\/wp-json\/wp\/v2\/designer-prodotto?post=448540"}],"curies":[{"name":"wp","href":"https:\/\/api.w.org\/{rel}","templated":true}]}}