{"id":365889,"date":"2025-04-04T18:21:29","date_gmt":"2025-04-04T18:21:29","guid":{"rendered":"https:\/\/www.foscarini.com\/product\/pli-std-s-fr\/"},"modified":"2025-06-11T14:50:00","modified_gmt":"2025-06-11T14:50:00","slug":"pli-std-s-fr","status":"publish","type":"product","link":"https:\/\/www.foscarini.com\/fr\/produit\/pli-std-s-fr\/","title":{"rendered":"Pli"},"content":{"rendered":"<p>Une lampe suspendue qui unit forme, mati\u00e8re et structure en un seul geste. Les plis doux et les drap\u00e9s de Pli \u00e9voquent la l\u00e9g\u00e8ret\u00e9 d&#8217;un v\u00eatement, tandis que sa lumi\u00e8re diffuse une ambiance chaleureuse et enveloppante dans les int\u00e9rieurs.<\/p><section class=\"pdp__slider full-height-vh\">\n    <div class=\"swiper-container swiper__pdp\">\n        <div class=\"swiper-wrapper full-height\">\n                                <div class=\"swiper-slide\">\n                                                    <img decoding=\"async\" class=\"full-cover\" src=\"https:\/\/www.foscarini.com\/wp-content\/uploads\/2025\/04\/3._Pli-150x150.jpg\" srcset=\"https:\/\/www.foscarini.com\/wp-content\/uploads\/2025\/04\/3._Pli-194x300.jpg 194w, https:\/\/www.foscarini.com\/wp-content\/uploads\/2025\/04\/3._Pli-663x1024.jpg 663w, https:\/\/www.foscarini.com\/wp-content\/uploads\/2025\/04\/3._Pli-768x1186.jpg 768w, https:\/\/www.foscarini.com\/wp-content\/uploads\/2025\/04\/3._Pli-800x1235.jpg 800w, https:\/\/www.foscarini.com\/wp-content\/uploads\/2025\/04\/3._Pli.jpg 960w\" alt=\"\" \/>\n                                                                        <\/div>\n                                        <div class=\"swiper-slide\">\n                                                    <img decoding=\"async\" class=\"full-cover\" src=\"https:\/\/www.foscarini.com\/wp-content\/uploads\/2025\/04\/3.5_Pli-150x150.jpg\" srcset=\"https:\/\/www.foscarini.com\/wp-content\/uploads\/2025\/04\/3.5_Pli-194x300.jpg 194w, https:\/\/www.foscarini.com\/wp-content\/uploads\/2025\/04\/3.5_Pli-663x1024.jpg 663w, https:\/\/www.foscarini.com\/wp-content\/uploads\/2025\/04\/3.5_Pli-768x1186.jpg 768w, https:\/\/www.foscarini.com\/wp-content\/uploads\/2025\/04\/3.5_Pli-800x1235.jpg 800w, https:\/\/www.foscarini.com\/wp-content\/uploads\/2025\/04\/3.5_Pli.jpg 960w\" alt=\"\" \/>\n                                                                        <\/div>\n                                        <div class=\"swiper-slide\">\n                                                    <img decoding=\"async\" class=\"full-cover\" src=\"https:\/\/www.foscarini.com\/wp-content\/uploads\/2025\/04\/3.4_Pli-150x150.jpg\" srcset=\"https:\/\/www.foscarini.com\/wp-content\/uploads\/2025\/04\/3.4_Pli-194x300.jpg 194w, https:\/\/www.foscarini.com\/wp-content\/uploads\/2025\/04\/3.4_Pli-663x1024.jpg 663w, https:\/\/www.foscarini.com\/wp-content\/uploads\/2025\/04\/3.4_Pli-768x1186.jpg 768w, https:\/\/www.foscarini.com\/wp-content\/uploads\/2025\/04\/3.4_Pli-800x1235.jpg 800w, https:\/\/www.foscarini.com\/wp-content\/uploads\/2025\/04\/3.4_Pli.jpg 960w\" alt=\"\" \/>\n                                                                        <\/div>\n                                        <div class=\"swiper-slide\">\n                                                    <img decoding=\"async\" class=\"full-cover\" src=\"https:\/\/www.foscarini.com\/wp-content\/uploads\/2025\/04\/3.3_Pli-150x150.jpg\" srcset=\"https:\/\/www.foscarini.com\/wp-content\/uploads\/2025\/04\/3.3_Pli-300x250.jpg 300w, https:\/\/www.foscarini.com\/wp-content\/uploads\/2025\/04\/3.3_Pli-1024x854.jpg 1024w, https:\/\/www.foscarini.com\/wp-content\/uploads\/2025\/04\/3.3_Pli-768x641.jpg 768w, https:\/\/www.foscarini.com\/wp-content\/uploads\/2025\/04\/3.3_Pli-1536x1282.jpg 1536w, https:\/\/www.foscarini.com\/wp-content\/uploads\/2025\/04\/3.3_Pli-800x668.jpg 800w, https:\/\/www.foscarini.com\/wp-content\/uploads\/2025\/04\/3.3_Pli.jpg 1776w\" alt=\"\" \/>\n                                                                        <\/div>\n                                        <div class=\"swiper-slide\">\n                                                    <img decoding=\"async\" class=\"full-cover\" src=\"https:\/\/www.foscarini.com\/wp-content\/uploads\/2025\/04\/3.1_Pli-150x150.jpg\" srcset=\"https:\/\/www.foscarini.com\/wp-content\/uploads\/2025\/04\/3.1_Pli-300x250.jpg 300w, https:\/\/www.foscarini.com\/wp-content\/uploads\/2025\/04\/3.1_Pli-1024x854.jpg 1024w, https:\/\/www.foscarini.com\/wp-content\/uploads\/2025\/04\/3.1_Pli-768x641.jpg 768w, https:\/\/www.foscarini.com\/wp-content\/uploads\/2025\/04\/3.1_Pli-1536x1282.jpg 1536w, https:\/\/www.foscarini.com\/wp-content\/uploads\/2025\/04\/3.1_Pli-800x668.jpg 800w, https:\/\/www.foscarini.com\/wp-content\/uploads\/2025\/04\/3.1_Pli.jpg 1776w\" alt=\"\" \/>\n                                                                        <\/div>\n                            <\/div>\n    <\/div>\n    <div class=\"swiper-scrollbar\"><\/div>\n    <div class=\"ct-arrow\">\n        <div class=\"swiper-button-prev\"><\/div>\n        <div class=\"swiper-button-next\"><\/div>\n    <\/div>\n<\/section>","protected":false},"excerpt":{"rendered":"<p>Lampe suspendue \u00e0 lumi\u00e8re directe, indirecte et semi-diffuse, qui apporte une atmosph\u00e8re chaude et enveloppante aux int\u00e9rieurs. Le corps en PMMA contient une structure tubulaire en aluminium avec des bandes LED. Le diffuseur est une longue bande de papier artistique italien de haute qualit\u00e9, fabriqu\u00e9 \u00e0 100 % en fibres de coton, pli\u00e9e en un drap\u00e9 doux et fix\u00e9e aux extr\u00e9mit\u00e9s avec deux bouchons ronds en aluminium naturel, satin\u00e9 et verni transparent. C\u00e2bles de suspension en acier et c\u00e2ble \u00e9lectrique transparent, avec une rosace en ABS blanc mat abritant le transformateur.<\/p>\n","protected":false},"featured_media":469143,"comment_status":"open","ping_status":"closed","template":"","meta":{"_acf_changed":true},"product_cat":[649,716,6894,13734,749],"product_tag":[],"materiale":[8287],"altezza":[9054],"larghezza":[11509],"profondita":[8906],"peso":[7335],"designer-prodotto":[11966],"class_list":{"0":"post-365889","1":"product","2":"type-product","3":"status-publish","4":"has-post-thumbnail","6":"product_cat-concetto-fr","7":"product_cat-funzione-fr","8":"product_cat-pli-concetto-fr","9":"product_cat-pli-famiglia-fr","10":"product_cat-sospensione-fr","11":"materiale-carta-fr","12":"altezza-18-fr","13":"larghezza-85-fr","14":"profondita-20-fr","15":"peso-0-fr","16":"designer-prodotto-felicia-arvid-fr","18":"first","19":"instock","20":"shipping-taxable","21":"purchasable","22":"product-type-variable"},"acf":{"preview_slider":{"titolo":"","testo":"","video_domanda":false,"link_video":""},"prodotto__immagine_preview":{"immagine":365892},"prodotto__slider":{"sottotitolo":"Felicia Arvid (2023)","titolo":"Une lampe suspendue qui unit forme, mati\u00e8re et structure en un seul geste. Les plis doux et les drap\u00e9s de Pli \u00e9voquent la l\u00e9g\u00e8ret\u00e9 d'un v\u00eatement, tandis que sa lumi\u00e8re diffuse une ambiance chaleureuse et enveloppante dans les int\u00e9rieurs.","immagini":[{"immagine":395971,"immagine_mobile":""}]},"prodotto__slider_preview":null,"prodotto__specifiche":{"selezione":[{"scheda_tecnica":463426}]}},"yoast_head":"<!-- This site is optimized with the Yoast SEO Premium plugin v22.4 (Yoast SEO v23.7) - https:\/\/yoast.com\/wordpress\/plugins\/seo\/ -->\n<title>Pli - Foscarini<\/title>\n<meta name=\"robots\" content=\"index, follow, max-snippet:-1, max-image-preview:large, max-video-preview:-1\" \/>\n<meta property=\"og:locale\" content=\"fr_FR\" \/>\n<meta property=\"og:type\" content=\"article\" \/>\n<meta property=\"og:title\" content=\"Pli\" \/>\n<meta property=\"og:description\" content=\"Lampe suspendue \u00e0 lumi\u00e8re directe, indirecte et semi-diffuse, qui apporte une atmosph\u00e8re chaude et enveloppante aux int\u00e9rieurs. Le corps en PMMA contient une structure tubulaire en aluminium avec des bandes LED. Le diffuseur est une longue bande de papier artistique italien de haute qualit\u00e9, fabriqu\u00e9 \u00e0 100 % en fibres de coton, pli\u00e9e en un drap\u00e9 doux et fix\u00e9e aux extr\u00e9mit\u00e9s avec deux bouchons ronds en aluminium naturel, satin\u00e9 et verni transparent. C\u00e2bles de suspension en acier et c\u00e2ble \u00e9lectrique transparent, avec une rosace en ABS blanc mat abritant le transformateur.\" \/>\n<meta property=\"og:url\" content=\"https:\/\/www.foscarini.com\/fr\/produit\/pli-std-s-fr\/\" \/>\n<meta property=\"og:site_name\" content=\"Foscarini\" \/>\n<meta property=\"article:modified_time\" content=\"2025-06-11T14:50:00+00:00\" \/>\n<meta property=\"og:image\" content=\"https:\/\/www.foscarini.com\/wp-content\/uploads\/2025\/06\/pli_s_paper_22_786x865-1.jpg\" \/>\n\t<meta property=\"og:image:width\" content=\"786\" \/>\n\t<meta property=\"og:image:height\" content=\"865\" \/>\n\t<meta property=\"og:image:type\" content=\"image\/jpeg\" \/>\n<meta name=\"twitter:card\" content=\"summary_large_image\" \/>\n<meta name=\"twitter:label1\" content=\"Dur\u00e9e de lecture estim\u00e9e\" \/>\n\t<meta name=\"twitter:data1\" content=\"1 minute\" \/>\n<script type=\"application\/ld+json\" class=\"yoast-schema-graph\">{\"@context\":\"https:\/\/schema.org\",\"@graph\":[{\"@type\":\"WebPage\",\"@id\":\"https:\/\/www.foscarini.com\/fr\/produit\/pli-std-s-fr\/\",\"url\":\"https:\/\/www.foscarini.com\/fr\/produit\/pli-std-s-fr\/\",\"name\":\"Pli - Foscarini\",\"isPartOf\":{\"@id\":\"https:\/\/www.foscarini.com\/#website\"},\"primaryImageOfPage\":{\"@id\":\"https:\/\/www.foscarini.com\/fr\/produit\/pli-std-s-fr\/#primaryimage\"},\"image\":{\"@id\":\"https:\/\/www.foscarini.com\/fr\/produit\/pli-std-s-fr\/#primaryimage\"},\"thumbnailUrl\":\"https:\/\/www.foscarini.com\/wp-content\/uploads\/2025\/06\/pli_s_paper_22_786x865-3.jpg\",\"datePublished\":\"2025-04-04T18:21:29+00:00\",\"dateModified\":\"2025-06-11T14:50:00+00:00\",\"breadcrumb\":{\"@id\":\"https:\/\/www.foscarini.com\/fr\/produit\/pli-std-s-fr\/#breadcrumb\"},\"inLanguage\":\"fr-FR\",\"potentialAction\":[{\"@type\":\"ReadAction\",\"target\":[\"https:\/\/www.foscarini.com\/fr\/produit\/pli-std-s-fr\/\"]}]},{\"@type\":\"ImageObject\",\"inLanguage\":\"fr-FR\",\"@id\":\"https:\/\/www.foscarini.com\/fr\/produit\/pli-std-s-fr\/#primaryimage\",\"url\":\"https:\/\/www.foscarini.com\/wp-content\/uploads\/2025\/06\/pli_s_paper_22_786x865-3.jpg\",\"contentUrl\":\"https:\/\/www.foscarini.com\/wp-content\/uploads\/2025\/06\/pli_s_paper_22_786x865-3.jpg\",\"width\":786,\"height\":865},{\"@type\":\"BreadcrumbList\",\"@id\":\"https:\/\/www.foscarini.com\/fr\/produit\/pli-std-s-fr\/#breadcrumb\",\"itemListElement\":[{\"@type\":\"ListItem\",\"position\":1,\"name\":\"Home\",\"item\":\"https:\/\/www.foscarini.com\/fr\/\"},{\"@type\":\"ListItem\",\"position\":2,\"name\":\"Boutique\",\"item\":\"https:\/\/www.foscarini.com\/fr\/boutique\/\"},{\"@type\":\"ListItem\",\"position\":3,\"name\":\"Pli\"}]},{\"@type\":\"WebSite\",\"@id\":\"https:\/\/www.foscarini.com\/#website\",\"url\":\"https:\/\/www.foscarini.com\/\",\"name\":\"Foscarini\",\"description\":\"\",\"potentialAction\":[{\"@type\":\"SearchAction\",\"target\":{\"@type\":\"EntryPoint\",\"urlTemplate\":\"https:\/\/www.foscarini.com\/?s={search_term_string}\"},\"query-input\":{\"@type\":\"PropertyValueSpecification\",\"valueRequired\":true,\"valueName\":\"search_term_string\"}}],\"inLanguage\":\"fr-FR\"}]}<\/script>\n<!-- \/ Yoast SEO Premium plugin. -->","yoast_head_json":{"title":"Pli - Foscarini","robots":{"index":"index","follow":"follow","max-snippet":"max-snippet:-1","max-image-preview":"max-image-preview:large","max-video-preview":"max-video-preview:-1"},"og_locale":"fr_FR","og_type":"article","og_title":"Pli","og_description":"Lampe suspendue \u00e0 lumi\u00e8re directe, indirecte et semi-diffuse, qui apporte une atmosph\u00e8re chaude et enveloppante aux int\u00e9rieurs. Le corps en PMMA contient une structure tubulaire en aluminium avec des bandes LED. Le diffuseur est une longue bande de papier artistique italien de haute qualit\u00e9, fabriqu\u00e9 \u00e0 100 % en fibres de coton, pli\u00e9e en un drap\u00e9 doux et fix\u00e9e aux extr\u00e9mit\u00e9s avec deux bouchons ronds en aluminium naturel, satin\u00e9 et verni transparent. C\u00e2bles de suspension en acier et c\u00e2ble \u00e9lectrique transparent, avec une rosace en ABS blanc mat abritant le transformateur.","og_url":"https:\/\/www.foscarini.com\/fr\/produit\/pli-std-s-fr\/","og_site_name":"Foscarini","article_modified_time":"2025-06-11T14:50:00+00:00","og_image":[{"width":786,"height":865,"url":"https:\/\/www.foscarini.com\/wp-content\/uploads\/2025\/06\/pli_s_paper_22_786x865-1.jpg","type":"image\/jpeg"}],"twitter_card":"summary_large_image","twitter_misc":{"Dur\u00e9e de lecture estim\u00e9e":"1 minute"},"schema":{"@context":"https:\/\/schema.org","@graph":[{"@type":"WebPage","@id":"https:\/\/www.foscarini.com\/fr\/produit\/pli-std-s-fr\/","url":"https:\/\/www.foscarini.com\/fr\/produit\/pli-std-s-fr\/","name":"Pli - Foscarini","isPartOf":{"@id":"https:\/\/www.foscarini.com\/#website"},"primaryImageOfPage":{"@id":"https:\/\/www.foscarini.com\/fr\/produit\/pli-std-s-fr\/#primaryimage"},"image":{"@id":"https:\/\/www.foscarini.com\/fr\/produit\/pli-std-s-fr\/#primaryimage"},"thumbnailUrl":"https:\/\/www.foscarini.com\/wp-content\/uploads\/2025\/06\/pli_s_paper_22_786x865-3.jpg","datePublished":"2025-04-04T18:21:29+00:00","dateModified":"2025-06-11T14:50:00+00:00","breadcrumb":{"@id":"https:\/\/www.foscarini.com\/fr\/produit\/pli-std-s-fr\/#breadcrumb"},"inLanguage":"fr-FR","potentialAction":[{"@type":"ReadAction","target":["https:\/\/www.foscarini.com\/fr\/produit\/pli-std-s-fr\/"]}]},{"@type":"ImageObject","inLanguage":"fr-FR","@id":"https:\/\/www.foscarini.com\/fr\/produit\/pli-std-s-fr\/#primaryimage","url":"https:\/\/www.foscarini.com\/wp-content\/uploads\/2025\/06\/pli_s_paper_22_786x865-3.jpg","contentUrl":"https:\/\/www.foscarini.com\/wp-content\/uploads\/2025\/06\/pli_s_paper_22_786x865-3.jpg","width":786,"height":865},{"@type":"BreadcrumbList","@id":"https:\/\/www.foscarini.com\/fr\/produit\/pli-std-s-fr\/#breadcrumb","itemListElement":[{"@type":"ListItem","position":1,"name":"Home","item":"https:\/\/www.foscarini.com\/fr\/"},{"@type":"ListItem","position":2,"name":"Boutique","item":"https:\/\/www.foscarini.com\/fr\/boutique\/"},{"@type":"ListItem","position":3,"name":"Pli"}]},{"@type":"WebSite","@id":"https:\/\/www.foscarini.com\/#website","url":"https:\/\/www.foscarini.com\/","name":"Foscarini","description":"","potentialAction":[{"@type":"SearchAction","target":{"@type":"EntryPoint","urlTemplate":"https:\/\/www.foscarini.com\/?s={search_term_string}"},"query-input":{"@type":"PropertyValueSpecification","valueRequired":true,"valueName":"search_term_string"}}],"inLanguage":"fr-FR"}]}},"_links":{"self":[{"href":"https:\/\/www.foscarini.com\/fr\/wp-json\/wp\/v2\/product\/365889"}],"collection":[{"href":"https:\/\/www.foscarini.com\/fr\/wp-json\/wp\/v2\/product"}],"about":[{"href":"https:\/\/www.foscarini.com\/fr\/wp-json\/wp\/v2\/types\/product"}],"replies":[{"embeddable":true,"href":"https:\/\/www.foscarini.com\/fr\/wp-json\/wp\/v2\/comments?post=365889"}],"wp:featuredmedia":[{"embeddable":true,"href":"https:\/\/www.foscarini.com\/fr\/wp-json\/wp\/v2\/media\/469143"}],"wp:attachment":[{"href":"https:\/\/www.foscarini.com\/fr\/wp-json\/wp\/v2\/media?parent=365889"}],"wp:term":[{"taxonomy":"product_cat","embeddable":true,"href":"https:\/\/www.foscarini.com\/fr\/wp-json\/wp\/v2\/product_cat?post=365889"},{"taxonomy":"product_tag","embeddable":true,"href":"https:\/\/www.foscarini.com\/fr\/wp-json\/wp\/v2\/product_tag?post=365889"},{"taxonomy":"materiale","embeddable":true,"href":"https:\/\/www.foscarini.com\/fr\/wp-json\/wp\/v2\/materiale?post=365889"},{"taxonomy":"altezza","embeddable":true,"href":"https:\/\/www.foscarini.com\/fr\/wp-json\/wp\/v2\/altezza?post=365889"},{"taxonomy":"larghezza","embeddable":true,"href":"https:\/\/www.foscarini.com\/fr\/wp-json\/wp\/v2\/larghezza?post=365889"},{"taxonomy":"profondita","embeddable":true,"href":"https:\/\/www.foscarini.com\/fr\/wp-json\/wp\/v2\/profondita?post=365889"},{"taxonomy":"peso","embeddable":true,"href":"https:\/\/www.foscarini.com\/fr\/wp-json\/wp\/v2\/peso?post=365889"},{"taxonomy":"designer-prodotto","embeddable":true,"href":"https:\/\/www.foscarini.com\/fr\/wp-json\/wp\/v2\/designer-prodotto?post=365889"}],"curies":[{"name":"wp","href":"https:\/\/api.w.org\/{rel}","templated":true}]}}