{"id":365765,"date":"2025-04-04T18:20:55","date_gmt":"2025-04-04T18:20:55","guid":{"rendered":"https:\/\/www.foscarini.com\/product\/anoor-std-wc-fr\/"},"modified":"2025-06-11T10:40:47","modified_gmt":"2025-06-11T10:40:47","slug":"anoor-std-wc-fr","status":"publish","type":"product","link":"https:\/\/www.foscarini.com\/fr\/produit\/anoor-std-wc-fr\/","title":{"rendered":"Anoor"},"content":{"rendered":"<p>Une \u00e9clipse murale o\u00f9 une lumi\u00e8re puissante et fonctionnelle rencontre un impact d\u00e9coratif saisissant. Anoor transforme les espaces avec sa lueur douce et sa surface r\u00e9fl\u00e9chissante qui g\u00e9n\u00e8re des distorsions anamorphiques.<\/p><section class=\"pdp__slider full-height-vh\">\n    <div class=\"swiper-container swiper__pdp\">\n        <div class=\"swiper-wrapper full-height\">\n                                <div class=\"swiper-slide\">\n                                                    <img decoding=\"async\" class=\"full-cover\" src=\"https:\/\/www.foscarini.com\/wp-content\/uploads\/2025\/04\/3.1_Anoor-150x150.jpg\" srcset=\"https:\/\/www.foscarini.com\/wp-content\/uploads\/2025\/04\/3.1_Anoor-300x200.jpg 300w, https:\/\/www.foscarini.com\/wp-content\/uploads\/2025\/04\/3.1_Anoor-1024x683.jpg 1024w, https:\/\/www.foscarini.com\/wp-content\/uploads\/2025\/04\/3.1_Anoor-768x512.jpg 768w, https:\/\/www.foscarini.com\/wp-content\/uploads\/2025\/04\/3.1_Anoor-1536x1024.jpg 1536w, https:\/\/www.foscarini.com\/wp-content\/uploads\/2025\/04\/3.1_Anoor-2048x1366.jpg 2048w, https:\/\/www.foscarini.com\/wp-content\/uploads\/2025\/04\/3.1_Anoor-800x534.jpg 800w\" alt=\"\" \/>\n                                                                        <\/div>\n                                        <div class=\"swiper-slide\">\n                                                    <img decoding=\"async\" class=\"full-cover\" src=\"https:\/\/www.foscarini.com\/wp-content\/uploads\/2025\/04\/3.6_Anoor-150x150.jpg\" srcset=\"https:\/\/www.foscarini.com\/wp-content\/uploads\/2025\/04\/3.6_Anoor-194x300.jpg 194w, https:\/\/www.foscarini.com\/wp-content\/uploads\/2025\/04\/3.6_Anoor-663x1024.jpg 663w, https:\/\/www.foscarini.com\/wp-content\/uploads\/2025\/04\/3.6_Anoor-768x1186.jpg 768w, https:\/\/www.foscarini.com\/wp-content\/uploads\/2025\/04\/3.6_Anoor-800x1235.jpg 800w, https:\/\/www.foscarini.com\/wp-content\/uploads\/2025\/04\/3.6_Anoor.jpg 960w\" alt=\"\" \/>\n                                                                        <\/div>\n                                        <div class=\"swiper-slide\">\n                                                    <img decoding=\"async\" class=\"full-cover\" src=\"https:\/\/www.foscarini.com\/wp-content\/uploads\/2025\/04\/3.5_Anoor-150x150.jpg\" srcset=\"https:\/\/www.foscarini.com\/wp-content\/uploads\/2025\/04\/3.5_Anoor-300x200.jpg 300w, https:\/\/www.foscarini.com\/wp-content\/uploads\/2025\/04\/3.5_Anoor-1024x683.jpg 1024w, https:\/\/www.foscarini.com\/wp-content\/uploads\/2025\/04\/3.5_Anoor-768x512.jpg 768w, https:\/\/www.foscarini.com\/wp-content\/uploads\/2025\/04\/3.5_Anoor-1536x1024.jpg 1536w, https:\/\/www.foscarini.com\/wp-content\/uploads\/2025\/04\/3.5_Anoor-2048x1366.jpg 2048w, https:\/\/www.foscarini.com\/wp-content\/uploads\/2025\/04\/3.5_Anoor-800x534.jpg 800w\" alt=\"\" \/>\n                                                                        <\/div>\n                                        <div class=\"swiper-slide\">\n                                                    <img decoding=\"async\" class=\"full-cover\" src=\"https:\/\/www.foscarini.com\/wp-content\/uploads\/2025\/04\/3.4_Anoor-150x150.jpg\" srcset=\"https:\/\/www.foscarini.com\/wp-content\/uploads\/2025\/04\/3.4_Anoor-300x200.jpg 300w, https:\/\/www.foscarini.com\/wp-content\/uploads\/2025\/04\/3.4_Anoor-1024x683.jpg 1024w, https:\/\/www.foscarini.com\/wp-content\/uploads\/2025\/04\/3.4_Anoor-768x512.jpg 768w, https:\/\/www.foscarini.com\/wp-content\/uploads\/2025\/04\/3.4_Anoor-1536x1024.jpg 1536w, https:\/\/www.foscarini.com\/wp-content\/uploads\/2025\/04\/3.4_Anoor-2048x1366.jpg 2048w, https:\/\/www.foscarini.com\/wp-content\/uploads\/2025\/04\/3.4_Anoor-800x534.jpg 800w\" alt=\"\" \/>\n                                                                        <\/div>\n                                        <div class=\"swiper-slide\">\n                                                    <img decoding=\"async\" class=\"full-cover\" src=\"https:\/\/www.foscarini.com\/wp-content\/uploads\/2025\/04\/3.3_Anoor-150x150.jpg\" srcset=\"https:\/\/www.foscarini.com\/wp-content\/uploads\/2025\/04\/3.3_Anoor-200x300.jpg 200w, https:\/\/www.foscarini.com\/wp-content\/uploads\/2025\/04\/3.3_Anoor-683x1024.jpg 683w, https:\/\/www.foscarini.com\/wp-content\/uploads\/2025\/04\/3.3_Anoor-768x1152.jpg 768w, https:\/\/www.foscarini.com\/wp-content\/uploads\/2025\/04\/3.3_Anoor-800x1200.jpg 800w, https:\/\/www.foscarini.com\/wp-content\/uploads\/2025\/04\/3.3_Anoor.jpg 987w\" alt=\"\" \/>\n                                                                        <\/div>\n                                        <div class=\"swiper-slide\">\n                                                    <img decoding=\"async\" class=\"full-cover\" src=\"https:\/\/www.foscarini.com\/wp-content\/uploads\/2025\/04\/3.2_Anoor-150x150.jpg\" srcset=\"https:\/\/www.foscarini.com\/wp-content\/uploads\/2025\/04\/3.2_Anoor-200x300.jpg 200w, https:\/\/www.foscarini.com\/wp-content\/uploads\/2025\/04\/3.2_Anoor-683x1024.jpg 683w, https:\/\/www.foscarini.com\/wp-content\/uploads\/2025\/04\/3.2_Anoor-768x1152.jpg 768w, https:\/\/www.foscarini.com\/wp-content\/uploads\/2025\/04\/3.2_Anoor-800x1200.jpg 800w, https:\/\/www.foscarini.com\/wp-content\/uploads\/2025\/04\/3.2_Anoor.jpg 987w\" alt=\"\" \/>\n                                                                        <\/div>\n                            <\/div>\n    <\/div>\n    <div class=\"swiper-scrollbar\"><\/div>\n    <div class=\"ct-arrow\">\n        <div class=\"swiper-button-prev\"><\/div>\n        <div class=\"swiper-button-next\"><\/div>\n    <\/div>\n<\/section><p><\/p>","protected":false},"excerpt":{"rendered":"<p>Anoor est une lampe murale et de plafond pour \u00e9clairage indirect et r\u00e9fl\u00e9chi qui combine fonctionnalit\u00e9 et esth\u00e9tique. Le disque l\u00e9g\u00e8rement concave en aluminium bross\u00e9 est recouvert d&#8217;une finition transparente pigment\u00e9e qui ajoute de la profondeur et de la mati\u00e8re \u00e0 la couleur, cr\u00e9ant un effet miroir. L&#8217;\u00e9l\u00e9ment technique d&#8217;\u00e9clairage, plac\u00e9 \u00e0 l&#8217;arri\u00e8re du disque lenticulaire et mont\u00e9 au mur, est constitu\u00e9 d&#8217;un cylindre en aluminium qui supporte le circuit LED, prot\u00e9g\u00e9 par un cylindre en PMMA opalin satin\u00e9e anti-\u00e9blouissement. Lorsqu&#8217;elle est allum\u00e9e, elle diffuse une lumi\u00e8re puissante qui illumine de grandes surfaces sans \u00e9blouir ; \u00e9teinte, elle refl\u00e8te son environnement et captive avec des distorsions anamorphiques. \u00c9galement disponible en version blanche avec rev\u00eatement en poudre, pouvant \u00eatre peinte selon le d\u00e9cor souhait\u00e9.<\/p>\n","protected":false},"featured_media":465242,"comment_status":"open","ping_status":"closed","template":"","meta":{"_acf_changed":true},"product_cat":[6890,13535,709,649,716,739],"product_tag":[],"materiale":[8438],"altezza":[10404],"larghezza":[8652],"profondita":[8713],"peso":[7335],"designer-prodotto":[11930],"class_list":{"0":"post-365765","1":"product","2":"type-product","3":"status-publish","4":"has-post-thumbnail","6":"product_cat-anoor-concetto-fr","7":"product_cat-anoor-famiglia-fr","8":"product_cat-parete-fr","9":"product_cat-concetto-fr","10":"product_cat-funzione-fr","11":"product_cat-soffitto-fr","12":"materiale-acciaio-e-metallo-fr","13":"altezza-3-1516-fr","14":"larghezza-18-78-fr","15":"profondita-18-78-fr","16":"peso-0-fr","17":"designer-prodotto-gabriele-e-oscar-buratti-fr","19":"first","20":"instock","21":"shipping-taxable","22":"purchasable","23":"product-type-variable"},"acf":{"preview_slider":{"titolo":"","testo":"","video_domanda":false,"link_video":""},"prodotto__immagine_preview":{"immagine":365786},"prodotto__slider":{"sottotitolo":"Gabriele e Oscar Buratti (2023)","titolo":"Une \u00e9clipse murale o\u00f9 une lumi\u00e8re puissante et fonctionnelle rencontre un impact d\u00e9coratif saisissant. Anoor transforme les espaces avec sa lueur douce et sa surface r\u00e9fl\u00e9chissante qui g\u00e9n\u00e8re des distorsions anamorphiques.","immagini":[{"immagine":414780,"immagine_mobile":""},{"immagine":414759,"immagine_mobile":""},{"immagine":414773,"immagine_mobile":""},{"immagine":414766,"immagine_mobile":""}]},"prodotto__slider_preview":null,"prodotto__specifiche":{"selezione":[{"scheda_tecnica":460972},{"scheda_tecnica":460980}]}},"yoast_head":"<!-- This site is optimized with the Yoast SEO Premium plugin v22.4 (Yoast SEO v23.7) - https:\/\/yoast.com\/wordpress\/plugins\/seo\/ -->\n<title>Anoor - Foscarini<\/title>\n<meta name=\"robots\" content=\"index, follow, max-snippet:-1, max-image-preview:large, max-video-preview:-1\" \/>\n<meta property=\"og:locale\" content=\"fr_FR\" \/>\n<meta property=\"og:type\" content=\"article\" \/>\n<meta property=\"og:title\" content=\"Anoor\" \/>\n<meta property=\"og:description\" content=\"Anoor est une lampe murale et de plafond pour \u00e9clairage indirect et r\u00e9fl\u00e9chi qui combine fonctionnalit\u00e9 et esth\u00e9tique. Le disque l\u00e9g\u00e8rement concave en aluminium bross\u00e9 est recouvert d&#039;une finition transparente pigment\u00e9e qui ajoute de la profondeur et de la mati\u00e8re \u00e0 la couleur, cr\u00e9ant un effet miroir. L&#039;\u00e9l\u00e9ment technique d&#039;\u00e9clairage, plac\u00e9 \u00e0 l&#039;arri\u00e8re du disque lenticulaire et mont\u00e9 au mur, est constitu\u00e9 d&#039;un cylindre en aluminium qui supporte le circuit LED, prot\u00e9g\u00e9 par un cylindre en PMMA opalin satin\u00e9e anti-\u00e9blouissement. Lorsqu&#039;elle est allum\u00e9e, elle diffuse une lumi\u00e8re puissante qui illumine de grandes surfaces sans \u00e9blouir ; \u00e9teinte, elle refl\u00e8te son environnement et captive avec des distorsions anamorphiques. \u00c9galement disponible en version blanche avec rev\u00eatement en poudre, pouvant \u00eatre peinte selon le d\u00e9cor souhait\u00e9.\" \/>\n<meta property=\"og:url\" content=\"https:\/\/www.foscarini.com\/fr\/produit\/anoor-std-wc-fr\/\" \/>\n<meta property=\"og:site_name\" content=\"Foscarini\" \/>\n<meta property=\"article:modified_time\" content=\"2025-06-11T10:40:47+00:00\" \/>\n<meta property=\"og:image\" content=\"https:\/\/www.foscarini.com\/wp-content\/uploads\/2025\/06\/anoor_w_red_22_786x865-1.jpg\" \/>\n\t<meta property=\"og:image:width\" content=\"786\" \/>\n\t<meta property=\"og:image:height\" content=\"865\" \/>\n\t<meta property=\"og:image:type\" content=\"image\/jpeg\" \/>\n<meta name=\"twitter:card\" content=\"summary_large_image\" \/>\n<meta name=\"twitter:label1\" content=\"Dur\u00e9e de lecture estim\u00e9e\" \/>\n\t<meta name=\"twitter:data1\" content=\"1 minute\" \/>\n<script type=\"application\/ld+json\" class=\"yoast-schema-graph\">{\"@context\":\"https:\/\/schema.org\",\"@graph\":[{\"@type\":\"WebPage\",\"@id\":\"https:\/\/www.foscarini.com\/fr\/produit\/anoor-std-wc-fr\/\",\"url\":\"https:\/\/www.foscarini.com\/fr\/produit\/anoor-std-wc-fr\/\",\"name\":\"Anoor - Foscarini\",\"isPartOf\":{\"@id\":\"https:\/\/www.foscarini.com\/#website\"},\"primaryImageOfPage\":{\"@id\":\"https:\/\/www.foscarini.com\/fr\/produit\/anoor-std-wc-fr\/#primaryimage\"},\"image\":{\"@id\":\"https:\/\/www.foscarini.com\/fr\/produit\/anoor-std-wc-fr\/#primaryimage\"},\"thumbnailUrl\":\"https:\/\/www.foscarini.com\/wp-content\/uploads\/2025\/06\/anoor_w_red_22_786x865-3.jpg\",\"datePublished\":\"2025-04-04T18:20:55+00:00\",\"dateModified\":\"2025-06-11T10:40:47+00:00\",\"breadcrumb\":{\"@id\":\"https:\/\/www.foscarini.com\/fr\/produit\/anoor-std-wc-fr\/#breadcrumb\"},\"inLanguage\":\"fr-FR\",\"potentialAction\":[{\"@type\":\"ReadAction\",\"target\":[\"https:\/\/www.foscarini.com\/fr\/produit\/anoor-std-wc-fr\/\"]}]},{\"@type\":\"ImageObject\",\"inLanguage\":\"fr-FR\",\"@id\":\"https:\/\/www.foscarini.com\/fr\/produit\/anoor-std-wc-fr\/#primaryimage\",\"url\":\"https:\/\/www.foscarini.com\/wp-content\/uploads\/2025\/06\/anoor_w_red_22_786x865-3.jpg\",\"contentUrl\":\"https:\/\/www.foscarini.com\/wp-content\/uploads\/2025\/06\/anoor_w_red_22_786x865-3.jpg\",\"width\":786,\"height\":865},{\"@type\":\"BreadcrumbList\",\"@id\":\"https:\/\/www.foscarini.com\/fr\/produit\/anoor-std-wc-fr\/#breadcrumb\",\"itemListElement\":[{\"@type\":\"ListItem\",\"position\":1,\"name\":\"Home\",\"item\":\"https:\/\/www.foscarini.com\/fr\/\"},{\"@type\":\"ListItem\",\"position\":2,\"name\":\"Boutique\",\"item\":\"https:\/\/www.foscarini.com\/fr\/boutique\/\"},{\"@type\":\"ListItem\",\"position\":3,\"name\":\"Anoor\"}]},{\"@type\":\"WebSite\",\"@id\":\"https:\/\/www.foscarini.com\/#website\",\"url\":\"https:\/\/www.foscarini.com\/\",\"name\":\"Foscarini\",\"description\":\"\",\"potentialAction\":[{\"@type\":\"SearchAction\",\"target\":{\"@type\":\"EntryPoint\",\"urlTemplate\":\"https:\/\/www.foscarini.com\/?s={search_term_string}\"},\"query-input\":{\"@type\":\"PropertyValueSpecification\",\"valueRequired\":true,\"valueName\":\"search_term_string\"}}],\"inLanguage\":\"fr-FR\"}]}<\/script>\n<!-- \/ Yoast SEO Premium plugin. -->","yoast_head_json":{"title":"Anoor - Foscarini","robots":{"index":"index","follow":"follow","max-snippet":"max-snippet:-1","max-image-preview":"max-image-preview:large","max-video-preview":"max-video-preview:-1"},"og_locale":"fr_FR","og_type":"article","og_title":"Anoor","og_description":"Anoor est une lampe murale et de plafond pour \u00e9clairage indirect et r\u00e9fl\u00e9chi qui combine fonctionnalit\u00e9 et esth\u00e9tique. Le disque l\u00e9g\u00e8rement concave en aluminium bross\u00e9 est recouvert d'une finition transparente pigment\u00e9e qui ajoute de la profondeur et de la mati\u00e8re \u00e0 la couleur, cr\u00e9ant un effet miroir. L'\u00e9l\u00e9ment technique d'\u00e9clairage, plac\u00e9 \u00e0 l'arri\u00e8re du disque lenticulaire et mont\u00e9 au mur, est constitu\u00e9 d'un cylindre en aluminium qui supporte le circuit LED, prot\u00e9g\u00e9 par un cylindre en PMMA opalin satin\u00e9e anti-\u00e9blouissement. Lorsqu'elle est allum\u00e9e, elle diffuse une lumi\u00e8re puissante qui illumine de grandes surfaces sans \u00e9blouir ; \u00e9teinte, elle refl\u00e8te son environnement et captive avec des distorsions anamorphiques. \u00c9galement disponible en version blanche avec rev\u00eatement en poudre, pouvant \u00eatre peinte selon le d\u00e9cor souhait\u00e9.","og_url":"https:\/\/www.foscarini.com\/fr\/produit\/anoor-std-wc-fr\/","og_site_name":"Foscarini","article_modified_time":"2025-06-11T10:40:47+00:00","og_image":[{"width":786,"height":865,"url":"https:\/\/www.foscarini.com\/wp-content\/uploads\/2025\/06\/anoor_w_red_22_786x865-1.jpg","type":"image\/jpeg"}],"twitter_card":"summary_large_image","twitter_misc":{"Dur\u00e9e de lecture estim\u00e9e":"1 minute"},"schema":{"@context":"https:\/\/schema.org","@graph":[{"@type":"WebPage","@id":"https:\/\/www.foscarini.com\/fr\/produit\/anoor-std-wc-fr\/","url":"https:\/\/www.foscarini.com\/fr\/produit\/anoor-std-wc-fr\/","name":"Anoor - Foscarini","isPartOf":{"@id":"https:\/\/www.foscarini.com\/#website"},"primaryImageOfPage":{"@id":"https:\/\/www.foscarini.com\/fr\/produit\/anoor-std-wc-fr\/#primaryimage"},"image":{"@id":"https:\/\/www.foscarini.com\/fr\/produit\/anoor-std-wc-fr\/#primaryimage"},"thumbnailUrl":"https:\/\/www.foscarini.com\/wp-content\/uploads\/2025\/06\/anoor_w_red_22_786x865-3.jpg","datePublished":"2025-04-04T18:20:55+00:00","dateModified":"2025-06-11T10:40:47+00:00","breadcrumb":{"@id":"https:\/\/www.foscarini.com\/fr\/produit\/anoor-std-wc-fr\/#breadcrumb"},"inLanguage":"fr-FR","potentialAction":[{"@type":"ReadAction","target":["https:\/\/www.foscarini.com\/fr\/produit\/anoor-std-wc-fr\/"]}]},{"@type":"ImageObject","inLanguage":"fr-FR","@id":"https:\/\/www.foscarini.com\/fr\/produit\/anoor-std-wc-fr\/#primaryimage","url":"https:\/\/www.foscarini.com\/wp-content\/uploads\/2025\/06\/anoor_w_red_22_786x865-3.jpg","contentUrl":"https:\/\/www.foscarini.com\/wp-content\/uploads\/2025\/06\/anoor_w_red_22_786x865-3.jpg","width":786,"height":865},{"@type":"BreadcrumbList","@id":"https:\/\/www.foscarini.com\/fr\/produit\/anoor-std-wc-fr\/#breadcrumb","itemListElement":[{"@type":"ListItem","position":1,"name":"Home","item":"https:\/\/www.foscarini.com\/fr\/"},{"@type":"ListItem","position":2,"name":"Boutique","item":"https:\/\/www.foscarini.com\/fr\/boutique\/"},{"@type":"ListItem","position":3,"name":"Anoor"}]},{"@type":"WebSite","@id":"https:\/\/www.foscarini.com\/#website","url":"https:\/\/www.foscarini.com\/","name":"Foscarini","description":"","potentialAction":[{"@type":"SearchAction","target":{"@type":"EntryPoint","urlTemplate":"https:\/\/www.foscarini.com\/?s={search_term_string}"},"query-input":{"@type":"PropertyValueSpecification","valueRequired":true,"valueName":"search_term_string"}}],"inLanguage":"fr-FR"}]}},"_links":{"self":[{"href":"https:\/\/www.foscarini.com\/fr\/wp-json\/wp\/v2\/product\/365765"}],"collection":[{"href":"https:\/\/www.foscarini.com\/fr\/wp-json\/wp\/v2\/product"}],"about":[{"href":"https:\/\/www.foscarini.com\/fr\/wp-json\/wp\/v2\/types\/product"}],"replies":[{"embeddable":true,"href":"https:\/\/www.foscarini.com\/fr\/wp-json\/wp\/v2\/comments?post=365765"}],"wp:featuredmedia":[{"embeddable":true,"href":"https:\/\/www.foscarini.com\/fr\/wp-json\/wp\/v2\/media\/465242"}],"wp:attachment":[{"href":"https:\/\/www.foscarini.com\/fr\/wp-json\/wp\/v2\/media?parent=365765"}],"wp:term":[{"taxonomy":"product_cat","embeddable":true,"href":"https:\/\/www.foscarini.com\/fr\/wp-json\/wp\/v2\/product_cat?post=365765"},{"taxonomy":"product_tag","embeddable":true,"href":"https:\/\/www.foscarini.com\/fr\/wp-json\/wp\/v2\/product_tag?post=365765"},{"taxonomy":"materiale","embeddable":true,"href":"https:\/\/www.foscarini.com\/fr\/wp-json\/wp\/v2\/materiale?post=365765"},{"taxonomy":"altezza","embeddable":true,"href":"https:\/\/www.foscarini.com\/fr\/wp-json\/wp\/v2\/altezza?post=365765"},{"taxonomy":"larghezza","embeddable":true,"href":"https:\/\/www.foscarini.com\/fr\/wp-json\/wp\/v2\/larghezza?post=365765"},{"taxonomy":"profondita","embeddable":true,"href":"https:\/\/www.foscarini.com\/fr\/wp-json\/wp\/v2\/profondita?post=365765"},{"taxonomy":"peso","embeddable":true,"href":"https:\/\/www.foscarini.com\/fr\/wp-json\/wp\/v2\/peso?post=365765"},{"taxonomy":"designer-prodotto","embeddable":true,"href":"https:\/\/www.foscarini.com\/fr\/wp-json\/wp\/v2\/designer-prodotto?post=365765"}],"curies":[{"name":"wp","href":"https:\/\/api.w.org\/{rel}","templated":true}]}}