{"id":305057,"date":"2024-09-12T08:10:24","date_gmt":"2024-09-12T08:10:24","guid":{"rendered":"https:\/\/www.foscarini.com\/?post_type=product&#038;p=305057"},"modified":"2025-06-11T13:59:44","modified_gmt":"2025-06-11T13:59:44","slug":"hoba-std-c-fr","status":"publish","type":"product","link":"https:\/\/www.foscarini.com\/fr\/produit\/hoba-std-c-fr\/","title":{"rendered":"Hoba"},"content":{"rendered":"<section class=\"pdp__slider full-height-vh\">\n    <div class=\"swiper-container swiper__pdp\">\n        <div class=\"swiper-wrapper full-height\">\n                                <div class=\"swiper-slide\">\n                                                    <img decoding=\"async\" class=\"full-cover\" src=\"https:\/\/www.foscarini.com\/wp-content\/uploads\/2024\/09\/3.1_Hoba-150x150.jpg\" srcset=\"https:\/\/www.foscarini.com\/wp-content\/uploads\/2024\/09\/3.1_Hoba-300x250.jpg 300w, https:\/\/www.foscarini.com\/wp-content\/uploads\/2024\/09\/3.1_Hoba-1024x854.jpg 1024w, https:\/\/www.foscarini.com\/wp-content\/uploads\/2024\/09\/3.1_Hoba-768x641.jpg 768w, https:\/\/www.foscarini.com\/wp-content\/uploads\/2024\/09\/3.1_Hoba-1536x1282.jpg 1536w, https:\/\/www.foscarini.com\/wp-content\/uploads\/2024\/09\/3.1_Hoba-800x668.jpg 800w, https:\/\/www.foscarini.com\/wp-content\/uploads\/2024\/09\/3.1_Hoba.jpg 1776w\" alt=\"\" \/>\n                                                                        <\/div>\n                                        <div class=\"swiper-slide\">\n                                                    <img decoding=\"async\" class=\"full-cover\" src=\"https:\/\/www.foscarini.com\/wp-content\/uploads\/2024\/09\/3.2_Hoba-150x150.jpg\" srcset=\"https:\/\/www.foscarini.com\/wp-content\/uploads\/2024\/09\/3.2_Hoba-300x250.jpg 300w, https:\/\/www.foscarini.com\/wp-content\/uploads\/2024\/09\/3.2_Hoba-1024x854.jpg 1024w, https:\/\/www.foscarini.com\/wp-content\/uploads\/2024\/09\/3.2_Hoba-768x641.jpg 768w, https:\/\/www.foscarini.com\/wp-content\/uploads\/2024\/09\/3.2_Hoba-1536x1282.jpg 1536w, https:\/\/www.foscarini.com\/wp-content\/uploads\/2024\/09\/3.2_Hoba-800x668.jpg 800w, https:\/\/www.foscarini.com\/wp-content\/uploads\/2024\/09\/3.2_Hoba.jpg 1776w\" alt=\"\" \/>\n                                                                        <\/div>\n                                        <div class=\"swiper-slide\">\n                                                    <img decoding=\"async\" class=\"full-cover\" src=\"https:\/\/www.foscarini.com\/wp-content\/uploads\/2024\/09\/3.3_Hoba-150x150.jpg\" srcset=\"https:\/\/www.foscarini.com\/wp-content\/uploads\/2024\/09\/3.3_Hoba-194x300.jpg 194w, https:\/\/www.foscarini.com\/wp-content\/uploads\/2024\/09\/3.3_Hoba-663x1024.jpg 663w, https:\/\/www.foscarini.com\/wp-content\/uploads\/2024\/09\/3.3_Hoba-768x1186.jpg 768w, https:\/\/www.foscarini.com\/wp-content\/uploads\/2024\/09\/3.3_Hoba-800x1235.jpg 800w, https:\/\/www.foscarini.com\/wp-content\/uploads\/2024\/09\/3.3_Hoba.jpg 960w\" alt=\"\" \/>\n                                                                        <\/div>\n                            <\/div>\n    <\/div>\n    <div class=\"swiper-scrollbar\"><\/div>\n    <div class=\"ct-arrow\">\n        <div class=\"swiper-button-prev\"><\/div>\n        <div class=\"swiper-button-next\"><\/div>\n    <\/div>\n<\/section><div class=\"wp-block-columns two_image_join two_image_join_affiancate on_off_block is-layout-flex wp-container-core-columns-is-layout-1 wp-block-columns-is-layout-flex\"><\/div>","protected":false},"excerpt":{"rendered":"<p>Plafonnier et applique offrant une lumi\u00e8re diffuse. Diffuseur en verre opalin souffl\u00e9 \u00e0 la bouche et grav\u00e9 \u00e0 l\u2019acide. Une proc\u00e9dure sp\u00e9ciale de soufflage de verre non tourn\u00e9 dans un moule ouvert permet d\u2019obtenir des formes l\u00e9g\u00e8rement diff\u00e9rentes, pour une collection de pi\u00e8ces en constante \u00e9volution, produites en s\u00e9rie mais pr\u00e9sentant les caract\u00e9ristiques uniques du fait main. Support en polyamide naturel.<\/p>\n","protected":false},"featured_media":468026,"comment_status":"open","ping_status":"closed","template":"","meta":{"_acf_changed":false},"product_cat":[649,716,936,6792,739],"product_tag":[],"materiale":[8167],"altezza":[7848],"larghezza":[7952],"profondita":[8188],"peso":[9991],"designer-prodotto":[7988],"class_list":{"0":"post-305057","1":"product","2":"type-product","3":"status-publish","4":"has-post-thumbnail","6":"product_cat-concetto-fr","7":"product_cat-funzione-fr","8":"product_cat-hoba-concetto-fr","9":"product_cat-hoba-famiglia-fr","10":"product_cat-soffitto-fr","11":"materiale-vetro-e-vetro-soffiato-fr","12":"altezza-14-18-fr","13":"larghezza-14-18-fr","14":"profondita-14-18-fr","15":"peso-44-fr","16":"designer-prodotto-luca-nichetto-fr","18":"first","19":"instock","20":"shipping-taxable","21":"purchasable","22":"product-type-variable"},"acf":{"preview_slider":{"titolo":"","testo":"","video_domanda":false,"link_video":""},"prodotto__immagine_preview":{"immagine":305231},"prodotto__slider":{"sottotitolo":"Ludovica+Roberto Palomba (2023)","titolo":"R\u00e9alis\u00e9s en verre souffl\u00e9 mat, les plafonniers Hoba ont une forme asym\u00e9trique et irr\u00e9guli\u00e8re qui rappelle une m\u00e9t\u00e9orite cristallis\u00e9e au moment de son envol. Elles diffusent une lumi\u00e8re chaude et enveloppante.","immagini":[{"immagine":415315,"immagine_mobile":""}]},"prodotto__slider_preview":null,"prodotto__specifiche":{"selezione":[{"scheda_tecnica":462774}]}},"yoast_head":"<!-- This site is optimized with the Yoast SEO Premium plugin v22.4 (Yoast SEO v23.7) - https:\/\/yoast.com\/wordpress\/plugins\/seo\/ -->\n<title>Hoba - Foscarini<\/title>\n<meta name=\"robots\" content=\"index, follow, max-snippet:-1, max-image-preview:large, max-video-preview:-1\" \/>\n<meta property=\"og:locale\" content=\"fr_FR\" \/>\n<meta property=\"og:type\" content=\"article\" \/>\n<meta property=\"og:title\" content=\"Hoba\" \/>\n<meta property=\"og:description\" content=\"Plafonnier et applique offrant une lumi\u00e8re diffuse. Diffuseur en verre opalin souffl\u00e9 \u00e0 la bouche et grav\u00e9 \u00e0 l\u2019acide. Une proc\u00e9dure sp\u00e9ciale de soufflage de verre non tourn\u00e9 dans un moule ouvert permet d\u2019obtenir des formes l\u00e9g\u00e8rement diff\u00e9rentes, pour une collection de pi\u00e8ces en constante \u00e9volution, produites en s\u00e9rie mais pr\u00e9sentant les caract\u00e9ristiques uniques du fait main. Support en polyamide naturel.\" \/>\n<meta property=\"og:url\" content=\"https:\/\/www.foscarini.com\/fr\/produit\/hoba-std-c-fr\/\" \/>\n<meta property=\"og:site_name\" content=\"Foscarini\" \/>\n<meta property=\"article:modified_time\" content=\"2025-06-11T13:59:44+00:00\" \/>\n<meta property=\"og:image\" content=\"https:\/\/www.foscarini.com\/wp-content\/uploads\/2025\/06\/hoba_c_white_22_786x865-1.jpg\" \/>\n\t<meta property=\"og:image:width\" content=\"786\" \/>\n\t<meta property=\"og:image:height\" content=\"865\" \/>\n\t<meta property=\"og:image:type\" content=\"image\/jpeg\" \/>\n<meta name=\"twitter:card\" content=\"summary_large_image\" \/>\n<meta name=\"twitter:label1\" content=\"Dur\u00e9e de lecture estim\u00e9e\" \/>\n\t<meta name=\"twitter:data1\" content=\"1 minute\" \/>\n<script type=\"application\/ld+json\" class=\"yoast-schema-graph\">{\"@context\":\"https:\/\/schema.org\",\"@graph\":[{\"@type\":\"WebPage\",\"@id\":\"https:\/\/www.foscarini.com\/fr\/produit\/hoba-std-c-fr\/\",\"url\":\"https:\/\/www.foscarini.com\/fr\/produit\/hoba-std-c-fr\/\",\"name\":\"Hoba - Foscarini\",\"isPartOf\":{\"@id\":\"https:\/\/www.foscarini.com\/#website\"},\"primaryImageOfPage\":{\"@id\":\"https:\/\/www.foscarini.com\/fr\/produit\/hoba-std-c-fr\/#primaryimage\"},\"image\":{\"@id\":\"https:\/\/www.foscarini.com\/fr\/produit\/hoba-std-c-fr\/#primaryimage\"},\"thumbnailUrl\":\"https:\/\/www.foscarini.com\/wp-content\/uploads\/2025\/06\/hoba_c_white_22_786x865-3.jpg\",\"datePublished\":\"2024-09-12T08:10:24+00:00\",\"dateModified\":\"2025-06-11T13:59:44+00:00\",\"breadcrumb\":{\"@id\":\"https:\/\/www.foscarini.com\/fr\/produit\/hoba-std-c-fr\/#breadcrumb\"},\"inLanguage\":\"fr-FR\",\"potentialAction\":[{\"@type\":\"ReadAction\",\"target\":[\"https:\/\/www.foscarini.com\/fr\/produit\/hoba-std-c-fr\/\"]}]},{\"@type\":\"ImageObject\",\"inLanguage\":\"fr-FR\",\"@id\":\"https:\/\/www.foscarini.com\/fr\/produit\/hoba-std-c-fr\/#primaryimage\",\"url\":\"https:\/\/www.foscarini.com\/wp-content\/uploads\/2025\/06\/hoba_c_white_22_786x865-3.jpg\",\"contentUrl\":\"https:\/\/www.foscarini.com\/wp-content\/uploads\/2025\/06\/hoba_c_white_22_786x865-3.jpg\",\"width\":786,\"height\":865},{\"@type\":\"BreadcrumbList\",\"@id\":\"https:\/\/www.foscarini.com\/fr\/produit\/hoba-std-c-fr\/#breadcrumb\",\"itemListElement\":[{\"@type\":\"ListItem\",\"position\":1,\"name\":\"Home\",\"item\":\"https:\/\/www.foscarini.com\/fr\/\"},{\"@type\":\"ListItem\",\"position\":2,\"name\":\"Boutique\",\"item\":\"https:\/\/www.foscarini.com\/fr\/boutique\/\"},{\"@type\":\"ListItem\",\"position\":3,\"name\":\"Hoba\"}]},{\"@type\":\"WebSite\",\"@id\":\"https:\/\/www.foscarini.com\/#website\",\"url\":\"https:\/\/www.foscarini.com\/\",\"name\":\"Foscarini\",\"description\":\"\",\"potentialAction\":[{\"@type\":\"SearchAction\",\"target\":{\"@type\":\"EntryPoint\",\"urlTemplate\":\"https:\/\/www.foscarini.com\/?s={search_term_string}\"},\"query-input\":{\"@type\":\"PropertyValueSpecification\",\"valueRequired\":true,\"valueName\":\"search_term_string\"}}],\"inLanguage\":\"fr-FR\"}]}<\/script>\n<!-- \/ Yoast SEO Premium plugin. -->","yoast_head_json":{"title":"Hoba - Foscarini","robots":{"index":"index","follow":"follow","max-snippet":"max-snippet:-1","max-image-preview":"max-image-preview:large","max-video-preview":"max-video-preview:-1"},"og_locale":"fr_FR","og_type":"article","og_title":"Hoba","og_description":"Plafonnier et applique offrant une lumi\u00e8re diffuse. Diffuseur en verre opalin souffl\u00e9 \u00e0 la bouche et grav\u00e9 \u00e0 l\u2019acide. Une proc\u00e9dure sp\u00e9ciale de soufflage de verre non tourn\u00e9 dans un moule ouvert permet d\u2019obtenir des formes l\u00e9g\u00e8rement diff\u00e9rentes, pour une collection de pi\u00e8ces en constante \u00e9volution, produites en s\u00e9rie mais pr\u00e9sentant les caract\u00e9ristiques uniques du fait main. Support en polyamide naturel.","og_url":"https:\/\/www.foscarini.com\/fr\/produit\/hoba-std-c-fr\/","og_site_name":"Foscarini","article_modified_time":"2025-06-11T13:59:44+00:00","og_image":[{"width":786,"height":865,"url":"https:\/\/www.foscarini.com\/wp-content\/uploads\/2025\/06\/hoba_c_white_22_786x865-1.jpg","type":"image\/jpeg"}],"twitter_card":"summary_large_image","twitter_misc":{"Dur\u00e9e de lecture estim\u00e9e":"1 minute"},"schema":{"@context":"https:\/\/schema.org","@graph":[{"@type":"WebPage","@id":"https:\/\/www.foscarini.com\/fr\/produit\/hoba-std-c-fr\/","url":"https:\/\/www.foscarini.com\/fr\/produit\/hoba-std-c-fr\/","name":"Hoba - Foscarini","isPartOf":{"@id":"https:\/\/www.foscarini.com\/#website"},"primaryImageOfPage":{"@id":"https:\/\/www.foscarini.com\/fr\/produit\/hoba-std-c-fr\/#primaryimage"},"image":{"@id":"https:\/\/www.foscarini.com\/fr\/produit\/hoba-std-c-fr\/#primaryimage"},"thumbnailUrl":"https:\/\/www.foscarini.com\/wp-content\/uploads\/2025\/06\/hoba_c_white_22_786x865-3.jpg","datePublished":"2024-09-12T08:10:24+00:00","dateModified":"2025-06-11T13:59:44+00:00","breadcrumb":{"@id":"https:\/\/www.foscarini.com\/fr\/produit\/hoba-std-c-fr\/#breadcrumb"},"inLanguage":"fr-FR","potentialAction":[{"@type":"ReadAction","target":["https:\/\/www.foscarini.com\/fr\/produit\/hoba-std-c-fr\/"]}]},{"@type":"ImageObject","inLanguage":"fr-FR","@id":"https:\/\/www.foscarini.com\/fr\/produit\/hoba-std-c-fr\/#primaryimage","url":"https:\/\/www.foscarini.com\/wp-content\/uploads\/2025\/06\/hoba_c_white_22_786x865-3.jpg","contentUrl":"https:\/\/www.foscarini.com\/wp-content\/uploads\/2025\/06\/hoba_c_white_22_786x865-3.jpg","width":786,"height":865},{"@type":"BreadcrumbList","@id":"https:\/\/www.foscarini.com\/fr\/produit\/hoba-std-c-fr\/#breadcrumb","itemListElement":[{"@type":"ListItem","position":1,"name":"Home","item":"https:\/\/www.foscarini.com\/fr\/"},{"@type":"ListItem","position":2,"name":"Boutique","item":"https:\/\/www.foscarini.com\/fr\/boutique\/"},{"@type":"ListItem","position":3,"name":"Hoba"}]},{"@type":"WebSite","@id":"https:\/\/www.foscarini.com\/#website","url":"https:\/\/www.foscarini.com\/","name":"Foscarini","description":"","potentialAction":[{"@type":"SearchAction","target":{"@type":"EntryPoint","urlTemplate":"https:\/\/www.foscarini.com\/?s={search_term_string}"},"query-input":{"@type":"PropertyValueSpecification","valueRequired":true,"valueName":"search_term_string"}}],"inLanguage":"fr-FR"}]}},"_links":{"self":[{"href":"https:\/\/www.foscarini.com\/fr\/wp-json\/wp\/v2\/product\/305057"}],"collection":[{"href":"https:\/\/www.foscarini.com\/fr\/wp-json\/wp\/v2\/product"}],"about":[{"href":"https:\/\/www.foscarini.com\/fr\/wp-json\/wp\/v2\/types\/product"}],"replies":[{"embeddable":true,"href":"https:\/\/www.foscarini.com\/fr\/wp-json\/wp\/v2\/comments?post=305057"}],"wp:featuredmedia":[{"embeddable":true,"href":"https:\/\/www.foscarini.com\/fr\/wp-json\/wp\/v2\/media\/468026"}],"wp:attachment":[{"href":"https:\/\/www.foscarini.com\/fr\/wp-json\/wp\/v2\/media?parent=305057"}],"wp:term":[{"taxonomy":"product_cat","embeddable":true,"href":"https:\/\/www.foscarini.com\/fr\/wp-json\/wp\/v2\/product_cat?post=305057"},{"taxonomy":"product_tag","embeddable":true,"href":"https:\/\/www.foscarini.com\/fr\/wp-json\/wp\/v2\/product_tag?post=305057"},{"taxonomy":"materiale","embeddable":true,"href":"https:\/\/www.foscarini.com\/fr\/wp-json\/wp\/v2\/materiale?post=305057"},{"taxonomy":"altezza","embeddable":true,"href":"https:\/\/www.foscarini.com\/fr\/wp-json\/wp\/v2\/altezza?post=305057"},{"taxonomy":"larghezza","embeddable":true,"href":"https:\/\/www.foscarini.com\/fr\/wp-json\/wp\/v2\/larghezza?post=305057"},{"taxonomy":"profondita","embeddable":true,"href":"https:\/\/www.foscarini.com\/fr\/wp-json\/wp\/v2\/profondita?post=305057"},{"taxonomy":"peso","embeddable":true,"href":"https:\/\/www.foscarini.com\/fr\/wp-json\/wp\/v2\/peso?post=305057"},{"taxonomy":"designer-prodotto","embeddable":true,"href":"https:\/\/www.foscarini.com\/fr\/wp-json\/wp\/v2\/designer-prodotto?post=305057"}],"curies":[{"name":"wp","href":"https:\/\/api.w.org\/{rel}","templated":true}]}}