{"id":237065,"date":"2024-04-11T12:24:51","date_gmt":"2024-04-11T12:24:51","guid":{"rendered":"https:\/\/www.foscarini.com\/product\/fregio-std-w\/"},"modified":"2025-06-11T12:10:30","modified_gmt":"2025-06-11T12:10:30","slug":"fregio-std-w-fr","status":"publish","type":"product","link":"https:\/\/www.foscarini.com\/fr\/produit\/fregio-std-w-fr\/","title":{"rendered":"Fregio"},"content":{"rendered":"<section class=\"pdp__slider full-height-vh\">\n    <div class=\"swiper-container swiper__pdp\">\n        <div class=\"swiper-wrapper full-height\">\n                                <div class=\"swiper-slide\">\n                                                    <img decoding=\"async\" class=\"full-cover\" src=\"https:\/\/www.foscarini.com\/wp-content\/uploads\/2024\/04\/3.4_Fregio-1-150x150.jpg\" srcset=\"https:\/\/www.foscarini.com\/wp-content\/uploads\/2024\/04\/3.4_Fregio-1-199x300.jpg 199w, https:\/\/www.foscarini.com\/wp-content\/uploads\/2024\/04\/3.4_Fregio-1-678x1024.jpg 678w, https:\/\/www.foscarini.com\/wp-content\/uploads\/2024\/04\/3.4_Fregio-1-768x1160.jpg 768w, https:\/\/www.foscarini.com\/wp-content\/uploads\/2024\/04\/3.4_Fregio-1-800x1208.jpg 800w, https:\/\/www.foscarini.com\/wp-content\/uploads\/2024\/04\/3.4_Fregio-1.jpg 980w\" alt=\"\" \/>\n                                                                        <\/div>\n                                        <div class=\"swiper-slide\">\n                                                    <img decoding=\"async\" class=\"full-cover\" src=\"https:\/\/www.foscarini.com\/wp-content\/uploads\/2024\/04\/3.5_Fregio-1-150x150.jpg\" srcset=\"https:\/\/www.foscarini.com\/wp-content\/uploads\/2024\/04\/3.5_Fregio-1-199x300.jpg 199w, https:\/\/www.foscarini.com\/wp-content\/uploads\/2024\/04\/3.5_Fregio-1-678x1024.jpg 678w, https:\/\/www.foscarini.com\/wp-content\/uploads\/2024\/04\/3.5_Fregio-1-768x1160.jpg 768w, https:\/\/www.foscarini.com\/wp-content\/uploads\/2024\/04\/3.5_Fregio-1-800x1208.jpg 800w, https:\/\/www.foscarini.com\/wp-content\/uploads\/2024\/04\/3.5_Fregio-1.jpg 980w\" alt=\"\" \/>\n                                                                        <\/div>\n                                        <div class=\"swiper-slide\">\n                                                    <img decoding=\"async\" class=\"full-cover\" src=\"https:\/\/www.foscarini.com\/wp-content\/uploads\/2024\/04\/3.6_Fregio-1-150x150.jpg\" srcset=\"https:\/\/www.foscarini.com\/wp-content\/uploads\/2024\/04\/3.6_Fregio-1-199x300.jpg 199w, https:\/\/www.foscarini.com\/wp-content\/uploads\/2024\/04\/3.6_Fregio-1-678x1024.jpg 678w, https:\/\/www.foscarini.com\/wp-content\/uploads\/2024\/04\/3.6_Fregio-1-768x1160.jpg 768w, https:\/\/www.foscarini.com\/wp-content\/uploads\/2024\/04\/3.6_Fregio-1-800x1208.jpg 800w, https:\/\/www.foscarini.com\/wp-content\/uploads\/2024\/04\/3.6_Fregio-1.jpg 980w\" alt=\"\" \/>\n                                                                        <\/div>\n                                        <div class=\"swiper-slide\">\n                                                    <img decoding=\"async\" class=\"full-cover\" src=\"https:\/\/www.foscarini.com\/wp-content\/uploads\/2024\/04\/3.9_Fregio-1-150x150.jpg\" srcset=\"https:\/\/www.foscarini.com\/wp-content\/uploads\/2024\/04\/3.9_Fregio-1-199x300.jpg 199w, https:\/\/www.foscarini.com\/wp-content\/uploads\/2024\/04\/3.9_Fregio-1-678x1024.jpg 678w, https:\/\/www.foscarini.com\/wp-content\/uploads\/2024\/04\/3.9_Fregio-1-768x1160.jpg 768w, https:\/\/www.foscarini.com\/wp-content\/uploads\/2024\/04\/3.9_Fregio-1-800x1208.jpg 800w, https:\/\/www.foscarini.com\/wp-content\/uploads\/2024\/04\/3.9_Fregio-1.jpg 980w\" alt=\"\" \/>\n                                                                        <\/div>\n                                        <div class=\"swiper-slide\">\n                                                    <img decoding=\"async\" class=\"full-cover\" src=\"https:\/\/www.foscarini.com\/wp-content\/uploads\/2024\/04\/3.10_Fregio-150x150.jpg\" srcset=\"https:\/\/www.foscarini.com\/wp-content\/uploads\/2024\/04\/3.10_Fregio-199x300.jpg 199w, https:\/\/www.foscarini.com\/wp-content\/uploads\/2024\/04\/3.10_Fregio-678x1024.jpg 678w, https:\/\/www.foscarini.com\/wp-content\/uploads\/2024\/04\/3.10_Fregio-768x1160.jpg 768w, https:\/\/www.foscarini.com\/wp-content\/uploads\/2024\/04\/3.10_Fregio-800x1208.jpg 800w, https:\/\/www.foscarini.com\/wp-content\/uploads\/2024\/04\/3.10_Fregio.jpg 980w\" alt=\"\" \/>\n                                                                        <\/div>\n                            <\/div>\n    <\/div>\n    <div class=\"swiper-scrollbar\"><\/div>\n    <div class=\"ct-arrow\">\n        <div class=\"swiper-button-prev\"><\/div>\n        <div class=\"swiper-button-next\"><\/div>\n    <\/div>\n<\/section><section class=\"concept__project_comunication full-height-vh\">\n    <div class=\"row row-large\">\n        <div class=\"medium-12 small-12 columns full-height no-padding-right-mobile\">\n            <div class=\"ct-image-text-lateral\">\n                <div class=\"ct-arrow\">\n                    <div class=\"swiper-button-prev\" aria-label=\"previous slide\"><\/div>\n                    <div class=\"swiper-button-next\" aria-label=\"next slide\"><\/div>\n                <\/div>\n                <span class=\"section-name-lateral\">Contenuto editoriale<\/span>\n                <!-- Swiper -->\n                <div class=\"swiper-container swiper__concept__comunication\">\n                    <div class=\"swiper-wrapper\">\n                                                            <div class=\"swiper-slide\">\n                                        <div class=\"ct-slide\">\n                                                                                                <img decoding=\"async\" class=\"full-cover\" src=\"https:\/\/www.foscarini.com\/wp-content\/uploads\/2024\/01\/Modulo1_Battiti-150x150.jpg\" srcset=\"https:\/\/www.foscarini.com\/wp-content\/uploads\/2024\/01\/Modulo1_Battiti-300x194.jpg 300w, https:\/\/www.foscarini.com\/wp-content\/uploads\/2024\/01\/Modulo1_Battiti-800x518.jpg 800w, https:\/\/www.foscarini.com\/wp-content\/uploads\/2024\/01\/Modulo1_Battiti-1024x663.jpg 1024w, https:\/\/www.foscarini.com\/wp-content\/uploads\/2024\/01\/Modulo1_Battiti-768x498.jpg 768w, https:\/\/www.foscarini.com\/wp-content\/uploads\/2024\/01\/Modulo1_Battiti-1536x995.jpg 1536w, https:\/\/www.foscarini.com\/wp-content\/uploads\/2024\/01\/Modulo1_Battiti-2048x1327.jpg 2048w\" alt=\"\" \/>\n                                                                                                <div class=\"ct-col-right\">\n                                                <div class=\"ct-link\">\n                                                    <a class=\"link-arrow\" href=\"https:\/\/www.foscarini.com\/battiti-un-laboratorio-di-ricerca-su-luce-e-ceramica\/\">Battiti: un laboratorio di ricerca su luce e ceramica<\/a>\n                                                    <div class=\"text-1\"><p>Foscarini, con Andrea Anastasio e Ceramica Gatti 1928 esplora nuove interpretazioni della luce, che qui diventa materia nel dialogo con la ceramica.<\/p>\n<\/div>\n                                                <\/div>\n                                            <\/div>\n                                        <\/div>\n                                    <\/div>\n                                                        <\/div>\n                <\/div>\n            <\/div>\n        <\/div>\n    <\/div>\n<\/section><div class=\"wp-block-columns two_image_join two_image_join_affiancate on_off_block is-layout-flex wp-container-core-columns-is-layout-1 wp-block-columns-is-layout-flex\"><div class=\"wp-block-column is-layout-flow wp-block-column-is-layout-flow\"><div class=\"wp-block-getwid-image-hotspot\" data-appearance-animation=\"none\" data-image-points=\"[{&quot;link&quot;:&quot;&quot;,&quot;icon&quot;:&quot;&quot;,&quot;title&quot;:&quot;acceso&quot;,&quot;color&quot;:&quot;&quot;,&quot;content&quot;:&quot;&quot;,&quot;backgroundColor&quot;:&quot;&quot;,&quot;newTab&quot;:false,&quot;popUpOpen&quot;:false,&quot;popUpWidth&quot;:350,&quot;placement&quot;:&quot;top&quot;,&quot;position&quot;:{&quot;x&quot;:&quot;40.89%&quot;,&quot;y&quot;:&quot;25.99%&quot;}}]\" data-trigger=\"click\" data-theme=\"light\" data-tooltip-animation=\"shift-toward\" data-arrow=\"true\"><div class=\"wp-block-getwid-image-hotspot__wrapper\"><img loading=\"lazy\" decoding=\"async\" width=\"2560\" height=\"1591\" src=\"https:\/\/www.foscarini.com\/wp-content\/uploads\/2024\/04\/4.1-OFF_Fregio-1-scaled.jpg\" alt=\"\" class=\"wp-block-getwid-image-hotspot__image wp-image-237023\" srcset=\"https:\/\/www.foscarini.com\/wp-content\/uploads\/2024\/04\/4.1-OFF_Fregio-1-scaled.jpg 2560w, https:\/\/www.foscarini.com\/wp-content\/uploads\/2024\/04\/4.1-OFF_Fregio-1-300x186.jpg 300w, https:\/\/www.foscarini.com\/wp-content\/uploads\/2024\/04\/4.1-OFF_Fregio-1-1024x636.jpg 1024w, https:\/\/www.foscarini.com\/wp-content\/uploads\/2024\/04\/4.1-OFF_Fregio-1-768x477.jpg 768w, https:\/\/www.foscarini.com\/wp-content\/uploads\/2024\/04\/4.1-OFF_Fregio-1-1536x955.jpg 1536w, https:\/\/www.foscarini.com\/wp-content\/uploads\/2024\/04\/4.1-OFF_Fregio-1-2048x1273.jpg 2048w, https:\/\/www.foscarini.com\/wp-content\/uploads\/2024\/04\/4.1-OFF_Fregio-1-800x497.jpg 800w\" sizes=\"(max-width: 2560px) 100vw, 2560px\" \/><div data-point-id=\"0\" class=\"wp-block-getwid-image-hotspot__dot has-animation-pulse\" style=\"left:40.89%;top:25.99%\"><div class=\"wp-block-getwid-image-hotspot__dot-wrapper\"><div class=\"wp-block-getwid-image-hotspot__dot-content\"><i class=\"fas fa-plus wp-block-getwid-image-hotspot__dot-icon\"><\/i><\/div><\/div><div class=\"wp-block-getwid-image-hotspot__dot-description\"><div class=\"wp-block-getwid-image-hotspot__dot-title\">acceso<\/div><\/div><\/div><\/div><\/div>\n\n<figure class=\"wp-block-image size-large absolute_image\"><img loading=\"lazy\" decoding=\"async\" width=\"1024\" height=\"636\" src=\"https:\/\/www.foscarini.com\/wp-content\/uploads\/2024\/04\/4.2-ON_Fregio-1-1024x636.jpg\" alt=\"\" class=\"wp-image-237030\" srcset=\"https:\/\/www.foscarini.com\/wp-content\/uploads\/2024\/04\/4.2-ON_Fregio-1-1024x636.jpg 1024w, https:\/\/www.foscarini.com\/wp-content\/uploads\/2024\/04\/4.2-ON_Fregio-1-300x186.jpg 300w, https:\/\/www.foscarini.com\/wp-content\/uploads\/2024\/04\/4.2-ON_Fregio-1-768x477.jpg 768w, https:\/\/www.foscarini.com\/wp-content\/uploads\/2024\/04\/4.2-ON_Fregio-1-1536x955.jpg 1536w, https:\/\/www.foscarini.com\/wp-content\/uploads\/2024\/04\/4.2-ON_Fregio-1-2048x1273.jpg 2048w, https:\/\/www.foscarini.com\/wp-content\/uploads\/2024\/04\/4.2-ON_Fregio-1-800x497.jpg 800w\" sizes=\"(max-width: 1024px) 100vw, 1024px\" \/><\/figure><\/div><\/div>","protected":false},"excerpt":{"rendered":"<p>Applique qui combine la saveur ancestrale de la c\u00e9ramique d\u00e9cor\u00e9e \u00e0 la main avec la saveur technologique et industrielle des sources lumineuses LED et des bandes lat\u00e9rales de support en m\u00e9tal.  Le design distinctif du bas-relief en c\u00e9ramique a \u00e9t\u00e9 cr\u00e9\u00e9 par le designer en s\u00e9lectionnant des parties de moules historiques dans les archives de l\u2019atelier artistique Gatti de Faenza et en les r\u00e9assemblant de mani\u00e8re originale.  Le panneau en c\u00e9ramique est ancr\u00e9 dans un corps central en acier peint en noir mat qui abrite la LED. Les diffuseurs opalins situ\u00e9s en bas et en haut offrent un confort visuel exceptionnel et cr\u00e9ent un \u00e9clairage d\u2019ambiance agr\u00e9able.<\/p>\n","protected":false},"featured_media":467365,"comment_status":"open","ping_status":"closed","template":"","meta":{"_acf_changed":true},"product_cat":[709,649,1490,6807,716],"product_tag":[],"materiale":[8000],"altezza":[10494],"larghezza":[9667],"profondita":[9660],"peso":[9820],"designer-prodotto":[8592],"class_list":{"0":"post-237065","1":"product","2":"type-product","3":"status-publish","4":"has-post-thumbnail","6":"product_cat-parete-fr","7":"product_cat-concetto-fr","8":"product_cat-fregio-concetto-fr","9":"product_cat-fregio-famiglia-fr","10":"product_cat-funzione-fr","11":"materiale-ceramica-fr","12":"altezza-3-78-fr","13":"larghezza-29-12-fr","14":"profondita-3-78-fr","15":"peso-4-fr","16":"designer-prodotto-andrea-anastasio-fr","18":"first","19":"instock","20":"shipping-taxable","21":"purchasable","22":"product-type-variable"},"acf":{"preview_slider":{"titolo":"","testo":"","video_domanda":false,"link_video":""},"prodotto__immagine_preview":{"immagine":236550},"prodotto__slider":{"sottotitolo":"Andrea Anastasio (2023)","titolo":"Une lampe murale au fort pouvoir narratif et d\u00e9coratif, m\u00eame lorsqu\u2019elle est \u00e9teinte, qui cr\u00e9e une lumi\u00e8re d\u2019ambiance agr\u00e9able lorsqu\u2019elle est allum\u00e9e. Fregio est une sculpture lumineuse compos\u00e9e de bas-reliefs floraux en c\u00e9ramique \u00e9maill\u00e9e et de diodes \u00e9lectroluminescentes, qui associe une approche contemporaine \u00e0 l\u2019ancien savoir-faire de la c\u00e9ramique d\u00e9cor\u00e9e.","immagini":[{"immagine":237051,"immagine_mobile":null},{"immagine":237044,"immagine_mobile":null},{"immagine":237037,"immagine_mobile":null}]},"prodotto__slider_preview":null,"prodotto__specifiche":{"selezione":[{"scheda_tecnica":462221}]}},"yoast_head":"<!-- This site is optimized with the Yoast SEO Premium plugin v22.4 (Yoast SEO v23.7) - https:\/\/yoast.com\/wordpress\/plugins\/seo\/ -->\n<title>Fregio - Foscarini<\/title>\n<meta name=\"robots\" content=\"index, follow, max-snippet:-1, max-image-preview:large, max-video-preview:-1\" \/>\n<meta property=\"og:locale\" content=\"fr_FR\" \/>\n<meta property=\"og:type\" content=\"article\" \/>\n<meta property=\"og:title\" content=\"Fregio\" \/>\n<meta property=\"og:description\" content=\"Applique qui combine la saveur ancestrale de la c\u00e9ramique d\u00e9cor\u00e9e \u00e0 la main avec la saveur technologique et industrielle des sources lumineuses LED et des bandes lat\u00e9rales de support en m\u00e9tal. Le design distinctif du bas-relief en c\u00e9ramique a \u00e9t\u00e9 cr\u00e9\u00e9 par le designer en s\u00e9lectionnant des parties de moules historiques dans les archives de l\u2019atelier artistique Gatti de Faenza et en les r\u00e9assemblant de mani\u00e8re originale. Le panneau en c\u00e9ramique est ancr\u00e9 dans un corps central en acier peint en noir mat qui abrite la LED. Les diffuseurs opalins situ\u00e9s en bas et en haut offrent un confort visuel exceptionnel et cr\u00e9ent un \u00e9clairage d\u2019ambiance agr\u00e9able.\" \/>\n<meta property=\"og:url\" content=\"https:\/\/www.foscarini.com\/fr\/produit\/fregio-std-w-fr\/\" \/>\n<meta property=\"og:site_name\" content=\"Foscarini\" \/>\n<meta property=\"article:modified_time\" content=\"2025-06-11T12:10:30+00:00\" \/>\n<meta property=\"og:image\" content=\"https:\/\/www.foscarini.com\/wp-content\/uploads\/2025\/06\/fregio_w_dark-red_22_786x865-1.jpg\" \/>\n\t<meta property=\"og:image:width\" content=\"786\" \/>\n\t<meta property=\"og:image:height\" content=\"865\" \/>\n\t<meta property=\"og:image:type\" content=\"image\/jpeg\" \/>\n<meta name=\"twitter:card\" content=\"summary_large_image\" \/>\n<meta name=\"twitter:label1\" content=\"Dur\u00e9e de lecture estim\u00e9e\" \/>\n\t<meta name=\"twitter:data1\" content=\"1 minute\" \/>\n<script type=\"application\/ld+json\" class=\"yoast-schema-graph\">{\"@context\":\"https:\/\/schema.org\",\"@graph\":[{\"@type\":\"WebPage\",\"@id\":\"https:\/\/www.foscarini.com\/fr\/produit\/fregio-std-w-fr\/\",\"url\":\"https:\/\/www.foscarini.com\/fr\/produit\/fregio-std-w-fr\/\",\"name\":\"Fregio - Foscarini\",\"isPartOf\":{\"@id\":\"https:\/\/www.foscarini.com\/#website\"},\"primaryImageOfPage\":{\"@id\":\"https:\/\/www.foscarini.com\/fr\/produit\/fregio-std-w-fr\/#primaryimage\"},\"image\":{\"@id\":\"https:\/\/www.foscarini.com\/fr\/produit\/fregio-std-w-fr\/#primaryimage\"},\"thumbnailUrl\":\"https:\/\/www.foscarini.com\/wp-content\/uploads\/2025\/06\/fregio_w_dark-red_22_786x865-3.jpg\",\"datePublished\":\"2024-04-11T12:24:51+00:00\",\"dateModified\":\"2025-06-11T12:10:30+00:00\",\"breadcrumb\":{\"@id\":\"https:\/\/www.foscarini.com\/fr\/produit\/fregio-std-w-fr\/#breadcrumb\"},\"inLanguage\":\"fr-FR\",\"potentialAction\":[{\"@type\":\"ReadAction\",\"target\":[\"https:\/\/www.foscarini.com\/fr\/produit\/fregio-std-w-fr\/\"]}]},{\"@type\":\"ImageObject\",\"inLanguage\":\"fr-FR\",\"@id\":\"https:\/\/www.foscarini.com\/fr\/produit\/fregio-std-w-fr\/#primaryimage\",\"url\":\"https:\/\/www.foscarini.com\/wp-content\/uploads\/2025\/06\/fregio_w_dark-red_22_786x865-3.jpg\",\"contentUrl\":\"https:\/\/www.foscarini.com\/wp-content\/uploads\/2025\/06\/fregio_w_dark-red_22_786x865-3.jpg\",\"width\":786,\"height\":865},{\"@type\":\"BreadcrumbList\",\"@id\":\"https:\/\/www.foscarini.com\/fr\/produit\/fregio-std-w-fr\/#breadcrumb\",\"itemListElement\":[{\"@type\":\"ListItem\",\"position\":1,\"name\":\"Home\",\"item\":\"https:\/\/www.foscarini.com\/fr\/\"},{\"@type\":\"ListItem\",\"position\":2,\"name\":\"Boutique\",\"item\":\"https:\/\/www.foscarini.com\/fr\/boutique\/\"},{\"@type\":\"ListItem\",\"position\":3,\"name\":\"Fregio\"}]},{\"@type\":\"WebSite\",\"@id\":\"https:\/\/www.foscarini.com\/#website\",\"url\":\"https:\/\/www.foscarini.com\/\",\"name\":\"Foscarini\",\"description\":\"\",\"potentialAction\":[{\"@type\":\"SearchAction\",\"target\":{\"@type\":\"EntryPoint\",\"urlTemplate\":\"https:\/\/www.foscarini.com\/?s={search_term_string}\"},\"query-input\":{\"@type\":\"PropertyValueSpecification\",\"valueRequired\":true,\"valueName\":\"search_term_string\"}}],\"inLanguage\":\"fr-FR\"}]}<\/script>\n<!-- \/ Yoast SEO Premium plugin. -->","yoast_head_json":{"title":"Fregio - Foscarini","robots":{"index":"index","follow":"follow","max-snippet":"max-snippet:-1","max-image-preview":"max-image-preview:large","max-video-preview":"max-video-preview:-1"},"og_locale":"fr_FR","og_type":"article","og_title":"Fregio","og_description":"Applique qui combine la saveur ancestrale de la c\u00e9ramique d\u00e9cor\u00e9e \u00e0 la main avec la saveur technologique et industrielle des sources lumineuses LED et des bandes lat\u00e9rales de support en m\u00e9tal. Le design distinctif du bas-relief en c\u00e9ramique a \u00e9t\u00e9 cr\u00e9\u00e9 par le designer en s\u00e9lectionnant des parties de moules historiques dans les archives de l\u2019atelier artistique Gatti de Faenza et en les r\u00e9assemblant de mani\u00e8re originale. Le panneau en c\u00e9ramique est ancr\u00e9 dans un corps central en acier peint en noir mat qui abrite la LED. Les diffuseurs opalins situ\u00e9s en bas et en haut offrent un confort visuel exceptionnel et cr\u00e9ent un \u00e9clairage d\u2019ambiance agr\u00e9able.","og_url":"https:\/\/www.foscarini.com\/fr\/produit\/fregio-std-w-fr\/","og_site_name":"Foscarini","article_modified_time":"2025-06-11T12:10:30+00:00","og_image":[{"width":786,"height":865,"url":"https:\/\/www.foscarini.com\/wp-content\/uploads\/2025\/06\/fregio_w_dark-red_22_786x865-1.jpg","type":"image\/jpeg"}],"twitter_card":"summary_large_image","twitter_misc":{"Dur\u00e9e de lecture estim\u00e9e":"1 minute"},"schema":{"@context":"https:\/\/schema.org","@graph":[{"@type":"WebPage","@id":"https:\/\/www.foscarini.com\/fr\/produit\/fregio-std-w-fr\/","url":"https:\/\/www.foscarini.com\/fr\/produit\/fregio-std-w-fr\/","name":"Fregio - Foscarini","isPartOf":{"@id":"https:\/\/www.foscarini.com\/#website"},"primaryImageOfPage":{"@id":"https:\/\/www.foscarini.com\/fr\/produit\/fregio-std-w-fr\/#primaryimage"},"image":{"@id":"https:\/\/www.foscarini.com\/fr\/produit\/fregio-std-w-fr\/#primaryimage"},"thumbnailUrl":"https:\/\/www.foscarini.com\/wp-content\/uploads\/2025\/06\/fregio_w_dark-red_22_786x865-3.jpg","datePublished":"2024-04-11T12:24:51+00:00","dateModified":"2025-06-11T12:10:30+00:00","breadcrumb":{"@id":"https:\/\/www.foscarini.com\/fr\/produit\/fregio-std-w-fr\/#breadcrumb"},"inLanguage":"fr-FR","potentialAction":[{"@type":"ReadAction","target":["https:\/\/www.foscarini.com\/fr\/produit\/fregio-std-w-fr\/"]}]},{"@type":"ImageObject","inLanguage":"fr-FR","@id":"https:\/\/www.foscarini.com\/fr\/produit\/fregio-std-w-fr\/#primaryimage","url":"https:\/\/www.foscarini.com\/wp-content\/uploads\/2025\/06\/fregio_w_dark-red_22_786x865-3.jpg","contentUrl":"https:\/\/www.foscarini.com\/wp-content\/uploads\/2025\/06\/fregio_w_dark-red_22_786x865-3.jpg","width":786,"height":865},{"@type":"BreadcrumbList","@id":"https:\/\/www.foscarini.com\/fr\/produit\/fregio-std-w-fr\/#breadcrumb","itemListElement":[{"@type":"ListItem","position":1,"name":"Home","item":"https:\/\/www.foscarini.com\/fr\/"},{"@type":"ListItem","position":2,"name":"Boutique","item":"https:\/\/www.foscarini.com\/fr\/boutique\/"},{"@type":"ListItem","position":3,"name":"Fregio"}]},{"@type":"WebSite","@id":"https:\/\/www.foscarini.com\/#website","url":"https:\/\/www.foscarini.com\/","name":"Foscarini","description":"","potentialAction":[{"@type":"SearchAction","target":{"@type":"EntryPoint","urlTemplate":"https:\/\/www.foscarini.com\/?s={search_term_string}"},"query-input":{"@type":"PropertyValueSpecification","valueRequired":true,"valueName":"search_term_string"}}],"inLanguage":"fr-FR"}]}},"_links":{"self":[{"href":"https:\/\/www.foscarini.com\/fr\/wp-json\/wp\/v2\/product\/237065"}],"collection":[{"href":"https:\/\/www.foscarini.com\/fr\/wp-json\/wp\/v2\/product"}],"about":[{"href":"https:\/\/www.foscarini.com\/fr\/wp-json\/wp\/v2\/types\/product"}],"replies":[{"embeddable":true,"href":"https:\/\/www.foscarini.com\/fr\/wp-json\/wp\/v2\/comments?post=237065"}],"wp:featuredmedia":[{"embeddable":true,"href":"https:\/\/www.foscarini.com\/fr\/wp-json\/wp\/v2\/media\/467365"}],"wp:attachment":[{"href":"https:\/\/www.foscarini.com\/fr\/wp-json\/wp\/v2\/media?parent=237065"}],"wp:term":[{"taxonomy":"product_cat","embeddable":true,"href":"https:\/\/www.foscarini.com\/fr\/wp-json\/wp\/v2\/product_cat?post=237065"},{"taxonomy":"product_tag","embeddable":true,"href":"https:\/\/www.foscarini.com\/fr\/wp-json\/wp\/v2\/product_tag?post=237065"},{"taxonomy":"materiale","embeddable":true,"href":"https:\/\/www.foscarini.com\/fr\/wp-json\/wp\/v2\/materiale?post=237065"},{"taxonomy":"altezza","embeddable":true,"href":"https:\/\/www.foscarini.com\/fr\/wp-json\/wp\/v2\/altezza?post=237065"},{"taxonomy":"larghezza","embeddable":true,"href":"https:\/\/www.foscarini.com\/fr\/wp-json\/wp\/v2\/larghezza?post=237065"},{"taxonomy":"profondita","embeddable":true,"href":"https:\/\/www.foscarini.com\/fr\/wp-json\/wp\/v2\/profondita?post=237065"},{"taxonomy":"peso","embeddable":true,"href":"https:\/\/www.foscarini.com\/fr\/wp-json\/wp\/v2\/peso?post=237065"},{"taxonomy":"designer-prodotto","embeddable":true,"href":"https:\/\/www.foscarini.com\/fr\/wp-json\/wp\/v2\/designer-prodotto?post=237065"}],"curies":[{"name":"wp","href":"https:\/\/api.w.org\/{rel}","templated":true}]}}