{"id":236339,"date":"2024-04-09T13:51:26","date_gmt":"2024-04-09T13:51:26","guid":{"rendered":"https:\/\/www.foscarini.com\/product\/hoba-std-wc\/"},"modified":"2025-06-11T14:04:06","modified_gmt":"2025-06-11T14:04:06","slug":"hoba-std-wc-fr","status":"publish","type":"product","link":"https:\/\/www.foscarini.com\/fr\/produit\/hoba-std-wc-fr\/","title":{"rendered":"Hoba"},"content":{"rendered":"<section class=\"pdp__slider full-height-vh\">\n    <div class=\"swiper-container swiper__pdp\">\n        <div class=\"swiper-wrapper full-height\">\n                                <div class=\"swiper-slide\">\n                                                    <img decoding=\"async\" class=\"full-cover\" src=\"https:\/\/www.foscarini.com\/wp-content\/uploads\/2024\/04\/3.3_Hoba-1-150x150.jpg\" srcset=\"https:\/\/www.foscarini.com\/wp-content\/uploads\/2024\/04\/3.3_Hoba-1-300x200.jpg 300w, https:\/\/www.foscarini.com\/wp-content\/uploads\/2024\/04\/3.3_Hoba-1-1024x683.jpg 1024w, https:\/\/www.foscarini.com\/wp-content\/uploads\/2024\/04\/3.3_Hoba-1-768x512.jpg 768w, https:\/\/www.foscarini.com\/wp-content\/uploads\/2024\/04\/3.3_Hoba-1-1536x1024.jpg 1536w, https:\/\/www.foscarini.com\/wp-content\/uploads\/2024\/04\/3.3_Hoba-1-2048x1365.jpg 2048w, https:\/\/www.foscarini.com\/wp-content\/uploads\/2024\/04\/3.3_Hoba-1-800x533.jpg 800w\" alt=\"\" \/>\n                                                                        <\/div>\n                                        <div class=\"swiper-slide\">\n                                                    <img decoding=\"async\" class=\"full-cover\" src=\"https:\/\/www.foscarini.com\/wp-content\/uploads\/2024\/04\/3.4_Hoba-2-150x150.jpg\" srcset=\"https:\/\/www.foscarini.com\/wp-content\/uploads\/2024\/04\/3.4_Hoba-2-199x300.jpg 199w, https:\/\/www.foscarini.com\/wp-content\/uploads\/2024\/04\/3.4_Hoba-2-678x1024.jpg 678w, https:\/\/www.foscarini.com\/wp-content\/uploads\/2024\/04\/3.4_Hoba-2-768x1160.jpg 768w, https:\/\/www.foscarini.com\/wp-content\/uploads\/2024\/04\/3.4_Hoba-2-800x1208.jpg 800w, https:\/\/www.foscarini.com\/wp-content\/uploads\/2024\/04\/3.4_Hoba-2.jpg 980w\" alt=\"\" \/>\n                                                                        <\/div>\n                                        <div class=\"swiper-slide\">\n                                                    <img decoding=\"async\" class=\"full-cover\" src=\"https:\/\/www.foscarini.com\/wp-content\/uploads\/2024\/04\/3.5_Hoba-2-150x150.jpg\" srcset=\"https:\/\/www.foscarini.com\/wp-content\/uploads\/2024\/04\/3.5_Hoba-2-199x300.jpg 199w, https:\/\/www.foscarini.com\/wp-content\/uploads\/2024\/04\/3.5_Hoba-2-678x1024.jpg 678w, https:\/\/www.foscarini.com\/wp-content\/uploads\/2024\/04\/3.5_Hoba-2-768x1160.jpg 768w, https:\/\/www.foscarini.com\/wp-content\/uploads\/2024\/04\/3.5_Hoba-2-800x1208.jpg 800w, https:\/\/www.foscarini.com\/wp-content\/uploads\/2024\/04\/3.5_Hoba-2.jpg 980w\" alt=\"\" \/>\n                                                                        <\/div>\n                                        <div class=\"swiper-slide\">\n                                                    <img decoding=\"async\" class=\"full-cover\" src=\"https:\/\/www.foscarini.com\/wp-content\/uploads\/2024\/04\/3.9_Hoba-1-150x150.jpg\" srcset=\"https:\/\/www.foscarini.com\/wp-content\/uploads\/2024\/04\/3.9_Hoba-1-199x300.jpg 199w, https:\/\/www.foscarini.com\/wp-content\/uploads\/2024\/04\/3.9_Hoba-1-678x1024.jpg 678w, https:\/\/www.foscarini.com\/wp-content\/uploads\/2024\/04\/3.9_Hoba-1-768x1160.jpg 768w, https:\/\/www.foscarini.com\/wp-content\/uploads\/2024\/04\/3.9_Hoba-1-800x1208.jpg 800w, https:\/\/www.foscarini.com\/wp-content\/uploads\/2024\/04\/3.9_Hoba-1.jpg 980w\" alt=\"\" \/>\n                                                                        <\/div>\n                            <\/div>\n    <\/div>\n    <div class=\"swiper-scrollbar\"><\/div>\n    <div class=\"ct-arrow\">\n        <div class=\"swiper-button-prev\"><\/div>\n        <div class=\"swiper-button-next\"><\/div>\n    <\/div>\n<\/section><div class=\"wp-block-columns two_image_join two_image_join_affiancate on_off_block is-layout-flex wp-container-core-columns-is-layout-1 wp-block-columns-is-layout-flex\"><div class=\"wp-block-column is-layout-flow wp-block-column-is-layout-flow\"><div class=\"wp-block-getwid-image-hotspot\" data-appearance-animation=\"none\" data-image-points=\"[{&quot;link&quot;:&quot;&quot;,&quot;icon&quot;:&quot;&quot;,&quot;title&quot;:&quot;acceso&quot;,&quot;color&quot;:&quot;&quot;,&quot;content&quot;:&quot;&quot;,&quot;backgroundColor&quot;:&quot;&quot;,&quot;newTab&quot;:false,&quot;popUpOpen&quot;:false,&quot;popUpWidth&quot;:350,&quot;placement&quot;:&quot;top&quot;,&quot;position&quot;:{&quot;x&quot;:&quot;40.89%&quot;,&quot;y&quot;:&quot;25.99%&quot;}}]\" data-trigger=\"click\" data-theme=\"light\" data-tooltip-animation=\"shift-toward\" data-arrow=\"true\"><div class=\"wp-block-getwid-image-hotspot__wrapper\"><img loading=\"lazy\" decoding=\"async\" width=\"2560\" height=\"1591\" src=\"https:\/\/www.foscarini.com\/wp-content\/uploads\/2024\/04\/4.1-OFF_Hoba-2-scaled.jpg\" alt=\"\" class=\"wp-block-getwid-image-hotspot__image wp-image-236317\" srcset=\"https:\/\/www.foscarini.com\/wp-content\/uploads\/2024\/04\/4.1-OFF_Hoba-2-scaled.jpg 2560w, https:\/\/www.foscarini.com\/wp-content\/uploads\/2024\/04\/4.1-OFF_Hoba-2-300x186.jpg 300w, https:\/\/www.foscarini.com\/wp-content\/uploads\/2024\/04\/4.1-OFF_Hoba-2-1024x636.jpg 1024w, https:\/\/www.foscarini.com\/wp-content\/uploads\/2024\/04\/4.1-OFF_Hoba-2-768x477.jpg 768w, https:\/\/www.foscarini.com\/wp-content\/uploads\/2024\/04\/4.1-OFF_Hoba-2-1536x955.jpg 1536w, https:\/\/www.foscarini.com\/wp-content\/uploads\/2024\/04\/4.1-OFF_Hoba-2-2048x1273.jpg 2048w, https:\/\/www.foscarini.com\/wp-content\/uploads\/2024\/04\/4.1-OFF_Hoba-2-800x497.jpg 800w\" sizes=\"(max-width: 2560px) 100vw, 2560px\" \/><div data-point-id=\"0\" class=\"wp-block-getwid-image-hotspot__dot has-animation-pulse\" style=\"left:40.89%;top:25.99%\"><div class=\"wp-block-getwid-image-hotspot__dot-wrapper\"><div class=\"wp-block-getwid-image-hotspot__dot-content\"><i class=\"fas fa-plus wp-block-getwid-image-hotspot__dot-icon\"><\/i><\/div><\/div><div class=\"wp-block-getwid-image-hotspot__dot-description\"><div class=\"wp-block-getwid-image-hotspot__dot-title\">acceso<\/div><\/div><\/div><\/div><\/div>\n\n<figure class=\"wp-block-image size-large absolute_image\"><img loading=\"lazy\" decoding=\"async\" width=\"1024\" height=\"636\" src=\"https:\/\/www.foscarini.com\/wp-content\/uploads\/2024\/04\/4.2-ON_Hoba-2-1024x636.jpg\" alt=\"\" class=\"wp-image-236324\" srcset=\"https:\/\/www.foscarini.com\/wp-content\/uploads\/2024\/04\/4.2-ON_Hoba-2-1024x636.jpg 1024w, https:\/\/www.foscarini.com\/wp-content\/uploads\/2024\/04\/4.2-ON_Hoba-2-300x186.jpg 300w, https:\/\/www.foscarini.com\/wp-content\/uploads\/2024\/04\/4.2-ON_Hoba-2-768x477.jpg 768w, https:\/\/www.foscarini.com\/wp-content\/uploads\/2024\/04\/4.2-ON_Hoba-2-1536x955.jpg 1536w, https:\/\/www.foscarini.com\/wp-content\/uploads\/2024\/04\/4.2-ON_Hoba-2-2048x1273.jpg 2048w, https:\/\/www.foscarini.com\/wp-content\/uploads\/2024\/04\/4.2-ON_Hoba-2-800x497.jpg 800w\" sizes=\"(max-width: 1024px) 100vw, 1024px\" \/><\/figure><\/div><\/div>","protected":false},"excerpt":{"rendered":"<p>Lampes \u00e0 lumi\u00e8re diffuse avec un diffuseur en verre opalin souffl\u00e9 \u00e0 la bouche. Une proc\u00e9dure sp\u00e9ciale de soufflage du verre, sans rotation dans un moule ouvert, permet d&#8217;obtenir des formes asym\u00e9triques et irr\u00e9guli\u00e8res, l\u00e9g\u00e8rement diff\u00e9rentes les unes des autres, pour une collection de pi\u00e8ces toujours diff\u00e9rentes, produites en s\u00e9rie mais avec les caract\u00e9ristiques d&#8217;unicit\u00e9 propres \u00e0 l&#8217;artisanat fait main. Support en polyamide naturel. Disponibles en diff\u00e9rentes tailles, certaines offrent une flexibilit\u00e9 de montage mural ou plafonnier.<\/p>\n","protected":false},"featured_media":468141,"comment_status":"open","ping_status":"closed","template":"","meta":{"_acf_changed":true},"product_cat":[709,649,716,936,6792],"product_tag":[],"materiale":[8167],"altezza":[12262],"larghezza":[11531],"profondita":[11483],"peso":[8832],"designer-prodotto":[7988],"class_list":{"0":"post-236339","1":"product","2":"type-product","3":"status-publish","4":"has-post-thumbnail","6":"product_cat-parete-fr","7":"product_cat-concetto-fr","8":"product_cat-funzione-fr","9":"product_cat-hoba-concetto-fr","10":"product_cat-hoba-famiglia-fr","11":"materiale-vetro-e-vetro-soffiato-fr","12":"altezza-9-78-fr","13":"larghezza-9-12-fr","14":"profondita-9-38-fr","15":"peso-2-fr","16":"designer-prodotto-luca-nichetto-fr","18":"first","19":"instock","20":"shipping-taxable","21":"purchasable","22":"product-type-variable"},"acf":{"preview_slider":{"titolo":"","testo":"","video_domanda":false,"link_video":""},"prodotto__immagine_preview":{"immagine":305407},"prodotto__slider":{"sottotitolo":"Ludovica+Roberto Palomba (2023)","titolo":"R\u00e9alis\u00e9es en verre souffl\u00e9 mat, les plafonniers et appliques murales Hoba ont une forme asym\u00e9trique et irr\u00e9guli\u00e8re qui rappelle une m\u00e9t\u00e9orite cristallis\u00e9e au moment de son envol. Disponibles en diff\u00e9rentes tailles, elles diffusent une lumi\u00e8re chaude et enveloppante.","immagini":[{"immagine":415322,"immagine_mobile":""}]},"prodotto__slider_preview":null,"prodotto__specifiche":{"selezione":[{"scheda_tecnica":462895},{"scheda_tecnica":462903},{"scheda_tecnica":462911}]}},"yoast_head":"<!-- This site is optimized with the Yoast SEO Premium plugin v22.4 (Yoast SEO v23.7) - https:\/\/yoast.com\/wordpress\/plugins\/seo\/ -->\n<title>Hoba - Foscarini<\/title>\n<meta name=\"robots\" content=\"index, follow, max-snippet:-1, max-image-preview:large, max-video-preview:-1\" \/>\n<meta property=\"og:locale\" content=\"fr_FR\" \/>\n<meta property=\"og:type\" content=\"article\" \/>\n<meta property=\"og:title\" content=\"Hoba\" \/>\n<meta property=\"og:description\" content=\"Lampes \u00e0 lumi\u00e8re diffuse avec un diffuseur en verre opalin souffl\u00e9 \u00e0 la bouche. Une proc\u00e9dure sp\u00e9ciale de soufflage du verre, sans rotation dans un moule ouvert, permet d&#039;obtenir des formes asym\u00e9triques et irr\u00e9guli\u00e8res, l\u00e9g\u00e8rement diff\u00e9rentes les unes des autres, pour une collection de pi\u00e8ces toujours diff\u00e9rentes, produites en s\u00e9rie mais avec les caract\u00e9ristiques d&#039;unicit\u00e9 propres \u00e0 l&#039;artisanat fait main. Support en polyamide naturel. Disponibles en diff\u00e9rentes tailles, certaines offrent une flexibilit\u00e9 de montage mural ou plafonnier.\" \/>\n<meta property=\"og:url\" content=\"https:\/\/www.foscarini.com\/fr\/produit\/hoba-std-wc-fr\/\" \/>\n<meta property=\"og:site_name\" content=\"Foscarini\" \/>\n<meta property=\"article:modified_time\" content=\"2025-06-11T14:04:06+00:00\" \/>\n<meta property=\"og:image\" content=\"https:\/\/www.foscarini.com\/wp-content\/uploads\/2025\/06\/hoba_w_white_22_786x865-1.jpg\" \/>\n\t<meta property=\"og:image:width\" content=\"786\" \/>\n\t<meta property=\"og:image:height\" content=\"865\" \/>\n\t<meta property=\"og:image:type\" content=\"image\/jpeg\" \/>\n<meta name=\"twitter:card\" content=\"summary_large_image\" \/>\n<meta name=\"twitter:label1\" content=\"Dur\u00e9e de lecture estim\u00e9e\" \/>\n\t<meta name=\"twitter:data1\" content=\"1 minute\" \/>\n<script type=\"application\/ld+json\" class=\"yoast-schema-graph\">{\"@context\":\"https:\/\/schema.org\",\"@graph\":[{\"@type\":\"WebPage\",\"@id\":\"https:\/\/www.foscarini.com\/fr\/produit\/hoba-std-wc-fr\/\",\"url\":\"https:\/\/www.foscarini.com\/fr\/produit\/hoba-std-wc-fr\/\",\"name\":\"Hoba - Foscarini\",\"isPartOf\":{\"@id\":\"https:\/\/www.foscarini.com\/#website\"},\"primaryImageOfPage\":{\"@id\":\"https:\/\/www.foscarini.com\/fr\/produit\/hoba-std-wc-fr\/#primaryimage\"},\"image\":{\"@id\":\"https:\/\/www.foscarini.com\/fr\/produit\/hoba-std-wc-fr\/#primaryimage\"},\"thumbnailUrl\":\"https:\/\/www.foscarini.com\/wp-content\/uploads\/2025\/06\/hoba_w_white_22_786x865-3.jpg\",\"datePublished\":\"2024-04-09T13:51:26+00:00\",\"dateModified\":\"2025-06-11T14:04:06+00:00\",\"breadcrumb\":{\"@id\":\"https:\/\/www.foscarini.com\/fr\/produit\/hoba-std-wc-fr\/#breadcrumb\"},\"inLanguage\":\"fr-FR\",\"potentialAction\":[{\"@type\":\"ReadAction\",\"target\":[\"https:\/\/www.foscarini.com\/fr\/produit\/hoba-std-wc-fr\/\"]}]},{\"@type\":\"ImageObject\",\"inLanguage\":\"fr-FR\",\"@id\":\"https:\/\/www.foscarini.com\/fr\/produit\/hoba-std-wc-fr\/#primaryimage\",\"url\":\"https:\/\/www.foscarini.com\/wp-content\/uploads\/2025\/06\/hoba_w_white_22_786x865-3.jpg\",\"contentUrl\":\"https:\/\/www.foscarini.com\/wp-content\/uploads\/2025\/06\/hoba_w_white_22_786x865-3.jpg\",\"width\":786,\"height\":865},{\"@type\":\"BreadcrumbList\",\"@id\":\"https:\/\/www.foscarini.com\/fr\/produit\/hoba-std-wc-fr\/#breadcrumb\",\"itemListElement\":[{\"@type\":\"ListItem\",\"position\":1,\"name\":\"Home\",\"item\":\"https:\/\/www.foscarini.com\/fr\/\"},{\"@type\":\"ListItem\",\"position\":2,\"name\":\"Boutique\",\"item\":\"https:\/\/www.foscarini.com\/fr\/boutique\/\"},{\"@type\":\"ListItem\",\"position\":3,\"name\":\"Hoba\"}]},{\"@type\":\"WebSite\",\"@id\":\"https:\/\/www.foscarini.com\/#website\",\"url\":\"https:\/\/www.foscarini.com\/\",\"name\":\"Foscarini\",\"description\":\"\",\"potentialAction\":[{\"@type\":\"SearchAction\",\"target\":{\"@type\":\"EntryPoint\",\"urlTemplate\":\"https:\/\/www.foscarini.com\/?s={search_term_string}\"},\"query-input\":{\"@type\":\"PropertyValueSpecification\",\"valueRequired\":true,\"valueName\":\"search_term_string\"}}],\"inLanguage\":\"fr-FR\"}]}<\/script>\n<!-- \/ Yoast SEO Premium plugin. -->","yoast_head_json":{"title":"Hoba - Foscarini","robots":{"index":"index","follow":"follow","max-snippet":"max-snippet:-1","max-image-preview":"max-image-preview:large","max-video-preview":"max-video-preview:-1"},"og_locale":"fr_FR","og_type":"article","og_title":"Hoba","og_description":"Lampes \u00e0 lumi\u00e8re diffuse avec un diffuseur en verre opalin souffl\u00e9 \u00e0 la bouche. Une proc\u00e9dure sp\u00e9ciale de soufflage du verre, sans rotation dans un moule ouvert, permet d'obtenir des formes asym\u00e9triques et irr\u00e9guli\u00e8res, l\u00e9g\u00e8rement diff\u00e9rentes les unes des autres, pour une collection de pi\u00e8ces toujours diff\u00e9rentes, produites en s\u00e9rie mais avec les caract\u00e9ristiques d'unicit\u00e9 propres \u00e0 l'artisanat fait main. Support en polyamide naturel. Disponibles en diff\u00e9rentes tailles, certaines offrent une flexibilit\u00e9 de montage mural ou plafonnier.","og_url":"https:\/\/www.foscarini.com\/fr\/produit\/hoba-std-wc-fr\/","og_site_name":"Foscarini","article_modified_time":"2025-06-11T14:04:06+00:00","og_image":[{"width":786,"height":865,"url":"https:\/\/www.foscarini.com\/wp-content\/uploads\/2025\/06\/hoba_w_white_22_786x865-1.jpg","type":"image\/jpeg"}],"twitter_card":"summary_large_image","twitter_misc":{"Dur\u00e9e de lecture estim\u00e9e":"1 minute"},"schema":{"@context":"https:\/\/schema.org","@graph":[{"@type":"WebPage","@id":"https:\/\/www.foscarini.com\/fr\/produit\/hoba-std-wc-fr\/","url":"https:\/\/www.foscarini.com\/fr\/produit\/hoba-std-wc-fr\/","name":"Hoba - Foscarini","isPartOf":{"@id":"https:\/\/www.foscarini.com\/#website"},"primaryImageOfPage":{"@id":"https:\/\/www.foscarini.com\/fr\/produit\/hoba-std-wc-fr\/#primaryimage"},"image":{"@id":"https:\/\/www.foscarini.com\/fr\/produit\/hoba-std-wc-fr\/#primaryimage"},"thumbnailUrl":"https:\/\/www.foscarini.com\/wp-content\/uploads\/2025\/06\/hoba_w_white_22_786x865-3.jpg","datePublished":"2024-04-09T13:51:26+00:00","dateModified":"2025-06-11T14:04:06+00:00","breadcrumb":{"@id":"https:\/\/www.foscarini.com\/fr\/produit\/hoba-std-wc-fr\/#breadcrumb"},"inLanguage":"fr-FR","potentialAction":[{"@type":"ReadAction","target":["https:\/\/www.foscarini.com\/fr\/produit\/hoba-std-wc-fr\/"]}]},{"@type":"ImageObject","inLanguage":"fr-FR","@id":"https:\/\/www.foscarini.com\/fr\/produit\/hoba-std-wc-fr\/#primaryimage","url":"https:\/\/www.foscarini.com\/wp-content\/uploads\/2025\/06\/hoba_w_white_22_786x865-3.jpg","contentUrl":"https:\/\/www.foscarini.com\/wp-content\/uploads\/2025\/06\/hoba_w_white_22_786x865-3.jpg","width":786,"height":865},{"@type":"BreadcrumbList","@id":"https:\/\/www.foscarini.com\/fr\/produit\/hoba-std-wc-fr\/#breadcrumb","itemListElement":[{"@type":"ListItem","position":1,"name":"Home","item":"https:\/\/www.foscarini.com\/fr\/"},{"@type":"ListItem","position":2,"name":"Boutique","item":"https:\/\/www.foscarini.com\/fr\/boutique\/"},{"@type":"ListItem","position":3,"name":"Hoba"}]},{"@type":"WebSite","@id":"https:\/\/www.foscarini.com\/#website","url":"https:\/\/www.foscarini.com\/","name":"Foscarini","description":"","potentialAction":[{"@type":"SearchAction","target":{"@type":"EntryPoint","urlTemplate":"https:\/\/www.foscarini.com\/?s={search_term_string}"},"query-input":{"@type":"PropertyValueSpecification","valueRequired":true,"valueName":"search_term_string"}}],"inLanguage":"fr-FR"}]}},"_links":{"self":[{"href":"https:\/\/www.foscarini.com\/fr\/wp-json\/wp\/v2\/product\/236339"}],"collection":[{"href":"https:\/\/www.foscarini.com\/fr\/wp-json\/wp\/v2\/product"}],"about":[{"href":"https:\/\/www.foscarini.com\/fr\/wp-json\/wp\/v2\/types\/product"}],"replies":[{"embeddable":true,"href":"https:\/\/www.foscarini.com\/fr\/wp-json\/wp\/v2\/comments?post=236339"}],"wp:featuredmedia":[{"embeddable":true,"href":"https:\/\/www.foscarini.com\/fr\/wp-json\/wp\/v2\/media\/468141"}],"wp:attachment":[{"href":"https:\/\/www.foscarini.com\/fr\/wp-json\/wp\/v2\/media?parent=236339"}],"wp:term":[{"taxonomy":"product_cat","embeddable":true,"href":"https:\/\/www.foscarini.com\/fr\/wp-json\/wp\/v2\/product_cat?post=236339"},{"taxonomy":"product_tag","embeddable":true,"href":"https:\/\/www.foscarini.com\/fr\/wp-json\/wp\/v2\/product_tag?post=236339"},{"taxonomy":"materiale","embeddable":true,"href":"https:\/\/www.foscarini.com\/fr\/wp-json\/wp\/v2\/materiale?post=236339"},{"taxonomy":"altezza","embeddable":true,"href":"https:\/\/www.foscarini.com\/fr\/wp-json\/wp\/v2\/altezza?post=236339"},{"taxonomy":"larghezza","embeddable":true,"href":"https:\/\/www.foscarini.com\/fr\/wp-json\/wp\/v2\/larghezza?post=236339"},{"taxonomy":"profondita","embeddable":true,"href":"https:\/\/www.foscarini.com\/fr\/wp-json\/wp\/v2\/profondita?post=236339"},{"taxonomy":"peso","embeddable":true,"href":"https:\/\/www.foscarini.com\/fr\/wp-json\/wp\/v2\/peso?post=236339"},{"taxonomy":"designer-prodotto","embeddable":true,"href":"https:\/\/www.foscarini.com\/fr\/wp-json\/wp\/v2\/designer-prodotto?post=236339"}],"curies":[{"name":"wp","href":"https:\/\/api.w.org\/{rel}","templated":true}]}}