{"id":195502,"date":"2024-03-28T17:57:10","date_gmt":"2024-03-28T17:57:10","guid":{"rendered":"https:\/\/www.foscarini.com\/product\/dolmen-std-f\/"},"modified":"2025-06-11T12:00:47","modified_gmt":"2025-06-11T12:00:47","slug":"dolmen-std-f-fr","status":"publish","type":"product","link":"https:\/\/www.foscarini.com\/fr\/produit\/dolmen-std-f-fr\/","title":{"rendered":"Dolmen"},"content":{"rendered":"<p>Come un quadro in una galleria d&#8217;arte o una scultura domestica, la lampada da terra a LED Dolmen si appoggia alla parete, diffondendo una luce riflessa sul muro e un&#8217;illuminazione diretta nell&#8217;ambiente.<\/p><section class=\"pdp__slider full-height-vh\">\n    <div class=\"swiper-container swiper__pdp\">\n        <div class=\"swiper-wrapper full-height\">\n                                <div class=\"swiper-slide\">\n                                                    <img decoding=\"async\" class=\"full-cover\" src=\"https:\/\/www.foscarini.com\/wp-content\/uploads\/2024\/03\/3.1_Dolmen-150x150.jpg\" srcset=\"https:\/\/www.foscarini.com\/wp-content\/uploads\/2024\/03\/3.1_Dolmen-300x200.jpg 300w, https:\/\/www.foscarini.com\/wp-content\/uploads\/2024\/03\/3.1_Dolmen-1024x683.jpg 1024w, https:\/\/www.foscarini.com\/wp-content\/uploads\/2024\/03\/3.1_Dolmen-768x512.jpg 768w, https:\/\/www.foscarini.com\/wp-content\/uploads\/2024\/03\/3.1_Dolmen-1536x1024.jpg 1536w, https:\/\/www.foscarini.com\/wp-content\/uploads\/2024\/03\/3.1_Dolmen-2048x1365.jpg 2048w, https:\/\/www.foscarini.com\/wp-content\/uploads\/2024\/03\/3.1_Dolmen-800x533.jpg 800w\" alt=\"\" \/>\n                                                                        <\/div>\n                                        <div class=\"swiper-slide\">\n                                                    <img decoding=\"async\" class=\"full-cover\" src=\"https:\/\/www.foscarini.com\/wp-content\/uploads\/2024\/03\/3.2_Dolmen-150x150.jpg\" srcset=\"https:\/\/www.foscarini.com\/wp-content\/uploads\/2024\/03\/3.2_Dolmen-300x200.jpg 300w, https:\/\/www.foscarini.com\/wp-content\/uploads\/2024\/03\/3.2_Dolmen-1024x683.jpg 1024w, https:\/\/www.foscarini.com\/wp-content\/uploads\/2024\/03\/3.2_Dolmen-768x512.jpg 768w, https:\/\/www.foscarini.com\/wp-content\/uploads\/2024\/03\/3.2_Dolmen-1536x1024.jpg 1536w, https:\/\/www.foscarini.com\/wp-content\/uploads\/2024\/03\/3.2_Dolmen-2048x1365.jpg 2048w, https:\/\/www.foscarini.com\/wp-content\/uploads\/2024\/03\/3.2_Dolmen-800x533.jpg 800w\" alt=\"\" \/>\n                                                                        <\/div>\n                                        <div class=\"swiper-slide\">\n                                                    <img decoding=\"async\" class=\"full-cover\" src=\"https:\/\/www.foscarini.com\/wp-content\/uploads\/2024\/03\/3.3_Dolmen-150x150.jpg\" srcset=\"https:\/\/www.foscarini.com\/wp-content\/uploads\/2024\/03\/3.3_Dolmen-300x200.jpg 300w, https:\/\/www.foscarini.com\/wp-content\/uploads\/2024\/03\/3.3_Dolmen-1024x683.jpg 1024w, https:\/\/www.foscarini.com\/wp-content\/uploads\/2024\/03\/3.3_Dolmen-768x512.jpg 768w, https:\/\/www.foscarini.com\/wp-content\/uploads\/2024\/03\/3.3_Dolmen-1536x1024.jpg 1536w, https:\/\/www.foscarini.com\/wp-content\/uploads\/2024\/03\/3.3_Dolmen-2048x1365.jpg 2048w, https:\/\/www.foscarini.com\/wp-content\/uploads\/2024\/03\/3.3_Dolmen-800x533.jpg 800w\" alt=\"\" \/>\n                                                                        <\/div>\n                                        <div class=\"swiper-slide\">\n                                                    <img decoding=\"async\" class=\"full-cover\" src=\"https:\/\/www.foscarini.com\/wp-content\/uploads\/2024\/03\/3.4_Dolmen-150x150.jpg\" srcset=\"https:\/\/www.foscarini.com\/wp-content\/uploads\/2024\/03\/3.4_Dolmen-199x300.jpg 199w, https:\/\/www.foscarini.com\/wp-content\/uploads\/2024\/03\/3.4_Dolmen-678x1024.jpg 678w, https:\/\/www.foscarini.com\/wp-content\/uploads\/2024\/03\/3.4_Dolmen-768x1160.jpg 768w, https:\/\/www.foscarini.com\/wp-content\/uploads\/2024\/03\/3.4_Dolmen-800x1208.jpg 800w, https:\/\/www.foscarini.com\/wp-content\/uploads\/2024\/03\/3.4_Dolmen.jpg 980w\" alt=\"\" \/>\n                                                                        <\/div>\n                                        <div class=\"swiper-slide\">\n                                                    <img decoding=\"async\" class=\"full-cover\" src=\"https:\/\/www.foscarini.com\/wp-content\/uploads\/2024\/03\/3.8_Dolmen-150x150.jpg\" srcset=\"https:\/\/www.foscarini.com\/wp-content\/uploads\/2024\/03\/3.8_Dolmen-300x200.jpg 300w, https:\/\/www.foscarini.com\/wp-content\/uploads\/2024\/03\/3.8_Dolmen-1024x683.jpg 1024w, https:\/\/www.foscarini.com\/wp-content\/uploads\/2024\/03\/3.8_Dolmen-768x512.jpg 768w, https:\/\/www.foscarini.com\/wp-content\/uploads\/2024\/03\/3.8_Dolmen-1536x1024.jpg 1536w, https:\/\/www.foscarini.com\/wp-content\/uploads\/2024\/03\/3.8_Dolmen-2048x1365.jpg 2048w, https:\/\/www.foscarini.com\/wp-content\/uploads\/2024\/03\/3.8_Dolmen-800x533.jpg 800w\" alt=\"\" \/>\n                                                                        <\/div>\n                                        <div class=\"swiper-slide\">\n                                                    <img decoding=\"async\" class=\"full-cover\" src=\"https:\/\/www.foscarini.com\/wp-content\/uploads\/2024\/03\/3.9_Dolmen-150x150.jpg\" srcset=\"https:\/\/www.foscarini.com\/wp-content\/uploads\/2024\/03\/3.9_Dolmen-254x300.jpg 254w, https:\/\/www.foscarini.com\/wp-content\/uploads\/2024\/03\/3.9_Dolmen-867x1024.jpg 867w, https:\/\/www.foscarini.com\/wp-content\/uploads\/2024\/03\/3.9_Dolmen-768x907.jpg 768w, https:\/\/www.foscarini.com\/wp-content\/uploads\/2024\/03\/3.9_Dolmen-800x945.jpg 800w, https:\/\/www.foscarini.com\/wp-content\/uploads\/2024\/03\/3.9_Dolmen.jpg 1253w\" alt=\"\" \/>\n                                                                        <\/div>\n                            <\/div>\n    <\/div>\n    <div class=\"swiper-scrollbar\"><\/div>\n    <div class=\"ct-arrow\">\n        <div class=\"swiper-button-prev\"><\/div>\n        <div class=\"swiper-button-next\"><\/div>\n    <\/div>\n<\/section><section class=\"concept__project_comunication full-height-vh\">\n    <div class=\"row row-large\">\n        <div class=\"medium-12 small-12 columns full-height no-padding-right-mobile\">\n            <div class=\"ct-image-text-lateral\">\n                <div class=\"ct-arrow\">\n                    <div class=\"swiper-button-prev\" aria-label=\"previous slide\"><\/div>\n                    <div class=\"swiper-button-next\" aria-label=\"next slide\"><\/div>\n                <\/div>\n                <span class=\"section-name-lateral\">Contenus R\u00e9dactionnels<\/span>\n                <!-- Swiper -->\n                <div class=\"swiper-container swiper__concept__comunication\">\n                    <div class=\"swiper-wrapper\">\n                                                            <div class=\"swiper-slide\">\n                                        <div class=\"ct-slide\">\n                                                                                                <img decoding=\"async\" class=\"full-cover\" src=\"https:\/\/www.foscarini.com\/wp-content\/uploads\/2023\/12\/cover-notturno-laviani-150x150.jpeg\" srcset=\"https:\/\/www.foscarini.com\/wp-content\/uploads\/2023\/12\/cover-notturno-laviani-300x167.jpeg 300w, https:\/\/www.foscarini.com\/wp-content\/uploads\/2023\/12\/cover-notturno-laviani-scaled-800x444.jpeg 800w, https:\/\/www.foscarini.com\/wp-content\/uploads\/2023\/12\/cover-notturno-laviani-1024x569.jpeg 1024w, https:\/\/www.foscarini.com\/wp-content\/uploads\/2023\/12\/cover-notturno-laviani-768x427.jpeg 768w, https:\/\/www.foscarini.com\/wp-content\/uploads\/2023\/12\/cover-notturno-laviani-1536x853.jpeg 1536w, https:\/\/www.foscarini.com\/wp-content\/uploads\/2023\/12\/cover-notturno-laviani-2048x1138.jpeg 2048w\" alt=\"\" \/>\n                                                                                                <div class=\"ct-col-right\">\n                                                <div class=\"ct-link\">\n                                                    <a class=\"link-arrow\" href=\"https:\/\/www.foscarini.com\/fr\/notturno-laviani\/\">Notturno Laviani: Gianluca Vassallo interprets Ferruccio Laviani<\/a>\n                                                    <div class=\"text-1\"><p>Quatorze clich\u00e9s dans lesquels les lampes-sculptures que Ferruccio Laviani a con\u00e7ues pour Foscarini de 1992 \u00e0 2022 habitent des espaces \u00e9trangers.<\/p>\n<\/div>\n                                                <\/div>\n                                            <\/div>\n                                        <\/div>\n                                    <\/div>\n                                                                        <div class=\"swiper-slide\">\n                                        <div class=\"ct-slide\">\n                                                                                                <img decoding=\"async\" class=\"full-cover\" src=\"https:\/\/www.foscarini.com\/wp-content\/uploads\/2023\/12\/Modulo1_30Laviani-150x150.jpg\" srcset=\"https:\/\/www.foscarini.com\/wp-content\/uploads\/2023\/12\/Modulo1_30Laviani-300x194.jpg 300w, https:\/\/www.foscarini.com\/wp-content\/uploads\/2023\/12\/Modulo1_30Laviani-800x518.jpg 800w, https:\/\/www.foscarini.com\/wp-content\/uploads\/2023\/12\/Modulo1_30Laviani-1024x663.jpg 1024w, https:\/\/www.foscarini.com\/wp-content\/uploads\/2023\/12\/Modulo1_30Laviani-768x498.jpg 768w, https:\/\/www.foscarini.com\/wp-content\/uploads\/2023\/12\/Modulo1_30Laviani-1536x995.jpg 1536w, https:\/\/www.foscarini.com\/wp-content\/uploads\/2023\/12\/Modulo1_30Laviani-2048x1327.jpg 2048w\" alt=\"\" \/>\n                                                                                                <div class=\"ct-col-right\">\n                                                <div class=\"ct-link\">\n                                                    <a class=\"link-arrow\" href=\"https:\/\/www.foscarini.com\/fr\/30-ans-de-libre-expression-de-la-creativite\/\">30 ans de libre expression de la cr\u00e9ativit\u00e9<\/a>\n                                                    <div class=\"text-1\"><p>Un entretien avec Ferruccio Laviani c\u00e9l\u00e8bre trente ans de collaboration entre produits, store design et installations<\/p>\n<\/div>\n                                                <\/div>\n                                            <\/div>\n                                        <\/div>\n                                    <\/div>\n                                                                        <div class=\"swiper-slide\">\n                                        <div class=\"ct-slide\">\n                                                                                                <img decoding=\"async\" class=\"full-cover\" src=\"https:\/\/www.foscarini.com\/wp-content\/uploads\/2023\/12\/Inventario16-150x150.jpeg\" srcset=\"https:\/\/www.foscarini.com\/wp-content\/uploads\/2023\/12\/Inventario16-232x300.jpeg 232w, https:\/\/www.foscarini.com\/wp-content\/uploads\/2023\/12\/Inventario16-768x992.jpeg 768w, https:\/\/www.foscarini.com\/wp-content\/uploads\/2023\/12\/Inventario16-600x775.jpeg 600w, https:\/\/www.foscarini.com\/wp-content\/uploads\/2023\/12\/Inventario16.jpeg 776w\" alt=\"\" \/>\n                                                                                                <div class=\"ct-col-right\">\n                                                <div class=\"ct-link\">\n                                                    <a class=\"link-arrow\" href=\"https:\/\/www.foscarini.com\/fr\/inventario\/inventario-16\/\">Inventario \u00b016<\/a>\n                                                    <div class=\"text-1\"><p>Chaque nouveau num\u00e9ro d&#8217;Inventario donne mati\u00e8re \u00e0 r\u00e9flexion gr\u00e2ce aux associations d&#8217;id\u00e9es inattendues qui relient des projets, des \u0153uvres, des objets, des auteurs, nous invitant \u00e0 observer la r\u00e9alit\u00e9 avec une v\u00e9ritable curiosit\u00e9. Car, comme l&#8217;\u00e9crit Stefano Salis, &#8220;tout contient toujours plus que ce qu&#8217;il montre&#8221;.<\/p>\n<\/div>\n                                                <\/div>\n                                            <\/div>\n                                        <\/div>\n                                    <\/div>\n                                                        <\/div>\n                <\/div>\n            <\/div>\n        <\/div>\n    <\/div>\n<\/section>","protected":false},"excerpt":{"rendered":"<p>Lampadaire mural offrant une lumi\u00e8re diffuse et r\u00e9fl\u00e9chie. La lampe est fabriqu\u00e9e \u00e0 partir d&#8217;une feuille d&#8217;aluminium d\u00e9coup\u00e9e au laser, pli\u00e9e avec une presse plieuse et finie \u00e0 la main. L&#8217;aluminium est anodis\u00e9, puis peint avec une peinture liquide transparente. Deux diffuseurs en PMMA opalin, celui de l&#8217;avant est \u00e9galement l\u00e9g\u00e8rement gaufr\u00e9. Entre les deux diffuseurs, une feuille de PMMA transparente diffuse la lumi\u00e8re provenant des LED multi-puces install\u00e9es sur les longs c\u00f4t\u00e9s de la structure en aluminium. La feuille est grav\u00e9e au laser dans les zones correspondant aux hublots pour concentrer la r\u00e9flexion de la lumi\u00e8re. C\u00e2ble \u00e9lectrique et variateur transparent, un petit support est fourni pour la fixation murale obligatoire.<\/p>\n","protected":false},"featured_media":446038,"comment_status":"open","ping_status":"closed","template":"","meta":{"_acf_changed":true},"product_cat":[649,5401,999,716,759],"product_tag":[],"materiale":[8438],"altezza":[9116],"larghezza":[10195],"profondita":[10099],"peso":[8168],"designer-prodotto":[7169],"class_list":{"0":"post-195502","1":"product","2":"type-product","3":"status-publish","4":"has-post-thumbnail","6":"product_cat-concetto-fr","7":"product_cat-dolmen-famiglia-fr","8":"product_cat-dolmen-concetto-fr","9":"product_cat-funzione-fr","10":"product_cat-terra-fr","11":"materiale-acciaio-e-metallo-fr","12":"altezza-180-fr","13":"larghezza-40-fr","14":"profondita-4-fr","15":"peso-11-2-fr","16":"designer-prodotto-ferruccio-laviani-fr","18":"first","19":"instock","20":"shipping-taxable","21":"purchasable","22":"product-type-variable"},"acf":{"preview_slider":{"titolo":"","testo":"","video_domanda":false,"link_video":""},"prodotto__immagine_preview":{"immagine":121116},"prodotto__slider":{"sottotitolo":"Ferruccio Laviani (2017)","titolo":"Comme un tableau dans une galerie d'art ou une sculpture domestique, le lampadaire \u00e0 LED Le Dolmen se tient sur le mur, fournissant une lumi\u00e8re r\u00e9fl\u00e9chie sur le mur et un \u00e9clairage direct dans la pi\u00e8ce.","immagini":[{"immagine":309398,"immagine_mobile":null}]},"prodotto__slider_preview":null,"prodotto__specifiche":{"selezione":[{"scheda_tecnica":462072}]}},"yoast_head":"<!-- This site is optimized with the Yoast SEO Premium plugin v22.4 (Yoast SEO v23.7) - https:\/\/yoast.com\/wordpress\/plugins\/seo\/ -->\n<title>Dolmen - Foscarini<\/title>\n<meta name=\"robots\" content=\"index, follow, max-snippet:-1, max-image-preview:large, max-video-preview:-1\" \/>\n<meta property=\"og:locale\" content=\"fr_FR\" \/>\n<meta property=\"og:type\" content=\"article\" \/>\n<meta property=\"og:title\" content=\"Dolmen\" \/>\n<meta property=\"og:description\" content=\"Lampadaire mural offrant une lumi\u00e8re diffuse et r\u00e9fl\u00e9chie. La lampe est fabriqu\u00e9e \u00e0 partir d&#039;une feuille d&#039;aluminium d\u00e9coup\u00e9e au laser, pli\u00e9e avec une presse plieuse et finie \u00e0 la main. L&#039;aluminium est anodis\u00e9, puis peint avec une peinture liquide transparente. Deux diffuseurs en PMMA opalin, celui de l&#039;avant est \u00e9galement l\u00e9g\u00e8rement gaufr\u00e9. Entre les deux diffuseurs, une feuille de PMMA transparente diffuse la lumi\u00e8re provenant des LED multi-puces install\u00e9es sur les longs c\u00f4t\u00e9s de la structure en aluminium. La feuille est grav\u00e9e au laser dans les zones correspondant aux hublots pour concentrer la r\u00e9flexion de la lumi\u00e8re. C\u00e2ble \u00e9lectrique et variateur transparent, un petit support est fourni pour la fixation murale obligatoire.\" \/>\n<meta property=\"og:url\" content=\"https:\/\/www.foscarini.com\/fr\/produit\/dolmen-std-f-fr\/\" \/>\n<meta property=\"og:site_name\" content=\"Foscarini\" \/>\n<meta property=\"article:modified_time\" content=\"2025-06-11T12:00:47+00:00\" \/>\n<meta property=\"og:image\" content=\"https:\/\/www.foscarini.com\/wp-content\/uploads\/2025\/06\/dolmen_f_alluminium_22_786x865-1.jpg\" \/>\n\t<meta property=\"og:image:width\" content=\"786\" \/>\n\t<meta property=\"og:image:height\" content=\"865\" \/>\n\t<meta property=\"og:image:type\" content=\"image\/jpeg\" \/>\n<meta name=\"twitter:card\" content=\"summary_large_image\" \/>\n<meta name=\"twitter:label1\" content=\"Dur\u00e9e de lecture estim\u00e9e\" \/>\n\t<meta name=\"twitter:data1\" content=\"1 minute\" \/>\n<script type=\"application\/ld+json\" class=\"yoast-schema-graph\">{\"@context\":\"https:\/\/schema.org\",\"@graph\":[{\"@type\":\"WebPage\",\"@id\":\"https:\/\/www.foscarini.com\/fr\/produit\/dolmen-std-f-fr\/\",\"url\":\"https:\/\/www.foscarini.com\/fr\/produit\/dolmen-std-f-fr\/\",\"name\":\"Dolmen - Foscarini\",\"isPartOf\":{\"@id\":\"https:\/\/www.foscarini.com\/#website\"},\"primaryImageOfPage\":{\"@id\":\"https:\/\/www.foscarini.com\/fr\/produit\/dolmen-std-f-fr\/#primaryimage\"},\"image\":{\"@id\":\"https:\/\/www.foscarini.com\/fr\/produit\/dolmen-std-f-fr\/#primaryimage\"},\"thumbnailUrl\":\"https:\/\/www.foscarini.com\/wp-content\/uploads\/2025\/06\/dolmen_f_alluminium_22_786x865-1.jpg\",\"datePublished\":\"2024-03-28T17:57:10+00:00\",\"dateModified\":\"2025-06-11T12:00:47+00:00\",\"breadcrumb\":{\"@id\":\"https:\/\/www.foscarini.com\/fr\/produit\/dolmen-std-f-fr\/#breadcrumb\"},\"inLanguage\":\"fr-FR\",\"potentialAction\":[{\"@type\":\"ReadAction\",\"target\":[\"https:\/\/www.foscarini.com\/fr\/produit\/dolmen-std-f-fr\/\"]}]},{\"@type\":\"ImageObject\",\"inLanguage\":\"fr-FR\",\"@id\":\"https:\/\/www.foscarini.com\/fr\/produit\/dolmen-std-f-fr\/#primaryimage\",\"url\":\"https:\/\/www.foscarini.com\/wp-content\/uploads\/2025\/06\/dolmen_f_alluminium_22_786x865-1.jpg\",\"contentUrl\":\"https:\/\/www.foscarini.com\/wp-content\/uploads\/2025\/06\/dolmen_f_alluminium_22_786x865-1.jpg\",\"width\":786,\"height\":865},{\"@type\":\"BreadcrumbList\",\"@id\":\"https:\/\/www.foscarini.com\/fr\/produit\/dolmen-std-f-fr\/#breadcrumb\",\"itemListElement\":[{\"@type\":\"ListItem\",\"position\":1,\"name\":\"Home\",\"item\":\"https:\/\/www.foscarini.com\/fr\/\"},{\"@type\":\"ListItem\",\"position\":2,\"name\":\"Boutique\",\"item\":\"https:\/\/www.foscarini.com\/fr\/boutique\/\"},{\"@type\":\"ListItem\",\"position\":3,\"name\":\"Dolmen\"}]},{\"@type\":\"WebSite\",\"@id\":\"https:\/\/www.foscarini.com\/#website\",\"url\":\"https:\/\/www.foscarini.com\/\",\"name\":\"Foscarini\",\"description\":\"\",\"potentialAction\":[{\"@type\":\"SearchAction\",\"target\":{\"@type\":\"EntryPoint\",\"urlTemplate\":\"https:\/\/www.foscarini.com\/?s={search_term_string}\"},\"query-input\":{\"@type\":\"PropertyValueSpecification\",\"valueRequired\":true,\"valueName\":\"search_term_string\"}}],\"inLanguage\":\"fr-FR\"}]}<\/script>\n<!-- \/ Yoast SEO Premium plugin. -->","yoast_head_json":{"title":"Dolmen - Foscarini","robots":{"index":"index","follow":"follow","max-snippet":"max-snippet:-1","max-image-preview":"max-image-preview:large","max-video-preview":"max-video-preview:-1"},"og_locale":"fr_FR","og_type":"article","og_title":"Dolmen","og_description":"Lampadaire mural offrant une lumi\u00e8re diffuse et r\u00e9fl\u00e9chie. La lampe est fabriqu\u00e9e \u00e0 partir d'une feuille d'aluminium d\u00e9coup\u00e9e au laser, pli\u00e9e avec une presse plieuse et finie \u00e0 la main. L'aluminium est anodis\u00e9, puis peint avec une peinture liquide transparente. Deux diffuseurs en PMMA opalin, celui de l'avant est \u00e9galement l\u00e9g\u00e8rement gaufr\u00e9. Entre les deux diffuseurs, une feuille de PMMA transparente diffuse la lumi\u00e8re provenant des LED multi-puces install\u00e9es sur les longs c\u00f4t\u00e9s de la structure en aluminium. La feuille est grav\u00e9e au laser dans les zones correspondant aux hublots pour concentrer la r\u00e9flexion de la lumi\u00e8re. C\u00e2ble \u00e9lectrique et variateur transparent, un petit support est fourni pour la fixation murale obligatoire.","og_url":"https:\/\/www.foscarini.com\/fr\/produit\/dolmen-std-f-fr\/","og_site_name":"Foscarini","article_modified_time":"2025-06-11T12:00:47+00:00","og_image":[{"width":786,"height":865,"url":"https:\/\/www.foscarini.com\/wp-content\/uploads\/2025\/06\/dolmen_f_alluminium_22_786x865-1.jpg","type":"image\/jpeg"}],"twitter_card":"summary_large_image","twitter_misc":{"Dur\u00e9e de lecture estim\u00e9e":"1 minute"},"schema":{"@context":"https:\/\/schema.org","@graph":[{"@type":"WebPage","@id":"https:\/\/www.foscarini.com\/fr\/produit\/dolmen-std-f-fr\/","url":"https:\/\/www.foscarini.com\/fr\/produit\/dolmen-std-f-fr\/","name":"Dolmen - Foscarini","isPartOf":{"@id":"https:\/\/www.foscarini.com\/#website"},"primaryImageOfPage":{"@id":"https:\/\/www.foscarini.com\/fr\/produit\/dolmen-std-f-fr\/#primaryimage"},"image":{"@id":"https:\/\/www.foscarini.com\/fr\/produit\/dolmen-std-f-fr\/#primaryimage"},"thumbnailUrl":"https:\/\/www.foscarini.com\/wp-content\/uploads\/2025\/06\/dolmen_f_alluminium_22_786x865-1.jpg","datePublished":"2024-03-28T17:57:10+00:00","dateModified":"2025-06-11T12:00:47+00:00","breadcrumb":{"@id":"https:\/\/www.foscarini.com\/fr\/produit\/dolmen-std-f-fr\/#breadcrumb"},"inLanguage":"fr-FR","potentialAction":[{"@type":"ReadAction","target":["https:\/\/www.foscarini.com\/fr\/produit\/dolmen-std-f-fr\/"]}]},{"@type":"ImageObject","inLanguage":"fr-FR","@id":"https:\/\/www.foscarini.com\/fr\/produit\/dolmen-std-f-fr\/#primaryimage","url":"https:\/\/www.foscarini.com\/wp-content\/uploads\/2025\/06\/dolmen_f_alluminium_22_786x865-1.jpg","contentUrl":"https:\/\/www.foscarini.com\/wp-content\/uploads\/2025\/06\/dolmen_f_alluminium_22_786x865-1.jpg","width":786,"height":865},{"@type":"BreadcrumbList","@id":"https:\/\/www.foscarini.com\/fr\/produit\/dolmen-std-f-fr\/#breadcrumb","itemListElement":[{"@type":"ListItem","position":1,"name":"Home","item":"https:\/\/www.foscarini.com\/fr\/"},{"@type":"ListItem","position":2,"name":"Boutique","item":"https:\/\/www.foscarini.com\/fr\/boutique\/"},{"@type":"ListItem","position":3,"name":"Dolmen"}]},{"@type":"WebSite","@id":"https:\/\/www.foscarini.com\/#website","url":"https:\/\/www.foscarini.com\/","name":"Foscarini","description":"","potentialAction":[{"@type":"SearchAction","target":{"@type":"EntryPoint","urlTemplate":"https:\/\/www.foscarini.com\/?s={search_term_string}"},"query-input":{"@type":"PropertyValueSpecification","valueRequired":true,"valueName":"search_term_string"}}],"inLanguage":"fr-FR"}]}},"_links":{"self":[{"href":"https:\/\/www.foscarini.com\/fr\/wp-json\/wp\/v2\/product\/195502"}],"collection":[{"href":"https:\/\/www.foscarini.com\/fr\/wp-json\/wp\/v2\/product"}],"about":[{"href":"https:\/\/www.foscarini.com\/fr\/wp-json\/wp\/v2\/types\/product"}],"replies":[{"embeddable":true,"href":"https:\/\/www.foscarini.com\/fr\/wp-json\/wp\/v2\/comments?post=195502"}],"wp:featuredmedia":[{"embeddable":true,"href":"https:\/\/www.foscarini.com\/fr\/wp-json\/wp\/v2\/media\/446038"}],"wp:attachment":[{"href":"https:\/\/www.foscarini.com\/fr\/wp-json\/wp\/v2\/media?parent=195502"}],"wp:term":[{"taxonomy":"product_cat","embeddable":true,"href":"https:\/\/www.foscarini.com\/fr\/wp-json\/wp\/v2\/product_cat?post=195502"},{"taxonomy":"product_tag","embeddable":true,"href":"https:\/\/www.foscarini.com\/fr\/wp-json\/wp\/v2\/product_tag?post=195502"},{"taxonomy":"materiale","embeddable":true,"href":"https:\/\/www.foscarini.com\/fr\/wp-json\/wp\/v2\/materiale?post=195502"},{"taxonomy":"altezza","embeddable":true,"href":"https:\/\/www.foscarini.com\/fr\/wp-json\/wp\/v2\/altezza?post=195502"},{"taxonomy":"larghezza","embeddable":true,"href":"https:\/\/www.foscarini.com\/fr\/wp-json\/wp\/v2\/larghezza?post=195502"},{"taxonomy":"profondita","embeddable":true,"href":"https:\/\/www.foscarini.com\/fr\/wp-json\/wp\/v2\/profondita?post=195502"},{"taxonomy":"peso","embeddable":true,"href":"https:\/\/www.foscarini.com\/fr\/wp-json\/wp\/v2\/peso?post=195502"},{"taxonomy":"designer-prodotto","embeddable":true,"href":"https:\/\/www.foscarini.com\/fr\/wp-json\/wp\/v2\/designer-prodotto?post=195502"}],"curies":[{"name":"wp","href":"https:\/\/api.w.org\/{rel}","templated":true}]}}