{"id":195325,"date":"2024-03-28T18:18:31","date_gmt":"2024-03-28T18:18:31","guid":{"rendered":"https:\/\/www.foscarini.com\/product\/tartan-std-s\/"},"modified":"2025-06-11T15:30:09","modified_gmt":"2025-06-11T15:30:09","slug":"tartan-std-s-fr","status":"publish","type":"product","link":"https:\/\/www.foscarini.com\/fr\/produit\/tartan-std-s-fr\/","title":{"rendered":"Tartan"},"content":{"rendered":"<p>Un vetro soffiato ricco di personalit\u00e0, ottenuto grazie a una particolare tecnica di soffiatura a bocca, che ricrea l\u2019effetto del famoso tessuto scozzese. La lampada a sospensione Tartan \u00e8 caratterizzata da linee e pieghe che ne percorrono la superficie, generando un originale gioco grafico di luci e ombre.<\/p><section class=\"pdp__slider full-height-vh\">\n    <div class=\"swiper-container swiper__pdp\">\n        <div class=\"swiper-wrapper full-height\">\n                                <div class=\"swiper-slide\">\n                                                    <img decoding=\"async\" class=\"full-cover\" src=\"https:\/\/www.foscarini.com\/wp-content\/uploads\/2024\/03\/3.1_Tartan-150x150.jpg\" srcset=\"https:\/\/www.foscarini.com\/wp-content\/uploads\/2024\/03\/3.1_Tartan-300x200.jpg 300w, https:\/\/www.foscarini.com\/wp-content\/uploads\/2024\/03\/3.1_Tartan-1024x683.jpg 1024w, https:\/\/www.foscarini.com\/wp-content\/uploads\/2024\/03\/3.1_Tartan-768x512.jpg 768w, https:\/\/www.foscarini.com\/wp-content\/uploads\/2024\/03\/3.1_Tartan-1536x1024.jpg 1536w, https:\/\/www.foscarini.com\/wp-content\/uploads\/2024\/03\/3.1_Tartan-2048x1365.jpg 2048w, https:\/\/www.foscarini.com\/wp-content\/uploads\/2024\/03\/3.1_Tartan-800x533.jpg 800w\" alt=\"\" \/>\n                                                                        <\/div>\n                                        <div class=\"swiper-slide\">\n                                                    <img decoding=\"async\" class=\"full-cover\" src=\"https:\/\/www.foscarini.com\/wp-content\/uploads\/2024\/03\/3.2_Tartan-150x150.jpg\" srcset=\"https:\/\/www.foscarini.com\/wp-content\/uploads\/2024\/03\/3.2_Tartan-300x200.jpg 300w, https:\/\/www.foscarini.com\/wp-content\/uploads\/2024\/03\/3.2_Tartan-1024x683.jpg 1024w, https:\/\/www.foscarini.com\/wp-content\/uploads\/2024\/03\/3.2_Tartan-768x512.jpg 768w, https:\/\/www.foscarini.com\/wp-content\/uploads\/2024\/03\/3.2_Tartan-1536x1024.jpg 1536w, https:\/\/www.foscarini.com\/wp-content\/uploads\/2024\/03\/3.2_Tartan-2048x1365.jpg 2048w, https:\/\/www.foscarini.com\/wp-content\/uploads\/2024\/03\/3.2_Tartan-800x533.jpg 800w\" alt=\"\" \/>\n                                                                        <\/div>\n                                        <div class=\"swiper-slide\">\n                                                    <img decoding=\"async\" class=\"full-cover\" src=\"https:\/\/www.foscarini.com\/wp-content\/uploads\/2024\/03\/3.3_Tartan-150x150.jpg\" srcset=\"https:\/\/www.foscarini.com\/wp-content\/uploads\/2024\/03\/3.3_Tartan-199x300.jpg 199w, https:\/\/www.foscarini.com\/wp-content\/uploads\/2024\/03\/3.3_Tartan-678x1024.jpg 678w, https:\/\/www.foscarini.com\/wp-content\/uploads\/2024\/03\/3.3_Tartan-768x1160.jpg 768w, https:\/\/www.foscarini.com\/wp-content\/uploads\/2024\/03\/3.3_Tartan-800x1208.jpg 800w, https:\/\/www.foscarini.com\/wp-content\/uploads\/2024\/03\/3.3_Tartan.jpg 980w\" alt=\"\" \/>\n                                                                        <\/div>\n                                        <div class=\"swiper-slide\">\n                                                    <img decoding=\"async\" class=\"full-cover\" src=\"https:\/\/www.foscarini.com\/wp-content\/uploads\/2024\/03\/3.4_Tartan-150x150.jpg\" srcset=\"https:\/\/www.foscarini.com\/wp-content\/uploads\/2024\/03\/3.4_Tartan-199x300.jpg 199w, https:\/\/www.foscarini.com\/wp-content\/uploads\/2024\/03\/3.4_Tartan-678x1024.jpg 678w, https:\/\/www.foscarini.com\/wp-content\/uploads\/2024\/03\/3.4_Tartan-768x1160.jpg 768w, https:\/\/www.foscarini.com\/wp-content\/uploads\/2024\/03\/3.4_Tartan-800x1208.jpg 800w, https:\/\/www.foscarini.com\/wp-content\/uploads\/2024\/03\/3.4_Tartan.jpg 980w\" alt=\"\" \/>\n                                                                        <\/div>\n                                        <div class=\"swiper-slide\">\n                                                    <img decoding=\"async\" class=\"full-cover\" src=\"https:\/\/www.foscarini.com\/wp-content\/uploads\/2024\/03\/3.8_Tartan-150x150.jpg\" srcset=\"https:\/\/www.foscarini.com\/wp-content\/uploads\/2024\/03\/3.8_Tartan-254x300.jpg 254w, https:\/\/www.foscarini.com\/wp-content\/uploads\/2024\/03\/3.8_Tartan-866x1024.jpg 866w, https:\/\/www.foscarini.com\/wp-content\/uploads\/2024\/03\/3.8_Tartan-768x908.jpg 768w, https:\/\/www.foscarini.com\/wp-content\/uploads\/2024\/03\/3.8_Tartan-800x946.jpg 800w, https:\/\/www.foscarini.com\/wp-content\/uploads\/2024\/03\/3.8_Tartan.jpg 1252w\" alt=\"\" \/>\n                                                                        <\/div>\n                                        <div class=\"swiper-slide\">\n                                                    <img decoding=\"async\" class=\"full-cover\" src=\"https:\/\/www.foscarini.com\/wp-content\/uploads\/2024\/03\/3.9_Tartan-150x150.jpg\" srcset=\"https:\/\/www.foscarini.com\/wp-content\/uploads\/2024\/03\/3.9_Tartan-254x300.jpg 254w, https:\/\/www.foscarini.com\/wp-content\/uploads\/2024\/03\/3.9_Tartan-866x1024.jpg 866w, https:\/\/www.foscarini.com\/wp-content\/uploads\/2024\/03\/3.9_Tartan-768x908.jpg 768w, https:\/\/www.foscarini.com\/wp-content\/uploads\/2024\/03\/3.9_Tartan-800x946.jpg 800w, https:\/\/www.foscarini.com\/wp-content\/uploads\/2024\/03\/3.9_Tartan.jpg 1252w\" alt=\"\" \/>\n                                                                        <\/div>\n                                        <div class=\"swiper-slide\">\n                                                    <img decoding=\"async\" class=\"full-cover\" src=\"https:\/\/www.foscarini.com\/wp-content\/uploads\/2024\/03\/3.10_Tartan-150x150.jpg\" srcset=\"https:\/\/www.foscarini.com\/wp-content\/uploads\/2024\/03\/3.10_Tartan-199x300.jpg 199w, https:\/\/www.foscarini.com\/wp-content\/uploads\/2024\/03\/3.10_Tartan-678x1024.jpg 678w, https:\/\/www.foscarini.com\/wp-content\/uploads\/2024\/03\/3.10_Tartan-768x1160.jpg 768w, https:\/\/www.foscarini.com\/wp-content\/uploads\/2024\/03\/3.10_Tartan-800x1208.jpg 800w, https:\/\/www.foscarini.com\/wp-content\/uploads\/2024\/03\/3.10_Tartan.jpg 980w\" alt=\"\" \/>\n                                                                        <\/div>\n                            <\/div>\n    <\/div>\n    <div class=\"swiper-scrollbar\"><\/div>\n    <div class=\"ct-arrow\">\n        <div class=\"swiper-button-prev\"><\/div>\n        <div class=\"swiper-button-next\"><\/div>\n    <\/div>\n<\/section><section class=\"concept__project_comunication full-height-vh\">\n    <div class=\"row row-large\">\n        <div class=\"medium-12 small-12 columns full-height no-padding-right-mobile\">\n            <div class=\"ct-image-text-lateral\">\n                <div class=\"ct-arrow\">\n                    <div class=\"swiper-button-prev\" aria-label=\"previous slide\"><\/div>\n                    <div class=\"swiper-button-next\" aria-label=\"next slide\"><\/div>\n                <\/div>\n                <span class=\"section-name-lateral\">Contenus R\u00e9dactionnels<\/span>\n                <!-- Swiper -->\n                <div class=\"swiper-container swiper__concept__comunication\">\n                    <div class=\"swiper-wrapper\">\n                                                            <div class=\"swiper-slide\">\n                                        <div class=\"ct-slide\">\n                                                                                            <video class=\"video-controls\" autoplay loop muted playsinline>\n                                                    <source src=\"https:\/\/cdn1.foscarini.com\/Designers-Video\/Gem-Tartan-Palomba.mp4\" type=\"video\/mp4\">\n                                                    Your browser does not support the video tag.\n                                                <\/video>\n                                                                                            <div class=\"ct-col-right\">\n                                                <div class=\"ct-link\">\n                                                    <a class=\"link-arrow no-link\" href=\"\">Exp\u00e9rimenter avec les ondes sonores<\/a>\n                                                    <div class=\"text-1\"><p>Des sources d&#8217;inspiration inhabituelles g\u00e9n\u00e8rent des motifs tridimensionnels incomparables pour les verres de Gem et Tartan.<\/p>\n<\/div>\n                                                <\/div>\n                                            <\/div>\n                                        <\/div>\n                                    <\/div>\n                                                                        <div class=\"swiper-slide\">\n                                        <div class=\"ct-slide\">\n                                                                                                <img decoding=\"async\" class=\"full-cover\" src=\"https:\/\/www.foscarini.com\/wp-content\/uploads\/2024\/01\/1_2_Mite-150x150.jpg\" srcset=\"https:\/\/www.foscarini.com\/wp-content\/uploads\/2024\/01\/1_2_Mite-270x300.jpg 270w, https:\/\/www.foscarini.com\/wp-content\/uploads\/2024\/01\/1_2_Mite-800x889.jpg 800w, https:\/\/www.foscarini.com\/wp-content\/uploads\/2024\/01\/1_2_Mite-922x1024.jpg 922w, https:\/\/www.foscarini.com\/wp-content\/uploads\/2024\/01\/1_2_Mite-768x853.jpg 768w, https:\/\/www.foscarini.com\/wp-content\/uploads\/2024\/01\/1_2_Mite-1382x1536.jpg 1382w, https:\/\/www.foscarini.com\/wp-content\/uploads\/2024\/01\/1_2_Mite.jpg 1440w\" alt=\"\" \/>\n                                                                                                <div class=\"ct-col-right\">\n                                                <div class=\"ct-link\">\n                                                    <a class=\"link-arrow\" href=\"https:\/\/www.foscarini.com\/fr\/visions-instantanees\/\">Visions instantan\u00e9es<\/a>\n                                                    <div class=\"text-1\"><p>En ex\u00e9cutant les anciens gestes de photographe, je me retrouve moi-m\u00eame dans ce projet au caract\u00e8re artisanal tr\u00e8s marqu\u00e9.<\/p>\n<\/div>\n                                                <\/div>\n                                            <\/div>\n                                        <\/div>\n                                    <\/div>\n                                                        <\/div>\n                <\/div>\n            <\/div>\n        <\/div>\n    <\/div>\n<\/section>","protected":false},"excerpt":{"rendered":"<p>Lampe suspendue fournissant une lumi\u00e8re diffuse et descendante. Diffuseur en verre souffl\u00e9 \u00e0 la bouche en haut relief, obtenu \u00e0 l&#8217;int\u00e9rieur d&#8217;un moule avec des gravures sp\u00e9ciales de lignes verticales et horizontales. Le diffuseur est ouvert vers le bas et fournit un \u00e9clairage direct de la surface en dessous en plus de la lumi\u00e8re douce qui brille \u00e0 travers le verre opaque. Un anneau en polycarbonate transparent et opaque moul\u00e9 par injection est incorpor\u00e9 dans le verre. Support porte-lampe en polycarbonate transparent opaque moul\u00e9 par injection. C\u00e2ble porteur en acier inoxydable et c\u00e2ble \u00e9lectrique transparent. Rosace de plafond avec support en m\u00e9tal galvanis\u00e9 et couvercle en ABS bruni blanc brillant.<\/p>\n","protected":false},"featured_media":470146,"comment_status":"open","ping_status":"closed","template":"","meta":{"_acf_changed":true},"product_cat":[649,716,749,796,5612],"product_tag":[],"materiale":[8167],"altezza":[7644],"larghezza":[8119],"profondita":[8382],"peso":[10141],"designer-prodotto":[7900],"class_list":{"0":"post-195325","1":"product","2":"type-product","3":"status-publish","4":"has-post-thumbnail","6":"product_cat-concetto-fr","7":"product_cat-funzione-fr","8":"product_cat-sospensione-fr","9":"product_cat-tartan-concetto-fr","10":"product_cat-tartan-famiglia-fr","11":"materiale-vetro-e-vetro-soffiato-fr","12":"altezza-13-34-fr","13":"larghezza-15-34-fr","14":"profondita-15-34-fr","15":"peso-49-fr","16":"designer-prodotto-ludovica-e-roberto-palomba-fr","18":"first","19":"instock","20":"shipping-taxable","21":"purchasable","22":"product-type-variable"},"acf":{"preview_slider":{"titolo":"","testo":"","video_domanda":false,"link_video":""},"prodotto__immagine_preview":{"immagine":123909},"prodotto__slider":{"sottotitolo":"Ludovica+Roberto Palomba (2015)","titolo":"Un verre souffl\u00e9 plein de personnalit\u00e9, obtenu gr\u00e2ce \u00e0 une technique sp\u00e9ciale de soufflage \u00e0 la bouche, qui recr\u00e9e l'effet du c\u00e9l\u00e8bre tissu \u00e9cossais. La lampe suspendue Tartan est caract\u00e9ris\u00e9e par des lignes et des plis qui parcourent sa surface, g\u00e9n\u00e9rant un jeu graphique original d'ombre et de lumi\u00e8re.","immagini":[{"immagine":309767,"immagine_mobile":null}]},"prodotto__slider_preview":[{"immagine":470129},{"immagine":470136}],"prodotto__specifiche":{"selezione":[{"scheda_tecnica":464040},{"scheda_tecnica":464041}]}},"yoast_head":"<!-- This site is optimized with the Yoast SEO Premium plugin v22.4 (Yoast SEO v23.7) - https:\/\/yoast.com\/wordpress\/plugins\/seo\/ -->\n<title>Tartan - Foscarini<\/title>\n<meta name=\"robots\" content=\"index, follow, max-snippet:-1, max-image-preview:large, max-video-preview:-1\" \/>\n<meta property=\"og:locale\" content=\"fr_FR\" \/>\n<meta property=\"og:type\" content=\"article\" \/>\n<meta property=\"og:title\" content=\"Tartan\" \/>\n<meta property=\"og:description\" content=\"Lampe suspendue fournissant une lumi\u00e8re diffuse et descendante. Diffuseur en verre souffl\u00e9 \u00e0 la bouche en haut relief, obtenu \u00e0 l&#039;int\u00e9rieur d&#039;un moule avec des gravures sp\u00e9ciales de lignes verticales et horizontales. Le diffuseur est ouvert vers le bas et fournit un \u00e9clairage direct de la surface en dessous en plus de la lumi\u00e8re douce qui brille \u00e0 travers le verre opaque. Un anneau en polycarbonate transparent et opaque moul\u00e9 par injection est incorpor\u00e9 dans le verre. Support porte-lampe en polycarbonate transparent opaque moul\u00e9 par injection. C\u00e2ble porteur en acier inoxydable et c\u00e2ble \u00e9lectrique transparent. Rosace de plafond avec support en m\u00e9tal galvanis\u00e9 et couvercle en ABS bruni blanc brillant.\" \/>\n<meta property=\"og:url\" content=\"https:\/\/www.foscarini.com\/fr\/produit\/tartan-std-s-fr\/\" \/>\n<meta property=\"og:site_name\" content=\"Foscarini\" \/>\n<meta property=\"article:modified_time\" content=\"2025-06-11T15:30:09+00:00\" \/>\n<meta property=\"og:image\" content=\"https:\/\/www.foscarini.com\/wp-content\/uploads\/2025\/06\/tartan_s_white_22_786x865-1.jpg\" \/>\n\t<meta property=\"og:image:width\" content=\"786\" \/>\n\t<meta property=\"og:image:height\" content=\"865\" \/>\n\t<meta property=\"og:image:type\" content=\"image\/jpeg\" \/>\n<meta name=\"twitter:card\" content=\"summary_large_image\" \/>\n<meta name=\"twitter:label1\" content=\"Dur\u00e9e de lecture estim\u00e9e\" \/>\n\t<meta name=\"twitter:data1\" content=\"1 minute\" \/>\n<script type=\"application\/ld+json\" class=\"yoast-schema-graph\">{\"@context\":\"https:\/\/schema.org\",\"@graph\":[{\"@type\":\"WebPage\",\"@id\":\"https:\/\/www.foscarini.com\/fr\/produit\/tartan-std-s-fr\/\",\"url\":\"https:\/\/www.foscarini.com\/fr\/produit\/tartan-std-s-fr\/\",\"name\":\"Tartan - Foscarini\",\"isPartOf\":{\"@id\":\"https:\/\/www.foscarini.com\/#website\"},\"primaryImageOfPage\":{\"@id\":\"https:\/\/www.foscarini.com\/fr\/produit\/tartan-std-s-fr\/#primaryimage\"},\"image\":{\"@id\":\"https:\/\/www.foscarini.com\/fr\/produit\/tartan-std-s-fr\/#primaryimage\"},\"thumbnailUrl\":\"https:\/\/www.foscarini.com\/wp-content\/uploads\/2025\/06\/tartan_s_white_22_786x865-3.jpg\",\"datePublished\":\"2024-03-28T18:18:31+00:00\",\"dateModified\":\"2025-06-11T15:30:09+00:00\",\"breadcrumb\":{\"@id\":\"https:\/\/www.foscarini.com\/fr\/produit\/tartan-std-s-fr\/#breadcrumb\"},\"inLanguage\":\"fr-FR\",\"potentialAction\":[{\"@type\":\"ReadAction\",\"target\":[\"https:\/\/www.foscarini.com\/fr\/produit\/tartan-std-s-fr\/\"]}]},{\"@type\":\"ImageObject\",\"inLanguage\":\"fr-FR\",\"@id\":\"https:\/\/www.foscarini.com\/fr\/produit\/tartan-std-s-fr\/#primaryimage\",\"url\":\"https:\/\/www.foscarini.com\/wp-content\/uploads\/2025\/06\/tartan_s_white_22_786x865-3.jpg\",\"contentUrl\":\"https:\/\/www.foscarini.com\/wp-content\/uploads\/2025\/06\/tartan_s_white_22_786x865-3.jpg\",\"width\":786,\"height\":865},{\"@type\":\"BreadcrumbList\",\"@id\":\"https:\/\/www.foscarini.com\/fr\/produit\/tartan-std-s-fr\/#breadcrumb\",\"itemListElement\":[{\"@type\":\"ListItem\",\"position\":1,\"name\":\"Home\",\"item\":\"https:\/\/www.foscarini.com\/fr\/\"},{\"@type\":\"ListItem\",\"position\":2,\"name\":\"Boutique\",\"item\":\"https:\/\/www.foscarini.com\/fr\/boutique\/\"},{\"@type\":\"ListItem\",\"position\":3,\"name\":\"Tartan\"}]},{\"@type\":\"WebSite\",\"@id\":\"https:\/\/www.foscarini.com\/#website\",\"url\":\"https:\/\/www.foscarini.com\/\",\"name\":\"Foscarini\",\"description\":\"\",\"potentialAction\":[{\"@type\":\"SearchAction\",\"target\":{\"@type\":\"EntryPoint\",\"urlTemplate\":\"https:\/\/www.foscarini.com\/?s={search_term_string}\"},\"query-input\":{\"@type\":\"PropertyValueSpecification\",\"valueRequired\":true,\"valueName\":\"search_term_string\"}}],\"inLanguage\":\"fr-FR\"}]}<\/script>\n<!-- \/ Yoast SEO Premium plugin. -->","yoast_head_json":{"title":"Tartan - Foscarini","robots":{"index":"index","follow":"follow","max-snippet":"max-snippet:-1","max-image-preview":"max-image-preview:large","max-video-preview":"max-video-preview:-1"},"og_locale":"fr_FR","og_type":"article","og_title":"Tartan","og_description":"Lampe suspendue fournissant une lumi\u00e8re diffuse et descendante. Diffuseur en verre souffl\u00e9 \u00e0 la bouche en haut relief, obtenu \u00e0 l'int\u00e9rieur d'un moule avec des gravures sp\u00e9ciales de lignes verticales et horizontales. Le diffuseur est ouvert vers le bas et fournit un \u00e9clairage direct de la surface en dessous en plus de la lumi\u00e8re douce qui brille \u00e0 travers le verre opaque. Un anneau en polycarbonate transparent et opaque moul\u00e9 par injection est incorpor\u00e9 dans le verre. Support porte-lampe en polycarbonate transparent opaque moul\u00e9 par injection. C\u00e2ble porteur en acier inoxydable et c\u00e2ble \u00e9lectrique transparent. Rosace de plafond avec support en m\u00e9tal galvanis\u00e9 et couvercle en ABS bruni blanc brillant.","og_url":"https:\/\/www.foscarini.com\/fr\/produit\/tartan-std-s-fr\/","og_site_name":"Foscarini","article_modified_time":"2025-06-11T15:30:09+00:00","og_image":[{"width":786,"height":865,"url":"https:\/\/www.foscarini.com\/wp-content\/uploads\/2025\/06\/tartan_s_white_22_786x865-1.jpg","type":"image\/jpeg"}],"twitter_card":"summary_large_image","twitter_misc":{"Dur\u00e9e de lecture estim\u00e9e":"1 minute"},"schema":{"@context":"https:\/\/schema.org","@graph":[{"@type":"WebPage","@id":"https:\/\/www.foscarini.com\/fr\/produit\/tartan-std-s-fr\/","url":"https:\/\/www.foscarini.com\/fr\/produit\/tartan-std-s-fr\/","name":"Tartan - Foscarini","isPartOf":{"@id":"https:\/\/www.foscarini.com\/#website"},"primaryImageOfPage":{"@id":"https:\/\/www.foscarini.com\/fr\/produit\/tartan-std-s-fr\/#primaryimage"},"image":{"@id":"https:\/\/www.foscarini.com\/fr\/produit\/tartan-std-s-fr\/#primaryimage"},"thumbnailUrl":"https:\/\/www.foscarini.com\/wp-content\/uploads\/2025\/06\/tartan_s_white_22_786x865-3.jpg","datePublished":"2024-03-28T18:18:31+00:00","dateModified":"2025-06-11T15:30:09+00:00","breadcrumb":{"@id":"https:\/\/www.foscarini.com\/fr\/produit\/tartan-std-s-fr\/#breadcrumb"},"inLanguage":"fr-FR","potentialAction":[{"@type":"ReadAction","target":["https:\/\/www.foscarini.com\/fr\/produit\/tartan-std-s-fr\/"]}]},{"@type":"ImageObject","inLanguage":"fr-FR","@id":"https:\/\/www.foscarini.com\/fr\/produit\/tartan-std-s-fr\/#primaryimage","url":"https:\/\/www.foscarini.com\/wp-content\/uploads\/2025\/06\/tartan_s_white_22_786x865-3.jpg","contentUrl":"https:\/\/www.foscarini.com\/wp-content\/uploads\/2025\/06\/tartan_s_white_22_786x865-3.jpg","width":786,"height":865},{"@type":"BreadcrumbList","@id":"https:\/\/www.foscarini.com\/fr\/produit\/tartan-std-s-fr\/#breadcrumb","itemListElement":[{"@type":"ListItem","position":1,"name":"Home","item":"https:\/\/www.foscarini.com\/fr\/"},{"@type":"ListItem","position":2,"name":"Boutique","item":"https:\/\/www.foscarini.com\/fr\/boutique\/"},{"@type":"ListItem","position":3,"name":"Tartan"}]},{"@type":"WebSite","@id":"https:\/\/www.foscarini.com\/#website","url":"https:\/\/www.foscarini.com\/","name":"Foscarini","description":"","potentialAction":[{"@type":"SearchAction","target":{"@type":"EntryPoint","urlTemplate":"https:\/\/www.foscarini.com\/?s={search_term_string}"},"query-input":{"@type":"PropertyValueSpecification","valueRequired":true,"valueName":"search_term_string"}}],"inLanguage":"fr-FR"}]}},"_links":{"self":[{"href":"https:\/\/www.foscarini.com\/fr\/wp-json\/wp\/v2\/product\/195325"}],"collection":[{"href":"https:\/\/www.foscarini.com\/fr\/wp-json\/wp\/v2\/product"}],"about":[{"href":"https:\/\/www.foscarini.com\/fr\/wp-json\/wp\/v2\/types\/product"}],"replies":[{"embeddable":true,"href":"https:\/\/www.foscarini.com\/fr\/wp-json\/wp\/v2\/comments?post=195325"}],"wp:featuredmedia":[{"embeddable":true,"href":"https:\/\/www.foscarini.com\/fr\/wp-json\/wp\/v2\/media\/470146"}],"wp:attachment":[{"href":"https:\/\/www.foscarini.com\/fr\/wp-json\/wp\/v2\/media?parent=195325"}],"wp:term":[{"taxonomy":"product_cat","embeddable":true,"href":"https:\/\/www.foscarini.com\/fr\/wp-json\/wp\/v2\/product_cat?post=195325"},{"taxonomy":"product_tag","embeddable":true,"href":"https:\/\/www.foscarini.com\/fr\/wp-json\/wp\/v2\/product_tag?post=195325"},{"taxonomy":"materiale","embeddable":true,"href":"https:\/\/www.foscarini.com\/fr\/wp-json\/wp\/v2\/materiale?post=195325"},{"taxonomy":"altezza","embeddable":true,"href":"https:\/\/www.foscarini.com\/fr\/wp-json\/wp\/v2\/altezza?post=195325"},{"taxonomy":"larghezza","embeddable":true,"href":"https:\/\/www.foscarini.com\/fr\/wp-json\/wp\/v2\/larghezza?post=195325"},{"taxonomy":"profondita","embeddable":true,"href":"https:\/\/www.foscarini.com\/fr\/wp-json\/wp\/v2\/profondita?post=195325"},{"taxonomy":"peso","embeddable":true,"href":"https:\/\/www.foscarini.com\/fr\/wp-json\/wp\/v2\/peso?post=195325"},{"taxonomy":"designer-prodotto","embeddable":true,"href":"https:\/\/www.foscarini.com\/fr\/wp-json\/wp\/v2\/designer-prodotto?post=195325"}],"curies":[{"name":"wp","href":"https:\/\/api.w.org\/{rel}","templated":true}]}}