{"id":195254,"date":"2024-03-28T17:56:00","date_gmt":"2024-03-28T17:56:00","guid":{"rendered":"https:\/\/www.foscarini.com\/product\/chouchin-3-semi-chouchin-w\/"},"modified":"2025-06-11T11:56:19","modified_gmt":"2025-06-11T11:56:19","slug":"chouchin-3-semi-chouchin-w-fr","status":"publish","type":"product","link":"https:\/\/www.foscarini.com\/fr\/produit\/chouchin-3-semi-chouchin-w-fr\/","title":{"rendered":"Chouchin Semi"},"content":{"rendered":"<p>Applique in vetro soffiato dal design originale, diffonde una calda e morbida luminosit\u00e0. Perfetta da installare anche su pareti colorate che ne esaltano il segno grafico.La chiusura del vetro a colletto proietta un triangolo di luce pi\u00f9 intenso verso il basso.<\/p><section class=\"pdp__slider full-height-vh\">\n    <div class=\"swiper-container swiper__pdp\">\n        <div class=\"swiper-wrapper full-height\">\n                                <div class=\"swiper-slide\">\n                                                    <img decoding=\"async\" class=\"full-cover\" src=\"https:\/\/www.foscarini.com\/wp-content\/uploads\/2024\/03\/3.1_ChouchinSemi-150x150.jpg\" srcset=\"https:\/\/www.foscarini.com\/wp-content\/uploads\/2024\/03\/3.1_ChouchinSemi-194x300.jpg 194w, https:\/\/www.foscarini.com\/wp-content\/uploads\/2024\/03\/3.1_ChouchinSemi-663x1024.jpg 663w, https:\/\/www.foscarini.com\/wp-content\/uploads\/2024\/03\/3.1_ChouchinSemi-768x1186.jpg 768w, https:\/\/www.foscarini.com\/wp-content\/uploads\/2024\/03\/3.1_ChouchinSemi-800x1235.jpg 800w, https:\/\/www.foscarini.com\/wp-content\/uploads\/2024\/03\/3.1_ChouchinSemi.jpg 960w\" alt=\"\" \/>\n                                                                        <\/div>\n                                        <div class=\"swiper-slide\">\n                                                    <img decoding=\"async\" class=\"full-cover\" src=\"https:\/\/www.foscarini.com\/wp-content\/uploads\/2024\/03\/3.2_ChouchinSemi-150x150.jpg\" srcset=\"https:\/\/www.foscarini.com\/wp-content\/uploads\/2024\/03\/3.2_ChouchinSemi-194x300.jpg 194w, https:\/\/www.foscarini.com\/wp-content\/uploads\/2024\/03\/3.2_ChouchinSemi-663x1024.jpg 663w, https:\/\/www.foscarini.com\/wp-content\/uploads\/2024\/03\/3.2_ChouchinSemi-768x1186.jpg 768w, https:\/\/www.foscarini.com\/wp-content\/uploads\/2024\/03\/3.2_ChouchinSemi-800x1235.jpg 800w, https:\/\/www.foscarini.com\/wp-content\/uploads\/2024\/03\/3.2_ChouchinSemi.jpg 960w\" alt=\"\" \/>\n                                                                        <\/div>\n                                        <div class=\"swiper-slide\">\n                                                    <img decoding=\"async\" class=\"full-cover\" src=\"https:\/\/www.foscarini.com\/wp-content\/uploads\/2024\/03\/3.3_ChouchinSemi-150x150.jpg\" srcset=\"https:\/\/www.foscarini.com\/wp-content\/uploads\/2024\/03\/3.3_ChouchinSemi-300x250.jpg 300w, https:\/\/www.foscarini.com\/wp-content\/uploads\/2024\/03\/3.3_ChouchinSemi-1024x854.jpg 1024w, https:\/\/www.foscarini.com\/wp-content\/uploads\/2024\/03\/3.3_ChouchinSemi-768x641.jpg 768w, https:\/\/www.foscarini.com\/wp-content\/uploads\/2024\/03\/3.3_ChouchinSemi-1536x1282.jpg 1536w, https:\/\/www.foscarini.com\/wp-content\/uploads\/2024\/03\/3.3_ChouchinSemi-800x668.jpg 800w, https:\/\/www.foscarini.com\/wp-content\/uploads\/2024\/03\/3.3_ChouchinSemi.jpg 1776w\" alt=\"\" \/>\n                                                                        <\/div>\n                            <\/div>\n    <\/div>\n    <div class=\"swiper-scrollbar\"><\/div>\n    <div class=\"ct-arrow\">\n        <div class=\"swiper-button-prev\"><\/div>\n        <div class=\"swiper-button-next\"><\/div>\n    <\/div>\n<\/section>","protected":false},"excerpt":{"rendered":"<p>Applique murale fournissant une lumi\u00e8re indirecte et diffuse. Diffuseur en verre stratifi\u00e9 souffl\u00e9 \u00e0 la main, finition polie. Montage mural en m\u00e9tal peint et ABS.<\/p>\n","protected":false},"featured_media":466928,"comment_status":"open","ping_status":"closed","template":"","meta":{"_acf_changed":true},"product_cat":[709,1018,13524,649,716],"product_tag":[],"materiale":[8167],"altezza":[11695],"larghezza":[7424],"profondita":[11537],"peso":[8832],"designer-prodotto":[7825],"class_list":{"0":"post-195254","1":"product","2":"type-product","3":"status-publish","4":"has-post-thumbnail","6":"product_cat-parete-fr","7":"product_cat-chouchin-concetto-fr","8":"product_cat-chouchin-semi-famiglia-fr","9":"product_cat-concetto-fr","10":"product_cat-funzione-fr","11":"materiale-vetro-e-vetro-soffiato-fr","12":"altezza-6-fr","13":"larghezza-12-fr","14":"profondita-9-78-fr","15":"peso-2-fr","16":"designer-prodotto-ionna-vautrin-fr","18":"first","19":"instock","20":"shipping-taxable","21":"purchasable","22":"product-type-variable"},"acf":{"preview_slider":{"titolo":"","testo":"","video_domanda":false,"link_video":""},"prodotto__immagine_preview":{"immagine":120927},"prodotto__slider":{"sottotitolo":"Ionna Vautrin (2021)","titolo":"Applique en verre souffl\u00e9 au design original, diffusant une lumi\u00e8re chaude et douce. Parfait pour une installation sur des murs color\u00e9s qui mettent en valeur le signe graphique. La fermeture en verre \u00e0 collet projette un triangle de lumi\u00e8re plus intense vers le bas.","immagini":[{"immagine":124962,"immagine_mobile":null},{"immagine":124955,"immagine_mobile":null},{"immagine":124969,"immagine_mobile":null}]},"prodotto__slider_preview":null,"prodotto__specifiche":{"selezione":[{"scheda_tecnica":462009}]}},"yoast_head":"<!-- This site is optimized with the Yoast SEO Premium plugin v22.4 (Yoast SEO v23.7) - https:\/\/yoast.com\/wordpress\/plugins\/seo\/ -->\n<title>Chouchin Semi - Foscarini<\/title>\n<meta name=\"robots\" content=\"index, follow, max-snippet:-1, max-image-preview:large, max-video-preview:-1\" \/>\n<meta property=\"og:locale\" content=\"fr_FR\" \/>\n<meta property=\"og:type\" content=\"article\" \/>\n<meta property=\"og:title\" content=\"Chouchin Semi\" \/>\n<meta property=\"og:description\" content=\"Applique murale fournissant une lumi\u00e8re indirecte et diffuse. Diffuseur en verre stratifi\u00e9 souffl\u00e9 \u00e0 la main, finition polie. Montage mural en m\u00e9tal peint et ABS.\" \/>\n<meta property=\"og:url\" content=\"https:\/\/www.foscarini.com\/fr\/produit\/chouchin-3-semi-chouchin-w-fr\/\" \/>\n<meta property=\"og:site_name\" content=\"Foscarini\" \/>\n<meta property=\"article:modified_time\" content=\"2025-06-11T11:56:19+00:00\" \/>\n<meta property=\"og:image\" content=\"https:\/\/www.foscarini.com\/wp-content\/uploads\/2025\/06\/chouchin-semi_w_white-gold_22_786x865-1.jpg\" \/>\n\t<meta property=\"og:image:width\" content=\"786\" \/>\n\t<meta property=\"og:image:height\" content=\"865\" \/>\n\t<meta property=\"og:image:type\" content=\"image\/jpeg\" \/>\n<meta name=\"twitter:card\" content=\"summary_large_image\" \/>\n<meta name=\"twitter:label1\" content=\"Dur\u00e9e de lecture estim\u00e9e\" \/>\n\t<meta name=\"twitter:data1\" content=\"1 minute\" \/>\n<script type=\"application\/ld+json\" class=\"yoast-schema-graph\">{\"@context\":\"https:\/\/schema.org\",\"@graph\":[{\"@type\":\"WebPage\",\"@id\":\"https:\/\/www.foscarini.com\/fr\/produit\/chouchin-3-semi-chouchin-w-fr\/\",\"url\":\"https:\/\/www.foscarini.com\/fr\/produit\/chouchin-3-semi-chouchin-w-fr\/\",\"name\":\"Chouchin Semi - Foscarini\",\"isPartOf\":{\"@id\":\"https:\/\/www.foscarini.com\/#website\"},\"primaryImageOfPage\":{\"@id\":\"https:\/\/www.foscarini.com\/fr\/produit\/chouchin-3-semi-chouchin-w-fr\/#primaryimage\"},\"image\":{\"@id\":\"https:\/\/www.foscarini.com\/fr\/produit\/chouchin-3-semi-chouchin-w-fr\/#primaryimage\"},\"thumbnailUrl\":\"https:\/\/www.foscarini.com\/wp-content\/uploads\/2025\/06\/chouchin-semi_w_white-gold_22_786x865-3.jpg\",\"datePublished\":\"2024-03-28T17:56:00+00:00\",\"dateModified\":\"2025-06-11T11:56:19+00:00\",\"breadcrumb\":{\"@id\":\"https:\/\/www.foscarini.com\/fr\/produit\/chouchin-3-semi-chouchin-w-fr\/#breadcrumb\"},\"inLanguage\":\"fr-FR\",\"potentialAction\":[{\"@type\":\"ReadAction\",\"target\":[\"https:\/\/www.foscarini.com\/fr\/produit\/chouchin-3-semi-chouchin-w-fr\/\"]}]},{\"@type\":\"ImageObject\",\"inLanguage\":\"fr-FR\",\"@id\":\"https:\/\/www.foscarini.com\/fr\/produit\/chouchin-3-semi-chouchin-w-fr\/#primaryimage\",\"url\":\"https:\/\/www.foscarini.com\/wp-content\/uploads\/2025\/06\/chouchin-semi_w_white-gold_22_786x865-3.jpg\",\"contentUrl\":\"https:\/\/www.foscarini.com\/wp-content\/uploads\/2025\/06\/chouchin-semi_w_white-gold_22_786x865-3.jpg\",\"width\":786,\"height\":865},{\"@type\":\"BreadcrumbList\",\"@id\":\"https:\/\/www.foscarini.com\/fr\/produit\/chouchin-3-semi-chouchin-w-fr\/#breadcrumb\",\"itemListElement\":[{\"@type\":\"ListItem\",\"position\":1,\"name\":\"Home\",\"item\":\"https:\/\/www.foscarini.com\/fr\/\"},{\"@type\":\"ListItem\",\"position\":2,\"name\":\"Boutique\",\"item\":\"https:\/\/www.foscarini.com\/fr\/boutique\/\"},{\"@type\":\"ListItem\",\"position\":3,\"name\":\"Chouchin Semi\"}]},{\"@type\":\"WebSite\",\"@id\":\"https:\/\/www.foscarini.com\/#website\",\"url\":\"https:\/\/www.foscarini.com\/\",\"name\":\"Foscarini\",\"description\":\"\",\"potentialAction\":[{\"@type\":\"SearchAction\",\"target\":{\"@type\":\"EntryPoint\",\"urlTemplate\":\"https:\/\/www.foscarini.com\/?s={search_term_string}\"},\"query-input\":{\"@type\":\"PropertyValueSpecification\",\"valueRequired\":true,\"valueName\":\"search_term_string\"}}],\"inLanguage\":\"fr-FR\"}]}<\/script>\n<!-- \/ Yoast SEO Premium plugin. -->","yoast_head_json":{"title":"Chouchin Semi - Foscarini","robots":{"index":"index","follow":"follow","max-snippet":"max-snippet:-1","max-image-preview":"max-image-preview:large","max-video-preview":"max-video-preview:-1"},"og_locale":"fr_FR","og_type":"article","og_title":"Chouchin Semi","og_description":"Applique murale fournissant une lumi\u00e8re indirecte et diffuse. Diffuseur en verre stratifi\u00e9 souffl\u00e9 \u00e0 la main, finition polie. Montage mural en m\u00e9tal peint et ABS.","og_url":"https:\/\/www.foscarini.com\/fr\/produit\/chouchin-3-semi-chouchin-w-fr\/","og_site_name":"Foscarini","article_modified_time":"2025-06-11T11:56:19+00:00","og_image":[{"width":786,"height":865,"url":"https:\/\/www.foscarini.com\/wp-content\/uploads\/2025\/06\/chouchin-semi_w_white-gold_22_786x865-1.jpg","type":"image\/jpeg"}],"twitter_card":"summary_large_image","twitter_misc":{"Dur\u00e9e de lecture estim\u00e9e":"1 minute"},"schema":{"@context":"https:\/\/schema.org","@graph":[{"@type":"WebPage","@id":"https:\/\/www.foscarini.com\/fr\/produit\/chouchin-3-semi-chouchin-w-fr\/","url":"https:\/\/www.foscarini.com\/fr\/produit\/chouchin-3-semi-chouchin-w-fr\/","name":"Chouchin Semi - Foscarini","isPartOf":{"@id":"https:\/\/www.foscarini.com\/#website"},"primaryImageOfPage":{"@id":"https:\/\/www.foscarini.com\/fr\/produit\/chouchin-3-semi-chouchin-w-fr\/#primaryimage"},"image":{"@id":"https:\/\/www.foscarini.com\/fr\/produit\/chouchin-3-semi-chouchin-w-fr\/#primaryimage"},"thumbnailUrl":"https:\/\/www.foscarini.com\/wp-content\/uploads\/2025\/06\/chouchin-semi_w_white-gold_22_786x865-3.jpg","datePublished":"2024-03-28T17:56:00+00:00","dateModified":"2025-06-11T11:56:19+00:00","breadcrumb":{"@id":"https:\/\/www.foscarini.com\/fr\/produit\/chouchin-3-semi-chouchin-w-fr\/#breadcrumb"},"inLanguage":"fr-FR","potentialAction":[{"@type":"ReadAction","target":["https:\/\/www.foscarini.com\/fr\/produit\/chouchin-3-semi-chouchin-w-fr\/"]}]},{"@type":"ImageObject","inLanguage":"fr-FR","@id":"https:\/\/www.foscarini.com\/fr\/produit\/chouchin-3-semi-chouchin-w-fr\/#primaryimage","url":"https:\/\/www.foscarini.com\/wp-content\/uploads\/2025\/06\/chouchin-semi_w_white-gold_22_786x865-3.jpg","contentUrl":"https:\/\/www.foscarini.com\/wp-content\/uploads\/2025\/06\/chouchin-semi_w_white-gold_22_786x865-3.jpg","width":786,"height":865},{"@type":"BreadcrumbList","@id":"https:\/\/www.foscarini.com\/fr\/produit\/chouchin-3-semi-chouchin-w-fr\/#breadcrumb","itemListElement":[{"@type":"ListItem","position":1,"name":"Home","item":"https:\/\/www.foscarini.com\/fr\/"},{"@type":"ListItem","position":2,"name":"Boutique","item":"https:\/\/www.foscarini.com\/fr\/boutique\/"},{"@type":"ListItem","position":3,"name":"Chouchin Semi"}]},{"@type":"WebSite","@id":"https:\/\/www.foscarini.com\/#website","url":"https:\/\/www.foscarini.com\/","name":"Foscarini","description":"","potentialAction":[{"@type":"SearchAction","target":{"@type":"EntryPoint","urlTemplate":"https:\/\/www.foscarini.com\/?s={search_term_string}"},"query-input":{"@type":"PropertyValueSpecification","valueRequired":true,"valueName":"search_term_string"}}],"inLanguage":"fr-FR"}]}},"_links":{"self":[{"href":"https:\/\/www.foscarini.com\/fr\/wp-json\/wp\/v2\/product\/195254"}],"collection":[{"href":"https:\/\/www.foscarini.com\/fr\/wp-json\/wp\/v2\/product"}],"about":[{"href":"https:\/\/www.foscarini.com\/fr\/wp-json\/wp\/v2\/types\/product"}],"replies":[{"embeddable":true,"href":"https:\/\/www.foscarini.com\/fr\/wp-json\/wp\/v2\/comments?post=195254"}],"wp:featuredmedia":[{"embeddable":true,"href":"https:\/\/www.foscarini.com\/fr\/wp-json\/wp\/v2\/media\/466928"}],"wp:attachment":[{"href":"https:\/\/www.foscarini.com\/fr\/wp-json\/wp\/v2\/media?parent=195254"}],"wp:term":[{"taxonomy":"product_cat","embeddable":true,"href":"https:\/\/www.foscarini.com\/fr\/wp-json\/wp\/v2\/product_cat?post=195254"},{"taxonomy":"product_tag","embeddable":true,"href":"https:\/\/www.foscarini.com\/fr\/wp-json\/wp\/v2\/product_tag?post=195254"},{"taxonomy":"materiale","embeddable":true,"href":"https:\/\/www.foscarini.com\/fr\/wp-json\/wp\/v2\/materiale?post=195254"},{"taxonomy":"altezza","embeddable":true,"href":"https:\/\/www.foscarini.com\/fr\/wp-json\/wp\/v2\/altezza?post=195254"},{"taxonomy":"larghezza","embeddable":true,"href":"https:\/\/www.foscarini.com\/fr\/wp-json\/wp\/v2\/larghezza?post=195254"},{"taxonomy":"profondita","embeddable":true,"href":"https:\/\/www.foscarini.com\/fr\/wp-json\/wp\/v2\/profondita?post=195254"},{"taxonomy":"peso","embeddable":true,"href":"https:\/\/www.foscarini.com\/fr\/wp-json\/wp\/v2\/peso?post=195254"},{"taxonomy":"designer-prodotto","embeddable":true,"href":"https:\/\/www.foscarini.com\/fr\/wp-json\/wp\/v2\/designer-prodotto?post=195254"}],"curies":[{"name":"wp","href":"https:\/\/api.w.org\/{rel}","templated":true}]}}