{"id":195118,"date":"2024-03-29T14:40:54","date_gmt":"2024-03-29T14:40:54","guid":{"rendered":"https:\/\/www.foscarini.com\/product\/chapeaux-v-chapeaux-t\/"},"modified":"2025-06-11T11:40:51","modified_gmt":"2025-06-11T11:40:51","slug":"chapeaux-v-chapeaux-t-fr","status":"publish","type":"product","link":"https:\/\/www.foscarini.com\/fr\/produit\/chapeaux-v-chapeaux-t-fr\/","title":{"rendered":"Chapeaux V"},"content":{"rendered":"<p>Une lampe de table raffin\u00e9e dont les \u00e9l\u00e9ments de composition ont \u00e9t\u00e9 r\u00e9duits au minimum. Un support en verre transparent qui dispara\u00eet presque \u00e0 la vue, un c\u0153ur lumineux et un \u00e9l\u00e9gant chapeau de verre, sur pied, diffusant une lumi\u00e8re douce et ambiante.<\/p><div class=\"wp-block-columns two_image_join two_image_join_affiancate on_off_block is-layout-flex wp-container-core-columns-is-layout-1 wp-block-columns-is-layout-flex\"><div class=\"wp-block-column is-layout-flow wp-block-column-is-layout-flow\"><div class=\"wp-block-getwid-image-hotspot\" data-appearance-animation=\"none\" data-image-points=\"[{&quot;link&quot;:&quot;&quot;,&quot;icon&quot;:&quot;&quot;,&quot;title&quot;:&quot;acceso&quot;,&quot;color&quot;:&quot;&quot;,&quot;content&quot;:&quot;&quot;,&quot;backgroundColor&quot;:&quot;&quot;,&quot;newTab&quot;:false,&quot;popUpOpen&quot;:false,&quot;popUpWidth&quot;:350,&quot;placement&quot;:&quot;top&quot;,&quot;position&quot;:{&quot;x&quot;:&quot;40.89%&quot;,&quot;y&quot;:&quot;25.99%&quot;}}]\" data-trigger=\"click\" data-theme=\"light\" data-tooltip-animation=\"shift-toward\" data-arrow=\"true\"><div class=\"wp-block-getwid-image-hotspot__wrapper\"><img loading=\"lazy\" decoding=\"async\" width=\"2560\" height=\"1591\" src=\"https:\/\/www.foscarini.com\/wp-content\/uploads\/2024\/03\/4.1-OFF_ChapeauxV-1-scaled.jpg\" alt=\"\" class=\"wp-block-getwid-image-hotspot__image wp-image-312635\" srcset=\"https:\/\/www.foscarini.com\/wp-content\/uploads\/2024\/03\/4.1-OFF_ChapeauxV-1-scaled.jpg 2560w, https:\/\/www.foscarini.com\/wp-content\/uploads\/2024\/03\/4.1-OFF_ChapeauxV-1-300x186.jpg 300w, https:\/\/www.foscarini.com\/wp-content\/uploads\/2024\/03\/4.1-OFF_ChapeauxV-1-1024x636.jpg 1024w, https:\/\/www.foscarini.com\/wp-content\/uploads\/2024\/03\/4.1-OFF_ChapeauxV-1-768x477.jpg 768w, https:\/\/www.foscarini.com\/wp-content\/uploads\/2024\/03\/4.1-OFF_ChapeauxV-1-1536x955.jpg 1536w, https:\/\/www.foscarini.com\/wp-content\/uploads\/2024\/03\/4.1-OFF_ChapeauxV-1-2048x1273.jpg 2048w, https:\/\/www.foscarini.com\/wp-content\/uploads\/2024\/03\/4.1-OFF_ChapeauxV-1-800x497.jpg 800w\" sizes=\"(max-width: 2560px) 100vw, 2560px\" \/><div data-point-id=\"0\" class=\"wp-block-getwid-image-hotspot__dot has-animation-pulse\" style=\"left:40.89%;top:25.99%\"><div class=\"wp-block-getwid-image-hotspot__dot-wrapper\"><div class=\"wp-block-getwid-image-hotspot__dot-content\"><i class=\"fas fa-plus wp-block-getwid-image-hotspot__dot-icon\"><\/i><\/div><\/div><div class=\"wp-block-getwid-image-hotspot__dot-description\"><div class=\"wp-block-getwid-image-hotspot__dot-title\">acceso<\/div><\/div><\/div><\/div><\/div>\n\n<figure class=\"wp-block-image size-large absolute_image\"><img loading=\"lazy\" decoding=\"async\" width=\"1024\" height=\"636\" src=\"https:\/\/www.foscarini.com\/wp-content\/uploads\/2024\/03\/4.2-ON_ChapeauxV-1-1024x636.jpg\" alt=\"\" class=\"wp-image-312642\" srcset=\"https:\/\/www.foscarini.com\/wp-content\/uploads\/2024\/03\/4.2-ON_ChapeauxV-1-1024x636.jpg 1024w, https:\/\/www.foscarini.com\/wp-content\/uploads\/2024\/03\/4.2-ON_ChapeauxV-1-300x186.jpg 300w, https:\/\/www.foscarini.com\/wp-content\/uploads\/2024\/03\/4.2-ON_ChapeauxV-1-768x477.jpg 768w, https:\/\/www.foscarini.com\/wp-content\/uploads\/2024\/03\/4.2-ON_ChapeauxV-1-1536x955.jpg 1536w, https:\/\/www.foscarini.com\/wp-content\/uploads\/2024\/03\/4.2-ON_ChapeauxV-1-2048x1273.jpg 2048w, https:\/\/www.foscarini.com\/wp-content\/uploads\/2024\/03\/4.2-ON_ChapeauxV-1-800x497.jpg 800w\" sizes=\"(max-width: 1024px) 100vw, 1024px\" \/><\/figure><\/div><\/div>","protected":false},"excerpt":{"rendered":"<p>Les \u00e9l\u00e9ments de composition de Chapeaux, une lampe de table \u00e0 lumi\u00e8re directe et diffuse con\u00e7ue par Rodolfo Dordoni, ont \u00e9t\u00e9 r\u00e9duits au minimum. Au c\u0153ur du projet, trois diffuseurs &#8211; de formes, de mat\u00e9riaux et de finitions diff\u00e9rents &#8211; reposent librement sur un corps central cylindrique en verre borosilicat\u00e9 ouvert aux extr\u00e9mit\u00e9s, qui supporte \u00e9galement la source lumineuse : une ampoule en polycarbonate opale qui renferme les composants d\u2019\u00e9clairage et semble flotter dans le verre. La tige en aluminium bross\u00e9 situ\u00e9e en haut est un variateur tactile \u00e0 trois niveaux d\u2019intensit\u00e9 qui conserve la m\u00e9moire du dernier choix lorsqu\u2019il est command\u00e9 par un interrupteur mural. Dans la version V, le diffuseur est en verre souffl\u00e9 \u00e0 la bouche avec une finition polie, la lumi\u00e8re passe partiellement \u00e0 travers le diffuseur, l\u2019\u00e9clairant de l\u2019int\u00e9rieur, pour une atmosph\u00e8re ambiante douce. Dans la version blanc chaud, la couleur du verre est blanche lorsqu\u2019il est \u00e9teint et ivoire lorsqu\u2019il est allum\u00e9 gr\u00e2ce \u00e0 la couche int\u00e9rieure de verre de couleur paille.<\/p>\n","protected":false},"featured_media":466507,"comment_status":"open","ping_status":"closed","template":"","meta":{"_acf_changed":true},"product_cat":[1028,6977,649,716,752],"product_tag":[],"materiale":[8167],"altezza":[11315],"larghezza":[9642],"profondita":[9515],"peso":[9027],"designer-prodotto":[7577],"class_list":{"0":"post-195118","1":"product","2":"type-product","3":"status-publish","4":"has-post-thumbnail","6":"product_cat-chapeaux-concetto-fr","7":"product_cat-chapeaux-famiglia-fr-chapeaux-concetto","8":"product_cat-concetto-fr","9":"product_cat-funzione-fr","10":"product_cat-tavolo-fr","11":"materiale-vetro-e-vetro-soffiato-fr","12":"altezza-47-fr","13":"larghezza-29-fr","14":"profondita-29-fr","15":"peso-24-fr","16":"designer-prodotto-rodolfo-dordoni-fr","18":"first","19":"instock","20":"shipping-taxable","21":"purchasable","22":"product-type-variable"},"acf":{"preview_slider":{"titolo":"CHAPEAUX V","testo":"Une lampe de table raffin\u00e9e dont les \u00e9l\u00e9ments de composition ont \u00e9t\u00e9 r\u00e9duits au minimum. Un support en verre transparent qui dispara\u00eet presque \u00e0 la vue, un c\u0153ur lumineux et un \u00e9l\u00e9gant chapeau de verre, sur pied, diffusant une lumi\u00e8re douce et ambiante.        ","video_domanda":false,"link_video":""},"prodotto__immagine_preview":{"immagine":98993},"prodotto__slider":{"sottotitolo":"Rodolfo Dordoni (2023)","titolo":"Une lampe de table raffin\u00e9e dont les \u00e9l\u00e9ments de composition ont \u00e9t\u00e9 r\u00e9duits au minimum. Un support en verre transparent qui dispara\u00eet presque \u00e0 la vue, un c\u0153ur lumineux et un \u00e9l\u00e9gant chapeau de verre, sur pied, diffusant une lumi\u00e8re douce et ambiante.","immagini":[{"immagine":308519,"immagine_mobile":""},{"immagine":308512,"immagine_mobile":""}]},"prodotto__slider_preview":null,"prodotto__specifiche":{"selezione":[{"scheda_tecnica":461777}]}},"yoast_head":"<!-- This site is optimized with the Yoast SEO Premium plugin v22.4 (Yoast SEO v23.7) - https:\/\/yoast.com\/wordpress\/plugins\/seo\/ -->\n<title>Chapeaux V - Foscarini<\/title>\n<meta name=\"robots\" content=\"index, follow, max-snippet:-1, max-image-preview:large, max-video-preview:-1\" \/>\n<meta property=\"og:locale\" content=\"fr_FR\" \/>\n<meta property=\"og:type\" content=\"article\" \/>\n<meta property=\"og:title\" content=\"Chapeaux V\" \/>\n<meta property=\"og:description\" content=\"Les \u00e9l\u00e9ments de composition de Chapeaux, une lampe de table \u00e0 lumi\u00e8re directe et diffuse con\u00e7ue par Rodolfo Dordoni, ont \u00e9t\u00e9 r\u00e9duits au minimum. Au c\u0153ur du projet, trois diffuseurs - de formes, de mat\u00e9riaux et de finitions diff\u00e9rents - reposent librement sur un corps central cylindrique en verre borosilicat\u00e9 ouvert aux extr\u00e9mit\u00e9s, qui supporte \u00e9galement la source lumineuse : une ampoule en polycarbonate opale qui renferme les composants d\u2019\u00e9clairage et semble flotter dans le verre. La tige en aluminium bross\u00e9 situ\u00e9e en haut est un variateur tactile \u00e0 trois niveaux d\u2019intensit\u00e9 qui conserve la m\u00e9moire du dernier choix lorsqu\u2019il est command\u00e9 par un interrupteur mural. Dans la version V, le diffuseur est en verre souffl\u00e9 \u00e0 la bouche avec une finition polie, la lumi\u00e8re passe partiellement \u00e0 travers le diffuseur, l\u2019\u00e9clairant de l\u2019int\u00e9rieur, pour une atmosph\u00e8re ambiante douce. Dans la version blanc chaud, la couleur du verre est blanche lorsqu\u2019il est \u00e9teint et ivoire lorsqu\u2019il est allum\u00e9 gr\u00e2ce \u00e0 la couche int\u00e9rieure de verre de couleur paille.\" \/>\n<meta property=\"og:url\" content=\"https:\/\/www.foscarini.com\/fr\/produit\/chapeaux-v-chapeaux-t-fr\/\" \/>\n<meta property=\"og:site_name\" content=\"Foscarini\" \/>\n<meta property=\"article:modified_time\" content=\"2025-06-11T11:40:51+00:00\" \/>\n<meta property=\"og:image\" content=\"https:\/\/www.foscarini.com\/wp-content\/uploads\/2025\/06\/chapeaux-v_t_grey_22_786x865-1.jpg\" \/>\n\t<meta property=\"og:image:width\" content=\"786\" \/>\n\t<meta property=\"og:image:height\" content=\"865\" \/>\n\t<meta property=\"og:image:type\" content=\"image\/jpeg\" \/>\n<meta name=\"twitter:card\" content=\"summary_large_image\" \/>\n<meta name=\"twitter:label1\" content=\"Dur\u00e9e de lecture estim\u00e9e\" \/>\n\t<meta name=\"twitter:data1\" content=\"1 minute\" \/>\n<script type=\"application\/ld+json\" class=\"yoast-schema-graph\">{\"@context\":\"https:\/\/schema.org\",\"@graph\":[{\"@type\":\"WebPage\",\"@id\":\"https:\/\/www.foscarini.com\/fr\/produit\/chapeaux-v-chapeaux-t-fr\/\",\"url\":\"https:\/\/www.foscarini.com\/fr\/produit\/chapeaux-v-chapeaux-t-fr\/\",\"name\":\"Chapeaux V - Foscarini\",\"isPartOf\":{\"@id\":\"https:\/\/www.foscarini.com\/#website\"},\"primaryImageOfPage\":{\"@id\":\"https:\/\/www.foscarini.com\/fr\/produit\/chapeaux-v-chapeaux-t-fr\/#primaryimage\"},\"image\":{\"@id\":\"https:\/\/www.foscarini.com\/fr\/produit\/chapeaux-v-chapeaux-t-fr\/#primaryimage\"},\"thumbnailUrl\":\"https:\/\/www.foscarini.com\/wp-content\/uploads\/2025\/06\/chapeaux-v_t_grey_22_786x865-3.jpg\",\"datePublished\":\"2024-03-29T14:40:54+00:00\",\"dateModified\":\"2025-06-11T11:40:51+00:00\",\"breadcrumb\":{\"@id\":\"https:\/\/www.foscarini.com\/fr\/produit\/chapeaux-v-chapeaux-t-fr\/#breadcrumb\"},\"inLanguage\":\"fr-FR\",\"potentialAction\":[{\"@type\":\"ReadAction\",\"target\":[\"https:\/\/www.foscarini.com\/fr\/produit\/chapeaux-v-chapeaux-t-fr\/\"]}]},{\"@type\":\"ImageObject\",\"inLanguage\":\"fr-FR\",\"@id\":\"https:\/\/www.foscarini.com\/fr\/produit\/chapeaux-v-chapeaux-t-fr\/#primaryimage\",\"url\":\"https:\/\/www.foscarini.com\/wp-content\/uploads\/2025\/06\/chapeaux-v_t_grey_22_786x865-3.jpg\",\"contentUrl\":\"https:\/\/www.foscarini.com\/wp-content\/uploads\/2025\/06\/chapeaux-v_t_grey_22_786x865-3.jpg\",\"width\":786,\"height\":865},{\"@type\":\"BreadcrumbList\",\"@id\":\"https:\/\/www.foscarini.com\/fr\/produit\/chapeaux-v-chapeaux-t-fr\/#breadcrumb\",\"itemListElement\":[{\"@type\":\"ListItem\",\"position\":1,\"name\":\"Home\",\"item\":\"https:\/\/www.foscarini.com\/fr\/\"},{\"@type\":\"ListItem\",\"position\":2,\"name\":\"Boutique\",\"item\":\"https:\/\/www.foscarini.com\/fr\/boutique\/\"},{\"@type\":\"ListItem\",\"position\":3,\"name\":\"Chapeaux V\"}]},{\"@type\":\"WebSite\",\"@id\":\"https:\/\/www.foscarini.com\/#website\",\"url\":\"https:\/\/www.foscarini.com\/\",\"name\":\"Foscarini\",\"description\":\"\",\"potentialAction\":[{\"@type\":\"SearchAction\",\"target\":{\"@type\":\"EntryPoint\",\"urlTemplate\":\"https:\/\/www.foscarini.com\/?s={search_term_string}\"},\"query-input\":{\"@type\":\"PropertyValueSpecification\",\"valueRequired\":true,\"valueName\":\"search_term_string\"}}],\"inLanguage\":\"fr-FR\"}]}<\/script>\n<!-- \/ Yoast SEO Premium plugin. -->","yoast_head_json":{"title":"Chapeaux V - Foscarini","robots":{"index":"index","follow":"follow","max-snippet":"max-snippet:-1","max-image-preview":"max-image-preview:large","max-video-preview":"max-video-preview:-1"},"og_locale":"fr_FR","og_type":"article","og_title":"Chapeaux V","og_description":"Les \u00e9l\u00e9ments de composition de Chapeaux, une lampe de table \u00e0 lumi\u00e8re directe et diffuse con\u00e7ue par Rodolfo Dordoni, ont \u00e9t\u00e9 r\u00e9duits au minimum. Au c\u0153ur du projet, trois diffuseurs - de formes, de mat\u00e9riaux et de finitions diff\u00e9rents - reposent librement sur un corps central cylindrique en verre borosilicat\u00e9 ouvert aux extr\u00e9mit\u00e9s, qui supporte \u00e9galement la source lumineuse : une ampoule en polycarbonate opale qui renferme les composants d\u2019\u00e9clairage et semble flotter dans le verre. La tige en aluminium bross\u00e9 situ\u00e9e en haut est un variateur tactile \u00e0 trois niveaux d\u2019intensit\u00e9 qui conserve la m\u00e9moire du dernier choix lorsqu\u2019il est command\u00e9 par un interrupteur mural. Dans la version V, le diffuseur est en verre souffl\u00e9 \u00e0 la bouche avec une finition polie, la lumi\u00e8re passe partiellement \u00e0 travers le diffuseur, l\u2019\u00e9clairant de l\u2019int\u00e9rieur, pour une atmosph\u00e8re ambiante douce. Dans la version blanc chaud, la couleur du verre est blanche lorsqu\u2019il est \u00e9teint et ivoire lorsqu\u2019il est allum\u00e9 gr\u00e2ce \u00e0 la couche int\u00e9rieure de verre de couleur paille.","og_url":"https:\/\/www.foscarini.com\/fr\/produit\/chapeaux-v-chapeaux-t-fr\/","og_site_name":"Foscarini","article_modified_time":"2025-06-11T11:40:51+00:00","og_image":[{"width":786,"height":865,"url":"https:\/\/www.foscarini.com\/wp-content\/uploads\/2025\/06\/chapeaux-v_t_grey_22_786x865-1.jpg","type":"image\/jpeg"}],"twitter_card":"summary_large_image","twitter_misc":{"Dur\u00e9e de lecture estim\u00e9e":"1 minute"},"schema":{"@context":"https:\/\/schema.org","@graph":[{"@type":"WebPage","@id":"https:\/\/www.foscarini.com\/fr\/produit\/chapeaux-v-chapeaux-t-fr\/","url":"https:\/\/www.foscarini.com\/fr\/produit\/chapeaux-v-chapeaux-t-fr\/","name":"Chapeaux V - Foscarini","isPartOf":{"@id":"https:\/\/www.foscarini.com\/#website"},"primaryImageOfPage":{"@id":"https:\/\/www.foscarini.com\/fr\/produit\/chapeaux-v-chapeaux-t-fr\/#primaryimage"},"image":{"@id":"https:\/\/www.foscarini.com\/fr\/produit\/chapeaux-v-chapeaux-t-fr\/#primaryimage"},"thumbnailUrl":"https:\/\/www.foscarini.com\/wp-content\/uploads\/2025\/06\/chapeaux-v_t_grey_22_786x865-3.jpg","datePublished":"2024-03-29T14:40:54+00:00","dateModified":"2025-06-11T11:40:51+00:00","breadcrumb":{"@id":"https:\/\/www.foscarini.com\/fr\/produit\/chapeaux-v-chapeaux-t-fr\/#breadcrumb"},"inLanguage":"fr-FR","potentialAction":[{"@type":"ReadAction","target":["https:\/\/www.foscarini.com\/fr\/produit\/chapeaux-v-chapeaux-t-fr\/"]}]},{"@type":"ImageObject","inLanguage":"fr-FR","@id":"https:\/\/www.foscarini.com\/fr\/produit\/chapeaux-v-chapeaux-t-fr\/#primaryimage","url":"https:\/\/www.foscarini.com\/wp-content\/uploads\/2025\/06\/chapeaux-v_t_grey_22_786x865-3.jpg","contentUrl":"https:\/\/www.foscarini.com\/wp-content\/uploads\/2025\/06\/chapeaux-v_t_grey_22_786x865-3.jpg","width":786,"height":865},{"@type":"BreadcrumbList","@id":"https:\/\/www.foscarini.com\/fr\/produit\/chapeaux-v-chapeaux-t-fr\/#breadcrumb","itemListElement":[{"@type":"ListItem","position":1,"name":"Home","item":"https:\/\/www.foscarini.com\/fr\/"},{"@type":"ListItem","position":2,"name":"Boutique","item":"https:\/\/www.foscarini.com\/fr\/boutique\/"},{"@type":"ListItem","position":3,"name":"Chapeaux V"}]},{"@type":"WebSite","@id":"https:\/\/www.foscarini.com\/#website","url":"https:\/\/www.foscarini.com\/","name":"Foscarini","description":"","potentialAction":[{"@type":"SearchAction","target":{"@type":"EntryPoint","urlTemplate":"https:\/\/www.foscarini.com\/?s={search_term_string}"},"query-input":{"@type":"PropertyValueSpecification","valueRequired":true,"valueName":"search_term_string"}}],"inLanguage":"fr-FR"}]}},"_links":{"self":[{"href":"https:\/\/www.foscarini.com\/fr\/wp-json\/wp\/v2\/product\/195118"}],"collection":[{"href":"https:\/\/www.foscarini.com\/fr\/wp-json\/wp\/v2\/product"}],"about":[{"href":"https:\/\/www.foscarini.com\/fr\/wp-json\/wp\/v2\/types\/product"}],"replies":[{"embeddable":true,"href":"https:\/\/www.foscarini.com\/fr\/wp-json\/wp\/v2\/comments?post=195118"}],"wp:featuredmedia":[{"embeddable":true,"href":"https:\/\/www.foscarini.com\/fr\/wp-json\/wp\/v2\/media\/466507"}],"wp:attachment":[{"href":"https:\/\/www.foscarini.com\/fr\/wp-json\/wp\/v2\/media?parent=195118"}],"wp:term":[{"taxonomy":"product_cat","embeddable":true,"href":"https:\/\/www.foscarini.com\/fr\/wp-json\/wp\/v2\/product_cat?post=195118"},{"taxonomy":"product_tag","embeddable":true,"href":"https:\/\/www.foscarini.com\/fr\/wp-json\/wp\/v2\/product_tag?post=195118"},{"taxonomy":"materiale","embeddable":true,"href":"https:\/\/www.foscarini.com\/fr\/wp-json\/wp\/v2\/materiale?post=195118"},{"taxonomy":"altezza","embeddable":true,"href":"https:\/\/www.foscarini.com\/fr\/wp-json\/wp\/v2\/altezza?post=195118"},{"taxonomy":"larghezza","embeddable":true,"href":"https:\/\/www.foscarini.com\/fr\/wp-json\/wp\/v2\/larghezza?post=195118"},{"taxonomy":"profondita","embeddable":true,"href":"https:\/\/www.foscarini.com\/fr\/wp-json\/wp\/v2\/profondita?post=195118"},{"taxonomy":"peso","embeddable":true,"href":"https:\/\/www.foscarini.com\/fr\/wp-json\/wp\/v2\/peso?post=195118"},{"taxonomy":"designer-prodotto","embeddable":true,"href":"https:\/\/www.foscarini.com\/fr\/wp-json\/wp\/v2\/designer-prodotto?post=195118"}],"curies":[{"name":"wp","href":"https:\/\/api.w.org\/{rel}","templated":true}]}}