{"id":194642,"date":"2024-03-28T18:09:57","date_gmt":"2024-03-28T18:09:57","guid":{"rendered":"https:\/\/www.foscarini.com\/product\/plass-std-t\/"},"modified":"2025-06-11T14:44:44","modified_gmt":"2025-06-11T14:44:44","slug":"plass-std-t-fr","status":"publish","type":"product","link":"https:\/\/www.foscarini.com\/fr\/produit\/plass-std-t-fr\/","title":{"rendered":"Plass"},"content":{"rendered":"<p>Una lampada da tavolo il cui design interpreta l\u2019immagine di una perla di vetro utilizzando il policarbonato trasparente stampato in rotazionale. Le finiture sono caratterizzate dalle tipiche irregolarit\u00e0 che ricordano il vetro artigianale e fanno vibrare la luce.<\/p><section class=\"pdp__slider full-height-vh\">\n    <div class=\"swiper-container swiper__pdp\">\n        <div class=\"swiper-wrapper full-height\">\n                                <div class=\"swiper-slide\">\n                                                    <img decoding=\"async\" class=\"full-cover\" src=\"https:\/\/www.foscarini.com\/wp-content\/uploads\/2024\/03\/3.1_Plass-150x150.jpg\" srcset=\"https:\/\/www.foscarini.com\/wp-content\/uploads\/2024\/03\/3.1_Plass-300x200.jpg 300w, https:\/\/www.foscarini.com\/wp-content\/uploads\/2024\/03\/3.1_Plass-1024x683.jpg 1024w, https:\/\/www.foscarini.com\/wp-content\/uploads\/2024\/03\/3.1_Plass-768x512.jpg 768w, https:\/\/www.foscarini.com\/wp-content\/uploads\/2024\/03\/3.1_Plass-1536x1024.jpg 1536w, https:\/\/www.foscarini.com\/wp-content\/uploads\/2024\/03\/3.1_Plass-2048x1365.jpg 2048w, https:\/\/www.foscarini.com\/wp-content\/uploads\/2024\/03\/3.1_Plass-800x533.jpg 800w\" alt=\"\" \/>\n                                                                        <\/div>\n                                        <div class=\"swiper-slide\">\n                                                    <img decoding=\"async\" class=\"full-cover\" src=\"https:\/\/www.foscarini.com\/wp-content\/uploads\/2024\/03\/3.2_Plass-150x150.jpg\" srcset=\"https:\/\/www.foscarini.com\/wp-content\/uploads\/2024\/03\/3.2_Plass-300x200.jpg 300w, https:\/\/www.foscarini.com\/wp-content\/uploads\/2024\/03\/3.2_Plass-1024x683.jpg 1024w, https:\/\/www.foscarini.com\/wp-content\/uploads\/2024\/03\/3.2_Plass-768x512.jpg 768w, https:\/\/www.foscarini.com\/wp-content\/uploads\/2024\/03\/3.2_Plass-1536x1024.jpg 1536w, https:\/\/www.foscarini.com\/wp-content\/uploads\/2024\/03\/3.2_Plass-2048x1365.jpg 2048w, https:\/\/www.foscarini.com\/wp-content\/uploads\/2024\/03\/3.2_Plass-800x533.jpg 800w\" alt=\"\" \/>\n                                                                        <\/div>\n                                        <div class=\"swiper-slide\">\n                                                    <img decoding=\"async\" class=\"full-cover\" src=\"https:\/\/www.foscarini.com\/wp-content\/uploads\/2024\/03\/3.3_Plass-150x150.jpg\" srcset=\"https:\/\/www.foscarini.com\/wp-content\/uploads\/2024\/03\/3.3_Plass-199x300.jpg 199w, https:\/\/www.foscarini.com\/wp-content\/uploads\/2024\/03\/3.3_Plass-678x1024.jpg 678w, https:\/\/www.foscarini.com\/wp-content\/uploads\/2024\/03\/3.3_Plass-768x1160.jpg 768w, https:\/\/www.foscarini.com\/wp-content\/uploads\/2024\/03\/3.3_Plass-800x1208.jpg 800w, https:\/\/www.foscarini.com\/wp-content\/uploads\/2024\/03\/3.3_Plass.jpg 980w\" alt=\"\" \/>\n                                                                        <\/div>\n                                        <div class=\"swiper-slide\">\n                                                    <img decoding=\"async\" class=\"full-cover\" src=\"https:\/\/www.foscarini.com\/wp-content\/uploads\/2024\/03\/3.4_Plass-1-150x150.jpg\" srcset=\"https:\/\/www.foscarini.com\/wp-content\/uploads\/2024\/03\/3.4_Plass-1-300x200.jpg 300w, https:\/\/www.foscarini.com\/wp-content\/uploads\/2024\/03\/3.4_Plass-1-1024x683.jpg 1024w, https:\/\/www.foscarini.com\/wp-content\/uploads\/2024\/03\/3.4_Plass-1-768x512.jpg 768w, https:\/\/www.foscarini.com\/wp-content\/uploads\/2024\/03\/3.4_Plass-1-1536x1024.jpg 1536w, https:\/\/www.foscarini.com\/wp-content\/uploads\/2024\/03\/3.4_Plass-1-2048x1365.jpg 2048w, https:\/\/www.foscarini.com\/wp-content\/uploads\/2024\/03\/3.4_Plass-1-800x533.jpg 800w\" alt=\"\" \/>\n                                                                        <\/div>\n                                        <div class=\"swiper-slide\">\n                                                    <img decoding=\"async\" class=\"full-cover\" src=\"https:\/\/www.foscarini.com\/wp-content\/uploads\/2024\/03\/3.5_Plass-1-150x150.jpg\" srcset=\"https:\/\/www.foscarini.com\/wp-content\/uploads\/2024\/03\/3.5_Plass-1-199x300.jpg 199w, https:\/\/www.foscarini.com\/wp-content\/uploads\/2024\/03\/3.5_Plass-1-678x1024.jpg 678w, https:\/\/www.foscarini.com\/wp-content\/uploads\/2024\/03\/3.5_Plass-1-768x1160.jpg 768w, https:\/\/www.foscarini.com\/wp-content\/uploads\/2024\/03\/3.5_Plass-1-800x1208.jpg 800w, https:\/\/www.foscarini.com\/wp-content\/uploads\/2024\/03\/3.5_Plass-1.jpg 980w\" alt=\"\" \/>\n                                                                        <\/div>\n                                        <div class=\"swiper-slide\">\n                                                    <img decoding=\"async\" class=\"full-cover\" src=\"https:\/\/www.foscarini.com\/wp-content\/uploads\/2024\/03\/3.6_Plass-1-150x150.jpg\" srcset=\"https:\/\/www.foscarini.com\/wp-content\/uploads\/2024\/03\/3.6_Plass-1-199x300.jpg 199w, https:\/\/www.foscarini.com\/wp-content\/uploads\/2024\/03\/3.6_Plass-1-678x1024.jpg 678w, https:\/\/www.foscarini.com\/wp-content\/uploads\/2024\/03\/3.6_Plass-1-768x1160.jpg 768w, https:\/\/www.foscarini.com\/wp-content\/uploads\/2024\/03\/3.6_Plass-1-800x1208.jpg 800w, https:\/\/www.foscarini.com\/wp-content\/uploads\/2024\/03\/3.6_Plass-1.jpg 980w\" alt=\"\" \/>\n                                                                        <\/div>\n                                        <div class=\"swiper-slide\">\n                                                    <img decoding=\"async\" class=\"full-cover\" src=\"https:\/\/www.foscarini.com\/wp-content\/uploads\/2024\/03\/3.9_Plass-1-150x150.jpg\" srcset=\"https:\/\/www.foscarini.com\/wp-content\/uploads\/2024\/03\/3.9_Plass-1-300x300.jpg 300w, https:\/\/www.foscarini.com\/wp-content\/uploads\/2024\/03\/3.9_Plass-1-1024x1024.jpg 1024w, https:\/\/www.foscarini.com\/wp-content\/uploads\/2024\/03\/3.9_Plass-1-150x150.jpg 150w, https:\/\/www.foscarini.com\/wp-content\/uploads\/2024\/03\/3.9_Plass-1-768x768.jpg 768w, https:\/\/www.foscarini.com\/wp-content\/uploads\/2024\/03\/3.9_Plass-1-400x400.jpg 400w, https:\/\/www.foscarini.com\/wp-content\/uploads\/2024\/03\/3.9_Plass-1-800x800.jpg 800w, https:\/\/www.foscarini.com\/wp-content\/uploads\/2024\/03\/3.9_Plass-1-100x100.jpg 100w, https:\/\/www.foscarini.com\/wp-content\/uploads\/2024\/03\/3.9_Plass-1.jpg 1480w\" alt=\"\" \/>\n                                                                        <\/div>\n                                        <div class=\"swiper-slide\">\n                                                    <img decoding=\"async\" class=\"full-cover\" src=\"https:\/\/www.foscarini.com\/wp-content\/uploads\/2024\/03\/3.10_Plass-1-150x150.jpg\" srcset=\"https:\/\/www.foscarini.com\/wp-content\/uploads\/2024\/03\/3.10_Plass-1-225x300.jpg 225w, https:\/\/www.foscarini.com\/wp-content\/uploads\/2024\/03\/3.10_Plass-1-768x1024.jpg 768w, https:\/\/www.foscarini.com\/wp-content\/uploads\/2024\/03\/3.10_Plass-1-800x1067.jpg 800w, https:\/\/www.foscarini.com\/wp-content\/uploads\/2024\/03\/3.10_Plass-1.jpg 1110w\" alt=\"\" \/>\n                                                                        <\/div>\n                            <\/div>\n    <\/div>\n    <div class=\"swiper-scrollbar\"><\/div>\n    <div class=\"ct-arrow\">\n        <div class=\"swiper-button-prev\"><\/div>\n        <div class=\"swiper-button-next\"><\/div>\n    <\/div>\n<\/section><section class=\"concept__project_comunication full-height-vh\">\n    <div class=\"row row-large\">\n        <div class=\"medium-12 small-12 columns full-height no-padding-right-mobile\">\n            <div class=\"ct-image-text-lateral\">\n                <div class=\"ct-arrow\">\n                    <div class=\"swiper-button-prev\" aria-label=\"previous slide\"><\/div>\n                    <div class=\"swiper-button-next\" aria-label=\"next slide\"><\/div>\n                <\/div>\n                <span class=\"section-name-lateral\">Contenus R\u00e9dactionnels<\/span>\n                <!-- Swiper -->\n                <div class=\"swiper-container swiper__concept__comunication\">\n                    <div class=\"swiper-wrapper\">\n                                                            <div class=\"swiper-slide\">\n                                        <div class=\"ct-slide\">\n                                                                                                <img decoding=\"async\" class=\"full-cover\" src=\"https:\/\/www.foscarini.com\/wp-content\/uploads\/2023\/11\/main_banner_postcard-of-light-150x150.jpeg\" srcset=\"https:\/\/www.foscarini.com\/wp-content\/uploads\/2023\/11\/main_banner_postcard-of-light-300x194.jpeg 300w, https:\/\/www.foscarini.com\/wp-content\/uploads\/2023\/11\/main_banner_postcard-of-light-800x518.jpeg 800w, https:\/\/www.foscarini.com\/wp-content\/uploads\/2023\/11\/main_banner_postcard-of-light-1024x663.jpeg 1024w, https:\/\/www.foscarini.com\/wp-content\/uploads\/2023\/11\/main_banner_postcard-of-light-768x498.jpeg 768w, https:\/\/www.foscarini.com\/wp-content\/uploads\/2023\/11\/main_banner_postcard-of-light-1536x995.jpeg 1536w, https:\/\/www.foscarini.com\/wp-content\/uploads\/2023\/11\/main_banner_postcard-of-light-2048x1327.jpeg 2048w\" alt=\"\" \/>\n                                                                                                <div class=\"ct-col-right\">\n                                                <div class=\"ct-link\">\n                                                    <a class=\"link-arrow\" href=\"https:\/\/www.foscarini.com\/fr\/postcards-of-light\/\">Postcards of Light<\/a>\n                                                    <div class=\"text-1\"><p>Les lampes, emmen\u00e9es dans les rues du monde, deviennent les protagonistes et les t\u00e9moins de fragments de vie.<\/p>\n<\/div>\n                                                <\/div>\n                                            <\/div>\n                                        <\/div>\n                                    <\/div>\n                                                                        <div class=\"swiper-slide\">\n                                        <div class=\"ct-slide\">\n                                                                                                <img decoding=\"async\" class=\"full-cover\" src=\"https:\/\/www.foscarini.com\/wp-content\/uploads\/2023\/12\/Inventario09_1_-150x150.jpeg\" srcset=\"https:\/\/www.foscarini.com\/wp-content\/uploads\/2023\/12\/Inventario09_1_-232x300.jpeg 232w, https:\/\/www.foscarini.com\/wp-content\/uploads\/2023\/12\/Inventario09_1_-768x992.jpeg 768w, https:\/\/www.foscarini.com\/wp-content\/uploads\/2023\/12\/Inventario09_1_-600x775.jpeg 600w, https:\/\/www.foscarini.com\/wp-content\/uploads\/2023\/12\/Inventario09_1_.jpeg 776w\" alt=\"\" \/>\n                                                                                                <div class=\"ct-col-right\">\n                                                <div class=\"ct-link\">\n                                                    <a class=\"link-arrow\" href=\"https:\/\/www.foscarini.com\/fr\/inventario\/inventario-09\/\">Inventario \u00b009<\/a>\n                                                    <div class=\"text-1\"><p>R\u00e9compens\u00e9 par le Compasso d&#8217;Oro, le bookzine continue d&#8217;explorer le monde de la cr\u00e9ativit\u00e9.<\/p>\n<\/div>\n                                                <\/div>\n                                            <\/div>\n                                        <\/div>\n                                    <\/div>\n                                                        <\/div>\n                <\/div>\n            <\/div>\n        <\/div>\n    <\/div>\n<\/section><div class=\"wp-block-columns two_image_join two_image_join_affiancate on_off_block is-layout-flex wp-container-core-columns-is-layout-1 wp-block-columns-is-layout-flex\"><div class=\"wp-block-column is-layout-flow wp-block-column-is-layout-flow\"><div class=\"wp-block-getwid-image-hotspot\" data-appearance-animation=\"none\" data-image-points=\"[{&quot;link&quot;:&quot;&quot;,&quot;icon&quot;:&quot;&quot;,&quot;title&quot;:&quot;acceso&quot;,&quot;color&quot;:&quot;&quot;,&quot;content&quot;:&quot;&quot;,&quot;backgroundColor&quot;:&quot;&quot;,&quot;newTab&quot;:false,&quot;popUpOpen&quot;:false,&quot;popUpWidth&quot;:350,&quot;placement&quot;:&quot;top&quot;,&quot;position&quot;:{&quot;x&quot;:&quot;40.89%&quot;,&quot;y&quot;:&quot;25.99%&quot;}}]\" data-trigger=\"click\" data-theme=\"light\" data-tooltip-animation=\"shift-toward\" data-arrow=\"true\"><div class=\"wp-block-getwid-image-hotspot__wrapper\"><img loading=\"lazy\" decoding=\"async\" width=\"2560\" height=\"1591\" src=\"http:\/\/www.foscarini.com\/wp-content\/uploads\/2024\/03\/4.1-OFF_Plass-1-scaled.jpg\" alt=\"\" class=\"wp-block-getwid-image-hotspot__image wp-image-128797\" srcset=\"https:\/\/www.foscarini.com\/wp-content\/uploads\/2024\/03\/4.1-OFF_Plass-1-scaled.jpg 2560w, https:\/\/www.foscarini.com\/wp-content\/uploads\/2024\/03\/4.1-OFF_Plass-1-300x186.jpg 300w, https:\/\/www.foscarini.com\/wp-content\/uploads\/2024\/03\/4.1-OFF_Plass-1-1024x636.jpg 1024w, https:\/\/www.foscarini.com\/wp-content\/uploads\/2024\/03\/4.1-OFF_Plass-1-768x477.jpg 768w, https:\/\/www.foscarini.com\/wp-content\/uploads\/2024\/03\/4.1-OFF_Plass-1-1536x955.jpg 1536w, https:\/\/www.foscarini.com\/wp-content\/uploads\/2024\/03\/4.1-OFF_Plass-1-2048x1273.jpg 2048w, https:\/\/www.foscarini.com\/wp-content\/uploads\/2024\/03\/4.1-OFF_Plass-1-800x497.jpg 800w\" sizes=\"(max-width: 2560px) 100vw, 2560px\" \/><div data-point-id=\"0\" class=\"wp-block-getwid-image-hotspot__dot has-animation-pulse\" style=\"left:40.89%;top:25.99%\"><div class=\"wp-block-getwid-image-hotspot__dot-wrapper\"><div class=\"wp-block-getwid-image-hotspot__dot-content\"><i class=\"fas fa-plus wp-block-getwid-image-hotspot__dot-icon\"><\/i><\/div><\/div><div class=\"wp-block-getwid-image-hotspot__dot-description\"><div class=\"wp-block-getwid-image-hotspot__dot-title\">acceso<\/div><\/div><\/div><\/div><\/div>\n\n<figure class=\"wp-block-image size-large absolute_image\"><img loading=\"lazy\" decoding=\"async\" width=\"1024\" height=\"636\" src=\"http:\/\/www.foscarini.com\/wp-content\/uploads\/2024\/03\/4.2-ON_Plass-1-1024x636.jpg\" alt=\"\" class=\"wp-image-128804\" srcset=\"https:\/\/www.foscarini.com\/wp-content\/uploads\/2024\/03\/4.2-ON_Plass-1-1024x636.jpg 1024w, https:\/\/www.foscarini.com\/wp-content\/uploads\/2024\/03\/4.2-ON_Plass-1-300x186.jpg 300w, https:\/\/www.foscarini.com\/wp-content\/uploads\/2024\/03\/4.2-ON_Plass-1-768x477.jpg 768w, https:\/\/www.foscarini.com\/wp-content\/uploads\/2024\/03\/4.2-ON_Plass-1-1536x955.jpg 1536w, https:\/\/www.foscarini.com\/wp-content\/uploads\/2024\/03\/4.2-ON_Plass-1-2048x1273.jpg 2048w, https:\/\/www.foscarini.com\/wp-content\/uploads\/2024\/03\/4.2-ON_Plass-1-800x497.jpg 800w\" sizes=\"(max-width: 1024px) 100vw, 1024px\" \/><\/figure><\/div><\/div>","protected":false},"excerpt":{"rendered":"<p>Lampe de table fournissant une lumi\u00e8re diffuse et directe. Le diffuseur en polycarbonate transparent est obtenu par rotomoulage, une technologie qui permet de produire des corps creux de taille consid\u00e9rable sans avoir recours \u00e0 la soudure. Cadre int\u00e9rieur en aluminium bross\u00e9, c\u00e2ble \u00e9lectrique transparent.<\/p>\n","protected":false},"featured_media":469070,"comment_status":"open","ping_status":"closed","template":"","meta":{"_acf_changed":true},"product_cat":[649,716,5557,847,752],"product_tag":[],"materiale":[8328],"altezza":[9526],"larghezza":[7721],"profondita":[7949],"peso":[9820],"designer-prodotto":[7988],"class_list":{"0":"post-194642","1":"product","2":"type-product","3":"status-publish","4":"has-post-thumbnail","6":"product_cat-concetto-fr","7":"product_cat-funzione-fr","8":"product_cat-plass-famiglia-fr","9":"product_cat-plass-concetto-fr","10":"product_cat-tavolo-fr","11":"materiale-materiale-plastico-fr","12":"altezza-20-fr","13":"larghezza-13-18-fr","14":"profondita-13-18-fr","15":"peso-4-fr","16":"designer-prodotto-luca-nichetto-fr","18":"first","19":"instock","20":"shipping-taxable","21":"purchasable","22":"product-type-variable"},"acf":{"preview_slider":{"titolo":"","testo":"","video_domanda":false,"link_video":""},"prodotto__immagine_preview":{"immagine":122768},"prodotto__slider":{"sottotitolo":"Luca Nichetto (2015)","titolo":"Une lampe de table dont le design interpr\u00e8te l'image d'une perle de verre en utilisant du polycarbonate transparent moul\u00e9 par rotation. Les finitions sont caract\u00e9ris\u00e9es par de l\u00e9g\u00e8res imperfections qui rappellent le verre artisanal et font vibrer la lumi\u00e8re.","immagini":[{"immagine":308785,"immagine_mobile":null},{"immagine":308778,"immagine_mobile":null}]},"prodotto__slider_preview":null,"prodotto__specifiche":{"selezione":[{"scheda_tecnica":463378}]}},"yoast_head":"<!-- This site is optimized with the Yoast SEO Premium plugin v22.4 (Yoast SEO v23.7) - https:\/\/yoast.com\/wordpress\/plugins\/seo\/ -->\n<title>Plass - Foscarini<\/title>\n<meta name=\"robots\" content=\"index, follow, max-snippet:-1, max-image-preview:large, max-video-preview:-1\" \/>\n<meta property=\"og:locale\" content=\"fr_FR\" \/>\n<meta property=\"og:type\" content=\"article\" \/>\n<meta property=\"og:title\" content=\"Plass\" \/>\n<meta property=\"og:description\" content=\"Lampe de table fournissant une lumi\u00e8re diffuse et directe. Le diffuseur en polycarbonate transparent est obtenu par rotomoulage, une technologie qui permet de produire des corps creux de taille consid\u00e9rable sans avoir recours \u00e0 la soudure. Cadre int\u00e9rieur en aluminium bross\u00e9, c\u00e2ble \u00e9lectrique transparent.\" \/>\n<meta property=\"og:url\" content=\"https:\/\/www.foscarini.com\/fr\/produit\/plass-std-t-fr\/\" \/>\n<meta property=\"og:site_name\" content=\"Foscarini\" \/>\n<meta property=\"article:modified_time\" content=\"2025-06-11T14:44:44+00:00\" \/>\n<meta property=\"og:image\" content=\"https:\/\/www.foscarini.com\/wp-content\/uploads\/2025\/06\/plass_t_light-blue_22_786x865-1.jpg\" \/>\n\t<meta property=\"og:image:width\" content=\"786\" \/>\n\t<meta property=\"og:image:height\" content=\"865\" \/>\n\t<meta property=\"og:image:type\" content=\"image\/jpeg\" \/>\n<meta name=\"twitter:card\" content=\"summary_large_image\" \/>\n<meta name=\"twitter:label1\" content=\"Dur\u00e9e de lecture estim\u00e9e\" \/>\n\t<meta name=\"twitter:data1\" content=\"1 minute\" \/>\n<script type=\"application\/ld+json\" class=\"yoast-schema-graph\">{\"@context\":\"https:\/\/schema.org\",\"@graph\":[{\"@type\":\"WebPage\",\"@id\":\"https:\/\/www.foscarini.com\/fr\/produit\/plass-std-t-fr\/\",\"url\":\"https:\/\/www.foscarini.com\/fr\/produit\/plass-std-t-fr\/\",\"name\":\"Plass - Foscarini\",\"isPartOf\":{\"@id\":\"https:\/\/www.foscarini.com\/#website\"},\"primaryImageOfPage\":{\"@id\":\"https:\/\/www.foscarini.com\/fr\/produit\/plass-std-t-fr\/#primaryimage\"},\"image\":{\"@id\":\"https:\/\/www.foscarini.com\/fr\/produit\/plass-std-t-fr\/#primaryimage\"},\"thumbnailUrl\":\"https:\/\/www.foscarini.com\/wp-content\/uploads\/2025\/06\/plass_t_light-blue_22_786x865-3.jpg\",\"datePublished\":\"2024-03-28T18:09:57+00:00\",\"dateModified\":\"2025-06-11T14:44:44+00:00\",\"breadcrumb\":{\"@id\":\"https:\/\/www.foscarini.com\/fr\/produit\/plass-std-t-fr\/#breadcrumb\"},\"inLanguage\":\"fr-FR\",\"potentialAction\":[{\"@type\":\"ReadAction\",\"target\":[\"https:\/\/www.foscarini.com\/fr\/produit\/plass-std-t-fr\/\"]}]},{\"@type\":\"ImageObject\",\"inLanguage\":\"fr-FR\",\"@id\":\"https:\/\/www.foscarini.com\/fr\/produit\/plass-std-t-fr\/#primaryimage\",\"url\":\"https:\/\/www.foscarini.com\/wp-content\/uploads\/2025\/06\/plass_t_light-blue_22_786x865-3.jpg\",\"contentUrl\":\"https:\/\/www.foscarini.com\/wp-content\/uploads\/2025\/06\/plass_t_light-blue_22_786x865-3.jpg\",\"width\":786,\"height\":865},{\"@type\":\"BreadcrumbList\",\"@id\":\"https:\/\/www.foscarini.com\/fr\/produit\/plass-std-t-fr\/#breadcrumb\",\"itemListElement\":[{\"@type\":\"ListItem\",\"position\":1,\"name\":\"Home\",\"item\":\"https:\/\/www.foscarini.com\/fr\/\"},{\"@type\":\"ListItem\",\"position\":2,\"name\":\"Boutique\",\"item\":\"https:\/\/www.foscarini.com\/fr\/boutique\/\"},{\"@type\":\"ListItem\",\"position\":3,\"name\":\"Plass\"}]},{\"@type\":\"WebSite\",\"@id\":\"https:\/\/www.foscarini.com\/#website\",\"url\":\"https:\/\/www.foscarini.com\/\",\"name\":\"Foscarini\",\"description\":\"\",\"potentialAction\":[{\"@type\":\"SearchAction\",\"target\":{\"@type\":\"EntryPoint\",\"urlTemplate\":\"https:\/\/www.foscarini.com\/?s={search_term_string}\"},\"query-input\":{\"@type\":\"PropertyValueSpecification\",\"valueRequired\":true,\"valueName\":\"search_term_string\"}}],\"inLanguage\":\"fr-FR\"}]}<\/script>\n<!-- \/ Yoast SEO Premium plugin. -->","yoast_head_json":{"title":"Plass - Foscarini","robots":{"index":"index","follow":"follow","max-snippet":"max-snippet:-1","max-image-preview":"max-image-preview:large","max-video-preview":"max-video-preview:-1"},"og_locale":"fr_FR","og_type":"article","og_title":"Plass","og_description":"Lampe de table fournissant une lumi\u00e8re diffuse et directe. Le diffuseur en polycarbonate transparent est obtenu par rotomoulage, une technologie qui permet de produire des corps creux de taille consid\u00e9rable sans avoir recours \u00e0 la soudure. Cadre int\u00e9rieur en aluminium bross\u00e9, c\u00e2ble \u00e9lectrique transparent.","og_url":"https:\/\/www.foscarini.com\/fr\/produit\/plass-std-t-fr\/","og_site_name":"Foscarini","article_modified_time":"2025-06-11T14:44:44+00:00","og_image":[{"width":786,"height":865,"url":"https:\/\/www.foscarini.com\/wp-content\/uploads\/2025\/06\/plass_t_light-blue_22_786x865-1.jpg","type":"image\/jpeg"}],"twitter_card":"summary_large_image","twitter_misc":{"Dur\u00e9e de lecture estim\u00e9e":"1 minute"},"schema":{"@context":"https:\/\/schema.org","@graph":[{"@type":"WebPage","@id":"https:\/\/www.foscarini.com\/fr\/produit\/plass-std-t-fr\/","url":"https:\/\/www.foscarini.com\/fr\/produit\/plass-std-t-fr\/","name":"Plass - Foscarini","isPartOf":{"@id":"https:\/\/www.foscarini.com\/#website"},"primaryImageOfPage":{"@id":"https:\/\/www.foscarini.com\/fr\/produit\/plass-std-t-fr\/#primaryimage"},"image":{"@id":"https:\/\/www.foscarini.com\/fr\/produit\/plass-std-t-fr\/#primaryimage"},"thumbnailUrl":"https:\/\/www.foscarini.com\/wp-content\/uploads\/2025\/06\/plass_t_light-blue_22_786x865-3.jpg","datePublished":"2024-03-28T18:09:57+00:00","dateModified":"2025-06-11T14:44:44+00:00","breadcrumb":{"@id":"https:\/\/www.foscarini.com\/fr\/produit\/plass-std-t-fr\/#breadcrumb"},"inLanguage":"fr-FR","potentialAction":[{"@type":"ReadAction","target":["https:\/\/www.foscarini.com\/fr\/produit\/plass-std-t-fr\/"]}]},{"@type":"ImageObject","inLanguage":"fr-FR","@id":"https:\/\/www.foscarini.com\/fr\/produit\/plass-std-t-fr\/#primaryimage","url":"https:\/\/www.foscarini.com\/wp-content\/uploads\/2025\/06\/plass_t_light-blue_22_786x865-3.jpg","contentUrl":"https:\/\/www.foscarini.com\/wp-content\/uploads\/2025\/06\/plass_t_light-blue_22_786x865-3.jpg","width":786,"height":865},{"@type":"BreadcrumbList","@id":"https:\/\/www.foscarini.com\/fr\/produit\/plass-std-t-fr\/#breadcrumb","itemListElement":[{"@type":"ListItem","position":1,"name":"Home","item":"https:\/\/www.foscarini.com\/fr\/"},{"@type":"ListItem","position":2,"name":"Boutique","item":"https:\/\/www.foscarini.com\/fr\/boutique\/"},{"@type":"ListItem","position":3,"name":"Plass"}]},{"@type":"WebSite","@id":"https:\/\/www.foscarini.com\/#website","url":"https:\/\/www.foscarini.com\/","name":"Foscarini","description":"","potentialAction":[{"@type":"SearchAction","target":{"@type":"EntryPoint","urlTemplate":"https:\/\/www.foscarini.com\/?s={search_term_string}"},"query-input":{"@type":"PropertyValueSpecification","valueRequired":true,"valueName":"search_term_string"}}],"inLanguage":"fr-FR"}]}},"_links":{"self":[{"href":"https:\/\/www.foscarini.com\/fr\/wp-json\/wp\/v2\/product\/194642"}],"collection":[{"href":"https:\/\/www.foscarini.com\/fr\/wp-json\/wp\/v2\/product"}],"about":[{"href":"https:\/\/www.foscarini.com\/fr\/wp-json\/wp\/v2\/types\/product"}],"replies":[{"embeddable":true,"href":"https:\/\/www.foscarini.com\/fr\/wp-json\/wp\/v2\/comments?post=194642"}],"wp:featuredmedia":[{"embeddable":true,"href":"https:\/\/www.foscarini.com\/fr\/wp-json\/wp\/v2\/media\/469070"}],"wp:attachment":[{"href":"https:\/\/www.foscarini.com\/fr\/wp-json\/wp\/v2\/media?parent=194642"}],"wp:term":[{"taxonomy":"product_cat","embeddable":true,"href":"https:\/\/www.foscarini.com\/fr\/wp-json\/wp\/v2\/product_cat?post=194642"},{"taxonomy":"product_tag","embeddable":true,"href":"https:\/\/www.foscarini.com\/fr\/wp-json\/wp\/v2\/product_tag?post=194642"},{"taxonomy":"materiale","embeddable":true,"href":"https:\/\/www.foscarini.com\/fr\/wp-json\/wp\/v2\/materiale?post=194642"},{"taxonomy":"altezza","embeddable":true,"href":"https:\/\/www.foscarini.com\/fr\/wp-json\/wp\/v2\/altezza?post=194642"},{"taxonomy":"larghezza","embeddable":true,"href":"https:\/\/www.foscarini.com\/fr\/wp-json\/wp\/v2\/larghezza?post=194642"},{"taxonomy":"profondita","embeddable":true,"href":"https:\/\/www.foscarini.com\/fr\/wp-json\/wp\/v2\/profondita?post=194642"},{"taxonomy":"peso","embeddable":true,"href":"https:\/\/www.foscarini.com\/fr\/wp-json\/wp\/v2\/peso?post=194642"},{"taxonomy":"designer-prodotto","embeddable":true,"href":"https:\/\/www.foscarini.com\/fr\/wp-json\/wp\/v2\/designer-prodotto?post=194642"}],"curies":[{"name":"wp","href":"https:\/\/api.w.org\/{rel}","templated":true}]}}