{"id":193958,"date":"2024-03-28T18:21:39","date_gmt":"2024-03-28T18:21:39","guid":{"rendered":"https:\/\/www.foscarini.com\/product\/twice-as-twiggy-std-f\/"},"modified":"2025-06-11T15:47:22","modified_gmt":"2025-06-11T15:47:22","slug":"twice-as-twiggy-std-f-fr","status":"publish","type":"product","link":"https:\/\/www.foscarini.com\/fr\/produit\/twice-as-twiggy-std-f-fr\/","title":{"rendered":"Twice as Twiggy"},"content":{"rendered":"<p>Il segno sottile e flessibile dell&#8217;icona di design Twiggy diventa \u201coversize\u201d in Twice as Twiggy, una lampada da terra progettata per i grandi spazi. Un sistema di contrappesi permette di scegliere l\u2019altezza del paralume, dotato di due schede LED per una luce diretta verso il basso e diffusa verso l\u2019alto.<\/p><section class=\"pdp__slider full-height-vh\">\n    <div class=\"swiper-container swiper__pdp\">\n        <div class=\"swiper-wrapper full-height\">\n                                <div class=\"swiper-slide\">\n                                                    <img decoding=\"async\" class=\"full-cover\" src=\"https:\/\/www.foscarini.com\/wp-content\/uploads\/2024\/03\/3.1_TwiceasTwiggy-150x150.jpg\" srcset=\"https:\/\/www.foscarini.com\/wp-content\/uploads\/2024\/03\/3.1_TwiceasTwiggy-300x250.jpg 300w, https:\/\/www.foscarini.com\/wp-content\/uploads\/2024\/03\/3.1_TwiceasTwiggy-1024x854.jpg 1024w, https:\/\/www.foscarini.com\/wp-content\/uploads\/2024\/03\/3.1_TwiceasTwiggy-768x641.jpg 768w, https:\/\/www.foscarini.com\/wp-content\/uploads\/2024\/03\/3.1_TwiceasTwiggy-1536x1282.jpg 1536w, https:\/\/www.foscarini.com\/wp-content\/uploads\/2024\/03\/3.1_TwiceasTwiggy-800x668.jpg 800w, https:\/\/www.foscarini.com\/wp-content\/uploads\/2024\/03\/3.1_TwiceasTwiggy.jpg 1776w\" alt=\"\" \/>\n                                                                        <\/div>\n                                        <div class=\"swiper-slide\">\n                                                    <img decoding=\"async\" class=\"full-cover\" src=\"https:\/\/www.foscarini.com\/wp-content\/uploads\/2024\/03\/3.2_TwiceasTwiggy-150x150.jpg\" srcset=\"https:\/\/www.foscarini.com\/wp-content\/uploads\/2024\/03\/3.2_TwiceasTwiggy-300x250.jpg 300w, https:\/\/www.foscarini.com\/wp-content\/uploads\/2024\/03\/3.2_TwiceasTwiggy-1024x854.jpg 1024w, https:\/\/www.foscarini.com\/wp-content\/uploads\/2024\/03\/3.2_TwiceasTwiggy-768x641.jpg 768w, https:\/\/www.foscarini.com\/wp-content\/uploads\/2024\/03\/3.2_TwiceasTwiggy-1536x1282.jpg 1536w, https:\/\/www.foscarini.com\/wp-content\/uploads\/2024\/03\/3.2_TwiceasTwiggy-800x668.jpg 800w, https:\/\/www.foscarini.com\/wp-content\/uploads\/2024\/03\/3.2_TwiceasTwiggy.jpg 1776w\" alt=\"\" \/>\n                                                                        <\/div>\n                            <\/div>\n    <\/div>\n    <div class=\"swiper-scrollbar\"><\/div>\n    <div class=\"ct-arrow\">\n        <div class=\"swiper-button-prev\"><\/div>\n        <div class=\"swiper-button-next\"><\/div>\n    <\/div>\n<\/section><section class=\"concept__project_comunication full-height-vh\">\n    <div class=\"row row-large\">\n        <div class=\"medium-12 small-12 columns full-height no-padding-right-mobile\">\n            <div class=\"ct-image-text-lateral\">\n                <div class=\"ct-arrow\">\n                    <div class=\"swiper-button-prev\" aria-label=\"previous slide\"><\/div>\n                    <div class=\"swiper-button-next\" aria-label=\"next slide\"><\/div>\n                <\/div>\n                <span class=\"section-name-lateral\">Contenus R\u00e9dactionnels<\/span>\n                <!-- Swiper -->\n                <div class=\"swiper-container swiper__concept__comunication\">\n                    <div class=\"swiper-wrapper\">\n                                                            <div class=\"swiper-slide\">\n                                        <div class=\"ct-slide\">\n                                                                                                <img decoding=\"async\" class=\"full-cover\" src=\"https:\/\/www.foscarini.com\/wp-content\/uploads\/2015\/10\/main_banner_twice_light-150x150.jpeg\" srcset=\"https:\/\/www.foscarini.com\/wp-content\/uploads\/2015\/10\/main_banner_twice_light-300x194.jpeg 300w, https:\/\/www.foscarini.com\/wp-content\/uploads\/2015\/10\/main_banner_twice_light-800x518.jpeg 800w, https:\/\/www.foscarini.com\/wp-content\/uploads\/2015\/10\/main_banner_twice_light-1024x663.jpeg 1024w, https:\/\/www.foscarini.com\/wp-content\/uploads\/2015\/10\/main_banner_twice_light-768x498.jpeg 768w, https:\/\/www.foscarini.com\/wp-content\/uploads\/2015\/10\/main_banner_twice_light-1536x995.jpeg 1536w, https:\/\/www.foscarini.com\/wp-content\/uploads\/2015\/10\/main_banner_twice_light-2048x1327.jpeg 2048w\" alt=\"\" \/>\n                                                                                                <div class=\"ct-col-right\">\n                                                <div class=\"ct-link\">\n                                                    <a class=\"link-arrow\" href=\"https:\/\/www.foscarini.com\/fr\/twice-light-new-york\/\">Twice Light<\/a>\n                                                    <div class=\"text-1\"><p>Dans les rues de New York, Twice as Twiggy met en lumi\u00e8re les liens impr\u00e9visibles entre des inconnus.<\/p>\n<\/div>\n                                                <\/div>\n                                            <\/div>\n                                        <\/div>\n                                    <\/div>\n                                                                        <div class=\"swiper-slide\">\n                                        <div class=\"ct-slide\">\n                                                                                                <img decoding=\"async\" class=\"full-cover\" src=\"https:\/\/www.foscarini.com\/wp-content\/uploads\/2024\/01\/Modulo1_1-2-150x150.jpg\" srcset=\"https:\/\/www.foscarini.com\/wp-content\/uploads\/2024\/01\/Modulo1_1-2-300x167.jpg 300w, https:\/\/www.foscarini.com\/wp-content\/uploads\/2024\/01\/Modulo1_1-2-scaled-800x444.jpg 800w, https:\/\/www.foscarini.com\/wp-content\/uploads\/2024\/01\/Modulo1_1-2-1024x569.jpg 1024w, https:\/\/www.foscarini.com\/wp-content\/uploads\/2024\/01\/Modulo1_1-2-768x427.jpg 768w, https:\/\/www.foscarini.com\/wp-content\/uploads\/2024\/01\/Modulo1_1-2-1536x853.jpg 1536w, https:\/\/www.foscarini.com\/wp-content\/uploads\/2024\/01\/Modulo1_1-2-2048x1138.jpg 2048w\" alt=\"\" \/>\n                                                                                                <div class=\"ct-col-right\">\n                                                <div class=\"ct-link\">\n                                                    <a class=\"link-arrow\" href=\"https:\/\/www.foscarini.com\/fr\/maestrie\/fibres\/\">MAESTRIE: Fibre<\/a>\n                                                    <div class=\"text-1\"><p>Materiali compositi che diventano corpi luminosi. Tessuti tech stesi da mani gentili sulle macchine che daranno loro forma. Ispirazioni che vengono da mondi lontani. Benvenuti nella fabbrica dove nasce la luce extra-ordinaria.<\/p>\n<\/div>\n                                                <\/div>\n                                            <\/div>\n                                        <\/div>\n                                    <\/div>\n                                                        <\/div>\n                <\/div>\n            <\/div>\n        <\/div>\n    <\/div>\n<\/section><div class=\"wp-block-columns two_image_join two_image_join_affiancate on_off_block is-layout-flex wp-container-core-columns-is-layout-1 wp-block-columns-is-layout-flex\"><div class=\"wp-block-column is-layout-flow wp-block-column-is-layout-flow\"><div class=\"wp-block-getwid-image-hotspot\" data-appearance-animation=\"none\" data-image-points=\"[{&quot;link&quot;:&quot;&quot;,&quot;icon&quot;:&quot;&quot;,&quot;title&quot;:&quot;acceso&quot;,&quot;color&quot;:&quot;&quot;,&quot;content&quot;:&quot;&quot;,&quot;backgroundColor&quot;:&quot;&quot;,&quot;newTab&quot;:false,&quot;popUpOpen&quot;:false,&quot;popUpWidth&quot;:350,&quot;placement&quot;:&quot;top&quot;,&quot;position&quot;:{&quot;x&quot;:&quot;40.89%&quot;,&quot;y&quot;:&quot;25.99%&quot;}}]\" data-trigger=\"click\" data-theme=\"light\" data-tooltip-animation=\"shift-toward\" data-arrow=\"true\"><div class=\"wp-block-getwid-image-hotspot__wrapper\"><img loading=\"lazy\" decoding=\"async\" width=\"2560\" height=\"1591\" src=\"http:\/\/www.foscarini.com\/wp-content\/uploads\/2024\/03\/4.1_TwiceasTwiggy-scaled.jpg\" alt=\"\" class=\"wp-block-getwid-image-hotspot__image wp-image-130540\" srcset=\"https:\/\/www.foscarini.com\/wp-content\/uploads\/2024\/03\/4.1_TwiceasTwiggy-scaled.jpg 2560w, https:\/\/www.foscarini.com\/wp-content\/uploads\/2024\/03\/4.1_TwiceasTwiggy-300x186.jpg 300w, https:\/\/www.foscarini.com\/wp-content\/uploads\/2024\/03\/4.1_TwiceasTwiggy-1024x636.jpg 1024w, https:\/\/www.foscarini.com\/wp-content\/uploads\/2024\/03\/4.1_TwiceasTwiggy-768x477.jpg 768w, https:\/\/www.foscarini.com\/wp-content\/uploads\/2024\/03\/4.1_TwiceasTwiggy-1536x955.jpg 1536w, https:\/\/www.foscarini.com\/wp-content\/uploads\/2024\/03\/4.1_TwiceasTwiggy-2048x1273.jpg 2048w, https:\/\/www.foscarini.com\/wp-content\/uploads\/2024\/03\/4.1_TwiceasTwiggy-800x497.jpg 800w\" sizes=\"(max-width: 2560px) 100vw, 2560px\" \/><div data-point-id=\"0\" class=\"wp-block-getwid-image-hotspot__dot has-animation-pulse\" style=\"left:40.89%;top:25.99%\"><div class=\"wp-block-getwid-image-hotspot__dot-wrapper\"><div class=\"wp-block-getwid-image-hotspot__dot-content\"><i class=\"fas fa-plus wp-block-getwid-image-hotspot__dot-icon\"><\/i><\/div><\/div><div class=\"wp-block-getwid-image-hotspot__dot-description\"><div class=\"wp-block-getwid-image-hotspot__dot-title\">acceso<\/div><\/div><\/div><\/div><\/div>\n\n<figure class=\"wp-block-image size-large absolute_image\"><img loading=\"lazy\" decoding=\"async\" width=\"1024\" height=\"636\" src=\"http:\/\/www.foscarini.com\/wp-content\/uploads\/2024\/03\/4.2_TwiceasTwiggy-1024x636.jpg\" alt=\"\" class=\"wp-image-130548\" srcset=\"https:\/\/www.foscarini.com\/wp-content\/uploads\/2024\/03\/4.2_TwiceasTwiggy-1024x636.jpg 1024w, https:\/\/www.foscarini.com\/wp-content\/uploads\/2024\/03\/4.2_TwiceasTwiggy-300x186.jpg 300w, https:\/\/www.foscarini.com\/wp-content\/uploads\/2024\/03\/4.2_TwiceasTwiggy-768x477.jpg 768w, https:\/\/www.foscarini.com\/wp-content\/uploads\/2024\/03\/4.2_TwiceasTwiggy-1536x955.jpg 1536w, https:\/\/www.foscarini.com\/wp-content\/uploads\/2024\/03\/4.2_TwiceasTwiggy-2048x1273.jpg 2048w, https:\/\/www.foscarini.com\/wp-content\/uploads\/2024\/03\/4.2_TwiceasTwiggy-800x497.jpg 800w\" sizes=\"(max-width: 1024px) 100vw, 1024px\" \/><\/figure><\/div><\/div>","protected":false},"excerpt":{"rendered":"<p>Grand lampadaire fournissant une lumi\u00e8re directe et indirecte vers le haut. Diffuseur et potence en mat\u00e9riau composite \u00e0 base de fibre de verre peint en liquide. Le corps de la lampe est constitu\u00e9 d&#8217;un grand c\u00f4ne en aluminium peint. Le diffuseur qui ferme le c\u00f4ne, o\u00f9 est install\u00e9 l&#8217;un des deux du diffuseur LED, est en PMMA prismatique et incurv\u00e9 sur les bords. Le panneau sup\u00e9rieur des LED est prot\u00e9g\u00e9 par un disque en PMMA de marque. La grande base circulaire color\u00e9e est faite de m\u00e9tal recouvert de poudre \u00e9poxy. Le transformateur \u00e0 DEL est log\u00e9 \u00e0 l&#8217;int\u00e9rieur du ballast en m\u00e9tal et en acier sous la base color\u00e9e. Sur le c\u00e2ble transparent se trouve un variateur qui agit \u00e0 la fois comme un variateur d\u2019intensit\u00e9 et comme un interrupteur marche\/arr\u00eat.<\/p>\n","protected":false},"featured_media":470610,"comment_status":"open","ping_status":"closed","template":"","meta":{"_acf_changed":true},"product_cat":[649,716,759,681,5665],"product_tag":[],"materiale":[7954],"altezza":[7732],"larghezza":[8237],"profondita":[10075],"peso":[10669],"designer-prodotto":[7393],"class_list":{"0":"post-193958","1":"product","2":"type-product","3":"status-publish","4":"has-post-thumbnail","6":"product_cat-concetto-fr","7":"product_cat-funzione-fr","8":"product_cat-terra-fr","9":"product_cat-twiggy-concetto-fr","10":"product_cat-twiggy-famiglia-fr","11":"materiale-fibra-di-carbonio-e-compositi-fr","12":"altezza-130-18-fr","13":"larghezza-153-12-fr","14":"profondita-39-38-fr","15":"peso-743-fr","16":"designer-prodotto-marc-sadler-fr","18":"first","19":"instock","20":"shipping-taxable","21":"purchasable","22":"product-type-variable"},"acf":{"preview_slider":{"titolo":"","testo":"","video_domanda":false,"link_video":""},"prodotto__immagine_preview":{"immagine":124322},"prodotto__slider":{"sottotitolo":"Marc Sadler (2016)","titolo":"Le signe subtil et flexible de l'ic\u00f4ne du design Twiggy devient \u00ab surdimensionn\u00e9 \u00bb dans Twice as Twiggy, un lampadaire con\u00e7u pour les grands espaces. Un syst\u00e8me de contrepoids vous permet de choisir la hauteur de l'abat-jour, \u00e9quip\u00e9 de deux fiches LED pour une lumi\u00e8re directe vers le bas et diffuse vers le haut.","immagini":[{"immagine":306966,"immagine_mobile":null},{"immagine":307206,"immagine_mobile":null},{"immagine":307192,"immagine_mobile":null},{"immagine":307199,"immagine_mobile":null}]},"prodotto__slider_preview":null,"prodotto__specifiche":{"selezione":[{"scheda_tecnica":464316}]}},"yoast_head":"<!-- This site is optimized with the Yoast SEO Premium plugin v22.4 (Yoast SEO v23.7) - https:\/\/yoast.com\/wordpress\/plugins\/seo\/ -->\n<title>Twice as Twiggy - Foscarini<\/title>\n<meta name=\"robots\" content=\"index, follow, max-snippet:-1, max-image-preview:large, max-video-preview:-1\" \/>\n<meta property=\"og:locale\" content=\"fr_FR\" \/>\n<meta property=\"og:type\" content=\"article\" \/>\n<meta property=\"og:title\" content=\"Twice as Twiggy\" \/>\n<meta property=\"og:description\" content=\"Grand lampadaire fournissant une lumi\u00e8re directe et indirecte vers le haut. Diffuseur et potence en mat\u00e9riau composite \u00e0 base de fibre de verre peint en liquide. Le corps de la lampe est constitu\u00e9 d&#039;un grand c\u00f4ne en aluminium peint. Le diffuseur qui ferme le c\u00f4ne, o\u00f9 est install\u00e9 l&#039;un des deux du diffuseur LED, est en PMMA prismatique et incurv\u00e9 sur les bords. Le panneau sup\u00e9rieur des LED est prot\u00e9g\u00e9 par un disque en PMMA de marque. La grande base circulaire color\u00e9e est faite de m\u00e9tal recouvert de poudre \u00e9poxy. Le transformateur \u00e0 DEL est log\u00e9 \u00e0 l&#039;int\u00e9rieur du ballast en m\u00e9tal et en acier sous la base color\u00e9e. Sur le c\u00e2ble transparent se trouve un variateur qui agit \u00e0 la fois comme un variateur d\u2019intensit\u00e9 et comme un interrupteur marche\/arr\u00eat.\" \/>\n<meta property=\"og:url\" content=\"https:\/\/www.foscarini.com\/fr\/produit\/twice-as-twiggy-std-f-fr\/\" \/>\n<meta property=\"og:site_name\" content=\"Foscarini\" \/>\n<meta property=\"article:modified_time\" content=\"2025-06-11T15:47:22+00:00\" \/>\n<meta property=\"og:image\" content=\"https:\/\/www.foscarini.com\/wp-content\/uploads\/2025\/06\/twice-as-twiggy_f_black_22_786x865-3.jpg\" \/>\n\t<meta property=\"og:image:width\" content=\"786\" \/>\n\t<meta property=\"og:image:height\" content=\"865\" \/>\n\t<meta property=\"og:image:type\" content=\"image\/jpeg\" \/>\n<meta name=\"twitter:card\" content=\"summary_large_image\" \/>\n<meta name=\"twitter:label1\" content=\"Dur\u00e9e de lecture estim\u00e9e\" \/>\n\t<meta name=\"twitter:data1\" content=\"1 minute\" \/>\n<script type=\"application\/ld+json\" class=\"yoast-schema-graph\">{\"@context\":\"https:\/\/schema.org\",\"@graph\":[{\"@type\":\"WebPage\",\"@id\":\"https:\/\/www.foscarini.com\/fr\/produit\/twice-as-twiggy-std-f-fr\/\",\"url\":\"https:\/\/www.foscarini.com\/fr\/produit\/twice-as-twiggy-std-f-fr\/\",\"name\":\"Twice as Twiggy - Foscarini\",\"isPartOf\":{\"@id\":\"https:\/\/www.foscarini.com\/#website\"},\"primaryImageOfPage\":{\"@id\":\"https:\/\/www.foscarini.com\/fr\/produit\/twice-as-twiggy-std-f-fr\/#primaryimage\"},\"image\":{\"@id\":\"https:\/\/www.foscarini.com\/fr\/produit\/twice-as-twiggy-std-f-fr\/#primaryimage\"},\"thumbnailUrl\":\"https:\/\/www.foscarini.com\/wp-content\/uploads\/2025\/06\/twice-as-twiggy_f_black_22_786x865-6.jpg\",\"datePublished\":\"2024-03-28T18:21:39+00:00\",\"dateModified\":\"2025-06-11T15:47:22+00:00\",\"breadcrumb\":{\"@id\":\"https:\/\/www.foscarini.com\/fr\/produit\/twice-as-twiggy-std-f-fr\/#breadcrumb\"},\"inLanguage\":\"fr-FR\",\"potentialAction\":[{\"@type\":\"ReadAction\",\"target\":[\"https:\/\/www.foscarini.com\/fr\/produit\/twice-as-twiggy-std-f-fr\/\"]}]},{\"@type\":\"ImageObject\",\"inLanguage\":\"fr-FR\",\"@id\":\"https:\/\/www.foscarini.com\/fr\/produit\/twice-as-twiggy-std-f-fr\/#primaryimage\",\"url\":\"https:\/\/www.foscarini.com\/wp-content\/uploads\/2025\/06\/twice-as-twiggy_f_black_22_786x865-6.jpg\",\"contentUrl\":\"https:\/\/www.foscarini.com\/wp-content\/uploads\/2025\/06\/twice-as-twiggy_f_black_22_786x865-6.jpg\",\"width\":786,\"height\":865},{\"@type\":\"BreadcrumbList\",\"@id\":\"https:\/\/www.foscarini.com\/fr\/produit\/twice-as-twiggy-std-f-fr\/#breadcrumb\",\"itemListElement\":[{\"@type\":\"ListItem\",\"position\":1,\"name\":\"Home\",\"item\":\"https:\/\/www.foscarini.com\/fr\/\"},{\"@type\":\"ListItem\",\"position\":2,\"name\":\"Boutique\",\"item\":\"https:\/\/www.foscarini.com\/fr\/boutique\/\"},{\"@type\":\"ListItem\",\"position\":3,\"name\":\"Twice as Twiggy\"}]},{\"@type\":\"WebSite\",\"@id\":\"https:\/\/www.foscarini.com\/#website\",\"url\":\"https:\/\/www.foscarini.com\/\",\"name\":\"Foscarini\",\"description\":\"\",\"potentialAction\":[{\"@type\":\"SearchAction\",\"target\":{\"@type\":\"EntryPoint\",\"urlTemplate\":\"https:\/\/www.foscarini.com\/?s={search_term_string}\"},\"query-input\":{\"@type\":\"PropertyValueSpecification\",\"valueRequired\":true,\"valueName\":\"search_term_string\"}}],\"inLanguage\":\"fr-FR\"}]}<\/script>\n<!-- \/ Yoast SEO Premium plugin. -->","yoast_head_json":{"title":"Twice as Twiggy - Foscarini","robots":{"index":"index","follow":"follow","max-snippet":"max-snippet:-1","max-image-preview":"max-image-preview:large","max-video-preview":"max-video-preview:-1"},"og_locale":"fr_FR","og_type":"article","og_title":"Twice as Twiggy","og_description":"Grand lampadaire fournissant une lumi\u00e8re directe et indirecte vers le haut. Diffuseur et potence en mat\u00e9riau composite \u00e0 base de fibre de verre peint en liquide. Le corps de la lampe est constitu\u00e9 d'un grand c\u00f4ne en aluminium peint. Le diffuseur qui ferme le c\u00f4ne, o\u00f9 est install\u00e9 l'un des deux du diffuseur LED, est en PMMA prismatique et incurv\u00e9 sur les bords. Le panneau sup\u00e9rieur des LED est prot\u00e9g\u00e9 par un disque en PMMA de marque. La grande base circulaire color\u00e9e est faite de m\u00e9tal recouvert de poudre \u00e9poxy. Le transformateur \u00e0 DEL est log\u00e9 \u00e0 l'int\u00e9rieur du ballast en m\u00e9tal et en acier sous la base color\u00e9e. Sur le c\u00e2ble transparent se trouve un variateur qui agit \u00e0 la fois comme un variateur d\u2019intensit\u00e9 et comme un interrupteur marche\/arr\u00eat.","og_url":"https:\/\/www.foscarini.com\/fr\/produit\/twice-as-twiggy-std-f-fr\/","og_site_name":"Foscarini","article_modified_time":"2025-06-11T15:47:22+00:00","og_image":[{"width":786,"height":865,"url":"https:\/\/www.foscarini.com\/wp-content\/uploads\/2025\/06\/twice-as-twiggy_f_black_22_786x865-3.jpg","type":"image\/jpeg"}],"twitter_card":"summary_large_image","twitter_misc":{"Dur\u00e9e de lecture estim\u00e9e":"1 minute"},"schema":{"@context":"https:\/\/schema.org","@graph":[{"@type":"WebPage","@id":"https:\/\/www.foscarini.com\/fr\/produit\/twice-as-twiggy-std-f-fr\/","url":"https:\/\/www.foscarini.com\/fr\/produit\/twice-as-twiggy-std-f-fr\/","name":"Twice as Twiggy - Foscarini","isPartOf":{"@id":"https:\/\/www.foscarini.com\/#website"},"primaryImageOfPage":{"@id":"https:\/\/www.foscarini.com\/fr\/produit\/twice-as-twiggy-std-f-fr\/#primaryimage"},"image":{"@id":"https:\/\/www.foscarini.com\/fr\/produit\/twice-as-twiggy-std-f-fr\/#primaryimage"},"thumbnailUrl":"https:\/\/www.foscarini.com\/wp-content\/uploads\/2025\/06\/twice-as-twiggy_f_black_22_786x865-6.jpg","datePublished":"2024-03-28T18:21:39+00:00","dateModified":"2025-06-11T15:47:22+00:00","breadcrumb":{"@id":"https:\/\/www.foscarini.com\/fr\/produit\/twice-as-twiggy-std-f-fr\/#breadcrumb"},"inLanguage":"fr-FR","potentialAction":[{"@type":"ReadAction","target":["https:\/\/www.foscarini.com\/fr\/produit\/twice-as-twiggy-std-f-fr\/"]}]},{"@type":"ImageObject","inLanguage":"fr-FR","@id":"https:\/\/www.foscarini.com\/fr\/produit\/twice-as-twiggy-std-f-fr\/#primaryimage","url":"https:\/\/www.foscarini.com\/wp-content\/uploads\/2025\/06\/twice-as-twiggy_f_black_22_786x865-6.jpg","contentUrl":"https:\/\/www.foscarini.com\/wp-content\/uploads\/2025\/06\/twice-as-twiggy_f_black_22_786x865-6.jpg","width":786,"height":865},{"@type":"BreadcrumbList","@id":"https:\/\/www.foscarini.com\/fr\/produit\/twice-as-twiggy-std-f-fr\/#breadcrumb","itemListElement":[{"@type":"ListItem","position":1,"name":"Home","item":"https:\/\/www.foscarini.com\/fr\/"},{"@type":"ListItem","position":2,"name":"Boutique","item":"https:\/\/www.foscarini.com\/fr\/boutique\/"},{"@type":"ListItem","position":3,"name":"Twice as Twiggy"}]},{"@type":"WebSite","@id":"https:\/\/www.foscarini.com\/#website","url":"https:\/\/www.foscarini.com\/","name":"Foscarini","description":"","potentialAction":[{"@type":"SearchAction","target":{"@type":"EntryPoint","urlTemplate":"https:\/\/www.foscarini.com\/?s={search_term_string}"},"query-input":{"@type":"PropertyValueSpecification","valueRequired":true,"valueName":"search_term_string"}}],"inLanguage":"fr-FR"}]}},"_links":{"self":[{"href":"https:\/\/www.foscarini.com\/fr\/wp-json\/wp\/v2\/product\/193958"}],"collection":[{"href":"https:\/\/www.foscarini.com\/fr\/wp-json\/wp\/v2\/product"}],"about":[{"href":"https:\/\/www.foscarini.com\/fr\/wp-json\/wp\/v2\/types\/product"}],"replies":[{"embeddable":true,"href":"https:\/\/www.foscarini.com\/fr\/wp-json\/wp\/v2\/comments?post=193958"}],"wp:featuredmedia":[{"embeddable":true,"href":"https:\/\/www.foscarini.com\/fr\/wp-json\/wp\/v2\/media\/470610"}],"wp:attachment":[{"href":"https:\/\/www.foscarini.com\/fr\/wp-json\/wp\/v2\/media?parent=193958"}],"wp:term":[{"taxonomy":"product_cat","embeddable":true,"href":"https:\/\/www.foscarini.com\/fr\/wp-json\/wp\/v2\/product_cat?post=193958"},{"taxonomy":"product_tag","embeddable":true,"href":"https:\/\/www.foscarini.com\/fr\/wp-json\/wp\/v2\/product_tag?post=193958"},{"taxonomy":"materiale","embeddable":true,"href":"https:\/\/www.foscarini.com\/fr\/wp-json\/wp\/v2\/materiale?post=193958"},{"taxonomy":"altezza","embeddable":true,"href":"https:\/\/www.foscarini.com\/fr\/wp-json\/wp\/v2\/altezza?post=193958"},{"taxonomy":"larghezza","embeddable":true,"href":"https:\/\/www.foscarini.com\/fr\/wp-json\/wp\/v2\/larghezza?post=193958"},{"taxonomy":"profondita","embeddable":true,"href":"https:\/\/www.foscarini.com\/fr\/wp-json\/wp\/v2\/profondita?post=193958"},{"taxonomy":"peso","embeddable":true,"href":"https:\/\/www.foscarini.com\/fr\/wp-json\/wp\/v2\/peso?post=193958"},{"taxonomy":"designer-prodotto","embeddable":true,"href":"https:\/\/www.foscarini.com\/fr\/wp-json\/wp\/v2\/designer-prodotto?post=193958"}],"curies":[{"name":"wp","href":"https:\/\/api.w.org\/{rel}","templated":true}]}}