{"id":193895,"date":"2024-03-28T18:21:57","date_gmt":"2024-03-28T18:21:57","guid":{"rendered":"https:\/\/www.foscarini.com\/product\/twice-as-twiggy-std-s\/"},"modified":"2025-06-11T15:49:03","modified_gmt":"2025-06-11T15:49:03","slug":"twice-as-twiggy-std-s-fr","status":"publish","type":"product","link":"https:\/\/www.foscarini.com\/fr\/produit\/twice-as-twiggy-std-s-fr\/","title":{"rendered":"Twice as Twiggy"},"content":{"rendered":"<p>La lampada a sospensione Twice as Twiggy, dalle dimensioni pi\u00f9 che generose, \u00e8 dedicata ai grandi spazi ma mantiene la leggerezza del famoso progetto originale. Dotata di due schede LED illumina l\u2019area sottostante e diffonde verso<br \/>\nl\u2019alto un efficace illuminamento.<\/p><section class=\"pdp__slider full-height-vh\">\n    <div class=\"swiper-container swiper__pdp\">\n        <div class=\"swiper-wrapper full-height\">\n                                <div class=\"swiper-slide\">\n                                                    <img decoding=\"async\" class=\"full-cover\" src=\"https:\/\/www.foscarini.com\/wp-content\/uploads\/2024\/03\/3.1_Twiggy-1-150x150.jpg\" srcset=\"https:\/\/www.foscarini.com\/wp-content\/uploads\/2024\/03\/3.1_Twiggy-1-300x250.jpg 300w, https:\/\/www.foscarini.com\/wp-content\/uploads\/2024\/03\/3.1_Twiggy-1-1024x854.jpg 1024w, https:\/\/www.foscarini.com\/wp-content\/uploads\/2024\/03\/3.1_Twiggy-1-768x641.jpg 768w, https:\/\/www.foscarini.com\/wp-content\/uploads\/2024\/03\/3.1_Twiggy-1-1536x1282.jpg 1536w, https:\/\/www.foscarini.com\/wp-content\/uploads\/2024\/03\/3.1_Twiggy-1-800x668.jpg 800w, https:\/\/www.foscarini.com\/wp-content\/uploads\/2024\/03\/3.1_Twiggy-1.jpg 1776w\" alt=\"\" \/>\n                                                                        <\/div>\n                                        <div class=\"swiper-slide\">\n                                                    <img decoding=\"async\" class=\"full-cover\" src=\"https:\/\/www.foscarini.com\/wp-content\/uploads\/2024\/03\/3.2_Twiggy-1-150x150.jpg\" srcset=\"https:\/\/www.foscarini.com\/wp-content\/uploads\/2024\/03\/3.2_Twiggy-1-300x250.jpg 300w, https:\/\/www.foscarini.com\/wp-content\/uploads\/2024\/03\/3.2_Twiggy-1-1024x854.jpg 1024w, https:\/\/www.foscarini.com\/wp-content\/uploads\/2024\/03\/3.2_Twiggy-1-768x641.jpg 768w, https:\/\/www.foscarini.com\/wp-content\/uploads\/2024\/03\/3.2_Twiggy-1-1536x1282.jpg 1536w, https:\/\/www.foscarini.com\/wp-content\/uploads\/2024\/03\/3.2_Twiggy-1-800x668.jpg 800w, https:\/\/www.foscarini.com\/wp-content\/uploads\/2024\/03\/3.2_Twiggy-1.jpg 1776w\" alt=\"\" \/>\n                                                                        <\/div>\n                            <\/div>\n    <\/div>\n    <div class=\"swiper-scrollbar\"><\/div>\n    <div class=\"ct-arrow\">\n        <div class=\"swiper-button-prev\"><\/div>\n        <div class=\"swiper-button-next\"><\/div>\n    <\/div>\n<\/section><section class=\"concept__project_comunication full-height-vh\">\n    <div class=\"row row-large\">\n        <div class=\"medium-12 small-12 columns full-height no-padding-right-mobile\">\n            <div class=\"ct-image-text-lateral\">\n                <div class=\"ct-arrow\">\n                    <div class=\"swiper-button-prev\" aria-label=\"previous slide\"><\/div>\n                    <div class=\"swiper-button-next\" aria-label=\"next slide\"><\/div>\n                <\/div>\n                <span class=\"section-name-lateral\">Contenus R\u00e9dactionnels<\/span>\n                <!-- Swiper -->\n                <div class=\"swiper-container swiper__concept__comunication\">\n                    <div class=\"swiper-wrapper\">\n                                                            <div class=\"swiper-slide\">\n                                        <div class=\"ct-slide\">\n                                                                                                <img decoding=\"async\" class=\"full-cover\" src=\"https:\/\/www.foscarini.com\/wp-content\/uploads\/2024\/01\/Modulo1_1-2-150x150.jpg\" srcset=\"https:\/\/www.foscarini.com\/wp-content\/uploads\/2024\/01\/Modulo1_1-2-300x167.jpg 300w, https:\/\/www.foscarini.com\/wp-content\/uploads\/2024\/01\/Modulo1_1-2-scaled-800x444.jpg 800w, https:\/\/www.foscarini.com\/wp-content\/uploads\/2024\/01\/Modulo1_1-2-1024x569.jpg 1024w, https:\/\/www.foscarini.com\/wp-content\/uploads\/2024\/01\/Modulo1_1-2-768x427.jpg 768w, https:\/\/www.foscarini.com\/wp-content\/uploads\/2024\/01\/Modulo1_1-2-1536x853.jpg 1536w, https:\/\/www.foscarini.com\/wp-content\/uploads\/2024\/01\/Modulo1_1-2-2048x1138.jpg 2048w\" alt=\"\" \/>\n                                                                                                <div class=\"ct-col-right\">\n                                                <div class=\"ct-link\">\n                                                    <a class=\"link-arrow\" href=\"https:\/\/www.foscarini.com\/fr\/maestrie\/fibres\/\">MAESTRIE: Fibre<\/a>\n                                                    <div class=\"text-1\"><p>Materiali compositi che diventano corpi luminosi. Tessuti tech stesi da mani gentili sulle macchine che daranno loro forma. Ispirazioni che vengono da mondi lontani. Benvenuti nella fabbrica dove nasce la luce extra-ordinaria.<\/p>\n<\/div>\n                                                <\/div>\n                                            <\/div>\n                                        <\/div>\n                                    <\/div>\n                                                        <\/div>\n                <\/div>\n            <\/div>\n        <\/div>\n    <\/div>\n<\/section>","protected":false},"excerpt":{"rendered":"<p>Lampe suspendue grand format fournissant une lumi\u00e8re directe et indirecte vers le haut. Diffuseur en mat\u00e9riau composite \u00e0 base de fibre de verre peint \u00e0 la peinture liquide. Le corps de la lampe est constitu\u00e9 d&#8217;un grand c\u00f4ne en aluminium peint. Le diffuseur qui ferme le c\u00f4ne, o\u00f9 est install\u00e9e l&#8217;une des deux fiches LED, est en PMMA prismatique et incurv\u00e9 sur les bords. La fiche sup\u00e9rieure des LED est prot\u00e9g\u00e9e par un disque en PMMA avec le nom de la marque. Le transformateur LED est log\u00e9 \u00e0 l&#8217;int\u00e9rieur de la rosace en m\u00e9tal peint en blanc. Triple c\u00e2ble en acier pour suspendre le corps de la lampe et c\u00e2ble \u00e9lectrique transparent ; graduable avec des configurations possibles : On-Off \/Push\/DALI.<\/p>\n","protected":false},"featured_media":470643,"comment_status":"open","ping_status":"closed","template":"","meta":{"_acf_changed":true},"product_cat":[649,716,749,681,5665],"product_tag":[],"materiale":[7954],"altezza":[8864],"larghezza":[9841],"profondita":[9752],"peso":[10777],"designer-prodotto":[7393],"class_list":{"0":"post-193895","1":"product","2":"type-product","3":"status-publish","4":"has-post-thumbnail","6":"product_cat-concetto-fr","7":"product_cat-funzione-fr","8":"product_cat-sospensione-fr","9":"product_cat-twiggy-concetto-fr","10":"product_cat-twiggy-famiglia-fr","11":"materiale-fibra-di-carbonio-e-compositi-fr","12":"altezza-17-38-fr","13":"larghezza-31-12-fr","14":"profondita-31-12-fr","15":"peso-84-fr","16":"designer-prodotto-marc-sadler-fr","18":"first","19":"instock","20":"shipping-taxable","21":"purchasable","22":"product-type-variable"},"acf":{"preview_slider":{"titolo":"","testo":"","video_domanda":false,"link_video":""},"prodotto__immagine_preview":{"immagine":124350},"prodotto__slider":{"sottotitolo":"Marc Sadler (2016)","titolo":"La lampe suspendue Twice as Twiggy, avec ses dimensions plus que g\u00e9n\u00e9reuses, est d\u00e9di\u00e9e aux grands espaces mais conserve la l\u00e9g\u00e8ret\u00e9 du c\u00e9l\u00e8bre design original. \u00c9quip\u00e9 de deux fiches LED, il \u00e9claire la zone situ\u00e9e en dessous et diffuse un \u00e9clairage efficace vers le haut.","immagini":[{"immagine":307156,"immagine_mobile":null},{"immagine":307177,"immagine_mobile":null},{"immagine":307163,"immagine_mobile":null},{"immagine":307170,"immagine_mobile":null}]},"prodotto__slider_preview":null,"prodotto__specifiche":{"selezione":[{"scheda_tecnica":464331}]}},"yoast_head":"<!-- This site is optimized with the Yoast SEO Premium plugin v22.4 (Yoast SEO v23.7) - https:\/\/yoast.com\/wordpress\/plugins\/seo\/ -->\n<title>Twice as Twiggy - Foscarini<\/title>\n<meta name=\"robots\" content=\"index, follow, max-snippet:-1, max-image-preview:large, max-video-preview:-1\" \/>\n<meta property=\"og:locale\" content=\"fr_FR\" \/>\n<meta property=\"og:type\" content=\"article\" \/>\n<meta property=\"og:title\" content=\"Twice as Twiggy\" \/>\n<meta property=\"og:description\" content=\"Lampe suspendue grand format fournissant une lumi\u00e8re directe et indirecte vers le haut. Diffuseur en mat\u00e9riau composite \u00e0 base de fibre de verre peint \u00e0 la peinture liquide. Le corps de la lampe est constitu\u00e9 d&#039;un grand c\u00f4ne en aluminium peint. Le diffuseur qui ferme le c\u00f4ne, o\u00f9 est install\u00e9e l&#039;une des deux fiches LED, est en PMMA prismatique et incurv\u00e9 sur les bords. La fiche sup\u00e9rieure des LED est prot\u00e9g\u00e9e par un disque en PMMA avec le nom de la marque. Le transformateur LED est log\u00e9 \u00e0 l&#039;int\u00e9rieur de la rosace en m\u00e9tal peint en blanc. Triple c\u00e2ble en acier pour suspendre le corps de la lampe et c\u00e2ble \u00e9lectrique transparent ; graduable avec des configurations possibles : On-Off \/Push\/DALI.\" \/>\n<meta property=\"og:url\" content=\"https:\/\/www.foscarini.com\/fr\/produit\/twice-as-twiggy-std-s-fr\/\" \/>\n<meta property=\"og:site_name\" content=\"Foscarini\" \/>\n<meta property=\"article:modified_time\" content=\"2025-06-11T15:49:03+00:00\" \/>\n<meta property=\"og:image\" content=\"https:\/\/www.foscarini.com\/wp-content\/uploads\/2025\/06\/twice-as-twiggy_s_white_22_786x865-1.jpg\" \/>\n\t<meta property=\"og:image:width\" content=\"786\" \/>\n\t<meta property=\"og:image:height\" content=\"865\" \/>\n\t<meta property=\"og:image:type\" content=\"image\/jpeg\" \/>\n<meta name=\"twitter:card\" content=\"summary_large_image\" \/>\n<meta name=\"twitter:label1\" content=\"Dur\u00e9e de lecture estim\u00e9e\" \/>\n\t<meta name=\"twitter:data1\" content=\"1 minute\" \/>\n<script type=\"application\/ld+json\" class=\"yoast-schema-graph\">{\"@context\":\"https:\/\/schema.org\",\"@graph\":[{\"@type\":\"WebPage\",\"@id\":\"https:\/\/www.foscarini.com\/fr\/produit\/twice-as-twiggy-std-s-fr\/\",\"url\":\"https:\/\/www.foscarini.com\/fr\/produit\/twice-as-twiggy-std-s-fr\/\",\"name\":\"Twice as Twiggy - Foscarini\",\"isPartOf\":{\"@id\":\"https:\/\/www.foscarini.com\/#website\"},\"primaryImageOfPage\":{\"@id\":\"https:\/\/www.foscarini.com\/fr\/produit\/twice-as-twiggy-std-s-fr\/#primaryimage\"},\"image\":{\"@id\":\"https:\/\/www.foscarini.com\/fr\/produit\/twice-as-twiggy-std-s-fr\/#primaryimage\"},\"thumbnailUrl\":\"https:\/\/www.foscarini.com\/wp-content\/uploads\/2025\/06\/twice-as-twiggy_s_white_22_786x865-3.jpg\",\"datePublished\":\"2024-03-28T18:21:57+00:00\",\"dateModified\":\"2025-06-11T15:49:03+00:00\",\"breadcrumb\":{\"@id\":\"https:\/\/www.foscarini.com\/fr\/produit\/twice-as-twiggy-std-s-fr\/#breadcrumb\"},\"inLanguage\":\"fr-FR\",\"potentialAction\":[{\"@type\":\"ReadAction\",\"target\":[\"https:\/\/www.foscarini.com\/fr\/produit\/twice-as-twiggy-std-s-fr\/\"]}]},{\"@type\":\"ImageObject\",\"inLanguage\":\"fr-FR\",\"@id\":\"https:\/\/www.foscarini.com\/fr\/produit\/twice-as-twiggy-std-s-fr\/#primaryimage\",\"url\":\"https:\/\/www.foscarini.com\/wp-content\/uploads\/2025\/06\/twice-as-twiggy_s_white_22_786x865-3.jpg\",\"contentUrl\":\"https:\/\/www.foscarini.com\/wp-content\/uploads\/2025\/06\/twice-as-twiggy_s_white_22_786x865-3.jpg\",\"width\":786,\"height\":865},{\"@type\":\"BreadcrumbList\",\"@id\":\"https:\/\/www.foscarini.com\/fr\/produit\/twice-as-twiggy-std-s-fr\/#breadcrumb\",\"itemListElement\":[{\"@type\":\"ListItem\",\"position\":1,\"name\":\"Home\",\"item\":\"https:\/\/www.foscarini.com\/fr\/\"},{\"@type\":\"ListItem\",\"position\":2,\"name\":\"Boutique\",\"item\":\"https:\/\/www.foscarini.com\/fr\/boutique\/\"},{\"@type\":\"ListItem\",\"position\":3,\"name\":\"Twice as Twiggy\"}]},{\"@type\":\"WebSite\",\"@id\":\"https:\/\/www.foscarini.com\/#website\",\"url\":\"https:\/\/www.foscarini.com\/\",\"name\":\"Foscarini\",\"description\":\"\",\"potentialAction\":[{\"@type\":\"SearchAction\",\"target\":{\"@type\":\"EntryPoint\",\"urlTemplate\":\"https:\/\/www.foscarini.com\/?s={search_term_string}\"},\"query-input\":{\"@type\":\"PropertyValueSpecification\",\"valueRequired\":true,\"valueName\":\"search_term_string\"}}],\"inLanguage\":\"fr-FR\"}]}<\/script>\n<!-- \/ Yoast SEO Premium plugin. -->","yoast_head_json":{"title":"Twice as Twiggy - Foscarini","robots":{"index":"index","follow":"follow","max-snippet":"max-snippet:-1","max-image-preview":"max-image-preview:large","max-video-preview":"max-video-preview:-1"},"og_locale":"fr_FR","og_type":"article","og_title":"Twice as Twiggy","og_description":"Lampe suspendue grand format fournissant une lumi\u00e8re directe et indirecte vers le haut. Diffuseur en mat\u00e9riau composite \u00e0 base de fibre de verre peint \u00e0 la peinture liquide. Le corps de la lampe est constitu\u00e9 d'un grand c\u00f4ne en aluminium peint. Le diffuseur qui ferme le c\u00f4ne, o\u00f9 est install\u00e9e l'une des deux fiches LED, est en PMMA prismatique et incurv\u00e9 sur les bords. La fiche sup\u00e9rieure des LED est prot\u00e9g\u00e9e par un disque en PMMA avec le nom de la marque. Le transformateur LED est log\u00e9 \u00e0 l'int\u00e9rieur de la rosace en m\u00e9tal peint en blanc. Triple c\u00e2ble en acier pour suspendre le corps de la lampe et c\u00e2ble \u00e9lectrique transparent ; graduable avec des configurations possibles : On-Off \/Push\/DALI.","og_url":"https:\/\/www.foscarini.com\/fr\/produit\/twice-as-twiggy-std-s-fr\/","og_site_name":"Foscarini","article_modified_time":"2025-06-11T15:49:03+00:00","og_image":[{"width":786,"height":865,"url":"https:\/\/www.foscarini.com\/wp-content\/uploads\/2025\/06\/twice-as-twiggy_s_white_22_786x865-1.jpg","type":"image\/jpeg"}],"twitter_card":"summary_large_image","twitter_misc":{"Dur\u00e9e de lecture estim\u00e9e":"1 minute"},"schema":{"@context":"https:\/\/schema.org","@graph":[{"@type":"WebPage","@id":"https:\/\/www.foscarini.com\/fr\/produit\/twice-as-twiggy-std-s-fr\/","url":"https:\/\/www.foscarini.com\/fr\/produit\/twice-as-twiggy-std-s-fr\/","name":"Twice as Twiggy - Foscarini","isPartOf":{"@id":"https:\/\/www.foscarini.com\/#website"},"primaryImageOfPage":{"@id":"https:\/\/www.foscarini.com\/fr\/produit\/twice-as-twiggy-std-s-fr\/#primaryimage"},"image":{"@id":"https:\/\/www.foscarini.com\/fr\/produit\/twice-as-twiggy-std-s-fr\/#primaryimage"},"thumbnailUrl":"https:\/\/www.foscarini.com\/wp-content\/uploads\/2025\/06\/twice-as-twiggy_s_white_22_786x865-3.jpg","datePublished":"2024-03-28T18:21:57+00:00","dateModified":"2025-06-11T15:49:03+00:00","breadcrumb":{"@id":"https:\/\/www.foscarini.com\/fr\/produit\/twice-as-twiggy-std-s-fr\/#breadcrumb"},"inLanguage":"fr-FR","potentialAction":[{"@type":"ReadAction","target":["https:\/\/www.foscarini.com\/fr\/produit\/twice-as-twiggy-std-s-fr\/"]}]},{"@type":"ImageObject","inLanguage":"fr-FR","@id":"https:\/\/www.foscarini.com\/fr\/produit\/twice-as-twiggy-std-s-fr\/#primaryimage","url":"https:\/\/www.foscarini.com\/wp-content\/uploads\/2025\/06\/twice-as-twiggy_s_white_22_786x865-3.jpg","contentUrl":"https:\/\/www.foscarini.com\/wp-content\/uploads\/2025\/06\/twice-as-twiggy_s_white_22_786x865-3.jpg","width":786,"height":865},{"@type":"BreadcrumbList","@id":"https:\/\/www.foscarini.com\/fr\/produit\/twice-as-twiggy-std-s-fr\/#breadcrumb","itemListElement":[{"@type":"ListItem","position":1,"name":"Home","item":"https:\/\/www.foscarini.com\/fr\/"},{"@type":"ListItem","position":2,"name":"Boutique","item":"https:\/\/www.foscarini.com\/fr\/boutique\/"},{"@type":"ListItem","position":3,"name":"Twice as Twiggy"}]},{"@type":"WebSite","@id":"https:\/\/www.foscarini.com\/#website","url":"https:\/\/www.foscarini.com\/","name":"Foscarini","description":"","potentialAction":[{"@type":"SearchAction","target":{"@type":"EntryPoint","urlTemplate":"https:\/\/www.foscarini.com\/?s={search_term_string}"},"query-input":{"@type":"PropertyValueSpecification","valueRequired":true,"valueName":"search_term_string"}}],"inLanguage":"fr-FR"}]}},"_links":{"self":[{"href":"https:\/\/www.foscarini.com\/fr\/wp-json\/wp\/v2\/product\/193895"}],"collection":[{"href":"https:\/\/www.foscarini.com\/fr\/wp-json\/wp\/v2\/product"}],"about":[{"href":"https:\/\/www.foscarini.com\/fr\/wp-json\/wp\/v2\/types\/product"}],"replies":[{"embeddable":true,"href":"https:\/\/www.foscarini.com\/fr\/wp-json\/wp\/v2\/comments?post=193895"}],"wp:featuredmedia":[{"embeddable":true,"href":"https:\/\/www.foscarini.com\/fr\/wp-json\/wp\/v2\/media\/470643"}],"wp:attachment":[{"href":"https:\/\/www.foscarini.com\/fr\/wp-json\/wp\/v2\/media?parent=193895"}],"wp:term":[{"taxonomy":"product_cat","embeddable":true,"href":"https:\/\/www.foscarini.com\/fr\/wp-json\/wp\/v2\/product_cat?post=193895"},{"taxonomy":"product_tag","embeddable":true,"href":"https:\/\/www.foscarini.com\/fr\/wp-json\/wp\/v2\/product_tag?post=193895"},{"taxonomy":"materiale","embeddable":true,"href":"https:\/\/www.foscarini.com\/fr\/wp-json\/wp\/v2\/materiale?post=193895"},{"taxonomy":"altezza","embeddable":true,"href":"https:\/\/www.foscarini.com\/fr\/wp-json\/wp\/v2\/altezza?post=193895"},{"taxonomy":"larghezza","embeddable":true,"href":"https:\/\/www.foscarini.com\/fr\/wp-json\/wp\/v2\/larghezza?post=193895"},{"taxonomy":"profondita","embeddable":true,"href":"https:\/\/www.foscarini.com\/fr\/wp-json\/wp\/v2\/profondita?post=193895"},{"taxonomy":"peso","embeddable":true,"href":"https:\/\/www.foscarini.com\/fr\/wp-json\/wp\/v2\/peso?post=193895"},{"taxonomy":"designer-prodotto","embeddable":true,"href":"https:\/\/www.foscarini.com\/fr\/wp-json\/wp\/v2\/designer-prodotto?post=193895"}],"curies":[{"name":"wp","href":"https:\/\/api.w.org\/{rel}","templated":true}]}}