{"id":193831,"date":"2024-03-28T18:23:25","date_gmt":"2024-03-28T18:23:25","guid":{"rendered":"https:\/\/www.foscarini.com\/product\/twiggy-grid-twiggy-grid-outdoor-of\/"},"modified":"2025-06-11T16:02:27","modified_gmt":"2025-06-11T16:02:27","slug":"twiggy-grid-twiggy-grid-outdoor-of-fr","status":"publish","type":"product","link":"https:\/\/www.foscarini.com\/fr\/produit\/twiggy-grid-twiggy-grid-outdoor-of-fr\/","title":{"rendered":"Twiggy Grid Outdoor Terra"},"content":{"rendered":"<p>Una lampada-icona nella sua variante da esterno. Ispirata al segno che una canna da pesca traccia curvandosi, la lampada da terra da esterno Twiggy Grid recupera di quell\u2019immagine la flessibilit\u00e0 e la trasferisce in un oggetto di design dalla forte personalit\u00e0.<\/p><section class=\"pdp__slider full-height-vh\">\n    <div class=\"swiper-container swiper__pdp\">\n        <div class=\"swiper-wrapper full-height\">\n                                <div class=\"swiper-slide\">\n                                                    <img decoding=\"async\" class=\"full-cover\" src=\"https:\/\/www.foscarini.com\/wp-content\/uploads\/2024\/03\/3.1_TwiggyGrid-1-150x150.jpg\" srcset=\"https:\/\/www.foscarini.com\/wp-content\/uploads\/2024\/03\/3.1_TwiggyGrid-1-300x203.jpg 300w, https:\/\/www.foscarini.com\/wp-content\/uploads\/2024\/03\/3.1_TwiggyGrid-1-1024x694.jpg 1024w, https:\/\/www.foscarini.com\/wp-content\/uploads\/2024\/03\/3.1_TwiggyGrid-1-768x521.jpg 768w, https:\/\/www.foscarini.com\/wp-content\/uploads\/2024\/03\/3.1_TwiggyGrid-1-1536x1041.jpg 1536w, https:\/\/www.foscarini.com\/wp-content\/uploads\/2024\/03\/3.1_TwiggyGrid-1-2048x1388.jpg 2048w, https:\/\/www.foscarini.com\/wp-content\/uploads\/2024\/03\/3.1_TwiggyGrid-1-800x542.jpg 800w\" alt=\"\" \/>\n                                                                        <\/div>\n                                        <div class=\"swiper-slide\">\n                                                    <img decoding=\"async\" class=\"full-cover\" src=\"https:\/\/www.foscarini.com\/wp-content\/uploads\/2024\/03\/3.2_TwiggyGrid-1-150x150.jpg\" srcset=\"https:\/\/www.foscarini.com\/wp-content\/uploads\/2024\/03\/3.2_TwiggyGrid-1-214x300.jpg 214w, https:\/\/www.foscarini.com\/wp-content\/uploads\/2024\/03\/3.2_TwiggyGrid-1-732x1024.jpg 732w, https:\/\/www.foscarini.com\/wp-content\/uploads\/2024\/03\/3.2_TwiggyGrid-1-768x1075.jpg 768w, https:\/\/www.foscarini.com\/wp-content\/uploads\/2024\/03\/3.2_TwiggyGrid-1-800x1120.jpg 800w, https:\/\/www.foscarini.com\/wp-content\/uploads\/2024\/03\/3.2_TwiggyGrid-1.jpg 1059w\" alt=\"\" \/>\n                                                                        <\/div>\n                                        <div class=\"swiper-slide\">\n                                                    <img decoding=\"async\" class=\"full-cover\" src=\"https:\/\/www.foscarini.com\/wp-content\/uploads\/2024\/03\/3.3_TwiggyGrid-1-150x150.jpg\" srcset=\"https:\/\/www.foscarini.com\/wp-content\/uploads\/2024\/03\/3.3_TwiggyGrid-1-214x300.jpg 214w, https:\/\/www.foscarini.com\/wp-content\/uploads\/2024\/03\/3.3_TwiggyGrid-1-732x1024.jpg 732w, https:\/\/www.foscarini.com\/wp-content\/uploads\/2024\/03\/3.3_TwiggyGrid-1-768x1075.jpg 768w, https:\/\/www.foscarini.com\/wp-content\/uploads\/2024\/03\/3.3_TwiggyGrid-1-800x1120.jpg 800w, https:\/\/www.foscarini.com\/wp-content\/uploads\/2024\/03\/3.3_TwiggyGrid-1.jpg 1059w\" alt=\"\" \/>\n                                                                        <\/div>\n                                        <div class=\"swiper-slide\">\n                                                    <img decoding=\"async\" class=\"full-cover\" src=\"https:\/\/www.foscarini.com\/wp-content\/uploads\/2024\/03\/3.4_TwiggyGrid-1-150x150.jpg\" srcset=\"https:\/\/www.foscarini.com\/wp-content\/uploads\/2024\/03\/3.4_TwiggyGrid-1-214x300.jpg 214w, https:\/\/www.foscarini.com\/wp-content\/uploads\/2024\/03\/3.4_TwiggyGrid-1-732x1024.jpg 732w, https:\/\/www.foscarini.com\/wp-content\/uploads\/2024\/03\/3.4_TwiggyGrid-1-768x1075.jpg 768w, https:\/\/www.foscarini.com\/wp-content\/uploads\/2024\/03\/3.4_TwiggyGrid-1-800x1120.jpg 800w, https:\/\/www.foscarini.com\/wp-content\/uploads\/2024\/03\/3.4_TwiggyGrid-1.jpg 1059w\" alt=\"\" \/>\n                                                                        <\/div>\n                                        <div class=\"swiper-slide\">\n                                                    <img decoding=\"async\" class=\"full-cover\" src=\"https:\/\/www.foscarini.com\/wp-content\/uploads\/2024\/03\/3.5_Twiggy-Grid-1-150x150.jpg\" srcset=\"https:\/\/www.foscarini.com\/wp-content\/uploads\/2024\/03\/3.5_Twiggy-Grid-1-300x200.jpg 300w, https:\/\/www.foscarini.com\/wp-content\/uploads\/2024\/03\/3.5_Twiggy-Grid-1-1024x683.jpg 1024w, https:\/\/www.foscarini.com\/wp-content\/uploads\/2024\/03\/3.5_Twiggy-Grid-1-768x512.jpg 768w, https:\/\/www.foscarini.com\/wp-content\/uploads\/2024\/03\/3.5_Twiggy-Grid-1-1536x1024.jpg 1536w, https:\/\/www.foscarini.com\/wp-content\/uploads\/2024\/03\/3.5_Twiggy-Grid-1-2048x1365.jpg 2048w, https:\/\/www.foscarini.com\/wp-content\/uploads\/2024\/03\/3.5_Twiggy-Grid-1-800x533.jpg 800w\" alt=\"\" \/>\n                                                                        <\/div>\n                                        <div class=\"swiper-slide\">\n                                                    <img decoding=\"async\" class=\"full-cover\" src=\"https:\/\/www.foscarini.com\/wp-content\/uploads\/2024\/03\/3.6_TwiggyGrid-150x150.jpg\" srcset=\"https:\/\/www.foscarini.com\/wp-content\/uploads\/2024\/03\/3.6_TwiggyGrid-300x203.jpg 300w, https:\/\/www.foscarini.com\/wp-content\/uploads\/2024\/03\/3.6_TwiggyGrid-1024x694.jpg 1024w, https:\/\/www.foscarini.com\/wp-content\/uploads\/2024\/03\/3.6_TwiggyGrid-768x521.jpg 768w, https:\/\/www.foscarini.com\/wp-content\/uploads\/2024\/03\/3.6_TwiggyGrid-1536x1041.jpg 1536w, https:\/\/www.foscarini.com\/wp-content\/uploads\/2024\/03\/3.6_TwiggyGrid-2048x1388.jpg 2048w, https:\/\/www.foscarini.com\/wp-content\/uploads\/2024\/03\/3.6_TwiggyGrid-800x542.jpg 800w\" alt=\"\" \/>\n                                                                        <\/div>\n                                        <div class=\"swiper-slide\">\n                                                    <img decoding=\"async\" class=\"full-cover\" src=\"https:\/\/www.foscarini.com\/wp-content\/uploads\/2024\/03\/3.7_TwiggyGrid-150x150.jpg\" srcset=\"https:\/\/www.foscarini.com\/wp-content\/uploads\/2024\/03\/3.7_TwiggyGrid-300x203.jpg 300w, https:\/\/www.foscarini.com\/wp-content\/uploads\/2024\/03\/3.7_TwiggyGrid-1024x694.jpg 1024w, https:\/\/www.foscarini.com\/wp-content\/uploads\/2024\/03\/3.7_TwiggyGrid-768x521.jpg 768w, https:\/\/www.foscarini.com\/wp-content\/uploads\/2024\/03\/3.7_TwiggyGrid-1536x1041.jpg 1536w, https:\/\/www.foscarini.com\/wp-content\/uploads\/2024\/03\/3.7_TwiggyGrid-2048x1388.jpg 2048w, https:\/\/www.foscarini.com\/wp-content\/uploads\/2024\/03\/3.7_TwiggyGrid-800x542.jpg 800w\" alt=\"\" \/>\n                                                                        <\/div>\n                                        <div class=\"swiper-slide\">\n                                                    <img decoding=\"async\" class=\"full-cover\" src=\"https:\/\/www.foscarini.com\/wp-content\/uploads\/2024\/03\/3.8_TwiggyGrid-150x150.jpg\" srcset=\"https:\/\/www.foscarini.com\/wp-content\/uploads\/2024\/03\/3.8_TwiggyGrid-214x300.jpg 214w, https:\/\/www.foscarini.com\/wp-content\/uploads\/2024\/03\/3.8_TwiggyGrid-732x1024.jpg 732w, https:\/\/www.foscarini.com\/wp-content\/uploads\/2024\/03\/3.8_TwiggyGrid-768x1075.jpg 768w, https:\/\/www.foscarini.com\/wp-content\/uploads\/2024\/03\/3.8_TwiggyGrid-800x1120.jpg 800w, https:\/\/www.foscarini.com\/wp-content\/uploads\/2024\/03\/3.8_TwiggyGrid.jpg 1059w\" alt=\"\" \/>\n                                                                        <\/div>\n                                        <div class=\"swiper-slide\">\n                                                    <img decoding=\"async\" class=\"full-cover\" src=\"https:\/\/www.foscarini.com\/wp-content\/uploads\/2024\/03\/3.9_TwiggyGrid-150x150.jpg\" srcset=\"https:\/\/www.foscarini.com\/wp-content\/uploads\/2024\/03\/3.9_TwiggyGrid-214x300.jpg 214w, https:\/\/www.foscarini.com\/wp-content\/uploads\/2024\/03\/3.9_TwiggyGrid-732x1024.jpg 732w, https:\/\/www.foscarini.com\/wp-content\/uploads\/2024\/03\/3.9_TwiggyGrid-768x1075.jpg 768w, https:\/\/www.foscarini.com\/wp-content\/uploads\/2024\/03\/3.9_TwiggyGrid-800x1120.jpg 800w, https:\/\/www.foscarini.com\/wp-content\/uploads\/2024\/03\/3.9_TwiggyGrid.jpg 1059w\" alt=\"\" \/>\n                                                                        <\/div>\n                                        <div class=\"swiper-slide\">\n                                                    <img decoding=\"async\" class=\"full-cover\" src=\"https:\/\/www.foscarini.com\/wp-content\/uploads\/2024\/03\/3.9_Twiggy-Grid-150x150.jpg\" srcset=\"https:\/\/www.foscarini.com\/wp-content\/uploads\/2024\/03\/3.9_Twiggy-Grid-254x300.jpg 254w, https:\/\/www.foscarini.com\/wp-content\/uploads\/2024\/03\/3.9_Twiggy-Grid-866x1024.jpg 866w, https:\/\/www.foscarini.com\/wp-content\/uploads\/2024\/03\/3.9_Twiggy-Grid-768x908.jpg 768w, https:\/\/www.foscarini.com\/wp-content\/uploads\/2024\/03\/3.9_Twiggy-Grid-800x946.jpg 800w, https:\/\/www.foscarini.com\/wp-content\/uploads\/2024\/03\/3.9_Twiggy-Grid.jpg 1252w\" alt=\"\" \/>\n                                                                        <\/div>\n                                        <div class=\"swiper-slide\">\n                                                    <img decoding=\"async\" class=\"full-cover\" src=\"https:\/\/www.foscarini.com\/wp-content\/uploads\/2024\/03\/3.10_Twiggy-Grid-150x150.jpg\" srcset=\"https:\/\/www.foscarini.com\/wp-content\/uploads\/2024\/03\/3.10_Twiggy-Grid-254x300.jpg 254w, https:\/\/www.foscarini.com\/wp-content\/uploads\/2024\/03\/3.10_Twiggy-Grid-866x1024.jpg 866w, https:\/\/www.foscarini.com\/wp-content\/uploads\/2024\/03\/3.10_Twiggy-Grid-768x908.jpg 768w, https:\/\/www.foscarini.com\/wp-content\/uploads\/2024\/03\/3.10_Twiggy-Grid-800x946.jpg 800w, https:\/\/www.foscarini.com\/wp-content\/uploads\/2024\/03\/3.10_Twiggy-Grid.jpg 1252w\" alt=\"\" \/>\n                                                                        <\/div>\n                            <\/div>\n    <\/div>\n    <div class=\"swiper-scrollbar\"><\/div>\n    <div class=\"ct-arrow\">\n        <div class=\"swiper-button-prev\"><\/div>\n        <div class=\"swiper-button-next\"><\/div>\n    <\/div>\n<\/section>","protected":false},"excerpt":{"rendered":"<p>Lampadaire d&#8217;ext\u00e9rieur fournissant une lumi\u00e8re directe vers le bas. Diffuseur et tige en mat\u00e9riau composite de fibre de verre, \u00e0 rev\u00eatement liquide. Le diffuseur est fabriqu\u00e9 \u00e0 partir de bandes de mat\u00e9riau composite pli\u00e9es manuellement sur le moule. Au centre, une feuille de PMMA transparente, grav\u00e9e au laser, capte et diffuse la lumi\u00e8re \u00e9mise par les LED multi-puces install\u00e9es sur le p\u00e9rim\u00e8tre du cadre en aluminium qui fait office de dissipateur thermique. Un disque suppl\u00e9mentaire en PMMA opale fait \u00e9cran \u00e0 la lumi\u00e8re. Base ronde en m\u00e9tal rev\u00eatu de poudre de polyester pour une r\u00e9sistance sup\u00e9rieure garantie aux rayons UV, aux intemp\u00e9ries et aux produits chimiques. Fourni avec trois poids \u00e0 ins\u00e9rer dans la fente situ\u00e9e au-dessus du diffuseur pour en r\u00e9gler la hauteur. C\u00e2ble \u00e9lectrique noir gain\u00e9 de n\u00e9opr\u00e8ne pour usage ext\u00e9rieur, transformateur sur le c\u00e2ble, \u00e9quip\u00e9 d&#8217;une fiche Schuko et d&#8217;un bornier sans bouton poussoir. Des rallonges d&#8217;arc suppl\u00e9mentaires sont disponibles sur demande.<\/p>\n","protected":false},"featured_media":470836,"comment_status":"open","ping_status":"closed","template":"","meta":{"_acf_changed":true},"product_cat":[649,716,725,681,13607],"product_tag":[],"materiale":[7954],"altezza":[12190],"larghezza":[11027],"profondita":[9161],"peso":[8727],"designer-prodotto":[7393],"class_list":{"0":"post-193831","1":"product","2":"type-product","3":"status-publish","4":"has-post-thumbnail","6":"product_cat-concetto-fr","7":"product_cat-funzione-fr","8":"product_cat-outdoor-fr","9":"product_cat-twiggy-concetto-fr","10":"product_cat-twiggy-grid-outdoor-terra-famiglia-fr","11":"materiale-fibra-di-carbonio-e-compositi-fr","12":"altezza-84-34-fr","13":"larghezza-67-fr","14":"profondita-23-58-fr","15":"peso-172-fr","16":"designer-prodotto-marc-sadler-fr","18":"first","19":"instock","20":"shipping-taxable","21":"purchasable","22":"product-type-variable"},"acf":{"preview_slider":{"titolo":"","testo":"","video_domanda":false,"link_video":""},"prodotto__immagine_preview":{"immagine":124539},"prodotto__slider":{"sottotitolo":"Marc Sadler (2017)","titolo":"Une lampe ic\u00f4ne dans sa version ext\u00e9rieure. Inspir\u00e9 par le signe que fait une canne \u00e0 p\u00eache lorsqu'elle se plie, le lampadaire d'ext\u00e9rieur Twiggy Grid reprend la flexibilit\u00e9 de cette image pour la transformer en un objet design \u00e0 forte personnalit\u00e9.","immagini":[{"immagine":307306,"immagine_mobile":null},{"immagine":307313,"immagine_mobile":null}]},"prodotto__slider_preview":null,"prodotto__specifiche":{"selezione":[{"scheda_tecnica":464483}]}},"yoast_head":"<!-- This site is optimized with the Yoast SEO Premium plugin v22.4 (Yoast SEO v23.7) - https:\/\/yoast.com\/wordpress\/plugins\/seo\/ -->\n<title>Twiggy Grid Outdoor Terra - Foscarini<\/title>\n<meta name=\"robots\" content=\"index, follow, max-snippet:-1, max-image-preview:large, max-video-preview:-1\" \/>\n<meta property=\"og:locale\" content=\"fr_FR\" \/>\n<meta property=\"og:type\" content=\"article\" \/>\n<meta property=\"og:title\" content=\"Twiggy Grid Outdoor Terra\" \/>\n<meta property=\"og:description\" content=\"Lampadaire d&#039;ext\u00e9rieur fournissant une lumi\u00e8re directe vers le bas. Diffuseur et tige en mat\u00e9riau composite de fibre de verre, \u00e0 rev\u00eatement liquide. Le diffuseur est fabriqu\u00e9 \u00e0 partir de bandes de mat\u00e9riau composite pli\u00e9es manuellement sur le moule. Au centre, une feuille de PMMA transparente, grav\u00e9e au laser, capte et diffuse la lumi\u00e8re \u00e9mise par les LED multi-puces install\u00e9es sur le p\u00e9rim\u00e8tre du cadre en aluminium qui fait office de dissipateur thermique. Un disque suppl\u00e9mentaire en PMMA opale fait \u00e9cran \u00e0 la lumi\u00e8re. Base ronde en m\u00e9tal rev\u00eatu de poudre de polyester pour une r\u00e9sistance sup\u00e9rieure garantie aux rayons UV, aux intemp\u00e9ries et aux produits chimiques. Fourni avec trois poids \u00e0 ins\u00e9rer dans la fente situ\u00e9e au-dessus du diffuseur pour en r\u00e9gler la hauteur. C\u00e2ble \u00e9lectrique noir gain\u00e9 de n\u00e9opr\u00e8ne pour usage ext\u00e9rieur, transformateur sur le c\u00e2ble, \u00e9quip\u00e9 d&#039;une fiche Schuko et d&#039;un bornier sans bouton poussoir. Des rallonges d&#039;arc suppl\u00e9mentaires sont disponibles sur demande.\" \/>\n<meta property=\"og:url\" content=\"https:\/\/www.foscarini.com\/fr\/produit\/twiggy-grid-twiggy-grid-outdoor-of-fr\/\" \/>\n<meta property=\"og:site_name\" content=\"Foscarini\" \/>\n<meta property=\"article:modified_time\" content=\"2025-06-11T16:02:27+00:00\" \/>\n<meta property=\"og:image\" content=\"https:\/\/www.foscarini.com\/wp-content\/uploads\/2025\/06\/twiggy-grid_of_carmine_22_786x865-5.jpg\" \/>\n\t<meta property=\"og:image:width\" content=\"786\" \/>\n\t<meta property=\"og:image:height\" content=\"865\" \/>\n\t<meta property=\"og:image:type\" content=\"image\/jpeg\" \/>\n<meta name=\"twitter:card\" content=\"summary_large_image\" \/>\n<meta name=\"twitter:label1\" content=\"Dur\u00e9e de lecture estim\u00e9e\" \/>\n\t<meta name=\"twitter:data1\" content=\"1 minute\" \/>\n<script type=\"application\/ld+json\" class=\"yoast-schema-graph\">{\"@context\":\"https:\/\/schema.org\",\"@graph\":[{\"@type\":\"WebPage\",\"@id\":\"https:\/\/www.foscarini.com\/fr\/produit\/twiggy-grid-twiggy-grid-outdoor-of-fr\/\",\"url\":\"https:\/\/www.foscarini.com\/fr\/produit\/twiggy-grid-twiggy-grid-outdoor-of-fr\/\",\"name\":\"Twiggy Grid Outdoor Terra - Foscarini\",\"isPartOf\":{\"@id\":\"https:\/\/www.foscarini.com\/#website\"},\"primaryImageOfPage\":{\"@id\":\"https:\/\/www.foscarini.com\/fr\/produit\/twiggy-grid-twiggy-grid-outdoor-of-fr\/#primaryimage\"},\"image\":{\"@id\":\"https:\/\/www.foscarini.com\/fr\/produit\/twiggy-grid-twiggy-grid-outdoor-of-fr\/#primaryimage\"},\"thumbnailUrl\":\"https:\/\/www.foscarini.com\/wp-content\/uploads\/2025\/06\/twiggy-grid_of_carmine_22_786x865-7.jpg\",\"datePublished\":\"2024-03-28T18:23:25+00:00\",\"dateModified\":\"2025-06-11T16:02:27+00:00\",\"breadcrumb\":{\"@id\":\"https:\/\/www.foscarini.com\/fr\/produit\/twiggy-grid-twiggy-grid-outdoor-of-fr\/#breadcrumb\"},\"inLanguage\":\"fr-FR\",\"potentialAction\":[{\"@type\":\"ReadAction\",\"target\":[\"https:\/\/www.foscarini.com\/fr\/produit\/twiggy-grid-twiggy-grid-outdoor-of-fr\/\"]}]},{\"@type\":\"ImageObject\",\"inLanguage\":\"fr-FR\",\"@id\":\"https:\/\/www.foscarini.com\/fr\/produit\/twiggy-grid-twiggy-grid-outdoor-of-fr\/#primaryimage\",\"url\":\"https:\/\/www.foscarini.com\/wp-content\/uploads\/2025\/06\/twiggy-grid_of_carmine_22_786x865-7.jpg\",\"contentUrl\":\"https:\/\/www.foscarini.com\/wp-content\/uploads\/2025\/06\/twiggy-grid_of_carmine_22_786x865-7.jpg\",\"width\":786,\"height\":865},{\"@type\":\"BreadcrumbList\",\"@id\":\"https:\/\/www.foscarini.com\/fr\/produit\/twiggy-grid-twiggy-grid-outdoor-of-fr\/#breadcrumb\",\"itemListElement\":[{\"@type\":\"ListItem\",\"position\":1,\"name\":\"Home\",\"item\":\"https:\/\/www.foscarini.com\/fr\/\"},{\"@type\":\"ListItem\",\"position\":2,\"name\":\"Boutique\",\"item\":\"https:\/\/www.foscarini.com\/fr\/boutique\/\"},{\"@type\":\"ListItem\",\"position\":3,\"name\":\"Twiggy Grid Outdoor Terra\"}]},{\"@type\":\"WebSite\",\"@id\":\"https:\/\/www.foscarini.com\/#website\",\"url\":\"https:\/\/www.foscarini.com\/\",\"name\":\"Foscarini\",\"description\":\"\",\"potentialAction\":[{\"@type\":\"SearchAction\",\"target\":{\"@type\":\"EntryPoint\",\"urlTemplate\":\"https:\/\/www.foscarini.com\/?s={search_term_string}\"},\"query-input\":{\"@type\":\"PropertyValueSpecification\",\"valueRequired\":true,\"valueName\":\"search_term_string\"}}],\"inLanguage\":\"fr-FR\"}]}<\/script>\n<!-- \/ Yoast SEO Premium plugin. -->","yoast_head_json":{"title":"Twiggy Grid Outdoor Terra - Foscarini","robots":{"index":"index","follow":"follow","max-snippet":"max-snippet:-1","max-image-preview":"max-image-preview:large","max-video-preview":"max-video-preview:-1"},"og_locale":"fr_FR","og_type":"article","og_title":"Twiggy Grid Outdoor Terra","og_description":"Lampadaire d'ext\u00e9rieur fournissant une lumi\u00e8re directe vers le bas. Diffuseur et tige en mat\u00e9riau composite de fibre de verre, \u00e0 rev\u00eatement liquide. Le diffuseur est fabriqu\u00e9 \u00e0 partir de bandes de mat\u00e9riau composite pli\u00e9es manuellement sur le moule. Au centre, une feuille de PMMA transparente, grav\u00e9e au laser, capte et diffuse la lumi\u00e8re \u00e9mise par les LED multi-puces install\u00e9es sur le p\u00e9rim\u00e8tre du cadre en aluminium qui fait office de dissipateur thermique. Un disque suppl\u00e9mentaire en PMMA opale fait \u00e9cran \u00e0 la lumi\u00e8re. Base ronde en m\u00e9tal rev\u00eatu de poudre de polyester pour une r\u00e9sistance sup\u00e9rieure garantie aux rayons UV, aux intemp\u00e9ries et aux produits chimiques. Fourni avec trois poids \u00e0 ins\u00e9rer dans la fente situ\u00e9e au-dessus du diffuseur pour en r\u00e9gler la hauteur. C\u00e2ble \u00e9lectrique noir gain\u00e9 de n\u00e9opr\u00e8ne pour usage ext\u00e9rieur, transformateur sur le c\u00e2ble, \u00e9quip\u00e9 d'une fiche Schuko et d'un bornier sans bouton poussoir. Des rallonges d'arc suppl\u00e9mentaires sont disponibles sur demande.","og_url":"https:\/\/www.foscarini.com\/fr\/produit\/twiggy-grid-twiggy-grid-outdoor-of-fr\/","og_site_name":"Foscarini","article_modified_time":"2025-06-11T16:02:27+00:00","og_image":[{"width":786,"height":865,"url":"https:\/\/www.foscarini.com\/wp-content\/uploads\/2025\/06\/twiggy-grid_of_carmine_22_786x865-5.jpg","type":"image\/jpeg"}],"twitter_card":"summary_large_image","twitter_misc":{"Dur\u00e9e de lecture estim\u00e9e":"1 minute"},"schema":{"@context":"https:\/\/schema.org","@graph":[{"@type":"WebPage","@id":"https:\/\/www.foscarini.com\/fr\/produit\/twiggy-grid-twiggy-grid-outdoor-of-fr\/","url":"https:\/\/www.foscarini.com\/fr\/produit\/twiggy-grid-twiggy-grid-outdoor-of-fr\/","name":"Twiggy Grid Outdoor Terra - Foscarini","isPartOf":{"@id":"https:\/\/www.foscarini.com\/#website"},"primaryImageOfPage":{"@id":"https:\/\/www.foscarini.com\/fr\/produit\/twiggy-grid-twiggy-grid-outdoor-of-fr\/#primaryimage"},"image":{"@id":"https:\/\/www.foscarini.com\/fr\/produit\/twiggy-grid-twiggy-grid-outdoor-of-fr\/#primaryimage"},"thumbnailUrl":"https:\/\/www.foscarini.com\/wp-content\/uploads\/2025\/06\/twiggy-grid_of_carmine_22_786x865-7.jpg","datePublished":"2024-03-28T18:23:25+00:00","dateModified":"2025-06-11T16:02:27+00:00","breadcrumb":{"@id":"https:\/\/www.foscarini.com\/fr\/produit\/twiggy-grid-twiggy-grid-outdoor-of-fr\/#breadcrumb"},"inLanguage":"fr-FR","potentialAction":[{"@type":"ReadAction","target":["https:\/\/www.foscarini.com\/fr\/produit\/twiggy-grid-twiggy-grid-outdoor-of-fr\/"]}]},{"@type":"ImageObject","inLanguage":"fr-FR","@id":"https:\/\/www.foscarini.com\/fr\/produit\/twiggy-grid-twiggy-grid-outdoor-of-fr\/#primaryimage","url":"https:\/\/www.foscarini.com\/wp-content\/uploads\/2025\/06\/twiggy-grid_of_carmine_22_786x865-7.jpg","contentUrl":"https:\/\/www.foscarini.com\/wp-content\/uploads\/2025\/06\/twiggy-grid_of_carmine_22_786x865-7.jpg","width":786,"height":865},{"@type":"BreadcrumbList","@id":"https:\/\/www.foscarini.com\/fr\/produit\/twiggy-grid-twiggy-grid-outdoor-of-fr\/#breadcrumb","itemListElement":[{"@type":"ListItem","position":1,"name":"Home","item":"https:\/\/www.foscarini.com\/fr\/"},{"@type":"ListItem","position":2,"name":"Boutique","item":"https:\/\/www.foscarini.com\/fr\/boutique\/"},{"@type":"ListItem","position":3,"name":"Twiggy Grid Outdoor Terra"}]},{"@type":"WebSite","@id":"https:\/\/www.foscarini.com\/#website","url":"https:\/\/www.foscarini.com\/","name":"Foscarini","description":"","potentialAction":[{"@type":"SearchAction","target":{"@type":"EntryPoint","urlTemplate":"https:\/\/www.foscarini.com\/?s={search_term_string}"},"query-input":{"@type":"PropertyValueSpecification","valueRequired":true,"valueName":"search_term_string"}}],"inLanguage":"fr-FR"}]}},"_links":{"self":[{"href":"https:\/\/www.foscarini.com\/fr\/wp-json\/wp\/v2\/product\/193831"}],"collection":[{"href":"https:\/\/www.foscarini.com\/fr\/wp-json\/wp\/v2\/product"}],"about":[{"href":"https:\/\/www.foscarini.com\/fr\/wp-json\/wp\/v2\/types\/product"}],"replies":[{"embeddable":true,"href":"https:\/\/www.foscarini.com\/fr\/wp-json\/wp\/v2\/comments?post=193831"}],"wp:featuredmedia":[{"embeddable":true,"href":"https:\/\/www.foscarini.com\/fr\/wp-json\/wp\/v2\/media\/470836"}],"wp:attachment":[{"href":"https:\/\/www.foscarini.com\/fr\/wp-json\/wp\/v2\/media?parent=193831"}],"wp:term":[{"taxonomy":"product_cat","embeddable":true,"href":"https:\/\/www.foscarini.com\/fr\/wp-json\/wp\/v2\/product_cat?post=193831"},{"taxonomy":"product_tag","embeddable":true,"href":"https:\/\/www.foscarini.com\/fr\/wp-json\/wp\/v2\/product_tag?post=193831"},{"taxonomy":"materiale","embeddable":true,"href":"https:\/\/www.foscarini.com\/fr\/wp-json\/wp\/v2\/materiale?post=193831"},{"taxonomy":"altezza","embeddable":true,"href":"https:\/\/www.foscarini.com\/fr\/wp-json\/wp\/v2\/altezza?post=193831"},{"taxonomy":"larghezza","embeddable":true,"href":"https:\/\/www.foscarini.com\/fr\/wp-json\/wp\/v2\/larghezza?post=193831"},{"taxonomy":"profondita","embeddable":true,"href":"https:\/\/www.foscarini.com\/fr\/wp-json\/wp\/v2\/profondita?post=193831"},{"taxonomy":"peso","embeddable":true,"href":"https:\/\/www.foscarini.com\/fr\/wp-json\/wp\/v2\/peso?post=193831"},{"taxonomy":"designer-prodotto","embeddable":true,"href":"https:\/\/www.foscarini.com\/fr\/wp-json\/wp\/v2\/designer-prodotto?post=193831"}],"curies":[{"name":"wp","href":"https:\/\/api.w.org\/{rel}","templated":true}]}}