{"id":193816,"date":"2024-03-28T18:23:11","date_gmt":"2024-03-28T18:23:11","guid":{"rendered":"https:\/\/www.foscarini.com\/product\/twiggy-grid-outdoor-std-ot\/"},"modified":"2025-06-11T16:05:44","modified_gmt":"2025-06-11T16:05:44","slug":"twiggy-grid-outdoor-std-ot-fr","status":"publish","type":"product","link":"https:\/\/www.foscarini.com\/fr\/produit\/twiggy-grid-outdoor-std-ot-fr\/","title":{"rendered":"Twiggy Grid Outdoor Tavolo"},"content":{"rendered":"<p>Con il suo caratteristico paralume intrecciato, la lampada da tavolo Twiggy Grid XL \u00e8 perfetta per ambienti interni ed esterni. Una lampada da tavolo di design capace di traformare anche uno spazio all&#8217;aperto in un accogliente ambiente living.<\/p><section class=\"pdp__slider full-height-vh\">\n    <div class=\"swiper-container swiper__pdp\">\n        <div class=\"swiper-wrapper full-height\">\n                                <div class=\"swiper-slide\">\n                                                    <img decoding=\"async\" class=\"full-cover\" src=\"https:\/\/www.foscarini.com\/wp-content\/uploads\/2024\/03\/3.1_TwiggyGrid-150x150.jpg\" srcset=\"https:\/\/www.foscarini.com\/wp-content\/uploads\/2024\/03\/3.1_TwiggyGrid-194x300.jpg 194w, https:\/\/www.foscarini.com\/wp-content\/uploads\/2024\/03\/3.1_TwiggyGrid-663x1024.jpg 663w, https:\/\/www.foscarini.com\/wp-content\/uploads\/2024\/03\/3.1_TwiggyGrid-768x1186.jpg 768w, https:\/\/www.foscarini.com\/wp-content\/uploads\/2024\/03\/3.1_TwiggyGrid-800x1235.jpg 800w, https:\/\/www.foscarini.com\/wp-content\/uploads\/2024\/03\/3.1_TwiggyGrid.jpg 960w\" alt=\"\" \/>\n                                                                        <\/div>\n                                        <div class=\"swiper-slide\">\n                                                    <img decoding=\"async\" class=\"full-cover\" src=\"https:\/\/www.foscarini.com\/wp-content\/uploads\/2024\/03\/3.4_Twiggy-Grid-1-150x150.jpg\" srcset=\"https:\/\/www.foscarini.com\/wp-content\/uploads\/2024\/03\/3.4_Twiggy-Grid-1-199x300.jpg 199w, https:\/\/www.foscarini.com\/wp-content\/uploads\/2024\/03\/3.4_Twiggy-Grid-1-678x1024.jpg 678w, https:\/\/www.foscarini.com\/wp-content\/uploads\/2024\/03\/3.4_Twiggy-Grid-1-768x1160.jpg 768w, https:\/\/www.foscarini.com\/wp-content\/uploads\/2024\/03\/3.4_Twiggy-Grid-1-800x1208.jpg 800w, https:\/\/www.foscarini.com\/wp-content\/uploads\/2024\/03\/3.4_Twiggy-Grid-1.jpg 980w\" alt=\"\" \/>\n                                                                        <\/div>\n                                        <div class=\"swiper-slide\">\n                                                    <img decoding=\"async\" class=\"full-cover\" src=\"https:\/\/www.foscarini.com\/wp-content\/uploads\/2024\/03\/3.9_Twiggy-Grid-1-150x150.jpg\" srcset=\"https:\/\/www.foscarini.com\/wp-content\/uploads\/2024\/03\/3.9_Twiggy-Grid-1-199x300.jpg 199w, https:\/\/www.foscarini.com\/wp-content\/uploads\/2024\/03\/3.9_Twiggy-Grid-1-678x1024.jpg 678w, https:\/\/www.foscarini.com\/wp-content\/uploads\/2024\/03\/3.9_Twiggy-Grid-1-768x1160.jpg 768w, https:\/\/www.foscarini.com\/wp-content\/uploads\/2024\/03\/3.9_Twiggy-Grid-1-800x1208.jpg 800w, https:\/\/www.foscarini.com\/wp-content\/uploads\/2024\/03\/3.9_Twiggy-Grid-1.jpg 980w\" alt=\"\" \/>\n                                                                        <\/div>\n                                        <div class=\"swiper-slide\">\n                                                    <img decoding=\"async\" class=\"full-cover\" src=\"https:\/\/www.foscarini.com\/wp-content\/uploads\/2024\/03\/3.10_Twiggy-Grid-1-150x150.jpg\" srcset=\"https:\/\/www.foscarini.com\/wp-content\/uploads\/2024\/03\/3.10_Twiggy-Grid-1-199x300.jpg 199w, https:\/\/www.foscarini.com\/wp-content\/uploads\/2024\/03\/3.10_Twiggy-Grid-1-678x1024.jpg 678w, https:\/\/www.foscarini.com\/wp-content\/uploads\/2024\/03\/3.10_Twiggy-Grid-1-768x1160.jpg 768w, https:\/\/www.foscarini.com\/wp-content\/uploads\/2024\/03\/3.10_Twiggy-Grid-1-800x1208.jpg 800w, https:\/\/www.foscarini.com\/wp-content\/uploads\/2024\/03\/3.10_Twiggy-Grid-1.jpg 980w\" alt=\"\" \/>\n                                                                        <\/div>\n                            <\/div>\n    <\/div>\n    <div class=\"swiper-scrollbar\"><\/div>\n    <div class=\"ct-arrow\">\n        <div class=\"swiper-button-prev\"><\/div>\n        <div class=\"swiper-button-next\"><\/div>\n    <\/div>\n<\/section>","protected":false},"excerpt":{"rendered":"<p>Lampe de table d&#8217;ext\u00e9rieur fournissant une lumi\u00e8re directe vers le bas. Diffuseur et tige en mat\u00e9riau composite \u00e0 base de fibre de verre peint \u00e0 la peinture liquide. Le diffuseur est fabriqu\u00e9 \u00e0 partir de sangles en mat\u00e9riau composite fa\u00e7onn\u00e9es \u00e0 la main sur le moule, les rubans qui se chevauchent cr\u00e9ent la surface tiss\u00e9e qui est ensuite peinte \u00e0 la main. Les bords inf\u00e9rieur et sup\u00e9rieur comportent un tour suppl\u00e9mentaire de sangle pour compl\u00e9ter le diffuseur. Au centre, une feuille de PMMA transparente, grav\u00e9e au laser, capte et diffuse la lumi\u00e8re provenant des LED multi-puces install\u00e9es sur le p\u00e9rim\u00e8tre de la structure en aluminium qui fait office de dissipateur thermique. La lumi\u00e8re est tamis\u00e9e par un disque suppl\u00e9mentaire en PMMA opale. Base circulaire en m\u00e9tal rev\u00eatu de poudre de polyester qui offre une excellente r\u00e9sistance aux rayons UV, aux intemp\u00e9ries et aux produits chimiques. C\u00e2ble \u00e9lectrique noir gain\u00e9 de n\u00e9opr\u00e8ne pour usage ext\u00e9rieur sans panneau de commande, transformateur sur le c\u00e2ble, \u00e9quip\u00e9 d&#8217;une fiche Schuko et d&#8217;un bornier.<\/p>\n","protected":false},"featured_media":470796,"comment_status":"open","ping_status":"closed","template":"","meta":{"_acf_changed":true},"product_cat":[649,716,725,681,13606],"product_tag":[],"materiale":[7954],"altezza":[10130],"larghezza":[8622],"profondita":[8681],"peso":[8396],"designer-prodotto":[7393],"class_list":{"0":"post-193816","1":"product","2":"type-product","3":"status-publish","4":"has-post-thumbnail","6":"product_cat-concetto-fr","7":"product_cat-funzione-fr","8":"product_cat-outdoor-fr","9":"product_cat-twiggy-concetto-fr","10":"product_cat-twiggy-grid-outdoor-tavolo-famiglia-fr","11":"materiale-fibra-di-carbonio-e-compositi-fr","12":"altezza-26-14-fr","13":"larghezza-18-18-fr","14":"profondita-18-18-fr","15":"peso-126-fr","16":"designer-prodotto-marc-sadler-fr","18":"first","19":"instock","20":"shipping-taxable","21":"purchasable","22":"product-type-variable"},"acf":{"preview_slider":{"titolo":"","testo":"","video_domanda":false,"link_video":""},"prodotto__immagine_preview":{"immagine":124504},"prodotto__slider":{"sottotitolo":"Marc Sadler (2018)","titolo":"Avec son abat-jour tiss\u00e9 caract\u00e9ristique, la lampe de table Twiggy Grid XL est parfaite pour un usage int\u00e9rieur et ext\u00e9rieur. Une lampe de table design qui peut transformer m\u00eame un espace ext\u00e9rieur en un espace de vie confortable.","immagini":[{"immagine":307449,"immagine_mobile":null},{"immagine":307456,"immagine_mobile":null}]},"prodotto__slider_preview":null,"prodotto__specifiche":{"selezione":[{"scheda_tecnica":464518}]}},"yoast_head":"<!-- This site is optimized with the Yoast SEO Premium plugin v22.4 (Yoast SEO v23.7) - https:\/\/yoast.com\/wordpress\/plugins\/seo\/ -->\n<title>Twiggy Grid Outdoor Tavolo - Foscarini<\/title>\n<meta name=\"robots\" content=\"index, follow, max-snippet:-1, max-image-preview:large, max-video-preview:-1\" \/>\n<meta property=\"og:locale\" content=\"fr_FR\" \/>\n<meta property=\"og:type\" content=\"article\" \/>\n<meta property=\"og:title\" content=\"Twiggy Grid Outdoor Tavolo\" \/>\n<meta property=\"og:description\" content=\"Lampe de table d&#039;ext\u00e9rieur fournissant une lumi\u00e8re directe vers le bas. Diffuseur et tige en mat\u00e9riau composite \u00e0 base de fibre de verre peint \u00e0 la peinture liquide. Le diffuseur est fabriqu\u00e9 \u00e0 partir de sangles en mat\u00e9riau composite fa\u00e7onn\u00e9es \u00e0 la main sur le moule, les rubans qui se chevauchent cr\u00e9ent la surface tiss\u00e9e qui est ensuite peinte \u00e0 la main. Les bords inf\u00e9rieur et sup\u00e9rieur comportent un tour suppl\u00e9mentaire de sangle pour compl\u00e9ter le diffuseur. Au centre, une feuille de PMMA transparente, grav\u00e9e au laser, capte et diffuse la lumi\u00e8re provenant des LED multi-puces install\u00e9es sur le p\u00e9rim\u00e8tre de la structure en aluminium qui fait office de dissipateur thermique. La lumi\u00e8re est tamis\u00e9e par un disque suppl\u00e9mentaire en PMMA opale. Base circulaire en m\u00e9tal rev\u00eatu de poudre de polyester qui offre une excellente r\u00e9sistance aux rayons UV, aux intemp\u00e9ries et aux produits chimiques. C\u00e2ble \u00e9lectrique noir gain\u00e9 de n\u00e9opr\u00e8ne pour usage ext\u00e9rieur sans panneau de commande, transformateur sur le c\u00e2ble, \u00e9quip\u00e9 d&#039;une fiche Schuko et d&#039;un bornier.\" \/>\n<meta property=\"og:url\" content=\"https:\/\/www.foscarini.com\/fr\/produit\/twiggy-grid-outdoor-std-ot-fr\/\" \/>\n<meta property=\"og:site_name\" content=\"Foscarini\" \/>\n<meta property=\"article:modified_time\" content=\"2025-06-11T16:05:44+00:00\" \/>\n<meta property=\"og:image\" content=\"https:\/\/www.foscarini.com\/wp-content\/uploads\/2025\/06\/twiggy-grid_ot_carmine_22_786x865-1.jpg\" \/>\n\t<meta property=\"og:image:width\" content=\"786\" \/>\n\t<meta property=\"og:image:height\" content=\"865\" \/>\n\t<meta property=\"og:image:type\" content=\"image\/jpeg\" \/>\n<meta name=\"twitter:card\" content=\"summary_large_image\" \/>\n<meta name=\"twitter:label1\" content=\"Dur\u00e9e de lecture estim\u00e9e\" \/>\n\t<meta name=\"twitter:data1\" content=\"1 minute\" \/>\n<script type=\"application\/ld+json\" class=\"yoast-schema-graph\">{\"@context\":\"https:\/\/schema.org\",\"@graph\":[{\"@type\":\"WebPage\",\"@id\":\"https:\/\/www.foscarini.com\/fr\/produit\/twiggy-grid-outdoor-std-ot-fr\/\",\"url\":\"https:\/\/www.foscarini.com\/fr\/produit\/twiggy-grid-outdoor-std-ot-fr\/\",\"name\":\"Twiggy Grid Outdoor Tavolo - Foscarini\",\"isPartOf\":{\"@id\":\"https:\/\/www.foscarini.com\/#website\"},\"primaryImageOfPage\":{\"@id\":\"https:\/\/www.foscarini.com\/fr\/produit\/twiggy-grid-outdoor-std-ot-fr\/#primaryimage\"},\"image\":{\"@id\":\"https:\/\/www.foscarini.com\/fr\/produit\/twiggy-grid-outdoor-std-ot-fr\/#primaryimage\"},\"thumbnailUrl\":\"https:\/\/www.foscarini.com\/wp-content\/uploads\/2025\/06\/twiggy-grid_ot_carmine_22_786x865-3.jpg\",\"datePublished\":\"2024-03-28T18:23:11+00:00\",\"dateModified\":\"2025-06-11T16:05:44+00:00\",\"breadcrumb\":{\"@id\":\"https:\/\/www.foscarini.com\/fr\/produit\/twiggy-grid-outdoor-std-ot-fr\/#breadcrumb\"},\"inLanguage\":\"fr-FR\",\"potentialAction\":[{\"@type\":\"ReadAction\",\"target\":[\"https:\/\/www.foscarini.com\/fr\/produit\/twiggy-grid-outdoor-std-ot-fr\/\"]}]},{\"@type\":\"ImageObject\",\"inLanguage\":\"fr-FR\",\"@id\":\"https:\/\/www.foscarini.com\/fr\/produit\/twiggy-grid-outdoor-std-ot-fr\/#primaryimage\",\"url\":\"https:\/\/www.foscarini.com\/wp-content\/uploads\/2025\/06\/twiggy-grid_ot_carmine_22_786x865-3.jpg\",\"contentUrl\":\"https:\/\/www.foscarini.com\/wp-content\/uploads\/2025\/06\/twiggy-grid_ot_carmine_22_786x865-3.jpg\",\"width\":786,\"height\":865},{\"@type\":\"BreadcrumbList\",\"@id\":\"https:\/\/www.foscarini.com\/fr\/produit\/twiggy-grid-outdoor-std-ot-fr\/#breadcrumb\",\"itemListElement\":[{\"@type\":\"ListItem\",\"position\":1,\"name\":\"Home\",\"item\":\"https:\/\/www.foscarini.com\/fr\/\"},{\"@type\":\"ListItem\",\"position\":2,\"name\":\"Boutique\",\"item\":\"https:\/\/www.foscarini.com\/fr\/boutique\/\"},{\"@type\":\"ListItem\",\"position\":3,\"name\":\"Twiggy Grid Outdoor Tavolo\"}]},{\"@type\":\"WebSite\",\"@id\":\"https:\/\/www.foscarini.com\/#website\",\"url\":\"https:\/\/www.foscarini.com\/\",\"name\":\"Foscarini\",\"description\":\"\",\"potentialAction\":[{\"@type\":\"SearchAction\",\"target\":{\"@type\":\"EntryPoint\",\"urlTemplate\":\"https:\/\/www.foscarini.com\/?s={search_term_string}\"},\"query-input\":{\"@type\":\"PropertyValueSpecification\",\"valueRequired\":true,\"valueName\":\"search_term_string\"}}],\"inLanguage\":\"fr-FR\"}]}<\/script>\n<!-- \/ Yoast SEO Premium plugin. -->","yoast_head_json":{"title":"Twiggy Grid Outdoor Tavolo - Foscarini","robots":{"index":"index","follow":"follow","max-snippet":"max-snippet:-1","max-image-preview":"max-image-preview:large","max-video-preview":"max-video-preview:-1"},"og_locale":"fr_FR","og_type":"article","og_title":"Twiggy Grid Outdoor Tavolo","og_description":"Lampe de table d'ext\u00e9rieur fournissant une lumi\u00e8re directe vers le bas. Diffuseur et tige en mat\u00e9riau composite \u00e0 base de fibre de verre peint \u00e0 la peinture liquide. Le diffuseur est fabriqu\u00e9 \u00e0 partir de sangles en mat\u00e9riau composite fa\u00e7onn\u00e9es \u00e0 la main sur le moule, les rubans qui se chevauchent cr\u00e9ent la surface tiss\u00e9e qui est ensuite peinte \u00e0 la main. Les bords inf\u00e9rieur et sup\u00e9rieur comportent un tour suppl\u00e9mentaire de sangle pour compl\u00e9ter le diffuseur. Au centre, une feuille de PMMA transparente, grav\u00e9e au laser, capte et diffuse la lumi\u00e8re provenant des LED multi-puces install\u00e9es sur le p\u00e9rim\u00e8tre de la structure en aluminium qui fait office de dissipateur thermique. La lumi\u00e8re est tamis\u00e9e par un disque suppl\u00e9mentaire en PMMA opale. Base circulaire en m\u00e9tal rev\u00eatu de poudre de polyester qui offre une excellente r\u00e9sistance aux rayons UV, aux intemp\u00e9ries et aux produits chimiques. C\u00e2ble \u00e9lectrique noir gain\u00e9 de n\u00e9opr\u00e8ne pour usage ext\u00e9rieur sans panneau de commande, transformateur sur le c\u00e2ble, \u00e9quip\u00e9 d'une fiche Schuko et d'un bornier.","og_url":"https:\/\/www.foscarini.com\/fr\/produit\/twiggy-grid-outdoor-std-ot-fr\/","og_site_name":"Foscarini","article_modified_time":"2025-06-11T16:05:44+00:00","og_image":[{"width":786,"height":865,"url":"https:\/\/www.foscarini.com\/wp-content\/uploads\/2025\/06\/twiggy-grid_ot_carmine_22_786x865-1.jpg","type":"image\/jpeg"}],"twitter_card":"summary_large_image","twitter_misc":{"Dur\u00e9e de lecture estim\u00e9e":"1 minute"},"schema":{"@context":"https:\/\/schema.org","@graph":[{"@type":"WebPage","@id":"https:\/\/www.foscarini.com\/fr\/produit\/twiggy-grid-outdoor-std-ot-fr\/","url":"https:\/\/www.foscarini.com\/fr\/produit\/twiggy-grid-outdoor-std-ot-fr\/","name":"Twiggy Grid Outdoor Tavolo - Foscarini","isPartOf":{"@id":"https:\/\/www.foscarini.com\/#website"},"primaryImageOfPage":{"@id":"https:\/\/www.foscarini.com\/fr\/produit\/twiggy-grid-outdoor-std-ot-fr\/#primaryimage"},"image":{"@id":"https:\/\/www.foscarini.com\/fr\/produit\/twiggy-grid-outdoor-std-ot-fr\/#primaryimage"},"thumbnailUrl":"https:\/\/www.foscarini.com\/wp-content\/uploads\/2025\/06\/twiggy-grid_ot_carmine_22_786x865-3.jpg","datePublished":"2024-03-28T18:23:11+00:00","dateModified":"2025-06-11T16:05:44+00:00","breadcrumb":{"@id":"https:\/\/www.foscarini.com\/fr\/produit\/twiggy-grid-outdoor-std-ot-fr\/#breadcrumb"},"inLanguage":"fr-FR","potentialAction":[{"@type":"ReadAction","target":["https:\/\/www.foscarini.com\/fr\/produit\/twiggy-grid-outdoor-std-ot-fr\/"]}]},{"@type":"ImageObject","inLanguage":"fr-FR","@id":"https:\/\/www.foscarini.com\/fr\/produit\/twiggy-grid-outdoor-std-ot-fr\/#primaryimage","url":"https:\/\/www.foscarini.com\/wp-content\/uploads\/2025\/06\/twiggy-grid_ot_carmine_22_786x865-3.jpg","contentUrl":"https:\/\/www.foscarini.com\/wp-content\/uploads\/2025\/06\/twiggy-grid_ot_carmine_22_786x865-3.jpg","width":786,"height":865},{"@type":"BreadcrumbList","@id":"https:\/\/www.foscarini.com\/fr\/produit\/twiggy-grid-outdoor-std-ot-fr\/#breadcrumb","itemListElement":[{"@type":"ListItem","position":1,"name":"Home","item":"https:\/\/www.foscarini.com\/fr\/"},{"@type":"ListItem","position":2,"name":"Boutique","item":"https:\/\/www.foscarini.com\/fr\/boutique\/"},{"@type":"ListItem","position":3,"name":"Twiggy Grid Outdoor Tavolo"}]},{"@type":"WebSite","@id":"https:\/\/www.foscarini.com\/#website","url":"https:\/\/www.foscarini.com\/","name":"Foscarini","description":"","potentialAction":[{"@type":"SearchAction","target":{"@type":"EntryPoint","urlTemplate":"https:\/\/www.foscarini.com\/?s={search_term_string}"},"query-input":{"@type":"PropertyValueSpecification","valueRequired":true,"valueName":"search_term_string"}}],"inLanguage":"fr-FR"}]}},"_links":{"self":[{"href":"https:\/\/www.foscarini.com\/fr\/wp-json\/wp\/v2\/product\/193816"}],"collection":[{"href":"https:\/\/www.foscarini.com\/fr\/wp-json\/wp\/v2\/product"}],"about":[{"href":"https:\/\/www.foscarini.com\/fr\/wp-json\/wp\/v2\/types\/product"}],"replies":[{"embeddable":true,"href":"https:\/\/www.foscarini.com\/fr\/wp-json\/wp\/v2\/comments?post=193816"}],"wp:featuredmedia":[{"embeddable":true,"href":"https:\/\/www.foscarini.com\/fr\/wp-json\/wp\/v2\/media\/470796"}],"wp:attachment":[{"href":"https:\/\/www.foscarini.com\/fr\/wp-json\/wp\/v2\/media?parent=193816"}],"wp:term":[{"taxonomy":"product_cat","embeddable":true,"href":"https:\/\/www.foscarini.com\/fr\/wp-json\/wp\/v2\/product_cat?post=193816"},{"taxonomy":"product_tag","embeddable":true,"href":"https:\/\/www.foscarini.com\/fr\/wp-json\/wp\/v2\/product_tag?post=193816"},{"taxonomy":"materiale","embeddable":true,"href":"https:\/\/www.foscarini.com\/fr\/wp-json\/wp\/v2\/materiale?post=193816"},{"taxonomy":"altezza","embeddable":true,"href":"https:\/\/www.foscarini.com\/fr\/wp-json\/wp\/v2\/altezza?post=193816"},{"taxonomy":"larghezza","embeddable":true,"href":"https:\/\/www.foscarini.com\/fr\/wp-json\/wp\/v2\/larghezza?post=193816"},{"taxonomy":"profondita","embeddable":true,"href":"https:\/\/www.foscarini.com\/fr\/wp-json\/wp\/v2\/profondita?post=193816"},{"taxonomy":"peso","embeddable":true,"href":"https:\/\/www.foscarini.com\/fr\/wp-json\/wp\/v2\/peso?post=193816"},{"taxonomy":"designer-prodotto","embeddable":true,"href":"https:\/\/www.foscarini.com\/fr\/wp-json\/wp\/v2\/designer-prodotto?post=193816"}],"curies":[{"name":"wp","href":"https:\/\/api.w.org\/{rel}","templated":true}]}}