{"id":193340,"date":"2024-03-28T17:57:52","date_gmt":"2024-03-28T17:57:52","guid":{"rendered":"https:\/\/www.foscarini.com\/product\/filo-std-t\/"},"modified":"2025-06-11T12:03:43","modified_gmt":"2025-06-11T12:03:43","slug":"filo-std-t-fr","status":"publish","type":"product","link":"https:\/\/www.foscarini.com\/fr\/produit\/filo-std-t-fr\/","title":{"rendered":"Filo"},"content":{"rendered":"<p>Arte e luce. Un oggetto che nasce dallo scomporre le singole parti che compongono una lampada &#8211; sorgente luminosa, decorazione e cavo elettrico &#8211; per ricomporle in un\u2019operazione artistica, frutto del pensiero del suo autore Andrea Anastasio.<\/p><section class=\"pdp__slider full-height-vh\">\n    <div class=\"swiper-container swiper__pdp\">\n        <div class=\"swiper-wrapper full-height\">\n                                <div class=\"swiper-slide\">\n                                                    <img decoding=\"async\" class=\"full-cover\" src=\"https:\/\/www.foscarini.com\/wp-content\/uploads\/2024\/03\/3.1_Filo-1-150x150.jpg\" srcset=\"https:\/\/www.foscarini.com\/wp-content\/uploads\/2024\/03\/3.1_Filo-1-300x200.jpg 300w, https:\/\/www.foscarini.com\/wp-content\/uploads\/2024\/03\/3.1_Filo-1-1024x683.jpg 1024w, https:\/\/www.foscarini.com\/wp-content\/uploads\/2024\/03\/3.1_Filo-1-768x512.jpg 768w, https:\/\/www.foscarini.com\/wp-content\/uploads\/2024\/03\/3.1_Filo-1-1536x1024.jpg 1536w, https:\/\/www.foscarini.com\/wp-content\/uploads\/2024\/03\/3.1_Filo-1-2048x1365.jpg 2048w, https:\/\/www.foscarini.com\/wp-content\/uploads\/2024\/03\/3.1_Filo-1-800x533.jpg 800w\" alt=\"\" \/>\n                                                                        <\/div>\n                                        <div class=\"swiper-slide\">\n                                                    <img decoding=\"async\" class=\"full-cover\" src=\"https:\/\/www.foscarini.com\/wp-content\/uploads\/2024\/03\/3.2_Filo-1-150x150.jpg\" srcset=\"https:\/\/www.foscarini.com\/wp-content\/uploads\/2024\/03\/3.2_Filo-1-199x300.jpg 199w, https:\/\/www.foscarini.com\/wp-content\/uploads\/2024\/03\/3.2_Filo-1-678x1024.jpg 678w, https:\/\/www.foscarini.com\/wp-content\/uploads\/2024\/03\/3.2_Filo-1-768x1160.jpg 768w, https:\/\/www.foscarini.com\/wp-content\/uploads\/2024\/03\/3.2_Filo-1-800x1208.jpg 800w, https:\/\/www.foscarini.com\/wp-content\/uploads\/2024\/03\/3.2_Filo-1.jpg 980w\" alt=\"\" \/>\n                                                                        <\/div>\n                                        <div class=\"swiper-slide\">\n                                                    <img decoding=\"async\" class=\"full-cover\" src=\"https:\/\/www.foscarini.com\/wp-content\/uploads\/2024\/03\/3.6_Filo-150x150.jpg\" srcset=\"https:\/\/www.foscarini.com\/wp-content\/uploads\/2024\/03\/3.6_Filo-300x250.jpg 300w, https:\/\/www.foscarini.com\/wp-content\/uploads\/2024\/03\/3.6_Filo-1024x854.jpg 1024w, https:\/\/www.foscarini.com\/wp-content\/uploads\/2024\/03\/3.6_Filo-768x641.jpg 768w, https:\/\/www.foscarini.com\/wp-content\/uploads\/2024\/03\/3.6_Filo-1536x1282.jpg 1536w, https:\/\/www.foscarini.com\/wp-content\/uploads\/2024\/03\/3.6_Filo-800x668.jpg 800w, https:\/\/www.foscarini.com\/wp-content\/uploads\/2024\/03\/3.6_Filo.jpg 1776w\" alt=\"\" \/>\n                                                                        <\/div>\n                                        <div class=\"swiper-slide\">\n                                                    <img decoding=\"async\" class=\"full-cover\" src=\"https:\/\/www.foscarini.com\/wp-content\/uploads\/2024\/03\/3.7_Filo-150x150.jpg\" srcset=\"https:\/\/www.foscarini.com\/wp-content\/uploads\/2024\/03\/3.7_Filo-225x300.jpg 225w, https:\/\/www.foscarini.com\/wp-content\/uploads\/2024\/03\/3.7_Filo-768x1024.jpg 768w, https:\/\/www.foscarini.com\/wp-content\/uploads\/2024\/03\/3.7_Filo-800x1067.jpg 800w, https:\/\/www.foscarini.com\/wp-content\/uploads\/2024\/03\/3.7_Filo.jpg 1110w\" alt=\"\" \/>\n                                                                        <\/div>\n                                        <div class=\"swiper-slide\">\n                                                    <img decoding=\"async\" class=\"full-cover\" src=\"https:\/\/www.foscarini.com\/wp-content\/uploads\/2024\/03\/3.8_Filo-150x150.jpg\" srcset=\"https:\/\/www.foscarini.com\/wp-content\/uploads\/2024\/03\/3.8_Filo-225x300.jpg 225w, https:\/\/www.foscarini.com\/wp-content\/uploads\/2024\/03\/3.8_Filo-768x1024.jpg 768w, https:\/\/www.foscarini.com\/wp-content\/uploads\/2024\/03\/3.8_Filo-800x1067.jpg 800w, https:\/\/www.foscarini.com\/wp-content\/uploads\/2024\/03\/3.8_Filo.jpg 1110w\" alt=\"\" \/>\n                                                                        <\/div>\n                                        <div class=\"swiper-slide\">\n                                                    <img decoding=\"async\" class=\"full-cover\" src=\"https:\/\/www.foscarini.com\/wp-content\/uploads\/2024\/03\/3.9_Filo-150x150.jpg\" srcset=\"https:\/\/www.foscarini.com\/wp-content\/uploads\/2024\/03\/3.9_Filo-199x300.jpg 199w, https:\/\/www.foscarini.com\/wp-content\/uploads\/2024\/03\/3.9_Filo-678x1024.jpg 678w, https:\/\/www.foscarini.com\/wp-content\/uploads\/2024\/03\/3.9_Filo-768x1160.jpg 768w, https:\/\/www.foscarini.com\/wp-content\/uploads\/2024\/03\/3.9_Filo-800x1208.jpg 800w, https:\/\/www.foscarini.com\/wp-content\/uploads\/2024\/03\/3.9_Filo.jpg 980w\" alt=\"\" \/>\n                                                                        <\/div>\n                                        <div class=\"swiper-slide\">\n                                                    <img decoding=\"async\" class=\"full-cover\" src=\"https:\/\/www.foscarini.com\/wp-content\/uploads\/2024\/03\/3.10_Filo-1-150x150.jpg\" srcset=\"https:\/\/www.foscarini.com\/wp-content\/uploads\/2024\/03\/3.10_Filo-1-199x300.jpg 199w, https:\/\/www.foscarini.com\/wp-content\/uploads\/2024\/03\/3.10_Filo-1-678x1024.jpg 678w, https:\/\/www.foscarini.com\/wp-content\/uploads\/2024\/03\/3.10_Filo-1-768x1160.jpg 768w, https:\/\/www.foscarini.com\/wp-content\/uploads\/2024\/03\/3.10_Filo-1-800x1208.jpg 800w, https:\/\/www.foscarini.com\/wp-content\/uploads\/2024\/03\/3.10_Filo-1.jpg 980w\" alt=\"\" \/>\n                                                                        <\/div>\n                            <\/div>\n    <\/div>\n    <div class=\"swiper-scrollbar\"><\/div>\n    <div class=\"ct-arrow\">\n        <div class=\"swiper-button-prev\"><\/div>\n        <div class=\"swiper-button-next\"><\/div>\n    <\/div>\n<\/section>","protected":false},"excerpt":{"rendered":"<p>Lampe de table fournissant une lumi\u00e8re semi-diffus\u00e9e vers le bas. La base et la tige supportant le c\u00e2ble et les d\u00e9corations sont en m\u00e9tal thermolaqu\u00e9. Le c\u00e2ble \u00e9lectrique rond est recouvert de tissu color\u00e9, l&#8217;interrupteur marche\/arr\u00eat du c\u00e2ble est noir comme la prise. Les deux \u00e9l\u00e9ments d\u00e9coratifs sont r\u00e9alis\u00e9s en verre souffl\u00e9 \u00e0 la bouche sans moule et sont enti\u00e8rement faits \u00e0 la main. Les diff\u00e9rentes formes et d\u00e9corations sont donn\u00e9es \u00e0 l&#8217;objet directement lors du traitement. Le c\u00f4ne, qui contient l&#8217;ampoule LED de seconde monte, est en porcelaine et sa forme est moul\u00e9e. Les versions disponibles, d\u00e9j\u00e0 pr\u00e9d\u00e9finies, diff\u00e8rent par la couleur du c\u00e2ble, les formes et la couleur des \u00e9l\u00e9ments en verre et la couleur de la base.<\/p>\n","protected":false},"featured_media":467165,"comment_status":"open","ping_status":"closed","template":"","meta":{"_acf_changed":true},"product_cat":[649,983,5421,716,752],"product_tag":[],"materiale":[8249],"altezza":[9866],"larghezza":[11336],"profondita":[11227],"peso":[9900],"designer-prodotto":[8592],"class_list":{"0":"post-193340","1":"product","2":"type-product","3":"status-publish","4":"has-post-thumbnail","6":"product_cat-concetto-fr","7":"product_cat-filo-concetto-fr","8":"product_cat-filo-famiglia-fr","9":"product_cat-funzione-fr","10":"product_cat-tavolo-fr","11":"materiale-multi-materiale-fr","12":"altezza-23-fr","13":"larghezza-8-fr","14":"profondita-8-fr","15":"peso-42-fr","16":"designer-prodotto-andrea-anastasio-fr","18":"first","19":"instock","20":"shipping-taxable","21":"purchasable","22":"product-type-variable"},"acf":{"preview_slider":{"titolo":"","testo":"","video_domanda":false,"link_video":""},"prodotto__immagine_preview":{"immagine":121214},"prodotto__slider":{"sottotitolo":"Andrea Anastasio (2017)","titolo":"Art et lumi\u00e8re. Un objet cr\u00e9\u00e9 en d\u00e9composant les diff\u00e9rentes parties qui composent une lampe - source lumineuse, d\u00e9coration et c\u00e2ble \u00e9lectrique - pour les recomposer dans une op\u00e9ration artistique, fruit de la r\u00e9flexion de son cr\u00e9ateur Andrea Anastasio.","immagini":[{"immagine":309997,"immagine_mobile":null},{"immagine":310004,"immagine_mobile":null},{"immagine":310011,"immagine_mobile":null},{"immagine":310018,"immagine_mobile":null},{"immagine":310104,"immagine_mobile":null}]},"prodotto__slider_preview":null,"prodotto__specifiche":{"selezione":[{"scheda_tecnica":462142}]}},"yoast_head":"<!-- This site is optimized with the Yoast SEO Premium plugin v22.4 (Yoast SEO v23.7) - https:\/\/yoast.com\/wordpress\/plugins\/seo\/ -->\n<title>Filo - Foscarini<\/title>\n<meta name=\"robots\" content=\"index, follow, max-snippet:-1, max-image-preview:large, max-video-preview:-1\" \/>\n<meta property=\"og:locale\" content=\"fr_FR\" \/>\n<meta property=\"og:type\" content=\"article\" \/>\n<meta property=\"og:title\" content=\"Filo\" \/>\n<meta property=\"og:description\" content=\"Lampe de table fournissant une lumi\u00e8re semi-diffus\u00e9e vers le bas. La base et la tige supportant le c\u00e2ble et les d\u00e9corations sont en m\u00e9tal thermolaqu\u00e9. Le c\u00e2ble \u00e9lectrique rond est recouvert de tissu color\u00e9, l&#039;interrupteur marche\/arr\u00eat du c\u00e2ble est noir comme la prise. Les deux \u00e9l\u00e9ments d\u00e9coratifs sont r\u00e9alis\u00e9s en verre souffl\u00e9 \u00e0 la bouche sans moule et sont enti\u00e8rement faits \u00e0 la main. Les diff\u00e9rentes formes et d\u00e9corations sont donn\u00e9es \u00e0 l&#039;objet directement lors du traitement. Le c\u00f4ne, qui contient l&#039;ampoule LED de seconde monte, est en porcelaine et sa forme est moul\u00e9e. Les versions disponibles, d\u00e9j\u00e0 pr\u00e9d\u00e9finies, diff\u00e8rent par la couleur du c\u00e2ble, les formes et la couleur des \u00e9l\u00e9ments en verre et la couleur de la base.\" \/>\n<meta property=\"og:url\" content=\"https:\/\/www.foscarini.com\/fr\/produit\/filo-std-t-fr\/\" \/>\n<meta property=\"og:site_name\" content=\"Foscarini\" \/>\n<meta property=\"article:modified_time\" content=\"2025-06-11T12:03:43+00:00\" \/>\n<meta property=\"og:image\" content=\"https:\/\/www.foscarini.com\/wp-content\/uploads\/2025\/06\/filo_t_ruby-jaypure_22_786x865-1.jpg\" \/>\n\t<meta property=\"og:image:width\" content=\"786\" \/>\n\t<meta property=\"og:image:height\" content=\"865\" \/>\n\t<meta property=\"og:image:type\" content=\"image\/jpeg\" \/>\n<meta name=\"twitter:card\" content=\"summary_large_image\" \/>\n<meta name=\"twitter:label1\" content=\"Dur\u00e9e de lecture estim\u00e9e\" \/>\n\t<meta name=\"twitter:data1\" content=\"1 minute\" \/>\n<script type=\"application\/ld+json\" class=\"yoast-schema-graph\">{\"@context\":\"https:\/\/schema.org\",\"@graph\":[{\"@type\":\"WebPage\",\"@id\":\"https:\/\/www.foscarini.com\/fr\/produit\/filo-std-t-fr\/\",\"url\":\"https:\/\/www.foscarini.com\/fr\/produit\/filo-std-t-fr\/\",\"name\":\"Filo - Foscarini\",\"isPartOf\":{\"@id\":\"https:\/\/www.foscarini.com\/#website\"},\"primaryImageOfPage\":{\"@id\":\"https:\/\/www.foscarini.com\/fr\/produit\/filo-std-t-fr\/#primaryimage\"},\"image\":{\"@id\":\"https:\/\/www.foscarini.com\/fr\/produit\/filo-std-t-fr\/#primaryimage\"},\"thumbnailUrl\":\"https:\/\/www.foscarini.com\/wp-content\/uploads\/2025\/06\/filo_t_ruby-jaypure_22_786x865-3.jpg\",\"datePublished\":\"2024-03-28T17:57:52+00:00\",\"dateModified\":\"2025-06-11T12:03:43+00:00\",\"breadcrumb\":{\"@id\":\"https:\/\/www.foscarini.com\/fr\/produit\/filo-std-t-fr\/#breadcrumb\"},\"inLanguage\":\"fr-FR\",\"potentialAction\":[{\"@type\":\"ReadAction\",\"target\":[\"https:\/\/www.foscarini.com\/fr\/produit\/filo-std-t-fr\/\"]}]},{\"@type\":\"ImageObject\",\"inLanguage\":\"fr-FR\",\"@id\":\"https:\/\/www.foscarini.com\/fr\/produit\/filo-std-t-fr\/#primaryimage\",\"url\":\"https:\/\/www.foscarini.com\/wp-content\/uploads\/2025\/06\/filo_t_ruby-jaypure_22_786x865-3.jpg\",\"contentUrl\":\"https:\/\/www.foscarini.com\/wp-content\/uploads\/2025\/06\/filo_t_ruby-jaypure_22_786x865-3.jpg\",\"width\":786,\"height\":865},{\"@type\":\"BreadcrumbList\",\"@id\":\"https:\/\/www.foscarini.com\/fr\/produit\/filo-std-t-fr\/#breadcrumb\",\"itemListElement\":[{\"@type\":\"ListItem\",\"position\":1,\"name\":\"Home\",\"item\":\"https:\/\/www.foscarini.com\/fr\/\"},{\"@type\":\"ListItem\",\"position\":2,\"name\":\"Boutique\",\"item\":\"https:\/\/www.foscarini.com\/fr\/boutique\/\"},{\"@type\":\"ListItem\",\"position\":3,\"name\":\"Filo\"}]},{\"@type\":\"WebSite\",\"@id\":\"https:\/\/www.foscarini.com\/#website\",\"url\":\"https:\/\/www.foscarini.com\/\",\"name\":\"Foscarini\",\"description\":\"\",\"potentialAction\":[{\"@type\":\"SearchAction\",\"target\":{\"@type\":\"EntryPoint\",\"urlTemplate\":\"https:\/\/www.foscarini.com\/?s={search_term_string}\"},\"query-input\":{\"@type\":\"PropertyValueSpecification\",\"valueRequired\":true,\"valueName\":\"search_term_string\"}}],\"inLanguage\":\"fr-FR\"}]}<\/script>\n<!-- \/ Yoast SEO Premium plugin. -->","yoast_head_json":{"title":"Filo - Foscarini","robots":{"index":"index","follow":"follow","max-snippet":"max-snippet:-1","max-image-preview":"max-image-preview:large","max-video-preview":"max-video-preview:-1"},"og_locale":"fr_FR","og_type":"article","og_title":"Filo","og_description":"Lampe de table fournissant une lumi\u00e8re semi-diffus\u00e9e vers le bas. La base et la tige supportant le c\u00e2ble et les d\u00e9corations sont en m\u00e9tal thermolaqu\u00e9. Le c\u00e2ble \u00e9lectrique rond est recouvert de tissu color\u00e9, l'interrupteur marche\/arr\u00eat du c\u00e2ble est noir comme la prise. Les deux \u00e9l\u00e9ments d\u00e9coratifs sont r\u00e9alis\u00e9s en verre souffl\u00e9 \u00e0 la bouche sans moule et sont enti\u00e8rement faits \u00e0 la main. Les diff\u00e9rentes formes et d\u00e9corations sont donn\u00e9es \u00e0 l'objet directement lors du traitement. Le c\u00f4ne, qui contient l'ampoule LED de seconde monte, est en porcelaine et sa forme est moul\u00e9e. Les versions disponibles, d\u00e9j\u00e0 pr\u00e9d\u00e9finies, diff\u00e8rent par la couleur du c\u00e2ble, les formes et la couleur des \u00e9l\u00e9ments en verre et la couleur de la base.","og_url":"https:\/\/www.foscarini.com\/fr\/produit\/filo-std-t-fr\/","og_site_name":"Foscarini","article_modified_time":"2025-06-11T12:03:43+00:00","og_image":[{"width":786,"height":865,"url":"https:\/\/www.foscarini.com\/wp-content\/uploads\/2025\/06\/filo_t_ruby-jaypure_22_786x865-1.jpg","type":"image\/jpeg"}],"twitter_card":"summary_large_image","twitter_misc":{"Dur\u00e9e de lecture estim\u00e9e":"1 minute"},"schema":{"@context":"https:\/\/schema.org","@graph":[{"@type":"WebPage","@id":"https:\/\/www.foscarini.com\/fr\/produit\/filo-std-t-fr\/","url":"https:\/\/www.foscarini.com\/fr\/produit\/filo-std-t-fr\/","name":"Filo - Foscarini","isPartOf":{"@id":"https:\/\/www.foscarini.com\/#website"},"primaryImageOfPage":{"@id":"https:\/\/www.foscarini.com\/fr\/produit\/filo-std-t-fr\/#primaryimage"},"image":{"@id":"https:\/\/www.foscarini.com\/fr\/produit\/filo-std-t-fr\/#primaryimage"},"thumbnailUrl":"https:\/\/www.foscarini.com\/wp-content\/uploads\/2025\/06\/filo_t_ruby-jaypure_22_786x865-3.jpg","datePublished":"2024-03-28T17:57:52+00:00","dateModified":"2025-06-11T12:03:43+00:00","breadcrumb":{"@id":"https:\/\/www.foscarini.com\/fr\/produit\/filo-std-t-fr\/#breadcrumb"},"inLanguage":"fr-FR","potentialAction":[{"@type":"ReadAction","target":["https:\/\/www.foscarini.com\/fr\/produit\/filo-std-t-fr\/"]}]},{"@type":"ImageObject","inLanguage":"fr-FR","@id":"https:\/\/www.foscarini.com\/fr\/produit\/filo-std-t-fr\/#primaryimage","url":"https:\/\/www.foscarini.com\/wp-content\/uploads\/2025\/06\/filo_t_ruby-jaypure_22_786x865-3.jpg","contentUrl":"https:\/\/www.foscarini.com\/wp-content\/uploads\/2025\/06\/filo_t_ruby-jaypure_22_786x865-3.jpg","width":786,"height":865},{"@type":"BreadcrumbList","@id":"https:\/\/www.foscarini.com\/fr\/produit\/filo-std-t-fr\/#breadcrumb","itemListElement":[{"@type":"ListItem","position":1,"name":"Home","item":"https:\/\/www.foscarini.com\/fr\/"},{"@type":"ListItem","position":2,"name":"Boutique","item":"https:\/\/www.foscarini.com\/fr\/boutique\/"},{"@type":"ListItem","position":3,"name":"Filo"}]},{"@type":"WebSite","@id":"https:\/\/www.foscarini.com\/#website","url":"https:\/\/www.foscarini.com\/","name":"Foscarini","description":"","potentialAction":[{"@type":"SearchAction","target":{"@type":"EntryPoint","urlTemplate":"https:\/\/www.foscarini.com\/?s={search_term_string}"},"query-input":{"@type":"PropertyValueSpecification","valueRequired":true,"valueName":"search_term_string"}}],"inLanguage":"fr-FR"}]}},"_links":{"self":[{"href":"https:\/\/www.foscarini.com\/fr\/wp-json\/wp\/v2\/product\/193340"}],"collection":[{"href":"https:\/\/www.foscarini.com\/fr\/wp-json\/wp\/v2\/product"}],"about":[{"href":"https:\/\/www.foscarini.com\/fr\/wp-json\/wp\/v2\/types\/product"}],"replies":[{"embeddable":true,"href":"https:\/\/www.foscarini.com\/fr\/wp-json\/wp\/v2\/comments?post=193340"}],"wp:featuredmedia":[{"embeddable":true,"href":"https:\/\/www.foscarini.com\/fr\/wp-json\/wp\/v2\/media\/467165"}],"wp:attachment":[{"href":"https:\/\/www.foscarini.com\/fr\/wp-json\/wp\/v2\/media?parent=193340"}],"wp:term":[{"taxonomy":"product_cat","embeddable":true,"href":"https:\/\/www.foscarini.com\/fr\/wp-json\/wp\/v2\/product_cat?post=193340"},{"taxonomy":"product_tag","embeddable":true,"href":"https:\/\/www.foscarini.com\/fr\/wp-json\/wp\/v2\/product_tag?post=193340"},{"taxonomy":"materiale","embeddable":true,"href":"https:\/\/www.foscarini.com\/fr\/wp-json\/wp\/v2\/materiale?post=193340"},{"taxonomy":"altezza","embeddable":true,"href":"https:\/\/www.foscarini.com\/fr\/wp-json\/wp\/v2\/altezza?post=193340"},{"taxonomy":"larghezza","embeddable":true,"href":"https:\/\/www.foscarini.com\/fr\/wp-json\/wp\/v2\/larghezza?post=193340"},{"taxonomy":"profondita","embeddable":true,"href":"https:\/\/www.foscarini.com\/fr\/wp-json\/wp\/v2\/profondita?post=193340"},{"taxonomy":"peso","embeddable":true,"href":"https:\/\/www.foscarini.com\/fr\/wp-json\/wp\/v2\/peso?post=193340"},{"taxonomy":"designer-prodotto","embeddable":true,"href":"https:\/\/www.foscarini.com\/fr\/wp-json\/wp\/v2\/designer-prodotto?post=193340"}],"curies":[{"name":"wp","href":"https:\/\/api.w.org\/{rel}","templated":true}]}}