{"id":192860,"date":"2024-03-28T18:22:43","date_gmt":"2024-03-28T18:22:43","guid":{"rendered":"https:\/\/www.foscarini.com\/product\/twiggy-grid-lettura-twiggy-grid-outdoor-or\/"},"modified":"2025-06-11T16:04:28","modified_gmt":"2025-06-11T16:04:28","slug":"twiggy-grid-lettura-twiggy-grid-outdoor-or-fr","status":"publish","type":"product","link":"https:\/\/www.foscarini.com\/fr\/produit\/twiggy-grid-lettura-twiggy-grid-outdoor-or-fr\/","title":{"rendered":"Twiggy Grid Outdoor Lettura"},"content":{"rendered":"<p>Un concetto formale di leggerezza, declinato in una lampada da terra dallo stelo sottile e dal caratteristico diffusore intrecciato. Twiggy Grid Lettura \u00e8 perfetta per uso outdoor e indoor.<\/p><section class=\"pdp__slider full-height-vh\">\n    <div class=\"swiper-container swiper__pdp\">\n        <div class=\"swiper-wrapper full-height\">\n                                <div class=\"swiper-slide\">\n                                                    <img decoding=\"async\" class=\"full-cover\" src=\"https:\/\/www.foscarini.com\/wp-content\/uploads\/2024\/03\/3.2_Twiggy-Grid-lettura-150x150.jpg\" srcset=\"https:\/\/www.foscarini.com\/wp-content\/uploads\/2024\/03\/3.2_Twiggy-Grid-lettura-300x200.jpg 300w, https:\/\/www.foscarini.com\/wp-content\/uploads\/2024\/03\/3.2_Twiggy-Grid-lettura-1024x683.jpg 1024w, https:\/\/www.foscarini.com\/wp-content\/uploads\/2024\/03\/3.2_Twiggy-Grid-lettura-768x512.jpg 768w, https:\/\/www.foscarini.com\/wp-content\/uploads\/2024\/03\/3.2_Twiggy-Grid-lettura-1536x1024.jpg 1536w, https:\/\/www.foscarini.com\/wp-content\/uploads\/2024\/03\/3.2_Twiggy-Grid-lettura-2048x1365.jpg 2048w, https:\/\/www.foscarini.com\/wp-content\/uploads\/2024\/03\/3.2_Twiggy-Grid-lettura-800x533.jpg 800w\" alt=\"\" \/>\n                                                                        <\/div>\n                                        <div class=\"swiper-slide\">\n                                                    <img decoding=\"async\" class=\"full-cover\" src=\"https:\/\/www.foscarini.com\/wp-content\/uploads\/2024\/03\/3.3_Twiggy-Grid-lettura-150x150.jpg\" srcset=\"https:\/\/www.foscarini.com\/wp-content\/uploads\/2024\/03\/3.3_Twiggy-Grid-lettura-300x200.jpg 300w, https:\/\/www.foscarini.com\/wp-content\/uploads\/2024\/03\/3.3_Twiggy-Grid-lettura-1024x683.jpg 1024w, https:\/\/www.foscarini.com\/wp-content\/uploads\/2024\/03\/3.3_Twiggy-Grid-lettura-768x512.jpg 768w, https:\/\/www.foscarini.com\/wp-content\/uploads\/2024\/03\/3.3_Twiggy-Grid-lettura-1536x1024.jpg 1536w, https:\/\/www.foscarini.com\/wp-content\/uploads\/2024\/03\/3.3_Twiggy-Grid-lettura-2048x1365.jpg 2048w, https:\/\/www.foscarini.com\/wp-content\/uploads\/2024\/03\/3.3_Twiggy-Grid-lettura-800x533.jpg 800w\" alt=\"\" \/>\n                                                                        <\/div>\n                                        <div class=\"swiper-slide\">\n                                                    <img decoding=\"async\" class=\"full-cover\" src=\"https:\/\/www.foscarini.com\/wp-content\/uploads\/2024\/03\/3.4_Twiggy-Grid-lettura-150x150.jpg\" srcset=\"https:\/\/www.foscarini.com\/wp-content\/uploads\/2024\/03\/3.4_Twiggy-Grid-lettura-199x300.jpg 199w, https:\/\/www.foscarini.com\/wp-content\/uploads\/2024\/03\/3.4_Twiggy-Grid-lettura-678x1024.jpg 678w, https:\/\/www.foscarini.com\/wp-content\/uploads\/2024\/03\/3.4_Twiggy-Grid-lettura-768x1160.jpg 768w, https:\/\/www.foscarini.com\/wp-content\/uploads\/2024\/03\/3.4_Twiggy-Grid-lettura-800x1208.jpg 800w, https:\/\/www.foscarini.com\/wp-content\/uploads\/2024\/03\/3.4_Twiggy-Grid-lettura.jpg 980w\" alt=\"\" \/>\n                                                                        <\/div>\n                                        <div class=\"swiper-slide\">\n                                                    <img decoding=\"async\" class=\"full-cover\" src=\"https:\/\/www.foscarini.com\/wp-content\/uploads\/2024\/03\/3.5_Twiggy-Grid-lettura-150x150.jpg\" srcset=\"https:\/\/www.foscarini.com\/wp-content\/uploads\/2024\/03\/3.5_Twiggy-Grid-lettura-199x300.jpg 199w, https:\/\/www.foscarini.com\/wp-content\/uploads\/2024\/03\/3.5_Twiggy-Grid-lettura-678x1024.jpg 678w, https:\/\/www.foscarini.com\/wp-content\/uploads\/2024\/03\/3.5_Twiggy-Grid-lettura-768x1160.jpg 768w, https:\/\/www.foscarini.com\/wp-content\/uploads\/2024\/03\/3.5_Twiggy-Grid-lettura-800x1208.jpg 800w, https:\/\/www.foscarini.com\/wp-content\/uploads\/2024\/03\/3.5_Twiggy-Grid-lettura.jpg 980w\" alt=\"\" \/>\n                                                                        <\/div>\n                                        <div class=\"swiper-slide\">\n                                                    <img decoding=\"async\" class=\"full-cover\" src=\"https:\/\/www.foscarini.com\/wp-content\/uploads\/2024\/03\/3.6_Twiggy-Grid-lettura-150x150.jpg\" srcset=\"https:\/\/www.foscarini.com\/wp-content\/uploads\/2024\/03\/3.6_Twiggy-Grid-lettura-199x300.jpg 199w, https:\/\/www.foscarini.com\/wp-content\/uploads\/2024\/03\/3.6_Twiggy-Grid-lettura-678x1024.jpg 678w, https:\/\/www.foscarini.com\/wp-content\/uploads\/2024\/03\/3.6_Twiggy-Grid-lettura-768x1160.jpg 768w, https:\/\/www.foscarini.com\/wp-content\/uploads\/2024\/03\/3.6_Twiggy-Grid-lettura-800x1208.jpg 800w, https:\/\/www.foscarini.com\/wp-content\/uploads\/2024\/03\/3.6_Twiggy-Grid-lettura.jpg 980w\" alt=\"\" \/>\n                                                                        <\/div>\n                                        <div class=\"swiper-slide\">\n                                                    <img decoding=\"async\" class=\"full-cover\" src=\"https:\/\/www.foscarini.com\/wp-content\/uploads\/2024\/03\/3.10_Twiggy-Grid-lettura-150x150.jpg\" srcset=\"https:\/\/www.foscarini.com\/wp-content\/uploads\/2024\/03\/3.10_Twiggy-Grid-lettura-199x300.jpg 199w, https:\/\/www.foscarini.com\/wp-content\/uploads\/2024\/03\/3.10_Twiggy-Grid-lettura-678x1024.jpg 678w, https:\/\/www.foscarini.com\/wp-content\/uploads\/2024\/03\/3.10_Twiggy-Grid-lettura-768x1160.jpg 768w, https:\/\/www.foscarini.com\/wp-content\/uploads\/2024\/03\/3.10_Twiggy-Grid-lettura-800x1208.jpg 800w, https:\/\/www.foscarini.com\/wp-content\/uploads\/2024\/03\/3.10_Twiggy-Grid-lettura.jpg 980w\" alt=\"\" \/>\n                                                                        <\/div>\n                            <\/div>\n    <\/div>\n    <div class=\"swiper-scrollbar\"><\/div>\n    <div class=\"ct-arrow\">\n        <div class=\"swiper-button-prev\"><\/div>\n        <div class=\"swiper-button-next\"><\/div>\n    <\/div>\n<\/section>","protected":false},"excerpt":{"rendered":"<p>Lampadaire d&#8217;ext\u00e9rieur fournissant une lumi\u00e8re directe vers le bas. Diffuseur et potence en mat\u00e9riau composite \u00e0 base de fibre de verre peint en liquide. Le diffuseur est fabriqu\u00e9 \u00e0 partir de sangles en mat\u00e9riau composite fa\u00e7onn\u00e9es \u00e0 la main sur le moule, les rubans qui se chevauchent cr\u00e9ent la surface tiss\u00e9e qui est ensuite peinte \u00e0 la main. Les bords inf\u00e9rieur et sup\u00e9rieur comportent un tour suppl\u00e9mentaire de sangle pour compl\u00e9ter le diffuseur. Au centre, une feuille de PMMA transparente, grav\u00e9e au laser, capte et diffuse la lumi\u00e8re provenant des LED multi-puces install\u00e9es sur le p\u00e9rim\u00e8tre de la structure en aluminium qui fait office de dissipateur thermique. La lumi\u00e8re est tamis\u00e9e par un disque suppl\u00e9mentaire en PMMA opale. Base circulaire en m\u00e9tal rev\u00eatu de poudre de polyester qui offre une excellente r\u00e9sistance aux rayons UV, aux intemp\u00e9ries et aux produits chimiques. C\u00e2ble \u00e9lectrique noir gain\u00e9 de n\u00e9opr\u00e8ne pour usage ext\u00e9rieur sans panneau de contr\u00f4le, transformateur sur le c\u00e2ble, \u00e9quip\u00e9 d&#8217;une fiche Schuko et d&#8217;un bornier.<\/p>\n","protected":false},"featured_media":470763,"comment_status":"open","ping_status":"closed","template":"","meta":{"_acf_changed":true},"product_cat":[649,716,725,681],"product_tag":[],"materiale":[7954],"altezza":[11811],"larghezza":[8622],"profondita":[8681],"peso":[9397],"designer-prodotto":[7393],"class_list":{"0":"post-192860","1":"product","2":"type-product","3":"status-publish","4":"has-post-thumbnail","6":"product_cat-concetto-fr","7":"product_cat-funzione-fr","8":"product_cat-outdoor-fr","9":"product_cat-twiggy-concetto-fr","10":"materiale-fibra-di-carbonio-e-compositi-fr","11":"altezza-63-58-fr","12":"larghezza-18-18-fr","13":"profondita-18-18-fr","14":"peso-252-fr","15":"designer-prodotto-marc-sadler-fr","17":"first","18":"instock","19":"shipping-taxable","20":"purchasable","21":"product-type-variable"},"acf":{"preview_slider":{"titolo":"","testo":"","video_domanda":false,"link_video":""},"prodotto__immagine_preview":{"immagine":124455},"prodotto__slider":{"sottotitolo":"Marc Sadler (2018)","titolo":"Un concept formel de l\u00e9g\u00e8ret\u00e9, d\u00e9clin\u00e9 dans un lampadaire \u00e0 la tige fine et au diffuseur tiss\u00e9 caract\u00e9ristique. Twiggy Grid Reading est parfait pour une utilisation en ext\u00e9rieur et en int\u00e9rieur.","immagini":[{"immagine":307263,"immagine_mobile":null},{"immagine":307270,"immagine_mobile":null}]},"prodotto__slider_preview":null,"prodotto__specifiche":{"selezione":[{"scheda_tecnica":464497}]}},"yoast_head":"<!-- This site is optimized with the Yoast SEO Premium plugin v22.4 (Yoast SEO v23.7) - https:\/\/yoast.com\/wordpress\/plugins\/seo\/ -->\n<title>Twiggy Grid Outdoor Lettura - Foscarini<\/title>\n<meta name=\"robots\" content=\"index, follow, max-snippet:-1, max-image-preview:large, max-video-preview:-1\" \/>\n<meta property=\"og:locale\" content=\"fr_FR\" \/>\n<meta property=\"og:type\" content=\"article\" \/>\n<meta property=\"og:title\" content=\"Twiggy Grid Outdoor Lettura\" \/>\n<meta property=\"og:description\" content=\"Lampadaire d&#039;ext\u00e9rieur fournissant une lumi\u00e8re directe vers le bas. Diffuseur et potence en mat\u00e9riau composite \u00e0 base de fibre de verre peint en liquide. Le diffuseur est fabriqu\u00e9 \u00e0 partir de sangles en mat\u00e9riau composite fa\u00e7onn\u00e9es \u00e0 la main sur le moule, les rubans qui se chevauchent cr\u00e9ent la surface tiss\u00e9e qui est ensuite peinte \u00e0 la main. Les bords inf\u00e9rieur et sup\u00e9rieur comportent un tour suppl\u00e9mentaire de sangle pour compl\u00e9ter le diffuseur. Au centre, une feuille de PMMA transparente, grav\u00e9e au laser, capte et diffuse la lumi\u00e8re provenant des LED multi-puces install\u00e9es sur le p\u00e9rim\u00e8tre de la structure en aluminium qui fait office de dissipateur thermique. La lumi\u00e8re est tamis\u00e9e par un disque suppl\u00e9mentaire en PMMA opale. Base circulaire en m\u00e9tal rev\u00eatu de poudre de polyester qui offre une excellente r\u00e9sistance aux rayons UV, aux intemp\u00e9ries et aux produits chimiques. C\u00e2ble \u00e9lectrique noir gain\u00e9 de n\u00e9opr\u00e8ne pour usage ext\u00e9rieur sans panneau de contr\u00f4le, transformateur sur le c\u00e2ble, \u00e9quip\u00e9 d&#039;une fiche Schuko et d&#039;un bornier.\" \/>\n<meta property=\"og:url\" content=\"https:\/\/www.foscarini.com\/fr\/produit\/twiggy-grid-lettura-twiggy-grid-outdoor-or-fr\/\" \/>\n<meta property=\"og:site_name\" content=\"Foscarini\" \/>\n<meta property=\"article:modified_time\" content=\"2025-06-11T16:04:28+00:00\" \/>\n<meta property=\"og:image\" content=\"https:\/\/www.foscarini.com\/wp-content\/uploads\/2025\/06\/twiggy-grid-lettura_of_greige_22_786x865-1.jpg\" \/>\n\t<meta property=\"og:image:width\" content=\"786\" \/>\n\t<meta property=\"og:image:height\" content=\"865\" \/>\n\t<meta property=\"og:image:type\" content=\"image\/jpeg\" \/>\n<meta name=\"twitter:card\" content=\"summary_large_image\" \/>\n<meta name=\"twitter:label1\" content=\"Dur\u00e9e de lecture estim\u00e9e\" \/>\n\t<meta name=\"twitter:data1\" content=\"1 minute\" \/>\n<script type=\"application\/ld+json\" class=\"yoast-schema-graph\">{\"@context\":\"https:\/\/schema.org\",\"@graph\":[{\"@type\":\"WebPage\",\"@id\":\"https:\/\/www.foscarini.com\/fr\/produit\/twiggy-grid-lettura-twiggy-grid-outdoor-or-fr\/\",\"url\":\"https:\/\/www.foscarini.com\/fr\/produit\/twiggy-grid-lettura-twiggy-grid-outdoor-or-fr\/\",\"name\":\"Twiggy Grid Outdoor Lettura - Foscarini\",\"isPartOf\":{\"@id\":\"https:\/\/www.foscarini.com\/#website\"},\"primaryImageOfPage\":{\"@id\":\"https:\/\/www.foscarini.com\/fr\/produit\/twiggy-grid-lettura-twiggy-grid-outdoor-or-fr\/#primaryimage\"},\"image\":{\"@id\":\"https:\/\/www.foscarini.com\/fr\/produit\/twiggy-grid-lettura-twiggy-grid-outdoor-or-fr\/#primaryimage\"},\"thumbnailUrl\":\"https:\/\/www.foscarini.com\/wp-content\/uploads\/2025\/06\/twiggy-grid-lettura_of_greige_22_786x865-3.jpg\",\"datePublished\":\"2024-03-28T18:22:43+00:00\",\"dateModified\":\"2025-06-11T16:04:28+00:00\",\"breadcrumb\":{\"@id\":\"https:\/\/www.foscarini.com\/fr\/produit\/twiggy-grid-lettura-twiggy-grid-outdoor-or-fr\/#breadcrumb\"},\"inLanguage\":\"fr-FR\",\"potentialAction\":[{\"@type\":\"ReadAction\",\"target\":[\"https:\/\/www.foscarini.com\/fr\/produit\/twiggy-grid-lettura-twiggy-grid-outdoor-or-fr\/\"]}]},{\"@type\":\"ImageObject\",\"inLanguage\":\"fr-FR\",\"@id\":\"https:\/\/www.foscarini.com\/fr\/produit\/twiggy-grid-lettura-twiggy-grid-outdoor-or-fr\/#primaryimage\",\"url\":\"https:\/\/www.foscarini.com\/wp-content\/uploads\/2025\/06\/twiggy-grid-lettura_of_greige_22_786x865-3.jpg\",\"contentUrl\":\"https:\/\/www.foscarini.com\/wp-content\/uploads\/2025\/06\/twiggy-grid-lettura_of_greige_22_786x865-3.jpg\",\"width\":786,\"height\":865},{\"@type\":\"BreadcrumbList\",\"@id\":\"https:\/\/www.foscarini.com\/fr\/produit\/twiggy-grid-lettura-twiggy-grid-outdoor-or-fr\/#breadcrumb\",\"itemListElement\":[{\"@type\":\"ListItem\",\"position\":1,\"name\":\"Home\",\"item\":\"https:\/\/www.foscarini.com\/fr\/\"},{\"@type\":\"ListItem\",\"position\":2,\"name\":\"Boutique\",\"item\":\"https:\/\/www.foscarini.com\/fr\/boutique\/\"},{\"@type\":\"ListItem\",\"position\":3,\"name\":\"Twiggy Grid Outdoor Lettura\"}]},{\"@type\":\"WebSite\",\"@id\":\"https:\/\/www.foscarini.com\/#website\",\"url\":\"https:\/\/www.foscarini.com\/\",\"name\":\"Foscarini\",\"description\":\"\",\"potentialAction\":[{\"@type\":\"SearchAction\",\"target\":{\"@type\":\"EntryPoint\",\"urlTemplate\":\"https:\/\/www.foscarini.com\/?s={search_term_string}\"},\"query-input\":{\"@type\":\"PropertyValueSpecification\",\"valueRequired\":true,\"valueName\":\"search_term_string\"}}],\"inLanguage\":\"fr-FR\"}]}<\/script>\n<!-- \/ Yoast SEO Premium plugin. -->","yoast_head_json":{"title":"Twiggy Grid Outdoor Lettura - Foscarini","robots":{"index":"index","follow":"follow","max-snippet":"max-snippet:-1","max-image-preview":"max-image-preview:large","max-video-preview":"max-video-preview:-1"},"og_locale":"fr_FR","og_type":"article","og_title":"Twiggy Grid Outdoor Lettura","og_description":"Lampadaire d'ext\u00e9rieur fournissant une lumi\u00e8re directe vers le bas. Diffuseur et potence en mat\u00e9riau composite \u00e0 base de fibre de verre peint en liquide. Le diffuseur est fabriqu\u00e9 \u00e0 partir de sangles en mat\u00e9riau composite fa\u00e7onn\u00e9es \u00e0 la main sur le moule, les rubans qui se chevauchent cr\u00e9ent la surface tiss\u00e9e qui est ensuite peinte \u00e0 la main. Les bords inf\u00e9rieur et sup\u00e9rieur comportent un tour suppl\u00e9mentaire de sangle pour compl\u00e9ter le diffuseur. Au centre, une feuille de PMMA transparente, grav\u00e9e au laser, capte et diffuse la lumi\u00e8re provenant des LED multi-puces install\u00e9es sur le p\u00e9rim\u00e8tre de la structure en aluminium qui fait office de dissipateur thermique. La lumi\u00e8re est tamis\u00e9e par un disque suppl\u00e9mentaire en PMMA opale. Base circulaire en m\u00e9tal rev\u00eatu de poudre de polyester qui offre une excellente r\u00e9sistance aux rayons UV, aux intemp\u00e9ries et aux produits chimiques. C\u00e2ble \u00e9lectrique noir gain\u00e9 de n\u00e9opr\u00e8ne pour usage ext\u00e9rieur sans panneau de contr\u00f4le, transformateur sur le c\u00e2ble, \u00e9quip\u00e9 d'une fiche Schuko et d'un bornier.","og_url":"https:\/\/www.foscarini.com\/fr\/produit\/twiggy-grid-lettura-twiggy-grid-outdoor-or-fr\/","og_site_name":"Foscarini","article_modified_time":"2025-06-11T16:04:28+00:00","og_image":[{"width":786,"height":865,"url":"https:\/\/www.foscarini.com\/wp-content\/uploads\/2025\/06\/twiggy-grid-lettura_of_greige_22_786x865-1.jpg","type":"image\/jpeg"}],"twitter_card":"summary_large_image","twitter_misc":{"Dur\u00e9e de lecture estim\u00e9e":"1 minute"},"schema":{"@context":"https:\/\/schema.org","@graph":[{"@type":"WebPage","@id":"https:\/\/www.foscarini.com\/fr\/produit\/twiggy-grid-lettura-twiggy-grid-outdoor-or-fr\/","url":"https:\/\/www.foscarini.com\/fr\/produit\/twiggy-grid-lettura-twiggy-grid-outdoor-or-fr\/","name":"Twiggy Grid Outdoor Lettura - Foscarini","isPartOf":{"@id":"https:\/\/www.foscarini.com\/#website"},"primaryImageOfPage":{"@id":"https:\/\/www.foscarini.com\/fr\/produit\/twiggy-grid-lettura-twiggy-grid-outdoor-or-fr\/#primaryimage"},"image":{"@id":"https:\/\/www.foscarini.com\/fr\/produit\/twiggy-grid-lettura-twiggy-grid-outdoor-or-fr\/#primaryimage"},"thumbnailUrl":"https:\/\/www.foscarini.com\/wp-content\/uploads\/2025\/06\/twiggy-grid-lettura_of_greige_22_786x865-3.jpg","datePublished":"2024-03-28T18:22:43+00:00","dateModified":"2025-06-11T16:04:28+00:00","breadcrumb":{"@id":"https:\/\/www.foscarini.com\/fr\/produit\/twiggy-grid-lettura-twiggy-grid-outdoor-or-fr\/#breadcrumb"},"inLanguage":"fr-FR","potentialAction":[{"@type":"ReadAction","target":["https:\/\/www.foscarini.com\/fr\/produit\/twiggy-grid-lettura-twiggy-grid-outdoor-or-fr\/"]}]},{"@type":"ImageObject","inLanguage":"fr-FR","@id":"https:\/\/www.foscarini.com\/fr\/produit\/twiggy-grid-lettura-twiggy-grid-outdoor-or-fr\/#primaryimage","url":"https:\/\/www.foscarini.com\/wp-content\/uploads\/2025\/06\/twiggy-grid-lettura_of_greige_22_786x865-3.jpg","contentUrl":"https:\/\/www.foscarini.com\/wp-content\/uploads\/2025\/06\/twiggy-grid-lettura_of_greige_22_786x865-3.jpg","width":786,"height":865},{"@type":"BreadcrumbList","@id":"https:\/\/www.foscarini.com\/fr\/produit\/twiggy-grid-lettura-twiggy-grid-outdoor-or-fr\/#breadcrumb","itemListElement":[{"@type":"ListItem","position":1,"name":"Home","item":"https:\/\/www.foscarini.com\/fr\/"},{"@type":"ListItem","position":2,"name":"Boutique","item":"https:\/\/www.foscarini.com\/fr\/boutique\/"},{"@type":"ListItem","position":3,"name":"Twiggy Grid Outdoor Lettura"}]},{"@type":"WebSite","@id":"https:\/\/www.foscarini.com\/#website","url":"https:\/\/www.foscarini.com\/","name":"Foscarini","description":"","potentialAction":[{"@type":"SearchAction","target":{"@type":"EntryPoint","urlTemplate":"https:\/\/www.foscarini.com\/?s={search_term_string}"},"query-input":{"@type":"PropertyValueSpecification","valueRequired":true,"valueName":"search_term_string"}}],"inLanguage":"fr-FR"}]}},"_links":{"self":[{"href":"https:\/\/www.foscarini.com\/fr\/wp-json\/wp\/v2\/product\/192860"}],"collection":[{"href":"https:\/\/www.foscarini.com\/fr\/wp-json\/wp\/v2\/product"}],"about":[{"href":"https:\/\/www.foscarini.com\/fr\/wp-json\/wp\/v2\/types\/product"}],"replies":[{"embeddable":true,"href":"https:\/\/www.foscarini.com\/fr\/wp-json\/wp\/v2\/comments?post=192860"}],"wp:featuredmedia":[{"embeddable":true,"href":"https:\/\/www.foscarini.com\/fr\/wp-json\/wp\/v2\/media\/470763"}],"wp:attachment":[{"href":"https:\/\/www.foscarini.com\/fr\/wp-json\/wp\/v2\/media?parent=192860"}],"wp:term":[{"taxonomy":"product_cat","embeddable":true,"href":"https:\/\/www.foscarini.com\/fr\/wp-json\/wp\/v2\/product_cat?post=192860"},{"taxonomy":"product_tag","embeddable":true,"href":"https:\/\/www.foscarini.com\/fr\/wp-json\/wp\/v2\/product_tag?post=192860"},{"taxonomy":"materiale","embeddable":true,"href":"https:\/\/www.foscarini.com\/fr\/wp-json\/wp\/v2\/materiale?post=192860"},{"taxonomy":"altezza","embeddable":true,"href":"https:\/\/www.foscarini.com\/fr\/wp-json\/wp\/v2\/altezza?post=192860"},{"taxonomy":"larghezza","embeddable":true,"href":"https:\/\/www.foscarini.com\/fr\/wp-json\/wp\/v2\/larghezza?post=192860"},{"taxonomy":"profondita","embeddable":true,"href":"https:\/\/www.foscarini.com\/fr\/wp-json\/wp\/v2\/profondita?post=192860"},{"taxonomy":"peso","embeddable":true,"href":"https:\/\/www.foscarini.com\/fr\/wp-json\/wp\/v2\/peso?post=192860"},{"taxonomy":"designer-prodotto","embeddable":true,"href":"https:\/\/www.foscarini.com\/fr\/wp-json\/wp\/v2\/designer-prodotto?post=192860"}],"curies":[{"name":"wp","href":"https:\/\/api.w.org\/{rel}","templated":true}]}}