{"id":192818,"date":"2024-03-28T18:22:59","date_gmt":"2024-03-28T18:22:59","guid":{"rendered":"https:\/\/www.foscarini.com\/product\/twiggy-grid-outdoor-std-os\/"},"modified":"2025-06-11T16:05:34","modified_gmt":"2025-06-11T16:05:34","slug":"twiggy-grid-outdoor-std-os-fr","status":"publish","type":"product","link":"https:\/\/www.foscarini.com\/fr\/produit\/twiggy-grid-outdoor-std-os-fr\/","title":{"rendered":"Twiggy Grid Outdoor Sospensione"},"content":{"rendered":"<p>Ottima per i \u201cterritori di passaggio\u201d tra dentro e fuori casa, come un porticato. La superficie a intreccio della lampada a sospensione da esterno Twiggy Grid permette di schermare l\u2019intensit\u00e0 della fonte luminosa, creando al contempo un dialogo con gli arredi da esterno.<\/p><section class=\"pdp__slider full-height-vh\">\n    <div class=\"swiper-container swiper__pdp\">\n        <div class=\"swiper-wrapper full-height\">\n                                <div class=\"swiper-slide\">\n                                                    <img decoding=\"async\" class=\"full-cover\" src=\"https:\/\/www.foscarini.com\/wp-content\/uploads\/2024\/03\/3.2_TwiggyGrid-150x150.jpg\" srcset=\"https:\/\/www.foscarini.com\/wp-content\/uploads\/2024\/03\/3.2_TwiggyGrid-194x300.jpg 194w, https:\/\/www.foscarini.com\/wp-content\/uploads\/2024\/03\/3.2_TwiggyGrid-663x1024.jpg 663w, https:\/\/www.foscarini.com\/wp-content\/uploads\/2024\/03\/3.2_TwiggyGrid-768x1186.jpg 768w, https:\/\/www.foscarini.com\/wp-content\/uploads\/2024\/03\/3.2_TwiggyGrid-800x1235.jpg 800w, https:\/\/www.foscarini.com\/wp-content\/uploads\/2024\/03\/3.2_TwiggyGrid.jpg 960w\" alt=\"\" \/>\n                                                                        <\/div>\n                                        <div class=\"swiper-slide\">\n                                                    <img decoding=\"async\" class=\"full-cover\" src=\"https:\/\/www.foscarini.com\/wp-content\/uploads\/2024\/03\/3.3_TwiggyGrid-150x150.jpg\" srcset=\"https:\/\/www.foscarini.com\/wp-content\/uploads\/2024\/03\/3.3_TwiggyGrid-300x250.jpg 300w, https:\/\/www.foscarini.com\/wp-content\/uploads\/2024\/03\/3.3_TwiggyGrid-1024x854.jpg 1024w, https:\/\/www.foscarini.com\/wp-content\/uploads\/2024\/03\/3.3_TwiggyGrid-768x641.jpg 768w, https:\/\/www.foscarini.com\/wp-content\/uploads\/2024\/03\/3.3_TwiggyGrid-1536x1282.jpg 1536w, https:\/\/www.foscarini.com\/wp-content\/uploads\/2024\/03\/3.3_TwiggyGrid-800x668.jpg 800w, https:\/\/www.foscarini.com\/wp-content\/uploads\/2024\/03\/3.3_TwiggyGrid.jpg 1776w\" alt=\"\" \/>\n                                                                        <\/div>\n                                        <div class=\"swiper-slide\">\n                                                    <img decoding=\"async\" class=\"full-cover\" src=\"https:\/\/www.foscarini.com\/wp-content\/uploads\/2024\/03\/3.4_TwiggyGrid-150x150.jpg\" srcset=\"https:\/\/www.foscarini.com\/wp-content\/uploads\/2024\/03\/3.4_TwiggyGrid-300x250.jpg 300w, https:\/\/www.foscarini.com\/wp-content\/uploads\/2024\/03\/3.4_TwiggyGrid-1024x854.jpg 1024w, https:\/\/www.foscarini.com\/wp-content\/uploads\/2024\/03\/3.4_TwiggyGrid-768x641.jpg 768w, https:\/\/www.foscarini.com\/wp-content\/uploads\/2024\/03\/3.4_TwiggyGrid-1536x1282.jpg 1536w, https:\/\/www.foscarini.com\/wp-content\/uploads\/2024\/03\/3.4_TwiggyGrid-800x668.jpg 800w, https:\/\/www.foscarini.com\/wp-content\/uploads\/2024\/03\/3.4_TwiggyGrid.jpg 1776w\" alt=\"\" \/>\n                                                                        <\/div>\n                            <\/div>\n    <\/div>\n    <div class=\"swiper-scrollbar\"><\/div>\n    <div class=\"ct-arrow\">\n        <div class=\"swiper-button-prev\"><\/div>\n        <div class=\"swiper-button-next\"><\/div>\n    <\/div>\n<\/section><div class=\"wp-block-columns two_image_join two_image_join_affiancate on_off_block is-layout-flex wp-container-core-columns-is-layout-1 wp-block-columns-is-layout-flex\"><div class=\"wp-block-column is-layout-flow wp-block-column-is-layout-flow\"><div class=\"wp-block-getwid-image-hotspot\" data-appearance-animation=\"none\" data-image-points=\"[{&quot;link&quot;:&quot;&quot;,&quot;icon&quot;:&quot;&quot;,&quot;title&quot;:&quot;acceso&quot;,&quot;color&quot;:&quot;&quot;,&quot;content&quot;:&quot;&quot;,&quot;backgroundColor&quot;:&quot;&quot;,&quot;newTab&quot;:false,&quot;popUpOpen&quot;:false,&quot;popUpWidth&quot;:350,&quot;placement&quot;:&quot;top&quot;,&quot;position&quot;:{&quot;x&quot;:&quot;40.89%&quot;,&quot;y&quot;:&quot;25.99%&quot;}}]\" data-trigger=\"click\" data-theme=\"light\" data-tooltip-animation=\"shift-toward\" data-arrow=\"true\"><div class=\"wp-block-getwid-image-hotspot__wrapper\"><img loading=\"lazy\" decoding=\"async\" width=\"2560\" height=\"1591\" src=\"http:\/\/www.foscarini.com\/wp-content\/uploads\/2024\/03\/4.1-OFF_Twiggy-Grid-1-scaled.jpg\" alt=\"\" class=\"wp-block-getwid-image-hotspot__image wp-image-131572\" srcset=\"https:\/\/www.foscarini.com\/wp-content\/uploads\/2024\/03\/4.1-OFF_Twiggy-Grid-1-scaled.jpg 2560w, https:\/\/www.foscarini.com\/wp-content\/uploads\/2024\/03\/4.1-OFF_Twiggy-Grid-1-300x186.jpg 300w, https:\/\/www.foscarini.com\/wp-content\/uploads\/2024\/03\/4.1-OFF_Twiggy-Grid-1-1024x636.jpg 1024w, https:\/\/www.foscarini.com\/wp-content\/uploads\/2024\/03\/4.1-OFF_Twiggy-Grid-1-768x477.jpg 768w, https:\/\/www.foscarini.com\/wp-content\/uploads\/2024\/03\/4.1-OFF_Twiggy-Grid-1-1536x955.jpg 1536w, https:\/\/www.foscarini.com\/wp-content\/uploads\/2024\/03\/4.1-OFF_Twiggy-Grid-1-2048x1273.jpg 2048w, https:\/\/www.foscarini.com\/wp-content\/uploads\/2024\/03\/4.1-OFF_Twiggy-Grid-1-800x497.jpg 800w\" sizes=\"(max-width: 2560px) 100vw, 2560px\" \/><div data-point-id=\"0\" class=\"wp-block-getwid-image-hotspot__dot has-animation-pulse\" style=\"left:40.89%;top:25.99%\"><div class=\"wp-block-getwid-image-hotspot__dot-wrapper\"><div class=\"wp-block-getwid-image-hotspot__dot-content\"><i class=\"fas fa-plus wp-block-getwid-image-hotspot__dot-icon\"><\/i><\/div><\/div><div class=\"wp-block-getwid-image-hotspot__dot-description\"><div class=\"wp-block-getwid-image-hotspot__dot-title\">acceso<\/div><\/div><\/div><\/div><\/div>\n\n<figure class=\"wp-block-image size-large absolute_image\"><img loading=\"lazy\" decoding=\"async\" width=\"1024\" height=\"636\" src=\"http:\/\/www.foscarini.com\/wp-content\/uploads\/2024\/03\/4.2-ON_Twiggy-Grid-1-1024x636.jpg\" alt=\"\" class=\"wp-image-131579\" srcset=\"https:\/\/www.foscarini.com\/wp-content\/uploads\/2024\/03\/4.2-ON_Twiggy-Grid-1-1024x636.jpg 1024w, https:\/\/www.foscarini.com\/wp-content\/uploads\/2024\/03\/4.2-ON_Twiggy-Grid-1-300x186.jpg 300w, https:\/\/www.foscarini.com\/wp-content\/uploads\/2024\/03\/4.2-ON_Twiggy-Grid-1-768x477.jpg 768w, https:\/\/www.foscarini.com\/wp-content\/uploads\/2024\/03\/4.2-ON_Twiggy-Grid-1-1536x955.jpg 1536w, https:\/\/www.foscarini.com\/wp-content\/uploads\/2024\/03\/4.2-ON_Twiggy-Grid-1-2048x1273.jpg 2048w, https:\/\/www.foscarini.com\/wp-content\/uploads\/2024\/03\/4.2-ON_Twiggy-Grid-1-800x497.jpg 800w\" sizes=\"(max-width: 1024px) 100vw, 1024px\" \/><\/figure><\/div><\/div>","protected":false},"excerpt":{"rendered":"<p>Lampe suspendue d&#8217;ext\u00e9rieur fournissant une lumi\u00e8re directe vers le bas. Diffuseur en mat\u00e9riau composite \u00e0 base de fibres de verre et \u00e0 rev\u00eatement liquide. Le diffuseur est constitu\u00e9 de rubans composites pli\u00e9s \u00e0 la main sur le moule, les rubans qui se chevauchent cr\u00e9ent la surface tiss\u00e9e qui est ensuite enduite \u00e0 la main. Une autre couche de ruban adh\u00e9sif pour compl\u00e9ter le diffuseur recouvre les bords inf\u00e9rieur et sup\u00e9rieur. Au centre, une feuille de PMMA transparente, grav\u00e9e au laser, capte et diffuse la lumi\u00e8re \u00e9mise par les LED multi-puces install\u00e9es sur le p\u00e9rim\u00e8tre du cadre en aluminium, qui fait office de dissipateur thermique. Un disque suppl\u00e9mentaire en PMMA opale fait \u00e9cran \u00e0 la lumi\u00e8re. \u00c9quip\u00e9 de trois c\u00e2bles de suspension en acier inoxydable et d&#8217;un c\u00e2ble \u00e9lectrique noir recouvert de n\u00e9opr\u00e8ne pour une utilisation en ext\u00e9rieur. Rosace de plafond avec support en m\u00e9tal galvanis\u00e9 et couvercle en m\u00e9tal avec rev\u00eatement en poudre de polyester pour une meilleure r\u00e9sistance aux rayons UV, aux intemp\u00e9ries et aux produits chimiques.<\/p>\n","protected":false},"featured_media":449776,"comment_status":"open","ping_status":"closed","template":"","meta":{"_acf_changed":true},"product_cat":[649,716,725,681,13605],"product_tag":[],"materiale":[7954],"altezza":[10290],"larghezza":[10363],"profondita":[10376],"peso":[9143],"designer-prodotto":[7393],"class_list":{"0":"post-192818","1":"product","2":"type-product","3":"status-publish","4":"has-post-thumbnail","6":"product_cat-concetto-fr","7":"product_cat-funzione-fr","8":"product_cat-outdoor-fr","9":"product_cat-twiggy-concetto-fr","10":"product_cat-twiggy-grid-outdoor-sospensione-famiglia-fr","11":"materiale-fibra-di-carbonio-e-compositi-fr","12":"altezza-29-fr","13":"larghezza-46-fr","14":"profondita-46-fr","15":"peso-28-fr","16":"designer-prodotto-marc-sadler-fr","18":"first","19":"instock","20":"shipping-taxable","21":"purchasable","22":"product-type-variable"},"acf":{"preview_slider":{"titolo":"","testo":"","video_domanda":false,"link_video":""},"prodotto__immagine_preview":{"immagine":124476},"prodotto__slider":{"sottotitolo":"Marc Sadler (2017)","titolo":"Id\u00e9al pour les \u00ab territoires de transition \u00bb entre l'int\u00e9rieur et l'ext\u00e9rieur de la maison, comme un porche. La surface entrelac\u00e9e de la lampe suspendue d'ext\u00e9rieur Twiggy Grid permet de masquer l'intensit\u00e9 de la source lumineuse tout en cr\u00e9ant un dialogue avec le mobilier ext\u00e9rieur.","immagini":[{"immagine":307284,"immagine_mobile":null},{"immagine":307277,"immagine_mobile":null}]},"prodotto__slider_preview":null,"prodotto__specifiche":{"selezione":[{"scheda_tecnica":464510}]}},"yoast_head":"<!-- This site is optimized with the Yoast SEO Premium plugin v22.4 (Yoast SEO v23.7) - https:\/\/yoast.com\/wordpress\/plugins\/seo\/ -->\n<title>Twiggy Grid Outdoor Sospensione - Foscarini<\/title>\n<meta name=\"robots\" content=\"index, follow, max-snippet:-1, max-image-preview:large, max-video-preview:-1\" \/>\n<meta property=\"og:locale\" content=\"fr_FR\" \/>\n<meta property=\"og:type\" content=\"article\" \/>\n<meta property=\"og:title\" content=\"Twiggy Grid Outdoor Sospensione\" \/>\n<meta property=\"og:description\" content=\"Lampe suspendue d&#039;ext\u00e9rieur fournissant une lumi\u00e8re directe vers le bas. Diffuseur en mat\u00e9riau composite \u00e0 base de fibres de verre et \u00e0 rev\u00eatement liquide. Le diffuseur est constitu\u00e9 de rubans composites pli\u00e9s \u00e0 la main sur le moule, les rubans qui se chevauchent cr\u00e9ent la surface tiss\u00e9e qui est ensuite enduite \u00e0 la main. Une autre couche de ruban adh\u00e9sif pour compl\u00e9ter le diffuseur recouvre les bords inf\u00e9rieur et sup\u00e9rieur. Au centre, une feuille de PMMA transparente, grav\u00e9e au laser, capte et diffuse la lumi\u00e8re \u00e9mise par les LED multi-puces install\u00e9es sur le p\u00e9rim\u00e8tre du cadre en aluminium, qui fait office de dissipateur thermique. Un disque suppl\u00e9mentaire en PMMA opale fait \u00e9cran \u00e0 la lumi\u00e8re. \u00c9quip\u00e9 de trois c\u00e2bles de suspension en acier inoxydable et d&#039;un c\u00e2ble \u00e9lectrique noir recouvert de n\u00e9opr\u00e8ne pour une utilisation en ext\u00e9rieur. Rosace de plafond avec support en m\u00e9tal galvanis\u00e9 et couvercle en m\u00e9tal avec rev\u00eatement en poudre de polyester pour une meilleure r\u00e9sistance aux rayons UV, aux intemp\u00e9ries et aux produits chimiques.\" \/>\n<meta property=\"og:url\" content=\"https:\/\/www.foscarini.com\/fr\/produit\/twiggy-grid-outdoor-std-os-fr\/\" \/>\n<meta property=\"og:site_name\" content=\"Foscarini\" \/>\n<meta property=\"article:modified_time\" content=\"2025-06-11T16:05:34+00:00\" \/>\n<meta property=\"og:image\" content=\"https:\/\/www.foscarini.com\/wp-content\/uploads\/2025\/06\/twiggy-grid_os_carmine_22_786x865-1.jpg\" \/>\n\t<meta property=\"og:image:width\" content=\"786\" \/>\n\t<meta property=\"og:image:height\" content=\"865\" \/>\n\t<meta property=\"og:image:type\" content=\"image\/jpeg\" \/>\n<meta name=\"twitter:card\" content=\"summary_large_image\" \/>\n<meta name=\"twitter:label1\" content=\"Dur\u00e9e de lecture estim\u00e9e\" \/>\n\t<meta name=\"twitter:data1\" content=\"1 minute\" \/>\n<script type=\"application\/ld+json\" class=\"yoast-schema-graph\">{\"@context\":\"https:\/\/schema.org\",\"@graph\":[{\"@type\":\"WebPage\",\"@id\":\"https:\/\/www.foscarini.com\/fr\/produit\/twiggy-grid-outdoor-std-os-fr\/\",\"url\":\"https:\/\/www.foscarini.com\/fr\/produit\/twiggy-grid-outdoor-std-os-fr\/\",\"name\":\"Twiggy Grid Outdoor Sospensione - Foscarini\",\"isPartOf\":{\"@id\":\"https:\/\/www.foscarini.com\/#website\"},\"primaryImageOfPage\":{\"@id\":\"https:\/\/www.foscarini.com\/fr\/produit\/twiggy-grid-outdoor-std-os-fr\/#primaryimage\"},\"image\":{\"@id\":\"https:\/\/www.foscarini.com\/fr\/produit\/twiggy-grid-outdoor-std-os-fr\/#primaryimage\"},\"thumbnailUrl\":\"https:\/\/www.foscarini.com\/wp-content\/uploads\/2025\/06\/twiggy-grid_os_carmine_22_786x865-1.jpg\",\"datePublished\":\"2024-03-28T18:22:59+00:00\",\"dateModified\":\"2025-06-11T16:05:34+00:00\",\"breadcrumb\":{\"@id\":\"https:\/\/www.foscarini.com\/fr\/produit\/twiggy-grid-outdoor-std-os-fr\/#breadcrumb\"},\"inLanguage\":\"fr-FR\",\"potentialAction\":[{\"@type\":\"ReadAction\",\"target\":[\"https:\/\/www.foscarini.com\/fr\/produit\/twiggy-grid-outdoor-std-os-fr\/\"]}]},{\"@type\":\"ImageObject\",\"inLanguage\":\"fr-FR\",\"@id\":\"https:\/\/www.foscarini.com\/fr\/produit\/twiggy-grid-outdoor-std-os-fr\/#primaryimage\",\"url\":\"https:\/\/www.foscarini.com\/wp-content\/uploads\/2025\/06\/twiggy-grid_os_carmine_22_786x865-1.jpg\",\"contentUrl\":\"https:\/\/www.foscarini.com\/wp-content\/uploads\/2025\/06\/twiggy-grid_os_carmine_22_786x865-1.jpg\",\"width\":786,\"height\":865},{\"@type\":\"BreadcrumbList\",\"@id\":\"https:\/\/www.foscarini.com\/fr\/produit\/twiggy-grid-outdoor-std-os-fr\/#breadcrumb\",\"itemListElement\":[{\"@type\":\"ListItem\",\"position\":1,\"name\":\"Home\",\"item\":\"https:\/\/www.foscarini.com\/fr\/\"},{\"@type\":\"ListItem\",\"position\":2,\"name\":\"Boutique\",\"item\":\"https:\/\/www.foscarini.com\/fr\/boutique\/\"},{\"@type\":\"ListItem\",\"position\":3,\"name\":\"Twiggy Grid Outdoor Sospensione\"}]},{\"@type\":\"WebSite\",\"@id\":\"https:\/\/www.foscarini.com\/#website\",\"url\":\"https:\/\/www.foscarini.com\/\",\"name\":\"Foscarini\",\"description\":\"\",\"potentialAction\":[{\"@type\":\"SearchAction\",\"target\":{\"@type\":\"EntryPoint\",\"urlTemplate\":\"https:\/\/www.foscarini.com\/?s={search_term_string}\"},\"query-input\":{\"@type\":\"PropertyValueSpecification\",\"valueRequired\":true,\"valueName\":\"search_term_string\"}}],\"inLanguage\":\"fr-FR\"}]}<\/script>\n<!-- \/ Yoast SEO Premium plugin. -->","yoast_head_json":{"title":"Twiggy Grid Outdoor Sospensione - Foscarini","robots":{"index":"index","follow":"follow","max-snippet":"max-snippet:-1","max-image-preview":"max-image-preview:large","max-video-preview":"max-video-preview:-1"},"og_locale":"fr_FR","og_type":"article","og_title":"Twiggy Grid Outdoor Sospensione","og_description":"Lampe suspendue d'ext\u00e9rieur fournissant une lumi\u00e8re directe vers le bas. Diffuseur en mat\u00e9riau composite \u00e0 base de fibres de verre et \u00e0 rev\u00eatement liquide. Le diffuseur est constitu\u00e9 de rubans composites pli\u00e9s \u00e0 la main sur le moule, les rubans qui se chevauchent cr\u00e9ent la surface tiss\u00e9e qui est ensuite enduite \u00e0 la main. Une autre couche de ruban adh\u00e9sif pour compl\u00e9ter le diffuseur recouvre les bords inf\u00e9rieur et sup\u00e9rieur. Au centre, une feuille de PMMA transparente, grav\u00e9e au laser, capte et diffuse la lumi\u00e8re \u00e9mise par les LED multi-puces install\u00e9es sur le p\u00e9rim\u00e8tre du cadre en aluminium, qui fait office de dissipateur thermique. Un disque suppl\u00e9mentaire en PMMA opale fait \u00e9cran \u00e0 la lumi\u00e8re. \u00c9quip\u00e9 de trois c\u00e2bles de suspension en acier inoxydable et d'un c\u00e2ble \u00e9lectrique noir recouvert de n\u00e9opr\u00e8ne pour une utilisation en ext\u00e9rieur. Rosace de plafond avec support en m\u00e9tal galvanis\u00e9 et couvercle en m\u00e9tal avec rev\u00eatement en poudre de polyester pour une meilleure r\u00e9sistance aux rayons UV, aux intemp\u00e9ries et aux produits chimiques.","og_url":"https:\/\/www.foscarini.com\/fr\/produit\/twiggy-grid-outdoor-std-os-fr\/","og_site_name":"Foscarini","article_modified_time":"2025-06-11T16:05:34+00:00","og_image":[{"width":786,"height":865,"url":"https:\/\/www.foscarini.com\/wp-content\/uploads\/2025\/06\/twiggy-grid_os_carmine_22_786x865-1.jpg","type":"image\/jpeg"}],"twitter_card":"summary_large_image","twitter_misc":{"Dur\u00e9e de lecture estim\u00e9e":"1 minute"},"schema":{"@context":"https:\/\/schema.org","@graph":[{"@type":"WebPage","@id":"https:\/\/www.foscarini.com\/fr\/produit\/twiggy-grid-outdoor-std-os-fr\/","url":"https:\/\/www.foscarini.com\/fr\/produit\/twiggy-grid-outdoor-std-os-fr\/","name":"Twiggy Grid Outdoor Sospensione - Foscarini","isPartOf":{"@id":"https:\/\/www.foscarini.com\/#website"},"primaryImageOfPage":{"@id":"https:\/\/www.foscarini.com\/fr\/produit\/twiggy-grid-outdoor-std-os-fr\/#primaryimage"},"image":{"@id":"https:\/\/www.foscarini.com\/fr\/produit\/twiggy-grid-outdoor-std-os-fr\/#primaryimage"},"thumbnailUrl":"https:\/\/www.foscarini.com\/wp-content\/uploads\/2025\/06\/twiggy-grid_os_carmine_22_786x865-1.jpg","datePublished":"2024-03-28T18:22:59+00:00","dateModified":"2025-06-11T16:05:34+00:00","breadcrumb":{"@id":"https:\/\/www.foscarini.com\/fr\/produit\/twiggy-grid-outdoor-std-os-fr\/#breadcrumb"},"inLanguage":"fr-FR","potentialAction":[{"@type":"ReadAction","target":["https:\/\/www.foscarini.com\/fr\/produit\/twiggy-grid-outdoor-std-os-fr\/"]}]},{"@type":"ImageObject","inLanguage":"fr-FR","@id":"https:\/\/www.foscarini.com\/fr\/produit\/twiggy-grid-outdoor-std-os-fr\/#primaryimage","url":"https:\/\/www.foscarini.com\/wp-content\/uploads\/2025\/06\/twiggy-grid_os_carmine_22_786x865-1.jpg","contentUrl":"https:\/\/www.foscarini.com\/wp-content\/uploads\/2025\/06\/twiggy-grid_os_carmine_22_786x865-1.jpg","width":786,"height":865},{"@type":"BreadcrumbList","@id":"https:\/\/www.foscarini.com\/fr\/produit\/twiggy-grid-outdoor-std-os-fr\/#breadcrumb","itemListElement":[{"@type":"ListItem","position":1,"name":"Home","item":"https:\/\/www.foscarini.com\/fr\/"},{"@type":"ListItem","position":2,"name":"Boutique","item":"https:\/\/www.foscarini.com\/fr\/boutique\/"},{"@type":"ListItem","position":3,"name":"Twiggy Grid Outdoor Sospensione"}]},{"@type":"WebSite","@id":"https:\/\/www.foscarini.com\/#website","url":"https:\/\/www.foscarini.com\/","name":"Foscarini","description":"","potentialAction":[{"@type":"SearchAction","target":{"@type":"EntryPoint","urlTemplate":"https:\/\/www.foscarini.com\/?s={search_term_string}"},"query-input":{"@type":"PropertyValueSpecification","valueRequired":true,"valueName":"search_term_string"}}],"inLanguage":"fr-FR"}]}},"_links":{"self":[{"href":"https:\/\/www.foscarini.com\/fr\/wp-json\/wp\/v2\/product\/192818"}],"collection":[{"href":"https:\/\/www.foscarini.com\/fr\/wp-json\/wp\/v2\/product"}],"about":[{"href":"https:\/\/www.foscarini.com\/fr\/wp-json\/wp\/v2\/types\/product"}],"replies":[{"embeddable":true,"href":"https:\/\/www.foscarini.com\/fr\/wp-json\/wp\/v2\/comments?post=192818"}],"wp:featuredmedia":[{"embeddable":true,"href":"https:\/\/www.foscarini.com\/fr\/wp-json\/wp\/v2\/media\/449776"}],"wp:attachment":[{"href":"https:\/\/www.foscarini.com\/fr\/wp-json\/wp\/v2\/media?parent=192818"}],"wp:term":[{"taxonomy":"product_cat","embeddable":true,"href":"https:\/\/www.foscarini.com\/fr\/wp-json\/wp\/v2\/product_cat?post=192818"},{"taxonomy":"product_tag","embeddable":true,"href":"https:\/\/www.foscarini.com\/fr\/wp-json\/wp\/v2\/product_tag?post=192818"},{"taxonomy":"materiale","embeddable":true,"href":"https:\/\/www.foscarini.com\/fr\/wp-json\/wp\/v2\/materiale?post=192818"},{"taxonomy":"altezza","embeddable":true,"href":"https:\/\/www.foscarini.com\/fr\/wp-json\/wp\/v2\/altezza?post=192818"},{"taxonomy":"larghezza","embeddable":true,"href":"https:\/\/www.foscarini.com\/fr\/wp-json\/wp\/v2\/larghezza?post=192818"},{"taxonomy":"profondita","embeddable":true,"href":"https:\/\/www.foscarini.com\/fr\/wp-json\/wp\/v2\/profondita?post=192818"},{"taxonomy":"peso","embeddable":true,"href":"https:\/\/www.foscarini.com\/fr\/wp-json\/wp\/v2\/peso?post=192818"},{"taxonomy":"designer-prodotto","embeddable":true,"href":"https:\/\/www.foscarini.com\/fr\/wp-json\/wp\/v2\/designer-prodotto?post=192818"}],"curies":[{"name":"wp","href":"https:\/\/api.w.org\/{rel}","templated":true}]}}