{"id":192749,"date":"2024-03-28T18:20:04","date_gmt":"2024-03-28T18:20:04","guid":{"rendered":"https:\/\/www.foscarini.com\/product\/tress-grande-tress-s\/"},"modified":"2025-06-11T15:37:48","modified_gmt":"2025-06-11T15:37:48","slug":"tress-grande-tress-s-fr","status":"publish","type":"product","link":"https:\/\/www.foscarini.com\/fr\/produit\/tress-grande-tress-s-fr\/","title":{"rendered":"Tress Grande"},"content":{"rendered":"<p>Magico intreccio di pieni e vuoti, la lampada a sospensione Tress Grande \u00e8 ottenuta con un processo artigianale avvolgendo un nastro in materiale composito. Anche grazie alla scelta fra diversi colori e forme Tress interpreta molteplici personalit\u00e0.<\/p><section class=\"pdp__slider full-height-vh\">\n    <div class=\"swiper-container swiper__pdp\">\n        <div class=\"swiper-wrapper full-height\">\n                                <div class=\"swiper-slide\">\n                                                    <img decoding=\"async\" class=\"full-cover\" src=\"https:\/\/www.foscarini.com\/wp-content\/uploads\/2024\/03\/3.1_Tress-grande-150x150.jpg\" srcset=\"https:\/\/www.foscarini.com\/wp-content\/uploads\/2024\/03\/3.1_Tress-grande-300x250.jpg 300w, https:\/\/www.foscarini.com\/wp-content\/uploads\/2024\/03\/3.1_Tress-grande-1024x854.jpg 1024w, https:\/\/www.foscarini.com\/wp-content\/uploads\/2024\/03\/3.1_Tress-grande-768x641.jpg 768w, https:\/\/www.foscarini.com\/wp-content\/uploads\/2024\/03\/3.1_Tress-grande-1536x1282.jpg 1536w, https:\/\/www.foscarini.com\/wp-content\/uploads\/2024\/03\/3.1_Tress-grande-800x668.jpg 800w, https:\/\/www.foscarini.com\/wp-content\/uploads\/2024\/03\/3.1_Tress-grande.jpg 1776w\" alt=\"\" \/>\n                                                                        <\/div>\n                                        <div class=\"swiper-slide\">\n                                                    <img decoding=\"async\" class=\"full-cover\" src=\"https:\/\/www.foscarini.com\/wp-content\/uploads\/2024\/03\/3.2_Tress-grande-150x150.jpg\" srcset=\"https:\/\/www.foscarini.com\/wp-content\/uploads\/2024\/03\/3.2_Tress-grande-194x300.jpg 194w, https:\/\/www.foscarini.com\/wp-content\/uploads\/2024\/03\/3.2_Tress-grande-663x1024.jpg 663w, https:\/\/www.foscarini.com\/wp-content\/uploads\/2024\/03\/3.2_Tress-grande-768x1186.jpg 768w, https:\/\/www.foscarini.com\/wp-content\/uploads\/2024\/03\/3.2_Tress-grande-800x1235.jpg 800w, https:\/\/www.foscarini.com\/wp-content\/uploads\/2024\/03\/3.2_Tress-grande.jpg 960w\" alt=\"\" \/>\n                                                                        <\/div>\n                                        <div class=\"swiper-slide\">\n                                                    <img decoding=\"async\" class=\"full-cover\" src=\"https:\/\/www.foscarini.com\/wp-content\/uploads\/2024\/03\/3.3_Tress-grande-150x150.jpg\" srcset=\"https:\/\/www.foscarini.com\/wp-content\/uploads\/2024\/03\/3.3_Tress-grande-300x250.jpg 300w, https:\/\/www.foscarini.com\/wp-content\/uploads\/2024\/03\/3.3_Tress-grande-1024x854.jpg 1024w, https:\/\/www.foscarini.com\/wp-content\/uploads\/2024\/03\/3.3_Tress-grande-768x641.jpg 768w, https:\/\/www.foscarini.com\/wp-content\/uploads\/2024\/03\/3.3_Tress-grande-1536x1282.jpg 1536w, https:\/\/www.foscarini.com\/wp-content\/uploads\/2024\/03\/3.3_Tress-grande-800x668.jpg 800w, https:\/\/www.foscarini.com\/wp-content\/uploads\/2024\/03\/3.3_Tress-grande.jpg 1776w\" alt=\"\" \/>\n                                                                        <\/div>\n                            <\/div>\n    <\/div>\n    <div class=\"swiper-scrollbar\"><\/div>\n    <div class=\"ct-arrow\">\n        <div class=\"swiper-button-prev\"><\/div>\n        <div class=\"swiper-button-next\"><\/div>\n    <\/div>\n<\/section>","protected":false},"excerpt":{"rendered":"<p>Lampe suspendue fournissant une lumi\u00e8re diffuse et directe. Le diffuseur en mat\u00e9riau composite \u00e0 base de fibre de verre est fabriqu\u00e9 en moulant le ruban sur un moule avec contr\u00f4le automatique du pas\/dessin, puis peint \u00e0 la peinture liquide. Dans la version grand format, le diffuseur int\u00e9rieur est en verre souffl\u00e9 avec une finition grav\u00e9e, l&#8217;\u00e9cran sup\u00e9rieur est en verre opalin satin\u00e9 et le cadre est en m\u00e9tal chrom\u00e9 ; dans les autres versions, le cadre est en m\u00e9tal chrom\u00e9. \u00c9quip\u00e9e de trois c\u00e2bles de suspension en acier inoxydable pour la version grand format, un pour les autres versions, c\u00e2ble \u00e9lectrique transparent. Rosace de plafond avec support en m\u00e9tal galvanis\u00e9 et couvercle en ABS bruni chrom\u00e9 brillant. Kit de d\u00e9centralisation de la rosace disponible &#8211; rosace multiple (jusqu&#8217;\u00e0 6 ou 9 suspensions).<\/p>\n","protected":false},"featured_media":470351,"comment_status":"open","ping_status":"closed","template":"","meta":{"_acf_changed":true},"product_cat":[649,716,749,662,5630],"product_tag":[],"materiale":[7954],"altezza":[8468],"larghezza":[8783],"profondita":[8776],"peso":[7335],"designer-prodotto":[7393],"class_list":{"0":"post-192749","1":"product","2":"type-product","3":"status-publish","4":"has-post-thumbnail","6":"product_cat-concetto-fr","7":"product_cat-funzione-fr","8":"product_cat-sospensione-fr","9":"product_cat-tress-concetto-fr","10":"product_cat-tress-famiglia-fr","11":"materiale-fibra-di-carbonio-e-compositi-fr","12":"altezza-16-fr","13":"larghezza-19-fr","14":"profondita-19-fr","15":"peso-0-fr","16":"designer-prodotto-marc-sadler-fr","18":"first","19":"instock","20":"shipping-taxable","21":"purchasable","22":"product-type-variable"},"acf":{"preview_slider":{"titolo":"","testo":"","video_domanda":false,"link_video":""},"prodotto__immagine_preview":{"immagine":124098},"prodotto__slider":{"sottotitolo":"Marc Sadler (2009)","titolo":"Entrelacement magique de pleins et de vides, la lampe suspendue Tress Grande est obtenue par un proc\u00e9d\u00e9 artisanal d'enroulement d'un ruban composite. De plus, gr\u00e2ce au choix de diff\u00e9rentes couleurs et formes, Tress interpr\u00e8te des personnalit\u00e9s multiples.","immagini":[{"immagine":309774,"immagine_mobile":null},{"immagine":309788,"immagine_mobile":null},{"immagine":309781,"immagine_mobile":null}]},"prodotto__slider_preview":null,"prodotto__specifiche":{"selezione":[{"scheda_tecnica":464154},{"scheda_tecnica":464155},{"scheda_tecnica":464156}]}},"yoast_head":"<!-- This site is optimized with the Yoast SEO Premium plugin v22.4 (Yoast SEO v23.7) - https:\/\/yoast.com\/wordpress\/plugins\/seo\/ -->\n<title>Tress Grande - Foscarini<\/title>\n<meta name=\"robots\" content=\"index, follow, max-snippet:-1, max-image-preview:large, max-video-preview:-1\" \/>\n<meta property=\"og:locale\" content=\"fr_FR\" \/>\n<meta property=\"og:type\" content=\"article\" \/>\n<meta property=\"og:title\" content=\"Tress Grande\" \/>\n<meta property=\"og:description\" content=\"Lampe suspendue fournissant une lumi\u00e8re diffuse et directe. Le diffuseur en mat\u00e9riau composite \u00e0 base de fibre de verre est fabriqu\u00e9 en moulant le ruban sur un moule avec contr\u00f4le automatique du pas\/dessin, puis peint \u00e0 la peinture liquide. Dans la version grand format, le diffuseur int\u00e9rieur est en verre souffl\u00e9 avec une finition grav\u00e9e, l&#039;\u00e9cran sup\u00e9rieur est en verre opalin satin\u00e9 et le cadre est en m\u00e9tal chrom\u00e9 ; dans les autres versions, le cadre est en m\u00e9tal chrom\u00e9. \u00c9quip\u00e9e de trois c\u00e2bles de suspension en acier inoxydable pour la version grand format, un pour les autres versions, c\u00e2ble \u00e9lectrique transparent. Rosace de plafond avec support en m\u00e9tal galvanis\u00e9 et couvercle en ABS bruni chrom\u00e9 brillant. Kit de d\u00e9centralisation de la rosace disponible - rosace multiple (jusqu&#039;\u00e0 6 ou 9 suspensions).\" \/>\n<meta property=\"og:url\" content=\"https:\/\/www.foscarini.com\/fr\/produit\/tress-grande-tress-s-fr\/\" \/>\n<meta property=\"og:site_name\" content=\"Foscarini\" \/>\n<meta property=\"article:modified_time\" content=\"2025-06-11T15:37:48+00:00\" \/>\n<meta property=\"og:image\" content=\"https:\/\/www.foscarini.com\/wp-content\/uploads\/2025\/06\/tress-grande_s_greige_22_786x865-3.jpg\" \/>\n\t<meta property=\"og:image:width\" content=\"786\" \/>\n\t<meta property=\"og:image:height\" content=\"865\" \/>\n\t<meta property=\"og:image:type\" content=\"image\/jpeg\" \/>\n<meta name=\"twitter:card\" content=\"summary_large_image\" \/>\n<meta name=\"twitter:label1\" content=\"Dur\u00e9e de lecture estim\u00e9e\" \/>\n\t<meta name=\"twitter:data1\" content=\"1 minute\" \/>\n<script type=\"application\/ld+json\" class=\"yoast-schema-graph\">{\"@context\":\"https:\/\/schema.org\",\"@graph\":[{\"@type\":\"WebPage\",\"@id\":\"https:\/\/www.foscarini.com\/fr\/produit\/tress-grande-tress-s-fr\/\",\"url\":\"https:\/\/www.foscarini.com\/fr\/produit\/tress-grande-tress-s-fr\/\",\"name\":\"Tress Grande - Foscarini\",\"isPartOf\":{\"@id\":\"https:\/\/www.foscarini.com\/#website\"},\"primaryImageOfPage\":{\"@id\":\"https:\/\/www.foscarini.com\/fr\/produit\/tress-grande-tress-s-fr\/#primaryimage\"},\"image\":{\"@id\":\"https:\/\/www.foscarini.com\/fr\/produit\/tress-grande-tress-s-fr\/#primaryimage\"},\"thumbnailUrl\":\"https:\/\/www.foscarini.com\/wp-content\/uploads\/2025\/06\/tress-grande_s_greige_22_786x865-6.jpg\",\"datePublished\":\"2024-03-28T18:20:04+00:00\",\"dateModified\":\"2025-06-11T15:37:48+00:00\",\"breadcrumb\":{\"@id\":\"https:\/\/www.foscarini.com\/fr\/produit\/tress-grande-tress-s-fr\/#breadcrumb\"},\"inLanguage\":\"fr-FR\",\"potentialAction\":[{\"@type\":\"ReadAction\",\"target\":[\"https:\/\/www.foscarini.com\/fr\/produit\/tress-grande-tress-s-fr\/\"]}]},{\"@type\":\"ImageObject\",\"inLanguage\":\"fr-FR\",\"@id\":\"https:\/\/www.foscarini.com\/fr\/produit\/tress-grande-tress-s-fr\/#primaryimage\",\"url\":\"https:\/\/www.foscarini.com\/wp-content\/uploads\/2025\/06\/tress-grande_s_greige_22_786x865-6.jpg\",\"contentUrl\":\"https:\/\/www.foscarini.com\/wp-content\/uploads\/2025\/06\/tress-grande_s_greige_22_786x865-6.jpg\",\"width\":786,\"height\":865},{\"@type\":\"BreadcrumbList\",\"@id\":\"https:\/\/www.foscarini.com\/fr\/produit\/tress-grande-tress-s-fr\/#breadcrumb\",\"itemListElement\":[{\"@type\":\"ListItem\",\"position\":1,\"name\":\"Home\",\"item\":\"https:\/\/www.foscarini.com\/fr\/\"},{\"@type\":\"ListItem\",\"position\":2,\"name\":\"Boutique\",\"item\":\"https:\/\/www.foscarini.com\/fr\/boutique\/\"},{\"@type\":\"ListItem\",\"position\":3,\"name\":\"Tress Grande\"}]},{\"@type\":\"WebSite\",\"@id\":\"https:\/\/www.foscarini.com\/#website\",\"url\":\"https:\/\/www.foscarini.com\/\",\"name\":\"Foscarini\",\"description\":\"\",\"potentialAction\":[{\"@type\":\"SearchAction\",\"target\":{\"@type\":\"EntryPoint\",\"urlTemplate\":\"https:\/\/www.foscarini.com\/?s={search_term_string}\"},\"query-input\":{\"@type\":\"PropertyValueSpecification\",\"valueRequired\":true,\"valueName\":\"search_term_string\"}}],\"inLanguage\":\"fr-FR\"}]}<\/script>\n<!-- \/ Yoast SEO Premium plugin. -->","yoast_head_json":{"title":"Tress Grande - Foscarini","robots":{"index":"index","follow":"follow","max-snippet":"max-snippet:-1","max-image-preview":"max-image-preview:large","max-video-preview":"max-video-preview:-1"},"og_locale":"fr_FR","og_type":"article","og_title":"Tress Grande","og_description":"Lampe suspendue fournissant une lumi\u00e8re diffuse et directe. Le diffuseur en mat\u00e9riau composite \u00e0 base de fibre de verre est fabriqu\u00e9 en moulant le ruban sur un moule avec contr\u00f4le automatique du pas\/dessin, puis peint \u00e0 la peinture liquide. Dans la version grand format, le diffuseur int\u00e9rieur est en verre souffl\u00e9 avec une finition grav\u00e9e, l'\u00e9cran sup\u00e9rieur est en verre opalin satin\u00e9 et le cadre est en m\u00e9tal chrom\u00e9 ; dans les autres versions, le cadre est en m\u00e9tal chrom\u00e9. \u00c9quip\u00e9e de trois c\u00e2bles de suspension en acier inoxydable pour la version grand format, un pour les autres versions, c\u00e2ble \u00e9lectrique transparent. Rosace de plafond avec support en m\u00e9tal galvanis\u00e9 et couvercle en ABS bruni chrom\u00e9 brillant. Kit de d\u00e9centralisation de la rosace disponible - rosace multiple (jusqu'\u00e0 6 ou 9 suspensions).","og_url":"https:\/\/www.foscarini.com\/fr\/produit\/tress-grande-tress-s-fr\/","og_site_name":"Foscarini","article_modified_time":"2025-06-11T15:37:48+00:00","og_image":[{"width":786,"height":865,"url":"https:\/\/www.foscarini.com\/wp-content\/uploads\/2025\/06\/tress-grande_s_greige_22_786x865-3.jpg","type":"image\/jpeg"}],"twitter_card":"summary_large_image","twitter_misc":{"Dur\u00e9e de lecture estim\u00e9e":"1 minute"},"schema":{"@context":"https:\/\/schema.org","@graph":[{"@type":"WebPage","@id":"https:\/\/www.foscarini.com\/fr\/produit\/tress-grande-tress-s-fr\/","url":"https:\/\/www.foscarini.com\/fr\/produit\/tress-grande-tress-s-fr\/","name":"Tress Grande - Foscarini","isPartOf":{"@id":"https:\/\/www.foscarini.com\/#website"},"primaryImageOfPage":{"@id":"https:\/\/www.foscarini.com\/fr\/produit\/tress-grande-tress-s-fr\/#primaryimage"},"image":{"@id":"https:\/\/www.foscarini.com\/fr\/produit\/tress-grande-tress-s-fr\/#primaryimage"},"thumbnailUrl":"https:\/\/www.foscarini.com\/wp-content\/uploads\/2025\/06\/tress-grande_s_greige_22_786x865-6.jpg","datePublished":"2024-03-28T18:20:04+00:00","dateModified":"2025-06-11T15:37:48+00:00","breadcrumb":{"@id":"https:\/\/www.foscarini.com\/fr\/produit\/tress-grande-tress-s-fr\/#breadcrumb"},"inLanguage":"fr-FR","potentialAction":[{"@type":"ReadAction","target":["https:\/\/www.foscarini.com\/fr\/produit\/tress-grande-tress-s-fr\/"]}]},{"@type":"ImageObject","inLanguage":"fr-FR","@id":"https:\/\/www.foscarini.com\/fr\/produit\/tress-grande-tress-s-fr\/#primaryimage","url":"https:\/\/www.foscarini.com\/wp-content\/uploads\/2025\/06\/tress-grande_s_greige_22_786x865-6.jpg","contentUrl":"https:\/\/www.foscarini.com\/wp-content\/uploads\/2025\/06\/tress-grande_s_greige_22_786x865-6.jpg","width":786,"height":865},{"@type":"BreadcrumbList","@id":"https:\/\/www.foscarini.com\/fr\/produit\/tress-grande-tress-s-fr\/#breadcrumb","itemListElement":[{"@type":"ListItem","position":1,"name":"Home","item":"https:\/\/www.foscarini.com\/fr\/"},{"@type":"ListItem","position":2,"name":"Boutique","item":"https:\/\/www.foscarini.com\/fr\/boutique\/"},{"@type":"ListItem","position":3,"name":"Tress Grande"}]},{"@type":"WebSite","@id":"https:\/\/www.foscarini.com\/#website","url":"https:\/\/www.foscarini.com\/","name":"Foscarini","description":"","potentialAction":[{"@type":"SearchAction","target":{"@type":"EntryPoint","urlTemplate":"https:\/\/www.foscarini.com\/?s={search_term_string}"},"query-input":{"@type":"PropertyValueSpecification","valueRequired":true,"valueName":"search_term_string"}}],"inLanguage":"fr-FR"}]}},"_links":{"self":[{"href":"https:\/\/www.foscarini.com\/fr\/wp-json\/wp\/v2\/product\/192749"}],"collection":[{"href":"https:\/\/www.foscarini.com\/fr\/wp-json\/wp\/v2\/product"}],"about":[{"href":"https:\/\/www.foscarini.com\/fr\/wp-json\/wp\/v2\/types\/product"}],"replies":[{"embeddable":true,"href":"https:\/\/www.foscarini.com\/fr\/wp-json\/wp\/v2\/comments?post=192749"}],"wp:featuredmedia":[{"embeddable":true,"href":"https:\/\/www.foscarini.com\/fr\/wp-json\/wp\/v2\/media\/470351"}],"wp:attachment":[{"href":"https:\/\/www.foscarini.com\/fr\/wp-json\/wp\/v2\/media?parent=192749"}],"wp:term":[{"taxonomy":"product_cat","embeddable":true,"href":"https:\/\/www.foscarini.com\/fr\/wp-json\/wp\/v2\/product_cat?post=192749"},{"taxonomy":"product_tag","embeddable":true,"href":"https:\/\/www.foscarini.com\/fr\/wp-json\/wp\/v2\/product_tag?post=192749"},{"taxonomy":"materiale","embeddable":true,"href":"https:\/\/www.foscarini.com\/fr\/wp-json\/wp\/v2\/materiale?post=192749"},{"taxonomy":"altezza","embeddable":true,"href":"https:\/\/www.foscarini.com\/fr\/wp-json\/wp\/v2\/altezza?post=192749"},{"taxonomy":"larghezza","embeddable":true,"href":"https:\/\/www.foscarini.com\/fr\/wp-json\/wp\/v2\/larghezza?post=192749"},{"taxonomy":"profondita","embeddable":true,"href":"https:\/\/www.foscarini.com\/fr\/wp-json\/wp\/v2\/profondita?post=192749"},{"taxonomy":"peso","embeddable":true,"href":"https:\/\/www.foscarini.com\/fr\/wp-json\/wp\/v2\/peso?post=192749"},{"taxonomy":"designer-prodotto","embeddable":true,"href":"https:\/\/www.foscarini.com\/fr\/wp-json\/wp\/v2\/designer-prodotto?post=192749"}],"curies":[{"name":"wp","href":"https:\/\/api.w.org\/{rel}","templated":true}]}}