{"id":192320,"date":"2024-03-28T17:51:14","date_gmt":"2024-03-28T17:51:14","guid":{"rendered":"https:\/\/www.foscarini.com\/product\/buds-3-buds-s\/"},"modified":"2025-06-11T11:25:17","modified_gmt":"2025-06-11T11:25:17","slug":"buds-3-buds-s-fr","status":"publish","type":"product","link":"https:\/\/www.foscarini.com\/fr\/produit\/buds-3-buds-s-fr\/","title":{"rendered":"Buds 3"},"content":{"rendered":"<p>La raffinata ricchezza del vetro soffiato, per una elegante collezione di lampade che esplorano diversi abbinamenti di forme e tonalit\u00e0. La versione a sospensione Buds 1 \u00e8 caratterizzata dalla forma allungata, perfetta da sola o in composizione con gli altri modelli della famiglia.<\/p><section class=\"pdp__slider full-height-vh\">\n    <div class=\"swiper-container swiper__pdp\">\n        <div class=\"swiper-wrapper full-height\">\n                                <div class=\"swiper-slide\">\n                                                    <img decoding=\"async\" class=\"full-cover\" src=\"https:\/\/www.foscarini.com\/wp-content\/uploads\/2024\/03\/3.1_Buds-5-150x150.jpg\" srcset=\"https:\/\/www.foscarini.com\/wp-content\/uploads\/2024\/03\/3.1_Buds-5-300x200.jpg 300w, https:\/\/www.foscarini.com\/wp-content\/uploads\/2024\/03\/3.1_Buds-5-1024x683.jpg 1024w, https:\/\/www.foscarini.com\/wp-content\/uploads\/2024\/03\/3.1_Buds-5-768x512.jpg 768w, https:\/\/www.foscarini.com\/wp-content\/uploads\/2024\/03\/3.1_Buds-5-1536x1024.jpg 1536w, https:\/\/www.foscarini.com\/wp-content\/uploads\/2024\/03\/3.1_Buds-5-2048x1365.jpg 2048w, https:\/\/www.foscarini.com\/wp-content\/uploads\/2024\/03\/3.1_Buds-5-800x533.jpg 800w\" alt=\"\" \/>\n                                                                        <\/div>\n                                        <div class=\"swiper-slide\">\n                                                    <img decoding=\"async\" class=\"full-cover\" src=\"https:\/\/www.foscarini.com\/wp-content\/uploads\/2024\/03\/3.2_Buds-5-150x150.jpg\" srcset=\"https:\/\/www.foscarini.com\/wp-content\/uploads\/2024\/03\/3.2_Buds-5-300x200.jpg 300w, https:\/\/www.foscarini.com\/wp-content\/uploads\/2024\/03\/3.2_Buds-5-1024x683.jpg 1024w, https:\/\/www.foscarini.com\/wp-content\/uploads\/2024\/03\/3.2_Buds-5-768x512.jpg 768w, https:\/\/www.foscarini.com\/wp-content\/uploads\/2024\/03\/3.2_Buds-5-1536x1024.jpg 1536w, https:\/\/www.foscarini.com\/wp-content\/uploads\/2024\/03\/3.2_Buds-5-2048x1365.jpg 2048w, https:\/\/www.foscarini.com\/wp-content\/uploads\/2024\/03\/3.2_Buds-5-800x533.jpg 800w\" alt=\"\" \/>\n                                                                        <\/div>\n                                        <div class=\"swiper-slide\">\n                                                    <img decoding=\"async\" class=\"full-cover\" src=\"https:\/\/www.foscarini.com\/wp-content\/uploads\/2024\/03\/3.3_Buds-5-150x150.jpg\" srcset=\"https:\/\/www.foscarini.com\/wp-content\/uploads\/2024\/03\/3.3_Buds-5-199x300.jpg 199w, https:\/\/www.foscarini.com\/wp-content\/uploads\/2024\/03\/3.3_Buds-5-678x1024.jpg 678w, https:\/\/www.foscarini.com\/wp-content\/uploads\/2024\/03\/3.3_Buds-5-768x1160.jpg 768w, https:\/\/www.foscarini.com\/wp-content\/uploads\/2024\/03\/3.3_Buds-5-800x1208.jpg 800w, https:\/\/www.foscarini.com\/wp-content\/uploads\/2024\/03\/3.3_Buds-5.jpg 980w\" alt=\"\" \/>\n                                                                        <\/div>\n                                        <div class=\"swiper-slide\">\n                                                    <img decoding=\"async\" class=\"full-cover\" src=\"https:\/\/www.foscarini.com\/wp-content\/uploads\/2024\/03\/3.4_Buds-5-150x150.jpg\" srcset=\"https:\/\/www.foscarini.com\/wp-content\/uploads\/2024\/03\/3.4_Buds-5-300x200.jpg 300w, https:\/\/www.foscarini.com\/wp-content\/uploads\/2024\/03\/3.4_Buds-5-1024x683.jpg 1024w, https:\/\/www.foscarini.com\/wp-content\/uploads\/2024\/03\/3.4_Buds-5-768x512.jpg 768w, https:\/\/www.foscarini.com\/wp-content\/uploads\/2024\/03\/3.4_Buds-5-1536x1024.jpg 1536w, https:\/\/www.foscarini.com\/wp-content\/uploads\/2024\/03\/3.4_Buds-5-2048x1365.jpg 2048w, https:\/\/www.foscarini.com\/wp-content\/uploads\/2024\/03\/3.4_Buds-5-800x533.jpg 800w\" alt=\"\" \/>\n                                                                        <\/div>\n                            <\/div>\n    <\/div>\n    <div class=\"swiper-scrollbar\"><\/div>\n    <div class=\"ct-arrow\">\n        <div class=\"swiper-button-prev\"><\/div>\n        <div class=\"swiper-button-next\"><\/div>\n    <\/div>\n<\/section><section class=\"concept__project_comunication full-height-vh\">\n    <div class=\"row row-large\">\n        <div class=\"medium-12 small-12 columns full-height no-padding-right-mobile\">\n            <div class=\"ct-image-text-lateral\">\n                <div class=\"ct-arrow\">\n                    <div class=\"swiper-button-prev\" aria-label=\"previous slide\"><\/div>\n                    <div class=\"swiper-button-next\" aria-label=\"next slide\"><\/div>\n                <\/div>\n                <span class=\"section-name-lateral\">Contenus R\u00e9dactionnels<\/span>\n                <!-- Swiper -->\n                <div class=\"swiper-container swiper__concept__comunication\">\n                    <div class=\"swiper-wrapper\">\n                                                            <div class=\"swiper-slide\">\n                                        <div class=\"ct-slide\">\n                                                                                            <video class=\"video-controls\" autoplay loop muted playsinline>\n                                                    <source src=\"https:\/\/cdn1.foscarini.com\/Designers-Video\/Buds-Dordoni-it.mp4\" type=\"video\/mp4\">\n                                                    Your browser does not support the video tag.\n                                                <\/video>\n                                                                                            <div class=\"ct-col-right\">\n                                                <div class=\"ct-link\">\n                                                    <a class=\"link-arrow no-link\" href=\"\">Des lampes qui nous font sentir chez nous<\/a>\n                                                    <div class=\"text-1\"><p>Dans un \u00e9lan qui repr\u00e9sente une \u00e9volution, Rodolfo Dordoni c\u00e9l\u00e8bre la chaleur des objets du c\u0153ur.<\/p>\n<\/div>\n                                                <\/div>\n                                            <\/div>\n                                        <\/div>\n                                    <\/div>\n                                                        <\/div>\n                <\/div>\n            <\/div>\n        <\/div>\n    <\/div>\n<\/section>","protected":false},"excerpt":{"rendered":"<p>Lampe suspendue fournissant une lumi\u00e8re diffuse. Diffuseur en verre souffl\u00e9 \u00e0 la main, blanc \u00e0 l&#8217;int\u00e9rieur et color\u00e9 \u00e0 l&#8217;ext\u00e9rieur, avec finition polie. Avec l&#8217;int\u00e9rieur jaune p\u00e2le \u00ab pagliesco \u00bb, la version \u00ab blanc chaud \u00bb appara\u00eet blanche lorsqu&#8217;elle est \u00e9teinte et ivoire lorsqu&#8217;elle est allum\u00e9e. Support de diffuseur en polycarbonate transparent moul\u00e9 par injection. C\u00e2ble porteur en acier inoxydable et c\u00e2ble \u00e9lectrique transparent. Rosace de plafond en ABS blanc poli. Kit de d\u00e9centralisation de la rosace disponible.<\/p>\n","protected":false},"featured_media":466150,"comment_status":"open","ping_status":"closed","template":"","meta":{"_acf_changed":true},"product_cat":[1091,5352,649,716,749],"product_tag":[],"materiale":[8167],"altezza":[12148],"larghezza":[7398],"profondita":[7652],"peso":[9204],"designer-prodotto":[7577],"class_list":{"0":"post-192320","1":"product","2":"type-product","3":"status-publish","4":"has-post-thumbnail","6":"product_cat-buds-concetto-fr","7":"product_cat-buds-famiglia-fr","8":"product_cat-concetto-fr","9":"product_cat-funzione-fr","10":"product_cat-sospensione-fr","11":"materiale-vetro-e-vetro-soffiato-fr","12":"altezza-8-78-fr","13":"larghezza-11-78-fr","14":"profondita-11-78-fr","15":"peso-29-fr","16":"designer-prodotto-rodolfo-dordoni-fr","18":"first","19":"instock","20":"shipping-taxable","21":"purchasable","22":"product-type-variable"},"acf":{"preview_slider":{"titolo":"","testo":"","video_domanda":false,"link_video":""},"prodotto__immagine_preview":{"immagine":120212},"prodotto__slider":{"sottotitolo":"Rodolfo Dordoni (2016)","titolo":"L\u2019\u00e9l\u00e9ment star de la lampe suspendue compacte Buds 3 est la richesse raffin\u00e9e de son diffuseur en verre souffl\u00e9 \u00e0 la main \u00e0 cinq couches, qui projette une lueur chaleureuse dans la pi\u00e8ce.","immagini":[{"immagine":472866,"immagine_mobile":null},{"immagine":306299,"immagine_mobile":null},{"immagine":472859,"immagine_mobile":null}]},"prodotto__slider_preview":null,"prodotto__specifiche":{"selezione":[{"scheda_tecnica":461564},{"scheda_tecnica":461565}]}},"yoast_head":"<!-- This site is optimized with the Yoast SEO Premium plugin v22.4 (Yoast SEO v23.7) - https:\/\/yoast.com\/wordpress\/plugins\/seo\/ -->\n<title>Buds 3 - Foscarini<\/title>\n<meta name=\"robots\" content=\"index, follow, max-snippet:-1, max-image-preview:large, max-video-preview:-1\" \/>\n<meta property=\"og:locale\" content=\"fr_FR\" \/>\n<meta property=\"og:type\" content=\"article\" \/>\n<meta property=\"og:title\" content=\"Buds 3\" \/>\n<meta property=\"og:description\" content=\"Lampe suspendue fournissant une lumi\u00e8re diffuse. Diffuseur en verre souffl\u00e9 \u00e0 la main, blanc \u00e0 l&#039;int\u00e9rieur et color\u00e9 \u00e0 l&#039;ext\u00e9rieur, avec finition polie. Avec l&#039;int\u00e9rieur jaune p\u00e2le \u00ab pagliesco \u00bb, la version \u00ab blanc chaud \u00bb appara\u00eet blanche lorsqu&#039;elle est \u00e9teinte et ivoire lorsqu&#039;elle est allum\u00e9e. Support de diffuseur en polycarbonate transparent moul\u00e9 par injection. C\u00e2ble porteur en acier inoxydable et c\u00e2ble \u00e9lectrique transparent. Rosace de plafond en ABS blanc poli. Kit de d\u00e9centralisation de la rosace disponible.\" \/>\n<meta property=\"og:url\" content=\"https:\/\/www.foscarini.com\/fr\/produit\/buds-3-buds-s-fr\/\" \/>\n<meta property=\"og:site_name\" content=\"Foscarini\" \/>\n<meta property=\"article:modified_time\" content=\"2025-06-11T11:25:17+00:00\" \/>\n<meta property=\"og:image\" content=\"https:\/\/www.foscarini.com\/wp-content\/uploads\/2025\/06\/buds-3_s_green-bamboo_22_786x865-1.jpg\" \/>\n\t<meta property=\"og:image:width\" content=\"786\" \/>\n\t<meta property=\"og:image:height\" content=\"865\" \/>\n\t<meta property=\"og:image:type\" content=\"image\/jpeg\" \/>\n<meta name=\"twitter:card\" content=\"summary_large_image\" \/>\n<meta name=\"twitter:label1\" content=\"Dur\u00e9e de lecture estim\u00e9e\" \/>\n\t<meta name=\"twitter:data1\" content=\"1 minute\" \/>\n<script type=\"application\/ld+json\" class=\"yoast-schema-graph\">{\"@context\":\"https:\/\/schema.org\",\"@graph\":[{\"@type\":\"WebPage\",\"@id\":\"https:\/\/www.foscarini.com\/fr\/produit\/buds-3-buds-s-fr\/\",\"url\":\"https:\/\/www.foscarini.com\/fr\/produit\/buds-3-buds-s-fr\/\",\"name\":\"Buds 3 - Foscarini\",\"isPartOf\":{\"@id\":\"https:\/\/www.foscarini.com\/#website\"},\"primaryImageOfPage\":{\"@id\":\"https:\/\/www.foscarini.com\/fr\/produit\/buds-3-buds-s-fr\/#primaryimage\"},\"image\":{\"@id\":\"https:\/\/www.foscarini.com\/fr\/produit\/buds-3-buds-s-fr\/#primaryimage\"},\"thumbnailUrl\":\"https:\/\/www.foscarini.com\/wp-content\/uploads\/2025\/06\/buds-3_s_green-bamboo_22_786x865-3.jpg\",\"datePublished\":\"2024-03-28T17:51:14+00:00\",\"dateModified\":\"2025-06-11T11:25:17+00:00\",\"breadcrumb\":{\"@id\":\"https:\/\/www.foscarini.com\/fr\/produit\/buds-3-buds-s-fr\/#breadcrumb\"},\"inLanguage\":\"fr-FR\",\"potentialAction\":[{\"@type\":\"ReadAction\",\"target\":[\"https:\/\/www.foscarini.com\/fr\/produit\/buds-3-buds-s-fr\/\"]}]},{\"@type\":\"ImageObject\",\"inLanguage\":\"fr-FR\",\"@id\":\"https:\/\/www.foscarini.com\/fr\/produit\/buds-3-buds-s-fr\/#primaryimage\",\"url\":\"https:\/\/www.foscarini.com\/wp-content\/uploads\/2025\/06\/buds-3_s_green-bamboo_22_786x865-3.jpg\",\"contentUrl\":\"https:\/\/www.foscarini.com\/wp-content\/uploads\/2025\/06\/buds-3_s_green-bamboo_22_786x865-3.jpg\",\"width\":786,\"height\":865},{\"@type\":\"BreadcrumbList\",\"@id\":\"https:\/\/www.foscarini.com\/fr\/produit\/buds-3-buds-s-fr\/#breadcrumb\",\"itemListElement\":[{\"@type\":\"ListItem\",\"position\":1,\"name\":\"Home\",\"item\":\"https:\/\/www.foscarini.com\/fr\/\"},{\"@type\":\"ListItem\",\"position\":2,\"name\":\"Boutique\",\"item\":\"https:\/\/www.foscarini.com\/fr\/boutique\/\"},{\"@type\":\"ListItem\",\"position\":3,\"name\":\"Buds 3\"}]},{\"@type\":\"WebSite\",\"@id\":\"https:\/\/www.foscarini.com\/#website\",\"url\":\"https:\/\/www.foscarini.com\/\",\"name\":\"Foscarini\",\"description\":\"\",\"potentialAction\":[{\"@type\":\"SearchAction\",\"target\":{\"@type\":\"EntryPoint\",\"urlTemplate\":\"https:\/\/www.foscarini.com\/?s={search_term_string}\"},\"query-input\":{\"@type\":\"PropertyValueSpecification\",\"valueRequired\":true,\"valueName\":\"search_term_string\"}}],\"inLanguage\":\"fr-FR\"}]}<\/script>\n<!-- \/ Yoast SEO Premium plugin. -->","yoast_head_json":{"title":"Buds 3 - Foscarini","robots":{"index":"index","follow":"follow","max-snippet":"max-snippet:-1","max-image-preview":"max-image-preview:large","max-video-preview":"max-video-preview:-1"},"og_locale":"fr_FR","og_type":"article","og_title":"Buds 3","og_description":"Lampe suspendue fournissant une lumi\u00e8re diffuse. Diffuseur en verre souffl\u00e9 \u00e0 la main, blanc \u00e0 l'int\u00e9rieur et color\u00e9 \u00e0 l'ext\u00e9rieur, avec finition polie. Avec l'int\u00e9rieur jaune p\u00e2le \u00ab pagliesco \u00bb, la version \u00ab blanc chaud \u00bb appara\u00eet blanche lorsqu'elle est \u00e9teinte et ivoire lorsqu'elle est allum\u00e9e. Support de diffuseur en polycarbonate transparent moul\u00e9 par injection. C\u00e2ble porteur en acier inoxydable et c\u00e2ble \u00e9lectrique transparent. Rosace de plafond en ABS blanc poli. Kit de d\u00e9centralisation de la rosace disponible.","og_url":"https:\/\/www.foscarini.com\/fr\/produit\/buds-3-buds-s-fr\/","og_site_name":"Foscarini","article_modified_time":"2025-06-11T11:25:17+00:00","og_image":[{"width":786,"height":865,"url":"https:\/\/www.foscarini.com\/wp-content\/uploads\/2025\/06\/buds-3_s_green-bamboo_22_786x865-1.jpg","type":"image\/jpeg"}],"twitter_card":"summary_large_image","twitter_misc":{"Dur\u00e9e de lecture estim\u00e9e":"1 minute"},"schema":{"@context":"https:\/\/schema.org","@graph":[{"@type":"WebPage","@id":"https:\/\/www.foscarini.com\/fr\/produit\/buds-3-buds-s-fr\/","url":"https:\/\/www.foscarini.com\/fr\/produit\/buds-3-buds-s-fr\/","name":"Buds 3 - Foscarini","isPartOf":{"@id":"https:\/\/www.foscarini.com\/#website"},"primaryImageOfPage":{"@id":"https:\/\/www.foscarini.com\/fr\/produit\/buds-3-buds-s-fr\/#primaryimage"},"image":{"@id":"https:\/\/www.foscarini.com\/fr\/produit\/buds-3-buds-s-fr\/#primaryimage"},"thumbnailUrl":"https:\/\/www.foscarini.com\/wp-content\/uploads\/2025\/06\/buds-3_s_green-bamboo_22_786x865-3.jpg","datePublished":"2024-03-28T17:51:14+00:00","dateModified":"2025-06-11T11:25:17+00:00","breadcrumb":{"@id":"https:\/\/www.foscarini.com\/fr\/produit\/buds-3-buds-s-fr\/#breadcrumb"},"inLanguage":"fr-FR","potentialAction":[{"@type":"ReadAction","target":["https:\/\/www.foscarini.com\/fr\/produit\/buds-3-buds-s-fr\/"]}]},{"@type":"ImageObject","inLanguage":"fr-FR","@id":"https:\/\/www.foscarini.com\/fr\/produit\/buds-3-buds-s-fr\/#primaryimage","url":"https:\/\/www.foscarini.com\/wp-content\/uploads\/2025\/06\/buds-3_s_green-bamboo_22_786x865-3.jpg","contentUrl":"https:\/\/www.foscarini.com\/wp-content\/uploads\/2025\/06\/buds-3_s_green-bamboo_22_786x865-3.jpg","width":786,"height":865},{"@type":"BreadcrumbList","@id":"https:\/\/www.foscarini.com\/fr\/produit\/buds-3-buds-s-fr\/#breadcrumb","itemListElement":[{"@type":"ListItem","position":1,"name":"Home","item":"https:\/\/www.foscarini.com\/fr\/"},{"@type":"ListItem","position":2,"name":"Boutique","item":"https:\/\/www.foscarini.com\/fr\/boutique\/"},{"@type":"ListItem","position":3,"name":"Buds 3"}]},{"@type":"WebSite","@id":"https:\/\/www.foscarini.com\/#website","url":"https:\/\/www.foscarini.com\/","name":"Foscarini","description":"","potentialAction":[{"@type":"SearchAction","target":{"@type":"EntryPoint","urlTemplate":"https:\/\/www.foscarini.com\/?s={search_term_string}"},"query-input":{"@type":"PropertyValueSpecification","valueRequired":true,"valueName":"search_term_string"}}],"inLanguage":"fr-FR"}]}},"_links":{"self":[{"href":"https:\/\/www.foscarini.com\/fr\/wp-json\/wp\/v2\/product\/192320"}],"collection":[{"href":"https:\/\/www.foscarini.com\/fr\/wp-json\/wp\/v2\/product"}],"about":[{"href":"https:\/\/www.foscarini.com\/fr\/wp-json\/wp\/v2\/types\/product"}],"replies":[{"embeddable":true,"href":"https:\/\/www.foscarini.com\/fr\/wp-json\/wp\/v2\/comments?post=192320"}],"wp:featuredmedia":[{"embeddable":true,"href":"https:\/\/www.foscarini.com\/fr\/wp-json\/wp\/v2\/media\/466150"}],"wp:attachment":[{"href":"https:\/\/www.foscarini.com\/fr\/wp-json\/wp\/v2\/media?parent=192320"}],"wp:term":[{"taxonomy":"product_cat","embeddable":true,"href":"https:\/\/www.foscarini.com\/fr\/wp-json\/wp\/v2\/product_cat?post=192320"},{"taxonomy":"product_tag","embeddable":true,"href":"https:\/\/www.foscarini.com\/fr\/wp-json\/wp\/v2\/product_tag?post=192320"},{"taxonomy":"materiale","embeddable":true,"href":"https:\/\/www.foscarini.com\/fr\/wp-json\/wp\/v2\/materiale?post=192320"},{"taxonomy":"altezza","embeddable":true,"href":"https:\/\/www.foscarini.com\/fr\/wp-json\/wp\/v2\/altezza?post=192320"},{"taxonomy":"larghezza","embeddable":true,"href":"https:\/\/www.foscarini.com\/fr\/wp-json\/wp\/v2\/larghezza?post=192320"},{"taxonomy":"profondita","embeddable":true,"href":"https:\/\/www.foscarini.com\/fr\/wp-json\/wp\/v2\/profondita?post=192320"},{"taxonomy":"peso","embeddable":true,"href":"https:\/\/www.foscarini.com\/fr\/wp-json\/wp\/v2\/peso?post=192320"},{"taxonomy":"designer-prodotto","embeddable":true,"href":"https:\/\/www.foscarini.com\/fr\/wp-json\/wp\/v2\/designer-prodotto?post=192320"}],"curies":[{"name":"wp","href":"https:\/\/api.w.org\/{rel}","templated":true}]}}