{"id":191294,"date":"2024-03-28T18:00:07","date_gmt":"2024-03-28T18:00:07","guid":{"rendered":"https:\/\/www.foscarini.com\/product\/gioia-std-w\/"},"modified":"2025-06-11T12:16:22","modified_gmt":"2025-06-11T12:16:22","slug":"gioia-std-w-fr","status":"publish","type":"product","link":"https:\/\/www.foscarini.com\/fr\/produit\/gioia-std-w-fr\/","title":{"rendered":"Gioia"},"content":{"rendered":"<p>La lampada Gioia \u00e8 un gioiello pensato per adornare una parete. La magia sta nella composizione: un elemento in marmo statuario collocato al centro di un disco in polimetilmetacrilato trasparente. I due elementi, liberi di muoversi, ricordano il ritmo oscillante di un orecchino.<\/p><section class=\"pdp__slider full-height-vh\">\n    <div class=\"swiper-container swiper__pdp\">\n        <div class=\"swiper-wrapper full-height\">\n                                <div class=\"swiper-slide\">\n                                                    <img decoding=\"async\" class=\"full-cover\" src=\"https:\/\/www.foscarini.com\/wp-content\/uploads\/2024\/03\/3.1_Gioia-150x150.jpg\" srcset=\"https:\/\/www.foscarini.com\/wp-content\/uploads\/2024\/03\/3.1_Gioia-300x250.jpg 300w, https:\/\/www.foscarini.com\/wp-content\/uploads\/2024\/03\/3.1_Gioia-1024x854.jpg 1024w, https:\/\/www.foscarini.com\/wp-content\/uploads\/2024\/03\/3.1_Gioia-768x641.jpg 768w, https:\/\/www.foscarini.com\/wp-content\/uploads\/2024\/03\/3.1_Gioia-1536x1282.jpg 1536w, https:\/\/www.foscarini.com\/wp-content\/uploads\/2024\/03\/3.1_Gioia-800x668.jpg 800w, https:\/\/www.foscarini.com\/wp-content\/uploads\/2024\/03\/3.1_Gioia.jpg 1776w\" alt=\"\" \/>\n                                                                        <\/div>\n                                        <div class=\"swiper-slide\">\n                                                    <img decoding=\"async\" class=\"full-cover\" src=\"https:\/\/www.foscarini.com\/wp-content\/uploads\/2024\/03\/3.2_Gioia-150x150.jpg\" srcset=\"https:\/\/www.foscarini.com\/wp-content\/uploads\/2024\/03\/3.2_Gioia-194x300.jpg 194w, https:\/\/www.foscarini.com\/wp-content\/uploads\/2024\/03\/3.2_Gioia-663x1024.jpg 663w, https:\/\/www.foscarini.com\/wp-content\/uploads\/2024\/03\/3.2_Gioia-768x1186.jpg 768w, https:\/\/www.foscarini.com\/wp-content\/uploads\/2024\/03\/3.2_Gioia-800x1235.jpg 800w, https:\/\/www.foscarini.com\/wp-content\/uploads\/2024\/03\/3.2_Gioia.jpg 960w\" alt=\"\" \/>\n                                                                        <\/div>\n                                        <div class=\"swiper-slide\">\n                                                    <img decoding=\"async\" class=\"full-cover\" src=\"https:\/\/www.foscarini.com\/wp-content\/uploads\/2024\/03\/3.3_Gioia-150x150.jpg\" srcset=\"https:\/\/www.foscarini.com\/wp-content\/uploads\/2024\/03\/3.3_Gioia-300x250.jpg 300w, https:\/\/www.foscarini.com\/wp-content\/uploads\/2024\/03\/3.3_Gioia-1024x854.jpg 1024w, https:\/\/www.foscarini.com\/wp-content\/uploads\/2024\/03\/3.3_Gioia-768x641.jpg 768w, https:\/\/www.foscarini.com\/wp-content\/uploads\/2024\/03\/3.3_Gioia-1536x1282.jpg 1536w, https:\/\/www.foscarini.com\/wp-content\/uploads\/2024\/03\/3.3_Gioia-800x668.jpg 800w, https:\/\/www.foscarini.com\/wp-content\/uploads\/2024\/03\/3.3_Gioia.jpg 1776w\" alt=\"\" \/>\n                                                                        <\/div>\n                                        <div class=\"swiper-slide\">\n                                                    <img decoding=\"async\" class=\"full-cover\" src=\"https:\/\/www.foscarini.com\/wp-content\/uploads\/2024\/03\/3.4_Gioia-150x150.jpg\" srcset=\"https:\/\/www.foscarini.com\/wp-content\/uploads\/2024\/03\/3.4_Gioia-194x300.jpg 194w, https:\/\/www.foscarini.com\/wp-content\/uploads\/2024\/03\/3.4_Gioia-663x1024.jpg 663w, https:\/\/www.foscarini.com\/wp-content\/uploads\/2024\/03\/3.4_Gioia-768x1186.jpg 768w, https:\/\/www.foscarini.com\/wp-content\/uploads\/2024\/03\/3.4_Gioia-800x1235.jpg 800w, https:\/\/www.foscarini.com\/wp-content\/uploads\/2024\/03\/3.4_Gioia.jpg 960w\" alt=\"\" \/>\n                                                                        <\/div>\n                                        <div class=\"swiper-slide\">\n                                                    <img decoding=\"async\" class=\"full-cover\" src=\"https:\/\/www.foscarini.com\/wp-content\/uploads\/2024\/03\/3.5_Gioia-150x150.jpg\" srcset=\"https:\/\/www.foscarini.com\/wp-content\/uploads\/2024\/03\/3.5_Gioia-300x250.jpg 300w, https:\/\/www.foscarini.com\/wp-content\/uploads\/2024\/03\/3.5_Gioia-1024x854.jpg 1024w, https:\/\/www.foscarini.com\/wp-content\/uploads\/2024\/03\/3.5_Gioia-768x641.jpg 768w, https:\/\/www.foscarini.com\/wp-content\/uploads\/2024\/03\/3.5_Gioia-1536x1282.jpg 1536w, https:\/\/www.foscarini.com\/wp-content\/uploads\/2024\/03\/3.5_Gioia-800x668.jpg 800w, https:\/\/www.foscarini.com\/wp-content\/uploads\/2024\/03\/3.5_Gioia.jpg 1776w\" alt=\"\" \/>\n                                                                        <\/div>\n                            <\/div>\n    <\/div>\n    <div class=\"swiper-scrollbar\"><\/div>\n    <div class=\"ct-arrow\">\n        <div class=\"swiper-button-prev\"><\/div>\n        <div class=\"swiper-button-next\"><\/div>\n    <\/div>\n<\/section>","protected":false},"excerpt":{"rendered":"<p>Applique murale fournissant une lumi\u00e8re diffuse et r\u00e9fl\u00e9chie. Une plaque de PMMA d\u00e9coup\u00e9e au laser abrite une dalle de marbre de Carrare \u00ab Gioia \u00bb, un marbre italien, caract\u00e9ris\u00e9 par des veines gris clair. L&#8217;anneau et le support qui ancrent le diffuseur au mur sont en laiton poli. Le panneau LED est prot\u00e9g\u00e9 par une capsule en polycarbonate opale fix\u00e9e au cadre en aluminium peint. La lampe est aliment\u00e9e par un c\u00e2ble \u00e9lectrique rond externe recouvert de tissu gris, l&#8217;interrupteur on\/off du c\u00e2ble est noir comme la prise. Le c\u00e2blage peut \u00eatre retir\u00e9.<\/p>\n","protected":false},"featured_media":467558,"comment_status":"open","ping_status":"closed","template":"","meta":{"_acf_changed":true},"product_cat":[709,649,716,955,5432],"product_tag":[],"materiale":[8205],"altezza":[10347],"larghezza":[8119],"profondita":[8382],"peso":[8924],"designer-prodotto":[8592],"class_list":{"0":"post-191294","1":"product","2":"type-product","3":"status-publish","4":"has-post-thumbnail","6":"product_cat-parete-fr","7":"product_cat-concetto-fr","8":"product_cat-funzione-fr","9":"product_cat-gioia-concetto-fr","10":"product_cat-gioia-famiglia-fr","11":"materiale-marmo-fr","12":"altezza-3-fr","13":"larghezza-15-34-fr","14":"profondita-15-34-fr","15":"peso-22-fr","16":"designer-prodotto-andrea-anastasio-fr","18":"first","19":"instock","20":"shipping-taxable","21":"purchasable","22":"product-type-variable"},"acf":{"preview_slider":{"titolo":"","testo":"","video_domanda":false,"link_video":""},"prodotto__immagine_preview":{"immagine":121508},"prodotto__slider":{"sottotitolo":"Andrea Anastasio (2019)","titolo":"La lampe Gioia est un bijou con\u00e7u pour orner un mur. La magie r\u00e9side dans la composition : un \u00e9l\u00e9ment en marbre statuaire plac\u00e9 au centre d'un disque transparent en polym\u00e9thacrylate de m\u00e9thyle. Les deux \u00e9l\u00e9ments, libres de leurs mouvements, rappellent le rythme oscillant d'une boucle d'oreille.","immagini":[{"immagine":415294,"immagine_mobile":null},{"immagine":415301,"immagine_mobile":null},{"immagine":415308,"immagine_mobile":null}]},"prodotto__slider_preview":null,"prodotto__specifiche":{"selezione":[{"scheda_tecnica":462298},{"scheda_tecnica":462306}]}},"yoast_head":"<!-- This site is optimized with the Yoast SEO Premium plugin v22.4 (Yoast SEO v23.7) - https:\/\/yoast.com\/wordpress\/plugins\/seo\/ -->\n<title>Gioia - Foscarini<\/title>\n<meta name=\"robots\" content=\"index, follow, max-snippet:-1, max-image-preview:large, max-video-preview:-1\" \/>\n<meta property=\"og:locale\" content=\"fr_FR\" \/>\n<meta property=\"og:type\" content=\"article\" \/>\n<meta property=\"og:title\" content=\"Gioia\" \/>\n<meta property=\"og:description\" content=\"Applique murale fournissant une lumi\u00e8re diffuse et r\u00e9fl\u00e9chie. Une plaque de PMMA d\u00e9coup\u00e9e au laser abrite une dalle de marbre de Carrare \u00ab Gioia \u00bb, un marbre italien, caract\u00e9ris\u00e9 par des veines gris clair. L&#039;anneau et le support qui ancrent le diffuseur au mur sont en laiton poli. Le panneau LED est prot\u00e9g\u00e9 par une capsule en polycarbonate opale fix\u00e9e au cadre en aluminium peint. La lampe est aliment\u00e9e par un c\u00e2ble \u00e9lectrique rond externe recouvert de tissu gris, l&#039;interrupteur on\/off du c\u00e2ble est noir comme la prise. Le c\u00e2blage peut \u00eatre retir\u00e9.\" \/>\n<meta property=\"og:url\" content=\"https:\/\/www.foscarini.com\/fr\/produit\/gioia-std-w-fr\/\" \/>\n<meta property=\"og:site_name\" content=\"Foscarini\" \/>\n<meta property=\"article:modified_time\" content=\"2025-06-11T12:16:22+00:00\" \/>\n<meta property=\"og:image\" content=\"https:\/\/www.foscarini.com\/wp-content\/uploads\/2025\/06\/gioia_w_green_22_786x865-1.jpg\" \/>\n\t<meta property=\"og:image:width\" content=\"786\" \/>\n\t<meta property=\"og:image:height\" content=\"865\" \/>\n\t<meta property=\"og:image:type\" content=\"image\/jpeg\" \/>\n<meta name=\"twitter:card\" content=\"summary_large_image\" \/>\n<meta name=\"twitter:label1\" content=\"Dur\u00e9e de lecture estim\u00e9e\" \/>\n\t<meta name=\"twitter:data1\" content=\"1 minute\" \/>\n<script type=\"application\/ld+json\" class=\"yoast-schema-graph\">{\"@context\":\"https:\/\/schema.org\",\"@graph\":[{\"@type\":\"WebPage\",\"@id\":\"https:\/\/www.foscarini.com\/fr\/produit\/gioia-std-w-fr\/\",\"url\":\"https:\/\/www.foscarini.com\/fr\/produit\/gioia-std-w-fr\/\",\"name\":\"Gioia - Foscarini\",\"isPartOf\":{\"@id\":\"https:\/\/www.foscarini.com\/#website\"},\"primaryImageOfPage\":{\"@id\":\"https:\/\/www.foscarini.com\/fr\/produit\/gioia-std-w-fr\/#primaryimage\"},\"image\":{\"@id\":\"https:\/\/www.foscarini.com\/fr\/produit\/gioia-std-w-fr\/#primaryimage\"},\"thumbnailUrl\":\"https:\/\/www.foscarini.com\/wp-content\/uploads\/2025\/06\/gioia_w_green_22_786x865-3.jpg\",\"datePublished\":\"2024-03-28T18:00:07+00:00\",\"dateModified\":\"2025-06-11T12:16:22+00:00\",\"breadcrumb\":{\"@id\":\"https:\/\/www.foscarini.com\/fr\/produit\/gioia-std-w-fr\/#breadcrumb\"},\"inLanguage\":\"fr-FR\",\"potentialAction\":[{\"@type\":\"ReadAction\",\"target\":[\"https:\/\/www.foscarini.com\/fr\/produit\/gioia-std-w-fr\/\"]}]},{\"@type\":\"ImageObject\",\"inLanguage\":\"fr-FR\",\"@id\":\"https:\/\/www.foscarini.com\/fr\/produit\/gioia-std-w-fr\/#primaryimage\",\"url\":\"https:\/\/www.foscarini.com\/wp-content\/uploads\/2025\/06\/gioia_w_green_22_786x865-3.jpg\",\"contentUrl\":\"https:\/\/www.foscarini.com\/wp-content\/uploads\/2025\/06\/gioia_w_green_22_786x865-3.jpg\",\"width\":786,\"height\":865},{\"@type\":\"BreadcrumbList\",\"@id\":\"https:\/\/www.foscarini.com\/fr\/produit\/gioia-std-w-fr\/#breadcrumb\",\"itemListElement\":[{\"@type\":\"ListItem\",\"position\":1,\"name\":\"Home\",\"item\":\"https:\/\/www.foscarini.com\/fr\/\"},{\"@type\":\"ListItem\",\"position\":2,\"name\":\"Boutique\",\"item\":\"https:\/\/www.foscarini.com\/fr\/boutique\/\"},{\"@type\":\"ListItem\",\"position\":3,\"name\":\"Gioia\"}]},{\"@type\":\"WebSite\",\"@id\":\"https:\/\/www.foscarini.com\/#website\",\"url\":\"https:\/\/www.foscarini.com\/\",\"name\":\"Foscarini\",\"description\":\"\",\"potentialAction\":[{\"@type\":\"SearchAction\",\"target\":{\"@type\":\"EntryPoint\",\"urlTemplate\":\"https:\/\/www.foscarini.com\/?s={search_term_string}\"},\"query-input\":{\"@type\":\"PropertyValueSpecification\",\"valueRequired\":true,\"valueName\":\"search_term_string\"}}],\"inLanguage\":\"fr-FR\"}]}<\/script>\n<!-- \/ Yoast SEO Premium plugin. -->","yoast_head_json":{"title":"Gioia - Foscarini","robots":{"index":"index","follow":"follow","max-snippet":"max-snippet:-1","max-image-preview":"max-image-preview:large","max-video-preview":"max-video-preview:-1"},"og_locale":"fr_FR","og_type":"article","og_title":"Gioia","og_description":"Applique murale fournissant une lumi\u00e8re diffuse et r\u00e9fl\u00e9chie. Une plaque de PMMA d\u00e9coup\u00e9e au laser abrite une dalle de marbre de Carrare \u00ab Gioia \u00bb, un marbre italien, caract\u00e9ris\u00e9 par des veines gris clair. L'anneau et le support qui ancrent le diffuseur au mur sont en laiton poli. Le panneau LED est prot\u00e9g\u00e9 par une capsule en polycarbonate opale fix\u00e9e au cadre en aluminium peint. La lampe est aliment\u00e9e par un c\u00e2ble \u00e9lectrique rond externe recouvert de tissu gris, l'interrupteur on\/off du c\u00e2ble est noir comme la prise. Le c\u00e2blage peut \u00eatre retir\u00e9.","og_url":"https:\/\/www.foscarini.com\/fr\/produit\/gioia-std-w-fr\/","og_site_name":"Foscarini","article_modified_time":"2025-06-11T12:16:22+00:00","og_image":[{"width":786,"height":865,"url":"https:\/\/www.foscarini.com\/wp-content\/uploads\/2025\/06\/gioia_w_green_22_786x865-1.jpg","type":"image\/jpeg"}],"twitter_card":"summary_large_image","twitter_misc":{"Dur\u00e9e de lecture estim\u00e9e":"1 minute"},"schema":{"@context":"https:\/\/schema.org","@graph":[{"@type":"WebPage","@id":"https:\/\/www.foscarini.com\/fr\/produit\/gioia-std-w-fr\/","url":"https:\/\/www.foscarini.com\/fr\/produit\/gioia-std-w-fr\/","name":"Gioia - Foscarini","isPartOf":{"@id":"https:\/\/www.foscarini.com\/#website"},"primaryImageOfPage":{"@id":"https:\/\/www.foscarini.com\/fr\/produit\/gioia-std-w-fr\/#primaryimage"},"image":{"@id":"https:\/\/www.foscarini.com\/fr\/produit\/gioia-std-w-fr\/#primaryimage"},"thumbnailUrl":"https:\/\/www.foscarini.com\/wp-content\/uploads\/2025\/06\/gioia_w_green_22_786x865-3.jpg","datePublished":"2024-03-28T18:00:07+00:00","dateModified":"2025-06-11T12:16:22+00:00","breadcrumb":{"@id":"https:\/\/www.foscarini.com\/fr\/produit\/gioia-std-w-fr\/#breadcrumb"},"inLanguage":"fr-FR","potentialAction":[{"@type":"ReadAction","target":["https:\/\/www.foscarini.com\/fr\/produit\/gioia-std-w-fr\/"]}]},{"@type":"ImageObject","inLanguage":"fr-FR","@id":"https:\/\/www.foscarini.com\/fr\/produit\/gioia-std-w-fr\/#primaryimage","url":"https:\/\/www.foscarini.com\/wp-content\/uploads\/2025\/06\/gioia_w_green_22_786x865-3.jpg","contentUrl":"https:\/\/www.foscarini.com\/wp-content\/uploads\/2025\/06\/gioia_w_green_22_786x865-3.jpg","width":786,"height":865},{"@type":"BreadcrumbList","@id":"https:\/\/www.foscarini.com\/fr\/produit\/gioia-std-w-fr\/#breadcrumb","itemListElement":[{"@type":"ListItem","position":1,"name":"Home","item":"https:\/\/www.foscarini.com\/fr\/"},{"@type":"ListItem","position":2,"name":"Boutique","item":"https:\/\/www.foscarini.com\/fr\/boutique\/"},{"@type":"ListItem","position":3,"name":"Gioia"}]},{"@type":"WebSite","@id":"https:\/\/www.foscarini.com\/#website","url":"https:\/\/www.foscarini.com\/","name":"Foscarini","description":"","potentialAction":[{"@type":"SearchAction","target":{"@type":"EntryPoint","urlTemplate":"https:\/\/www.foscarini.com\/?s={search_term_string}"},"query-input":{"@type":"PropertyValueSpecification","valueRequired":true,"valueName":"search_term_string"}}],"inLanguage":"fr-FR"}]}},"_links":{"self":[{"href":"https:\/\/www.foscarini.com\/fr\/wp-json\/wp\/v2\/product\/191294"}],"collection":[{"href":"https:\/\/www.foscarini.com\/fr\/wp-json\/wp\/v2\/product"}],"about":[{"href":"https:\/\/www.foscarini.com\/fr\/wp-json\/wp\/v2\/types\/product"}],"replies":[{"embeddable":true,"href":"https:\/\/www.foscarini.com\/fr\/wp-json\/wp\/v2\/comments?post=191294"}],"wp:featuredmedia":[{"embeddable":true,"href":"https:\/\/www.foscarini.com\/fr\/wp-json\/wp\/v2\/media\/467558"}],"wp:attachment":[{"href":"https:\/\/www.foscarini.com\/fr\/wp-json\/wp\/v2\/media?parent=191294"}],"wp:term":[{"taxonomy":"product_cat","embeddable":true,"href":"https:\/\/www.foscarini.com\/fr\/wp-json\/wp\/v2\/product_cat?post=191294"},{"taxonomy":"product_tag","embeddable":true,"href":"https:\/\/www.foscarini.com\/fr\/wp-json\/wp\/v2\/product_tag?post=191294"},{"taxonomy":"materiale","embeddable":true,"href":"https:\/\/www.foscarini.com\/fr\/wp-json\/wp\/v2\/materiale?post=191294"},{"taxonomy":"altezza","embeddable":true,"href":"https:\/\/www.foscarini.com\/fr\/wp-json\/wp\/v2\/altezza?post=191294"},{"taxonomy":"larghezza","embeddable":true,"href":"https:\/\/www.foscarini.com\/fr\/wp-json\/wp\/v2\/larghezza?post=191294"},{"taxonomy":"profondita","embeddable":true,"href":"https:\/\/www.foscarini.com\/fr\/wp-json\/wp\/v2\/profondita?post=191294"},{"taxonomy":"peso","embeddable":true,"href":"https:\/\/www.foscarini.com\/fr\/wp-json\/wp\/v2\/peso?post=191294"},{"taxonomy":"designer-prodotto","embeddable":true,"href":"https:\/\/www.foscarini.com\/fr\/wp-json\/wp\/v2\/designer-prodotto?post=191294"}],"curies":[{"name":"wp","href":"https:\/\/api.w.org\/{rel}","templated":true}]}}