{"id":191190,"date":"2024-03-28T17:54:24","date_gmt":"2024-03-28T17:54:24","guid":{"rendered":"https:\/\/www.foscarini.com\/product\/chouchin-2-bianco-chouchin-reverse-s\/"},"modified":"2025-06-11T11:48:22","modified_gmt":"2025-06-11T11:48:22","slug":"chouchin-2-bianco-chouchin-reverse-s-fr","status":"publish","type":"product","link":"https:\/\/www.foscarini.com\/fr\/produit\/chouchin-2-bianco-chouchin-reverse-s-fr\/","title":{"rendered":"Chouchin 2 Bianco"},"content":{"rendered":"<p>Rilettura in chiave design delle tradizionali lanterne giapponesi, la lampada a sospensione Chouchin Bianco 2 diffonde una calda luce nell\u2019ambiente e diretta verso il basso. Un anello inferiore caratterizza il diffusore di forma allungata in vetro soffiato.<\/p><section class=\"pdp__slider full-height-vh\">\n    <div class=\"swiper-container swiper__pdp\">\n        <div class=\"swiper-wrapper full-height\">\n                                <div class=\"swiper-slide\">\n                                                    <img decoding=\"async\" class=\"full-cover\" src=\"https:\/\/www.foscarini.com\/wp-content\/uploads\/2024\/03\/3.1_Chouchin-Bianco2-1-150x150.jpg\" srcset=\"https:\/\/www.foscarini.com\/wp-content\/uploads\/2024\/03\/3.1_Chouchin-Bianco2-1-300x200.jpg 300w, https:\/\/www.foscarini.com\/wp-content\/uploads\/2024\/03\/3.1_Chouchin-Bianco2-1-1024x683.jpg 1024w, https:\/\/www.foscarini.com\/wp-content\/uploads\/2024\/03\/3.1_Chouchin-Bianco2-1-768x512.jpg 768w, https:\/\/www.foscarini.com\/wp-content\/uploads\/2024\/03\/3.1_Chouchin-Bianco2-1-1536x1024.jpg 1536w, https:\/\/www.foscarini.com\/wp-content\/uploads\/2024\/03\/3.1_Chouchin-Bianco2-1-2048x1365.jpg 2048w, https:\/\/www.foscarini.com\/wp-content\/uploads\/2024\/03\/3.1_Chouchin-Bianco2-1-800x533.jpg 800w\" alt=\"\" \/>\n                                                                        <\/div>\n                                        <div class=\"swiper-slide\">\n                                                    <img decoding=\"async\" class=\"full-cover\" src=\"https:\/\/www.foscarini.com\/wp-content\/uploads\/2024\/03\/3.2_Chouchin-Bianco2-1-150x150.jpg\" srcset=\"https:\/\/www.foscarini.com\/wp-content\/uploads\/2024\/03\/3.2_Chouchin-Bianco2-1-199x300.jpg 199w, https:\/\/www.foscarini.com\/wp-content\/uploads\/2024\/03\/3.2_Chouchin-Bianco2-1-678x1024.jpg 678w, https:\/\/www.foscarini.com\/wp-content\/uploads\/2024\/03\/3.2_Chouchin-Bianco2-1-768x1160.jpg 768w, https:\/\/www.foscarini.com\/wp-content\/uploads\/2024\/03\/3.2_Chouchin-Bianco2-1-800x1208.jpg 800w, https:\/\/www.foscarini.com\/wp-content\/uploads\/2024\/03\/3.2_Chouchin-Bianco2-1.jpg 980w\" alt=\"\" \/>\n                                                                        <\/div>\n                                        <div class=\"swiper-slide\">\n                                                    <img decoding=\"async\" class=\"full-cover\" src=\"https:\/\/www.foscarini.com\/wp-content\/uploads\/2024\/03\/3.3_Chouchin-Bianco2-1-150x150.jpg\" srcset=\"https:\/\/www.foscarini.com\/wp-content\/uploads\/2024\/03\/3.3_Chouchin-Bianco2-1-199x300.jpg 199w, https:\/\/www.foscarini.com\/wp-content\/uploads\/2024\/03\/3.3_Chouchin-Bianco2-1-678x1024.jpg 678w, https:\/\/www.foscarini.com\/wp-content\/uploads\/2024\/03\/3.3_Chouchin-Bianco2-1-768x1160.jpg 768w, https:\/\/www.foscarini.com\/wp-content\/uploads\/2024\/03\/3.3_Chouchin-Bianco2-1-800x1208.jpg 800w, https:\/\/www.foscarini.com\/wp-content\/uploads\/2024\/03\/3.3_Chouchin-Bianco2-1.jpg 980w\" alt=\"\" \/>\n                                                                        <\/div>\n                                        <div class=\"swiper-slide\">\n                                                    <img decoding=\"async\" class=\"full-cover\" src=\"https:\/\/www.foscarini.com\/wp-content\/uploads\/2024\/03\/3.5_Chouchin-Bianco2-1-150x150.jpg\" srcset=\"https:\/\/www.foscarini.com\/wp-content\/uploads\/2024\/03\/3.5_Chouchin-Bianco2-1-199x300.jpg 199w, https:\/\/www.foscarini.com\/wp-content\/uploads\/2024\/03\/3.5_Chouchin-Bianco2-1-678x1024.jpg 678w, https:\/\/www.foscarini.com\/wp-content\/uploads\/2024\/03\/3.5_Chouchin-Bianco2-1-768x1160.jpg 768w, https:\/\/www.foscarini.com\/wp-content\/uploads\/2024\/03\/3.5_Chouchin-Bianco2-1-800x1208.jpg 800w, https:\/\/www.foscarini.com\/wp-content\/uploads\/2024\/03\/3.5_Chouchin-Bianco2-1.jpg 980w\" alt=\"\" \/>\n                                                                        <\/div>\n                                        <div class=\"swiper-slide\">\n                                                    <img decoding=\"async\" class=\"full-cover\" src=\"https:\/\/www.foscarini.com\/wp-content\/uploads\/2024\/03\/3.6_Chouchin-Bianco2-1-150x150.jpg\" srcset=\"https:\/\/www.foscarini.com\/wp-content\/uploads\/2024\/03\/3.6_Chouchin-Bianco2-1-300x200.jpg 300w, https:\/\/www.foscarini.com\/wp-content\/uploads\/2024\/03\/3.6_Chouchin-Bianco2-1-1024x683.jpg 1024w, https:\/\/www.foscarini.com\/wp-content\/uploads\/2024\/03\/3.6_Chouchin-Bianco2-1-768x512.jpg 768w, https:\/\/www.foscarini.com\/wp-content\/uploads\/2024\/03\/3.6_Chouchin-Bianco2-1-1536x1024.jpg 1536w, https:\/\/www.foscarini.com\/wp-content\/uploads\/2024\/03\/3.6_Chouchin-Bianco2-1-2048x1365.jpg 2048w, https:\/\/www.foscarini.com\/wp-content\/uploads\/2024\/03\/3.6_Chouchin-Bianco2-1-800x533.jpg 800w\" alt=\"\" \/>\n                                                                        <\/div>\n                                        <div class=\"swiper-slide\">\n                                                    <img decoding=\"async\" class=\"full-cover\" src=\"https:\/\/www.foscarini.com\/wp-content\/uploads\/2024\/03\/3.7_Chouchin-Bianco2-1-150x150.jpg\" srcset=\"https:\/\/www.foscarini.com\/wp-content\/uploads\/2024\/03\/3.7_Chouchin-Bianco2-1-300x200.jpg 300w, https:\/\/www.foscarini.com\/wp-content\/uploads\/2024\/03\/3.7_Chouchin-Bianco2-1-1024x683.jpg 1024w, https:\/\/www.foscarini.com\/wp-content\/uploads\/2024\/03\/3.7_Chouchin-Bianco2-1-768x512.jpg 768w, https:\/\/www.foscarini.com\/wp-content\/uploads\/2024\/03\/3.7_Chouchin-Bianco2-1-1536x1024.jpg 1536w, https:\/\/www.foscarini.com\/wp-content\/uploads\/2024\/03\/3.7_Chouchin-Bianco2-1-2048x1365.jpg 2048w, https:\/\/www.foscarini.com\/wp-content\/uploads\/2024\/03\/3.7_Chouchin-Bianco2-1-800x533.jpg 800w\" alt=\"\" \/>\n                                                                        <\/div>\n                            <\/div>\n    <\/div>\n    <div class=\"swiper-scrollbar\"><\/div>\n    <div class=\"ct-arrow\">\n        <div class=\"swiper-button-prev\"><\/div>\n        <div class=\"swiper-button-next\"><\/div>\n    <\/div>\n<\/section>","protected":false},"excerpt":{"rendered":"<p>Lampe suspendue fournissant une lumi\u00e8re diffuse et descendante. Diffuseur en verre stratifi\u00e9 souffl\u00e9 \u00e0 la main, finition polie. C\u00e2ble porteur en acier inoxydable et c\u00e2ble \u00e9lectrique transparent. Rosace de plafond avec support en m\u00e9tal galvanis\u00e9 et couvercle en ABS blanc brillant. Kit de d\u00e9centralisation de la rosace et rosace pour compositions multiples disponibles.<\/p>\n","protected":false},"featured_media":466707,"comment_status":"open","ping_status":"closed","template":"","meta":{"_acf_changed":true},"product_cat":[1018,5384,649,716,749],"product_tag":[],"materiale":[8167],"altezza":[8759],"larghezza":[11467],"profondita":[11349],"peso":[9204],"designer-prodotto":[7825],"class_list":{"0":"post-191190","1":"product","2":"type-product","3":"status-publish","4":"has-post-thumbnail","6":"product_cat-chouchin-concetto-fr","7":"product_cat-chouchin-reverse-famiglia-fr","8":"product_cat-concetto-fr","9":"product_cat-funzione-fr","10":"product_cat-sospensione-fr","11":"materiale-vetro-e-vetro-soffiato-fr","12":"altezza-17-fr","13":"larghezza-8-78-fr","14":"profondita-8-78-fr","15":"peso-29-fr","16":"designer-prodotto-ionna-vautrin-fr","18":"first","19":"instock","20":"shipping-taxable","21":"purchasable","22":"product-type-variable"},"acf":{"preview_slider":{"titolo":"","testo":"","video_domanda":false,"link_video":""},"prodotto__immagine_preview":{"immagine":120632},"prodotto__slider":{"sottotitolo":"Ionna Vautrin (2015-2021)","titolo":"R\u00e9interpr\u00e9tation design des lanternes traditionnelles japonaises, la lampe suspendue Chouchin Bianco 2 diffuse une lumi\u00e8re chaude dans la pi\u00e8ce et dirig\u00e9e vers le bas. Un anneau inf\u00e9rieur caract\u00e9rise le diffuseur de forme allong\u00e9e en verre souffl\u00e9.","immagini":[{"immagine":309224,"immagine_mobile":null}]},"prodotto__slider_preview":null,"prodotto__specifiche":{"selezione":[{"scheda_tecnica":461886},{"scheda_tecnica":461887}]}},"yoast_head":"<!-- This site is optimized with the Yoast SEO Premium plugin v22.4 (Yoast SEO v23.7) - https:\/\/yoast.com\/wordpress\/plugins\/seo\/ -->\n<title>Chouchin 2 Bianco - Foscarini<\/title>\n<meta name=\"robots\" content=\"index, follow, max-snippet:-1, max-image-preview:large, max-video-preview:-1\" \/>\n<meta property=\"og:locale\" content=\"fr_FR\" \/>\n<meta property=\"og:type\" content=\"article\" \/>\n<meta property=\"og:title\" content=\"Chouchin 2 Bianco\" \/>\n<meta property=\"og:description\" content=\"Lampe suspendue fournissant une lumi\u00e8re diffuse et descendante. Diffuseur en verre stratifi\u00e9 souffl\u00e9 \u00e0 la main, finition polie. C\u00e2ble porteur en acier inoxydable et c\u00e2ble \u00e9lectrique transparent. Rosace de plafond avec support en m\u00e9tal galvanis\u00e9 et couvercle en ABS blanc brillant. Kit de d\u00e9centralisation de la rosace et rosace pour compositions multiples disponibles.\" \/>\n<meta property=\"og:url\" content=\"https:\/\/www.foscarini.com\/fr\/produit\/chouchin-2-bianco-chouchin-reverse-s-fr\/\" \/>\n<meta property=\"og:site_name\" content=\"Foscarini\" \/>\n<meta property=\"article:modified_time\" content=\"2025-06-11T11:48:22+00:00\" \/>\n<meta property=\"og:image\" content=\"https:\/\/www.foscarini.com\/wp-content\/uploads\/2025\/06\/chouchin-2-bianco_s_white_22_786x865-1.jpg\" \/>\n\t<meta property=\"og:image:width\" content=\"786\" \/>\n\t<meta property=\"og:image:height\" content=\"865\" \/>\n\t<meta property=\"og:image:type\" content=\"image\/jpeg\" \/>\n<meta name=\"twitter:card\" content=\"summary_large_image\" \/>\n<meta name=\"twitter:label1\" content=\"Dur\u00e9e de lecture estim\u00e9e\" \/>\n\t<meta name=\"twitter:data1\" content=\"1 minute\" \/>\n<script type=\"application\/ld+json\" class=\"yoast-schema-graph\">{\"@context\":\"https:\/\/schema.org\",\"@graph\":[{\"@type\":\"WebPage\",\"@id\":\"https:\/\/www.foscarini.com\/fr\/produit\/chouchin-2-bianco-chouchin-reverse-s-fr\/\",\"url\":\"https:\/\/www.foscarini.com\/fr\/produit\/chouchin-2-bianco-chouchin-reverse-s-fr\/\",\"name\":\"Chouchin 2 Bianco - Foscarini\",\"isPartOf\":{\"@id\":\"https:\/\/www.foscarini.com\/#website\"},\"primaryImageOfPage\":{\"@id\":\"https:\/\/www.foscarini.com\/fr\/produit\/chouchin-2-bianco-chouchin-reverse-s-fr\/#primaryimage\"},\"image\":{\"@id\":\"https:\/\/www.foscarini.com\/fr\/produit\/chouchin-2-bianco-chouchin-reverse-s-fr\/#primaryimage\"},\"thumbnailUrl\":\"https:\/\/www.foscarini.com\/wp-content\/uploads\/2025\/06\/chouchin-2-bianco_s_white_22_786x865-3.jpg\",\"datePublished\":\"2024-03-28T17:54:24+00:00\",\"dateModified\":\"2025-06-11T11:48:22+00:00\",\"breadcrumb\":{\"@id\":\"https:\/\/www.foscarini.com\/fr\/produit\/chouchin-2-bianco-chouchin-reverse-s-fr\/#breadcrumb\"},\"inLanguage\":\"fr-FR\",\"potentialAction\":[{\"@type\":\"ReadAction\",\"target\":[\"https:\/\/www.foscarini.com\/fr\/produit\/chouchin-2-bianco-chouchin-reverse-s-fr\/\"]}]},{\"@type\":\"ImageObject\",\"inLanguage\":\"fr-FR\",\"@id\":\"https:\/\/www.foscarini.com\/fr\/produit\/chouchin-2-bianco-chouchin-reverse-s-fr\/#primaryimage\",\"url\":\"https:\/\/www.foscarini.com\/wp-content\/uploads\/2025\/06\/chouchin-2-bianco_s_white_22_786x865-3.jpg\",\"contentUrl\":\"https:\/\/www.foscarini.com\/wp-content\/uploads\/2025\/06\/chouchin-2-bianco_s_white_22_786x865-3.jpg\",\"width\":786,\"height\":865},{\"@type\":\"BreadcrumbList\",\"@id\":\"https:\/\/www.foscarini.com\/fr\/produit\/chouchin-2-bianco-chouchin-reverse-s-fr\/#breadcrumb\",\"itemListElement\":[{\"@type\":\"ListItem\",\"position\":1,\"name\":\"Home\",\"item\":\"https:\/\/www.foscarini.com\/fr\/\"},{\"@type\":\"ListItem\",\"position\":2,\"name\":\"Boutique\",\"item\":\"https:\/\/www.foscarini.com\/fr\/boutique\/\"},{\"@type\":\"ListItem\",\"position\":3,\"name\":\"Chouchin 2 Bianco\"}]},{\"@type\":\"WebSite\",\"@id\":\"https:\/\/www.foscarini.com\/#website\",\"url\":\"https:\/\/www.foscarini.com\/\",\"name\":\"Foscarini\",\"description\":\"\",\"potentialAction\":[{\"@type\":\"SearchAction\",\"target\":{\"@type\":\"EntryPoint\",\"urlTemplate\":\"https:\/\/www.foscarini.com\/?s={search_term_string}\"},\"query-input\":{\"@type\":\"PropertyValueSpecification\",\"valueRequired\":true,\"valueName\":\"search_term_string\"}}],\"inLanguage\":\"fr-FR\"}]}<\/script>\n<!-- \/ Yoast SEO Premium plugin. -->","yoast_head_json":{"title":"Chouchin 2 Bianco - Foscarini","robots":{"index":"index","follow":"follow","max-snippet":"max-snippet:-1","max-image-preview":"max-image-preview:large","max-video-preview":"max-video-preview:-1"},"og_locale":"fr_FR","og_type":"article","og_title":"Chouchin 2 Bianco","og_description":"Lampe suspendue fournissant une lumi\u00e8re diffuse et descendante. Diffuseur en verre stratifi\u00e9 souffl\u00e9 \u00e0 la main, finition polie. C\u00e2ble porteur en acier inoxydable et c\u00e2ble \u00e9lectrique transparent. Rosace de plafond avec support en m\u00e9tal galvanis\u00e9 et couvercle en ABS blanc brillant. Kit de d\u00e9centralisation de la rosace et rosace pour compositions multiples disponibles.","og_url":"https:\/\/www.foscarini.com\/fr\/produit\/chouchin-2-bianco-chouchin-reverse-s-fr\/","og_site_name":"Foscarini","article_modified_time":"2025-06-11T11:48:22+00:00","og_image":[{"width":786,"height":865,"url":"https:\/\/www.foscarini.com\/wp-content\/uploads\/2025\/06\/chouchin-2-bianco_s_white_22_786x865-1.jpg","type":"image\/jpeg"}],"twitter_card":"summary_large_image","twitter_misc":{"Dur\u00e9e de lecture estim\u00e9e":"1 minute"},"schema":{"@context":"https:\/\/schema.org","@graph":[{"@type":"WebPage","@id":"https:\/\/www.foscarini.com\/fr\/produit\/chouchin-2-bianco-chouchin-reverse-s-fr\/","url":"https:\/\/www.foscarini.com\/fr\/produit\/chouchin-2-bianco-chouchin-reverse-s-fr\/","name":"Chouchin 2 Bianco - Foscarini","isPartOf":{"@id":"https:\/\/www.foscarini.com\/#website"},"primaryImageOfPage":{"@id":"https:\/\/www.foscarini.com\/fr\/produit\/chouchin-2-bianco-chouchin-reverse-s-fr\/#primaryimage"},"image":{"@id":"https:\/\/www.foscarini.com\/fr\/produit\/chouchin-2-bianco-chouchin-reverse-s-fr\/#primaryimage"},"thumbnailUrl":"https:\/\/www.foscarini.com\/wp-content\/uploads\/2025\/06\/chouchin-2-bianco_s_white_22_786x865-3.jpg","datePublished":"2024-03-28T17:54:24+00:00","dateModified":"2025-06-11T11:48:22+00:00","breadcrumb":{"@id":"https:\/\/www.foscarini.com\/fr\/produit\/chouchin-2-bianco-chouchin-reverse-s-fr\/#breadcrumb"},"inLanguage":"fr-FR","potentialAction":[{"@type":"ReadAction","target":["https:\/\/www.foscarini.com\/fr\/produit\/chouchin-2-bianco-chouchin-reverse-s-fr\/"]}]},{"@type":"ImageObject","inLanguage":"fr-FR","@id":"https:\/\/www.foscarini.com\/fr\/produit\/chouchin-2-bianco-chouchin-reverse-s-fr\/#primaryimage","url":"https:\/\/www.foscarini.com\/wp-content\/uploads\/2025\/06\/chouchin-2-bianco_s_white_22_786x865-3.jpg","contentUrl":"https:\/\/www.foscarini.com\/wp-content\/uploads\/2025\/06\/chouchin-2-bianco_s_white_22_786x865-3.jpg","width":786,"height":865},{"@type":"BreadcrumbList","@id":"https:\/\/www.foscarini.com\/fr\/produit\/chouchin-2-bianco-chouchin-reverse-s-fr\/#breadcrumb","itemListElement":[{"@type":"ListItem","position":1,"name":"Home","item":"https:\/\/www.foscarini.com\/fr\/"},{"@type":"ListItem","position":2,"name":"Boutique","item":"https:\/\/www.foscarini.com\/fr\/boutique\/"},{"@type":"ListItem","position":3,"name":"Chouchin 2 Bianco"}]},{"@type":"WebSite","@id":"https:\/\/www.foscarini.com\/#website","url":"https:\/\/www.foscarini.com\/","name":"Foscarini","description":"","potentialAction":[{"@type":"SearchAction","target":{"@type":"EntryPoint","urlTemplate":"https:\/\/www.foscarini.com\/?s={search_term_string}"},"query-input":{"@type":"PropertyValueSpecification","valueRequired":true,"valueName":"search_term_string"}}],"inLanguage":"fr-FR"}]}},"_links":{"self":[{"href":"https:\/\/www.foscarini.com\/fr\/wp-json\/wp\/v2\/product\/191190"}],"collection":[{"href":"https:\/\/www.foscarini.com\/fr\/wp-json\/wp\/v2\/product"}],"about":[{"href":"https:\/\/www.foscarini.com\/fr\/wp-json\/wp\/v2\/types\/product"}],"replies":[{"embeddable":true,"href":"https:\/\/www.foscarini.com\/fr\/wp-json\/wp\/v2\/comments?post=191190"}],"wp:featuredmedia":[{"embeddable":true,"href":"https:\/\/www.foscarini.com\/fr\/wp-json\/wp\/v2\/media\/466707"}],"wp:attachment":[{"href":"https:\/\/www.foscarini.com\/fr\/wp-json\/wp\/v2\/media?parent=191190"}],"wp:term":[{"taxonomy":"product_cat","embeddable":true,"href":"https:\/\/www.foscarini.com\/fr\/wp-json\/wp\/v2\/product_cat?post=191190"},{"taxonomy":"product_tag","embeddable":true,"href":"https:\/\/www.foscarini.com\/fr\/wp-json\/wp\/v2\/product_tag?post=191190"},{"taxonomy":"materiale","embeddable":true,"href":"https:\/\/www.foscarini.com\/fr\/wp-json\/wp\/v2\/materiale?post=191190"},{"taxonomy":"altezza","embeddable":true,"href":"https:\/\/www.foscarini.com\/fr\/wp-json\/wp\/v2\/altezza?post=191190"},{"taxonomy":"larghezza","embeddable":true,"href":"https:\/\/www.foscarini.com\/fr\/wp-json\/wp\/v2\/larghezza?post=191190"},{"taxonomy":"profondita","embeddable":true,"href":"https:\/\/www.foscarini.com\/fr\/wp-json\/wp\/v2\/profondita?post=191190"},{"taxonomy":"peso","embeddable":true,"href":"https:\/\/www.foscarini.com\/fr\/wp-json\/wp\/v2\/peso?post=191190"},{"taxonomy":"designer-prodotto","embeddable":true,"href":"https:\/\/www.foscarini.com\/fr\/wp-json\/wp\/v2\/designer-prodotto?post=191190"}],"curies":[{"name":"wp","href":"https:\/\/api.w.org\/{rel}","templated":true}]}}