{"id":191124,"date":"2024-03-28T17:48:27","date_gmt":"2024-03-28T17:48:27","guid":{"rendered":"https:\/\/www.foscarini.com\/product\/birdie-std-w\/"},"modified":"2025-06-11T11:09:51","modified_gmt":"2025-06-11T11:09:51","slug":"birdie-std-w-fr","status":"publish","type":"product","link":"https:\/\/www.foscarini.com\/fr\/produit\/birdie-std-w-fr\/","title":{"rendered":"Birdie"},"content":{"rendered":"<p>Interpreta in chiave design la classica forma delle lampade con paralume. La versione a parete di Birdie coniuga segno leggero e familiare a un carattere deciso.<\/p><section class=\"pdp__slider full-height-vh\">\n    <div class=\"swiper-container swiper__pdp\">\n        <div class=\"swiper-wrapper full-height\">\n                                <div class=\"swiper-slide\">\n                                                    <img decoding=\"async\" class=\"full-cover\" src=\"https:\/\/www.foscarini.com\/wp-content\/uploads\/2024\/03\/3.1_Birdie-5-150x150.jpg\" srcset=\"https:\/\/www.foscarini.com\/wp-content\/uploads\/2024\/03\/3.1_Birdie-5-300x250.jpg 300w, https:\/\/www.foscarini.com\/wp-content\/uploads\/2024\/03\/3.1_Birdie-5-1024x854.jpg 1024w, https:\/\/www.foscarini.com\/wp-content\/uploads\/2024\/03\/3.1_Birdie-5-768x641.jpg 768w, https:\/\/www.foscarini.com\/wp-content\/uploads\/2024\/03\/3.1_Birdie-5-1536x1282.jpg 1536w, https:\/\/www.foscarini.com\/wp-content\/uploads\/2024\/03\/3.1_Birdie-5-800x668.jpg 800w, https:\/\/www.foscarini.com\/wp-content\/uploads\/2024\/03\/3.1_Birdie-5.jpg 1776w\" alt=\"\" \/>\n                                                                        <\/div>\n                                        <div class=\"swiper-slide\">\n                                                    <img decoding=\"async\" class=\"full-cover\" src=\"https:\/\/www.foscarini.com\/wp-content\/uploads\/2024\/03\/3.2_Birdie-3-150x150.jpg\" srcset=\"https:\/\/www.foscarini.com\/wp-content\/uploads\/2024\/03\/3.2_Birdie-3-300x250.jpg 300w, https:\/\/www.foscarini.com\/wp-content\/uploads\/2024\/03\/3.2_Birdie-3-1024x855.jpg 1024w, https:\/\/www.foscarini.com\/wp-content\/uploads\/2024\/03\/3.2_Birdie-3-768x641.jpg 768w, https:\/\/www.foscarini.com\/wp-content\/uploads\/2024\/03\/3.2_Birdie-3-1536x1282.jpg 1536w, https:\/\/www.foscarini.com\/wp-content\/uploads\/2024\/03\/3.2_Birdie-3-800x668.jpg 800w, https:\/\/www.foscarini.com\/wp-content\/uploads\/2024\/03\/3.2_Birdie-3.jpg 1775w\" alt=\"\" \/>\n                                                                        <\/div>\n                                        <div class=\"swiper-slide\">\n                                                    <img decoding=\"async\" class=\"full-cover\" src=\"https:\/\/www.foscarini.com\/wp-content\/uploads\/2024\/03\/3.3_Birdie-3-150x150.jpg\" srcset=\"https:\/\/www.foscarini.com\/wp-content\/uploads\/2024\/03\/3.3_Birdie-3-300x250.jpg 300w, https:\/\/www.foscarini.com\/wp-content\/uploads\/2024\/03\/3.3_Birdie-3-1024x854.jpg 1024w, https:\/\/www.foscarini.com\/wp-content\/uploads\/2024\/03\/3.3_Birdie-3-768x641.jpg 768w, https:\/\/www.foscarini.com\/wp-content\/uploads\/2024\/03\/3.3_Birdie-3-1536x1281.jpg 1536w, https:\/\/www.foscarini.com\/wp-content\/uploads\/2024\/03\/3.3_Birdie-3-800x667.jpg 800w, https:\/\/www.foscarini.com\/wp-content\/uploads\/2024\/03\/3.3_Birdie-3.jpg 1777w\" alt=\"\" \/>\n                                                                        <\/div>\n                            <\/div>\n    <\/div>\n    <div class=\"swiper-scrollbar\"><\/div>\n    <div class=\"ct-arrow\">\n        <div class=\"swiper-button-prev\"><\/div>\n        <div class=\"swiper-button-next\"><\/div>\n    <\/div>\n<\/section>","protected":false},"excerpt":{"rendered":"<p>Applique murale fournissant une lumi\u00e8re diffuse. Plaque de fixation murale et rosace de recouvrement en zinc moul\u00e9 sous pression \u00e0 rev\u00eatement liquide, bras et support de diffuseur en acier \u00e0 rev\u00eatement liquide. Diffuseur int\u00e9rieur en polycarbonate opale et diffuseur ext\u00e9rieur en polycarbonate translucide, tous deux moul\u00e9s par injection. Dans la version \u00e0 variateur tactile, le capteur est situ\u00e9 \u00e0 l&#8217;extr\u00e9mit\u00e9 du bras, con\u00e7u comme une brindille, pr\u00eate \u00e0 recevoir un oiselet bras, con\u00e7u comme une brindille, pr\u00eat \u00e0 recevoir un birdie, d&#8217;o\u00f9 le nom \u00ab birdie \u00bb en anglais.<\/p>\n","protected":false},"featured_media":465905,"comment_status":"open","ping_status":"closed","template":"","meta":{"_acf_changed":true},"product_cat":[709,1074,5330,649,716],"product_tag":[],"materiale":[8328],"altezza":[12233],"larghezza":[8424],"profondita":[10764],"peso":[7808],"designer-prodotto":[7900],"class_list":{"0":"post-191124","1":"product","2":"type-product","3":"status-publish","4":"has-post-thumbnail","6":"product_cat-parete-fr","7":"product_cat-birdie-concetto-fr","8":"product_cat-birdie-famiglia-fr","9":"product_cat-concetto-fr","10":"product_cat-funzione-fr","11":"materiale-materiale-plastico-fr","12":"altezza-9-12-fr","13":"larghezza-16-58-fr","14":"profondita-6-78-fr","15":"peso-16-fr","16":"designer-prodotto-ludovica-e-roberto-palomba-fr","18":"first","19":"instock","20":"shipping-taxable","21":"purchasable","22":"product-type-variable"},"acf":{"preview_slider":{"titolo":"","testo":"","video_domanda":false,"link_video":""},"prodotto__immagine_preview":{"immagine":119939},"prodotto__slider":{"sottotitolo":"Ludovica+Roberto Palomba (2012)","titolo":"Elle interpr\u00e8te la forme classique des lampes avec abat-jour fa\u00e7on design. La version murale de Birdie combine un signe l\u00e9ger et familier avec un caract\u00e8re fort.","immagini":[{"immagine":414808,"immagine_mobile":null}]},"prodotto__slider_preview":null,"prodotto__specifiche":{"selezione":[{"scheda_tecnica":461367}]}},"yoast_head":"<!-- This site is optimized with the Yoast SEO Premium plugin v22.4 (Yoast SEO v23.7) - https:\/\/yoast.com\/wordpress\/plugins\/seo\/ -->\n<title>Birdie - Foscarini<\/title>\n<meta name=\"robots\" content=\"index, follow, max-snippet:-1, max-image-preview:large, max-video-preview:-1\" \/>\n<meta property=\"og:locale\" content=\"fr_FR\" \/>\n<meta property=\"og:type\" content=\"article\" \/>\n<meta property=\"og:title\" content=\"Birdie\" \/>\n<meta property=\"og:description\" content=\"Applique murale fournissant une lumi\u00e8re diffuse. Plaque de fixation murale et rosace de recouvrement en zinc moul\u00e9 sous pression \u00e0 rev\u00eatement liquide, bras et support de diffuseur en acier \u00e0 rev\u00eatement liquide. Diffuseur int\u00e9rieur en polycarbonate opale et diffuseur ext\u00e9rieur en polycarbonate translucide, tous deux moul\u00e9s par injection. Dans la version \u00e0 variateur tactile, le capteur est situ\u00e9 \u00e0 l&#039;extr\u00e9mit\u00e9 du bras, con\u00e7u comme une brindille, pr\u00eate \u00e0 recevoir un oiselet bras, con\u00e7u comme une brindille, pr\u00eat \u00e0 recevoir un birdie, d&#039;o\u00f9 le nom \u00ab birdie \u00bb en anglais.\" \/>\n<meta property=\"og:url\" content=\"https:\/\/www.foscarini.com\/fr\/produit\/birdie-std-w-fr\/\" \/>\n<meta property=\"og:site_name\" content=\"Foscarini\" \/>\n<meta property=\"article:modified_time\" content=\"2025-06-11T11:09:51+00:00\" \/>\n<meta property=\"og:image\" content=\"https:\/\/www.foscarini.com\/wp-content\/uploads\/2025\/06\/birdie_w_white_22_786x865-1.jpg\" \/>\n\t<meta property=\"og:image:width\" content=\"786\" \/>\n\t<meta property=\"og:image:height\" content=\"865\" \/>\n\t<meta property=\"og:image:type\" content=\"image\/jpeg\" \/>\n<meta name=\"twitter:card\" content=\"summary_large_image\" \/>\n<meta name=\"twitter:label1\" content=\"Dur\u00e9e de lecture estim\u00e9e\" \/>\n\t<meta name=\"twitter:data1\" content=\"1 minute\" \/>\n<script type=\"application\/ld+json\" class=\"yoast-schema-graph\">{\"@context\":\"https:\/\/schema.org\",\"@graph\":[{\"@type\":\"WebPage\",\"@id\":\"https:\/\/www.foscarini.com\/fr\/produit\/birdie-std-w-fr\/\",\"url\":\"https:\/\/www.foscarini.com\/fr\/produit\/birdie-std-w-fr\/\",\"name\":\"Birdie - Foscarini\",\"isPartOf\":{\"@id\":\"https:\/\/www.foscarini.com\/#website\"},\"primaryImageOfPage\":{\"@id\":\"https:\/\/www.foscarini.com\/fr\/produit\/birdie-std-w-fr\/#primaryimage\"},\"image\":{\"@id\":\"https:\/\/www.foscarini.com\/fr\/produit\/birdie-std-w-fr\/#primaryimage\"},\"thumbnailUrl\":\"https:\/\/www.foscarini.com\/wp-content\/uploads\/2025\/06\/birdie_w_white_22_786x865-3.jpg\",\"datePublished\":\"2024-03-28T17:48:27+00:00\",\"dateModified\":\"2025-06-11T11:09:51+00:00\",\"breadcrumb\":{\"@id\":\"https:\/\/www.foscarini.com\/fr\/produit\/birdie-std-w-fr\/#breadcrumb\"},\"inLanguage\":\"fr-FR\",\"potentialAction\":[{\"@type\":\"ReadAction\",\"target\":[\"https:\/\/www.foscarini.com\/fr\/produit\/birdie-std-w-fr\/\"]}]},{\"@type\":\"ImageObject\",\"inLanguage\":\"fr-FR\",\"@id\":\"https:\/\/www.foscarini.com\/fr\/produit\/birdie-std-w-fr\/#primaryimage\",\"url\":\"https:\/\/www.foscarini.com\/wp-content\/uploads\/2025\/06\/birdie_w_white_22_786x865-3.jpg\",\"contentUrl\":\"https:\/\/www.foscarini.com\/wp-content\/uploads\/2025\/06\/birdie_w_white_22_786x865-3.jpg\",\"width\":786,\"height\":865},{\"@type\":\"BreadcrumbList\",\"@id\":\"https:\/\/www.foscarini.com\/fr\/produit\/birdie-std-w-fr\/#breadcrumb\",\"itemListElement\":[{\"@type\":\"ListItem\",\"position\":1,\"name\":\"Home\",\"item\":\"https:\/\/www.foscarini.com\/fr\/\"},{\"@type\":\"ListItem\",\"position\":2,\"name\":\"Boutique\",\"item\":\"https:\/\/www.foscarini.com\/fr\/boutique\/\"},{\"@type\":\"ListItem\",\"position\":3,\"name\":\"Birdie\"}]},{\"@type\":\"WebSite\",\"@id\":\"https:\/\/www.foscarini.com\/#website\",\"url\":\"https:\/\/www.foscarini.com\/\",\"name\":\"Foscarini\",\"description\":\"\",\"potentialAction\":[{\"@type\":\"SearchAction\",\"target\":{\"@type\":\"EntryPoint\",\"urlTemplate\":\"https:\/\/www.foscarini.com\/?s={search_term_string}\"},\"query-input\":{\"@type\":\"PropertyValueSpecification\",\"valueRequired\":true,\"valueName\":\"search_term_string\"}}],\"inLanguage\":\"fr-FR\"}]}<\/script>\n<!-- \/ Yoast SEO Premium plugin. -->","yoast_head_json":{"title":"Birdie - Foscarini","robots":{"index":"index","follow":"follow","max-snippet":"max-snippet:-1","max-image-preview":"max-image-preview:large","max-video-preview":"max-video-preview:-1"},"og_locale":"fr_FR","og_type":"article","og_title":"Birdie","og_description":"Applique murale fournissant une lumi\u00e8re diffuse. Plaque de fixation murale et rosace de recouvrement en zinc moul\u00e9 sous pression \u00e0 rev\u00eatement liquide, bras et support de diffuseur en acier \u00e0 rev\u00eatement liquide. Diffuseur int\u00e9rieur en polycarbonate opale et diffuseur ext\u00e9rieur en polycarbonate translucide, tous deux moul\u00e9s par injection. Dans la version \u00e0 variateur tactile, le capteur est situ\u00e9 \u00e0 l'extr\u00e9mit\u00e9 du bras, con\u00e7u comme une brindille, pr\u00eate \u00e0 recevoir un oiselet bras, con\u00e7u comme une brindille, pr\u00eat \u00e0 recevoir un birdie, d'o\u00f9 le nom \u00ab birdie \u00bb en anglais.","og_url":"https:\/\/www.foscarini.com\/fr\/produit\/birdie-std-w-fr\/","og_site_name":"Foscarini","article_modified_time":"2025-06-11T11:09:51+00:00","og_image":[{"width":786,"height":865,"url":"https:\/\/www.foscarini.com\/wp-content\/uploads\/2025\/06\/birdie_w_white_22_786x865-1.jpg","type":"image\/jpeg"}],"twitter_card":"summary_large_image","twitter_misc":{"Dur\u00e9e de lecture estim\u00e9e":"1 minute"},"schema":{"@context":"https:\/\/schema.org","@graph":[{"@type":"WebPage","@id":"https:\/\/www.foscarini.com\/fr\/produit\/birdie-std-w-fr\/","url":"https:\/\/www.foscarini.com\/fr\/produit\/birdie-std-w-fr\/","name":"Birdie - Foscarini","isPartOf":{"@id":"https:\/\/www.foscarini.com\/#website"},"primaryImageOfPage":{"@id":"https:\/\/www.foscarini.com\/fr\/produit\/birdie-std-w-fr\/#primaryimage"},"image":{"@id":"https:\/\/www.foscarini.com\/fr\/produit\/birdie-std-w-fr\/#primaryimage"},"thumbnailUrl":"https:\/\/www.foscarini.com\/wp-content\/uploads\/2025\/06\/birdie_w_white_22_786x865-3.jpg","datePublished":"2024-03-28T17:48:27+00:00","dateModified":"2025-06-11T11:09:51+00:00","breadcrumb":{"@id":"https:\/\/www.foscarini.com\/fr\/produit\/birdie-std-w-fr\/#breadcrumb"},"inLanguage":"fr-FR","potentialAction":[{"@type":"ReadAction","target":["https:\/\/www.foscarini.com\/fr\/produit\/birdie-std-w-fr\/"]}]},{"@type":"ImageObject","inLanguage":"fr-FR","@id":"https:\/\/www.foscarini.com\/fr\/produit\/birdie-std-w-fr\/#primaryimage","url":"https:\/\/www.foscarini.com\/wp-content\/uploads\/2025\/06\/birdie_w_white_22_786x865-3.jpg","contentUrl":"https:\/\/www.foscarini.com\/wp-content\/uploads\/2025\/06\/birdie_w_white_22_786x865-3.jpg","width":786,"height":865},{"@type":"BreadcrumbList","@id":"https:\/\/www.foscarini.com\/fr\/produit\/birdie-std-w-fr\/#breadcrumb","itemListElement":[{"@type":"ListItem","position":1,"name":"Home","item":"https:\/\/www.foscarini.com\/fr\/"},{"@type":"ListItem","position":2,"name":"Boutique","item":"https:\/\/www.foscarini.com\/fr\/boutique\/"},{"@type":"ListItem","position":3,"name":"Birdie"}]},{"@type":"WebSite","@id":"https:\/\/www.foscarini.com\/#website","url":"https:\/\/www.foscarini.com\/","name":"Foscarini","description":"","potentialAction":[{"@type":"SearchAction","target":{"@type":"EntryPoint","urlTemplate":"https:\/\/www.foscarini.com\/?s={search_term_string}"},"query-input":{"@type":"PropertyValueSpecification","valueRequired":true,"valueName":"search_term_string"}}],"inLanguage":"fr-FR"}]}},"_links":{"self":[{"href":"https:\/\/www.foscarini.com\/fr\/wp-json\/wp\/v2\/product\/191124"}],"collection":[{"href":"https:\/\/www.foscarini.com\/fr\/wp-json\/wp\/v2\/product"}],"about":[{"href":"https:\/\/www.foscarini.com\/fr\/wp-json\/wp\/v2\/types\/product"}],"replies":[{"embeddable":true,"href":"https:\/\/www.foscarini.com\/fr\/wp-json\/wp\/v2\/comments?post=191124"}],"wp:featuredmedia":[{"embeddable":true,"href":"https:\/\/www.foscarini.com\/fr\/wp-json\/wp\/v2\/media\/465905"}],"wp:attachment":[{"href":"https:\/\/www.foscarini.com\/fr\/wp-json\/wp\/v2\/media?parent=191124"}],"wp:term":[{"taxonomy":"product_cat","embeddable":true,"href":"https:\/\/www.foscarini.com\/fr\/wp-json\/wp\/v2\/product_cat?post=191124"},{"taxonomy":"product_tag","embeddable":true,"href":"https:\/\/www.foscarini.com\/fr\/wp-json\/wp\/v2\/product_tag?post=191124"},{"taxonomy":"materiale","embeddable":true,"href":"https:\/\/www.foscarini.com\/fr\/wp-json\/wp\/v2\/materiale?post=191124"},{"taxonomy":"altezza","embeddable":true,"href":"https:\/\/www.foscarini.com\/fr\/wp-json\/wp\/v2\/altezza?post=191124"},{"taxonomy":"larghezza","embeddable":true,"href":"https:\/\/www.foscarini.com\/fr\/wp-json\/wp\/v2\/larghezza?post=191124"},{"taxonomy":"profondita","embeddable":true,"href":"https:\/\/www.foscarini.com\/fr\/wp-json\/wp\/v2\/profondita?post=191124"},{"taxonomy":"peso","embeddable":true,"href":"https:\/\/www.foscarini.com\/fr\/wp-json\/wp\/v2\/peso?post=191124"},{"taxonomy":"designer-prodotto","embeddable":true,"href":"https:\/\/www.foscarini.com\/fr\/wp-json\/wp\/v2\/designer-prodotto?post=191124"}],"curies":[{"name":"wp","href":"https:\/\/api.w.org\/{rel}","templated":true}]}}