{"id":191029,"date":"2024-03-28T17:46:50","date_gmt":"2024-03-28T17:46:50","guid":{"rendered":"https:\/\/www.foscarini.com\/product\/birdie-easy-std-r\/"},"modified":"2025-06-11T11:01:43","modified_gmt":"2025-06-11T11:01:43","slug":"birdie-easy-std-r-fr","status":"publish","type":"product","link":"https:\/\/www.foscarini.com\/fr\/produit\/birdie-easy-std-r-fr\/","title":{"rendered":"Birdie Easy"},"content":{"rendered":"<p>La lampada da lettura Birdie Easy ha un\u2019estetica minimal che esprime il suo stile attraverso il colore. Il paralume bianco traslucido si abbina a base e asta in metallo in 6 diversi colori, per 6 diverse personalit\u00e0.<\/p><section class=\"pdp__slider full-height-vh\">\n    <div class=\"swiper-container swiper__pdp\">\n        <div class=\"swiper-wrapper full-height\">\n                                <div class=\"swiper-slide\">\n                                                    <img decoding=\"async\" class=\"full-cover\" src=\"https:\/\/www.foscarini.com\/wp-content\/uploads\/2024\/03\/3.4_Birdie-easy-2-150x150.jpg\" srcset=\"https:\/\/www.foscarini.com\/wp-content\/uploads\/2024\/03\/3.4_Birdie-easy-2-199x300.jpg 199w, https:\/\/www.foscarini.com\/wp-content\/uploads\/2024\/03\/3.4_Birdie-easy-2-678x1024.jpg 678w, https:\/\/www.foscarini.com\/wp-content\/uploads\/2024\/03\/3.4_Birdie-easy-2-768x1160.jpg 768w, https:\/\/www.foscarini.com\/wp-content\/uploads\/2024\/03\/3.4_Birdie-easy-2-800x1208.jpg 800w, https:\/\/www.foscarini.com\/wp-content\/uploads\/2024\/03\/3.4_Birdie-easy-2.jpg 980w\" alt=\"\" \/>\n                                                                        <\/div>\n                                        <div class=\"swiper-slide\">\n                                                    <img decoding=\"async\" class=\"full-cover\" src=\"https:\/\/www.foscarini.com\/wp-content\/uploads\/2024\/03\/3.5_Birdie-easy-2-150x150.jpg\" srcset=\"https:\/\/www.foscarini.com\/wp-content\/uploads\/2024\/03\/3.5_Birdie-easy-2-199x300.jpg 199w, https:\/\/www.foscarini.com\/wp-content\/uploads\/2024\/03\/3.5_Birdie-easy-2-678x1024.jpg 678w, https:\/\/www.foscarini.com\/wp-content\/uploads\/2024\/03\/3.5_Birdie-easy-2-768x1160.jpg 768w, https:\/\/www.foscarini.com\/wp-content\/uploads\/2024\/03\/3.5_Birdie-easy-2-800x1208.jpg 800w, https:\/\/www.foscarini.com\/wp-content\/uploads\/2024\/03\/3.5_Birdie-easy-2.jpg 980w\" alt=\"\" \/>\n                                                                        <\/div>\n                                        <div class=\"swiper-slide\">\n                                                    <img decoding=\"async\" class=\"full-cover\" src=\"https:\/\/www.foscarini.com\/wp-content\/uploads\/2024\/03\/3.6_Birdie-easy-2-150x150.jpg\" srcset=\"https:\/\/www.foscarini.com\/wp-content\/uploads\/2024\/03\/3.6_Birdie-easy-2-199x300.jpg 199w, https:\/\/www.foscarini.com\/wp-content\/uploads\/2024\/03\/3.6_Birdie-easy-2-678x1024.jpg 678w, https:\/\/www.foscarini.com\/wp-content\/uploads\/2024\/03\/3.6_Birdie-easy-2-768x1160.jpg 768w, https:\/\/www.foscarini.com\/wp-content\/uploads\/2024\/03\/3.6_Birdie-easy-2-800x1208.jpg 800w, https:\/\/www.foscarini.com\/wp-content\/uploads\/2024\/03\/3.6_Birdie-easy-2.jpg 980w\" alt=\"\" \/>\n                                                                        <\/div>\n                                        <div class=\"swiper-slide\">\n                                                    <img decoding=\"async\" class=\"full-cover\" src=\"https:\/\/www.foscarini.com\/wp-content\/uploads\/2024\/03\/3.7_Birdie-easy-2-150x150.jpg\" srcset=\"https:\/\/www.foscarini.com\/wp-content\/uploads\/2024\/03\/3.7_Birdie-easy-2-199x300.jpg 199w, https:\/\/www.foscarini.com\/wp-content\/uploads\/2024\/03\/3.7_Birdie-easy-2-678x1024.jpg 678w, https:\/\/www.foscarini.com\/wp-content\/uploads\/2024\/03\/3.7_Birdie-easy-2-768x1160.jpg 768w, https:\/\/www.foscarini.com\/wp-content\/uploads\/2024\/03\/3.7_Birdie-easy-2-800x1208.jpg 800w, https:\/\/www.foscarini.com\/wp-content\/uploads\/2024\/03\/3.7_Birdie-easy-2.jpg 980w\" alt=\"\" \/>\n                                                                        <\/div>\n                                        <div class=\"swiper-slide\">\n                                                    <img decoding=\"async\" class=\"full-cover\" src=\"https:\/\/www.foscarini.com\/wp-content\/uploads\/2024\/03\/3.9_Birdie-easy-1-150x150.jpg\" srcset=\"https:\/\/www.foscarini.com\/wp-content\/uploads\/2024\/03\/3.9_Birdie-easy-1-199x300.jpg 199w, https:\/\/www.foscarini.com\/wp-content\/uploads\/2024\/03\/3.9_Birdie-easy-1-678x1024.jpg 678w, https:\/\/www.foscarini.com\/wp-content\/uploads\/2024\/03\/3.9_Birdie-easy-1-768x1160.jpg 768w, https:\/\/www.foscarini.com\/wp-content\/uploads\/2024\/03\/3.9_Birdie-easy-1-800x1208.jpg 800w, https:\/\/www.foscarini.com\/wp-content\/uploads\/2024\/03\/3.9_Birdie-easy-1.jpg 980w\" alt=\"\" \/>\n                                                                        <\/div>\n                                        <div class=\"swiper-slide\">\n                                                    <img decoding=\"async\" class=\"full-cover\" src=\"https:\/\/www.foscarini.com\/wp-content\/uploads\/2024\/03\/3.10_Birdie-easy-1-150x150.jpg\" srcset=\"https:\/\/www.foscarini.com\/wp-content\/uploads\/2024\/03\/3.10_Birdie-easy-1-199x300.jpg 199w, https:\/\/www.foscarini.com\/wp-content\/uploads\/2024\/03\/3.10_Birdie-easy-1-678x1024.jpg 678w, https:\/\/www.foscarini.com\/wp-content\/uploads\/2024\/03\/3.10_Birdie-easy-1-768x1160.jpg 768w, https:\/\/www.foscarini.com\/wp-content\/uploads\/2024\/03\/3.10_Birdie-easy-1-800x1208.jpg 800w, https:\/\/www.foscarini.com\/wp-content\/uploads\/2024\/03\/3.10_Birdie-easy-1.jpg 980w\" alt=\"\" \/>\n                                                                        <\/div>\n                            <\/div>\n    <\/div>\n    <div class=\"swiper-scrollbar\"><\/div>\n    <div class=\"ct-arrow\">\n        <div class=\"swiper-button-prev\"><\/div>\n        <div class=\"swiper-button-next\"><\/div>\n    <\/div>\n<\/section>","protected":false},"excerpt":{"rendered":"<p>Lampadaire et lampe de lecture fournissant une lumi\u00e8re diffuse. Le design de l&#8217;abat-jour de la collection Birdie Easy est bas\u00e9 sur l&#8217;image de l&#8217;abat-jour traditionnel, avec sa forme l\u00e9g\u00e8rement \u00e9vas\u00e9e, r\u00e9interpr\u00e9t\u00e9e de mani\u00e8re contemporaine. La tige et la base sont disponibles dans une large gamme de couleurs pour r\u00e9pondre \u00e0 une vari\u00e9t\u00e9 de besoins d&#8217;ameublement. Base en alliage de zinc moul\u00e9 sous pression et tige en acier, toutes deux rev\u00eatues de liquide. Diffuseur int\u00e9rieur en polycarbonate opale moul\u00e9 par injection, diffuseur ext\u00e9rieur en polycarbonate translucide moul\u00e9 par injection. L&#8217;interrupteur marche\/arr\u00eat est situ\u00e9 sur le c\u00e2ble transparent.<\/p>\n","protected":false},"featured_media":465726,"comment_status":"open","ping_status":"closed","template":"","meta":{"_acf_changed":true},"product_cat":[1074,5330,649,716,759],"product_tag":[],"materiale":[8328],"altezza":[11674],"larghezza":[11608],"profondita":[11537],"peso":[9820],"designer-prodotto":[7900],"class_list":{"0":"post-191029","1":"product","2":"type-product","3":"status-publish","4":"has-post-thumbnail","6":"product_cat-birdie-concetto-fr","7":"product_cat-birdie-famiglia-fr","8":"product_cat-concetto-fr","9":"product_cat-funzione-fr","10":"product_cat-terra-fr","11":"materiale-materiale-plastico-fr","12":"altezza-59-14-fr","13":"larghezza-9-78-fr","14":"profondita-9-78-fr","15":"peso-4-fr","16":"designer-prodotto-ludovica-e-roberto-palomba-fr","18":"first","19":"instock","20":"shipping-taxable","21":"purchasable","22":"product-type-variable"},"acf":{"preview_slider":{"titolo":"","testo":"","video_domanda":false,"link_video":""},"prodotto__immagine_preview":{"immagine":119750},"prodotto__slider":{"sottotitolo":"Ludovica+Roberto Palomba (2020)","titolo":"La lampe de lecture Birdie Easy a une esth\u00e9tique minimaliste qui exprime son style par la couleur. L'abat-jour blanc translucide est assorti \u00e0 la base en m\u00e9tal et \u00e0 la tige en 6 couleurs diff\u00e9rentes, pour 6 personnalit\u00e9s diff\u00e9rentes.","immagini":[{"immagine":309023,"immagine_mobile":null},{"immagine":309038,"immagine_mobile":null},{"immagine":309045,"immagine_mobile":null},{"immagine":309052,"immagine_mobile":null},{"immagine":309030,"immagine_mobile":null},{"immagine":309016,"immagine_mobile":null}]},"prodotto__slider_preview":null,"prodotto__specifiche":{"selezione":[{"scheda_tecnica":461228}]}},"yoast_head":"<!-- This site is optimized with the Yoast SEO Premium plugin v22.4 (Yoast SEO v23.7) - https:\/\/yoast.com\/wordpress\/plugins\/seo\/ -->\n<title>Birdie Easy - Foscarini<\/title>\n<meta name=\"robots\" content=\"index, follow, max-snippet:-1, max-image-preview:large, max-video-preview:-1\" \/>\n<meta property=\"og:locale\" content=\"fr_FR\" \/>\n<meta property=\"og:type\" content=\"article\" \/>\n<meta property=\"og:title\" content=\"Birdie Easy\" \/>\n<meta property=\"og:description\" content=\"Lampadaire et lampe de lecture fournissant une lumi\u00e8re diffuse. Le design de l&#039;abat-jour de la collection Birdie Easy est bas\u00e9 sur l&#039;image de l&#039;abat-jour traditionnel, avec sa forme l\u00e9g\u00e8rement \u00e9vas\u00e9e, r\u00e9interpr\u00e9t\u00e9e de mani\u00e8re contemporaine. La tige et la base sont disponibles dans une large gamme de couleurs pour r\u00e9pondre \u00e0 une vari\u00e9t\u00e9 de besoins d&#039;ameublement. Base en alliage de zinc moul\u00e9 sous pression et tige en acier, toutes deux rev\u00eatues de liquide. Diffuseur int\u00e9rieur en polycarbonate opale moul\u00e9 par injection, diffuseur ext\u00e9rieur en polycarbonate translucide moul\u00e9 par injection. L&#039;interrupteur marche\/arr\u00eat est situ\u00e9 sur le c\u00e2ble transparent.\" \/>\n<meta property=\"og:url\" content=\"https:\/\/www.foscarini.com\/fr\/produit\/birdie-easy-std-r-fr\/\" \/>\n<meta property=\"og:site_name\" content=\"Foscarini\" \/>\n<meta property=\"article:modified_time\" content=\"2025-06-11T11:01:43+00:00\" \/>\n<meta property=\"og:image\" content=\"https:\/\/www.foscarini.com\/wp-content\/uploads\/2025\/06\/birdie-easy_f_brick-red_22_786x865-3.jpg\" \/>\n\t<meta property=\"og:image:width\" content=\"786\" \/>\n\t<meta property=\"og:image:height\" content=\"865\" \/>\n\t<meta property=\"og:image:type\" content=\"image\/jpeg\" \/>\n<meta name=\"twitter:card\" content=\"summary_large_image\" \/>\n<meta name=\"twitter:label1\" content=\"Dur\u00e9e de lecture estim\u00e9e\" \/>\n\t<meta name=\"twitter:data1\" content=\"1 minute\" \/>\n<script type=\"application\/ld+json\" class=\"yoast-schema-graph\">{\"@context\":\"https:\/\/schema.org\",\"@graph\":[{\"@type\":\"WebPage\",\"@id\":\"https:\/\/www.foscarini.com\/fr\/produit\/birdie-easy-std-r-fr\/\",\"url\":\"https:\/\/www.foscarini.com\/fr\/produit\/birdie-easy-std-r-fr\/\",\"name\":\"Birdie Easy - Foscarini\",\"isPartOf\":{\"@id\":\"https:\/\/www.foscarini.com\/#website\"},\"primaryImageOfPage\":{\"@id\":\"https:\/\/www.foscarini.com\/fr\/produit\/birdie-easy-std-r-fr\/#primaryimage\"},\"image\":{\"@id\":\"https:\/\/www.foscarini.com\/fr\/produit\/birdie-easy-std-r-fr\/#primaryimage\"},\"thumbnailUrl\":\"https:\/\/www.foscarini.com\/wp-content\/uploads\/2025\/06\/birdie-easy_f_brick-red_22_786x865-6.jpg\",\"datePublished\":\"2024-03-28T17:46:50+00:00\",\"dateModified\":\"2025-06-11T11:01:43+00:00\",\"breadcrumb\":{\"@id\":\"https:\/\/www.foscarini.com\/fr\/produit\/birdie-easy-std-r-fr\/#breadcrumb\"},\"inLanguage\":\"fr-FR\",\"potentialAction\":[{\"@type\":\"ReadAction\",\"target\":[\"https:\/\/www.foscarini.com\/fr\/produit\/birdie-easy-std-r-fr\/\"]}]},{\"@type\":\"ImageObject\",\"inLanguage\":\"fr-FR\",\"@id\":\"https:\/\/www.foscarini.com\/fr\/produit\/birdie-easy-std-r-fr\/#primaryimage\",\"url\":\"https:\/\/www.foscarini.com\/wp-content\/uploads\/2025\/06\/birdie-easy_f_brick-red_22_786x865-6.jpg\",\"contentUrl\":\"https:\/\/www.foscarini.com\/wp-content\/uploads\/2025\/06\/birdie-easy_f_brick-red_22_786x865-6.jpg\",\"width\":786,\"height\":865},{\"@type\":\"BreadcrumbList\",\"@id\":\"https:\/\/www.foscarini.com\/fr\/produit\/birdie-easy-std-r-fr\/#breadcrumb\",\"itemListElement\":[{\"@type\":\"ListItem\",\"position\":1,\"name\":\"Home\",\"item\":\"https:\/\/www.foscarini.com\/fr\/\"},{\"@type\":\"ListItem\",\"position\":2,\"name\":\"Boutique\",\"item\":\"https:\/\/www.foscarini.com\/fr\/boutique\/\"},{\"@type\":\"ListItem\",\"position\":3,\"name\":\"Birdie Easy\"}]},{\"@type\":\"WebSite\",\"@id\":\"https:\/\/www.foscarini.com\/#website\",\"url\":\"https:\/\/www.foscarini.com\/\",\"name\":\"Foscarini\",\"description\":\"\",\"potentialAction\":[{\"@type\":\"SearchAction\",\"target\":{\"@type\":\"EntryPoint\",\"urlTemplate\":\"https:\/\/www.foscarini.com\/?s={search_term_string}\"},\"query-input\":{\"@type\":\"PropertyValueSpecification\",\"valueRequired\":true,\"valueName\":\"search_term_string\"}}],\"inLanguage\":\"fr-FR\"}]}<\/script>\n<!-- \/ Yoast SEO Premium plugin. -->","yoast_head_json":{"title":"Birdie Easy - Foscarini","robots":{"index":"index","follow":"follow","max-snippet":"max-snippet:-1","max-image-preview":"max-image-preview:large","max-video-preview":"max-video-preview:-1"},"og_locale":"fr_FR","og_type":"article","og_title":"Birdie Easy","og_description":"Lampadaire et lampe de lecture fournissant une lumi\u00e8re diffuse. Le design de l'abat-jour de la collection Birdie Easy est bas\u00e9 sur l'image de l'abat-jour traditionnel, avec sa forme l\u00e9g\u00e8rement \u00e9vas\u00e9e, r\u00e9interpr\u00e9t\u00e9e de mani\u00e8re contemporaine. La tige et la base sont disponibles dans une large gamme de couleurs pour r\u00e9pondre \u00e0 une vari\u00e9t\u00e9 de besoins d'ameublement. Base en alliage de zinc moul\u00e9 sous pression et tige en acier, toutes deux rev\u00eatues de liquide. Diffuseur int\u00e9rieur en polycarbonate opale moul\u00e9 par injection, diffuseur ext\u00e9rieur en polycarbonate translucide moul\u00e9 par injection. L'interrupteur marche\/arr\u00eat est situ\u00e9 sur le c\u00e2ble transparent.","og_url":"https:\/\/www.foscarini.com\/fr\/produit\/birdie-easy-std-r-fr\/","og_site_name":"Foscarini","article_modified_time":"2025-06-11T11:01:43+00:00","og_image":[{"width":786,"height":865,"url":"https:\/\/www.foscarini.com\/wp-content\/uploads\/2025\/06\/birdie-easy_f_brick-red_22_786x865-3.jpg","type":"image\/jpeg"}],"twitter_card":"summary_large_image","twitter_misc":{"Dur\u00e9e de lecture estim\u00e9e":"1 minute"},"schema":{"@context":"https:\/\/schema.org","@graph":[{"@type":"WebPage","@id":"https:\/\/www.foscarini.com\/fr\/produit\/birdie-easy-std-r-fr\/","url":"https:\/\/www.foscarini.com\/fr\/produit\/birdie-easy-std-r-fr\/","name":"Birdie Easy - Foscarini","isPartOf":{"@id":"https:\/\/www.foscarini.com\/#website"},"primaryImageOfPage":{"@id":"https:\/\/www.foscarini.com\/fr\/produit\/birdie-easy-std-r-fr\/#primaryimage"},"image":{"@id":"https:\/\/www.foscarini.com\/fr\/produit\/birdie-easy-std-r-fr\/#primaryimage"},"thumbnailUrl":"https:\/\/www.foscarini.com\/wp-content\/uploads\/2025\/06\/birdie-easy_f_brick-red_22_786x865-6.jpg","datePublished":"2024-03-28T17:46:50+00:00","dateModified":"2025-06-11T11:01:43+00:00","breadcrumb":{"@id":"https:\/\/www.foscarini.com\/fr\/produit\/birdie-easy-std-r-fr\/#breadcrumb"},"inLanguage":"fr-FR","potentialAction":[{"@type":"ReadAction","target":["https:\/\/www.foscarini.com\/fr\/produit\/birdie-easy-std-r-fr\/"]}]},{"@type":"ImageObject","inLanguage":"fr-FR","@id":"https:\/\/www.foscarini.com\/fr\/produit\/birdie-easy-std-r-fr\/#primaryimage","url":"https:\/\/www.foscarini.com\/wp-content\/uploads\/2025\/06\/birdie-easy_f_brick-red_22_786x865-6.jpg","contentUrl":"https:\/\/www.foscarini.com\/wp-content\/uploads\/2025\/06\/birdie-easy_f_brick-red_22_786x865-6.jpg","width":786,"height":865},{"@type":"BreadcrumbList","@id":"https:\/\/www.foscarini.com\/fr\/produit\/birdie-easy-std-r-fr\/#breadcrumb","itemListElement":[{"@type":"ListItem","position":1,"name":"Home","item":"https:\/\/www.foscarini.com\/fr\/"},{"@type":"ListItem","position":2,"name":"Boutique","item":"https:\/\/www.foscarini.com\/fr\/boutique\/"},{"@type":"ListItem","position":3,"name":"Birdie Easy"}]},{"@type":"WebSite","@id":"https:\/\/www.foscarini.com\/#website","url":"https:\/\/www.foscarini.com\/","name":"Foscarini","description":"","potentialAction":[{"@type":"SearchAction","target":{"@type":"EntryPoint","urlTemplate":"https:\/\/www.foscarini.com\/?s={search_term_string}"},"query-input":{"@type":"PropertyValueSpecification","valueRequired":true,"valueName":"search_term_string"}}],"inLanguage":"fr-FR"}]}},"_links":{"self":[{"href":"https:\/\/www.foscarini.com\/fr\/wp-json\/wp\/v2\/product\/191029"}],"collection":[{"href":"https:\/\/www.foscarini.com\/fr\/wp-json\/wp\/v2\/product"}],"about":[{"href":"https:\/\/www.foscarini.com\/fr\/wp-json\/wp\/v2\/types\/product"}],"replies":[{"embeddable":true,"href":"https:\/\/www.foscarini.com\/fr\/wp-json\/wp\/v2\/comments?post=191029"}],"wp:featuredmedia":[{"embeddable":true,"href":"https:\/\/www.foscarini.com\/fr\/wp-json\/wp\/v2\/media\/465726"}],"wp:attachment":[{"href":"https:\/\/www.foscarini.com\/fr\/wp-json\/wp\/v2\/media?parent=191029"}],"wp:term":[{"taxonomy":"product_cat","embeddable":true,"href":"https:\/\/www.foscarini.com\/fr\/wp-json\/wp\/v2\/product_cat?post=191029"},{"taxonomy":"product_tag","embeddable":true,"href":"https:\/\/www.foscarini.com\/fr\/wp-json\/wp\/v2\/product_tag?post=191029"},{"taxonomy":"materiale","embeddable":true,"href":"https:\/\/www.foscarini.com\/fr\/wp-json\/wp\/v2\/materiale?post=191029"},{"taxonomy":"altezza","embeddable":true,"href":"https:\/\/www.foscarini.com\/fr\/wp-json\/wp\/v2\/altezza?post=191029"},{"taxonomy":"larghezza","embeddable":true,"href":"https:\/\/www.foscarini.com\/fr\/wp-json\/wp\/v2\/larghezza?post=191029"},{"taxonomy":"profondita","embeddable":true,"href":"https:\/\/www.foscarini.com\/fr\/wp-json\/wp\/v2\/profondita?post=191029"},{"taxonomy":"peso","embeddable":true,"href":"https:\/\/www.foscarini.com\/fr\/wp-json\/wp\/v2\/peso?post=191029"},{"taxonomy":"designer-prodotto","embeddable":true,"href":"https:\/\/www.foscarini.com\/fr\/wp-json\/wp\/v2\/designer-prodotto?post=191029"}],"curies":[{"name":"wp","href":"https:\/\/api.w.org\/{rel}","templated":true}]}}