{"id":190771,"date":"2024-03-28T17:43:28","date_gmt":"2024-03-28T17:43:28","guid":{"rendered":"https:\/\/www.foscarini.com\/product\/allegro-ritmico-allegro-s\/"},"modified":"2025-06-11T10:36:43","modified_gmt":"2025-06-11T10:36:43","slug":"allegro-ritmico-allegro-s-fr","status":"publish","type":"product","link":"https:\/\/www.foscarini.com\/fr\/produit\/allegro-ritmico-allegro-s-fr\/","title":{"rendered":"Allegro Ritmico"},"content":{"rendered":"<p>Dall&#8217;intersezione di due forme diverse nasce la lampada a sospensione Allegro Ritmico. Un modo del tutto speciale di caratterizzare e illuminare uno spazio, fondendo effetto luminoso e design grafico.<\/p><section class=\"pdp__slider full-height-vh\">\n    <div class=\"swiper-container swiper__pdp\">\n        <div class=\"swiper-wrapper full-height\">\n                                <div class=\"swiper-slide\">\n                                                    <img decoding=\"async\" class=\"full-cover\" src=\"https:\/\/www.foscarini.com\/wp-content\/uploads\/2024\/03\/3.1_Allegro-Ritmico-1-150x150.jpg\" srcset=\"https:\/\/www.foscarini.com\/wp-content\/uploads\/2024\/03\/3.1_Allegro-Ritmico-1-300x250.jpg 300w, https:\/\/www.foscarini.com\/wp-content\/uploads\/2024\/03\/3.1_Allegro-Ritmico-1-1024x854.jpg 1024w, https:\/\/www.foscarini.com\/wp-content\/uploads\/2024\/03\/3.1_Allegro-Ritmico-1-768x641.jpg 768w, https:\/\/www.foscarini.com\/wp-content\/uploads\/2024\/03\/3.1_Allegro-Ritmico-1-1536x1282.jpg 1536w, https:\/\/www.foscarini.com\/wp-content\/uploads\/2024\/03\/3.1_Allegro-Ritmico-1-800x668.jpg 800w, https:\/\/www.foscarini.com\/wp-content\/uploads\/2024\/03\/3.1_Allegro-Ritmico-1.jpg 1776w\" alt=\"\" \/>\n                                                                        <\/div>\n                                        <div class=\"swiper-slide\">\n                                                    <img decoding=\"async\" class=\"full-cover\" src=\"https:\/\/www.foscarini.com\/wp-content\/uploads\/2024\/03\/3.2_Allegro-Ritmico-1-150x150.jpg\" srcset=\"https:\/\/www.foscarini.com\/wp-content\/uploads\/2024\/03\/3.2_Allegro-Ritmico-1-194x300.jpg 194w, https:\/\/www.foscarini.com\/wp-content\/uploads\/2024\/03\/3.2_Allegro-Ritmico-1-663x1024.jpg 663w, https:\/\/www.foscarini.com\/wp-content\/uploads\/2024\/03\/3.2_Allegro-Ritmico-1-768x1186.jpg 768w, https:\/\/www.foscarini.com\/wp-content\/uploads\/2024\/03\/3.2_Allegro-Ritmico-1-800x1235.jpg 800w, https:\/\/www.foscarini.com\/wp-content\/uploads\/2024\/03\/3.2_Allegro-Ritmico-1.jpg 960w\" alt=\"\" \/>\n                                                                        <\/div>\n                                        <div class=\"swiper-slide\">\n                                                    <img decoding=\"async\" class=\"full-cover\" src=\"https:\/\/www.foscarini.com\/wp-content\/uploads\/2024\/03\/3.3_Allegro-Ritmico-1-150x150.jpg\" srcset=\"https:\/\/www.foscarini.com\/wp-content\/uploads\/2024\/03\/3.3_Allegro-Ritmico-1-194x300.jpg 194w, https:\/\/www.foscarini.com\/wp-content\/uploads\/2024\/03\/3.3_Allegro-Ritmico-1-663x1024.jpg 663w, https:\/\/www.foscarini.com\/wp-content\/uploads\/2024\/03\/3.3_Allegro-Ritmico-1-768x1186.jpg 768w, https:\/\/www.foscarini.com\/wp-content\/uploads\/2024\/03\/3.3_Allegro-Ritmico-1-800x1235.jpg 800w, https:\/\/www.foscarini.com\/wp-content\/uploads\/2024\/03\/3.3_Allegro-Ritmico-1.jpg 960w\" alt=\"\" \/>\n                                                                        <\/div>\n                                        <div class=\"swiper-slide\">\n                                                    <img decoding=\"async\" class=\"full-cover\" src=\"https:\/\/www.foscarini.com\/wp-content\/uploads\/2024\/03\/3.4_Allegro-Ritmico-1-150x150.jpg\" srcset=\"https:\/\/www.foscarini.com\/wp-content\/uploads\/2024\/03\/3.4_Allegro-Ritmico-1-194x300.jpg 194w, https:\/\/www.foscarini.com\/wp-content\/uploads\/2024\/03\/3.4_Allegro-Ritmico-1-663x1024.jpg 663w, https:\/\/www.foscarini.com\/wp-content\/uploads\/2024\/03\/3.4_Allegro-Ritmico-1-768x1186.jpg 768w, https:\/\/www.foscarini.com\/wp-content\/uploads\/2024\/03\/3.4_Allegro-Ritmico-1-800x1235.jpg 800w, https:\/\/www.foscarini.com\/wp-content\/uploads\/2024\/03\/3.4_Allegro-Ritmico-1.jpg 960w\" alt=\"\" \/>\n                                                                        <\/div>\n                            <\/div>\n    <\/div>\n    <div class=\"swiper-scrollbar\"><\/div>\n    <div class=\"ct-arrow\">\n        <div class=\"swiper-button-prev\"><\/div>\n        <div class=\"swiper-button-next\"><\/div>\n    <\/div>\n<\/section>","protected":false},"excerpt":{"rendered":"<p>Une lampe suspendue n\u00e9e de l&#8217;intersection de deux formes diff\u00e9rentes qui s&#8217;interp\u00e9n\u00e8trent. Elle caract\u00e9rise l&#8217;espace par son design graphique soulign\u00e9 par la couleur graphite. Elle fournit un \u00e9clairage diffus, dirig\u00e9 vers le bas et r\u00e9fl\u00e9chi au plafond. Le corps l\u00e9ger est constitu\u00e9 d&#8217;un cadre en m\u00e9tal chrom\u00e9 et de tiges en aluminium massif rev\u00eatues de poudre \u00e9poxy. Les tiges sont ancr\u00e9es \u00e0 la monture par de petits anneaux m\u00e9talliques. Munie de trois c\u00e2bles de suspension en acier inoxydable et d&#8217;un c\u00e2ble \u00e9lectrique transparent. Rosace de plafond avec support en m\u00e9tal galvanis\u00e9 et couvercle en m\u00e9tal chrom\u00e9 poli. Pr\u00e9vue pour une commutation s\u00e9par\u00e9e des deux sources de lumi\u00e8re. Kit de d\u00e9centralisation de la rosace disponible.<\/p>\n","protected":false},"featured_media":465122,"comment_status":"open","ping_status":"closed","template":"","meta":{"_acf_changed":true},"product_cat":[5280,656,649,716,749],"product_tag":[],"materiale":[8438],"altezza":[10631],"larghezza":[9701],"profondita":[9548],"peso":[8467],"designer-prodotto":[7466],"class_list":{"0":"post-190771","1":"product","2":"type-product","3":"status-publish","4":"has-post-thumbnail","6":"product_cat-allegro-famiglia-fr","7":"product_cat-allegro-concetto-fr","8":"product_cat-concetto-fr","9":"product_cat-funzione-fr","10":"product_cat-sospensione-fr","11":"materiale-acciaio-e-metallo-fr","12":"altezza-31-78-fr","13":"larghezza-29-14-fr","14":"profondita-29-14-fr","15":"peso-15-2-fr","16":"designer-prodotto-atelier-oi-fr","18":"first","19":"instock","20":"shipping-taxable","21":"purchasable","22":"product-type-variable"},"acf":{"preview_slider":{"titolo":"","testo":"","video_domanda":false,"link_video":""},"prodotto__immagine_preview":{"immagine":119225},"prodotto__slider":{"sottotitolo":"Atelier O\u00ef (2007)","titolo":"De l'intersection de deux formes diff\u00e9rentes na\u00eet la lampe suspendue Allegro Ritmico. Une mani\u00e8re tr\u00e8s particuli\u00e8re de caract\u00e9riser et d'\u00e9clairer un espace, en combinant effet de lumi\u00e8re et design graphique.","immagini":[{"immagine":308321,"immagine_mobile":null}]},"prodotto__slider_preview":null,"prodotto__specifiche":{"selezione":[{"scheda_tecnica":460887},{"scheda_tecnica":460888}]}},"yoast_head":"<!-- This site is optimized with the Yoast SEO Premium plugin v22.4 (Yoast SEO v23.7) - https:\/\/yoast.com\/wordpress\/plugins\/seo\/ -->\n<title>Allegro Ritmico - Foscarini<\/title>\n<meta name=\"robots\" content=\"index, follow, max-snippet:-1, max-image-preview:large, max-video-preview:-1\" \/>\n<meta property=\"og:locale\" content=\"fr_FR\" \/>\n<meta property=\"og:type\" content=\"article\" \/>\n<meta property=\"og:title\" content=\"Allegro Ritmico\" \/>\n<meta property=\"og:description\" content=\"Une lampe suspendue n\u00e9e de l&#039;intersection de deux formes diff\u00e9rentes qui s&#039;interp\u00e9n\u00e8trent. Elle caract\u00e9rise l&#039;espace par son design graphique soulign\u00e9 par la couleur graphite. Elle fournit un \u00e9clairage diffus, dirig\u00e9 vers le bas et r\u00e9fl\u00e9chi au plafond. Le corps l\u00e9ger est constitu\u00e9 d&#039;un cadre en m\u00e9tal chrom\u00e9 et de tiges en aluminium massif rev\u00eatues de poudre \u00e9poxy. Les tiges sont ancr\u00e9es \u00e0 la monture par de petits anneaux m\u00e9talliques. Munie de trois c\u00e2bles de suspension en acier inoxydable et d&#039;un c\u00e2ble \u00e9lectrique transparent. Rosace de plafond avec support en m\u00e9tal galvanis\u00e9 et couvercle en m\u00e9tal chrom\u00e9 poli. Pr\u00e9vue pour une commutation s\u00e9par\u00e9e des deux sources de lumi\u00e8re. Kit de d\u00e9centralisation de la rosace disponible.\" \/>\n<meta property=\"og:url\" content=\"https:\/\/www.foscarini.com\/fr\/produit\/allegro-ritmico-allegro-s-fr\/\" \/>\n<meta property=\"og:site_name\" content=\"Foscarini\" \/>\n<meta property=\"article:modified_time\" content=\"2025-06-11T10:36:43+00:00\" \/>\n<meta property=\"og:image\" content=\"https:\/\/www.foscarini.com\/wp-content\/uploads\/2025\/06\/allegro-ritmico_s_graphite_22_786x865-3.jpg\" \/>\n\t<meta property=\"og:image:width\" content=\"786\" \/>\n\t<meta property=\"og:image:height\" content=\"865\" \/>\n\t<meta property=\"og:image:type\" content=\"image\/jpeg\" \/>\n<meta name=\"twitter:card\" content=\"summary_large_image\" \/>\n<meta name=\"twitter:label1\" content=\"Dur\u00e9e de lecture estim\u00e9e\" \/>\n\t<meta name=\"twitter:data1\" content=\"1 minute\" \/>\n<script type=\"application\/ld+json\" class=\"yoast-schema-graph\">{\"@context\":\"https:\/\/schema.org\",\"@graph\":[{\"@type\":\"WebPage\",\"@id\":\"https:\/\/www.foscarini.com\/fr\/produit\/allegro-ritmico-allegro-s-fr\/\",\"url\":\"https:\/\/www.foscarini.com\/fr\/produit\/allegro-ritmico-allegro-s-fr\/\",\"name\":\"Allegro Ritmico - Foscarini\",\"isPartOf\":{\"@id\":\"https:\/\/www.foscarini.com\/#website\"},\"primaryImageOfPage\":{\"@id\":\"https:\/\/www.foscarini.com\/fr\/produit\/allegro-ritmico-allegro-s-fr\/#primaryimage\"},\"image\":{\"@id\":\"https:\/\/www.foscarini.com\/fr\/produit\/allegro-ritmico-allegro-s-fr\/#primaryimage\"},\"thumbnailUrl\":\"https:\/\/www.foscarini.com\/wp-content\/uploads\/2025\/06\/allegro-ritmico_s_graphite_22_786x865-6.jpg\",\"datePublished\":\"2024-03-28T17:43:28+00:00\",\"dateModified\":\"2025-06-11T10:36:43+00:00\",\"breadcrumb\":{\"@id\":\"https:\/\/www.foscarini.com\/fr\/produit\/allegro-ritmico-allegro-s-fr\/#breadcrumb\"},\"inLanguage\":\"fr-FR\",\"potentialAction\":[{\"@type\":\"ReadAction\",\"target\":[\"https:\/\/www.foscarini.com\/fr\/produit\/allegro-ritmico-allegro-s-fr\/\"]}]},{\"@type\":\"ImageObject\",\"inLanguage\":\"fr-FR\",\"@id\":\"https:\/\/www.foscarini.com\/fr\/produit\/allegro-ritmico-allegro-s-fr\/#primaryimage\",\"url\":\"https:\/\/www.foscarini.com\/wp-content\/uploads\/2025\/06\/allegro-ritmico_s_graphite_22_786x865-6.jpg\",\"contentUrl\":\"https:\/\/www.foscarini.com\/wp-content\/uploads\/2025\/06\/allegro-ritmico_s_graphite_22_786x865-6.jpg\",\"width\":786,\"height\":865},{\"@type\":\"BreadcrumbList\",\"@id\":\"https:\/\/www.foscarini.com\/fr\/produit\/allegro-ritmico-allegro-s-fr\/#breadcrumb\",\"itemListElement\":[{\"@type\":\"ListItem\",\"position\":1,\"name\":\"Home\",\"item\":\"https:\/\/www.foscarini.com\/fr\/\"},{\"@type\":\"ListItem\",\"position\":2,\"name\":\"Boutique\",\"item\":\"https:\/\/www.foscarini.com\/fr\/boutique\/\"},{\"@type\":\"ListItem\",\"position\":3,\"name\":\"Allegro Ritmico\"}]},{\"@type\":\"WebSite\",\"@id\":\"https:\/\/www.foscarini.com\/#website\",\"url\":\"https:\/\/www.foscarini.com\/\",\"name\":\"Foscarini\",\"description\":\"\",\"potentialAction\":[{\"@type\":\"SearchAction\",\"target\":{\"@type\":\"EntryPoint\",\"urlTemplate\":\"https:\/\/www.foscarini.com\/?s={search_term_string}\"},\"query-input\":{\"@type\":\"PropertyValueSpecification\",\"valueRequired\":true,\"valueName\":\"search_term_string\"}}],\"inLanguage\":\"fr-FR\"}]}<\/script>\n<!-- \/ Yoast SEO Premium plugin. -->","yoast_head_json":{"title":"Allegro Ritmico - Foscarini","robots":{"index":"index","follow":"follow","max-snippet":"max-snippet:-1","max-image-preview":"max-image-preview:large","max-video-preview":"max-video-preview:-1"},"og_locale":"fr_FR","og_type":"article","og_title":"Allegro Ritmico","og_description":"Une lampe suspendue n\u00e9e de l'intersection de deux formes diff\u00e9rentes qui s'interp\u00e9n\u00e8trent. Elle caract\u00e9rise l'espace par son design graphique soulign\u00e9 par la couleur graphite. Elle fournit un \u00e9clairage diffus, dirig\u00e9 vers le bas et r\u00e9fl\u00e9chi au plafond. Le corps l\u00e9ger est constitu\u00e9 d'un cadre en m\u00e9tal chrom\u00e9 et de tiges en aluminium massif rev\u00eatues de poudre \u00e9poxy. Les tiges sont ancr\u00e9es \u00e0 la monture par de petits anneaux m\u00e9talliques. Munie de trois c\u00e2bles de suspension en acier inoxydable et d'un c\u00e2ble \u00e9lectrique transparent. Rosace de plafond avec support en m\u00e9tal galvanis\u00e9 et couvercle en m\u00e9tal chrom\u00e9 poli. Pr\u00e9vue pour une commutation s\u00e9par\u00e9e des deux sources de lumi\u00e8re. Kit de d\u00e9centralisation de la rosace disponible.","og_url":"https:\/\/www.foscarini.com\/fr\/produit\/allegro-ritmico-allegro-s-fr\/","og_site_name":"Foscarini","article_modified_time":"2025-06-11T10:36:43+00:00","og_image":[{"width":786,"height":865,"url":"https:\/\/www.foscarini.com\/wp-content\/uploads\/2025\/06\/allegro-ritmico_s_graphite_22_786x865-3.jpg","type":"image\/jpeg"}],"twitter_card":"summary_large_image","twitter_misc":{"Dur\u00e9e de lecture estim\u00e9e":"1 minute"},"schema":{"@context":"https:\/\/schema.org","@graph":[{"@type":"WebPage","@id":"https:\/\/www.foscarini.com\/fr\/produit\/allegro-ritmico-allegro-s-fr\/","url":"https:\/\/www.foscarini.com\/fr\/produit\/allegro-ritmico-allegro-s-fr\/","name":"Allegro Ritmico - Foscarini","isPartOf":{"@id":"https:\/\/www.foscarini.com\/#website"},"primaryImageOfPage":{"@id":"https:\/\/www.foscarini.com\/fr\/produit\/allegro-ritmico-allegro-s-fr\/#primaryimage"},"image":{"@id":"https:\/\/www.foscarini.com\/fr\/produit\/allegro-ritmico-allegro-s-fr\/#primaryimage"},"thumbnailUrl":"https:\/\/www.foscarini.com\/wp-content\/uploads\/2025\/06\/allegro-ritmico_s_graphite_22_786x865-6.jpg","datePublished":"2024-03-28T17:43:28+00:00","dateModified":"2025-06-11T10:36:43+00:00","breadcrumb":{"@id":"https:\/\/www.foscarini.com\/fr\/produit\/allegro-ritmico-allegro-s-fr\/#breadcrumb"},"inLanguage":"fr-FR","potentialAction":[{"@type":"ReadAction","target":["https:\/\/www.foscarini.com\/fr\/produit\/allegro-ritmico-allegro-s-fr\/"]}]},{"@type":"ImageObject","inLanguage":"fr-FR","@id":"https:\/\/www.foscarini.com\/fr\/produit\/allegro-ritmico-allegro-s-fr\/#primaryimage","url":"https:\/\/www.foscarini.com\/wp-content\/uploads\/2025\/06\/allegro-ritmico_s_graphite_22_786x865-6.jpg","contentUrl":"https:\/\/www.foscarini.com\/wp-content\/uploads\/2025\/06\/allegro-ritmico_s_graphite_22_786x865-6.jpg","width":786,"height":865},{"@type":"BreadcrumbList","@id":"https:\/\/www.foscarini.com\/fr\/produit\/allegro-ritmico-allegro-s-fr\/#breadcrumb","itemListElement":[{"@type":"ListItem","position":1,"name":"Home","item":"https:\/\/www.foscarini.com\/fr\/"},{"@type":"ListItem","position":2,"name":"Boutique","item":"https:\/\/www.foscarini.com\/fr\/boutique\/"},{"@type":"ListItem","position":3,"name":"Allegro Ritmico"}]},{"@type":"WebSite","@id":"https:\/\/www.foscarini.com\/#website","url":"https:\/\/www.foscarini.com\/","name":"Foscarini","description":"","potentialAction":[{"@type":"SearchAction","target":{"@type":"EntryPoint","urlTemplate":"https:\/\/www.foscarini.com\/?s={search_term_string}"},"query-input":{"@type":"PropertyValueSpecification","valueRequired":true,"valueName":"search_term_string"}}],"inLanguage":"fr-FR"}]}},"_links":{"self":[{"href":"https:\/\/www.foscarini.com\/fr\/wp-json\/wp\/v2\/product\/190771"}],"collection":[{"href":"https:\/\/www.foscarini.com\/fr\/wp-json\/wp\/v2\/product"}],"about":[{"href":"https:\/\/www.foscarini.com\/fr\/wp-json\/wp\/v2\/types\/product"}],"replies":[{"embeddable":true,"href":"https:\/\/www.foscarini.com\/fr\/wp-json\/wp\/v2\/comments?post=190771"}],"wp:featuredmedia":[{"embeddable":true,"href":"https:\/\/www.foscarini.com\/fr\/wp-json\/wp\/v2\/media\/465122"}],"wp:attachment":[{"href":"https:\/\/www.foscarini.com\/fr\/wp-json\/wp\/v2\/media?parent=190771"}],"wp:term":[{"taxonomy":"product_cat","embeddable":true,"href":"https:\/\/www.foscarini.com\/fr\/wp-json\/wp\/v2\/product_cat?post=190771"},{"taxonomy":"product_tag","embeddable":true,"href":"https:\/\/www.foscarini.com\/fr\/wp-json\/wp\/v2\/product_tag?post=190771"},{"taxonomy":"materiale","embeddable":true,"href":"https:\/\/www.foscarini.com\/fr\/wp-json\/wp\/v2\/materiale?post=190771"},{"taxonomy":"altezza","embeddable":true,"href":"https:\/\/www.foscarini.com\/fr\/wp-json\/wp\/v2\/altezza?post=190771"},{"taxonomy":"larghezza","embeddable":true,"href":"https:\/\/www.foscarini.com\/fr\/wp-json\/wp\/v2\/larghezza?post=190771"},{"taxonomy":"profondita","embeddable":true,"href":"https:\/\/www.foscarini.com\/fr\/wp-json\/wp\/v2\/profondita?post=190771"},{"taxonomy":"peso","embeddable":true,"href":"https:\/\/www.foscarini.com\/fr\/wp-json\/wp\/v2\/peso?post=190771"},{"taxonomy":"designer-prodotto","embeddable":true,"href":"https:\/\/www.foscarini.com\/fr\/wp-json\/wp\/v2\/designer-prodotto?post=190771"}],"curies":[{"name":"wp","href":"https:\/\/api.w.org\/{rel}","templated":true}]}}