{"id":478116,"date":"2026-04-16T13:12:48","date_gmt":"2026-04-16T13:12:48","guid":{"rendered":"https:\/\/www.foscarini.com\/knitted-light\/"},"modified":"2026-04-20T16:21:04","modified_gmt":"2026-04-20T16:21:04","slug":"knitted-light","status":"publish","type":"page","link":"https:\/\/www.foscarini.com\/fr\/knitted-light\/","title":{"rendered":"INTRECCI DI LUCE \/ KNITTED LIGHT"},"content":{"rendered":"<section class=\"world__first_block bg-full\">\n\n            <img decoding=\"async\" class=\"image-principal show-desktop only-desktop\" src=\"https:\/\/www.foscarini.com\/wp-content\/uploads\/2026\/03\/MDW26_banner-page02-150x150.jpg\" srcset=\"https:\/\/www.foscarini.com\/wp-content\/uploads\/2026\/03\/MDW26_banner-page02-300x169.jpg 300w, https:\/\/www.foscarini.com\/wp-content\/uploads\/2026\/03\/MDW26_banner-page02-1024x576.jpg 1024w, https:\/\/www.foscarini.com\/wp-content\/uploads\/2026\/03\/MDW26_banner-page02-768x432.jpg 768w, https:\/\/www.foscarini.com\/wp-content\/uploads\/2026\/03\/MDW26_banner-page02-1536x864.jpg 1536w, https:\/\/www.foscarini.com\/wp-content\/uploads\/2026\/03\/MDW26_banner-page02-800x450.jpg 800w, https:\/\/www.foscarini.com\/wp-content\/uploads\/2026\/03\/MDW26_banner-page02.jpg 1920w\" alt=\"\" \/>\n        \n    \n    \n\n    <div class=\"row full-height-vh\">\n        <div class=\"small-12 col-1 medium-12 columns\">\n            <span class=\"subtitle\">MILAN DESIGN WEEK 2026 \/ FOSCARINI SPAZIO MONFORTE<\/span>\n        <\/div>\n        <div class=\"small-12 col-2 medium-12 invert columns align-self-bottom\">\n            <div class=\"ct-text\">\n                <div class=\"title-big js-heading\"><p>INTRECCI DI LUCE \/ KNITTED LIGHT<\/p>\n<\/div>\n                <div class=\"text-1 js-heading\"><p>Une exploration qui traverse mat\u00e9riaux, proc\u00e9d\u00e9s et techniques de production pour ouvrir \u00e0 de nouvelles possibilit\u00e9s de faire la lumi\u00e8re.<\/p>\n<\/div>\n                <div class=\"ct-bottom\">\n                                                        <a class=\"link-bg\" href=\"https:\/\/form.foscarini.com\/mdw26\/rsvpmon\/\" >Acc\u00e8s prioritaire<\/a>\n                                                                                            <a class=\"link\" href=\"https:\/\/www.foscarini.com\/fr\/mdw26\/\" >Retour \u00e0 la Milano Design Week 2026<\/a>\n                                                    <\/div>\n            <\/div>\n        <\/div>\n    <\/div>\n<\/section><section class=\"prof__single_info \">\n    <div class=\"row row-large\">\n        <div class=\"medium-4 small-12 columns col-1\">\n                        <ul class=\"list-info\">\n                                        <li>\n                            <span class=\"subtitle js-heading\">SHOWROOM FOSCARINI SPAZIO MONFORTE<\/span>\n                            <div class=\"text-1 js-heading\"><p>Corso Monforte 19, Milan<br \/>\n21\u201426 avril 2026<br \/>\n10h00 \u2013 20h00<\/p>\n<\/div>\n                        <\/li>\n                                    <\/ul>\n\n                            <img decoding=\"async\" src=\"https:\/\/www.foscarini.com\/wp-content\/uploads\/2026\/04\/FORAKIS_2img-2txt-03-150x150.jpg\" srcset=\"https:\/\/www.foscarini.com\/wp-content\/uploads\/2026\/04\/FORAKIS_2img-2txt-03-181x300.jpg 181w, https:\/\/www.foscarini.com\/wp-content\/uploads\/2026\/04\/FORAKIS_2img-2txt-03.jpg 598w\" alt=\"\" \/>\n                        <\/div>\n        <div class=\"medium-7 medium-offset-1 small-12 columns col-2\">\n                                        <div class=\"text-info  js-heading text-3\"><p>Foscarini Spazio Monforte accueille INTRECCI DI LUCE, un projet de recherche exp\u00e9rimentale confi\u00e9 \u00e0 deux designers aux sensibilit\u00e9s distinctes : Jozeph Forakis et Lorenzo Palmeri.<\/p>\n<p>&nbsp;<\/p>\n<p>Travaillant de mani\u00e8re autonome, tous deux ont explor\u00e9 le vaste territoire du tricot 3D afin d\u2019en r\u00e9v\u00e9ler le potentiel expressif lorsqu\u2019il entre en dialogue avec la lumi\u00e8re \u2014 ouvrant \u00e0 des volumes in\u00e9dits, des surfaces inattendues et des effets lumineux encore \u00e0 d\u00e9couvrir.<\/p>\n<p>&nbsp;<\/p>\n<p>Le Fuorisalone 2026 est pour Foscarini une occasion de recherche pure \u2014 lib\u00e9r\u00e9e de la logique du produit fini, ouverte \u00e0 l\u2019inattendu. Les travaux pr\u00e9sent\u00e9s n\u2019ont pas encore de destination d\u00e9finie. Car c\u2019est dans la libert\u00e9 de chercher \u2014 sans devoir imm\u00e9diatement trouver quelque chose d\u2019utile \u2014 que s\u2019\u00e9largit le champ des possibles et que peuvent na\u00eetre des id\u00e9es capables de transformer la mani\u00e8re de faire la lumi\u00e8re.<\/p>\n<\/div>\n                                            <img decoding=\"async\" src=\"https:\/\/www.foscarini.com\/wp-content\/uploads\/2026\/04\/FORAKIS_2img-2txt-04-150x150.jpg\" srcset=\"https:\/\/www.foscarini.com\/wp-content\/uploads\/2026\/04\/FORAKIS_2img-2txt-04-300x228.jpg 300w, https:\/\/www.foscarini.com\/wp-content\/uploads\/2026\/04\/FORAKIS_2img-2txt-04-1024x777.jpg 1024w, https:\/\/www.foscarini.com\/wp-content\/uploads\/2026\/04\/FORAKIS_2img-2txt-04-768x583.jpg 768w, https:\/\/www.foscarini.com\/wp-content\/uploads\/2026\/04\/FORAKIS_2img-2txt-04-800x607.jpg 800w, https:\/\/www.foscarini.com\/wp-content\/uploads\/2026\/04\/FORAKIS_2img-2txt-04.jpg 1060w\" alt=\"\" \/>\n                        <\/div>\n    <\/div>\n<\/section><section class=\"prof__single_info \">\n    <div class=\"row row-large\">\n        <div class=\"medium-4 small-12 columns col-1\">\n                        <ul class=\"list-info\">\n                            <\/ul>\n\n                            <img decoding=\"async\" src=\"https:\/\/www.foscarini.com\/wp-content\/uploads\/2026\/03\/FORAKIS_001-150x150.jpg\" srcset=\"https:\/\/www.foscarini.com\/wp-content\/uploads\/2026\/03\/FORAKIS_001-214x300.jpg 214w, https:\/\/www.foscarini.com\/wp-content\/uploads\/2026\/03\/FORAKIS_001.jpg 600w\" alt=\"\" \/>\n                        <\/div>\n        <div class=\"medium-7 medium-offset-1 small-12 columns col-2\">\n                            <div class=\"title-medium js-heading\"><p>JOZEPH FORAKIS<\/p>\n<p>Quand un fil devient volume<\/p>\n<\/div>\n                                            <div class=\"text-info  js-heading text-3\"><p>Forakis est depuis toujours un chercheur inquiet, \u00e0 la recherche de ce qu\u2019il appelle lui-m\u00eame \u00ab l\u2019alchimie des mat\u00e9riaux \u00bb : le moment o\u00f9 un arch\u00e9type est transform\u00e9 par un proc\u00e9d\u00e9 auquel il n\u2019\u00e9tait pas destin\u00e9. L\u2019histoire montre que les tournants majeurs du design surviennent lorsque des technologies ou des mat\u00e9riaux sont recontextualis\u00e9s et transf\u00e9r\u00e9s d\u2019un secteur industriel \u00e0 un autre pour en r\u00e9v\u00e9ler le potentiel expressif cach\u00e9. C\u2019est dans cet esprit qu\u2019est n\u00e9e sa premi\u00e8re collaboration avec Foscarini, pour la lampe Havana. Et c\u2019est ce m\u00eame esprit qui l\u2019a conduit \u00e0 s\u2019int\u00e9resser au monde du textile \u2014 poussant fournisseurs et techniciens au-del\u00e0 des limites de leurs m\u00e9tiers \u00e0 tisser, et de leur patience. C\u2019est pr\u00e9cis\u00e9ment dans ces interstices que sont apparues les d\u00e9couvertes les plus int\u00e9ressantes.<\/p>\n<p>&nbsp;<\/p>\n<p>Dans cette recherche men\u00e9e avec Foscarini et TexTech, Forakis ne pr\u00e9sente pas un produit fini, mais un chapitre ouvert : des formes sculpturales et des textures qui deviennent un terrain d\u2019exp\u00e9rimentation pour le jeu entre lumi\u00e8re et ombre. <\/p>\n<p>&nbsp;<\/p>\n<p>Lorsque la lumi\u00e8re rencontre ces structures en tricot 3D, quelque chose d\u2019inattendu se produit. Il ne s\u2019agit plus d\u2019une simple surface : la lumi\u00e8re est filtr\u00e9e, diffus\u00e9e, \u00ab sculpt\u00e9e \u00bb par la densit\u00e9 de l\u2019entrelacement. L\u2019objet devient un volume qui respire, capable de d\u00e9finir l\u2019espace environnant.<\/p>\n<p>&nbsp;<\/p>\n<p>Un processus qui montre que m\u00eame les techniques les plus anciennes \u2014 comme le geste \u00e9l\u00e9mentaire d\u2019entrelacer un fil \u2014 peuvent encore nous surprendre, si l\u2019on prend le temps d\u2019\u00e9couter ce que le mat\u00e9riau cherche \u00e0 nous dire.<\/p>\n<\/div>\n                                            <img decoding=\"async\" src=\"https:\/\/www.foscarini.com\/wp-content\/uploads\/2026\/03\/FORAKIS_002-150x150.jpg\" srcset=\"https:\/\/www.foscarini.com\/wp-content\/uploads\/2026\/03\/FORAKIS_002-300x238.jpg 300w, https:\/\/www.foscarini.com\/wp-content\/uploads\/2026\/03\/FORAKIS_002-1024x811.jpg 1024w, https:\/\/www.foscarini.com\/wp-content\/uploads\/2026\/03\/FORAKIS_002-768x609.jpg 768w, https:\/\/www.foscarini.com\/wp-content\/uploads\/2026\/03\/FORAKIS_002-800x634.jpg 800w, https:\/\/www.foscarini.com\/wp-content\/uploads\/2026\/03\/FORAKIS_002.jpg 1060w\" alt=\"\" \/>\n                        <\/div>\n    <\/div>\n<\/section><section class=\"prof__single_info \">\n    <div class=\"row row-large\">\n        <div class=\"medium-4 small-12 columns col-1\">\n                        <ul class=\"list-info\">\n                            <\/ul>\n\n                            <img decoding=\"async\" src=\"https:\/\/www.foscarini.com\/wp-content\/uploads\/2026\/03\/PALMERI_003-150x150.jpg\" srcset=\"https:\/\/www.foscarini.com\/wp-content\/uploads\/2026\/03\/PALMERI_003-214x300.jpg 214w, https:\/\/www.foscarini.com\/wp-content\/uploads\/2026\/03\/PALMERI_003.jpg 600w\" alt=\"\" \/>\n                        <\/div>\n        <div class=\"medium-7 medium-offset-1 small-12 columns col-2\">\n                            <div class=\"title-medium js-heading\"><p>LORENZO PALMERI<\/p>\n<p>Quand le textile devient architecture<\/p>\n<\/div>\n                                            <div class=\"text-info  js-heading text-3\"><p>La recherche de Lorenzo Palmeri se d\u00e9ploie entre architecture, mode et design, prenant forme \u00e0 travers une approche de conception multiple, d\u00e9velopp\u00e9e en collaboration avec la manufacture de maille MAS et Arman Avetikyan. Cette exploration part de la capacit\u00e9 des surfaces textiles bidimensionnelles \u00e0 devenir tridimensionnelles gr\u00e2ce \u00e0 des solutions de couture classiques et \u00e0 des d\u00e9coupes savantes rappelant le kirigami, l\u2019art japonais de d\u00e9couper et plier le papier pour obtenir des formes tridimensionnelles \u00e0 partir d\u2019une seule feuille.<\/p>\n<p>&nbsp;<\/p>\n<p>Une approche qui n\u2019invente pas une nouvelle technique, mais la d\u00e9place \u2014 avec soin et intention \u2014 d\u2019un domaine \u00e0 un autre.<\/p>\n<p>&nbsp;<\/p>\n<p>Au c\u0153ur de son travail se trouve une intuition simple et puissante : lorsque la lumi\u00e8re traverse un textile tridimensionnel, quelque chose de sp\u00e9cial se produit. Elle se diffuse, vibre, se concentre en certains points et se dissout en d\u2019autres. La trame devient un paysage microscopique qui module la lumi\u00e8re de mani\u00e8re naturelle, g\u00e9n\u00e9rant des micro-architectures capables de dessiner l\u2019espace sans le fermer.<\/p>\n<\/div>\n                                            <img decoding=\"async\" src=\"https:\/\/www.foscarini.com\/wp-content\/uploads\/2026\/03\/PALMERI_001-150x150.jpg\" srcset=\"https:\/\/www.foscarini.com\/wp-content\/uploads\/2026\/03\/PALMERI_001-300x226.jpg 300w, https:\/\/www.foscarini.com\/wp-content\/uploads\/2026\/03\/PALMERI_001-1024x773.jpg 1024w, https:\/\/www.foscarini.com\/wp-content\/uploads\/2026\/03\/PALMERI_001-768x580.jpg 768w, https:\/\/www.foscarini.com\/wp-content\/uploads\/2026\/03\/PALMERI_001-800x604.jpg 800w, https:\/\/www.foscarini.com\/wp-content\/uploads\/2026\/03\/PALMERI_001.jpg 1060w\" alt=\"\" \/>\n                        <\/div>\n    <\/div>\n<\/section><section class=\"prof__single_info \">\n    <div class=\"row row-large\">\n        <div class=\"medium-4 small-12 columns col-1\">\n                        <ul class=\"list-info\">\n                            <\/ul>\n\n                            <img decoding=\"async\" src=\"https:\/\/www.foscarini.com\/wp-content\/uploads\/2026\/04\/INTRECCI_2img-2txt-01MDW26-150x150.jpg\" srcset=\"https:\/\/www.foscarini.com\/wp-content\/uploads\/2026\/04\/INTRECCI_2img-2txt-01MDW26-181x300.jpg 181w, https:\/\/www.foscarini.com\/wp-content\/uploads\/2026\/04\/INTRECCI_2img-2txt-01MDW26.jpg 598w\" alt=\"\" \/>\n                        <\/div>\n        <div class=\"medium-7 medium-offset-1 small-12 columns col-2\">\n                                        <div class=\"text-info  js-heading text-3\"><p>L\u2019objectif de Foscarini dans ce Fuorisalone n\u2019est donc pas d\u2019aboutir \u00e0 un produit industrialis\u00e9. Il s\u2019agit de recherche pure : une mani\u00e8re d\u2019\u00e9largir le champ des possibles, de recenser de nouvelles possibilit\u00e9s expressives capables de r\u00e9pondre aux d\u00e9fis de demain et de construire un nouveau vocabulaire pour les futurs modes de faire la lumi\u00e8re.<\/p>\n<p>&nbsp;<\/p>\n<p>Une approche ancr\u00e9e dans l\u2019histoire du design, qui ne revendique pas l\u2019invention de la technologie mais la valeur de son application dans le projet. Autrement dit, le travail n\u00e9cessaire pour transformer un proc\u00e9d\u00e9 industriel en un alphabet capable de construire des mots et des phrases porteuses de sens \u2014 une mission que Foscarini consid\u00e8re comme sienne depuis toujours.<\/p>\n<\/div>\n                                            <img decoding=\"async\" src=\"https:\/\/www.foscarini.com\/wp-content\/uploads\/2026\/04\/PALMERI_2img-2txt-04-150x150.jpg\" srcset=\"https:\/\/www.foscarini.com\/wp-content\/uploads\/2026\/04\/PALMERI_2img-2txt-04-300x228.jpg 300w, https:\/\/www.foscarini.com\/wp-content\/uploads\/2026\/04\/PALMERI_2img-2txt-04-1024x777.jpg 1024w, https:\/\/www.foscarini.com\/wp-content\/uploads\/2026\/04\/PALMERI_2img-2txt-04-768x583.jpg 768w, https:\/\/www.foscarini.com\/wp-content\/uploads\/2026\/04\/PALMERI_2img-2txt-04-800x607.jpg 800w, https:\/\/www.foscarini.com\/wp-content\/uploads\/2026\/04\/PALMERI_2img-2txt-04.jpg 1060w\" alt=\"\" \/>\n                        <\/div>\n    <\/div>\n<\/section><section class=\"world__book \">\n    <div class=\"row\">\n        <div class=\"medium-8 small-12 columns\">\n            <div class=\"ct-text\">\n                <p class=\"subtitle js-heading\">BROCHURE<\/p>\n                <div class=\"title-medium js-heading\"><p>Une exploration qui traverse mat\u00e9riaux, proc\u00e9d\u00e9s et techniques de production pour ouvrir \u00e0 de nouvelles possibilit\u00e9s de faire la lumi\u00e8re.<\/p>\n<\/div>\n                <div class=\"text-2 js-heading\"><\/div>\n                                    <div class=\"center-mobile\">\n                        <a class=\"link-bg \" href=\"https:\/\/cdn1.foscarini.com\/Catalogues\/Foscarini_IntrecciDiLuce_2026.pdf\" data-name=\"Foscarini_IntrecciDiLuce_2026.pdf\" download=\"\" target=\"_blank\">T\u00e9l\u00e9chargez le livret<\/a>\n                    <\/div>\n                            <\/div>\n        <\/div>\n        <div class=\"medium-4 small-12 columns\">\n            <div class=\"ct-text-right\">\n                                    <img decoding=\"async\" src=\"https:\/\/www.foscarini.com\/wp-content\/uploads\/2026\/03\/KnittedLight_Brochure-150x150.png\" srcset=\"https:\/\/www.foscarini.com\/wp-content\/uploads\/2026\/03\/KnittedLight_Brochure-257x300.png 257w, https:\/\/www.foscarini.com\/wp-content\/uploads\/2026\/03\/KnittedLight_Brochure.png 740w\" alt=\"\" \/>\n                                    <div class=\"text-2\"><\/div>\n\n                            <\/div>\n        <\/div>\n    <\/div>\n<\/section><p><\/p>","protected":false},"excerpt":{"rendered":"","protected":false},"author":11,"featured_media":477278,"parent":0,"menu_order":0,"comment_status":"closed","ping_status":"closed","template":"","meta":{"_acf_changed":false,"footnotes":""},"class_list":["post-478116","page","type-page","status-publish","has-post-thumbnail","hentry"],"acf":{"preview_slider":{"titolo":"INTRECCI DI LUCE \/ KNITTED LIGHT","testo":"Une exploration qui traverse mat\u00e9riaux, proc\u00e9d\u00e9s et techniques de production pour ouvrir \u00e0 de nouvelles possibilit\u00e9s de faire la lumi\u00e8re.","video_domanda":false,"link_video":""}},"yoast_head":"<!-- This site is optimized with the Yoast SEO Premium plugin v22.4 (Yoast SEO v23.7) - https:\/\/yoast.com\/wordpress\/plugins\/seo\/ -->\n<title>INTRECCI DI LUCE \/ KNITTED LIGHT - Foscarini<\/title>\n<meta name=\"robots\" content=\"index, follow, max-snippet:-1, max-image-preview:large, max-video-preview:-1\" \/>\n<meta property=\"og:locale\" content=\"fr_FR\" \/>\n<meta property=\"og:type\" content=\"article\" \/>\n<meta property=\"og:title\" content=\"INTRECCI DI LUCE \/ KNITTED LIGHT\" \/>\n<meta property=\"og:url\" content=\"https:\/\/www.foscarini.com\/fr\/knitted-light\/\" \/>\n<meta property=\"og:site_name\" content=\"Foscarini\" \/>\n<meta property=\"article:modified_time\" content=\"2026-04-20T16:21:04+00:00\" \/>\n<meta property=\"og:image\" content=\"https:\/\/www.foscarini.com\/wp-content\/uploads\/2026\/03\/MDW26_banner-page02.jpg\" \/>\n\t<meta property=\"og:image:width\" content=\"1920\" \/>\n\t<meta property=\"og:image:height\" content=\"1080\" \/>\n\t<meta property=\"og:image:type\" content=\"image\/jpeg\" \/>\n<meta name=\"twitter:card\" content=\"summary_large_image\" \/>\n<meta name=\"twitter:label1\" content=\"Dur\u00e9e de lecture estim\u00e9e\" \/>\n\t<meta name=\"twitter:data1\" content=\"1 minute\" \/>\n<script type=\"application\/ld+json\" class=\"yoast-schema-graph\">{\"@context\":\"https:\/\/schema.org\",\"@graph\":[{\"@type\":\"WebPage\",\"@id\":\"https:\/\/www.foscarini.com\/fr\/knitted-light\/\",\"url\":\"https:\/\/www.foscarini.com\/fr\/knitted-light\/\",\"name\":\"INTRECCI DI LUCE \/ KNITTED LIGHT - Foscarini\",\"isPartOf\":{\"@id\":\"https:\/\/www.foscarini.com\/#website\"},\"primaryImageOfPage\":{\"@id\":\"https:\/\/www.foscarini.com\/fr\/knitted-light\/#primaryimage\"},\"image\":{\"@id\":\"https:\/\/www.foscarini.com\/fr\/knitted-light\/#primaryimage\"},\"thumbnailUrl\":\"https:\/\/www.foscarini.com\/wp-content\/uploads\/2026\/03\/MDW26_banner-page02.jpg\",\"datePublished\":\"2026-04-16T13:12:48+00:00\",\"dateModified\":\"2026-04-20T16:21:04+00:00\",\"breadcrumb\":{\"@id\":\"https:\/\/www.foscarini.com\/fr\/knitted-light\/#breadcrumb\"},\"inLanguage\":\"fr-FR\",\"potentialAction\":[{\"@type\":\"ReadAction\",\"target\":[\"https:\/\/www.foscarini.com\/fr\/knitted-light\/\"]}]},{\"@type\":\"ImageObject\",\"inLanguage\":\"fr-FR\",\"@id\":\"https:\/\/www.foscarini.com\/fr\/knitted-light\/#primaryimage\",\"url\":\"https:\/\/www.foscarini.com\/wp-content\/uploads\/2026\/03\/MDW26_banner-page02.jpg\",\"contentUrl\":\"https:\/\/www.foscarini.com\/wp-content\/uploads\/2026\/03\/MDW26_banner-page02.jpg\",\"width\":1920,\"height\":1080},{\"@type\":\"BreadcrumbList\",\"@id\":\"https:\/\/www.foscarini.com\/fr\/knitted-light\/#breadcrumb\",\"itemListElement\":[{\"@type\":\"ListItem\",\"position\":1,\"name\":\"Home\",\"item\":\"https:\/\/www.foscarini.com\/fr\/\"},{\"@type\":\"ListItem\",\"position\":2,\"name\":\"INTRECCI DI LUCE \/ KNITTED LIGHT\"}]},{\"@type\":\"WebSite\",\"@id\":\"https:\/\/www.foscarini.com\/#website\",\"url\":\"https:\/\/www.foscarini.com\/\",\"name\":\"Foscarini\",\"description\":\"\",\"potentialAction\":[{\"@type\":\"SearchAction\",\"target\":{\"@type\":\"EntryPoint\",\"urlTemplate\":\"https:\/\/www.foscarini.com\/?s={search_term_string}\"},\"query-input\":{\"@type\":\"PropertyValueSpecification\",\"valueRequired\":true,\"valueName\":\"search_term_string\"}}],\"inLanguage\":\"fr-FR\"}]}<\/script>\n<!-- \/ Yoast SEO Premium plugin. -->","yoast_head_json":{"title":"INTRECCI DI LUCE \/ KNITTED LIGHT - Foscarini","robots":{"index":"index","follow":"follow","max-snippet":"max-snippet:-1","max-image-preview":"max-image-preview:large","max-video-preview":"max-video-preview:-1"},"og_locale":"fr_FR","og_type":"article","og_title":"INTRECCI DI LUCE \/ KNITTED LIGHT","og_url":"https:\/\/www.foscarini.com\/fr\/knitted-light\/","og_site_name":"Foscarini","article_modified_time":"2026-04-20T16:21:04+00:00","og_image":[{"width":1920,"height":1080,"url":"https:\/\/www.foscarini.com\/wp-content\/uploads\/2026\/03\/MDW26_banner-page02.jpg","type":"image\/jpeg"}],"twitter_card":"summary_large_image","twitter_misc":{"Dur\u00e9e de lecture estim\u00e9e":"1 minute"},"schema":{"@context":"https:\/\/schema.org","@graph":[{"@type":"WebPage","@id":"https:\/\/www.foscarini.com\/fr\/knitted-light\/","url":"https:\/\/www.foscarini.com\/fr\/knitted-light\/","name":"INTRECCI DI LUCE \/ KNITTED LIGHT - Foscarini","isPartOf":{"@id":"https:\/\/www.foscarini.com\/#website"},"primaryImageOfPage":{"@id":"https:\/\/www.foscarini.com\/fr\/knitted-light\/#primaryimage"},"image":{"@id":"https:\/\/www.foscarini.com\/fr\/knitted-light\/#primaryimage"},"thumbnailUrl":"https:\/\/www.foscarini.com\/wp-content\/uploads\/2026\/03\/MDW26_banner-page02.jpg","datePublished":"2026-04-16T13:12:48+00:00","dateModified":"2026-04-20T16:21:04+00:00","breadcrumb":{"@id":"https:\/\/www.foscarini.com\/fr\/knitted-light\/#breadcrumb"},"inLanguage":"fr-FR","potentialAction":[{"@type":"ReadAction","target":["https:\/\/www.foscarini.com\/fr\/knitted-light\/"]}]},{"@type":"ImageObject","inLanguage":"fr-FR","@id":"https:\/\/www.foscarini.com\/fr\/knitted-light\/#primaryimage","url":"https:\/\/www.foscarini.com\/wp-content\/uploads\/2026\/03\/MDW26_banner-page02.jpg","contentUrl":"https:\/\/www.foscarini.com\/wp-content\/uploads\/2026\/03\/MDW26_banner-page02.jpg","width":1920,"height":1080},{"@type":"BreadcrumbList","@id":"https:\/\/www.foscarini.com\/fr\/knitted-light\/#breadcrumb","itemListElement":[{"@type":"ListItem","position":1,"name":"Home","item":"https:\/\/www.foscarini.com\/fr\/"},{"@type":"ListItem","position":2,"name":"INTRECCI DI LUCE \/ KNITTED LIGHT"}]},{"@type":"WebSite","@id":"https:\/\/www.foscarini.com\/#website","url":"https:\/\/www.foscarini.com\/","name":"Foscarini","description":"","potentialAction":[{"@type":"SearchAction","target":{"@type":"EntryPoint","urlTemplate":"https:\/\/www.foscarini.com\/?s={search_term_string}"},"query-input":{"@type":"PropertyValueSpecification","valueRequired":true,"valueName":"search_term_string"}}],"inLanguage":"fr-FR"}]}},"_links":{"self":[{"href":"https:\/\/www.foscarini.com\/fr\/wp-json\/wp\/v2\/pages\/478116"}],"collection":[{"href":"https:\/\/www.foscarini.com\/fr\/wp-json\/wp\/v2\/pages"}],"about":[{"href":"https:\/\/www.foscarini.com\/fr\/wp-json\/wp\/v2\/types\/page"}],"author":[{"embeddable":true,"href":"https:\/\/www.foscarini.com\/fr\/wp-json\/wp\/v2\/users\/11"}],"replies":[{"embeddable":true,"href":"https:\/\/www.foscarini.com\/fr\/wp-json\/wp\/v2\/comments?post=478116"}],"version-history":[{"count":1,"href":"https:\/\/www.foscarini.com\/fr\/wp-json\/wp\/v2\/pages\/478116\/revisions"}],"predecessor-version":[{"id":478126,"href":"https:\/\/www.foscarini.com\/fr\/wp-json\/wp\/v2\/pages\/478116\/revisions\/478126"}],"wp:featuredmedia":[{"embeddable":true,"href":"https:\/\/www.foscarini.com\/fr\/wp-json\/wp\/v2\/media\/477278"}],"wp:attachment":[{"href":"https:\/\/www.foscarini.com\/fr\/wp-json\/wp\/v2\/media?parent=478116"}],"curies":[{"name":"wp","href":"https:\/\/api.w.org\/{rel}","templated":true}]}}