{"id":478114,"date":"2026-04-16T13:35:51","date_gmt":"2026-04-16T13:35:51","guid":{"rendered":"https:\/\/www.foscarini.com\/mdw26\/"},"modified":"2026-04-21T09:01:04","modified_gmt":"2026-04-21T09:01:04","slug":"mdw26","status":"publish","type":"page","link":"https:\/\/www.foscarini.com\/fr\/mdw26\/","title":{"rendered":"MDW26"},"content":{"rendered":"<section class=\"inventario--ct \">\n    <div class=\"row\">\n        <div class=\"small-12 columns\">\n            <p class=\"subtitle js-heading\">21\u201426 avril 2026<\/p>\n            <div class=\"title-extra js-heading\"><p>Milano Design Week<\/p>\n<\/div>\n        <\/div>\n        <div class=\"medium-7 medium-offset-5 small-12 columns\">\n            <div class=\"text-3 js-heading\"><\/div>\n        <\/div>\n    <\/div>\n<\/section><section class=\"prof__single_info \">\n    <div class=\"row row-large\">\n        <div class=\"medium-4 small-12 columns col-1\">\n                        <ul class=\"list-info\">\n                                        <li>\n                            <span class=\"subtitle js-heading\">FOSCARINI SPAZIO MONFORTE<\/span>\n                            <div class=\"text-1 js-heading\"><p>INTRECCI DI LUCE \/ KNITTED LIGHT<br \/>\nTricot 3D et lumi\u00e8re dans une recherche exp\u00e9rimentale<br \/>\nCorso Monforte, 19<br \/>\n<em><a href=\"https:\/\/form.foscarini.com\/mdw26\/rsvpmon\" target=\"_blank\" rel=\"noopener\">Inscrivez-vous ici<\/a><\/em><\/p>\n<\/div>\n                        <\/li>\n                                    <\/ul>\n\n                            <img decoding=\"async\" src=\"https:\/\/www.foscarini.com\/wp-content\/uploads\/2026\/03\/TexTech_Foscarini-150x150.jpg\" srcset=\"https:\/\/www.foscarini.com\/wp-content\/uploads\/2026\/03\/TexTech_Foscarini-300x209.jpg 300w, https:\/\/www.foscarini.com\/wp-content\/uploads\/2026\/03\/TexTech_Foscarini-1024x715.jpg 1024w, https:\/\/www.foscarini.com\/wp-content\/uploads\/2026\/03\/TexTech_Foscarini-768x536.jpg 768w, https:\/\/www.foscarini.com\/wp-content\/uploads\/2026\/03\/TexTech_Foscarini-1536x1072.jpg 1536w, https:\/\/www.foscarini.com\/wp-content\/uploads\/2026\/03\/TexTech_Foscarini-800x559.jpg 800w, https:\/\/www.foscarini.com\/wp-content\/uploads\/2026\/03\/TexTech_Foscarini.jpg 1547w\" alt=\"\" \/>\n                        <\/div>\n        <div class=\"medium-7 medium-offset-1 small-12 columns col-2\">\n                            <div class=\"title-medium js-heading\"><p>Pendant la Milano Design Week 2026, Spazio Monforte pr\u00e9sente INTRECCI DI<br \/>\nLUCE, une recherche exp\u00e9rimentale sur la rencontre entre tricot 3D et lumi\u00e8re \u2014 volumes in\u00e9dits, fils inattendus, effets lumineux \u00e0 d\u00e9couvrir \u2014 ainsi que la c\u00e9l\u00e9bration des vingt ans de Twiggy, l\u2019ic\u00f4ne qui a r\u00e9invent\u00e9 la lampe \u00e0 arc avec un geste l\u00e9ger et structurel. <\/p>\n<\/div>\n                                                        <img decoding=\"async\" src=\"https:\/\/www.foscarini.com\/wp-content\/uploads\/2026\/03\/MAS_Foscarini-150x150.jpg\" srcset=\"https:\/\/www.foscarini.com\/wp-content\/uploads\/2026\/03\/MAS_Foscarini-300x209.jpg 300w, https:\/\/www.foscarini.com\/wp-content\/uploads\/2026\/03\/MAS_Foscarini-1024x715.jpg 1024w, https:\/\/www.foscarini.com\/wp-content\/uploads\/2026\/03\/MAS_Foscarini-768x536.jpg 768w, https:\/\/www.foscarini.com\/wp-content\/uploads\/2026\/03\/MAS_Foscarini-1536x1072.jpg 1536w, https:\/\/www.foscarini.com\/wp-content\/uploads\/2026\/03\/MAS_Foscarini-800x559.jpg 800w, https:\/\/www.foscarini.com\/wp-content\/uploads\/2026\/03\/MAS_Foscarini.jpg 1547w\" alt=\"\" \/>\n                        <\/div>\n    <\/div>\n<\/section><section id=\"ispirazione\" class=\"selector__tipology selector__ambient full-height-vh\">\n    <div class=\"row row-full full-height-vh\">\n        <div class=\"medium-6 small-12 columns full-height-vh\">\n            <div class=\"ct-text\">\n                <div class=\"inner-text\">\n                    <span class=\"subtitle\">D\u00c9COUVREZ SPAZIO MONFORTE<\/span>\n                                        <ul class=\"list-tipology\">\n                                                        <li><a class=\"active\" href=\"https:\/\/www.foscarini.com\/fr\/knitted-light\/\" data-tipology=\"index-0\">Intrecci di luce \/ Knitted light<\/a><\/li>\n                                                                <li><a class=\"\" href=\"https:\/\/www.foscarini.com\/fr\/twiggy-20\/\" data-tipology=\"index-1\">20 ans de Twiggy<\/a><\/li>\n                                                    <\/ul>\n                <\/div>\n            <\/div>\n        <\/div>\n        <div class=\"medium-6 small-12 columns full-height-vh no-padding show-for-medium\">\n                                <div class=\"tipology-item active\" data-tipology=\"index-0\">\n                        <div class=\"swiper-container swiper__tipology\">\n                            <div class=\"swiper-wrapper\">\n                                                                            <div class=\"swiper-slide\" style=\"background-image: url(https:\/\/www.foscarini.com\/wp-content\/uploads\/2026\/04\/IntrecciDiLuce.jpg);\"><\/div>\n                                                                        <\/div>\n                        <\/div>\n                    <\/div>\n                                        <div class=\"tipology-item \" data-tipology=\"index-1\">\n                        <div class=\"swiper-container swiper__tipology\">\n                            <div class=\"swiper-wrapper\">\n                                                                            <div class=\"swiper-slide\" style=\"background-image: url(https:\/\/www.foscarini.com\/wp-content\/uploads\/2026\/03\/20Twiggy-pop.jpeg);\"><\/div>\n                                                                        <\/div>\n                        <\/div>\n                    <\/div>\n                            <\/div>\n    <\/div>\n<\/section><section class=\"pdp__slider full-height-vh\">\n    <div class=\"swiper-container swiper__pdp\">\n        <div class=\"swiper-wrapper full-height\">\n                                <div class=\"swiper-slide\">\n                                                    <img decoding=\"async\" class=\"full-cover\" src=\"https:\/\/www.foscarini.com\/wp-content\/uploads\/2026\/04\/012_3E6A8740_@giulianokoren-150x150.jpg\" srcset=\"https:\/\/www.foscarini.com\/wp-content\/uploads\/2026\/04\/012_3E6A8740_@giulianokoren-300x200.jpg 300w, https:\/\/www.foscarini.com\/wp-content\/uploads\/2026\/04\/012_3E6A8740_@giulianokoren-1024x683.jpg 1024w, https:\/\/www.foscarini.com\/wp-content\/uploads\/2026\/04\/012_3E6A8740_@giulianokoren-768x512.jpg 768w, https:\/\/www.foscarini.com\/wp-content\/uploads\/2026\/04\/012_3E6A8740_@giulianokoren-1536x1025.jpg 1536w, https:\/\/www.foscarini.com\/wp-content\/uploads\/2026\/04\/012_3E6A8740_@giulianokoren-800x534.jpg 800w, https:\/\/www.foscarini.com\/wp-content\/uploads\/2026\/04\/012_3E6A8740_@giulianokoren.jpg 1640w\" alt=\"\" \/>\n                                                                        <\/div>\n                                        <div class=\"swiper-slide\">\n                                                    <img decoding=\"async\" class=\"full-cover\" src=\"https:\/\/www.foscarini.com\/wp-content\/uploads\/2026\/04\/028_3E6A8773_@giulianokoren-150x150.jpg\" srcset=\"https:\/\/www.foscarini.com\/wp-content\/uploads\/2026\/04\/028_3E6A8773_@giulianokoren-300x200.jpg 300w, https:\/\/www.foscarini.com\/wp-content\/uploads\/2026\/04\/028_3E6A8773_@giulianokoren-1024x683.jpg 1024w, https:\/\/www.foscarini.com\/wp-content\/uploads\/2026\/04\/028_3E6A8773_@giulianokoren-768x512.jpg 768w, https:\/\/www.foscarini.com\/wp-content\/uploads\/2026\/04\/028_3E6A8773_@giulianokoren-1536x1025.jpg 1536w, https:\/\/www.foscarini.com\/wp-content\/uploads\/2026\/04\/028_3E6A8773_@giulianokoren-800x534.jpg 800w, https:\/\/www.foscarini.com\/wp-content\/uploads\/2026\/04\/028_3E6A8773_@giulianokoren.jpg 1640w\" alt=\"\" \/>\n                                                                        <\/div>\n                                        <div class=\"swiper-slide\">\n                                                    <img decoding=\"async\" class=\"full-cover\" src=\"https:\/\/www.foscarini.com\/wp-content\/uploads\/2026\/04\/029_3E6A8553_@giulianokoren-150x150.jpg\" srcset=\"https:\/\/www.foscarini.com\/wp-content\/uploads\/2026\/04\/029_3E6A8553_@giulianokoren-300x200.jpg 300w, https:\/\/www.foscarini.com\/wp-content\/uploads\/2026\/04\/029_3E6A8553_@giulianokoren-1024x683.jpg 1024w, https:\/\/www.foscarini.com\/wp-content\/uploads\/2026\/04\/029_3E6A8553_@giulianokoren-768x512.jpg 768w, https:\/\/www.foscarini.com\/wp-content\/uploads\/2026\/04\/029_3E6A8553_@giulianokoren-1536x1025.jpg 1536w, https:\/\/www.foscarini.com\/wp-content\/uploads\/2026\/04\/029_3E6A8553_@giulianokoren-800x534.jpg 800w, https:\/\/www.foscarini.com\/wp-content\/uploads\/2026\/04\/029_3E6A8553_@giulianokoren.jpg 1640w\" alt=\"\" \/>\n                                                                        <\/div>\n                                        <div class=\"swiper-slide\">\n                                                    <img decoding=\"async\" class=\"full-cover\" src=\"https:\/\/www.foscarini.com\/wp-content\/uploads\/2026\/04\/035_3E6A8566_@giulianokoren-150x150.jpg\" srcset=\"https:\/\/www.foscarini.com\/wp-content\/uploads\/2026\/04\/035_3E6A8566_@giulianokoren-200x300.jpg 200w, https:\/\/www.foscarini.com\/wp-content\/uploads\/2026\/04\/035_3E6A8566_@giulianokoren-683x1024.jpg 683w, https:\/\/www.foscarini.com\/wp-content\/uploads\/2026\/04\/035_3E6A8566_@giulianokoren-768x1151.jpg 768w, https:\/\/www.foscarini.com\/wp-content\/uploads\/2026\/04\/035_3E6A8566_@giulianokoren-1025x1536.jpg 1025w, https:\/\/www.foscarini.com\/wp-content\/uploads\/2026\/04\/035_3E6A8566_@giulianokoren-800x1199.jpg 800w, https:\/\/www.foscarini.com\/wp-content\/uploads\/2026\/04\/035_3E6A8566_@giulianokoren.jpg 1094w\" alt=\"\" \/>\n                                                                        <\/div>\n                                        <div class=\"swiper-slide\">\n                                                    <img decoding=\"async\" class=\"full-cover\" src=\"https:\/\/www.foscarini.com\/wp-content\/uploads\/2026\/04\/038_3E6A8550_@giulianokoren-150x150.jpg\" srcset=\"https:\/\/www.foscarini.com\/wp-content\/uploads\/2026\/04\/038_3E6A8550_@giulianokoren-200x300.jpg 200w, https:\/\/www.foscarini.com\/wp-content\/uploads\/2026\/04\/038_3E6A8550_@giulianokoren-683x1024.jpg 683w, https:\/\/www.foscarini.com\/wp-content\/uploads\/2026\/04\/038_3E6A8550_@giulianokoren-768x1151.jpg 768w, https:\/\/www.foscarini.com\/wp-content\/uploads\/2026\/04\/038_3E6A8550_@giulianokoren-1025x1536.jpg 1025w, https:\/\/www.foscarini.com\/wp-content\/uploads\/2026\/04\/038_3E6A8550_@giulianokoren-800x1199.jpg 800w, https:\/\/www.foscarini.com\/wp-content\/uploads\/2026\/04\/038_3E6A8550_@giulianokoren.jpg 1094w\" alt=\"\" \/>\n                                                                        <\/div>\n                                        <div class=\"swiper-slide\">\n                                                    <img decoding=\"async\" class=\"full-cover\" src=\"https:\/\/www.foscarini.com\/wp-content\/uploads\/2026\/04\/046_3E6A8528_@giulianokoren-150x150.jpg\" srcset=\"https:\/\/www.foscarini.com\/wp-content\/uploads\/2026\/04\/046_3E6A8528_@giulianokoren-300x200.jpg 300w, https:\/\/www.foscarini.com\/wp-content\/uploads\/2026\/04\/046_3E6A8528_@giulianokoren-1024x683.jpg 1024w, https:\/\/www.foscarini.com\/wp-content\/uploads\/2026\/04\/046_3E6A8528_@giulianokoren-768x512.jpg 768w, https:\/\/www.foscarini.com\/wp-content\/uploads\/2026\/04\/046_3E6A8528_@giulianokoren-1536x1025.jpg 1536w, https:\/\/www.foscarini.com\/wp-content\/uploads\/2026\/04\/046_3E6A8528_@giulianokoren-800x534.jpg 800w, https:\/\/www.foscarini.com\/wp-content\/uploads\/2026\/04\/046_3E6A8528_@giulianokoren.jpg 1640w\" alt=\"\" \/>\n                                                                        <\/div>\n                                        <div class=\"swiper-slide\">\n                                                    <img decoding=\"async\" class=\"full-cover\" src=\"https:\/\/www.foscarini.com\/wp-content\/uploads\/2026\/04\/060_3E6A8544_@giulianokoren-150x150.jpg\" srcset=\"https:\/\/www.foscarini.com\/wp-content\/uploads\/2026\/04\/060_3E6A8544_@giulianokoren-200x300.jpg 200w, https:\/\/www.foscarini.com\/wp-content\/uploads\/2026\/04\/060_3E6A8544_@giulianokoren-683x1024.jpg 683w, https:\/\/www.foscarini.com\/wp-content\/uploads\/2026\/04\/060_3E6A8544_@giulianokoren-768x1151.jpg 768w, https:\/\/www.foscarini.com\/wp-content\/uploads\/2026\/04\/060_3E6A8544_@giulianokoren-1025x1536.jpg 1025w, https:\/\/www.foscarini.com\/wp-content\/uploads\/2026\/04\/060_3E6A8544_@giulianokoren-800x1199.jpg 800w, https:\/\/www.foscarini.com\/wp-content\/uploads\/2026\/04\/060_3E6A8544_@giulianokoren.jpg 1094w\" alt=\"\" \/>\n                                                                        <\/div>\n                                        <div class=\"swiper-slide\">\n                                                    <img decoding=\"async\" class=\"full-cover\" src=\"https:\/\/www.foscarini.com\/wp-content\/uploads\/2026\/04\/061_3E6A8546_@giulianokoren-150x150.jpg\" srcset=\"https:\/\/www.foscarini.com\/wp-content\/uploads\/2026\/04\/061_3E6A8546_@giulianokoren-300x200.jpg 300w, https:\/\/www.foscarini.com\/wp-content\/uploads\/2026\/04\/061_3E6A8546_@giulianokoren-1024x683.jpg 1024w, https:\/\/www.foscarini.com\/wp-content\/uploads\/2026\/04\/061_3E6A8546_@giulianokoren-768x512.jpg 768w, https:\/\/www.foscarini.com\/wp-content\/uploads\/2026\/04\/061_3E6A8546_@giulianokoren-1536x1025.jpg 1536w, https:\/\/www.foscarini.com\/wp-content\/uploads\/2026\/04\/061_3E6A8546_@giulianokoren-800x534.jpg 800w, https:\/\/www.foscarini.com\/wp-content\/uploads\/2026\/04\/061_3E6A8546_@giulianokoren.jpg 1640w\" alt=\"\" \/>\n                                                                        <\/div>\n                            <\/div>\n    <\/div>\n    <div class=\"swiper-scrollbar\"><\/div>\n    <div class=\"ct-arrow\">\n        <div class=\"swiper-button-prev\"><\/div>\n        <div class=\"swiper-button-next\"><\/div>\n    <\/div>\n<\/section><section class=\"world__book \">\n    <div class=\"row\">\n        <div class=\"medium-8 small-12 columns\">\n            <div class=\"ct-text\">\n                <p class=\"subtitle js-heading\">BROCHURE<\/p>\n                <div class=\"title-medium js-heading\"><p>Une exploration qui traverse mat\u00e9riaux, proc\u00e9d\u00e9s et techniques de production pour ouvrir \u00e0 de nouvelles possibilit\u00e9s de faire la lumi\u00e8re.<\/p>\n<\/div>\n                <div class=\"text-2 js-heading\"><\/div>\n                                    <div class=\"center-mobile\">\n                        <a class=\"link-bg \" href=\"https:\/\/cdn1.foscarini.com\/Catalogues\/Foscarini_IntrecciDiLuce_2026.pdf\" data-name=\"Foscarini_IntrecciDiLuce_2026.pdf\" download=\"\" target=\"_blank\">T\u00e9l\u00e9chargez le livret<\/a>\n                    <\/div>\n                            <\/div>\n        <\/div>\n        <div class=\"medium-4 small-12 columns\">\n            <div class=\"ct-text-right\">\n                                    <img decoding=\"async\" src=\"https:\/\/www.foscarini.com\/wp-content\/uploads\/2026\/03\/KnittedLight_Brochure-150x150.png\" srcset=\"https:\/\/www.foscarini.com\/wp-content\/uploads\/2026\/03\/KnittedLight_Brochure-257x300.png 257w, https:\/\/www.foscarini.com\/wp-content\/uploads\/2026\/03\/KnittedLight_Brochure.png 740w\" alt=\"\" \/>\n                                    <div class=\"text-2\"><\/div>\n\n                            <\/div>\n        <\/div>\n    <\/div>\n<\/section>","protected":false},"excerpt":{"rendered":"","protected":false},"author":11,"featured_media":477278,"parent":0,"menu_order":0,"comment_status":"closed","ping_status":"closed","template":"","meta":{"_acf_changed":false,"footnotes":""},"class_list":["post-478114","page","type-page","status-publish","has-post-thumbnail","hentry"],"acf":{"preview_slider":{"titolo":"Milan Design Week 2026","testo":"21\u201426 avril 2026\r\nCorso Monforte, 19\r\nSpazio Monforte pr\u00e9sente INTRECCI DI\r\nLUCE, une recherche exp\u00e9rimentale sur la rencontre entre tricot 3D et lumi\u00e8re, ainsi que la c\u00e9l\u00e9bration des vingt ans de Twiggy. ","video_domanda":false,"link_video":""}},"yoast_head":"<!-- This site is optimized with the Yoast SEO Premium plugin v22.4 (Yoast SEO v23.7) - https:\/\/yoast.com\/wordpress\/plugins\/seo\/ -->\n<title>MDW26 - Foscarini<\/title>\n<meta name=\"robots\" content=\"index, follow, max-snippet:-1, max-image-preview:large, max-video-preview:-1\" \/>\n<meta property=\"og:locale\" content=\"fr_FR\" \/>\n<meta property=\"og:type\" content=\"article\" \/>\n<meta property=\"og:title\" content=\"MDW26\" \/>\n<meta property=\"og:url\" content=\"https:\/\/www.foscarini.com\/fr\/mdw26\/\" \/>\n<meta property=\"og:site_name\" content=\"Foscarini\" \/>\n<meta property=\"article:modified_time\" content=\"2026-04-21T09:01:04+00:00\" \/>\n<meta property=\"og:image\" content=\"https:\/\/www.foscarini.com\/wp-content\/uploads\/2026\/03\/MDW26_banner-page02.jpg\" \/>\n\t<meta property=\"og:image:width\" content=\"1920\" \/>\n\t<meta property=\"og:image:height\" content=\"1080\" \/>\n\t<meta property=\"og:image:type\" content=\"image\/jpeg\" \/>\n<meta name=\"twitter:card\" content=\"summary_large_image\" \/>\n<meta name=\"twitter:label1\" content=\"Dur\u00e9e de lecture estim\u00e9e\" \/>\n\t<meta name=\"twitter:data1\" content=\"1 minute\" \/>\n<script type=\"application\/ld+json\" class=\"yoast-schema-graph\">{\"@context\":\"https:\/\/schema.org\",\"@graph\":[{\"@type\":\"WebPage\",\"@id\":\"https:\/\/www.foscarini.com\/fr\/mdw26\/\",\"url\":\"https:\/\/www.foscarini.com\/fr\/mdw26\/\",\"name\":\"MDW26 - Foscarini\",\"isPartOf\":{\"@id\":\"https:\/\/www.foscarini.com\/#website\"},\"primaryImageOfPage\":{\"@id\":\"https:\/\/www.foscarini.com\/fr\/mdw26\/#primaryimage\"},\"image\":{\"@id\":\"https:\/\/www.foscarini.com\/fr\/mdw26\/#primaryimage\"},\"thumbnailUrl\":\"https:\/\/www.foscarini.com\/wp-content\/uploads\/2026\/03\/MDW26_banner-page02.jpg\",\"datePublished\":\"2026-04-16T13:35:51+00:00\",\"dateModified\":\"2026-04-21T09:01:04+00:00\",\"breadcrumb\":{\"@id\":\"https:\/\/www.foscarini.com\/fr\/mdw26\/#breadcrumb\"},\"inLanguage\":\"fr-FR\",\"potentialAction\":[{\"@type\":\"ReadAction\",\"target\":[\"https:\/\/www.foscarini.com\/fr\/mdw26\/\"]}]},{\"@type\":\"ImageObject\",\"inLanguage\":\"fr-FR\",\"@id\":\"https:\/\/www.foscarini.com\/fr\/mdw26\/#primaryimage\",\"url\":\"https:\/\/www.foscarini.com\/wp-content\/uploads\/2026\/03\/MDW26_banner-page02.jpg\",\"contentUrl\":\"https:\/\/www.foscarini.com\/wp-content\/uploads\/2026\/03\/MDW26_banner-page02.jpg\",\"width\":1920,\"height\":1080},{\"@type\":\"BreadcrumbList\",\"@id\":\"https:\/\/www.foscarini.com\/fr\/mdw26\/#breadcrumb\",\"itemListElement\":[{\"@type\":\"ListItem\",\"position\":1,\"name\":\"Home\",\"item\":\"https:\/\/www.foscarini.com\/fr\/\"},{\"@type\":\"ListItem\",\"position\":2,\"name\":\"MDW26\"}]},{\"@type\":\"WebSite\",\"@id\":\"https:\/\/www.foscarini.com\/#website\",\"url\":\"https:\/\/www.foscarini.com\/\",\"name\":\"Foscarini\",\"description\":\"\",\"potentialAction\":[{\"@type\":\"SearchAction\",\"target\":{\"@type\":\"EntryPoint\",\"urlTemplate\":\"https:\/\/www.foscarini.com\/?s={search_term_string}\"},\"query-input\":{\"@type\":\"PropertyValueSpecification\",\"valueRequired\":true,\"valueName\":\"search_term_string\"}}],\"inLanguage\":\"fr-FR\"}]}<\/script>\n<!-- \/ Yoast SEO Premium plugin. -->","yoast_head_json":{"title":"MDW26 - Foscarini","robots":{"index":"index","follow":"follow","max-snippet":"max-snippet:-1","max-image-preview":"max-image-preview:large","max-video-preview":"max-video-preview:-1"},"og_locale":"fr_FR","og_type":"article","og_title":"MDW26","og_url":"https:\/\/www.foscarini.com\/fr\/mdw26\/","og_site_name":"Foscarini","article_modified_time":"2026-04-21T09:01:04+00:00","og_image":[{"width":1920,"height":1080,"url":"https:\/\/www.foscarini.com\/wp-content\/uploads\/2026\/03\/MDW26_banner-page02.jpg","type":"image\/jpeg"}],"twitter_card":"summary_large_image","twitter_misc":{"Dur\u00e9e de lecture estim\u00e9e":"1 minute"},"schema":{"@context":"https:\/\/schema.org","@graph":[{"@type":"WebPage","@id":"https:\/\/www.foscarini.com\/fr\/mdw26\/","url":"https:\/\/www.foscarini.com\/fr\/mdw26\/","name":"MDW26 - Foscarini","isPartOf":{"@id":"https:\/\/www.foscarini.com\/#website"},"primaryImageOfPage":{"@id":"https:\/\/www.foscarini.com\/fr\/mdw26\/#primaryimage"},"image":{"@id":"https:\/\/www.foscarini.com\/fr\/mdw26\/#primaryimage"},"thumbnailUrl":"https:\/\/www.foscarini.com\/wp-content\/uploads\/2026\/03\/MDW26_banner-page02.jpg","datePublished":"2026-04-16T13:35:51+00:00","dateModified":"2026-04-21T09:01:04+00:00","breadcrumb":{"@id":"https:\/\/www.foscarini.com\/fr\/mdw26\/#breadcrumb"},"inLanguage":"fr-FR","potentialAction":[{"@type":"ReadAction","target":["https:\/\/www.foscarini.com\/fr\/mdw26\/"]}]},{"@type":"ImageObject","inLanguage":"fr-FR","@id":"https:\/\/www.foscarini.com\/fr\/mdw26\/#primaryimage","url":"https:\/\/www.foscarini.com\/wp-content\/uploads\/2026\/03\/MDW26_banner-page02.jpg","contentUrl":"https:\/\/www.foscarini.com\/wp-content\/uploads\/2026\/03\/MDW26_banner-page02.jpg","width":1920,"height":1080},{"@type":"BreadcrumbList","@id":"https:\/\/www.foscarini.com\/fr\/mdw26\/#breadcrumb","itemListElement":[{"@type":"ListItem","position":1,"name":"Home","item":"https:\/\/www.foscarini.com\/fr\/"},{"@type":"ListItem","position":2,"name":"MDW26"}]},{"@type":"WebSite","@id":"https:\/\/www.foscarini.com\/#website","url":"https:\/\/www.foscarini.com\/","name":"Foscarini","description":"","potentialAction":[{"@type":"SearchAction","target":{"@type":"EntryPoint","urlTemplate":"https:\/\/www.foscarini.com\/?s={search_term_string}"},"query-input":{"@type":"PropertyValueSpecification","valueRequired":true,"valueName":"search_term_string"}}],"inLanguage":"fr-FR"}]}},"_links":{"self":[{"href":"https:\/\/www.foscarini.com\/fr\/wp-json\/wp\/v2\/pages\/478114"}],"collection":[{"href":"https:\/\/www.foscarini.com\/fr\/wp-json\/wp\/v2\/pages"}],"about":[{"href":"https:\/\/www.foscarini.com\/fr\/wp-json\/wp\/v2\/types\/page"}],"author":[{"embeddable":true,"href":"https:\/\/www.foscarini.com\/fr\/wp-json\/wp\/v2\/users\/11"}],"replies":[{"embeddable":true,"href":"https:\/\/www.foscarini.com\/fr\/wp-json\/wp\/v2\/comments?post=478114"}],"version-history":[{"count":4,"href":"https:\/\/www.foscarini.com\/fr\/wp-json\/wp\/v2\/pages\/478114\/revisions"}],"predecessor-version":[{"id":478143,"href":"https:\/\/www.foscarini.com\/fr\/wp-json\/wp\/v2\/pages\/478114\/revisions\/478143"}],"wp:featuredmedia":[{"embeddable":true,"href":"https:\/\/www.foscarini.com\/fr\/wp-json\/wp\/v2\/media\/477278"}],"wp:attachment":[{"href":"https:\/\/www.foscarini.com\/fr\/wp-json\/wp\/v2\/media?parent=478114"}],"curies":[{"name":"wp","href":"https:\/\/api.w.org\/{rel}","templated":true}]}}