{"id":386205,"date":"2025-04-02T10:10:26","date_gmt":"2025-04-02T10:10:26","guid":{"rendered":"https:\/\/www.foscarini.com\/mdw25-euroluce\/"},"modified":"2025-04-08T13:30:09","modified_gmt":"2025-04-08T13:30:09","slug":"mdw25-euroluce","status":"publish","type":"page","link":"https:\/\/www.foscarini.com\/fr\/mdw25-euroluce\/","title":{"rendered":"MDW25- Euroluce"},"content":{"rendered":"<section class=\"world__first_block bg-full\">\n\n            <img decoding=\"async\" class=\"image-principal show-desktop only-desktop\" src=\"https:\/\/www.foscarini.com\/wp-content\/uploads\/2025\/03\/banner-euroluce-150x150.jpg\" srcset=\"https:\/\/www.foscarini.com\/wp-content\/uploads\/2025\/03\/banner-euroluce-300x169.jpg 300w, https:\/\/www.foscarini.com\/wp-content\/uploads\/2025\/03\/banner-euroluce-1024x576.jpg 1024w, https:\/\/www.foscarini.com\/wp-content\/uploads\/2025\/03\/banner-euroluce-768x432.jpg 768w, https:\/\/www.foscarini.com\/wp-content\/uploads\/2025\/03\/banner-euroluce-1536x864.jpg 1536w, https:\/\/www.foscarini.com\/wp-content\/uploads\/2025\/03\/banner-euroluce-800x450.jpg 800w, https:\/\/www.foscarini.com\/wp-content\/uploads\/2025\/03\/banner-euroluce.jpg 1920w\" alt=\"\" \/>\n        \n    \n    \n\n    <div class=\"row full-height-vh\">\n        <div class=\"small-12 col-1 medium-12 columns\">\n            <span class=\"subtitle\">MILAN DESIGN WEEK 2025 \/ EUROLUCE<\/span>\n        <\/div>\n        <div class=\"small-12 col-2 medium-12 invert columns align-self-bottom\">\n            <div class=\"ct-text\">\n                <div class=\"title-big js-heading\"><p>Euroluce \u2014 Unveiling new icons<\/p>\n<\/div>\n                <div class=\"text-1 js-heading\"><\/div>\n                <div class=\"ct-bottom\">\n                                                        <a class=\"link-bg\" href=\"\" >Virtual Tour<\/a>\n                                                                                            <a class=\"link\" href=\"https:\/\/www.foscarini.com\/fr\/mdw25\/\" >Retour \u00e0 la Milan Design Week 2025<\/a>\n                                                    <\/div>\n            <\/div>\n        <\/div>\n    <\/div>\n<\/section><section class=\"prof__single_info \">\n    <div class=\"row row-large\">\n        <div class=\"medium-4 small-12 columns col-1\">\n                        <ul class=\"list-info\">\n                                        <li>\n                            <span class=\"subtitle js-heading\">EUROLUCE<\/span>\n                            <div class=\"text-1 js-heading\"><p>Fiera Milano, Rho<br \/>\nHall 4<br \/>\nBooth C03\u2014 C05<\/p>\n<\/div>\n                        <\/li>\n                                                <li>\n                            <span class=\"subtitle js-heading\">ORARI<\/span>\n                            <div class=\"text-1 js-heading\"><p>8\u201413 Avril 2025<br \/>\nDe 09h30 \u00e0 18h30<\/p>\n<\/div>\n                        <\/li>\n                                    <\/ul>\n\n                    <\/div>\n        <div class=\"medium-7 medium-offset-1 small-12 columns col-2\">\n                                        <div class=\"text-info  js-heading text-3\"><p>Un stand con\u00e7u par Ferruccio Laviani accueille les visiteurs, pr\u00e9sentant un caract\u00e8re vivement dynamique, gr\u00e2ce \u00e0 l\u2019utilisation de la couleur et \u00e0 un jeu subtil de pleins et de vides. Il les invite \u00e0 entrer dans un espace qui r\u00e9v\u00e8le une \u00e2me compl\u00e9mentaire : essentielle et sophistiqu\u00e9e.<\/p>\n<p>\u00c0 l\u2019int\u00e9rieur, des \u00eeles pures, minimalistes et mat\u00e9rielles contextualisent les nouveaut\u00e9s de produits dans des environnements d\u00e9licats et suspendus, des contextes \u00e0 peine sugg\u00e9r\u00e9s mais familiers, qui accentuent la lisibilit\u00e9 des nouveaux mod\u00e8les.<\/p>\n<p>Les nouveaut\u00e9s explorent de nouveaux langages formels, de la r\u00e9interpr\u00e9tation de l\u2019arch\u00e9type du chandelier \u00e0 l\u2019utilisation de mat\u00e9riaux in\u00e9dits tels que la lave et les broderies en perles de verre, accompagn\u00e9s de mises \u00e0 jour et d\u2019extensions de produits iconiques de la collection.<\/p>\n<\/div>\n                                    <\/div>\n    <\/div>\n<\/section><section class=\"world__first_block bg-full\">\n\n            <img decoding=\"async\" class=\"image-principal show-desktop only-desktop\" src=\"https:\/\/www.foscarini.com\/wp-content\/uploads\/2025\/04\/131_3E6A7059-150x150.jpg\" srcset=\"https:\/\/www.foscarini.com\/wp-content\/uploads\/2025\/04\/131_3E6A7059-300x200.jpg 300w, https:\/\/www.foscarini.com\/wp-content\/uploads\/2025\/04\/131_3E6A7059-1024x683.jpg 1024w, https:\/\/www.foscarini.com\/wp-content\/uploads\/2025\/04\/131_3E6A7059-768x512.jpg 768w, https:\/\/www.foscarini.com\/wp-content\/uploads\/2025\/04\/131_3E6A7059-1536x1025.jpg 1536w, https:\/\/www.foscarini.com\/wp-content\/uploads\/2025\/04\/131_3E6A7059-800x534.jpg 800w, https:\/\/www.foscarini.com\/wp-content\/uploads\/2025\/04\/131_3E6A7059.jpg 2000w\" alt=\"\" \/>\n        \n    \n    \n\n    <div class=\"row full-height-vh\">\n        <div class=\"small-12 col-1 medium-5 medium-offset-7 columns\">\n            <span class=\"subtitle\"><\/span>\n        <\/div>\n        <div class=\"small-12 col-2 medium-5 medium-offset-7  columns align-self-bottom\">\n            <div class=\"ct-text\">\n                <div class=\"title-medium js-heading\"><p>Virtual Tour \/ Euroluce 2025<\/p>\n<\/div>\n                <div class=\"text-1 js-heading\"><\/div>\n                <div class=\"ct-bottom\">\n                                                        <a class=\"link-bg\" href=\"https:\/\/www.foscarini.com\/fr\/virtual-tour-euroluce\/\" >Acc\u00e9dez \u00e0 la visite virtuelle<\/a>\n                                                                        <\/div>\n            <\/div>\n        <\/div>\n    <\/div>\n<\/section><p><\/p>","protected":false},"excerpt":{"rendered":"","protected":false},"author":10,"featured_media":313548,"parent":0,"menu_order":0,"comment_status":"closed","ping_status":"closed","template":"","meta":{"_acf_changed":false,"footnotes":""},"class_list":["post-386205","page","type-page","status-publish","has-post-thumbnail","hentry"],"acf":{"preview_slider":{"titolo":"MDW25 - Euroluce","testo":"","video_domanda":false,"link_video":""}},"yoast_head":"<!-- This site is optimized with the Yoast SEO Premium plugin v22.4 (Yoast SEO v23.7) - https:\/\/yoast.com\/wordpress\/plugins\/seo\/ -->\n<title>MDW25- Euroluce - Foscarini<\/title>\n<meta name=\"robots\" content=\"index, follow, max-snippet:-1, max-image-preview:large, max-video-preview:-1\" \/>\n<meta property=\"og:locale\" content=\"fr_FR\" \/>\n<meta property=\"og:type\" content=\"article\" \/>\n<meta property=\"og:title\" content=\"MDW25- Euroluce\" \/>\n<meta property=\"og:url\" content=\"https:\/\/www.foscarini.com\/fr\/mdw25-euroluce\/\" \/>\n<meta property=\"og:site_name\" content=\"Foscarini\" \/>\n<meta property=\"article:modified_time\" content=\"2025-04-08T13:30:09+00:00\" \/>\n<meta property=\"og:image\" content=\"https:\/\/www.foscarini.com\/wp-content\/uploads\/2025\/03\/banner-euroluce.jpg\" \/>\n\t<meta property=\"og:image:width\" content=\"1920\" \/>\n\t<meta property=\"og:image:height\" content=\"1080\" \/>\n\t<meta property=\"og:image:type\" content=\"image\/jpeg\" \/>\n<meta name=\"twitter:card\" content=\"summary_large_image\" \/>\n<meta name=\"twitter:label1\" content=\"Dur\u00e9e de lecture estim\u00e9e\" \/>\n\t<meta name=\"twitter:data1\" content=\"1 minute\" \/>\n<script type=\"application\/ld+json\" class=\"yoast-schema-graph\">{\"@context\":\"https:\/\/schema.org\",\"@graph\":[{\"@type\":\"WebPage\",\"@id\":\"https:\/\/www.foscarini.com\/fr\/mdw25-euroluce\/\",\"url\":\"https:\/\/www.foscarini.com\/fr\/mdw25-euroluce\/\",\"name\":\"MDW25- Euroluce - Foscarini\",\"isPartOf\":{\"@id\":\"https:\/\/www.foscarini.com\/#website\"},\"primaryImageOfPage\":{\"@id\":\"https:\/\/www.foscarini.com\/fr\/mdw25-euroluce\/#primaryimage\"},\"image\":{\"@id\":\"https:\/\/www.foscarini.com\/fr\/mdw25-euroluce\/#primaryimage\"},\"thumbnailUrl\":\"https:\/\/www.foscarini.com\/wp-content\/uploads\/2025\/03\/banner-euroluce.jpg\",\"datePublished\":\"2025-04-02T10:10:26+00:00\",\"dateModified\":\"2025-04-08T13:30:09+00:00\",\"breadcrumb\":{\"@id\":\"https:\/\/www.foscarini.com\/fr\/mdw25-euroluce\/#breadcrumb\"},\"inLanguage\":\"fr-FR\",\"potentialAction\":[{\"@type\":\"ReadAction\",\"target\":[\"https:\/\/www.foscarini.com\/fr\/mdw25-euroluce\/\"]}]},{\"@type\":\"ImageObject\",\"inLanguage\":\"fr-FR\",\"@id\":\"https:\/\/www.foscarini.com\/fr\/mdw25-euroluce\/#primaryimage\",\"url\":\"https:\/\/www.foscarini.com\/wp-content\/uploads\/2025\/03\/banner-euroluce.jpg\",\"contentUrl\":\"https:\/\/www.foscarini.com\/wp-content\/uploads\/2025\/03\/banner-euroluce.jpg\",\"width\":1920,\"height\":1080},{\"@type\":\"BreadcrumbList\",\"@id\":\"https:\/\/www.foscarini.com\/fr\/mdw25-euroluce\/#breadcrumb\",\"itemListElement\":[{\"@type\":\"ListItem\",\"position\":1,\"name\":\"Home\",\"item\":\"https:\/\/www.foscarini.com\/fr\/\"},{\"@type\":\"ListItem\",\"position\":2,\"name\":\"MDW25- Euroluce\"}]},{\"@type\":\"WebSite\",\"@id\":\"https:\/\/www.foscarini.com\/#website\",\"url\":\"https:\/\/www.foscarini.com\/\",\"name\":\"Foscarini\",\"description\":\"\",\"potentialAction\":[{\"@type\":\"SearchAction\",\"target\":{\"@type\":\"EntryPoint\",\"urlTemplate\":\"https:\/\/www.foscarini.com\/?s={search_term_string}\"},\"query-input\":{\"@type\":\"PropertyValueSpecification\",\"valueRequired\":true,\"valueName\":\"search_term_string\"}}],\"inLanguage\":\"fr-FR\"}]}<\/script>\n<!-- \/ Yoast SEO Premium plugin. -->","yoast_head_json":{"title":"MDW25- Euroluce - Foscarini","robots":{"index":"index","follow":"follow","max-snippet":"max-snippet:-1","max-image-preview":"max-image-preview:large","max-video-preview":"max-video-preview:-1"},"og_locale":"fr_FR","og_type":"article","og_title":"MDW25- Euroluce","og_url":"https:\/\/www.foscarini.com\/fr\/mdw25-euroluce\/","og_site_name":"Foscarini","article_modified_time":"2025-04-08T13:30:09+00:00","og_image":[{"width":1920,"height":1080,"url":"https:\/\/www.foscarini.com\/wp-content\/uploads\/2025\/03\/banner-euroluce.jpg","type":"image\/jpeg"}],"twitter_card":"summary_large_image","twitter_misc":{"Dur\u00e9e de lecture estim\u00e9e":"1 minute"},"schema":{"@context":"https:\/\/schema.org","@graph":[{"@type":"WebPage","@id":"https:\/\/www.foscarini.com\/fr\/mdw25-euroluce\/","url":"https:\/\/www.foscarini.com\/fr\/mdw25-euroluce\/","name":"MDW25- Euroluce - Foscarini","isPartOf":{"@id":"https:\/\/www.foscarini.com\/#website"},"primaryImageOfPage":{"@id":"https:\/\/www.foscarini.com\/fr\/mdw25-euroluce\/#primaryimage"},"image":{"@id":"https:\/\/www.foscarini.com\/fr\/mdw25-euroluce\/#primaryimage"},"thumbnailUrl":"https:\/\/www.foscarini.com\/wp-content\/uploads\/2025\/03\/banner-euroluce.jpg","datePublished":"2025-04-02T10:10:26+00:00","dateModified":"2025-04-08T13:30:09+00:00","breadcrumb":{"@id":"https:\/\/www.foscarini.com\/fr\/mdw25-euroluce\/#breadcrumb"},"inLanguage":"fr-FR","potentialAction":[{"@type":"ReadAction","target":["https:\/\/www.foscarini.com\/fr\/mdw25-euroluce\/"]}]},{"@type":"ImageObject","inLanguage":"fr-FR","@id":"https:\/\/www.foscarini.com\/fr\/mdw25-euroluce\/#primaryimage","url":"https:\/\/www.foscarini.com\/wp-content\/uploads\/2025\/03\/banner-euroluce.jpg","contentUrl":"https:\/\/www.foscarini.com\/wp-content\/uploads\/2025\/03\/banner-euroluce.jpg","width":1920,"height":1080},{"@type":"BreadcrumbList","@id":"https:\/\/www.foscarini.com\/fr\/mdw25-euroluce\/#breadcrumb","itemListElement":[{"@type":"ListItem","position":1,"name":"Home","item":"https:\/\/www.foscarini.com\/fr\/"},{"@type":"ListItem","position":2,"name":"MDW25- Euroluce"}]},{"@type":"WebSite","@id":"https:\/\/www.foscarini.com\/#website","url":"https:\/\/www.foscarini.com\/","name":"Foscarini","description":"","potentialAction":[{"@type":"SearchAction","target":{"@type":"EntryPoint","urlTemplate":"https:\/\/www.foscarini.com\/?s={search_term_string}"},"query-input":{"@type":"PropertyValueSpecification","valueRequired":true,"valueName":"search_term_string"}}],"inLanguage":"fr-FR"}]}},"_links":{"self":[{"href":"https:\/\/www.foscarini.com\/fr\/wp-json\/wp\/v2\/pages\/386205"}],"collection":[{"href":"https:\/\/www.foscarini.com\/fr\/wp-json\/wp\/v2\/pages"}],"about":[{"href":"https:\/\/www.foscarini.com\/fr\/wp-json\/wp\/v2\/types\/page"}],"author":[{"embeddable":true,"href":"https:\/\/www.foscarini.com\/fr\/wp-json\/wp\/v2\/users\/10"}],"replies":[{"embeddable":true,"href":"https:\/\/www.foscarini.com\/fr\/wp-json\/wp\/v2\/comments?post=386205"}],"version-history":[{"count":2,"href":"https:\/\/www.foscarini.com\/fr\/wp-json\/wp\/v2\/pages\/386205\/revisions"}],"predecessor-version":[{"id":386250,"href":"https:\/\/www.foscarini.com\/fr\/wp-json\/wp\/v2\/pages\/386205\/revisions\/386250"}],"wp:featuredmedia":[{"embeddable":true,"href":"https:\/\/www.foscarini.com\/fr\/wp-json\/wp\/v2\/media\/313548"}],"wp:attachment":[{"href":"https:\/\/www.foscarini.com\/fr\/wp-json\/wp\/v2\/media?parent=386205"}],"curies":[{"name":"wp","href":"https:\/\/api.w.org\/{rel}","templated":true}]}}