{"id":386030,"date":"2025-03-31T14:49:03","date_gmt":"2025-03-31T14:49:03","guid":{"rendered":"https:\/\/www.foscarini.com\/mdw25-etoile\/"},"modified":"2025-04-08T11:46:49","modified_gmt":"2025-04-08T11:46:49","slug":"mdw25-etoile","status":"publish","type":"page","link":"https:\/\/www.foscarini.com\/fr\/mdw25-etoile\/","title":{"rendered":"MDW25-Etoile"},"content":{"rendered":"<section class=\"two_cols__link_and_image full-height-vh \">\n    <div class=\"row row-large \">\n        <div class=\"medium-4 small-12 columns full-height relative col-1\">\n            <div class=\"ct-text\">\n                <span class=\"subtitle js-heading\">Nouveaut\u00e9s 2025<\/span>\n                <div class=\"ct-link\">\n                                        <a class=\"link-arrow title-medium js-heading no-link\" href=\"\"><p>Etoile<\/p>\n<\/a>\n                    <div class=\"text-1 js-heading\"><p>\/ Dordoni Studio<\/p>\n<\/div>\n                                    <\/div>\n                            <\/div>\n        <\/div>\n        <div class=\"medium-8 small-12 columns full-height col-2 no-padding-right-mobile\">\n                                                    <img decoding=\"async\" class=\"full-cover\" src=\"https:\/\/www.foscarini.com\/wp-content\/uploads\/2025\/03\/GRANDE-ETOILE-PREVIEW-150x150.png\" srcset=\"https:\/\/www.foscarini.com\/wp-content\/uploads\/2025\/03\/GRANDE-ETOILE-PREVIEW-300x240.png 300w, https:\/\/www.foscarini.com\/wp-content\/uploads\/2025\/03\/GRANDE-ETOILE-PREVIEW-1024x819.png 1024w, https:\/\/www.foscarini.com\/wp-content\/uploads\/2025\/03\/GRANDE-ETOILE-PREVIEW-768x614.png 768w, https:\/\/www.foscarini.com\/wp-content\/uploads\/2025\/03\/GRANDE-ETOILE-PREVIEW-800x640.png 800w, https:\/\/www.foscarini.com\/wp-content\/uploads\/2025\/03\/GRANDE-ETOILE-PREVIEW.png 1200w\" alt=\"\" \/>\n                                            <\/div>\n    <\/div>\n<\/section><section class=\"articolo-titolo reading-time\">\n    <div class=\"ct-block\">\n        <div class=\"text\"><p>Transparence et volumes pour un style intemporel :Etoile est un lustre qui allie rigueur et raffinement, o\u00f9 les volumes cylindriques \u2013 r\u00e9alis\u00e9s en verre souffl\u00e9 d\u00e9poli et Pyrex \u2013 s&#8217;organisent en compositions qui remplacent la d\u00e9coration traditionnelle par une \u00e9l\u00e9gance plus sobre.<\/p>\n<\/div>\n            <\/div>\n<\/section><section class=\"articolo-testo reading-time\">\n    <div class=\"ct-block\">\n        <div class=\"text\"><p>Le projet d&#8217;Etoile s&#8217;inspire de l&#8217;arch\u00e9type de la lampe de Murano, r\u00e9interpr\u00e9t\u00e9 par soustraction. Dans Etoile, la riche d\u00e9coration du lustre traditionnel laisse place \u00e0 un jeu de volumes raffin\u00e9, tandis que le contraste entre la transparence du cylindre central en pyrex et la texture du verre grav\u00e9 des diffuseurs &#8211; \u00e9galement de forme cylindrique &#8211; g\u00e9n\u00e8re un \u00e9quilibre fascinant entre les contraires : un lustre raffin\u00e9 mais impressionnant, offrant une luminosit\u00e9 intense mais agr\u00e9able, une \u00e9l\u00e9gance sobre et extr\u00eamement sophistiqu\u00e9e \u00e0 la fois.<\/p>\n<p>Aucun \u00e9l\u00e9ment structurel n&#8217;est visible au centre : le support des modules d&#8217;\u00e9clairage est assur\u00e9 par un cylindre de Pyrex transparent, presque imperceptible pour l&#8217;observateur, encore plus lorsque le lustre est allum\u00e9. La vision du studio, dans laquelle le support est transparent et dispara\u00eet, est en continuit\u00e9 avec d&#8217;autres cr\u00e9ations pour Foscarini, comme Fleur et Chapeaux, ou le mod\u00e8le pr\u00e9c\u00e9dent Buds, tous sign\u00e9s Rodolfo Dordoni.<\/p>\n<p>Des ampoules \u00e0 la finition frontale argent\u00e9e sont fix\u00e9es au centre de chaque diffuseur, orientant la lumi\u00e8re vers le verre et permettant au diffuseur grav\u00e9 de l&#8217;absorber puis de la lib\u00e9rer d\u00e9licatement. Ainsi, le verre ne se contente pas de faire \u00e9cran \u00e0 la lumi\u00e8re, mais en devient le protagoniste, produisant une lueur douce et enveloppante et diffusant des effets indirects, diffus et atmosph\u00e9riques.<\/p>\n<p>Etoile se d\u00e9cline en deux versions : Grande Etoile, avec une configuration sur trois niveaux, et Etoile Ronde avec un seul niveau.<\/p>\n<\/div>\n    <\/div>\n<\/section><section class=\"ambient_single__img_lateral full-height-vh \">\n    <div class=\"row row-large\">\n        <div class=\"small-12 medium-10 medium-offset-2  columns full-height no-padding-right-mobile\">\n            <div class=\"ct-image js-img\">\n                                    <img decoding=\"async\" src=\"https:\/\/www.foscarini.com\/wp-content\/uploads\/2025\/03\/Banner-txt-imgMDW25-etoile-150x150.png\" srcset=\"https:\/\/www.foscarini.com\/wp-content\/uploads\/2025\/03\/Banner-txt-imgMDW25-etoile-300x240.png 300w, https:\/\/www.foscarini.com\/wp-content\/uploads\/2025\/03\/Banner-txt-imgMDW25-etoile-1024x819.png 1024w, https:\/\/www.foscarini.com\/wp-content\/uploads\/2025\/03\/Banner-txt-imgMDW25-etoile-768x614.png 768w, https:\/\/www.foscarini.com\/wp-content\/uploads\/2025\/03\/Banner-txt-imgMDW25-etoile-800x640.png 800w, https:\/\/www.foscarini.com\/wp-content\/uploads\/2025\/03\/Banner-txt-imgMDW25-etoile.png 1200w\" alt=\"\" \/>\n                    \n                            <\/div>\n        <\/div>\n    <\/div>\n<\/section><section class=\"concept__designer full-height-vh bg-beige\">\n    <div class=\"row\">\n        <div class=\"medium-6 small-12 columns\">\n            <div class=\"info-designer\">\n                <span class=\"subtitle js-heading\">DESIGNER<\/span>\n                <div class=\"title-little js-heading\"><p>Dordoni Studio<\/p>\n<\/div>\n                                    <img decoding=\"async\" class=\"photo-designer\" src=\"https:\/\/www.foscarini.com\/wp-content\/uploads\/2025\/03\/designer-faceMDW25-etoile.jpg\" alt=\"\" \/>\n                                <\/div>\n        <\/div>\n        <div class=\"medium-6 small-12 columns no-padding padding-mobile\">\n            <div class=\"text-4 js-heading\"><p>Dordoni Studio poursuit le parcours trac\u00e9 par Rodolfo Dordoni, en continuant avec une m\u00e9thode et une vision de conception fond\u00e9es sur la coh\u00e9rence formelle, l&#8217;\u00e9quilibre des proportions, l&#8217;attention aux d\u00e9tails et l&#8217;\u00e9tude des finitions. Sous la direction de Mattia Cimadoro et Giuseppe Mauro, le studio d\u00e9veloppe un langage clair et essentiel, capable d&#8217;entrelacer continuit\u00e9 et contemporan\u00e9it\u00e9 dans des projets au caract\u00e8re d\u00e9fini, expression d&#8217;une esth\u00e9tique sobre et mesur\u00e9e.<\/p>\n<\/div>\n        <\/div>\n    <\/div>\n\n    <div class=\"swiper-container swiper__from_cols\">\n        <div class=\"swiper-wrapper col-2\">\n            <div class=\"swiper-slide\">\n                                    <img decoding=\"async\" class=\"full-cover\" src=\"https:\/\/www.foscarini.com\/wp-content\/uploads\/2025\/03\/design-01MDW25-etoile-150x150.jpg\" srcset=\"https:\/\/www.foscarini.com\/wp-content\/uploads\/2025\/03\/design-01MDW25-etoile-285x300.jpg 285w, https:\/\/www.foscarini.com\/wp-content\/uploads\/2025\/03\/design-01MDW25-etoile-768x808.jpg 768w, https:\/\/www.foscarini.com\/wp-content\/uploads\/2025\/03\/design-01MDW25-etoile.jpg 781w\" alt=\"\" \/>\n                                <\/div>\n            <div class=\"swiper-slide\">\n                <div class=\"ct-img\">\n                                            <img decoding=\"async\" src=\"https:\/\/www.foscarini.com\/wp-content\/uploads\/2025\/03\/design-02MDW25-etoile-150x150.jpg\" srcset=\"https:\/\/www.foscarini.com\/wp-content\/uploads\/2025\/03\/design-02MDW25-etoile-300x291.jpg 300w, https:\/\/www.foscarini.com\/wp-content\/uploads\/2025\/03\/design-02MDW25-etoile.jpg 679w\" alt=\"\" \/>\n                                                            <\/div>\n            <\/div>\n        <\/div>\n    <\/div>\n\n    <div class=\"show-mobile\">\n        <div class=\"row\">\n            <div class=\"small-12 columns\">\n                            <\/div>\n        <\/div>\n    <\/div>\n<\/section><section class=\"articolo-citazione reading-time\">\n    <div class=\"ct-block\">\n        <div class=\"text\"><p>&#8220;Nous avons \u00e9limin\u00e9 le squelette central, les bras et toute d\u00e9coration superflue. L&#8217;objectif \u00e9tait de conserver la riche allure de ce type de lampe, tout en l&#8217;exprimant dans un langage contemporain construit par le jeu des volumes. Nous voulions cr\u00e9er un lustre qui flotte dans l&#8217;espace, avec un caract\u00e8re discret et polyvalent.&#8221;<\/p>\n<\/div>\n        <div class=\"cit\"><p>Giuseppe Mauro e Mattia Cimadoro<br \/>\n\/ Designer<\/p>\n<\/div>\n    <\/div>\n<\/section><section class=\"pdp__slider full-height-vh\">\n    <div class=\"swiper-container swiper__pdp\">\n        <div class=\"swiper-wrapper full-height\">\n                                <div class=\"swiper-slide\">\n                                                    <img decoding=\"async\" class=\"full-cover\" src=\"https:\/\/www.foscarini.com\/wp-content\/uploads\/2025\/04\/slider-etoile-01-150x150.jpg\" srcset=\"https:\/\/www.foscarini.com\/wp-content\/uploads\/2025\/04\/slider-etoile-01-300x200.jpg 300w, https:\/\/www.foscarini.com\/wp-content\/uploads\/2025\/04\/slider-etoile-01-1024x683.jpg 1024w, https:\/\/www.foscarini.com\/wp-content\/uploads\/2025\/04\/slider-etoile-01-768x512.jpg 768w, https:\/\/www.foscarini.com\/wp-content\/uploads\/2025\/04\/slider-etoile-01-1536x1025.jpg 1536w, https:\/\/www.foscarini.com\/wp-content\/uploads\/2025\/04\/slider-etoile-01-800x534.jpg 800w, https:\/\/www.foscarini.com\/wp-content\/uploads\/2025\/04\/slider-etoile-01.jpg 1805w\" alt=\"\" \/>\n                                                                        <\/div>\n                                        <div class=\"swiper-slide\">\n                                                    <img decoding=\"async\" class=\"full-cover\" src=\"https:\/\/www.foscarini.com\/wp-content\/uploads\/2025\/04\/slider-etoile-02-150x150.jpg\" srcset=\"https:\/\/www.foscarini.com\/wp-content\/uploads\/2025\/04\/slider-etoile-02-200x300.jpg 200w, https:\/\/www.foscarini.com\/wp-content\/uploads\/2025\/04\/slider-etoile-02-683x1024.jpg 683w, https:\/\/www.foscarini.com\/wp-content\/uploads\/2025\/04\/slider-etoile-02-768x1152.jpg 768w, https:\/\/www.foscarini.com\/wp-content\/uploads\/2025\/04\/slider-etoile-02-800x1200.jpg 800w, https:\/\/www.foscarini.com\/wp-content\/uploads\/2025\/04\/slider-etoile-02.jpg 803w\" alt=\"\" \/>\n                                                                        <\/div>\n                                        <div class=\"swiper-slide\">\n                                                    <img decoding=\"async\" class=\"full-cover\" src=\"https:\/\/www.foscarini.com\/wp-content\/uploads\/2025\/04\/slider-etoile-03-150x150.jpg\" srcset=\"https:\/\/www.foscarini.com\/wp-content\/uploads\/2025\/04\/slider-etoile-03-300x200.jpg 300w, https:\/\/www.foscarini.com\/wp-content\/uploads\/2025\/04\/slider-etoile-03-1024x683.jpg 1024w, https:\/\/www.foscarini.com\/wp-content\/uploads\/2025\/04\/slider-etoile-03-768x512.jpg 768w, https:\/\/www.foscarini.com\/wp-content\/uploads\/2025\/04\/slider-etoile-03-1536x1025.jpg 1536w, https:\/\/www.foscarini.com\/wp-content\/uploads\/2025\/04\/slider-etoile-03-800x534.jpg 800w, https:\/\/www.foscarini.com\/wp-content\/uploads\/2025\/04\/slider-etoile-03.jpg 1805w\" alt=\"\" \/>\n                                                                        <\/div>\n                                        <div class=\"swiper-slide\">\n                                                    <img decoding=\"async\" class=\"full-cover\" src=\"https:\/\/www.foscarini.com\/wp-content\/uploads\/2025\/04\/slider-etoile-04-150x150.jpg\" srcset=\"https:\/\/www.foscarini.com\/wp-content\/uploads\/2025\/04\/slider-etoile-04-200x300.jpg 200w, https:\/\/www.foscarini.com\/wp-content\/uploads\/2025\/04\/slider-etoile-04-683x1024.jpg 683w, https:\/\/www.foscarini.com\/wp-content\/uploads\/2025\/04\/slider-etoile-04-768x1152.jpg 768w, https:\/\/www.foscarini.com\/wp-content\/uploads\/2025\/04\/slider-etoile-04-800x1200.jpg 800w, https:\/\/www.foscarini.com\/wp-content\/uploads\/2025\/04\/slider-etoile-04.jpg 803w\" alt=\"\" \/>\n                                                                        <\/div>\n                            <\/div>\n    <\/div>\n    <div class=\"swiper-scrollbar\"><\/div>\n    <div class=\"ct-arrow\">\n        <div class=\"swiper-button-prev\"><\/div>\n        <div class=\"swiper-button-next\"><\/div>\n    <\/div>\n<\/section><section class=\"world__menu_image\">\n\n    <div class=\"designer-desc-container\">\n                            <div class=\"title-medium js-heading\"><p>Nouvelles id\u00e9es lumineuses<\/p>\n<\/div>\n                       \n            <div class=\"text-2 js-heading\"><p>Au c\u0153ur du projet se trouve une r\u00e9interpr\u00e9tation contemporaine d\u2019un grand arch\u00e9type : le lustre, r\u00e9invent\u00e9 \u00e0 travers des visions de design audacieuses et singuli\u00e8res. L\u2019innovation na\u00eet \u00e9galement de l\u2019exp\u00e9rimentation de mat\u00e9riaux insolites, comme la lave en fusion, et d\u2019associations inattendues, telle que celle de la broderie de perles de verre avec la lumi\u00e8re.<\/p>\n<\/div>\n                <\/div>\n\n    \n    <div class=\"inner--stories menu \">\n                                <a href=\"https:\/\/www.foscarini.com\/fr\/mdw25-allumette\/\" class=\"menu__item\" data-image=\"https:\/\/www.foscarini.com\/wp-content\/uploads\/2025\/03\/ALLUMETTE-PREVIEW.png\">\n                            <span class=\"menu__item-text\"><span class=\"menu__item-textinner\">ALLUMETTE<\/span><\/span>\n                            <span class=\"menu__item-sub\">Francesca Lanzavecchia<\/span>\n                        <\/a>\n                                                <a href=\"https:\/\/www.foscarini.com\/fr\/mdw25-asteria\/\" class=\"menu__item\" data-image=\"https:\/\/www.foscarini.com\/wp-content\/uploads\/2025\/03\/ASTERIA-MULTI-PREVIEW.png\">\n                            <span class=\"menu__item-text\"><span class=\"menu__item-textinner\">ASTERIA<\/span><\/span>\n                            <span class=\"menu__item-sub\">Alberto + Francesco Meda<\/span>\n                        <\/a>\n                                                <a href=\"https:\/\/www.foscarini.com\/fr\/mdw25-tilia\/\" class=\"menu__item\" data-image=\"https:\/\/www.foscarini.com\/wp-content\/uploads\/2025\/03\/TILIA-PREVIEW.png\">\n                            <span class=\"menu__item-text\"><span class=\"menu__item-textinner\">TILIA<\/span><\/span>\n                            <span class=\"menu__item-sub\">Francesca Lanzavecchia<\/span>\n                        <\/a>\n                                                <a href=\"https:\/\/www.foscarini.com\/fr\/mdw25-etoile\/\" class=\"menu__item\" data-image=\"https:\/\/www.foscarini.com\/wp-content\/uploads\/2025\/03\/GRANDE-ETOILE-PREVIEW.png\">\n                            <span class=\"menu__item-text\"><span class=\"menu__item-textinner\">ETOILE<\/span><\/span>\n                            <span class=\"menu__item-sub\">Dordoni Studio<\/span>\n                        <\/a>\n                                                <a href=\"https:\/\/www.foscarini.com\/fr\/mdw25-eolie\/\" class=\"menu__item\" data-image=\"https:\/\/www.foscarini.com\/wp-content\/uploads\/2025\/03\/EOLIE-PREVIEW.png\">\n                            <span class=\"menu__item-text\"><span class=\"menu__item-textinner\">EOLIE<\/span><\/span>\n                            <span class=\"menu__item-sub\">Alberto +  Francesco Meda<\/span>\n                        <\/a>\n                                                <a href=\"https:\/\/www.foscarini.com\/fr\/mdw25-torche\/\" class=\"menu__item\" data-image=\"https:\/\/www.foscarini.com\/wp-content\/uploads\/2025\/03\/TORCHE-PREVIEW.png\">\n                            <span class=\"menu__item-text\"><span class=\"menu__item-textinner\">TORCHE<\/span><\/span>\n                            <span class=\"menu__item-sub\">Dordoni Studio<\/span>\n                        <\/a>\n                                                <a href=\"https:\/\/www.foscarini.com\/fr\/mdw25-habitus\/\" class=\"menu__item\" data-image=\"https:\/\/www.foscarini.com\/wp-content\/uploads\/2025\/03\/HABITUS-PREVIEW.png\">\n                            <span class=\"menu__item-text\"><span class=\"menu__item-textinner\">HABITUS<\/span><\/span>\n                            <span class=\"menu__item-sub\">Andrea Anastasio<\/span>\n                        <\/a>\n                                                <a href=\"https:\/\/www.foscarini.com\/fr\/mdw25-aplomb-wall\/\" class=\"menu__item\" data-image=\"https:\/\/www.foscarini.com\/wp-content\/uploads\/2025\/03\/APLOMB-PREVIEW.png\">\n                            <span class=\"menu__item-text\"><span class=\"menu__item-textinner\">APLOMB <\/span><\/span>\n                            <span class=\"menu__item-sub\">Lucidi Pevere<\/span>\n                        <\/a>\n                                                <a href=\"https:\/\/www.foscarini.com\/fr\/mdw25-fields\/\" class=\"menu__item\" data-image=\"https:\/\/www.foscarini.com\/wp-content\/uploads\/2025\/03\/FIELDS-PREVIEW-1.png\">\n                            <span class=\"menu__item-text\"><span class=\"menu__item-textinner\">FIELDS<\/span><\/span>\n                            <span class=\"menu__item-sub\">Garcia Cumini<\/span>\n                        <\/a>\n                            <\/div>\n<\/section><section class=\"world__book bg-beige\">\n    <div class=\"row\">\n        <div class=\"medium-8 small-12 columns\">\n            <div class=\"ct-text\">\n                <p class=\"subtitle js-heading\">BOOKLET NEWS 2025<\/p>\n                <div class=\"title-medium js-heading\"><p>7 nouvelles familles de produits, 2 versions revisit\u00e9es, 21 mod\u00e8les diff\u00e9rents, 6 designers, 1 nouvelle collaboration, 2 mat\u00e9riaux in\u00e9dits.<\/p>\n<\/div>\n                <div class=\"text-2 js-heading\"><\/div>\n                                    <div class=\"center-mobile\">\n                        <a class=\"link-bg \" href=\"https:\/\/cdn1.foscarini.com\/Catalogues\/Brochure-News-2025_Foscarini.pdf\" data-name=\"Brochure-News-2025_Foscarini.pdf\" download=\"\" target=\"_blank\">T\u00e9l\u00e9charger la brochure<\/a>\n                    <\/div>\n                            <\/div>\n        <\/div>\n        <div class=\"medium-4 small-12 columns\">\n            <div class=\"ct-text-right\">\n                                    <img decoding=\"async\" src=\"https:\/\/www.foscarini.com\/wp-content\/uploads\/2025\/03\/Brochure-news-salone-150x150.png\" srcset=\"https:\/\/www.foscarini.com\/wp-content\/uploads\/2025\/03\/Brochure-news-salone-257x300.png 257w, https:\/\/www.foscarini.com\/wp-content\/uploads\/2025\/03\/Brochure-news-salone.png 740w\" alt=\"\" \/>\n                                    <div class=\"text-2\"><\/div>\n\n                            <\/div>\n        <\/div>\n    <\/div>\n<\/section>","protected":false},"excerpt":{"rendered":"","protected":false},"author":10,"featured_media":0,"parent":0,"menu_order":0,"comment_status":"closed","ping_status":"closed","template":"","meta":{"_acf_changed":false,"footnotes":""},"class_list":["post-386030","page","type-page","status-publish","hentry"],"acf":{"preview_slider":{"titolo":"","testo":"","video_domanda":false,"link_video":""}},"yoast_head":"<!-- This site is optimized with the Yoast SEO Premium plugin v22.4 (Yoast SEO v23.7) - https:\/\/yoast.com\/wordpress\/plugins\/seo\/ -->\n<title>MDW25-Etoile - Foscarini<\/title>\n<meta name=\"robots\" content=\"index, follow, max-snippet:-1, max-image-preview:large, max-video-preview:-1\" \/>\n<meta property=\"og:locale\" content=\"fr_FR\" \/>\n<meta property=\"og:type\" content=\"article\" \/>\n<meta property=\"og:title\" content=\"MDW25-Etoile\" \/>\n<meta property=\"og:url\" content=\"https:\/\/www.foscarini.com\/fr\/mdw25-etoile\/\" \/>\n<meta property=\"og:site_name\" content=\"Foscarini\" \/>\n<meta property=\"article:modified_time\" content=\"2025-04-08T11:46:49+00:00\" \/>\n<meta name=\"twitter:card\" content=\"summary_large_image\" \/>\n<script type=\"application\/ld+json\" class=\"yoast-schema-graph\">{\"@context\":\"https:\/\/schema.org\",\"@graph\":[{\"@type\":\"WebPage\",\"@id\":\"https:\/\/www.foscarini.com\/fr\/mdw25-etoile\/\",\"url\":\"https:\/\/www.foscarini.com\/fr\/mdw25-etoile\/\",\"name\":\"MDW25-Etoile - Foscarini\",\"isPartOf\":{\"@id\":\"https:\/\/www.foscarini.com\/#website\"},\"datePublished\":\"2025-03-31T14:49:03+00:00\",\"dateModified\":\"2025-04-08T11:46:49+00:00\",\"breadcrumb\":{\"@id\":\"https:\/\/www.foscarini.com\/fr\/mdw25-etoile\/#breadcrumb\"},\"inLanguage\":\"fr-FR\",\"potentialAction\":[{\"@type\":\"ReadAction\",\"target\":[\"https:\/\/www.foscarini.com\/fr\/mdw25-etoile\/\"]}]},{\"@type\":\"BreadcrumbList\",\"@id\":\"https:\/\/www.foscarini.com\/fr\/mdw25-etoile\/#breadcrumb\",\"itemListElement\":[{\"@type\":\"ListItem\",\"position\":1,\"name\":\"Home\",\"item\":\"https:\/\/www.foscarini.com\/fr\/\"},{\"@type\":\"ListItem\",\"position\":2,\"name\":\"MDW25-Etoile\"}]},{\"@type\":\"WebSite\",\"@id\":\"https:\/\/www.foscarini.com\/#website\",\"url\":\"https:\/\/www.foscarini.com\/\",\"name\":\"Foscarini\",\"description\":\"\",\"potentialAction\":[{\"@type\":\"SearchAction\",\"target\":{\"@type\":\"EntryPoint\",\"urlTemplate\":\"https:\/\/www.foscarini.com\/?s={search_term_string}\"},\"query-input\":{\"@type\":\"PropertyValueSpecification\",\"valueRequired\":true,\"valueName\":\"search_term_string\"}}],\"inLanguage\":\"fr-FR\"}]}<\/script>\n<!-- \/ Yoast SEO Premium plugin. -->","yoast_head_json":{"title":"MDW25-Etoile - Foscarini","robots":{"index":"index","follow":"follow","max-snippet":"max-snippet:-1","max-image-preview":"max-image-preview:large","max-video-preview":"max-video-preview:-1"},"og_locale":"fr_FR","og_type":"article","og_title":"MDW25-Etoile","og_url":"https:\/\/www.foscarini.com\/fr\/mdw25-etoile\/","og_site_name":"Foscarini","article_modified_time":"2025-04-08T11:46:49+00:00","twitter_card":"summary_large_image","schema":{"@context":"https:\/\/schema.org","@graph":[{"@type":"WebPage","@id":"https:\/\/www.foscarini.com\/fr\/mdw25-etoile\/","url":"https:\/\/www.foscarini.com\/fr\/mdw25-etoile\/","name":"MDW25-Etoile - Foscarini","isPartOf":{"@id":"https:\/\/www.foscarini.com\/#website"},"datePublished":"2025-03-31T14:49:03+00:00","dateModified":"2025-04-08T11:46:49+00:00","breadcrumb":{"@id":"https:\/\/www.foscarini.com\/fr\/mdw25-etoile\/#breadcrumb"},"inLanguage":"fr-FR","potentialAction":[{"@type":"ReadAction","target":["https:\/\/www.foscarini.com\/fr\/mdw25-etoile\/"]}]},{"@type":"BreadcrumbList","@id":"https:\/\/www.foscarini.com\/fr\/mdw25-etoile\/#breadcrumb","itemListElement":[{"@type":"ListItem","position":1,"name":"Home","item":"https:\/\/www.foscarini.com\/fr\/"},{"@type":"ListItem","position":2,"name":"MDW25-Etoile"}]},{"@type":"WebSite","@id":"https:\/\/www.foscarini.com\/#website","url":"https:\/\/www.foscarini.com\/","name":"Foscarini","description":"","potentialAction":[{"@type":"SearchAction","target":{"@type":"EntryPoint","urlTemplate":"https:\/\/www.foscarini.com\/?s={search_term_string}"},"query-input":{"@type":"PropertyValueSpecification","valueRequired":true,"valueName":"search_term_string"}}],"inLanguage":"fr-FR"}]}},"_links":{"self":[{"href":"https:\/\/www.foscarini.com\/fr\/wp-json\/wp\/v2\/pages\/386030"}],"collection":[{"href":"https:\/\/www.foscarini.com\/fr\/wp-json\/wp\/v2\/pages"}],"about":[{"href":"https:\/\/www.foscarini.com\/fr\/wp-json\/wp\/v2\/types\/page"}],"author":[{"embeddable":true,"href":"https:\/\/www.foscarini.com\/fr\/wp-json\/wp\/v2\/users\/10"}],"replies":[{"embeddable":true,"href":"https:\/\/www.foscarini.com\/fr\/wp-json\/wp\/v2\/comments?post=386030"}],"version-history":[{"count":1,"href":"https:\/\/www.foscarini.com\/fr\/wp-json\/wp\/v2\/pages\/386030\/revisions"}],"predecessor-version":[{"id":386158,"href":"https:\/\/www.foscarini.com\/fr\/wp-json\/wp\/v2\/pages\/386030\/revisions\/386158"}],"wp:attachment":[{"href":"https:\/\/www.foscarini.com\/fr\/wp-json\/wp\/v2\/media?parent=386030"}],"curies":[{"name":"wp","href":"https:\/\/api.w.org\/{rel}","templated":true}]}}