{"id":386026,"date":"2025-03-31T14:43:38","date_gmt":"2025-03-31T14:43:38","guid":{"rendered":"https:\/\/www.foscarini.com\/mdw25-eolie\/"},"modified":"2025-04-07T16:14:09","modified_gmt":"2025-04-07T16:14:09","slug":"mdw25-eolie","status":"publish","type":"page","link":"https:\/\/www.foscarini.com\/fr\/mdw25-eolie\/","title":{"rendered":"MDW25-Eolie"},"content":{"rendered":"<section class=\"two_cols__link_and_image full-height-vh \">\n    <div class=\"row row-large \">\n        <div class=\"medium-4 small-12 columns full-height relative col-1\">\n            <div class=\"ct-text\">\n                <span class=\"subtitle js-heading\">NOVIT\u00e0 2025<\/span>\n                <div class=\"ct-link\">\n                                        <a class=\"link-arrow title-medium js-heading no-link\" href=\"\"><p>Alicudi, Panarea, Filicudi<\/p>\n<\/a>\n                    <div class=\"text-1 js-heading\"><p>\/ Alberto + Francesco Meda<\/p>\n<\/div>\n                                    <\/div>\n                            <\/div>\n        <\/div>\n        <div class=\"medium-8 small-12 columns full-height col-2 no-padding-right-mobile\">\n                                                    <img decoding=\"async\" class=\"full-cover\" src=\"https:\/\/www.foscarini.com\/wp-content\/uploads\/2025\/03\/EOLIE-PREVIEW-150x150.png\" srcset=\"https:\/\/www.foscarini.com\/wp-content\/uploads\/2025\/03\/EOLIE-PREVIEW-300x240.png 300w, https:\/\/www.foscarini.com\/wp-content\/uploads\/2025\/03\/EOLIE-PREVIEW-1024x819.png 1024w, https:\/\/www.foscarini.com\/wp-content\/uploads\/2025\/03\/EOLIE-PREVIEW-768x614.png 768w, https:\/\/www.foscarini.com\/wp-content\/uploads\/2025\/03\/EOLIE-PREVIEW-800x640.png 800w, https:\/\/www.foscarini.com\/wp-content\/uploads\/2025\/03\/EOLIE-PREVIEW.png 1200w\" alt=\"\" \/>\n                                            <\/div>\n    <\/div>\n<\/section><section class=\"articolo-titolo reading-time\">\n    <div class=\"ct-block\">\n        <div class=\"text\"><p>Hommage au charme volcanique des \u00eeles \u00c9oliennes, Alicudi, Filicudi et Panarea sont les nouvelles lampes suspendues en lave recycl\u00e9e dessin\u00e9es par Alberto et Francesco Meda. Un projet qui allie exp\u00e9rimentation et durabilit\u00e9, transformant les d\u00e9chets issus du travail de la pierre volcanique en pi\u00e8ces uniques. Rencontre entre l&#8217;industrie et l&#8217;artisanat, fruit de la recherche et de l&#8217;exp\u00e9rimentation de nouveaux mat\u00e9riaux, expression de la libert\u00e9 cr\u00e9ative et de conception de Foscarini.<\/p>\n<\/div>\n            <\/div>\n<\/section><section class=\"articolo-testo reading-time\">\n    <div class=\"ct-block\">\n        <div class=\"text\"><p>Une collection de lampes qui exprime la beaut\u00e9 brute de la lave, avec des surfaces riches en porosit\u00e9 et en crat\u00e8res, transformant un mat\u00e9riau de d\u00e9chet en un objet de design alliant esth\u00e9tique et durabilit\u00e9. Un nouveau pas dans l&#8217;exp\u00e9rimentation de mat\u00e9riaux in\u00e9dits et inattendus dans le domaine de l&#8217;\u00e9clairage, marque distinctive de la recherche de Foscarini.<\/p>\n<p>Alicudi, Filicudi et Panarea naissent de la collaboration entre Foscarini, Ranieri et ses directeurs artistiques Francesco Meda et David Lopez Quincoces. Le mat\u00e9riau in\u00e9dit brevet\u00e9 utilis\u00e9 pour cette collection r\u00e9sulte d&#8217;un processus innovant. L&#8217;utilisation de la lave recycl\u00e9e permet d&#8217;obtenir des \u00e9paisseurs r\u00e9duites, jusqu&#8217;\u00e0 8-10 mm, tout en maintenant la r\u00e9sistance et l&#8217;expressivit\u00e9 caract\u00e9ristiques de la lave naturelle. Chaque lampe est unique, avec une texture irr\u00e9guli\u00e8re et mat\u00e9rielle, enrichie de porosit\u00e9s et de crat\u00e8res. Bien qu&#8217;elles soient produites industriellement, Alicudi, Filicudi et Panarea conservent un caract\u00e8re artisanal marqu\u00e9 : le processus de fabrication est manuel, cr\u00e9ant des variations uniques et irr\u00e9m\u00e9diables sur chaque pi\u00e8ce.<\/p>\n<p>Les trois lampes suspendues, Alicudi, Filicudi et Panarea, portent le nom des \u00eeles \u00c9oliennes, \u00e9voquant leur charme volcanique. Les formes ont \u00e9t\u00e9 choisies pour souligner les potentialit\u00e9s et les limites du mat\u00e9riau utilis\u00e9.<\/p>\n<\/div>\n    <\/div>\n<\/section><section class=\"prof__single_slide_three_cols full-height-vh\">\n    <div class=\"row\">\n        <div class=\"medium-12 small-12 columns full-height no-padding-right-mobile\">\n            <div class=\"ct-text\">\n                <div class=\"title-little title-section\"><\/div>\n                <div class=\"ct-arrow\">\n                    <div class=\"swiper-button-prev\" aria-label=\"previous slide\"><\/div>\n                    <div class=\"swiper-button-next\" aria-label=\"next slide\"><\/div>\n                <\/div>\n            <\/div>\n            <div class=\"swiper-container swiper__prof__three_cols\">\n                <div class=\"swiper-wrapper\">\n                                                <div class=\"swiper-slide\">\n                                <a class=\"ct-image-text-lateral no-link\" href=\"\">\n                                    <span class=\"section-name-lateral\" data-filter=\"\">Filicudi<\/span>\n                                                                            <img decoding=\"async\" class=\"full-cover\" src=\"https:\/\/www.foscarini.com\/wp-content\/uploads\/2025\/03\/3img-2MDW25-EOLIE-150x150.jpg\" srcset=\"https:\/\/www.foscarini.com\/wp-content\/uploads\/2025\/03\/3img-2MDW25-EOLIE-188x300.jpg 188w, https:\/\/www.foscarini.com\/wp-content\/uploads\/2025\/03\/3img-2MDW25-EOLIE.jpg 581w\" alt=\"\" \/>\n                                                                        <\/a>\n                            <\/div>\n                                                        <div class=\"swiper-slide\">\n                                <a class=\"ct-image-text-lateral no-link\" href=\"\">\n                                    <span class=\"section-name-lateral\" data-filter=\"\">Panarea<\/span>\n                                                                            <img decoding=\"async\" class=\"full-cover\" src=\"https:\/\/www.foscarini.com\/wp-content\/uploads\/2025\/03\/3img-3MDW25-EOLIE-150x150.jpg\" srcset=\"https:\/\/www.foscarini.com\/wp-content\/uploads\/2025\/03\/3img-3MDW25-EOLIE-188x300.jpg 188w, https:\/\/www.foscarini.com\/wp-content\/uploads\/2025\/03\/3img-3MDW25-EOLIE.jpg 581w\" alt=\"\" \/>\n                                                                        <\/a>\n                            <\/div>\n                                                        <div class=\"swiper-slide\">\n                                <a class=\"ct-image-text-lateral no-link\" href=\"\">\n                                    <span class=\"section-name-lateral\" data-filter=\"\">Alicudi<\/span>\n                                                                            <img decoding=\"async\" class=\"full-cover\" src=\"https:\/\/www.foscarini.com\/wp-content\/uploads\/2025\/03\/3img-1MDW25-EOLIE-150x150.jpg\" srcset=\"https:\/\/www.foscarini.com\/wp-content\/uploads\/2025\/03\/3img-1MDW25-EOLIE-188x300.jpg 188w, https:\/\/www.foscarini.com\/wp-content\/uploads\/2025\/03\/3img-1MDW25-EOLIE.jpg 581w\" alt=\"\" \/>\n                                                                        <\/a>\n                            <\/div>\n                                            <\/div>\n            <\/div>\n        <\/div>\n    <\/div>\n<\/section><section class=\"concept__designer full-height-vh bg-beige\">\n    <div class=\"row\">\n        <div class=\"medium-6 small-12 columns\">\n            <div class=\"info-designer\">\n                <span class=\"subtitle js-heading\">DESIGNER<\/span>\n                <div class=\"title-little js-heading\"><p>Alberto + Francesco Meda<\/p>\n<\/div>\n                                    <img decoding=\"async\" class=\"photo-designer\" src=\"https:\/\/www.foscarini.com\/wp-content\/uploads\/2024\/01\/8.1_Chiaroscura.jpg\" alt=\"\" \/>\n                                <\/div>\n        <\/div>\n        <div class=\"medium-6 small-12 columns no-padding padding-mobile\">\n            <div class=\"text-4 js-heading\"><p>Alberto et Francesco Meda, p\u00e8re et fils, fusionnent ing\u00e9nierie et design avec un \u00e9quilibre entre rigueur technique et po\u00e9sie visuelle. La longue exp\u00e9rience en design industriel d&#8217;Alberto Meda, combin\u00e9e au regard frais et contemporain de Francesco, donne naissance \u00e0 un dialogue cr\u00e9atif qui se traduit par des formes essentielles et sophistiqu\u00e9es, o\u00f9 lumi\u00e8re et mati\u00e8re se compl\u00e8tent avec une harmonie naturelle.<\/p>\n<\/div>\n        <\/div>\n    <\/div>\n\n    <div class=\"swiper-container swiper__from_cols\">\n        <div class=\"swiper-wrapper col-2\">\n            <div class=\"swiper-slide\">\n                                    <img decoding=\"async\" class=\"full-cover\" src=\"https:\/\/www.foscarini.com\/wp-content\/uploads\/2025\/03\/design-01MDW25-EOLIE-1-150x150.jpg\" srcset=\"https:\/\/www.foscarini.com\/wp-content\/uploads\/2025\/03\/design-01MDW25-EOLIE-1-285x300.jpg 285w, https:\/\/www.foscarini.com\/wp-content\/uploads\/2025\/03\/design-01MDW25-EOLIE-1-768x808.jpg 768w, https:\/\/www.foscarini.com\/wp-content\/uploads\/2025\/03\/design-01MDW25-EOLIE-1.jpg 781w\" alt=\"\" \/>\n                                <\/div>\n            <div class=\"swiper-slide\">\n                <div class=\"ct-img\">\n                                            <img decoding=\"async\" src=\"https:\/\/www.foscarini.com\/wp-content\/uploads\/2025\/03\/design-02MDW25-EOLIE-150x150.jpg\" srcset=\"https:\/\/www.foscarini.com\/wp-content\/uploads\/2025\/03\/design-02MDW25-EOLIE-300x291.jpg 300w, https:\/\/www.foscarini.com\/wp-content\/uploads\/2025\/03\/design-02MDW25-EOLIE.jpg 679w\" alt=\"\" \/>\n                                                            <\/div>\n            <\/div>\n        <\/div>\n    <\/div>\n\n    <div class=\"show-mobile\">\n        <div class=\"row\">\n            <div class=\"small-12 columns\">\n                            <\/div>\n        <\/div>\n    <\/div>\n<\/section><section class=\"articolo-citazione reading-time\">\n    <div class=\"ct-block\">\n        <div class=\"text\"><p>&#8220;Contrairement au marbre, la lave n&#8217;est pas extraite : elle est r\u00e9colt\u00e9e directement de la montagne. Apr\u00e8s une \u00e9ruption, le magma se s\u00e9dimente, devenant une partie du sol et formant des blocs de pierre volcanique qui peuvent \u00eatre travaill\u00e9s. Le processus de d\u00e9coupe g\u00e9n\u00e8re une grande quantit\u00e9 de copeaux de d\u00e9chets, que nous avons voulu r\u00e9cup\u00e9rer. Le r\u00e9sultat est des lampes en lave recycl\u00e9e, avec une surface chaude, riche en porosit\u00e9 et en crat\u00e8res.&#8221;<\/p>\n<\/div>\n        <div class=\"cit\"><p>Francesco Meda<br \/>\n\/ Designer<\/p>\n<\/div>\n    <\/div>\n<\/section><section class=\"pdp__slider full-height-vh\">\n    <div class=\"swiper-container swiper__pdp\">\n        <div class=\"swiper-wrapper full-height\">\n                                <div class=\"swiper-slide\">\n                                                    <img decoding=\"async\" class=\"full-cover\" src=\"https:\/\/www.foscarini.com\/wp-content\/uploads\/2025\/04\/slider-eolie-01-150x150.jpg\" srcset=\"https:\/\/www.foscarini.com\/wp-content\/uploads\/2025\/04\/slider-eolie-01-300x200.jpg 300w, https:\/\/www.foscarini.com\/wp-content\/uploads\/2025\/04\/slider-eolie-01-1024x683.jpg 1024w, https:\/\/www.foscarini.com\/wp-content\/uploads\/2025\/04\/slider-eolie-01-768x512.jpg 768w, https:\/\/www.foscarini.com\/wp-content\/uploads\/2025\/04\/slider-eolie-01-1536x1025.jpg 1536w, https:\/\/www.foscarini.com\/wp-content\/uploads\/2025\/04\/slider-eolie-01-800x534.jpg 800w, https:\/\/www.foscarini.com\/wp-content\/uploads\/2025\/04\/slider-eolie-01.jpg 1805w\" alt=\"\" \/>\n                                                                        <\/div>\n                                        <div class=\"swiper-slide\">\n                                                    <img decoding=\"async\" class=\"full-cover\" src=\"https:\/\/www.foscarini.com\/wp-content\/uploads\/2025\/04\/slider-eolie-02-150x150.jpg\" srcset=\"https:\/\/www.foscarini.com\/wp-content\/uploads\/2025\/04\/slider-eolie-02-300x200.jpg 300w, https:\/\/www.foscarini.com\/wp-content\/uploads\/2025\/04\/slider-eolie-02-1024x683.jpg 1024w, https:\/\/www.foscarini.com\/wp-content\/uploads\/2025\/04\/slider-eolie-02-768x512.jpg 768w, https:\/\/www.foscarini.com\/wp-content\/uploads\/2025\/04\/slider-eolie-02-1536x1025.jpg 1536w, https:\/\/www.foscarini.com\/wp-content\/uploads\/2025\/04\/slider-eolie-02-800x534.jpg 800w, https:\/\/www.foscarini.com\/wp-content\/uploads\/2025\/04\/slider-eolie-02.jpg 1805w\" alt=\"\" \/>\n                                                                        <\/div>\n                                        <div class=\"swiper-slide\">\n                                                    <img decoding=\"async\" class=\"full-cover\" src=\"https:\/\/www.foscarini.com\/wp-content\/uploads\/2025\/04\/slider-eolie-03-150x150.jpg\" srcset=\"https:\/\/www.foscarini.com\/wp-content\/uploads\/2025\/04\/slider-eolie-03-200x300.jpg 200w, https:\/\/www.foscarini.com\/wp-content\/uploads\/2025\/04\/slider-eolie-03-683x1024.jpg 683w, https:\/\/www.foscarini.com\/wp-content\/uploads\/2025\/04\/slider-eolie-03-768x1152.jpg 768w, https:\/\/www.foscarini.com\/wp-content\/uploads\/2025\/04\/slider-eolie-03-800x1200.jpg 800w, https:\/\/www.foscarini.com\/wp-content\/uploads\/2025\/04\/slider-eolie-03.jpg 803w\" alt=\"\" \/>\n                                                                        <\/div>\n                                        <div class=\"swiper-slide\">\n                                                    <img decoding=\"async\" class=\"full-cover\" src=\"https:\/\/www.foscarini.com\/wp-content\/uploads\/2025\/04\/slider-eolie-04-150x150.jpg\" srcset=\"https:\/\/www.foscarini.com\/wp-content\/uploads\/2025\/04\/slider-eolie-04-200x300.jpg 200w, https:\/\/www.foscarini.com\/wp-content\/uploads\/2025\/04\/slider-eolie-04-683x1024.jpg 683w, https:\/\/www.foscarini.com\/wp-content\/uploads\/2025\/04\/slider-eolie-04-768x1152.jpg 768w, https:\/\/www.foscarini.com\/wp-content\/uploads\/2025\/04\/slider-eolie-04-800x1200.jpg 800w, https:\/\/www.foscarini.com\/wp-content\/uploads\/2025\/04\/slider-eolie-04.jpg 803w\" alt=\"\" \/>\n                                                                        <\/div>\n                            <\/div>\n    <\/div>\n    <div class=\"swiper-scrollbar\"><\/div>\n    <div class=\"ct-arrow\">\n        <div class=\"swiper-button-prev\"><\/div>\n        <div class=\"swiper-button-next\"><\/div>\n    <\/div>\n<\/section><section class=\"world__menu_image\">\n\n    <div class=\"designer-desc-container\">\n                            <div class=\"title-medium js-heading\"><p>Nouvelles id\u00e9es lumineuses<\/p>\n<\/div>\n                       \n            <div class=\"text-2 js-heading\"><p>Au c\u0153ur du projet se trouve une r\u00e9interpr\u00e9tation contemporaine d\u2019un grand arch\u00e9type : le lustre, r\u00e9invent\u00e9 \u00e0 travers des visions de design audacieuses et singuli\u00e8res. L\u2019innovation na\u00eet \u00e9galement de l\u2019exp\u00e9rimentation de mat\u00e9riaux insolites, comme la lave en fusion, et d\u2019associations inattendues, telle que celle de la broderie de perles de verre avec la lumi\u00e8re.<\/p>\n<\/div>\n                <\/div>\n\n    \n    <div class=\"inner--stories menu \">\n                                <a href=\"https:\/\/www.foscarini.com\/fr\/mdw25-allumette\/\" class=\"menu__item\" data-image=\"https:\/\/www.foscarini.com\/wp-content\/uploads\/2025\/03\/ALLUMETTE-PREVIEW.png\">\n                            <span class=\"menu__item-text\"><span class=\"menu__item-textinner\">ALLUMETTE<\/span><\/span>\n                            <span class=\"menu__item-sub\">Francesca Lanzavecchia<\/span>\n                        <\/a>\n                                                <a href=\"https:\/\/www.foscarini.com\/fr\/mdw25-asteria\/\" class=\"menu__item\" data-image=\"https:\/\/www.foscarini.com\/wp-content\/uploads\/2025\/03\/ASTERIA-MULTI-PREVIEW.png\">\n                            <span class=\"menu__item-text\"><span class=\"menu__item-textinner\">ASTERIA<\/span><\/span>\n                            <span class=\"menu__item-sub\">Alberto + Francesco Meda<\/span>\n                        <\/a>\n                                                <a href=\"https:\/\/www.foscarini.com\/fr\/mdw25-tilia\/\" class=\"menu__item\" data-image=\"https:\/\/www.foscarini.com\/wp-content\/uploads\/2025\/03\/TILIA-PREVIEW.png\">\n                            <span class=\"menu__item-text\"><span class=\"menu__item-textinner\">TILIA<\/span><\/span>\n                            <span class=\"menu__item-sub\">Francesca Lanzavecchia<\/span>\n                        <\/a>\n                                                <a href=\"https:\/\/www.foscarini.com\/fr\/mdw25-etoile\/\" class=\"menu__item\" data-image=\"https:\/\/www.foscarini.com\/wp-content\/uploads\/2025\/03\/GRANDE-ETOILE-PREVIEW.png\">\n                            <span class=\"menu__item-text\"><span class=\"menu__item-textinner\">ETOILE<\/span><\/span>\n                            <span class=\"menu__item-sub\">Dordoni Studio<\/span>\n                        <\/a>\n                                                <a href=\"https:\/\/www.foscarini.com\/fr\/mdw25-eolie\/\" class=\"menu__item\" data-image=\"https:\/\/www.foscarini.com\/wp-content\/uploads\/2025\/03\/EOLIE-PREVIEW.png\">\n                            <span class=\"menu__item-text\"><span class=\"menu__item-textinner\">EOLIE<\/span><\/span>\n                            <span class=\"menu__item-sub\">Alberto +  Francesco Meda<\/span>\n                        <\/a>\n                                                <a href=\"https:\/\/www.foscarini.com\/fr\/mdw25-torche\/\" class=\"menu__item\" data-image=\"https:\/\/www.foscarini.com\/wp-content\/uploads\/2025\/03\/TORCHE-PREVIEW.png\">\n                            <span class=\"menu__item-text\"><span class=\"menu__item-textinner\">TORCHE<\/span><\/span>\n                            <span class=\"menu__item-sub\">Dordoni Studio<\/span>\n                        <\/a>\n                                                <a href=\"https:\/\/www.foscarini.com\/fr\/mdw25-habitus\/\" class=\"menu__item\" data-image=\"https:\/\/www.foscarini.com\/wp-content\/uploads\/2025\/03\/HABITUS-PREVIEW.png\">\n                            <span class=\"menu__item-text\"><span class=\"menu__item-textinner\">HABITUS<\/span><\/span>\n                            <span class=\"menu__item-sub\">Andrea Anastasio<\/span>\n                        <\/a>\n                                                <a href=\"https:\/\/www.foscarini.com\/fr\/mdw25-aplomb-wall\/\" class=\"menu__item\" data-image=\"https:\/\/www.foscarini.com\/wp-content\/uploads\/2025\/03\/APLOMB-PREVIEW.png\">\n                            <span class=\"menu__item-text\"><span class=\"menu__item-textinner\">APLOMB <\/span><\/span>\n                            <span class=\"menu__item-sub\">Lucidi Pevere<\/span>\n                        <\/a>\n                                                <a href=\"https:\/\/www.foscarini.com\/fr\/mdw25-fields\/\" class=\"menu__item\" data-image=\"https:\/\/www.foscarini.com\/wp-content\/uploads\/2025\/03\/FIELDS-PREVIEW-1.png\">\n                            <span class=\"menu__item-text\"><span class=\"menu__item-textinner\">FIELDS<\/span><\/span>\n                            <span class=\"menu__item-sub\">Garcia Cumini<\/span>\n                        <\/a>\n                            <\/div>\n<\/section><div class=\"wp-block-group is-nowrap is-layout-flex wp-container-core-group-is-layout-1 wp-block-group-is-layout-flex\"><section class=\"world__book bg-beige\">\n    <div class=\"row\">\n        <div class=\"medium-8 small-12 columns\">\n            <div class=\"ct-text\">\n                <p class=\"subtitle js-heading\">BOOKLET NEWS 2025<\/p>\n                <div class=\"title-medium js-heading\"><p>7 nouvelles familles de produits, 2 versions revisit\u00e9es, 21 mod\u00e8les diff\u00e9rents, 6 designers, 1 nouvelle collaboration, 2 mat\u00e9riaux in\u00e9dits.<\/p>\n<\/div>\n                <div class=\"text-2 js-heading\"><\/div>\n                                    <div class=\"center-mobile\">\n                        <a class=\"link-bg \" href=\"https:\/\/cdn1.foscarini.com\/Catalogues\/Brochure-News-2025_Foscarini.pdf\" data-name=\"Brochure-News-2025_Foscarini.pdf\" download=\"\" target=\"_blank\">T\u00e9l\u00e9charger la brochure<\/a>\n                    <\/div>\n                            <\/div>\n        <\/div>\n        <div class=\"medium-4 small-12 columns\">\n            <div class=\"ct-text-right\">\n                                    <img decoding=\"async\" src=\"https:\/\/www.foscarini.com\/wp-content\/uploads\/2025\/03\/Brochure-news-salone-150x150.png\" srcset=\"https:\/\/www.foscarini.com\/wp-content\/uploads\/2025\/03\/Brochure-news-salone-257x300.png 257w, https:\/\/www.foscarini.com\/wp-content\/uploads\/2025\/03\/Brochure-news-salone.png 740w\" alt=\"\" \/>\n                                    <div class=\"text-2\"><\/div>\n\n                            <\/div>\n        <\/div>\n    <\/div>\n<\/section>\n\n<p><a href=\"https:\/\/www.foscarini.com\/fr\/mdw25-eolie\/\" target=\"_blank\" rel=\"noreferrer noopener\"><\/a><\/p><\/div>","protected":false},"excerpt":{"rendered":"","protected":false},"author":10,"featured_media":0,"parent":0,"menu_order":0,"comment_status":"closed","ping_status":"closed","template":"","meta":{"_acf_changed":false,"footnotes":""},"class_list":["post-386026","page","type-page","status-publish","hentry"],"acf":{"preview_slider":{"titolo":"","testo":"","video_domanda":false,"link_video":""}},"yoast_head":"<!-- This site is optimized with the Yoast SEO Premium plugin v22.4 (Yoast SEO v23.7) - https:\/\/yoast.com\/wordpress\/plugins\/seo\/ -->\n<title>MDW25-Eolie - Foscarini<\/title>\n<meta name=\"robots\" content=\"index, follow, max-snippet:-1, max-image-preview:large, max-video-preview:-1\" \/>\n<meta property=\"og:locale\" content=\"fr_FR\" \/>\n<meta property=\"og:type\" content=\"article\" \/>\n<meta property=\"og:title\" content=\"MDW25-Eolie\" \/>\n<meta property=\"og:url\" content=\"https:\/\/www.foscarini.com\/fr\/mdw25-eolie\/\" \/>\n<meta property=\"og:site_name\" content=\"Foscarini\" \/>\n<meta property=\"article:modified_time\" content=\"2025-04-07T16:14:09+00:00\" \/>\n<meta name=\"twitter:card\" content=\"summary_large_image\" \/>\n<script type=\"application\/ld+json\" class=\"yoast-schema-graph\">{\"@context\":\"https:\/\/schema.org\",\"@graph\":[{\"@type\":\"WebPage\",\"@id\":\"https:\/\/www.foscarini.com\/fr\/mdw25-eolie\/\",\"url\":\"https:\/\/www.foscarini.com\/fr\/mdw25-eolie\/\",\"name\":\"MDW25-Eolie - Foscarini\",\"isPartOf\":{\"@id\":\"https:\/\/www.foscarini.com\/#website\"},\"datePublished\":\"2025-03-31T14:43:38+00:00\",\"dateModified\":\"2025-04-07T16:14:09+00:00\",\"breadcrumb\":{\"@id\":\"https:\/\/www.foscarini.com\/fr\/mdw25-eolie\/#breadcrumb\"},\"inLanguage\":\"fr-FR\",\"potentialAction\":[{\"@type\":\"ReadAction\",\"target\":[\"https:\/\/www.foscarini.com\/fr\/mdw25-eolie\/\"]}]},{\"@type\":\"BreadcrumbList\",\"@id\":\"https:\/\/www.foscarini.com\/fr\/mdw25-eolie\/#breadcrumb\",\"itemListElement\":[{\"@type\":\"ListItem\",\"position\":1,\"name\":\"Home\",\"item\":\"https:\/\/www.foscarini.com\/fr\/\"},{\"@type\":\"ListItem\",\"position\":2,\"name\":\"MDW25-Eolie\"}]},{\"@type\":\"WebSite\",\"@id\":\"https:\/\/www.foscarini.com\/#website\",\"url\":\"https:\/\/www.foscarini.com\/\",\"name\":\"Foscarini\",\"description\":\"\",\"potentialAction\":[{\"@type\":\"SearchAction\",\"target\":{\"@type\":\"EntryPoint\",\"urlTemplate\":\"https:\/\/www.foscarini.com\/?s={search_term_string}\"},\"query-input\":{\"@type\":\"PropertyValueSpecification\",\"valueRequired\":true,\"valueName\":\"search_term_string\"}}],\"inLanguage\":\"fr-FR\"}]}<\/script>\n<!-- \/ Yoast SEO Premium plugin. -->","yoast_head_json":{"title":"MDW25-Eolie - Foscarini","robots":{"index":"index","follow":"follow","max-snippet":"max-snippet:-1","max-image-preview":"max-image-preview:large","max-video-preview":"max-video-preview:-1"},"og_locale":"fr_FR","og_type":"article","og_title":"MDW25-Eolie","og_url":"https:\/\/www.foscarini.com\/fr\/mdw25-eolie\/","og_site_name":"Foscarini","article_modified_time":"2025-04-07T16:14:09+00:00","twitter_card":"summary_large_image","schema":{"@context":"https:\/\/schema.org","@graph":[{"@type":"WebPage","@id":"https:\/\/www.foscarini.com\/fr\/mdw25-eolie\/","url":"https:\/\/www.foscarini.com\/fr\/mdw25-eolie\/","name":"MDW25-Eolie - Foscarini","isPartOf":{"@id":"https:\/\/www.foscarini.com\/#website"},"datePublished":"2025-03-31T14:43:38+00:00","dateModified":"2025-04-07T16:14:09+00:00","breadcrumb":{"@id":"https:\/\/www.foscarini.com\/fr\/mdw25-eolie\/#breadcrumb"},"inLanguage":"fr-FR","potentialAction":[{"@type":"ReadAction","target":["https:\/\/www.foscarini.com\/fr\/mdw25-eolie\/"]}]},{"@type":"BreadcrumbList","@id":"https:\/\/www.foscarini.com\/fr\/mdw25-eolie\/#breadcrumb","itemListElement":[{"@type":"ListItem","position":1,"name":"Home","item":"https:\/\/www.foscarini.com\/fr\/"},{"@type":"ListItem","position":2,"name":"MDW25-Eolie"}]},{"@type":"WebSite","@id":"https:\/\/www.foscarini.com\/#website","url":"https:\/\/www.foscarini.com\/","name":"Foscarini","description":"","potentialAction":[{"@type":"SearchAction","target":{"@type":"EntryPoint","urlTemplate":"https:\/\/www.foscarini.com\/?s={search_term_string}"},"query-input":{"@type":"PropertyValueSpecification","valueRequired":true,"valueName":"search_term_string"}}],"inLanguage":"fr-FR"}]}},"_links":{"self":[{"href":"https:\/\/www.foscarini.com\/fr\/wp-json\/wp\/v2\/pages\/386026"}],"collection":[{"href":"https:\/\/www.foscarini.com\/fr\/wp-json\/wp\/v2\/pages"}],"about":[{"href":"https:\/\/www.foscarini.com\/fr\/wp-json\/wp\/v2\/types\/page"}],"author":[{"embeddable":true,"href":"https:\/\/www.foscarini.com\/fr\/wp-json\/wp\/v2\/users\/10"}],"replies":[{"embeddable":true,"href":"https:\/\/www.foscarini.com\/fr\/wp-json\/wp\/v2\/comments?post=386026"}],"version-history":[{"count":2,"href":"https:\/\/www.foscarini.com\/fr\/wp-json\/wp\/v2\/pages\/386026\/revisions"}],"predecessor-version":[{"id":386145,"href":"https:\/\/www.foscarini.com\/fr\/wp-json\/wp\/v2\/pages\/386026\/revisions\/386145"}],"wp:attachment":[{"href":"https:\/\/www.foscarini.com\/fr\/wp-json\/wp\/v2\/media?parent=386026"}],"curies":[{"name":"wp","href":"https:\/\/api.w.org\/{rel}","templated":true}]}}