{"id":386022,"date":"2025-03-31T14:41:44","date_gmt":"2025-03-31T14:41:44","guid":{"rendered":"https:\/\/www.foscarini.com\/mdw25-torche\/"},"modified":"2025-04-07T16:06:05","modified_gmt":"2025-04-07T16:06:05","slug":"mdw25-torche","status":"publish","type":"page","link":"https:\/\/www.foscarini.com\/fr\/mdw25-torche\/","title":{"rendered":"MDW25-Torche"},"content":{"rendered":"<section class=\"two_cols__link_and_image full-height-vh \">\n    <div class=\"row row-large \">\n        <div class=\"medium-4 small-12 columns full-height relative col-1\">\n            <div class=\"ct-text\">\n                <span class=\"subtitle js-heading\">Nouveaut\u00e9s 2025<\/span>\n                <div class=\"ct-link\">\n                                        <a class=\"link-arrow title-medium js-heading no-link\" href=\"\"><p>Torche<\/p>\n<\/a>\n                    <div class=\"text-1 js-heading\"><p>\/ Dordoni Studio<\/p>\n<\/div>\n                                    <\/div>\n                            <\/div>\n        <\/div>\n        <div class=\"medium-8 small-12 columns full-height col-2 no-padding-right-mobile\">\n                                                    <img decoding=\"async\" class=\"full-cover\" src=\"https:\/\/www.foscarini.com\/wp-content\/uploads\/2025\/03\/TORCHE-PREVIEW-150x150.png\" srcset=\"https:\/\/www.foscarini.com\/wp-content\/uploads\/2025\/03\/TORCHE-PREVIEW-300x240.png 300w, https:\/\/www.foscarini.com\/wp-content\/uploads\/2025\/03\/TORCHE-PREVIEW-1024x819.png 1024w, https:\/\/www.foscarini.com\/wp-content\/uploads\/2025\/03\/TORCHE-PREVIEW-768x614.png 768w, https:\/\/www.foscarini.com\/wp-content\/uploads\/2025\/03\/TORCHE-PREVIEW-800x640.png 800w, https:\/\/www.foscarini.com\/wp-content\/uploads\/2025\/03\/TORCHE-PREVIEW.png 1200w\" alt=\"\" \/>\n                                            <\/div>\n    <\/div>\n<\/section><section class=\"articolo-titolo reading-time\">\n    <div class=\"ct-block\">\n        <div class=\"text\"><p>Essence sophistiqu\u00e9e pour le mur : finitions m\u00e9talliques satin\u00e9es raffin\u00e9es pour un projet en \u00e9quilibre entre esth\u00e9tique et fonction, n\u00e9 du design in\u00e9dit de Rodolfo Dordoni pour Foscarini.<\/p>\n<\/div>\n            <\/div>\n<\/section><section class=\"articolo-testo reading-time\">\n    <div class=\"ct-block\">\n        <div class=\"text\"><p>L&#8217;applique murale con\u00e7ue par Rodolfo Dordoni et d\u00e9velopp\u00e9e par Cimadoro et Mauro, qui dirigent d\u00e9sormais Dordoni Studio, Torche na\u00eet d&#8217;un besoin fonctionnel pr\u00e9cis, inspir\u00e9 par l&#8217;arch\u00e9type m\u00eame de la lumi\u00e8re, d&#8217;o\u00f9 son nom.<\/p>\n<p>Esth\u00e9tique pure, grande fonctionnalit\u00e9 et caract\u00e8re d\u00e9coratif : Torche est une applique \u00e0 la ligne compacte et discr\u00e8te, qui se traduit par une marque l\u00e9g\u00e8re sur le mur. Sa silhouette est dessin\u00e9e en parfaite harmonie avec le flux lumineux ; la section particuli\u00e8re du c\u00f4ne permet \u00e0 la lampe de se d\u00e9tacher partiellement du mur dans la partie sup\u00e9rieure : un d\u00e9tail qui permet \u00e0 la lumi\u00e8re de se diffuser sur le mur mais aussi vers le plafond, tout en att\u00e9nuant la source lumineuse intense, pour un meilleur confort visuel. Un second spot lumineux est ajout\u00e9, plus dirig\u00e9 et doux, vers le bas.<\/p>\n<p>Torche se caract\u00e9rise par une finition douce, soyeuse et enti\u00e8rement mate, disponible en trois coloris diff\u00e9rents, \u00e9quilibrant la nature m\u00e9tallique solide pour un effet particuli\u00e8rement sophistiqu\u00e9.<\/p>\n<p>&nbsp;<\/p>\n<\/div>\n    <\/div>\n<\/section><div class=\"wp-block-columns two_image_join two_image_join_affiancate is-layout-flex wp-container-core-columns-is-layout-1 wp-block-columns-is-layout-flex\"><div class=\"wp-block-column is-layout-flow wp-block-column-is-layout-flow\"><div class=\"wp-block-getwid-image-hotspot\" data-appearance-animation=\"none\" data-image-points=\"[]\" data-trigger=\"hover\" data-theme=\"light\" data-tooltip-animation=\"shift-toward\" data-arrow=\"true\"><div class=\"wp-block-getwid-image-hotspot__wrapper\"><img loading=\"lazy\" decoding=\"async\" width=\"907\" height=\"609\" src=\"https:\/\/www.foscarini.com\/wp-content\/uploads\/2025\/04\/2aff-02MDW25.jpg\" alt=\"\" class=\"wp-block-getwid-image-hotspot__image wp-image-315959\" srcset=\"https:\/\/www.foscarini.com\/wp-content\/uploads\/2025\/04\/2aff-02MDW25.jpg 907w, https:\/\/www.foscarini.com\/wp-content\/uploads\/2025\/04\/2aff-02MDW25-300x201.jpg 300w, https:\/\/www.foscarini.com\/wp-content\/uploads\/2025\/04\/2aff-02MDW25-768x516.jpg 768w, https:\/\/www.foscarini.com\/wp-content\/uploads\/2025\/04\/2aff-02MDW25-800x537.jpg 800w\" sizes=\"(max-width: 907px) 100vw, 907px\" \/><\/div><\/div><\/div>\n\n<div class=\"wp-block-column is-layout-flow wp-block-column-is-layout-flow\"><div class=\"wp-block-getwid-image-hotspot\" data-appearance-animation=\"none\" data-image-points=\"[]\" data-trigger=\"hover\" data-theme=\"light\" data-tooltip-animation=\"shift-toward\" data-arrow=\"true\"><div class=\"wp-block-getwid-image-hotspot__wrapper\"><img loading=\"lazy\" decoding=\"async\" width=\"907\" height=\"609\" src=\"https:\/\/www.foscarini.com\/wp-content\/uploads\/2025\/04\/2aff-01MDW25.jpg\" alt=\"\" class=\"wp-block-getwid-image-hotspot__image wp-image-315966\" srcset=\"https:\/\/www.foscarini.com\/wp-content\/uploads\/2025\/04\/2aff-01MDW25.jpg 907w, https:\/\/www.foscarini.com\/wp-content\/uploads\/2025\/04\/2aff-01MDW25-300x201.jpg 300w, https:\/\/www.foscarini.com\/wp-content\/uploads\/2025\/04\/2aff-01MDW25-768x516.jpg 768w, https:\/\/www.foscarini.com\/wp-content\/uploads\/2025\/04\/2aff-01MDW25-800x537.jpg 800w\" sizes=\"(max-width: 907px) 100vw, 907px\" \/><\/div><\/div><\/div><\/div><section class=\"concept__designer full-height-vh bg-beige\">\n    <div class=\"row\">\n        <div class=\"medium-6 small-12 columns\">\n            <div class=\"info-designer\">\n                <span class=\"subtitle js-heading\">DESIGNER<\/span>\n                <div class=\"title-little js-heading\"><p>Dordoni Studio<\/p>\n<\/div>\n                                    <img decoding=\"async\" class=\"photo-designer\" src=\"https:\/\/www.foscarini.com\/wp-content\/uploads\/2025\/03\/designer-faceMDW25-etoile.jpg\" alt=\"\" \/>\n                                <\/div>\n        <\/div>\n        <div class=\"medium-6 small-12 columns no-padding padding-mobile\">\n            <div class=\"text-4 js-heading\"><p>Dordoni Studio poursuit la voie trac\u00e9e par Rodolfo Dordoni, poursuivant une m\u00e9thode et une vision de conception fond\u00e9es sur la coh\u00e9rence formelle, l&#8217;\u00e9quilibre des proportions, l&#8217;attention aux d\u00e9tails et l&#8217;\u00e9tude des finitions. Sous la direction de Mattia Cimadoro et Giuseppe Mauro, le studio d\u00e9veloppe un langage clair et essentiel, capable de m\u00ealer continuit\u00e9 et contemporan\u00e9it\u00e9 dans des projets au caract\u00e8re d\u00e9fini, expression d&#8217;une esth\u00e9tique sobre et mesur\u00e9e.<\/p>\n<\/div>\n        <\/div>\n    <\/div>\n\n    <div class=\"swiper-container swiper__from_cols\">\n        <div class=\"swiper-wrapper col-2\">\n            <div class=\"swiper-slide\">\n                                    <img decoding=\"async\" class=\"full-cover\" src=\"https:\/\/www.foscarini.com\/wp-content\/uploads\/2025\/03\/design-01MDW25-Torche-150x150.jpg\" srcset=\"https:\/\/www.foscarini.com\/wp-content\/uploads\/2025\/03\/design-01MDW25-Torche-285x300.jpg 285w, https:\/\/www.foscarini.com\/wp-content\/uploads\/2025\/03\/design-01MDW25-Torche-768x808.jpg 768w, https:\/\/www.foscarini.com\/wp-content\/uploads\/2025\/03\/design-01MDW25-Torche.jpg 781w\" alt=\"\" \/>\n                                <\/div>\n            <div class=\"swiper-slide\">\n                <div class=\"ct-img\">\n                                            <img decoding=\"async\" src=\"https:\/\/www.foscarini.com\/wp-content\/uploads\/2025\/03\/design-02MDW25-Torche-150x150.jpg\" srcset=\"https:\/\/www.foscarini.com\/wp-content\/uploads\/2025\/03\/design-02MDW25-Torche-300x291.jpg 300w, https:\/\/www.foscarini.com\/wp-content\/uploads\/2025\/03\/design-02MDW25-Torche.jpg 679w\" alt=\"\" \/>\n                                                            <\/div>\n            <\/div>\n        <\/div>\n    <\/div>\n\n    <div class=\"show-mobile\">\n        <div class=\"row\">\n            <div class=\"small-12 columns\">\n                            <\/div>\n        <\/div>\n    <\/div>\n<\/section><section class=\"world__menu_image\">\n\n    <div class=\"designer-desc-container\">\n                            <div class=\"title-medium js-heading\"><p>Nouvelles id\u00e9es lumineuses<\/p>\n<\/div>\n                       \n            <div class=\"text-2 js-heading\"><p>Au c\u0153ur du projet se trouve une r\u00e9interpr\u00e9tation contemporaine d\u2019un grand arch\u00e9type : le lustre, r\u00e9invent\u00e9 \u00e0 travers des visions de design audacieuses et singuli\u00e8res. L\u2019innovation na\u00eet \u00e9galement de l\u2019exp\u00e9rimentation de mat\u00e9riaux insolites, comme la lave en fusion, et d\u2019associations inattendues, telle que celle de la broderie de perles de verre avec la lumi\u00e8re.<\/p>\n<\/div>\n                <\/div>\n\n    \n    <div class=\"inner--stories menu \">\n                                <a href=\"https:\/\/www.foscarini.com\/fr\/mdw25-allumette\/\" class=\"menu__item\" data-image=\"https:\/\/www.foscarini.com\/wp-content\/uploads\/2025\/03\/ALLUMETTE-PREVIEW.png\">\n                            <span class=\"menu__item-text\"><span class=\"menu__item-textinner\">ALLUMETTE<\/span><\/span>\n                            <span class=\"menu__item-sub\">Francesca Lanzavecchia<\/span>\n                        <\/a>\n                                                <a href=\"https:\/\/www.foscarini.com\/fr\/mdw25-asteria\/\" class=\"menu__item\" data-image=\"https:\/\/www.foscarini.com\/wp-content\/uploads\/2025\/03\/ASTERIA-MULTI-PREVIEW.png\">\n                            <span class=\"menu__item-text\"><span class=\"menu__item-textinner\">ASTERIA<\/span><\/span>\n                            <span class=\"menu__item-sub\">Alberto + Francesco Meda<\/span>\n                        <\/a>\n                                                <a href=\"https:\/\/www.foscarini.com\/fr\/mdw25-tilia\/\" class=\"menu__item\" data-image=\"https:\/\/www.foscarini.com\/wp-content\/uploads\/2025\/03\/TILIA-PREVIEW.png\">\n                            <span class=\"menu__item-text\"><span class=\"menu__item-textinner\">TILIA<\/span><\/span>\n                            <span class=\"menu__item-sub\">Francesca Lanzavecchia<\/span>\n                        <\/a>\n                                                <a href=\"https:\/\/www.foscarini.com\/fr\/mdw25-etoile\/\" class=\"menu__item\" data-image=\"https:\/\/www.foscarini.com\/wp-content\/uploads\/2025\/03\/GRANDE-ETOILE-PREVIEW.png\">\n                            <span class=\"menu__item-text\"><span class=\"menu__item-textinner\">ETOILE<\/span><\/span>\n                            <span class=\"menu__item-sub\">Dordoni Studio<\/span>\n                        <\/a>\n                                                <a href=\"https:\/\/www.foscarini.com\/fr\/mdw25-eolie\/\" class=\"menu__item\" data-image=\"https:\/\/www.foscarini.com\/wp-content\/uploads\/2025\/03\/EOLIE-PREVIEW.png\">\n                            <span class=\"menu__item-text\"><span class=\"menu__item-textinner\">EOLIE<\/span><\/span>\n                            <span class=\"menu__item-sub\">Alberto +  Francesco Meda<\/span>\n                        <\/a>\n                                                <a href=\"https:\/\/www.foscarini.com\/fr\/mdw25-torche\/\" class=\"menu__item\" data-image=\"https:\/\/www.foscarini.com\/wp-content\/uploads\/2025\/03\/TORCHE-PREVIEW.png\">\n                            <span class=\"menu__item-text\"><span class=\"menu__item-textinner\">TORCHE<\/span><\/span>\n                            <span class=\"menu__item-sub\">Dordoni Studio<\/span>\n                        <\/a>\n                                                <a href=\"https:\/\/www.foscarini.com\/fr\/mdw25-habitus\/\" class=\"menu__item\" data-image=\"https:\/\/www.foscarini.com\/wp-content\/uploads\/2025\/03\/HABITUS-PREVIEW.png\">\n                            <span class=\"menu__item-text\"><span class=\"menu__item-textinner\">HABITUS<\/span><\/span>\n                            <span class=\"menu__item-sub\">Andrea Anastasio<\/span>\n                        <\/a>\n                                                <a href=\"https:\/\/www.foscarini.com\/fr\/mdw25-aplomb-wall\/\" class=\"menu__item\" data-image=\"https:\/\/www.foscarini.com\/wp-content\/uploads\/2025\/03\/APLOMB-PREVIEW.png\">\n                            <span class=\"menu__item-text\"><span class=\"menu__item-textinner\">APLOMB <\/span><\/span>\n                            <span class=\"menu__item-sub\">Lucidi Pevere<\/span>\n                        <\/a>\n                                                <a href=\"https:\/\/www.foscarini.com\/fr\/mdw25-fields\/\" class=\"menu__item\" data-image=\"https:\/\/www.foscarini.com\/wp-content\/uploads\/2025\/03\/FIELDS-PREVIEW-1.png\">\n                            <span class=\"menu__item-text\"><span class=\"menu__item-textinner\">FIELDS<\/span><\/span>\n                            <span class=\"menu__item-sub\">Garcia Cumini<\/span>\n                        <\/a>\n                            <\/div>\n<\/section><section class=\"world__book bg-beige\">\n    <div class=\"row\">\n        <div class=\"medium-8 small-12 columns\">\n            <div class=\"ct-text\">\n                <p class=\"subtitle js-heading\">BOOKLET NEWS 2025<\/p>\n                <div class=\"title-medium js-heading\"><p>7 nouvelles familles de produits, 2 versions revisit\u00e9es, 21 mod\u00e8les diff\u00e9rents, 6 designers, 1 nouvelle collaboration, 2 mat\u00e9riaux in\u00e9dits.<\/p>\n<\/div>\n                <div class=\"text-2 js-heading\"><\/div>\n                                    <div class=\"center-mobile\">\n                        <a class=\"link-bg \" href=\"https:\/\/cdn1.foscarini.com\/Catalogues\/Brochure-News-2025_Foscarini.pdf\" data-name=\"Brochure-News-2025_Foscarini.pdf\" download=\"\" target=\"_blank\">T\u00e9l\u00e9charger la brochure<\/a>\n                    <\/div>\n                            <\/div>\n        <\/div>\n        <div class=\"medium-4 small-12 columns\">\n            <div class=\"ct-text-right\">\n                                    <img decoding=\"async\" src=\"https:\/\/www.foscarini.com\/wp-content\/uploads\/2025\/03\/Brochure-news-salone-150x150.png\" srcset=\"https:\/\/www.foscarini.com\/wp-content\/uploads\/2025\/03\/Brochure-news-salone-257x300.png 257w, https:\/\/www.foscarini.com\/wp-content\/uploads\/2025\/03\/Brochure-news-salone.png 740w\" alt=\"\" \/>\n                                    <div class=\"text-2\"><\/div>\n\n                            <\/div>\n        <\/div>\n    <\/div>\n<\/section>","protected":false},"excerpt":{"rendered":"","protected":false},"author":10,"featured_media":0,"parent":0,"menu_order":0,"comment_status":"closed","ping_status":"closed","template":"","meta":{"_acf_changed":false,"footnotes":""},"class_list":["post-386022","page","type-page","status-publish","hentry"],"acf":{"preview_slider":{"titolo":"","testo":"","video_domanda":false,"link_video":""}},"yoast_head":"<!-- This site is optimized with the Yoast SEO Premium plugin v22.4 (Yoast SEO v23.7) - https:\/\/yoast.com\/wordpress\/plugins\/seo\/ -->\n<title>MDW25-Torche - Foscarini<\/title>\n<meta name=\"robots\" content=\"index, follow, max-snippet:-1, max-image-preview:large, max-video-preview:-1\" \/>\n<meta property=\"og:locale\" content=\"fr_FR\" \/>\n<meta property=\"og:type\" content=\"article\" \/>\n<meta property=\"og:title\" content=\"MDW25-Torche\" \/>\n<meta property=\"og:url\" content=\"https:\/\/www.foscarini.com\/fr\/mdw25-torche\/\" \/>\n<meta property=\"og:site_name\" content=\"Foscarini\" \/>\n<meta property=\"article:modified_time\" content=\"2025-04-07T16:06:05+00:00\" \/>\n<meta property=\"og:image\" content=\"https:\/\/www.foscarini.com\/wp-content\/uploads\/2025\/04\/2aff-02MDW25.jpg\" \/>\n<meta name=\"twitter:card\" content=\"summary_large_image\" \/>\n<meta name=\"twitter:label1\" content=\"Dur\u00e9e de lecture estim\u00e9e\" \/>\n\t<meta name=\"twitter:data1\" content=\"1 minute\" \/>\n<script type=\"application\/ld+json\" class=\"yoast-schema-graph\">{\"@context\":\"https:\/\/schema.org\",\"@graph\":[{\"@type\":\"WebPage\",\"@id\":\"https:\/\/www.foscarini.com\/fr\/mdw25-torche\/\",\"url\":\"https:\/\/www.foscarini.com\/fr\/mdw25-torche\/\",\"name\":\"MDW25-Torche - Foscarini\",\"isPartOf\":{\"@id\":\"https:\/\/www.foscarini.com\/#website\"},\"primaryImageOfPage\":{\"@id\":\"https:\/\/www.foscarini.com\/fr\/mdw25-torche\/#primaryimage\"},\"image\":{\"@id\":\"https:\/\/www.foscarini.com\/fr\/mdw25-torche\/#primaryimage\"},\"thumbnailUrl\":\"https:\/\/www.foscarini.com\/wp-content\/uploads\/2025\/04\/2aff-02MDW25.jpg\",\"datePublished\":\"2025-03-31T14:41:44+00:00\",\"dateModified\":\"2025-04-07T16:06:05+00:00\",\"breadcrumb\":{\"@id\":\"https:\/\/www.foscarini.com\/fr\/mdw25-torche\/#breadcrumb\"},\"inLanguage\":\"fr-FR\",\"potentialAction\":[{\"@type\":\"ReadAction\",\"target\":[\"https:\/\/www.foscarini.com\/fr\/mdw25-torche\/\"]}]},{\"@type\":\"ImageObject\",\"inLanguage\":\"fr-FR\",\"@id\":\"https:\/\/www.foscarini.com\/fr\/mdw25-torche\/#primaryimage\",\"url\":\"https:\/\/www.foscarini.com\/wp-content\/uploads\/2025\/04\/2aff-02MDW25.jpg\",\"contentUrl\":\"https:\/\/www.foscarini.com\/wp-content\/uploads\/2025\/04\/2aff-02MDW25.jpg\"},{\"@type\":\"BreadcrumbList\",\"@id\":\"https:\/\/www.foscarini.com\/fr\/mdw25-torche\/#breadcrumb\",\"itemListElement\":[{\"@type\":\"ListItem\",\"position\":1,\"name\":\"Home\",\"item\":\"https:\/\/www.foscarini.com\/fr\/\"},{\"@type\":\"ListItem\",\"position\":2,\"name\":\"MDW25-Torche\"}]},{\"@type\":\"WebSite\",\"@id\":\"https:\/\/www.foscarini.com\/#website\",\"url\":\"https:\/\/www.foscarini.com\/\",\"name\":\"Foscarini\",\"description\":\"\",\"potentialAction\":[{\"@type\":\"SearchAction\",\"target\":{\"@type\":\"EntryPoint\",\"urlTemplate\":\"https:\/\/www.foscarini.com\/?s={search_term_string}\"},\"query-input\":{\"@type\":\"PropertyValueSpecification\",\"valueRequired\":true,\"valueName\":\"search_term_string\"}}],\"inLanguage\":\"fr-FR\"}]}<\/script>\n<!-- \/ Yoast SEO Premium plugin. -->","yoast_head_json":{"title":"MDW25-Torche - Foscarini","robots":{"index":"index","follow":"follow","max-snippet":"max-snippet:-1","max-image-preview":"max-image-preview:large","max-video-preview":"max-video-preview:-1"},"og_locale":"fr_FR","og_type":"article","og_title":"MDW25-Torche","og_url":"https:\/\/www.foscarini.com\/fr\/mdw25-torche\/","og_site_name":"Foscarini","article_modified_time":"2025-04-07T16:06:05+00:00","og_image":[{"url":"https:\/\/www.foscarini.com\/wp-content\/uploads\/2025\/04\/2aff-02MDW25.jpg"}],"twitter_card":"summary_large_image","twitter_misc":{"Dur\u00e9e de lecture estim\u00e9e":"1 minute"},"schema":{"@context":"https:\/\/schema.org","@graph":[{"@type":"WebPage","@id":"https:\/\/www.foscarini.com\/fr\/mdw25-torche\/","url":"https:\/\/www.foscarini.com\/fr\/mdw25-torche\/","name":"MDW25-Torche - Foscarini","isPartOf":{"@id":"https:\/\/www.foscarini.com\/#website"},"primaryImageOfPage":{"@id":"https:\/\/www.foscarini.com\/fr\/mdw25-torche\/#primaryimage"},"image":{"@id":"https:\/\/www.foscarini.com\/fr\/mdw25-torche\/#primaryimage"},"thumbnailUrl":"https:\/\/www.foscarini.com\/wp-content\/uploads\/2025\/04\/2aff-02MDW25.jpg","datePublished":"2025-03-31T14:41:44+00:00","dateModified":"2025-04-07T16:06:05+00:00","breadcrumb":{"@id":"https:\/\/www.foscarini.com\/fr\/mdw25-torche\/#breadcrumb"},"inLanguage":"fr-FR","potentialAction":[{"@type":"ReadAction","target":["https:\/\/www.foscarini.com\/fr\/mdw25-torche\/"]}]},{"@type":"ImageObject","inLanguage":"fr-FR","@id":"https:\/\/www.foscarini.com\/fr\/mdw25-torche\/#primaryimage","url":"https:\/\/www.foscarini.com\/wp-content\/uploads\/2025\/04\/2aff-02MDW25.jpg","contentUrl":"https:\/\/www.foscarini.com\/wp-content\/uploads\/2025\/04\/2aff-02MDW25.jpg"},{"@type":"BreadcrumbList","@id":"https:\/\/www.foscarini.com\/fr\/mdw25-torche\/#breadcrumb","itemListElement":[{"@type":"ListItem","position":1,"name":"Home","item":"https:\/\/www.foscarini.com\/fr\/"},{"@type":"ListItem","position":2,"name":"MDW25-Torche"}]},{"@type":"WebSite","@id":"https:\/\/www.foscarini.com\/#website","url":"https:\/\/www.foscarini.com\/","name":"Foscarini","description":"","potentialAction":[{"@type":"SearchAction","target":{"@type":"EntryPoint","urlTemplate":"https:\/\/www.foscarini.com\/?s={search_term_string}"},"query-input":{"@type":"PropertyValueSpecification","valueRequired":true,"valueName":"search_term_string"}}],"inLanguage":"fr-FR"}]}},"_links":{"self":[{"href":"https:\/\/www.foscarini.com\/fr\/wp-json\/wp\/v2\/pages\/386022"}],"collection":[{"href":"https:\/\/www.foscarini.com\/fr\/wp-json\/wp\/v2\/pages"}],"about":[{"href":"https:\/\/www.foscarini.com\/fr\/wp-json\/wp\/v2\/types\/page"}],"author":[{"embeddable":true,"href":"https:\/\/www.foscarini.com\/fr\/wp-json\/wp\/v2\/users\/10"}],"replies":[{"embeddable":true,"href":"https:\/\/www.foscarini.com\/fr\/wp-json\/wp\/v2\/comments?post=386022"}],"version-history":[{"count":3,"href":"https:\/\/www.foscarini.com\/fr\/wp-json\/wp\/v2\/pages\/386022\/revisions"}],"predecessor-version":[{"id":386140,"href":"https:\/\/www.foscarini.com\/fr\/wp-json\/wp\/v2\/pages\/386022\/revisions\/386140"}],"wp:attachment":[{"href":"https:\/\/www.foscarini.com\/fr\/wp-json\/wp\/v2\/media?parent=386022"}],"curies":[{"name":"wp","href":"https:\/\/api.w.org\/{rel}","templated":true}]}}