{"id":386020,"date":"2025-03-31T14:12:48","date_gmt":"2025-03-31T14:12:48","guid":{"rendered":"https:\/\/www.foscarini.com\/mdw25-aplomb-wall\/"},"modified":"2025-04-07T16:05:27","modified_gmt":"2025-04-07T16:05:27","slug":"mdw25-aplomb-wall","status":"publish","type":"page","link":"https:\/\/www.foscarini.com\/fr\/mdw25-aplomb-wall\/","title":{"rendered":"MDW25-Aplomb-wall"},"content":{"rendered":"<section class=\"two_cols__link_and_image full-height-vh \">\n    <div class=\"row row-large \">\n        <div class=\"medium-4 small-12 columns full-height relative col-1\">\n            <div class=\"ct-text\">\n                <span class=\"subtitle js-heading\">Nouveaut\u00e9s 2025<\/span>\n                <div class=\"ct-link\">\n                                        <a class=\"link-arrow title-medium js-heading no-link\" href=\"\"><p>Aplomb Mini Wall<\/p>\n<\/a>\n                    <div class=\"text-1 js-heading\"><p>\/ Lucidi Pevere<\/p>\n<\/div>\n                                    <\/div>\n                            <\/div>\n        <\/div>\n        <div class=\"medium-8 small-12 columns full-height col-2 no-padding-right-mobile\">\n                                                    <img decoding=\"async\" class=\"full-cover\" src=\"https:\/\/www.foscarini.com\/wp-content\/uploads\/2025\/03\/APLOMBMDW25-150x150.png\" srcset=\"https:\/\/www.foscarini.com\/wp-content\/uploads\/2025\/03\/APLOMBMDW25-300x240.png 300w, https:\/\/www.foscarini.com\/wp-content\/uploads\/2025\/03\/APLOMBMDW25-1024x819.png 1024w, https:\/\/www.foscarini.com\/wp-content\/uploads\/2025\/03\/APLOMBMDW25-768x614.png 768w, https:\/\/www.foscarini.com\/wp-content\/uploads\/2025\/03\/APLOMBMDW25-800x640.png 800w, https:\/\/www.foscarini.com\/wp-content\/uploads\/2025\/03\/APLOMBMDW25.png 1200w\" alt=\"\" \/>\n                                            <\/div>\n    <\/div>\n<\/section><section class=\"articolo-titolo reading-time\">\n    <div class=\"ct-block\">\n        <div class=\"text\"><p>\u00c9l\u00e9gance, l\u00e9g\u00e8ret\u00e9, puret\u00e9 formelle : ce qui capte le regard chez Aplomb, c\u2019est ce sentiment d\u2019une impossibilit\u00e9 rendue possible. Le design essentiel de sa forme met en valeur la richesse mat\u00e9rielle du b\u00e9ton sp\u00e9cial dont elle est faite. Aujourd\u2019hui disponible aussi dans une nouvelle version murale.<\/p>\n<\/div>\n            <\/div>\n<\/section><section class=\"articolo-testo reading-time\">\n    <div class=\"ct-block\">\n        <div class=\"text\"><p>Une nouvelle version murale vient enrichir la famille Aplomb. Cette solution d\u00e9cline le design iconique et raffin\u00e9 de Lucidi Pevere dans une version plus compacte. Con\u00e7ue pour les environnements int\u00e9rieurs comme ext\u00e9rieurs, la nouvelle Aplomb Mini murale apporte une richesse mat\u00e9rielle inattendue et diffuse un faisceau lumineux concentr\u00e9 vers le bas.<\/p>\n<p>Aplomb na\u00eet de la recomposition des contrastes : \u00e0 partir d\u2019un mat\u00e9riau dur, brut et peu mall\u00e9able comme le b\u00e9ton \u2013 typiquement associ\u00e9 au secteur du b\u00e2timent \u2013 prend forme un objet design destin\u00e9 \u00e0 l\u2019espace domestique. Un r\u00e9sultat rendu possible par <strong>un processus artisanal enti\u00e8rement r\u00e9alis\u00e9 en Italie<\/strong>, par des experts du travail du b\u00e9ton. Aplomb est l\u2019expression de la vocation innovante de Foscarini et de sa capacit\u00e9 \u00e0 transformer les d\u00e9fis du design en r\u00e9alit\u00e9. Une collection de luminaires avec r\u00e9flecteur en b\u00e9ton, n\u00e9e de la rencontre entre entreprise, designers et ma\u00eetres artisans, capables de <strong>m\u00e9tamorphoser une mati\u00e8re brute en un objet d\u2019\u00e9l\u00e9gance pure<\/strong>.<\/p>\n<p>La nouvelle Aplomb Mini murale est propos\u00e9e dans toute la gamme de couleurs Aplomb Mini, en versions int\u00e9rieure et ext\u00e9rieure.<\/p>\n<\/div>\n    <\/div>\n<\/section><section class=\"two_cols__image_link_and_image full-height-vh \">\n\n    <div class=\"swiper-container swiper__from_cols\">\n        <div class=\"swiper-wrapper col-2\">\n            <div class=\"swiper-slide full-height col-left \">\n                                        <img decoding=\"async\" class=\"img-left\" src=\"https:\/\/www.foscarini.com\/wp-content\/uploads\/2025\/03\/2IMG_01-MDW25-Aplomb-150x150.png\" srcset=\"https:\/\/www.foscarini.com\/wp-content\/uploads\/2025\/03\/2IMG_01-MDW25-Aplomb-300x258.png 300w, https:\/\/www.foscarini.com\/wp-content\/uploads\/2025\/03\/2IMG_01-MDW25-Aplomb.png 736w\" alt=\"\" \/>\n                                            <div class=\"ct-text show-for-medium\">\n                        <a class=\"link-arrow no-link\" href=\"\">\n                            <span class=\"subtitle js-heading\"><\/span>\n                            <span class=\"title-little js-heading\"><\/span>\n                        <\/a>\n                        <div class=\"text-1 js-heading\"><\/div>\n                    <\/div>\n                                <\/div>\n            <div class=\"swiper-slide full-height\">\n                                        <img decoding=\"async\" class=\"full-cover\" src=\"https:\/\/www.foscarini.com\/wp-content\/uploads\/2025\/03\/2IMG_02-MDW25-Aplomb-150x150.png\" srcset=\"https:\/\/www.foscarini.com\/wp-content\/uploads\/2025\/03\/2IMG_02-MDW25-Aplomb-228x300.png 228w, https:\/\/www.foscarini.com\/wp-content\/uploads\/2025\/03\/2IMG_02-MDW25-Aplomb.png 726w\" alt=\"\" \/>\n                                    <\/div>\n        <\/div>\n    <\/div>\n\n    <div class=\"row show-mobile\">\n        <div class=\"small-12 columns\">\n            <div class=\"ct-text\">\n                <a class=\"link-arrow no-link\" href=\"\">\n                    <span class=\"subtitle js-heading\"><\/span>\n                    <span class=\"title-little js-heading\"><\/span>\n                <\/a>\n                <div class=\"text-1 js-heading\"><\/div>\n            <\/div>\n        <\/div>\n    <\/div>\n<\/section><section class=\"ambient_single__img_lateral full-height-vh \">\n    <div class=\"row row-large\">\n        <div class=\"small-12 medium-10 medium-offset-2  columns full-height no-padding-right-mobile\">\n            <div class=\"ct-image js-img\">\n                                    <img decoding=\"async\" src=\"https:\/\/www.foscarini.com\/wp-content\/uploads\/2025\/04\/Img-Hotspot-LatMDW25-150x150.png\" srcset=\"https:\/\/www.foscarini.com\/wp-content\/uploads\/2025\/04\/Img-Hotspot-LatMDW25-300x208.png 300w, https:\/\/www.foscarini.com\/wp-content\/uploads\/2025\/04\/Img-Hotspot-LatMDW25-1024x711.png 1024w, https:\/\/www.foscarini.com\/wp-content\/uploads\/2025\/04\/Img-Hotspot-LatMDW25-768x533.png 768w, https:\/\/www.foscarini.com\/wp-content\/uploads\/2025\/04\/Img-Hotspot-LatMDW25-800x555.png 800w, https:\/\/www.foscarini.com\/wp-content\/uploads\/2025\/04\/Img-Hotspot-LatMDW25.png 1389w\" alt=\"\" \/>\n                    \n                            <\/div>\n        <\/div>\n    <\/div>\n<\/section><section class=\"three_cols__images full-height-vh \">\n    <div class=\"swiper-container swiper__from_cols\">\n        <div class=\"swiper-wrapper large col-3 full-height \">\n                                <div class=\"swiper-slide js-img\">\n                                                    <img decoding=\"async\" class=\"full-cover\" src=\"https:\/\/www.foscarini.com\/wp-content\/uploads\/2024\/01\/Modulo2_1A-150x150.jpg\" srcset=\"https:\/\/www.foscarini.com\/wp-content\/uploads\/2024\/01\/Modulo2_1A-195x300.jpg 195w, https:\/\/www.foscarini.com\/wp-content\/uploads\/2024\/01\/Modulo2_1A-800x1228.jpg 800w, https:\/\/www.foscarini.com\/wp-content\/uploads\/2024\/01\/Modulo2_1A-667x1024.jpg 667w, https:\/\/www.foscarini.com\/wp-content\/uploads\/2024\/01\/Modulo2_1A-768x1179.jpg 768w, https:\/\/www.foscarini.com\/wp-content\/uploads\/2024\/01\/Modulo2_1A.jpg 864w\" alt=\"\" \/>\n                                                <\/div>\n                                        <div class=\"swiper-slide js-img\">\n                                                    <img decoding=\"async\" class=\"full-cover\" src=\"https:\/\/www.foscarini.com\/wp-content\/uploads\/2024\/01\/Modulo2_1C-150x150.jpg\" srcset=\"https:\/\/www.foscarini.com\/wp-content\/uploads\/2024\/01\/Modulo2_1C-195x300.jpg 195w, https:\/\/www.foscarini.com\/wp-content\/uploads\/2024\/01\/Modulo2_1C-800x1228.jpg 800w, https:\/\/www.foscarini.com\/wp-content\/uploads\/2024\/01\/Modulo2_1C-667x1024.jpg 667w, https:\/\/www.foscarini.com\/wp-content\/uploads\/2024\/01\/Modulo2_1C-768x1179.jpg 768w, https:\/\/www.foscarini.com\/wp-content\/uploads\/2024\/01\/Modulo2_1C.jpg 864w\" alt=\"\" \/>\n                                                <\/div>\n                                        <div class=\"swiper-slide js-img\">\n                                                    <img decoding=\"async\" class=\"full-cover\" src=\"https:\/\/www.foscarini.com\/wp-content\/uploads\/2024\/01\/Modulo2_1B-150x150.jpg\" srcset=\"https:\/\/www.foscarini.com\/wp-content\/uploads\/2024\/01\/Modulo2_1B-195x300.jpg 195w, https:\/\/www.foscarini.com\/wp-content\/uploads\/2024\/01\/Modulo2_1B-800x1228.jpg 800w, https:\/\/www.foscarini.com\/wp-content\/uploads\/2024\/01\/Modulo2_1B-667x1024.jpg 667w, https:\/\/www.foscarini.com\/wp-content\/uploads\/2024\/01\/Modulo2_1B-768x1179.jpg 768w, https:\/\/www.foscarini.com\/wp-content\/uploads\/2024\/01\/Modulo2_1B.jpg 864w\" alt=\"\" \/>\n                                                <\/div>\n                            <\/div>\n    <\/div>\n<\/section><section class=\"concept__designer full-height-vh bg-beige\">\n    <div class=\"row\">\n        <div class=\"medium-6 small-12 columns\">\n            <div class=\"info-designer\">\n                <span class=\"subtitle js-heading\">DESIGNER<\/span>\n                <div class=\"title-little js-heading\"><p>Lucidi Pevere<\/p>\n<\/div>\n                                    <img decoding=\"async\" class=\"photo-designer\" src=\"https:\/\/www.foscarini.com\/wp-content\/uploads\/2024\/01\/8.1_Aplomb.jpg\" alt=\"\" \/>\n                                <\/div>\n        <\/div>\n        <div class=\"medium-6 small-12 columns no-padding padding-mobile\">\n            <div class=\"text-4 js-heading\"><p>Les projets de Paolo Lucidi et Luca Pevere se distinguent par des r\u00e9f\u00e9rences culturelles soigneusement choisies, une attention m\u00e9ticuleuse aux d\u00e9tails et un engagement constant dans la recherche de nouvelles typologies de produits, explorant des mat\u00e9riaux et technologies in\u00e9dits.<\/p>\n<\/div>\n        <\/div>\n    <\/div>\n\n    <div class=\"swiper-container swiper__from_cols\">\n        <div class=\"swiper-wrapper col-2\">\n            <div class=\"swiper-slide\">\n                                    <img decoding=\"async\" class=\"full-cover\" src=\"https:\/\/www.foscarini.com\/wp-content\/uploads\/2024\/01\/8.3_Aplomb-150x150.jpg\" srcset=\"https:\/\/www.foscarini.com\/wp-content\/uploads\/2024\/01\/8.3_Aplomb-240x300.jpg 240w, https:\/\/www.foscarini.com\/wp-content\/uploads\/2024\/01\/8.3_Aplomb-800x999.jpg 800w, https:\/\/www.foscarini.com\/wp-content\/uploads\/2024\/01\/8.3_Aplomb-820x1024.jpg 820w, https:\/\/www.foscarini.com\/wp-content\/uploads\/2024\/01\/8.3_Aplomb-768x959.jpg 768w, https:\/\/www.foscarini.com\/wp-content\/uploads\/2024\/01\/8.3_Aplomb.jpg 1092w\" alt=\"\" \/>\n                                <\/div>\n            <div class=\"swiper-slide\">\n                <div class=\"ct-img\">\n                                            <img decoding=\"async\" src=\"https:\/\/www.foscarini.com\/wp-content\/uploads\/2024\/01\/8.4_Aplomb-150x150.jpg\" srcset=\"https:\/\/www.foscarini.com\/wp-content\/uploads\/2024\/01\/8.4_Aplomb-271x300.jpg 271w, https:\/\/www.foscarini.com\/wp-content\/uploads\/2024\/01\/8.4_Aplomb-800x885.jpg 800w, https:\/\/www.foscarini.com\/wp-content\/uploads\/2024\/01\/8.4_Aplomb-768x850.jpg 768w, https:\/\/www.foscarini.com\/wp-content\/uploads\/2024\/01\/8.4_Aplomb.jpg 864w\" alt=\"\" \/>\n                                                            <\/div>\n            <\/div>\n        <\/div>\n    <\/div>\n\n    <div class=\"show-mobile\">\n        <div class=\"row\">\n            <div class=\"small-12 columns\">\n                            <\/div>\n        <\/div>\n    <\/div>\n<\/section><section class=\"articolo-citazione reading-time\">\n    <div class=\"ct-block\">\n        <div class=\"text\"><p>&#8221; Aplomb est l\u2019un de ces projets qui ont marqu\u00e9 un tournant dans le d\u00e9veloppement de notre studio. Quinze ans apr\u00e8s sa premi\u00e8re pr\u00e9sentation au Fuorisalone de Milan, cette nouvelle version murale confirme sa long\u00e9vit\u00e9 et l\u2019appr\u00e9ciation constante du march\u00e9. &#8220;<\/p>\n<\/div>\n        <div class=\"cit\"><p>Paolo Lucidi e Luca Pevere<br \/>\n\/ Designer<\/p>\n<\/div>\n    <\/div>\n<\/section><section class=\"bg__subtitle_and_link_and_text bg-full\" style=\"background-image: url(https:\/\/www.foscarini.com\/wp-content\/uploads\/2024\/01\/9_Aplomb-scaled.jpg);\">\n    <div class=\"row full-height-vh\">\n        <div class=\"medium-6 medium-offset-6 small-12 columns\">\n            <span class=\"subtitle\">MAESTRIE \u2013 CIMENT<\/span>\n        <\/div>\n        <div class=\"medium-6 medium-offset-6 small-12 columns align-self-bottom\">\n            <div class=\"ct-text\">\n                <a class=\"link-arrow title-little \" href=\"https:\/\/www.foscarini.com\/fr\/maestrie\/ciment\/\"><h2>Artisanat et exp\u00e9rimentation<\/h2>\n<\/a>\n                <div class=\"text-2 js-heading\"><p>D\u00e9couvrez Maestrie, l&#8217;histoire du d\u00e9fi qui a fait na\u00eetre la lumi\u00e8re de l&#8217;opacit\u00e9 du ciment.<\/p>\n<\/div>\n            <\/div>\n        <\/div>\n    <\/div>\n<\/section><section class=\"world__menu_image\">\n\n    <div class=\"designer-desc-container\">\n                            <div class=\"title-medium js-heading\"><p>Nouvelles id\u00e9es lumineuses<\/p>\n<\/div>\n                       \n            <div class=\"text-2 js-heading\"><p>Au c\u0153ur du projet se trouve une r\u00e9interpr\u00e9tation contemporaine d\u2019un grand arch\u00e9type : le lustre, r\u00e9invent\u00e9 \u00e0 travers des visions de design audacieuses et singuli\u00e8res. L\u2019innovation na\u00eet \u00e9galement de l\u2019exp\u00e9rimentation de mat\u00e9riaux insolites, comme la lave en fusion, et d\u2019associations inattendues, telle que celle de la broderie de perles de verre avec la lumi\u00e8re.<\/p>\n<\/div>\n                <\/div>\n\n    \n    <div class=\"inner--stories menu \">\n                                <a href=\"https:\/\/www.foscarini.com\/fr\/mdw25-allumette\/\" class=\"menu__item\" data-image=\"https:\/\/www.foscarini.com\/wp-content\/uploads\/2025\/03\/ALLUMETTE-PREVIEW.png\">\n                            <span class=\"menu__item-text\"><span class=\"menu__item-textinner\">ALLUMETTE<\/span><\/span>\n                            <span class=\"menu__item-sub\">Francesca Lanzavecchia<\/span>\n                        <\/a>\n                                                <a href=\"https:\/\/www.foscarini.com\/fr\/mdw25-asteria\/\" class=\"menu__item\" data-image=\"https:\/\/www.foscarini.com\/wp-content\/uploads\/2025\/03\/ASTERIA-MULTI-PREVIEW.png\">\n                            <span class=\"menu__item-text\"><span class=\"menu__item-textinner\">ASTERIA<\/span><\/span>\n                            <span class=\"menu__item-sub\">Alberto + Francesco Meda<\/span>\n                        <\/a>\n                                                <a href=\"https:\/\/www.foscarini.com\/fr\/mdw25-tilia\/\" class=\"menu__item\" data-image=\"https:\/\/www.foscarini.com\/wp-content\/uploads\/2025\/03\/TILIA-PREVIEW.png\">\n                            <span class=\"menu__item-text\"><span class=\"menu__item-textinner\">TILIA<\/span><\/span>\n                            <span class=\"menu__item-sub\">Francesca Lanzavecchia<\/span>\n                        <\/a>\n                                                <a href=\"https:\/\/www.foscarini.com\/fr\/mdw25-etoile\/\" class=\"menu__item\" data-image=\"https:\/\/www.foscarini.com\/wp-content\/uploads\/2025\/03\/GRANDE-ETOILE-PREVIEW.png\">\n                            <span class=\"menu__item-text\"><span class=\"menu__item-textinner\">ETOILE<\/span><\/span>\n                            <span class=\"menu__item-sub\">Dordoni Studio<\/span>\n                        <\/a>\n                                                <a href=\"https:\/\/www.foscarini.com\/fr\/mdw25-eolie\/\" class=\"menu__item\" data-image=\"https:\/\/www.foscarini.com\/wp-content\/uploads\/2025\/03\/EOLIE-PREVIEW.png\">\n                            <span class=\"menu__item-text\"><span class=\"menu__item-textinner\">EOLIE<\/span><\/span>\n                            <span class=\"menu__item-sub\">Alberto +  Francesco Meda<\/span>\n                        <\/a>\n                                                <a href=\"https:\/\/www.foscarini.com\/fr\/mdw25-torche\/\" class=\"menu__item\" data-image=\"https:\/\/www.foscarini.com\/wp-content\/uploads\/2025\/03\/TORCHE-PREVIEW.png\">\n                            <span class=\"menu__item-text\"><span class=\"menu__item-textinner\">TORCHE<\/span><\/span>\n                            <span class=\"menu__item-sub\">Dordoni Studio<\/span>\n                        <\/a>\n                                                <a href=\"https:\/\/www.foscarini.com\/fr\/mdw25-habitus\/\" class=\"menu__item\" data-image=\"https:\/\/www.foscarini.com\/wp-content\/uploads\/2025\/03\/HABITUS-PREVIEW.png\">\n                            <span class=\"menu__item-text\"><span class=\"menu__item-textinner\">HABITUS<\/span><\/span>\n                            <span class=\"menu__item-sub\">Andrea Anastasio<\/span>\n                        <\/a>\n                                                <a href=\"https:\/\/www.foscarini.com\/fr\/mdw25-aplomb-wall\/\" class=\"menu__item\" data-image=\"https:\/\/www.foscarini.com\/wp-content\/uploads\/2025\/03\/APLOMB-PREVIEW.png\">\n                            <span class=\"menu__item-text\"><span class=\"menu__item-textinner\">APLOMB <\/span><\/span>\n                            <span class=\"menu__item-sub\">Lucidi Pevere<\/span>\n                        <\/a>\n                                                <a href=\"https:\/\/www.foscarini.com\/fr\/mdw25-fields\/\" class=\"menu__item\" data-image=\"https:\/\/www.foscarini.com\/wp-content\/uploads\/2025\/03\/FIELDS-PREVIEW-1.png\">\n                            <span class=\"menu__item-text\"><span class=\"menu__item-textinner\">FIELDS<\/span><\/span>\n                            <span class=\"menu__item-sub\">Garcia Cumini<\/span>\n                        <\/a>\n                            <\/div>\n<\/section><section class=\"world__book bg-beige\">\n    <div class=\"row\">\n        <div class=\"medium-8 small-12 columns\">\n            <div class=\"ct-text\">\n                <p class=\"subtitle js-heading\">BOOKLET NEWS 2025<\/p>\n                <div class=\"title-medium js-heading\"><p>7 nouvelles familles de produits, 2 versions revisit\u00e9es, 21 mod\u00e8les diff\u00e9rents, 6 designers, 1 nouvelle collaboration, 2 mat\u00e9riaux in\u00e9dits.<\/p>\n<\/div>\n                <div class=\"text-2 js-heading\"><\/div>\n                                    <div class=\"center-mobile\">\n                        <a class=\"link-bg \" href=\"https:\/\/cdn1.foscarini.com\/Catalogues\/Brochure-News-2025_Foscarini.pdf\" data-name=\"Brochure-News-2025_Foscarini.pdf\" download=\"\" target=\"_blank\">T\u00e9l\u00e9charger la brochure<\/a>\n                    <\/div>\n                            <\/div>\n        <\/div>\n        <div class=\"medium-4 small-12 columns\">\n            <div class=\"ct-text-right\">\n                                    <img decoding=\"async\" src=\"https:\/\/www.foscarini.com\/wp-content\/uploads\/2025\/03\/Brochure-news-salone-150x150.png\" srcset=\"https:\/\/www.foscarini.com\/wp-content\/uploads\/2025\/03\/Brochure-news-salone-257x300.png 257w, https:\/\/www.foscarini.com\/wp-content\/uploads\/2025\/03\/Brochure-news-salone.png 740w\" alt=\"\" \/>\n                                    <div class=\"text-2\"><\/div>\n\n                            <\/div>\n        <\/div>\n    <\/div>\n<\/section>","protected":false},"excerpt":{"rendered":"","protected":false},"author":10,"featured_media":0,"parent":0,"menu_order":0,"comment_status":"closed","ping_status":"closed","template":"","meta":{"_acf_changed":false,"footnotes":""},"class_list":["post-386020","page","type-page","status-publish","hentry"],"acf":{"preview_slider":{"titolo":"","testo":"","video_domanda":false,"link_video":""}},"yoast_head":"<!-- This site is optimized with the Yoast SEO Premium plugin v22.4 (Yoast SEO v23.7) - https:\/\/yoast.com\/wordpress\/plugins\/seo\/ -->\n<title>MDW25-Aplomb-wall - Foscarini<\/title>\n<meta name=\"robots\" content=\"index, follow, max-snippet:-1, max-image-preview:large, max-video-preview:-1\" \/>\n<meta property=\"og:locale\" content=\"fr_FR\" \/>\n<meta property=\"og:type\" content=\"article\" \/>\n<meta property=\"og:title\" content=\"MDW25-Aplomb-wall\" \/>\n<meta property=\"og:url\" content=\"https:\/\/www.foscarini.com\/fr\/mdw25-aplomb-wall\/\" \/>\n<meta property=\"og:site_name\" content=\"Foscarini\" \/>\n<meta property=\"article:modified_time\" content=\"2025-04-07T16:05:27+00:00\" \/>\n<meta name=\"twitter:card\" content=\"summary_large_image\" \/>\n<script type=\"application\/ld+json\" class=\"yoast-schema-graph\">{\"@context\":\"https:\/\/schema.org\",\"@graph\":[{\"@type\":\"WebPage\",\"@id\":\"https:\/\/www.foscarini.com\/fr\/mdw25-aplomb-wall\/\",\"url\":\"https:\/\/www.foscarini.com\/fr\/mdw25-aplomb-wall\/\",\"name\":\"MDW25-Aplomb-wall - Foscarini\",\"isPartOf\":{\"@id\":\"https:\/\/www.foscarini.com\/#website\"},\"datePublished\":\"2025-03-31T14:12:48+00:00\",\"dateModified\":\"2025-04-07T16:05:27+00:00\",\"breadcrumb\":{\"@id\":\"https:\/\/www.foscarini.com\/fr\/mdw25-aplomb-wall\/#breadcrumb\"},\"inLanguage\":\"fr-FR\",\"potentialAction\":[{\"@type\":\"ReadAction\",\"target\":[\"https:\/\/www.foscarini.com\/fr\/mdw25-aplomb-wall\/\"]}]},{\"@type\":\"BreadcrumbList\",\"@id\":\"https:\/\/www.foscarini.com\/fr\/mdw25-aplomb-wall\/#breadcrumb\",\"itemListElement\":[{\"@type\":\"ListItem\",\"position\":1,\"name\":\"Home\",\"item\":\"https:\/\/www.foscarini.com\/fr\/\"},{\"@type\":\"ListItem\",\"position\":2,\"name\":\"MDW25-Aplomb-wall\"}]},{\"@type\":\"WebSite\",\"@id\":\"https:\/\/www.foscarini.com\/#website\",\"url\":\"https:\/\/www.foscarini.com\/\",\"name\":\"Foscarini\",\"description\":\"\",\"potentialAction\":[{\"@type\":\"SearchAction\",\"target\":{\"@type\":\"EntryPoint\",\"urlTemplate\":\"https:\/\/www.foscarini.com\/?s={search_term_string}\"},\"query-input\":{\"@type\":\"PropertyValueSpecification\",\"valueRequired\":true,\"valueName\":\"search_term_string\"}}],\"inLanguage\":\"fr-FR\"}]}<\/script>\n<!-- \/ Yoast SEO Premium plugin. -->","yoast_head_json":{"title":"MDW25-Aplomb-wall - Foscarini","robots":{"index":"index","follow":"follow","max-snippet":"max-snippet:-1","max-image-preview":"max-image-preview:large","max-video-preview":"max-video-preview:-1"},"og_locale":"fr_FR","og_type":"article","og_title":"MDW25-Aplomb-wall","og_url":"https:\/\/www.foscarini.com\/fr\/mdw25-aplomb-wall\/","og_site_name":"Foscarini","article_modified_time":"2025-04-07T16:05:27+00:00","twitter_card":"summary_large_image","schema":{"@context":"https:\/\/schema.org","@graph":[{"@type":"WebPage","@id":"https:\/\/www.foscarini.com\/fr\/mdw25-aplomb-wall\/","url":"https:\/\/www.foscarini.com\/fr\/mdw25-aplomb-wall\/","name":"MDW25-Aplomb-wall - Foscarini","isPartOf":{"@id":"https:\/\/www.foscarini.com\/#website"},"datePublished":"2025-03-31T14:12:48+00:00","dateModified":"2025-04-07T16:05:27+00:00","breadcrumb":{"@id":"https:\/\/www.foscarini.com\/fr\/mdw25-aplomb-wall\/#breadcrumb"},"inLanguage":"fr-FR","potentialAction":[{"@type":"ReadAction","target":["https:\/\/www.foscarini.com\/fr\/mdw25-aplomb-wall\/"]}]},{"@type":"BreadcrumbList","@id":"https:\/\/www.foscarini.com\/fr\/mdw25-aplomb-wall\/#breadcrumb","itemListElement":[{"@type":"ListItem","position":1,"name":"Home","item":"https:\/\/www.foscarini.com\/fr\/"},{"@type":"ListItem","position":2,"name":"MDW25-Aplomb-wall"}]},{"@type":"WebSite","@id":"https:\/\/www.foscarini.com\/#website","url":"https:\/\/www.foscarini.com\/","name":"Foscarini","description":"","potentialAction":[{"@type":"SearchAction","target":{"@type":"EntryPoint","urlTemplate":"https:\/\/www.foscarini.com\/?s={search_term_string}"},"query-input":{"@type":"PropertyValueSpecification","valueRequired":true,"valueName":"search_term_string"}}],"inLanguage":"fr-FR"}]}},"_links":{"self":[{"href":"https:\/\/www.foscarini.com\/fr\/wp-json\/wp\/v2\/pages\/386020"}],"collection":[{"href":"https:\/\/www.foscarini.com\/fr\/wp-json\/wp\/v2\/pages"}],"about":[{"href":"https:\/\/www.foscarini.com\/fr\/wp-json\/wp\/v2\/types\/page"}],"author":[{"embeddable":true,"href":"https:\/\/www.foscarini.com\/fr\/wp-json\/wp\/v2\/users\/10"}],"replies":[{"embeddable":true,"href":"https:\/\/www.foscarini.com\/fr\/wp-json\/wp\/v2\/comments?post=386020"}],"version-history":[{"count":9,"href":"https:\/\/www.foscarini.com\/fr\/wp-json\/wp\/v2\/pages\/386020\/revisions"}],"predecessor-version":[{"id":386142,"href":"https:\/\/www.foscarini.com\/fr\/wp-json\/wp\/v2\/pages\/386020\/revisions\/386142"}],"wp:attachment":[{"href":"https:\/\/www.foscarini.com\/fr\/wp-json\/wp\/v2\/media?parent=386020"}],"curies":[{"name":"wp","href":"https:\/\/api.w.org\/{rel}","templated":true}]}}