{"id":33948,"date":"2023-11-10T15:59:58","date_gmt":"2023-11-10T15:59:58","guid":{"rendered":"https:\/\/www.foscarini.com\/guida-alle-fonti-luminose\/"},"modified":"2024-04-11T10:29:58","modified_gmt":"2024-04-11T10:29:58","slug":"guida-alle-fonti-luminose","status":"publish","type":"page","link":"https:\/\/www.foscarini.com\/fr\/guida-alle-fonti-luminose\/","title":{"rendered":"Guide des sources lumineuses"},"content":{"rendered":"","protected":false},"excerpt":{"rendered":"","protected":false},"author":1,"featured_media":0,"parent":0,"menu_order":0,"comment_status":"closed","ping_status":"closed","template":"template-custom\/tpl-customer-care.php","meta":{"_acf_changed":false,"footnotes":""},"class_list":["post-33948","page","type-page","status-publish","hentry"],"acf":{"customer_care":{"contatti_domanda":false,"testo_principale":"<h1>Guide des sources lumineuses<\/h1>\r\n","sezioni":[{"id":"#definizioni-base","testo":"<h2>D\u00e9finitions de base<\/h2>\r\n<strong>Lumen<\/strong>\r\nUnit\u00e9 de mesure du flux lumineux.\r\n\r\n<strong>Lux<\/strong>\r\nUnit\u00e9 de mesure de l'\u00e9clairement, en lumens par m\u00e8tre carr\u00e9.\r\n\r\n<strong>Watt<\/strong>\r\nExprime la quantit\u00e9 d'\u00e9nergie (puissance) absorb\u00e9e.\r\n\r\n<strong>Lumen\/Watt<\/strong>\r\nExprime l'efficacit\u00e9 de la source lumineuse : combien de lumens par watt ?\r\n"},{"id":"#temperatura-colore","testo":"<h2>Temp\u00e9rature de couleur (exprim\u00e9e en degr\u00e9s Kelvin)<\/h2>\r\n<div class=\"ct-kelvin\">\r\n    <strong>Tr\u00e8s chaud:<\/strong> &lt; 2700 K\r\n    <strong>Blanc chaud:<\/strong> 2700 - 3000 K\r\n    <strong>Blanc (naturel) froid:<\/strong> 3000 - 4000 K\r\n    <strong>Tr\u00e8s froid:<\/strong> &gt; 4000 K\r\n<\/div>\r\n"}]},"preview_slider":{"titolo":"","testo":"","video_domanda":false,"link_video":""}},"yoast_head":"<!-- This site is optimized with the Yoast SEO Premium plugin v22.4 (Yoast SEO v23.7) - https:\/\/yoast.com\/wordpress\/plugins\/seo\/ -->\n<title>Guide des sources lumineuses - Foscarini<\/title>\n<meta name=\"robots\" content=\"index, follow, max-snippet:-1, max-image-preview:large, max-video-preview:-1\" \/>\n<meta property=\"og:locale\" content=\"fr_FR\" \/>\n<meta property=\"og:type\" content=\"article\" \/>\n<meta property=\"og:title\" content=\"Guide des sources lumineuses\" \/>\n<meta property=\"og:url\" content=\"https:\/\/www.foscarini.com\/fr\/guida-alle-fonti-luminose\/\" \/>\n<meta property=\"og:site_name\" content=\"Foscarini\" \/>\n<meta property=\"article:modified_time\" content=\"2024-04-11T10:29:58+00:00\" \/>\n<meta name=\"twitter:card\" content=\"summary_large_image\" \/>\n<script type=\"application\/ld+json\" class=\"yoast-schema-graph\">{\"@context\":\"https:\/\/schema.org\",\"@graph\":[{\"@type\":\"WebPage\",\"@id\":\"https:\/\/www.foscarini.com\/fr\/guida-alle-fonti-luminose\/\",\"url\":\"https:\/\/www.foscarini.com\/fr\/guida-alle-fonti-luminose\/\",\"name\":\"Guide des sources lumineuses - Foscarini\",\"isPartOf\":{\"@id\":\"https:\/\/www.foscarini.com\/#website\"},\"datePublished\":\"2023-11-10T15:59:58+00:00\",\"dateModified\":\"2024-04-11T10:29:58+00:00\",\"breadcrumb\":{\"@id\":\"https:\/\/www.foscarini.com\/fr\/guida-alle-fonti-luminose\/#breadcrumb\"},\"inLanguage\":\"fr-FR\",\"potentialAction\":[{\"@type\":\"ReadAction\",\"target\":[\"https:\/\/www.foscarini.com\/fr\/guida-alle-fonti-luminose\/\"]}]},{\"@type\":\"BreadcrumbList\",\"@id\":\"https:\/\/www.foscarini.com\/fr\/guida-alle-fonti-luminose\/#breadcrumb\",\"itemListElement\":[{\"@type\":\"ListItem\",\"position\":1,\"name\":\"Home\",\"item\":\"https:\/\/www.foscarini.com\/fr\/\"},{\"@type\":\"ListItem\",\"position\":2,\"name\":\"Guide des sources lumineuses\"}]},{\"@type\":\"WebSite\",\"@id\":\"https:\/\/www.foscarini.com\/#website\",\"url\":\"https:\/\/www.foscarini.com\/\",\"name\":\"Foscarini\",\"description\":\"\",\"potentialAction\":[{\"@type\":\"SearchAction\",\"target\":{\"@type\":\"EntryPoint\",\"urlTemplate\":\"https:\/\/www.foscarini.com\/?s={search_term_string}\"},\"query-input\":{\"@type\":\"PropertyValueSpecification\",\"valueRequired\":true,\"valueName\":\"search_term_string\"}}],\"inLanguage\":\"fr-FR\"}]}<\/script>\n<!-- \/ Yoast SEO Premium plugin. -->","yoast_head_json":{"title":"Guide des sources lumineuses - Foscarini","robots":{"index":"index","follow":"follow","max-snippet":"max-snippet:-1","max-image-preview":"max-image-preview:large","max-video-preview":"max-video-preview:-1"},"og_locale":"fr_FR","og_type":"article","og_title":"Guide des sources lumineuses","og_url":"https:\/\/www.foscarini.com\/fr\/guida-alle-fonti-luminose\/","og_site_name":"Foscarini","article_modified_time":"2024-04-11T10:29:58+00:00","twitter_card":"summary_large_image","schema":{"@context":"https:\/\/schema.org","@graph":[{"@type":"WebPage","@id":"https:\/\/www.foscarini.com\/fr\/guida-alle-fonti-luminose\/","url":"https:\/\/www.foscarini.com\/fr\/guida-alle-fonti-luminose\/","name":"Guide des sources lumineuses - Foscarini","isPartOf":{"@id":"https:\/\/www.foscarini.com\/#website"},"datePublished":"2023-11-10T15:59:58+00:00","dateModified":"2024-04-11T10:29:58+00:00","breadcrumb":{"@id":"https:\/\/www.foscarini.com\/fr\/guida-alle-fonti-luminose\/#breadcrumb"},"inLanguage":"fr-FR","potentialAction":[{"@type":"ReadAction","target":["https:\/\/www.foscarini.com\/fr\/guida-alle-fonti-luminose\/"]}]},{"@type":"BreadcrumbList","@id":"https:\/\/www.foscarini.com\/fr\/guida-alle-fonti-luminose\/#breadcrumb","itemListElement":[{"@type":"ListItem","position":1,"name":"Home","item":"https:\/\/www.foscarini.com\/fr\/"},{"@type":"ListItem","position":2,"name":"Guide des sources lumineuses"}]},{"@type":"WebSite","@id":"https:\/\/www.foscarini.com\/#website","url":"https:\/\/www.foscarini.com\/","name":"Foscarini","description":"","potentialAction":[{"@type":"SearchAction","target":{"@type":"EntryPoint","urlTemplate":"https:\/\/www.foscarini.com\/?s={search_term_string}"},"query-input":{"@type":"PropertyValueSpecification","valueRequired":true,"valueName":"search_term_string"}}],"inLanguage":"fr-FR"}]}},"_links":{"self":[{"href":"https:\/\/www.foscarini.com\/fr\/wp-json\/wp\/v2\/pages\/33948"}],"collection":[{"href":"https:\/\/www.foscarini.com\/fr\/wp-json\/wp\/v2\/pages"}],"about":[{"href":"https:\/\/www.foscarini.com\/fr\/wp-json\/wp\/v2\/types\/page"}],"author":[{"embeddable":true,"href":"https:\/\/www.foscarini.com\/fr\/wp-json\/wp\/v2\/users\/1"}],"replies":[{"embeddable":true,"href":"https:\/\/www.foscarini.com\/fr\/wp-json\/wp\/v2\/comments?post=33948"}],"version-history":[{"count":4,"href":"https:\/\/www.foscarini.com\/fr\/wp-json\/wp\/v2\/pages\/33948\/revisions"}],"predecessor-version":[{"id":236408,"href":"https:\/\/www.foscarini.com\/fr\/wp-json\/wp\/v2\/pages\/33948\/revisions\/236408"}],"wp:attachment":[{"href":"https:\/\/www.foscarini.com\/fr\/wp-json\/wp\/v2\/media?parent=33948"}],"curies":[{"name":"wp","href":"https:\/\/api.w.org\/{rel}","templated":true}]}}