{"id":28271,"date":"2024-01-17T11:31:04","date_gmt":"2024-01-17T11:31:04","guid":{"rendered":"https:\/\/www.foscarini.com\/non-si-puo-fare\/"},"modified":"2024-02-23T11:44:39","modified_gmt":"2024-02-23T11:44:39","slug":"pas-faisable","status":"publish","type":"page","link":"https:\/\/www.foscarini.com\/fr\/pas-faisable\/","title":{"rendered":"Pas faisable"},"content":{"rendered":"<section class=\"two_cols__link_and_image full-height-vh \">\n    <div class=\"row row-large \">\n        <div class=\"medium-4 small-12 columns full-height relative col-1\">\n            <div class=\"ct-text\">\n                <span class=\"subtitle js-heading\"><\/span>\n                <div class=\"ct-link\">\n                                        <a class=\"link-arrow title-big js-heading no-link\" href=\"\"><h1>Pas faisable<\/h1>\n<\/a>\n                    <div class=\"text-1 js-heading\"><p>de: Carlo Urbinati<\/p>\n<\/div>\n                                    <\/div>\n                <div class=\"join-line\"><\/div>            <\/div>\n        <\/div>\n        <div class=\"medium-8 small-12 columns full-height col-2 no-padding-right-mobile\">\n                                                    <img decoding=\"async\" class=\"full-cover\" src=\"https:\/\/www.foscarini.com\/wp-content\/uploads\/2024\/01\/Modulo1_Non-si-puo-fare-Urbinati-150x150.jpg\" srcset=\"https:\/\/www.foscarini.com\/wp-content\/uploads\/2024\/01\/Modulo1_Non-si-puo-fare-Urbinati-300x224.jpg 300w, https:\/\/www.foscarini.com\/wp-content\/uploads\/2024\/01\/Modulo1_Non-si-puo-fare-Urbinati-800x597.jpg 800w, https:\/\/www.foscarini.com\/wp-content\/uploads\/2024\/01\/Modulo1_Non-si-puo-fare-Urbinati-1024x765.jpg 1024w, https:\/\/www.foscarini.com\/wp-content\/uploads\/2024\/01\/Modulo1_Non-si-puo-fare-Urbinati-768x573.jpg 768w, https:\/\/www.foscarini.com\/wp-content\/uploads\/2024\/01\/Modulo1_Non-si-puo-fare-Urbinati-1536x1147.jpg 1536w, https:\/\/www.foscarini.com\/wp-content\/uploads\/2024\/01\/Modulo1_Non-si-puo-fare-Urbinati.jpg 1776w\" alt=\"\" \/>\n                                            <\/div>\n    <\/div>\n<\/section><section class=\"world__menu_image world_text\">\n    <div class=\"designer-desc-container\">\n        <span class=\"subtitle js-heading\"><\/span>\n        <div class=\"title-medium js-heading\"><h2>Foscarini r\u00e9alise des id\u00e9es de design et de lumi\u00e8re, des id\u00e9es qui naissent d\u2019une libert\u00e9 de recherche, d\u2019expression et de d\u00e9veloppement, sans aucune contrainte de production.<\/h2>\n<\/div>\n        <div class=\"text-2 js-heading\"><p>En effet, Foscarini a toujours \u00e9t\u00e9 une entreprise sans usine, libre donc d\u2019explorer des mat\u00e9riaux et des techniques de production adapt\u00e9es pour d\u00e9velopper de nouvelles id\u00e9es, gr\u00e2ce \u00e0 l\u2019appui fourni par l\u2019artisanat d\u2019excellence pr\u00e9sent sur son territoire. Lors de la pr\u00e9sentation de certains projets, il arrive que l\u2019on nous r\u00e9ponde sur un ton p\u00e9remptoire : \u00ab ce n\u2019est pas faisable ! \u00bb. Pour nous de chez Foscarini, cela signifie que nous sommes sur la bonne voie, parce que nous avons appris que cette phrase signifie en r\u00e9alit\u00e9 : \u00ab on n\u2019a jamais fait \u00e7a ! \u00bb. Ne connaissant pas les motifs de cette r\u00e9ponse, nous nous mettons \u00e0 exp\u00e9rimenter avec eux les opportunit\u00e9s, les secrets et les pi\u00e8ges de techniques anciennes ou r\u00e9centes. \u00c0 travers les photos de Gianluca Vassallo et les contributions critiques de deux experts, Stefano Micelli, \u00e9conomiste et Manolo de Giorgi, critique de design, ce livre raconte le parcours de quelquesunes de ces id\u00e9es, devenues aujourd\u2019hui des produits de succ\u00e8s, et illustre la rencontre entre Foscarini, les designers et les excellences artisanales, v\u00e9ritable tr\u00e9sor du design italien \u00ab Made in Italy \u00bb. Nous sommes toujours fascin\u00e9s par tout ce que l\u2019on r\u00e9ussit \u00e0 faire avec les mains et par le fait que l\u2019on oublie trop souvent \u00e0 quel point elles sont attirantes et importantes.<\/p>\n<\/div>\n    <\/div>\n<\/section><div class=\"wp-block-group two_cols_image two_cols_image_reverse\"><div class=\"wp-block-group__inner-container is-layout-constrained wp-block-group-is-layout-constrained\"><div class=\"wp-block-columns is-layout-flex wp-container-core-columns-is-layout-1 wp-block-columns-is-layout-flex\"><div class=\"wp-block-column second_column is-layout-flow wp-block-column-is-layout-flow\"><div class=\"wp-block-getwid-image-hotspot\" data-appearance-animation=\"none\" data-image-points=\"[]\" data-trigger=\"click\" data-theme=\"light\" data-tooltip-animation=\"shift-toward\" data-arrow=\"true\"><div class=\"wp-block-getwid-image-hotspot__wrapper\"><img loading=\"lazy\" decoding=\"async\" width=\"864\" height=\"922\" src=\"http:\/\/www.foscarini.com\/wp-content\/uploads\/2024\/01\/Foto_2_Non-si-puo-fare-Urbinati-2.jpg\" alt=\"\" class=\"wp-block-getwid-image-hotspot__image wp-image-12199\" srcset=\"https:\/\/www.foscarini.com\/wp-content\/uploads\/2024\/01\/Foto_2_Non-si-puo-fare-Urbinati-2.jpg 864w, https:\/\/www.foscarini.com\/wp-content\/uploads\/2024\/01\/Foto_2_Non-si-puo-fare-Urbinati-2-800x854.jpg 800w, https:\/\/www.foscarini.com\/wp-content\/uploads\/2024\/01\/Foto_2_Non-si-puo-fare-Urbinati-2-281x300.jpg 281w, https:\/\/www.foscarini.com\/wp-content\/uploads\/2024\/01\/Foto_2_Non-si-puo-fare-Urbinati-2-768x820.jpg 768w\" sizes=\"(max-width: 864px) 100vw, 864px\" \/><\/div><\/div><\/div>\n\n<div class=\"wp-block-column is-layout-flow wp-block-column-is-layout-flow\"><div class=\"wp-block-getwid-image-hotspot\" data-appearance-animation=\"none\" data-image-points=\"[]\" data-trigger=\"click\" data-theme=\"light\" data-tooltip-animation=\"shift-toward\" data-arrow=\"true\"><div class=\"wp-block-getwid-image-hotspot__wrapper\"><img loading=\"lazy\" decoding=\"async\" width=\"1440\" height=\"1600\" src=\"http:\/\/www.foscarini.com\/wp-content\/uploads\/2024\/01\/Foto_3_Non-si-puo-fare-Urbinati.jpg\" alt=\"\" class=\"wp-block-getwid-image-hotspot__image wp-image-12206\" srcset=\"https:\/\/www.foscarini.com\/wp-content\/uploads\/2024\/01\/Foto_3_Non-si-puo-fare-Urbinati.jpg 1440w, https:\/\/www.foscarini.com\/wp-content\/uploads\/2024\/01\/Foto_3_Non-si-puo-fare-Urbinati-800x889.jpg 800w, https:\/\/www.foscarini.com\/wp-content\/uploads\/2024\/01\/Foto_3_Non-si-puo-fare-Urbinati-270x300.jpg 270w, https:\/\/www.foscarini.com\/wp-content\/uploads\/2024\/01\/Foto_3_Non-si-puo-fare-Urbinati-922x1024.jpg 922w, https:\/\/www.foscarini.com\/wp-content\/uploads\/2024\/01\/Foto_3_Non-si-puo-fare-Urbinati-768x853.jpg 768w, https:\/\/www.foscarini.com\/wp-content\/uploads\/2024\/01\/Foto_3_Non-si-puo-fare-Urbinati-1382x1536.jpg 1382w\" sizes=\"(max-width: 1440px) 100vw, 1440px\" \/><\/div><\/div><\/div><\/div><\/div><\/div><section class=\"world__menu_image\">\n\n    <div class=\"designer-desc-container\">\n                            <div class=\"title-medium js-heading\"><p>Approfodissements<\/p>\n<\/div>\n                        <\/div>\n\n    \n    <div class=\"inner--stories menu \">\n                                <a href=\"https:\/\/www.foscarini.com\/fr\/non-si-puo-fare\/\" class=\"menu__item\" data-image=\"https:\/\/www.foscarini.com\/wp-content\/uploads\/2024\/01\/Modulo1_Non-si-puo-fare-Urbinati.jpg\">\n                            <span class=\"menu__item-text\"><span class=\"menu__item-textinner\">Pas faisable<\/span><\/span>\n                            <span class=\"menu__item-sub\">De carlo urbinati<\/span>\n                        <\/a>\n                                                <a href=\"https:\/\/www.foscarini.com\/fr\/fare-design\/\" class=\"menu__item\" data-image=\"https:\/\/www.foscarini.com\/wp-content\/uploads\/2024\/01\/Modulo_1_fare-design-micelli.jpg\">\n                            <span class=\"menu__item-text\"><span class=\"menu__item-textinner\">Faire le design<\/span><\/span>\n                            <span class=\"menu__item-sub\">De Stefano Micelli<\/span>\n                        <\/a>\n                                                <a href=\"https:\/\/www.foscarini.com\/fr\/la-dimensione-nascosta\/\" class=\"menu__item\" data-image=\"https:\/\/www.foscarini.com\/wp-content\/uploads\/2024\/01\/Modulo_1_la-dimensione-nascosta-de-giorgi.jpg\">\n                            <span class=\"menu__item-text\"><span class=\"menu__item-textinner\">La dimension cach\u00e9e<\/span><\/span>\n                            <span class=\"menu__item-sub\">De Manolo De Giorgi<\/span>\n                        <\/a>\n                                                <a href=\"https:\/\/www.foscarini.com\/fr\/mani-nere\/\" class=\"menu__item\" data-image=\"https:\/\/www.foscarini.com\/wp-content\/uploads\/2024\/01\/MODULO1_MANI-NERE-VASSALLO.jpg\">\n                            <span class=\"menu__item-text\"><span class=\"menu__item-textinner\">Mains noires<\/span><\/span>\n                            <span class=\"menu__item-sub\">De Gianluca Vassallo<\/span>\n                        <\/a>\n                                                <a href=\"https:\/\/www.foscarini.com\/fr\/visioni-istantanee\/\" class=\"menu__item\" data-image=\"https:\/\/www.foscarini.com\/wp-content\/uploads\/2024\/01\/1_2_Mite.jpg\">\n                            <span class=\"menu__item-text\"><span class=\"menu__item-textinner\">Visions instantan\u00e9es<\/span><\/span>\n                            <span class=\"menu__item-sub\">De Massimo Gardone<\/span>\n                        <\/a>\n                            <\/div>\n<\/section>","protected":false},"excerpt":{"rendered":"","protected":false},"author":1,"featured_media":12195,"parent":0,"menu_order":0,"comment_status":"closed","ping_status":"closed","template":"","meta":{"_acf_changed":false,"footnotes":""},"class_list":["post-28271","page","type-page","status-publish","has-post-thumbnail","hentry"],"acf":{"preview_slider":{"titolo":"Pas faisable","testo":"Foscarini r\u00e9alise des id\u00e9es de design et de lumi\u00e8re, des id\u00e9es qui naissent d\u2019une libert\u00e9 de recherche, d\u2019expression et de d\u00e9veloppement, sans aucune contrainte de production.","video_domanda":false,"link_video":""}},"yoast_head":"<!-- This site is optimized with the Yoast SEO Premium plugin v22.4 (Yoast SEO v23.7) - https:\/\/yoast.com\/wordpress\/plugins\/seo\/ -->\n<title>Pas faisable - Foscarini<\/title>\n<meta name=\"robots\" content=\"index, follow, max-snippet:-1, max-image-preview:large, max-video-preview:-1\" \/>\n<meta property=\"og:locale\" content=\"fr_FR\" \/>\n<meta property=\"og:type\" content=\"article\" \/>\n<meta property=\"og:title\" content=\"Pas faisable\" \/>\n<meta property=\"og:url\" content=\"https:\/\/www.foscarini.com\/non-si-puo-fare\/\" \/>\n<meta property=\"og:site_name\" content=\"Foscarini\" \/>\n<meta property=\"article:modified_time\" content=\"2024-02-23T11:44:39+00:00\" \/>\n<meta property=\"og:image\" content=\"https:\/\/www.foscarini.com\/wp-content\/uploads\/2024\/01\/Modulo1_Non-si-puo-fare-Urbinati.jpg\" \/>\n\t<meta property=\"og:image:width\" content=\"1776\" \/>\n\t<meta property=\"og:image:height\" content=\"1326\" \/>\n\t<meta property=\"og:image:type\" content=\"image\/jpeg\" \/>\n<meta name=\"twitter:card\" content=\"summary_large_image\" \/>\n<meta name=\"twitter:label1\" content=\"Dur\u00e9e de lecture estim\u00e9e\" \/>\n\t<meta name=\"twitter:data1\" content=\"1 minute\" \/>\n<script type=\"application\/ld+json\" class=\"yoast-schema-graph\">{\"@context\":\"https:\/\/schema.org\",\"@graph\":[{\"@type\":\"WebPage\",\"@id\":\"https:\/\/www.foscarini.com\/non-si-puo-fare\/\",\"url\":\"https:\/\/www.foscarini.com\/non-si-puo-fare\/\",\"name\":\"Pas faisable - Foscarini\",\"isPartOf\":{\"@id\":\"https:\/\/www.foscarini.com\/#website\"},\"primaryImageOfPage\":{\"@id\":\"https:\/\/www.foscarini.com\/non-si-puo-fare\/#primaryimage\"},\"image\":{\"@id\":\"https:\/\/www.foscarini.com\/non-si-puo-fare\/#primaryimage\"},\"thumbnailUrl\":\"https:\/\/www.foscarini.com\/wp-content\/uploads\/2024\/01\/Modulo1_Non-si-puo-fare-Urbinati.jpg\",\"datePublished\":\"2024-01-17T11:31:04+00:00\",\"dateModified\":\"2024-02-23T11:44:39+00:00\",\"breadcrumb\":{\"@id\":\"https:\/\/www.foscarini.com\/non-si-puo-fare\/#breadcrumb\"},\"inLanguage\":\"fr-FR\",\"potentialAction\":[{\"@type\":\"ReadAction\",\"target\":[\"https:\/\/www.foscarini.com\/non-si-puo-fare\/\"]}]},{\"@type\":\"ImageObject\",\"inLanguage\":\"fr-FR\",\"@id\":\"https:\/\/www.foscarini.com\/non-si-puo-fare\/#primaryimage\",\"url\":\"https:\/\/www.foscarini.com\/wp-content\/uploads\/2024\/01\/Modulo1_Non-si-puo-fare-Urbinati.jpg\",\"contentUrl\":\"https:\/\/www.foscarini.com\/wp-content\/uploads\/2024\/01\/Modulo1_Non-si-puo-fare-Urbinati.jpg\",\"width\":1776,\"height\":1326},{\"@type\":\"BreadcrumbList\",\"@id\":\"https:\/\/www.foscarini.com\/non-si-puo-fare\/#breadcrumb\",\"itemListElement\":[{\"@type\":\"ListItem\",\"position\":1,\"name\":\"Home\",\"item\":\"https:\/\/www.foscarini.com\/fr\/\"},{\"@type\":\"ListItem\",\"position\":2,\"name\":\"Pas faisable\"}]},{\"@type\":\"WebSite\",\"@id\":\"https:\/\/www.foscarini.com\/#website\",\"url\":\"https:\/\/www.foscarini.com\/\",\"name\":\"Foscarini\",\"description\":\"\",\"potentialAction\":[{\"@type\":\"SearchAction\",\"target\":{\"@type\":\"EntryPoint\",\"urlTemplate\":\"https:\/\/www.foscarini.com\/?s={search_term_string}\"},\"query-input\":{\"@type\":\"PropertyValueSpecification\",\"valueRequired\":true,\"valueName\":\"search_term_string\"}}],\"inLanguage\":\"fr-FR\"}]}<\/script>\n<!-- \/ Yoast SEO Premium plugin. -->","yoast_head_json":{"title":"Pas faisable - Foscarini","robots":{"index":"index","follow":"follow","max-snippet":"max-snippet:-1","max-image-preview":"max-image-preview:large","max-video-preview":"max-video-preview:-1"},"og_locale":"fr_FR","og_type":"article","og_title":"Pas faisable","og_url":"https:\/\/www.foscarini.com\/non-si-puo-fare\/","og_site_name":"Foscarini","article_modified_time":"2024-02-23T11:44:39+00:00","og_image":[{"width":1776,"height":1326,"url":"https:\/\/www.foscarini.com\/wp-content\/uploads\/2024\/01\/Modulo1_Non-si-puo-fare-Urbinati.jpg","type":"image\/jpeg"}],"twitter_card":"summary_large_image","twitter_misc":{"Dur\u00e9e de lecture estim\u00e9e":"1 minute"},"schema":{"@context":"https:\/\/schema.org","@graph":[{"@type":"WebPage","@id":"https:\/\/www.foscarini.com\/non-si-puo-fare\/","url":"https:\/\/www.foscarini.com\/non-si-puo-fare\/","name":"Pas faisable - Foscarini","isPartOf":{"@id":"https:\/\/www.foscarini.com\/#website"},"primaryImageOfPage":{"@id":"https:\/\/www.foscarini.com\/non-si-puo-fare\/#primaryimage"},"image":{"@id":"https:\/\/www.foscarini.com\/non-si-puo-fare\/#primaryimage"},"thumbnailUrl":"https:\/\/www.foscarini.com\/wp-content\/uploads\/2024\/01\/Modulo1_Non-si-puo-fare-Urbinati.jpg","datePublished":"2024-01-17T11:31:04+00:00","dateModified":"2024-02-23T11:44:39+00:00","breadcrumb":{"@id":"https:\/\/www.foscarini.com\/non-si-puo-fare\/#breadcrumb"},"inLanguage":"fr-FR","potentialAction":[{"@type":"ReadAction","target":["https:\/\/www.foscarini.com\/non-si-puo-fare\/"]}]},{"@type":"ImageObject","inLanguage":"fr-FR","@id":"https:\/\/www.foscarini.com\/non-si-puo-fare\/#primaryimage","url":"https:\/\/www.foscarini.com\/wp-content\/uploads\/2024\/01\/Modulo1_Non-si-puo-fare-Urbinati.jpg","contentUrl":"https:\/\/www.foscarini.com\/wp-content\/uploads\/2024\/01\/Modulo1_Non-si-puo-fare-Urbinati.jpg","width":1776,"height":1326},{"@type":"BreadcrumbList","@id":"https:\/\/www.foscarini.com\/non-si-puo-fare\/#breadcrumb","itemListElement":[{"@type":"ListItem","position":1,"name":"Home","item":"https:\/\/www.foscarini.com\/fr\/"},{"@type":"ListItem","position":2,"name":"Pas faisable"}]},{"@type":"WebSite","@id":"https:\/\/www.foscarini.com\/#website","url":"https:\/\/www.foscarini.com\/","name":"Foscarini","description":"","potentialAction":[{"@type":"SearchAction","target":{"@type":"EntryPoint","urlTemplate":"https:\/\/www.foscarini.com\/?s={search_term_string}"},"query-input":{"@type":"PropertyValueSpecification","valueRequired":true,"valueName":"search_term_string"}}],"inLanguage":"fr-FR"}]}},"_links":{"self":[{"href":"https:\/\/www.foscarini.com\/fr\/wp-json\/wp\/v2\/pages\/28271"}],"collection":[{"href":"https:\/\/www.foscarini.com\/fr\/wp-json\/wp\/v2\/pages"}],"about":[{"href":"https:\/\/www.foscarini.com\/fr\/wp-json\/wp\/v2\/types\/page"}],"author":[{"embeddable":true,"href":"https:\/\/www.foscarini.com\/fr\/wp-json\/wp\/v2\/users\/1"}],"replies":[{"embeddable":true,"href":"https:\/\/www.foscarini.com\/fr\/wp-json\/wp\/v2\/comments?post=28271"}],"version-history":[{"count":4,"href":"https:\/\/www.foscarini.com\/fr\/wp-json\/wp\/v2\/pages\/28271\/revisions"}],"predecessor-version":[{"id":29342,"href":"https:\/\/www.foscarini.com\/fr\/wp-json\/wp\/v2\/pages\/28271\/revisions\/29342"}],"wp:featuredmedia":[{"embeddable":true,"href":"https:\/\/www.foscarini.com\/fr\/wp-json\/wp\/v2\/media\/12195"}],"wp:attachment":[{"href":"https:\/\/www.foscarini.com\/fr\/wp-json\/wp\/v2\/media?parent=28271"}],"curies":[{"name":"wp","href":"https:\/\/api.w.org\/{rel}","templated":true}]}}