{"id":28058,"date":"2024-01-17T16:11:52","date_gmt":"2024-01-17T16:11:52","guid":{"rendered":"https:\/\/www.foscarini.com\/mani-nere\/"},"modified":"2024-02-23T14:26:05","modified_gmt":"2024-02-23T14:26:05","slug":"mains-noires","status":"publish","type":"page","link":"https:\/\/www.foscarini.com\/fr\/mains-noires\/","title":{"rendered":"Mains noires"},"content":{"rendered":"<section class=\"two_cols__link_and_image full-height-vh \">\n    <div class=\"row row-large \">\n        <div class=\"medium-4 small-12 columns full-height relative col-1\">\n            <div class=\"ct-text\">\n                <span class=\"subtitle js-heading\"><\/span>\n                <div class=\"ct-link\">\n                                        <a class=\"link-arrow title-big js-heading no-link\" href=\"\"><h1>Mains noires<\/h1>\n<\/a>\n                    <div class=\"text-1 js-heading\"><p>de: Gianluca Vassallo<\/p>\n<\/div>\n                                    <\/div>\n                <div class=\"join-line\"><\/div>            <\/div>\n        <\/div>\n        <div class=\"medium-8 small-12 columns full-height col-2 no-padding-right-mobile\">\n                                                    <img decoding=\"async\" class=\"full-cover\" src=\"https:\/\/www.foscarini.com\/wp-content\/uploads\/2024\/01\/MODULO1_MANI-NERE-VASSALLO-150x150.jpg\" srcset=\"https:\/\/www.foscarini.com\/wp-content\/uploads\/2024\/01\/MODULO1_MANI-NERE-VASSALLO-300x224.jpg 300w, https:\/\/www.foscarini.com\/wp-content\/uploads\/2024\/01\/MODULO1_MANI-NERE-VASSALLO-800x597.jpg 800w, https:\/\/www.foscarini.com\/wp-content\/uploads\/2024\/01\/MODULO1_MANI-NERE-VASSALLO-1024x765.jpg 1024w, https:\/\/www.foscarini.com\/wp-content\/uploads\/2024\/01\/MODULO1_MANI-NERE-VASSALLO-768x573.jpg 768w, https:\/\/www.foscarini.com\/wp-content\/uploads\/2024\/01\/MODULO1_MANI-NERE-VASSALLO-1536x1147.jpg 1536w, https:\/\/www.foscarini.com\/wp-content\/uploads\/2024\/01\/MODULO1_MANI-NERE-VASSALLO.jpg 1776w\" alt=\"\" \/>\n                                            <\/div>\n    <\/div>\n<\/section><section class=\"world__menu_image world_text\">\n    <div class=\"designer-desc-container\">\n        <span class=\"subtitle js-heading\"><\/span>\n        <div class=\"title-medium js-heading\"><h2>Je me rappelle mon p\u00e8re lorsque j&#8217;\u00e9tais enfant, qui \u00e9tait pench\u00e9 sur l&#8217;\u00e9tabli d&#8217;orf\u00e8vre, dans la froideur d&#8217;une lumi\u00e8re au n\u00e9on qui inondait ses mains \u00e9normes.<\/h2>\n<\/div>\n        <div class=\"text-2 js-heading\"><p>Et ces mains je les revoie toutes les deux noires, de vieille r\u00e9sine, avec l&#8217;une qui tenait et l&#8217;autre qui brossait un minuscule c\u0153ur assombri par la flamme. Je me souviens de moi regardant mon p\u00e8re entour\u00e9 des images pieuses de ma grand-m\u00e8re, accroch\u00e9es au m\u00eame clou que le calendrier des Carabinieri, et je me souviens qu&#8217;elles \u00e9taient \u00e0 c\u00f4t\u00e9 des photos de Maradona, au-dessus de celle de ma s\u0153ur enfant, qu&#8217;elles enduraient le son de la brosse, l&#8217;odeur de l&#8217;acide, les d\u00e9sirs de ma m\u00e8re. Je me souviens de ce c\u0153ur \u00e9puis\u00e9 par la volont\u00e9, qui c\u00e9dait un peu plus \u00e0 chaque coup, pour resplendir d&#8217;or, entre les mains noires de maestria. C&#8217;est ainsi que j&#8217;ai photographi\u00e9 l&#8217;action patiente de ces \u00e2mes attentives, de ces hommes minutieux, les lieux de leur peine, les signes stratifi\u00e9s, en cherchant dans leurs mains \u00e9normes le c\u0153ur qui, un geste apr\u00e8s l&#8217;autre, les illumine de dignit\u00e9. Les mains de mon p\u00e8re qui, sans l&#8217;avoir jamais vu, sans les mots pour le faire, m&#8217;a enseign\u00e9 ce jour \u00e0 m&#8217;\u00e9tonner du monde.<\/p>\n<\/div>\n    <\/div>\n<\/section><section class=\"two_cols__link_and_image full-height-vh \">\n    <div class=\"row row-large invert\">\n        <div class=\"medium-4 small-12 columns full-height relative col-1\">\n            <div class=\"ct-text\">\n                <span class=\"subtitle js-heading\"><\/span>\n                <div class=\"ct-link\">\n                                        <a class=\"link-arrow title-little js-heading no-link\" href=\"\"><\/a>\n                    <div class=\"text-1 js-heading\"><\/div>\n                                    <\/div>\n                            <\/div>\n        <\/div>\n        <div class=\"medium-8 small-12 columns full-height col-2 no-padding-right-mobile\">\n                                                    <img decoding=\"async\" class=\"full-cover\" src=\"https:\/\/www.foscarini.com\/wp-content\/uploads\/2024\/01\/FOTO_2_MANI-NERE-VASSALLO-150x150.jpg\" srcset=\"https:\/\/www.foscarini.com\/wp-content\/uploads\/2024\/01\/FOTO_2_MANI-NERE-VASSALLO-300x183.jpg 300w, https:\/\/www.foscarini.com\/wp-content\/uploads\/2024\/01\/FOTO_2_MANI-NERE-VASSALLO-800x488.jpg 800w, https:\/\/www.foscarini.com\/wp-content\/uploads\/2024\/01\/FOTO_2_MANI-NERE-VASSALLO-1024x624.jpg 1024w, https:\/\/www.foscarini.com\/wp-content\/uploads\/2024\/01\/FOTO_2_MANI-NERE-VASSALLO-768x468.jpg 768w, https:\/\/www.foscarini.com\/wp-content\/uploads\/2024\/01\/FOTO_2_MANI-NERE-VASSALLO-1536x936.jpg 1536w, https:\/\/www.foscarini.com\/wp-content\/uploads\/2024\/01\/FOTO_2_MANI-NERE-VASSALLO-2048x1248.jpg 2048w\" alt=\"\" \/>\n                                            <\/div>\n    <\/div>\n<\/section><div class=\"wp-block-group two_cols_image two_cols_image_reverse\"><div class=\"wp-block-group__inner-container is-layout-constrained wp-block-group-is-layout-constrained\"><div class=\"wp-block-columns is-layout-flex wp-container-core-columns-is-layout-1 wp-block-columns-is-layout-flex\"><div class=\"wp-block-column second_column is-layout-flow wp-block-column-is-layout-flow\"><div class=\"wp-block-getwid-image-hotspot\" data-appearance-animation=\"none\" data-image-points=\"[]\" data-trigger=\"click\" data-theme=\"light\" data-tooltip-animation=\"shift-toward\" data-arrow=\"true\"><div class=\"wp-block-getwid-image-hotspot__wrapper\"><img loading=\"lazy\" decoding=\"async\" width=\"864\" height=\"922\" src=\"http:\/\/www.foscarini.com\/wp-content\/uploads\/2024\/01\/FOTO_3_MANI-NERE-VASSALLO.jpg\" alt=\"\" class=\"wp-block-getwid-image-hotspot__image wp-image-12426\" srcset=\"https:\/\/www.foscarini.com\/wp-content\/uploads\/2024\/01\/FOTO_3_MANI-NERE-VASSALLO.jpg 864w, https:\/\/www.foscarini.com\/wp-content\/uploads\/2024\/01\/FOTO_3_MANI-NERE-VASSALLO-800x854.jpg 800w, https:\/\/www.foscarini.com\/wp-content\/uploads\/2024\/01\/FOTO_3_MANI-NERE-VASSALLO-281x300.jpg 281w, https:\/\/www.foscarini.com\/wp-content\/uploads\/2024\/01\/FOTO_3_MANI-NERE-VASSALLO-768x820.jpg 768w\" sizes=\"(max-width: 864px) 100vw, 864px\" \/><\/div><\/div><\/div>\n\n<div class=\"wp-block-column is-layout-flow wp-block-column-is-layout-flow\"><div class=\"wp-block-getwid-image-hotspot\" data-appearance-animation=\"none\" data-image-points=\"[]\" data-trigger=\"click\" data-theme=\"light\" data-tooltip-animation=\"shift-toward\" data-arrow=\"true\"><div class=\"wp-block-getwid-image-hotspot__wrapper\"><img loading=\"lazy\" decoding=\"async\" width=\"1440\" height=\"1600\" src=\"http:\/\/www.foscarini.com\/wp-content\/uploads\/2024\/01\/FOTO_4_MANI-NERE-VASSALLO.jpg\" alt=\"\" class=\"wp-block-getwid-image-hotspot__image wp-image-12433\" srcset=\"https:\/\/www.foscarini.com\/wp-content\/uploads\/2024\/01\/FOTO_4_MANI-NERE-VASSALLO.jpg 1440w, https:\/\/www.foscarini.com\/wp-content\/uploads\/2024\/01\/FOTO_4_MANI-NERE-VASSALLO-800x889.jpg 800w, https:\/\/www.foscarini.com\/wp-content\/uploads\/2024\/01\/FOTO_4_MANI-NERE-VASSALLO-270x300.jpg 270w, https:\/\/www.foscarini.com\/wp-content\/uploads\/2024\/01\/FOTO_4_MANI-NERE-VASSALLO-922x1024.jpg 922w, https:\/\/www.foscarini.com\/wp-content\/uploads\/2024\/01\/FOTO_4_MANI-NERE-VASSALLO-768x853.jpg 768w, https:\/\/www.foscarini.com\/wp-content\/uploads\/2024\/01\/FOTO_4_MANI-NERE-VASSALLO-1382x1536.jpg 1382w\" sizes=\"(max-width: 1440px) 100vw, 1440px\" \/><\/div><\/div><\/div><\/div><\/div><\/div><section class=\"world__menu_image\">\n\n    <div class=\"designer-desc-container\">\n                            <div class=\"title-medium js-heading\"><p>Approfodissements<\/p>\n<\/div>\n                        <\/div>\n\n    \n    <div class=\"inner--stories menu \">\n                                <a href=\"https:\/\/www.foscarini.com\/fr\/non-si-puo-fare\/\" class=\"menu__item\" data-image=\"https:\/\/www.foscarini.com\/wp-content\/uploads\/2024\/01\/Modulo1_Non-si-puo-fare-Urbinati.jpg\">\n                            <span class=\"menu__item-text\"><span class=\"menu__item-textinner\">Pas faisable<\/span><\/span>\n                            <span class=\"menu__item-sub\">De carlo urbinati<\/span>\n                        <\/a>\n                                                <a href=\"https:\/\/www.foscarini.com\/fr\/fare-design\/\" class=\"menu__item\" data-image=\"https:\/\/www.foscarini.com\/wp-content\/uploads\/2024\/01\/Modulo_1_fare-design-micelli.jpg\">\n                            <span class=\"menu__item-text\"><span class=\"menu__item-textinner\">Faire le design<\/span><\/span>\n                            <span class=\"menu__item-sub\">De Stefano Micelli<\/span>\n                        <\/a>\n                                                <a href=\"https:\/\/www.foscarini.com\/fr\/la-dimensione-nascosta\/\" class=\"menu__item\" data-image=\"https:\/\/www.foscarini.com\/wp-content\/uploads\/2024\/01\/Modulo_1_la-dimensione-nascosta-de-giorgi.jpg\">\n                            <span class=\"menu__item-text\"><span class=\"menu__item-textinner\">La dimension cach\u00e9e<\/span><\/span>\n                            <span class=\"menu__item-sub\">De Manolo De Giorgi<\/span>\n                        <\/a>\n                                                <a href=\"https:\/\/www.foscarini.com\/fr\/mani-nere\/\" class=\"menu__item\" data-image=\"https:\/\/www.foscarini.com\/wp-content\/uploads\/2024\/01\/MODULO1_MANI-NERE-VASSALLO.jpg\">\n                            <span class=\"menu__item-text\"><span class=\"menu__item-textinner\">Mains noires<\/span><\/span>\n                            <span class=\"menu__item-sub\">De Gianluca Vassallo<\/span>\n                        <\/a>\n                                                <a href=\"https:\/\/www.foscarini.com\/fr\/visioni-istantanee\/\" class=\"menu__item\" data-image=\"https:\/\/www.foscarini.com\/wp-content\/uploads\/2024\/01\/1_2_Mite.jpg\">\n                            <span class=\"menu__item-text\"><span class=\"menu__item-textinner\">Visions instantan\u00e9es<\/span><\/span>\n                            <span class=\"menu__item-sub\">De Massimo Gardone<\/span>\n                        <\/a>\n                            <\/div>\n<\/section><section class=\"world__menu_image world_text\">\n    <div class=\"designer-desc-container\">\n        <span class=\"subtitle js-heading\"><\/span>\n        <div class=\"title-medium js-heading\"><p>Gianluca Vassallo<\/p>\n<\/div>\n        <div class=\"text-2 js-heading\"><p>Gianluca Vassallo vit et travaille \u00e0 San Teodoro (Sardaigne), ainsi que dans le reste du monde. Le qualifier de photographe serait r\u00e9ducteur dans la mesure o\u00f9 il s&#8217;exprime \u00e0 travers la vid\u00e9o, le son, la photo et les installations, avec une attention particuli\u00e8re \u00e0 l&#8217;aspect relationnel et processuel. Parmi les institutions et les galeries en Italie et \u00e0 l&#8217;\u00e9tranger qui ont pr\u00e9sent\u00e9 son travail, citons : Caleum Gallery, New York (2017) ; Fondazione di Sardegna, Cagliari (2016\/2017) ; Pavillon Portugal Biennale d&#8217;Architecture de Venise, Venise (2016) ; Museo dell\u2019Emigrazione, Asuni (2016) ; Foscarini Spazio Soho, New York (2015,2016) ; Palazzo della Penna, P\u00e9rouse (2014) ; Schauwerk Museum, Sindelfingen (2013, 2014) ; Museo MAN, Nuoro (2014) ; Stadtgalerie, Kiel (2014) ; Temple d&#8217;Hadrien, Rome (2013) ; Masedu Museo, Sassari (2013) ; Fondazione Meta, Alghero (2013) ; Museo MART, Rovereto (2012) ; PAN, Naples (2010). Gianluca Vassallo figure parmi les laur\u00e9ats du Prix Tema 2013, et obtient la mention sp\u00e9ciale du VAF 2014. Parmi les projets d&#8217;art public, citons Exposed (2013), Shoot Me Orlando (2016), et La Citt\u00e0 Invisibile (2016). Fondateur et directeur artistique de White Box Studio, il offre son regard et celui d&#8217;autres talents aux entreprises des secteurs du design industriel, mode, \u00e9dition, ainsi qu&#8217;aux institutions culturelles.<\/p>\n<\/div>\n    <\/div>\n<\/section>","protected":false},"excerpt":{"rendered":"","protected":false},"author":4,"featured_media":12415,"parent":0,"menu_order":0,"comment_status":"closed","ping_status":"closed","template":"","meta":{"_acf_changed":false,"footnotes":""},"class_list":["post-28058","page","type-page","status-publish","has-post-thumbnail","hentry"],"acf":{"preview_slider":{"titolo":"Mains noires","testo":"Je me rappelle mon p\u00e8re lorsque j'\u00e9tais enfant, qui \u00e9tait pench\u00e9 sur l'\u00e9tabli d'orf\u00e8vre, dans la froideur d'une lumi\u00e8re au n\u00e9on qui inondait ses mains \u00e9normes.","video_domanda":false,"link_video":""}},"yoast_head":"<!-- This site is optimized with the Yoast SEO Premium plugin v22.4 (Yoast SEO v23.7) - https:\/\/yoast.com\/wordpress\/plugins\/seo\/ -->\n<title>Mains noires - Foscarini<\/title>\n<meta name=\"robots\" content=\"index, follow, max-snippet:-1, max-image-preview:large, max-video-preview:-1\" \/>\n<meta property=\"og:locale\" content=\"fr_FR\" \/>\n<meta property=\"og:type\" content=\"article\" \/>\n<meta property=\"og:title\" content=\"Mains noires\" \/>\n<meta property=\"og:url\" content=\"https:\/\/www.foscarini.com\/mani-nere\/\" \/>\n<meta property=\"og:site_name\" content=\"Foscarini\" \/>\n<meta property=\"article:modified_time\" content=\"2024-02-23T14:26:05+00:00\" \/>\n<meta property=\"og:image\" content=\"https:\/\/www.foscarini.com\/wp-content\/uploads\/2024\/01\/MODULO1_MANI-NERE-VASSALLO.jpg\" \/>\n\t<meta property=\"og:image:width\" content=\"1776\" \/>\n\t<meta property=\"og:image:height\" content=\"1326\" \/>\n\t<meta property=\"og:image:type\" content=\"image\/jpeg\" \/>\n<meta name=\"twitter:card\" content=\"summary_large_image\" \/>\n<meta name=\"twitter:label1\" content=\"Dur\u00e9e de lecture estim\u00e9e\" \/>\n\t<meta name=\"twitter:data1\" content=\"1 minute\" \/>\n<script type=\"application\/ld+json\" class=\"yoast-schema-graph\">{\"@context\":\"https:\/\/schema.org\",\"@graph\":[{\"@type\":\"WebPage\",\"@id\":\"https:\/\/www.foscarini.com\/mani-nere\/\",\"url\":\"https:\/\/www.foscarini.com\/mani-nere\/\",\"name\":\"Mains noires - Foscarini\",\"isPartOf\":{\"@id\":\"https:\/\/www.foscarini.com\/#website\"},\"primaryImageOfPage\":{\"@id\":\"https:\/\/www.foscarini.com\/mani-nere\/#primaryimage\"},\"image\":{\"@id\":\"https:\/\/www.foscarini.com\/mani-nere\/#primaryimage\"},\"thumbnailUrl\":\"https:\/\/www.foscarini.com\/wp-content\/uploads\/2024\/01\/MODULO1_MANI-NERE-VASSALLO.jpg\",\"datePublished\":\"2024-01-17T16:11:52+00:00\",\"dateModified\":\"2024-02-23T14:26:05+00:00\",\"breadcrumb\":{\"@id\":\"https:\/\/www.foscarini.com\/mani-nere\/#breadcrumb\"},\"inLanguage\":\"fr-FR\",\"potentialAction\":[{\"@type\":\"ReadAction\",\"target\":[\"https:\/\/www.foscarini.com\/mani-nere\/\"]}]},{\"@type\":\"ImageObject\",\"inLanguage\":\"fr-FR\",\"@id\":\"https:\/\/www.foscarini.com\/mani-nere\/#primaryimage\",\"url\":\"https:\/\/www.foscarini.com\/wp-content\/uploads\/2024\/01\/MODULO1_MANI-NERE-VASSALLO.jpg\",\"contentUrl\":\"https:\/\/www.foscarini.com\/wp-content\/uploads\/2024\/01\/MODULO1_MANI-NERE-VASSALLO.jpg\",\"width\":1776,\"height\":1326},{\"@type\":\"BreadcrumbList\",\"@id\":\"https:\/\/www.foscarini.com\/mani-nere\/#breadcrumb\",\"itemListElement\":[{\"@type\":\"ListItem\",\"position\":1,\"name\":\"Home\",\"item\":\"https:\/\/www.foscarini.com\/fr\/\"},{\"@type\":\"ListItem\",\"position\":2,\"name\":\"Mains noires\"}]},{\"@type\":\"WebSite\",\"@id\":\"https:\/\/www.foscarini.com\/#website\",\"url\":\"https:\/\/www.foscarini.com\/\",\"name\":\"Foscarini\",\"description\":\"\",\"potentialAction\":[{\"@type\":\"SearchAction\",\"target\":{\"@type\":\"EntryPoint\",\"urlTemplate\":\"https:\/\/www.foscarini.com\/?s={search_term_string}\"},\"query-input\":{\"@type\":\"PropertyValueSpecification\",\"valueRequired\":true,\"valueName\":\"search_term_string\"}}],\"inLanguage\":\"fr-FR\"}]}<\/script>\n<!-- \/ Yoast SEO Premium plugin. -->","yoast_head_json":{"title":"Mains noires - Foscarini","robots":{"index":"index","follow":"follow","max-snippet":"max-snippet:-1","max-image-preview":"max-image-preview:large","max-video-preview":"max-video-preview:-1"},"og_locale":"fr_FR","og_type":"article","og_title":"Mains noires","og_url":"https:\/\/www.foscarini.com\/mani-nere\/","og_site_name":"Foscarini","article_modified_time":"2024-02-23T14:26:05+00:00","og_image":[{"width":1776,"height":1326,"url":"https:\/\/www.foscarini.com\/wp-content\/uploads\/2024\/01\/MODULO1_MANI-NERE-VASSALLO.jpg","type":"image\/jpeg"}],"twitter_card":"summary_large_image","twitter_misc":{"Dur\u00e9e de lecture estim\u00e9e":"1 minute"},"schema":{"@context":"https:\/\/schema.org","@graph":[{"@type":"WebPage","@id":"https:\/\/www.foscarini.com\/mani-nere\/","url":"https:\/\/www.foscarini.com\/mani-nere\/","name":"Mains noires - Foscarini","isPartOf":{"@id":"https:\/\/www.foscarini.com\/#website"},"primaryImageOfPage":{"@id":"https:\/\/www.foscarini.com\/mani-nere\/#primaryimage"},"image":{"@id":"https:\/\/www.foscarini.com\/mani-nere\/#primaryimage"},"thumbnailUrl":"https:\/\/www.foscarini.com\/wp-content\/uploads\/2024\/01\/MODULO1_MANI-NERE-VASSALLO.jpg","datePublished":"2024-01-17T16:11:52+00:00","dateModified":"2024-02-23T14:26:05+00:00","breadcrumb":{"@id":"https:\/\/www.foscarini.com\/mani-nere\/#breadcrumb"},"inLanguage":"fr-FR","potentialAction":[{"@type":"ReadAction","target":["https:\/\/www.foscarini.com\/mani-nere\/"]}]},{"@type":"ImageObject","inLanguage":"fr-FR","@id":"https:\/\/www.foscarini.com\/mani-nere\/#primaryimage","url":"https:\/\/www.foscarini.com\/wp-content\/uploads\/2024\/01\/MODULO1_MANI-NERE-VASSALLO.jpg","contentUrl":"https:\/\/www.foscarini.com\/wp-content\/uploads\/2024\/01\/MODULO1_MANI-NERE-VASSALLO.jpg","width":1776,"height":1326},{"@type":"BreadcrumbList","@id":"https:\/\/www.foscarini.com\/mani-nere\/#breadcrumb","itemListElement":[{"@type":"ListItem","position":1,"name":"Home","item":"https:\/\/www.foscarini.com\/fr\/"},{"@type":"ListItem","position":2,"name":"Mains noires"}]},{"@type":"WebSite","@id":"https:\/\/www.foscarini.com\/#website","url":"https:\/\/www.foscarini.com\/","name":"Foscarini","description":"","potentialAction":[{"@type":"SearchAction","target":{"@type":"EntryPoint","urlTemplate":"https:\/\/www.foscarini.com\/?s={search_term_string}"},"query-input":{"@type":"PropertyValueSpecification","valueRequired":true,"valueName":"search_term_string"}}],"inLanguage":"fr-FR"}]}},"_links":{"self":[{"href":"https:\/\/www.foscarini.com\/fr\/wp-json\/wp\/v2\/pages\/28058"}],"collection":[{"href":"https:\/\/www.foscarini.com\/fr\/wp-json\/wp\/v2\/pages"}],"about":[{"href":"https:\/\/www.foscarini.com\/fr\/wp-json\/wp\/v2\/types\/page"}],"author":[{"embeddable":true,"href":"https:\/\/www.foscarini.com\/fr\/wp-json\/wp\/v2\/users\/4"}],"replies":[{"embeddable":true,"href":"https:\/\/www.foscarini.com\/fr\/wp-json\/wp\/v2\/comments?post=28058"}],"version-history":[{"count":5,"href":"https:\/\/www.foscarini.com\/fr\/wp-json\/wp\/v2\/pages\/28058\/revisions"}],"predecessor-version":[{"id":29438,"href":"https:\/\/www.foscarini.com\/fr\/wp-json\/wp\/v2\/pages\/28058\/revisions\/29438"}],"wp:featuredmedia":[{"embeddable":true,"href":"https:\/\/www.foscarini.com\/fr\/wp-json\/wp\/v2\/media\/12415"}],"wp:attachment":[{"href":"https:\/\/www.foscarini.com\/fr\/wp-json\/wp\/v2\/media?parent=28058"}],"curies":[{"name":"wp","href":"https:\/\/api.w.org\/{rel}","templated":true}]}}