{"id":132567,"date":"2023-11-03T19:20:33","date_gmt":"2023-11-03T19:20:33","guid":{"rendered":"https:\/\/www.foscarini.com\/homepage\/"},"modified":"2026-03-27T14:43:53","modified_gmt":"2026-03-27T14:43:53","slug":"homepage","status":"publish","type":"page","link":"https:\/\/www.foscarini.com\/fr\/","title":{"rendered":"Homepage"},"content":{"rendered":"<section class=\"world__first_block bg-full\">\n\n                <img decoding=\"async\" class=\"image-principal show-mobile\" src=\"https:\/\/www.foscarini.com\/wp-content\/uploads\/2024\/08\/01_modulo1_Vite_MOBILE-150x150.jpg\" srcset=\"https:\/\/www.foscarini.com\/wp-content\/uploads\/2024\/08\/01_modulo1_Vite_MOBILE-169x300.jpg 169w, https:\/\/www.foscarini.com\/wp-content\/uploads\/2024\/08\/01_modulo1_Vite_MOBILE-576x1024.jpg 576w, https:\/\/www.foscarini.com\/wp-content\/uploads\/2024\/08\/01_modulo1_Vite_MOBILE-768x1365.jpg 768w, https:\/\/www.foscarini.com\/wp-content\/uploads\/2024\/08\/01_modulo1_Vite_MOBILE-864x1536.jpg 864w, https:\/\/www.foscarini.com\/wp-content\/uploads\/2024\/08\/01_modulo1_Vite_MOBILE-800x1422.jpg 800w, https:\/\/www.foscarini.com\/wp-content\/uploads\/2024\/08\/01_modulo1_Vite_MOBILE.jpg 1080w\" alt=\"\" \/>\n                    <img decoding=\"async\" class=\"image-principal show-desktop \" src=\"https:\/\/www.foscarini.com\/wp-content\/uploads\/2024\/02\/01_modulo1_Vite-150x150.jpg\" srcset=\"https:\/\/www.foscarini.com\/wp-content\/uploads\/2024\/02\/01_modulo1_Vite-300x167.jpg 300w, https:\/\/www.foscarini.com\/wp-content\/uploads\/2024\/02\/01_modulo1_Vite-scaled-800x444.jpg 800w, https:\/\/www.foscarini.com\/wp-content\/uploads\/2024\/02\/01_modulo1_Vite-1024x569.jpg 1024w, https:\/\/www.foscarini.com\/wp-content\/uploads\/2024\/02\/01_modulo1_Vite-768x427.jpg 768w, https:\/\/www.foscarini.com\/wp-content\/uploads\/2024\/02\/01_modulo1_Vite-1536x853.jpg 1536w, https:\/\/www.foscarini.com\/wp-content\/uploads\/2024\/02\/01_modulo1_Vite-2048x1138.jpg 2048w\" alt=\"\" \/>\n        \n    \n    \n\n    <div class=\"row full-height-vh\">\n        <div class=\"small-12 col-1 medium-5 medium-offset-7 columns\">\n            <span class=\"subtitle\"><\/span>\n        <\/div>\n        <div class=\"small-12 col-2 medium-5 medium-offset-7  columns align-self-bottom\">\n            <div class=\"ct-text\">\n                <div class=\"title-little js-heading\"><p>Nous cr\u00e9ons des lampes capables de transformer l&#8217;espace, en pensant \u00e0 ceux qui vivront avec leur lumi\u00e8re.<\/p>\n<\/div>\n                <div class=\"text-1 js-heading\"><\/div>\n                <div class=\"ct-bottom\">\n                                                        <a class=\"link-bg\" href=\"https:\/\/www.foscarini.com\/fr\/ambiente\/\" >Laisse-toi inspirer<\/a>\n                                                                                            <a class=\"link\" href=\"https:\/\/www.foscarini.com\/fr\/vite\/\" >D\u00e9couvrez le projet VITE<\/a>\n                                                    <\/div>\n            <\/div>\n        <\/div>\n    <\/div>\n<\/section><section class=\"two_cols__link_and_image full-height-vh \">\n    <div class=\"row row-large invert\">\n        <div class=\"medium-4 small-12 columns full-height relative col-1\">\n            <div class=\"ct-text\">\n                <span class=\"subtitle js-heading\">MILANO DESIGN WEEK<\/span>\n                <div class=\"ct-link\">\n                                        <a class=\"link-arrow title-little js-heading \" href=\"https:\/\/www.foscarini.com\/fr\/mdw26-knitted-light\/\"><p>Intrecci di luce \/ Knitted Light<\/p>\n<\/a>\n                    <div class=\"text-1 js-heading\"><p>Un projet de recherche consacr\u00e9 \u00e0 la rencontre entre lumi\u00e8re et tricot tridimensionnel. \u00c0 l\u2019occasion du Fuorisalone, Foscarini explore concepts, mat\u00e9riaux et connexions inattendues.<\/p>\n<\/div>\n                                    <\/div>\n                <div class=\"join-line\"><\/div>            <\/div>\n        <\/div>\n        <div class=\"medium-8 small-12 columns full-height col-2 no-padding-right-mobile\">\n                                                    <a href=\"https:\/\/www.foscarini.com\/fr\/mdw26-knitted-light\/\">\n                            <img decoding=\"async\" class=\"full-cover\" src=\"https:\/\/www.foscarini.com\/wp-content\/uploads\/2026\/03\/TECH_0003-1-150x150.jpg\" srcset=\"https:\/\/www.foscarini.com\/wp-content\/uploads\/2026\/03\/TECH_0003-1-300x220.jpg 300w, https:\/\/www.foscarini.com\/wp-content\/uploads\/2026\/03\/TECH_0003-1-1024x752.jpg 1024w, https:\/\/www.foscarini.com\/wp-content\/uploads\/2026\/03\/TECH_0003-1-768x564.jpg 768w, https:\/\/www.foscarini.com\/wp-content\/uploads\/2026\/03\/TECH_0003-1-1536x1128.jpg 1536w, https:\/\/www.foscarini.com\/wp-content\/uploads\/2026\/03\/TECH_0003-1-2048x1504.jpg 2048w, https:\/\/www.foscarini.com\/wp-content\/uploads\/2026\/03\/TECH_0003-1-800x588.jpg 800w\" alt=\"\" \/>\n                        <\/a>\n                                            <\/div>\n    <\/div>\n<\/section><section class=\"two_cols__link_and_image full-height-vh bg-beige\">\n    <div class=\"row row-large \">\n        <div class=\"medium-4 small-12 columns full-height relative col-1\">\n            <div class=\"ct-text\">\n                <span class=\"subtitle js-heading\">catalogue<\/span>\n                <div class=\"ct-link\">\n                                        <a class=\"link-arrow title-little js-heading \" href=\"https:\/\/cdn1.foscarini.com\/Catalogues\/Collezioni08.pdf\"><p>Collezioni \u2014 8<\/p>\n<\/a>\n                    <div class=\"text-1 js-heading\"><p>Ic\u00f4nes et nouvelles lampes, finitions et inspirations : d\u00e9couvrez les nouveaut\u00e9s dans l&#8217;\u00e9dition mise \u00e0 jour du catalogue Foscarini.<\/p>\n<\/div>\n                                    <\/div>\n                <div class=\"join-line\"><\/div>            <\/div>\n        <\/div>\n        <div class=\"medium-8 small-12 columns full-height col-2 no-padding-right-mobile\">\n                                                    <a href=\"https:\/\/cdn1.foscarini.com\/Catalogues\/Collezioni08.pdf\">\n                            <img decoding=\"async\" class=\"full-cover\" src=\"https:\/\/www.foscarini.com\/wp-content\/uploads\/2026\/03\/banner-txt-img-COLLEZIONI2-1-150x150.png\" srcset=\"https:\/\/www.foscarini.com\/wp-content\/uploads\/2026\/03\/banner-txt-img-COLLEZIONI2-1-300x240.png 300w, https:\/\/www.foscarini.com\/wp-content\/uploads\/2026\/03\/banner-txt-img-COLLEZIONI2-1-1024x819.png 1024w, https:\/\/www.foscarini.com\/wp-content\/uploads\/2026\/03\/banner-txt-img-COLLEZIONI2-1-768x614.png 768w, https:\/\/www.foscarini.com\/wp-content\/uploads\/2026\/03\/banner-txt-img-COLLEZIONI2-1-800x640.png 800w, https:\/\/www.foscarini.com\/wp-content\/uploads\/2026\/03\/banner-txt-img-COLLEZIONI2-1.png 1200w\" alt=\"\" \/>\n                        <\/a>\n                                            <\/div>\n    <\/div>\n<\/section><section class=\"two_cols__link_and_image full-height-vh \">\n    <div class=\"row row-large invert\">\n        <div class=\"medium-4 small-12 columns full-height relative col-1\">\n            <div class=\"ct-text\">\n                <span class=\"subtitle js-heading\">communication<\/span>\n                <div class=\"ct-link\">\n                                        <a class=\"link-arrow title-little js-heading \" href=\"https:\/\/www.foscarini.com\/fr\/marianna-tomaselli\/\"><p>Dans la lumi\u00e8re, tout se transforme.<\/p>\n<\/a>\n                    <div class=\"text-1 js-heading\"><p>Dans la s\u00e9rie de Marianna Tomaselli pour What\u2019s in a Lamp ?, les lampes fa\u00e7onnent des environnements domestiques o\u00f9 la lumi\u00e8re active les d\u00e9tails et transforme l\u2019atmosph\u00e8re.<\/p>\n<\/div>\n                                    <\/div>\n                <div class=\"join-line\"><\/div>            <\/div>\n        <\/div>\n        <div class=\"medium-8 small-12 columns full-height col-2 no-padding-right-mobile\">\n                                                    <a href=\"https:\/\/www.foscarini.com\/fr\/marianna-tomaselli\/\">\n                            <img decoding=\"async\" class=\"full-cover\" src=\"https:\/\/www.foscarini.com\/wp-content\/uploads\/2026\/02\/marianna-tommaselli-homepage-150x150.jpg\" srcset=\"https:\/\/www.foscarini.com\/wp-content\/uploads\/2026\/02\/marianna-tommaselli-homepage-300x240.jpg 300w, https:\/\/www.foscarini.com\/wp-content\/uploads\/2026\/02\/marianna-tommaselli-homepage-768x614.jpg 768w, https:\/\/www.foscarini.com\/wp-content\/uploads\/2026\/02\/marianna-tommaselli-homepage.jpg 800w\" alt=\"\" \/>\n                        <\/a>\n                                            <\/div>\n    <\/div>\n<\/section><section class=\"bg__subtitle_and_link_and_text bg-full\" style=\"background-image: url(https:\/\/www.foscarini.com\/wp-content\/uploads\/2026\/03\/banner-BG-txt-link-HOME02.jpg);\">\n    <div class=\"row full-height-vh\">\n        <div class=\"medium-6 medium-offset-6 small-12 columns\">\n            <span class=\"subtitle\">Produit<\/span>\n        <\/div>\n        <div class=\"medium-6 medium-offset-6 small-12 columns align-self-bottom\">\n            <div class=\"ct-text\">\n                <a class=\"link-arrow title-little \" href=\"https:\/\/www.foscarini.com\/fr\/categorie-produit\/concetto-fr\/twiggy-concetto-fr\/\"><p>Twiggy : une courbe ample, essentielle et flexible.<\/p>\n<\/a>\n                <div class=\"text-2 js-heading\"><p>Une lampe iconique au geste inimitable, suspendue \u00e0 une tige flexible comme une canne \u00e0 p\u00eache. Une famille riche en variantes, mat\u00e9riaux et couleurs, pour l&#8217;int\u00e9rieur comme pour l&#8217;ext\u00e9rieur.<\/p>\n<\/div>\n            <\/div>\n        <\/div>\n    <\/div>\n<\/section><section class=\"two_cols__link_and_image full-height-vh bg-beige\">\n    <div class=\"row row-large \">\n        <div class=\"medium-4 small-12 columns full-height relative col-1\">\n            <div class=\"ct-text\">\n                <span class=\"subtitle js-heading\">CULTURE<\/span>\n                <div class=\"ct-link\">\n                                        <a class=\"link-arrow title-little js-heading \" href=\"https:\/\/www.foscarini.com\/fr\/inventario\/inventario-19\/\"><p>Inventario \u00b019<\/p>\n<\/a>\n                    <div class=\"text-1 js-heading\"><p>D\u00e9couvrez le nouveau num\u00e9ro d&#8217;Inventario, le bookzine qui couvre toutes les disciplines aliment\u00e9es par la cr\u00e9ativit\u00e9. Nourriture pour l&#8217;esprit, qui conduit \u00e0 observer la r\u00e9alit\u00e9 avec une v\u00e9ritable curiosit\u00e9.<\/p>\n<\/div>\n                                    <\/div>\n                <div class=\"join-line\"><\/div>            <\/div>\n        <\/div>\n        <div class=\"medium-8 small-12 columns full-height col-2 no-padding-right-mobile\">\n                                                    <a href=\"https:\/\/www.foscarini.com\/fr\/inventario\/inventario-19\/\">\n                            <img decoding=\"async\" class=\"full-cover\" src=\"https:\/\/www.foscarini.com\/wp-content\/uploads\/2025\/12\/HOME-INVENTARIO-19MDW25-150x150.png\" srcset=\"https:\/\/www.foscarini.com\/wp-content\/uploads\/2025\/12\/HOME-INVENTARIO-19MDW25-300x240.png 300w, https:\/\/www.foscarini.com\/wp-content\/uploads\/2025\/12\/HOME-INVENTARIO-19MDW25-1024x819.png 1024w, https:\/\/www.foscarini.com\/wp-content\/uploads\/2025\/12\/HOME-INVENTARIO-19MDW25-768x614.png 768w, https:\/\/www.foscarini.com\/wp-content\/uploads\/2025\/12\/HOME-INVENTARIO-19MDW25-800x640.png 800w, https:\/\/www.foscarini.com\/wp-content\/uploads\/2025\/12\/HOME-INVENTARIO-19MDW25.png 1200w\" alt=\"\" \/>\n                        <\/a>\n                                            <\/div>\n    <\/div>\n<\/section><section class=\"two_cols__image_link_and_image full-height-vh \">\n\n    <div class=\"swiper-container swiper__from_cols\">\n        <div class=\"swiper-wrapper col-2\">\n            <div class=\"swiper-slide full-height col-left \">\n                                        <a href=\"https:\/\/www.foscarini.com\/fr\/some-think-its-just-about-shedding-light-foscarini-1983-2023\/\">\n                            <img decoding=\"async\" class=\"full-cover\" src=\"https:\/\/www.foscarini.com\/wp-content\/uploads\/2024\/04\/Modulo_NewsPE89_yelloVERT-2-150x150.jpg\" srcset=\"https:\/\/www.foscarini.com\/wp-content\/uploads\/2024\/04\/Modulo_NewsPE89_yelloVERT-2-239x300.jpg 239w, https:\/\/www.foscarini.com\/wp-content\/uploads\/2024\/04\/Modulo_NewsPE89_yelloVERT-2.jpg 726w\" alt=\"\" \/>\n                        <\/a>\n                                    <\/div>\n            <div class=\"swiper-slide full-height\">\n                                        <a href=\"https:\/\/www.foscarini.com\/fr\/some-think-its-just-about-shedding-light-foscarini-1983-2023\/\">\n                            <img decoding=\"async\" class=\"img-left\" src=\"https:\/\/www.foscarini.com\/wp-content\/uploads\/2024\/04\/Modulo_NewsPE89_yello-3-150x150.jpg\" srcset=\"https:\/\/www.foscarini.com\/wp-content\/uploads\/2024\/04\/Modulo_NewsPE89_yello-3-300x233.jpg 300w, https:\/\/www.foscarini.com\/wp-content\/uploads\/2024\/04\/Modulo_NewsPE89_yello-3.jpg 726w\" alt=\"\" \/>\n                        <\/a>\n                                            <div class=\"ct-text show-desktop-flex\">\n                        <a class=\"link-arrow \" href=\"https:\/\/www.foscarini.com\/fr\/some-think-its-just-about-shedding-light-foscarini-1983-2023\/\">\n                            <span class=\"subtitle js-heading\"><\/span>\n                            <span class=\"title-little js-heading\"><p>Some think it&#8217;s just about<br \/>\nshedding light.<\/p>\n<\/span>\n                        <\/a>\n                        <div class=\"text-1 js-heading\"><p>Rejoignez-nous pour un voyage \u00e0 travers quarante ans d&#8217;innovation en design d&#8217;\u00e9clairage, racont\u00e9 \u00e0 travers nos histoires, id\u00e9es et produits.<\/p>\n<\/div>\n                    <\/div>\n                                <\/div>\n        <\/div>\n    <\/div>\n\n    <div class=\"row show-mobile\">\n        <div class=\"small-12 columns\">\n            <div class=\"ct-text\">\n                <a class=\"link-arrow \" href=\"https:\/\/www.foscarini.com\/fr\/some-think-its-just-about-shedding-light-foscarini-1983-2023\/\">\n                    <span class=\"subtitle js-heading\"><\/span>\n                    <span class=\"title-little js-heading\"><p>Some think it&#8217;s just about<br \/>\nshedding light.<\/p>\n<\/span>\n                <\/a>\n                <div class=\"text-1 js-heading\"><p>Rejoignez-nous pour un voyage \u00e0 travers quarante ans d&#8217;innovation en design d&#8217;\u00e9clairage, racont\u00e9 \u00e0 travers nos histoires, id\u00e9es et produits.<\/p>\n<\/div>\n            <\/div>\n        <\/div>\n    <\/div>\n<\/section><section class=\"bg__subtitle_and_link_and_text bg-full\" style=\"background-image: url(https:\/\/www.foscarini.com\/wp-content\/uploads\/2024\/02\/modulo-6-maestrie-scaled.jpg);\">\n    <div class=\"row full-height-vh\">\n        <div class=\"medium-6 medium-offset-6 small-12 columns\">\n            <span class=\"subtitle\">L&#8217;entreprise sans usine<\/span>\n        <\/div>\n        <div class=\"medium-6 medium-offset-6 small-12 columns align-self-bottom\">\n            <div class=\"ct-text\">\n                <a class=\"link-arrow title-little \" href=\"https:\/\/www.foscarini.com\/fr\/maestrie\/\"><p>Explorez les maestrias.<br \/>\nNous r\u00e9alisons des id\u00e9es de design et d&#8217;\u00e9clairage n\u00e9es de la libert\u00e9 de recherche, d&#8217;expression et de d\u00e9veloppement, sans aucune contrainte de production : nous s\u00e9lectionnons les meilleurs savoir-faire artisanaux pour donner forme \u00e0 nos projets.<\/p>\n<\/a>\n                <div class=\"text-2 js-heading\"><\/div>\n            <\/div>\n        <\/div>\n    <\/div>\n<\/section>","protected":false},"excerpt":{"rendered":"","protected":false},"author":1,"featured_media":24425,"parent":0,"menu_order":0,"comment_status":"closed","ping_status":"closed","template":"","meta":{"_acf_changed":false,"footnotes":""},"class_list":["post-132567","page","type-page","status-publish","has-post-thumbnail","hentry"],"acf":{"preview_slider":{"titolo":"Titolo preview","testo":"FOSCARINI: Nous cr\u00e9ons des lampes capables de transformer l'espace, en pensant \u00e0 ceux qui vivront avec leur lumi\u00e8re.","video_domanda":false,"link_video":"https:\/\/samplelib.com\/lib\/preview\/mp4\/sample-5s.mp4"}},"yoast_head":"<!-- This site is optimized with the Yoast SEO Premium plugin v22.4 (Yoast SEO v23.7) - https:\/\/yoast.com\/wordpress\/plugins\/seo\/ -->\n<title>Homepage - Foscarini<\/title>\n<meta name=\"robots\" content=\"index, follow, max-snippet:-1, max-image-preview:large, max-video-preview:-1\" \/>\n<meta property=\"og:locale\" content=\"fr_FR\" \/>\n<meta property=\"og:type\" content=\"article\" \/>\n<meta property=\"og:title\" content=\"Homepage\" \/>\n<meta property=\"og:url\" content=\"https:\/\/www.foscarini.com\/fr\/\" \/>\n<meta property=\"og:site_name\" content=\"Foscarini\" \/>\n<meta property=\"article:modified_time\" content=\"2026-03-27T14:43:53+00:00\" \/>\n<meta property=\"og:image\" content=\"https:\/\/www.foscarini.com\/wp-content\/uploads\/2024\/02\/paolo_venice-02_1-img-big-scaled.jpg\" \/>\n\t<meta property=\"og:image:width\" content=\"2560\" \/>\n\t<meta property=\"og:image:height\" content=\"1440\" \/>\n\t<meta property=\"og:image:type\" content=\"image\/jpeg\" \/>\n<meta name=\"twitter:card\" content=\"summary_large_image\" \/>\n<meta name=\"twitter:label1\" content=\"Dur\u00e9e de lecture estim\u00e9e\" \/>\n\t<meta name=\"twitter:data1\" content=\"1 minute\" \/>\n<script type=\"application\/ld+json\" class=\"yoast-schema-graph\">{\"@context\":\"https:\/\/schema.org\",\"@graph\":[{\"@type\":\"WebPage\",\"@id\":\"https:\/\/www.foscarini.com\/fr\/\",\"url\":\"https:\/\/www.foscarini.com\/fr\/\",\"name\":\"Homepage - Foscarini\",\"isPartOf\":{\"@id\":\"https:\/\/www.foscarini.com\/#website\"},\"primaryImageOfPage\":{\"@id\":\"https:\/\/www.foscarini.com\/fr\/#primaryimage\"},\"image\":{\"@id\":\"https:\/\/www.foscarini.com\/fr\/#primaryimage\"},\"thumbnailUrl\":\"https:\/\/www.foscarini.com\/wp-content\/uploads\/2024\/02\/paolo_venice-02_1-img-big-scaled.jpg\",\"datePublished\":\"2023-11-03T19:20:33+00:00\",\"dateModified\":\"2026-03-27T14:43:53+00:00\",\"breadcrumb\":{\"@id\":\"https:\/\/www.foscarini.com\/fr\/#breadcrumb\"},\"inLanguage\":\"fr-FR\",\"potentialAction\":[{\"@type\":\"ReadAction\",\"target\":[\"https:\/\/www.foscarini.com\/fr\/\"]}]},{\"@type\":\"ImageObject\",\"inLanguage\":\"fr-FR\",\"@id\":\"https:\/\/www.foscarini.com\/fr\/#primaryimage\",\"url\":\"https:\/\/www.foscarini.com\/wp-content\/uploads\/2024\/02\/paolo_venice-02_1-img-big-scaled.jpg\",\"contentUrl\":\"https:\/\/www.foscarini.com\/wp-content\/uploads\/2024\/02\/paolo_venice-02_1-img-big-scaled.jpg\",\"width\":2560,\"height\":1440},{\"@type\":\"BreadcrumbList\",\"@id\":\"https:\/\/www.foscarini.com\/fr\/#breadcrumb\",\"itemListElement\":[{\"@type\":\"ListItem\",\"position\":1,\"name\":\"Home\",\"item\":\"https:\/\/www.foscarini.com\/fr\/\"},{\"@type\":\"ListItem\",\"position\":2,\"name\":\"Homepage\"}]},{\"@type\":\"WebSite\",\"@id\":\"https:\/\/www.foscarini.com\/#website\",\"url\":\"https:\/\/www.foscarini.com\/\",\"name\":\"Foscarini\",\"description\":\"\",\"potentialAction\":[{\"@type\":\"SearchAction\",\"target\":{\"@type\":\"EntryPoint\",\"urlTemplate\":\"https:\/\/www.foscarini.com\/?s={search_term_string}\"},\"query-input\":{\"@type\":\"PropertyValueSpecification\",\"valueRequired\":true,\"valueName\":\"search_term_string\"}}],\"inLanguage\":\"fr-FR\"}]}<\/script>\n<!-- \/ Yoast SEO Premium plugin. -->","yoast_head_json":{"title":"Homepage - Foscarini","robots":{"index":"index","follow":"follow","max-snippet":"max-snippet:-1","max-image-preview":"max-image-preview:large","max-video-preview":"max-video-preview:-1"},"og_locale":"fr_FR","og_type":"article","og_title":"Homepage","og_url":"https:\/\/www.foscarini.com\/fr\/","og_site_name":"Foscarini","article_modified_time":"2026-03-27T14:43:53+00:00","og_image":[{"width":2560,"height":1440,"url":"https:\/\/www.foscarini.com\/wp-content\/uploads\/2024\/02\/paolo_venice-02_1-img-big-scaled.jpg","type":"image\/jpeg"}],"twitter_card":"summary_large_image","twitter_misc":{"Dur\u00e9e de lecture estim\u00e9e":"1 minute"},"schema":{"@context":"https:\/\/schema.org","@graph":[{"@type":"WebPage","@id":"https:\/\/www.foscarini.com\/fr\/","url":"https:\/\/www.foscarini.com\/fr\/","name":"Homepage - Foscarini","isPartOf":{"@id":"https:\/\/www.foscarini.com\/#website"},"primaryImageOfPage":{"@id":"https:\/\/www.foscarini.com\/fr\/#primaryimage"},"image":{"@id":"https:\/\/www.foscarini.com\/fr\/#primaryimage"},"thumbnailUrl":"https:\/\/www.foscarini.com\/wp-content\/uploads\/2024\/02\/paolo_venice-02_1-img-big-scaled.jpg","datePublished":"2023-11-03T19:20:33+00:00","dateModified":"2026-03-27T14:43:53+00:00","breadcrumb":{"@id":"https:\/\/www.foscarini.com\/fr\/#breadcrumb"},"inLanguage":"fr-FR","potentialAction":[{"@type":"ReadAction","target":["https:\/\/www.foscarini.com\/fr\/"]}]},{"@type":"ImageObject","inLanguage":"fr-FR","@id":"https:\/\/www.foscarini.com\/fr\/#primaryimage","url":"https:\/\/www.foscarini.com\/wp-content\/uploads\/2024\/02\/paolo_venice-02_1-img-big-scaled.jpg","contentUrl":"https:\/\/www.foscarini.com\/wp-content\/uploads\/2024\/02\/paolo_venice-02_1-img-big-scaled.jpg","width":2560,"height":1440},{"@type":"BreadcrumbList","@id":"https:\/\/www.foscarini.com\/fr\/#breadcrumb","itemListElement":[{"@type":"ListItem","position":1,"name":"Home","item":"https:\/\/www.foscarini.com\/fr\/"},{"@type":"ListItem","position":2,"name":"Homepage"}]},{"@type":"WebSite","@id":"https:\/\/www.foscarini.com\/#website","url":"https:\/\/www.foscarini.com\/","name":"Foscarini","description":"","potentialAction":[{"@type":"SearchAction","target":{"@type":"EntryPoint","urlTemplate":"https:\/\/www.foscarini.com\/?s={search_term_string}"},"query-input":{"@type":"PropertyValueSpecification","valueRequired":true,"valueName":"search_term_string"}}],"inLanguage":"fr-FR"}]}},"_links":{"self":[{"href":"https:\/\/www.foscarini.com\/fr\/wp-json\/wp\/v2\/pages\/132567"}],"collection":[{"href":"https:\/\/www.foscarini.com\/fr\/wp-json\/wp\/v2\/pages"}],"about":[{"href":"https:\/\/www.foscarini.com\/fr\/wp-json\/wp\/v2\/types\/page"}],"author":[{"embeddable":true,"href":"https:\/\/www.foscarini.com\/fr\/wp-json\/wp\/v2\/users\/1"}],"replies":[{"embeddable":true,"href":"https:\/\/www.foscarini.com\/fr\/wp-json\/wp\/v2\/comments?post=132567"}],"version-history":[{"count":45,"href":"https:\/\/www.foscarini.com\/fr\/wp-json\/wp\/v2\/pages\/132567\/revisions"}],"predecessor-version":[{"id":477677,"href":"https:\/\/www.foscarini.com\/fr\/wp-json\/wp\/v2\/pages\/132567\/revisions\/477677"}],"wp:featuredmedia":[{"embeddable":true,"href":"https:\/\/www.foscarini.com\/fr\/wp-json\/wp\/v2\/media\/24425"}],"wp:attachment":[{"href":"https:\/\/www.foscarini.com\/fr\/wp-json\/wp\/v2\/media?parent=132567"}],"curies":[{"name":"wp","href":"https:\/\/api.w.org\/{rel}","templated":true}]}}