{"id":131260,"date":"2023-12-01T17:59:57","date_gmt":"2023-12-01T17:59:57","guid":{"rendered":"https:\/\/www.foscarini.com\/ambiente\/"},"modified":"2024-04-03T14:30:38","modified_gmt":"2024-04-03T14:30:38","slug":"ambiente","status":"publish","type":"page","link":"https:\/\/www.foscarini.com\/fr\/ambiente\/","title":{"rendered":"Ambiente"},"content":{"rendered":"<section class=\"two_cols__link_and_image full-height-vh \">\n    <div class=\"row row-large \">\n        <div class=\"medium-4 small-12 columns full-height relative col-1\">\n            <div class=\"ct-text\">\n                <span class=\"subtitle js-heading\"><\/span>\n                <div class=\"ct-link\">\n                                        <a class=\"link-arrow title-little js-heading no-link\" href=\"https:\/\/www.foscarini.com\/fr\/contact\/\"><p>Besoin d&#8217;un conseil ?<\/p>\n<\/a>\n                    <div class=\"text-1 js-heading\"><\/div>\n                                                <a class=\"link\" href=\"https:\/\/www.foscarini.com\/fr\/contact\/\" target=\"_self\">Contactez-nous<\/a>\n                                            <\/div>\n                            <\/div>\n        <\/div>\n        <div class=\"medium-8 small-12 columns full-height col-2 no-padding-right-mobile\">\n                                                    <a href=\"https:\/\/www.foscarini.com\/fr\/contact\/\">\n                            <img decoding=\"async\" class=\"full-cover\" src=\"https:\/\/www.foscarini.com\/wp-content\/uploads\/2024\/02\/Modulo2_1_CONTATTACI-150x150.jpeg\" srcset=\"https:\/\/www.foscarini.com\/wp-content\/uploads\/2024\/02\/Modulo2_1_CONTATTACI-300x229.jpeg 300w, https:\/\/www.foscarini.com\/wp-content\/uploads\/2024\/02\/Modulo2_1_CONTATTACI-800x612.jpeg 800w, https:\/\/www.foscarini.com\/wp-content\/uploads\/2024\/02\/Modulo2_1_CONTATTACI-1024x783.jpeg 1024w, https:\/\/www.foscarini.com\/wp-content\/uploads\/2024\/02\/Modulo2_1_CONTATTACI-768x587.jpeg 768w, https:\/\/www.foscarini.com\/wp-content\/uploads\/2024\/02\/Modulo2_1_CONTATTACI-1536x1174.jpeg 1536w, https:\/\/www.foscarini.com\/wp-content\/uploads\/2024\/02\/Modulo2_1_CONTATTACI.jpeg 1776w\" alt=\"\" \/>\n                        <\/a>\n                                            <\/div>\n    <\/div>\n<\/section><section class=\"world__first_block bg-full\">\n\n            <img decoding=\"async\" class=\"image-principal show-desktop only-desktop\" src=\"https:\/\/www.foscarini.com\/wp-content\/uploads\/2024\/01\/Modulo3_1_BannerVITE-150x150.jpeg\" srcset=\"https:\/\/www.foscarini.com\/wp-content\/uploads\/2024\/01\/Modulo3_1_BannerVITE-300x167.jpeg 300w, https:\/\/www.foscarini.com\/wp-content\/uploads\/2024\/01\/Modulo3_1_BannerVITE-scaled-800x444.jpeg 800w, https:\/\/www.foscarini.com\/wp-content\/uploads\/2024\/01\/Modulo3_1_BannerVITE-1024x569.jpeg 1024w, https:\/\/www.foscarini.com\/wp-content\/uploads\/2024\/01\/Modulo3_1_BannerVITE-768x427.jpeg 768w, https:\/\/www.foscarini.com\/wp-content\/uploads\/2024\/01\/Modulo3_1_BannerVITE-1536x853.jpeg 1536w, https:\/\/www.foscarini.com\/wp-content\/uploads\/2024\/01\/Modulo3_1_BannerVITE-2048x1138.jpeg 2048w\" alt=\"\" \/>\n        \n    \n    \n\n    <div class=\"row full-height-vh\">\n        <div class=\"small-12 col-1 medium-5 medium-offset-7 columns\">\n            <span class=\"subtitle\"><\/span>\n        <\/div>\n        <div class=\"small-12 col-2 medium-5 medium-offset-7  columns align-self-bottom\">\n            <div class=\"ct-text\">\n                <div class=\"title-big js-heading\"><p>Laissez-vous inspirer<\/p>\n<\/div>\n                <div class=\"text-1 js-heading\"><p>D\u00e9couvrez VITE : un voyage multim\u00e9dia qui vous emm\u00e8ne \u00e0 l&#8217;int\u00e9rieur de vraies maisons pour explorer les diff\u00e9rents sens de la lumi\u00e8re, r\u00e9v\u00e9lant des vies, \u00e0 travers des images, des vid\u00e9os et des histoires incroyables.<\/p>\n<\/div>\n                <div class=\"ct-bottom\">\n                                                        <a class=\"link-bg\" href=\"https:\/\/www.foscarini.com\/fr\/vite\/\" >Vous d\u00e9couvrez Vite<\/a>\n                                                                        <\/div>\n            <\/div>\n        <\/div>\n    <\/div>\n<\/section>","protected":false},"excerpt":{"rendered":"","protected":false},"author":1,"featured_media":0,"parent":0,"menu_order":0,"comment_status":"closed","ping_status":"closed","template":"template-custom\/tpl-ambienti.php","meta":{"_acf_changed":false,"footnotes":""},"class_list":["post-131260","page","type-page","status-publish","hentry"],"acf":{"preview_slider":{"titolo":"","testo":"","video_domanda":false,"link_video":""}},"yoast_head":"<!-- This site is optimized with the Yoast SEO Premium plugin v22.4 (Yoast SEO v23.7) - https:\/\/yoast.com\/wordpress\/plugins\/seo\/ -->\n<title>Ambiente - Foscarini<\/title>\n<meta name=\"robots\" content=\"index, follow, max-snippet:-1, max-image-preview:large, max-video-preview:-1\" \/>\n<meta property=\"og:locale\" content=\"fr_FR\" \/>\n<meta property=\"og:type\" content=\"article\" \/>\n<meta property=\"og:title\" content=\"Ambiente\" \/>\n<meta property=\"og:url\" content=\"https:\/\/www.foscarini.com\/ambiente\/\" \/>\n<meta property=\"og:site_name\" content=\"Foscarini\" \/>\n<meta property=\"article:modified_time\" content=\"2024-04-03T14:30:38+00:00\" \/>\n<meta name=\"twitter:card\" content=\"summary_large_image\" \/>\n<script type=\"application\/ld+json\" class=\"yoast-schema-graph\">{\"@context\":\"https:\/\/schema.org\",\"@graph\":[{\"@type\":\"WebPage\",\"@id\":\"https:\/\/www.foscarini.com\/ambiente\/\",\"url\":\"https:\/\/www.foscarini.com\/ambiente\/\",\"name\":\"Ambiente - Foscarini\",\"isPartOf\":{\"@id\":\"https:\/\/www.foscarini.com\/#website\"},\"datePublished\":\"2023-12-01T17:59:57+00:00\",\"dateModified\":\"2024-04-03T14:30:38+00:00\",\"breadcrumb\":{\"@id\":\"https:\/\/www.foscarini.com\/ambiente\/#breadcrumb\"},\"inLanguage\":\"fr-FR\",\"potentialAction\":[{\"@type\":\"ReadAction\",\"target\":[\"https:\/\/www.foscarini.com\/ambiente\/\"]}]},{\"@type\":\"BreadcrumbList\",\"@id\":\"https:\/\/www.foscarini.com\/ambiente\/#breadcrumb\",\"itemListElement\":[{\"@type\":\"ListItem\",\"position\":1,\"name\":\"Home\",\"item\":\"https:\/\/www.foscarini.com\/fr\/\"},{\"@type\":\"ListItem\",\"position\":2,\"name\":\"Ambiente\"}]},{\"@type\":\"WebSite\",\"@id\":\"https:\/\/www.foscarini.com\/#website\",\"url\":\"https:\/\/www.foscarini.com\/\",\"name\":\"Foscarini\",\"description\":\"\",\"potentialAction\":[{\"@type\":\"SearchAction\",\"target\":{\"@type\":\"EntryPoint\",\"urlTemplate\":\"https:\/\/www.foscarini.com\/?s={search_term_string}\"},\"query-input\":{\"@type\":\"PropertyValueSpecification\",\"valueRequired\":true,\"valueName\":\"search_term_string\"}}],\"inLanguage\":\"fr-FR\"}]}<\/script>\n<!-- \/ Yoast SEO Premium plugin. -->","yoast_head_json":{"title":"Ambiente - Foscarini","robots":{"index":"index","follow":"follow","max-snippet":"max-snippet:-1","max-image-preview":"max-image-preview:large","max-video-preview":"max-video-preview:-1"},"og_locale":"fr_FR","og_type":"article","og_title":"Ambiente","og_url":"https:\/\/www.foscarini.com\/ambiente\/","og_site_name":"Foscarini","article_modified_time":"2024-04-03T14:30:38+00:00","twitter_card":"summary_large_image","schema":{"@context":"https:\/\/schema.org","@graph":[{"@type":"WebPage","@id":"https:\/\/www.foscarini.com\/ambiente\/","url":"https:\/\/www.foscarini.com\/ambiente\/","name":"Ambiente - Foscarini","isPartOf":{"@id":"https:\/\/www.foscarini.com\/#website"},"datePublished":"2023-12-01T17:59:57+00:00","dateModified":"2024-04-03T14:30:38+00:00","breadcrumb":{"@id":"https:\/\/www.foscarini.com\/ambiente\/#breadcrumb"},"inLanguage":"fr-FR","potentialAction":[{"@type":"ReadAction","target":["https:\/\/www.foscarini.com\/ambiente\/"]}]},{"@type":"BreadcrumbList","@id":"https:\/\/www.foscarini.com\/ambiente\/#breadcrumb","itemListElement":[{"@type":"ListItem","position":1,"name":"Home","item":"https:\/\/www.foscarini.com\/fr\/"},{"@type":"ListItem","position":2,"name":"Ambiente"}]},{"@type":"WebSite","@id":"https:\/\/www.foscarini.com\/#website","url":"https:\/\/www.foscarini.com\/","name":"Foscarini","description":"","potentialAction":[{"@type":"SearchAction","target":{"@type":"EntryPoint","urlTemplate":"https:\/\/www.foscarini.com\/?s={search_term_string}"},"query-input":{"@type":"PropertyValueSpecification","valueRequired":true,"valueName":"search_term_string"}}],"inLanguage":"fr-FR"}]}},"_links":{"self":[{"href":"https:\/\/www.foscarini.com\/fr\/wp-json\/wp\/v2\/pages\/131260"}],"collection":[{"href":"https:\/\/www.foscarini.com\/fr\/wp-json\/wp\/v2\/pages"}],"about":[{"href":"https:\/\/www.foscarini.com\/fr\/wp-json\/wp\/v2\/types\/page"}],"author":[{"embeddable":true,"href":"https:\/\/www.foscarini.com\/fr\/wp-json\/wp\/v2\/users\/1"}],"replies":[{"embeddable":true,"href":"https:\/\/www.foscarini.com\/fr\/wp-json\/wp\/v2\/comments?post=131260"}],"version-history":[{"count":1,"href":"https:\/\/www.foscarini.com\/fr\/wp-json\/wp\/v2\/pages\/131260\/revisions"}],"predecessor-version":[{"id":131264,"href":"https:\/\/www.foscarini.com\/fr\/wp-json\/wp\/v2\/pages\/131260\/revisions\/131264"}],"wp:attachment":[{"href":"https:\/\/www.foscarini.com\/fr\/wp-json\/wp\/v2\/media?parent=131260"}],"curies":[{"name":"wp","href":"https:\/\/api.w.org\/{rel}","templated":true}]}}