{"id":131225,"date":"2023-11-10T16:00:22","date_gmt":"2023-11-10T16:00:22","guid":{"rendered":"https:\/\/www.foscarini.com\/avvisi\/"},"modified":"2024-04-03T14:14:15","modified_gmt":"2024-04-03T14:14:15","slug":"avvisi","status":"publish","type":"page","link":"https:\/\/www.foscarini.com\/fr\/avvisi\/","title":{"rendered":"Avis"},"content":{"rendered":"","protected":false},"excerpt":{"rendered":"","protected":false},"author":1,"featured_media":0,"parent":0,"menu_order":0,"comment_status":"closed","ping_status":"closed","template":"template-custom\/tpl-customer-care.php","meta":{"_acf_changed":false,"footnotes":""},"class_list":["post-131225","page","type-page","status-publish","hentry"],"acf":{"customer_care":{"contatti_domanda":false,"testo_principale":"&nbsp;\r\n<div class=\"customer--right customer--avvisi\">\r\n<h1>Avis<\/h1>\r\n<h2 class=\"big\">Module E-27 grande<\/h2>\r\n<p style=\"padding-bottom: 20px;\">La s\u00e9curit\u00e9 et la qualit\u00e9 des produits sont des caract\u00e9ristiques fondamentales aux yeux de Foscarini. Toutes nos lampes sont test\u00e9es et approuv\u00e9es conform\u00e9ment aux normes en vigueur les plus s\u00e9v\u00e8res. Malgr\u00e9 tout, un dysfonctionnement possible nous a \u00e9t\u00e9 signal\u00e9 concernant notre article \u00ab Module E27 grande \u00bb, code E27E071 produit au cours de l\u2019ann\u00e9e 2019 qui, dans de tr\u00e8s rares cas, peut ne pas se monter correctement sur certains de nos diffuseurs en verre et, plus pr\u00e9cis\u00e9ment, sur les diffuseurs Gregg Grande, Gem et Tartan, causant ainsi un dysfonctionnement de l\u2019appareil d\u2019\u00e9clairage ; un d\u00e9faut m\u00e9canique du ressort interne, non visible de l\u2019ext\u00e9rieur, s\u2019accentue durant les op\u00e9rations d\u2019installation et, en particulier, durant l\u2019introduction, le r\u00e9glage de la plan\u00e9it\u00e9 et le blocage du diffuseur. Conform\u00e9ment \u00e0 notre engagement constant \u00e0 fournir des produits de grande qualit\u00e9 et fiables, et bien que seuls quelques cas de d\u00e9fectuosit\u00e9 aient \u00e9t\u00e9 signal\u00e9s, nous invitons les clients ayant achet\u00e9 ce produit durant la p\u00e9riode de janvier \u00e0 juillet 2019 \u00e0 s\u2019adresser au revendeur autoris\u00e9 Foscarini de la zone ou, sinon, \u00e0 contacter directement Foscarini en \u00e9crivant \u00e0 customerservice@foscarini.com pour recevoir l\u2019assistance appropri\u00e9e.<\/p>\r\n\r\n<\/div>","sezioni":null},"preview_slider":{"titolo":"","testo":"","video_domanda":false,"link_video":""}},"yoast_head":"<!-- This site is optimized with the Yoast SEO Premium plugin v22.4 (Yoast SEO v23.7) - https:\/\/yoast.com\/wordpress\/plugins\/seo\/ -->\n<title>Avis - Foscarini<\/title>\n<meta name=\"robots\" content=\"index, follow, max-snippet:-1, max-image-preview:large, max-video-preview:-1\" \/>\n<meta property=\"og:locale\" content=\"fr_FR\" \/>\n<meta property=\"og:type\" content=\"article\" \/>\n<meta property=\"og:title\" content=\"Avis\" \/>\n<meta property=\"og:url\" content=\"https:\/\/www.foscarini.com\/avvisi\/\" \/>\n<meta property=\"og:site_name\" content=\"Foscarini\" \/>\n<meta property=\"article:modified_time\" content=\"2024-04-03T14:14:15+00:00\" \/>\n<meta name=\"twitter:card\" content=\"summary_large_image\" \/>\n<script type=\"application\/ld+json\" class=\"yoast-schema-graph\">{\"@context\":\"https:\/\/schema.org\",\"@graph\":[{\"@type\":\"WebPage\",\"@id\":\"https:\/\/www.foscarini.com\/avvisi\/\",\"url\":\"https:\/\/www.foscarini.com\/avvisi\/\",\"name\":\"Avis - Foscarini\",\"isPartOf\":{\"@id\":\"https:\/\/www.foscarini.com\/#website\"},\"datePublished\":\"2023-11-10T16:00:22+00:00\",\"dateModified\":\"2024-04-03T14:14:15+00:00\",\"breadcrumb\":{\"@id\":\"https:\/\/www.foscarini.com\/avvisi\/#breadcrumb\"},\"inLanguage\":\"fr-FR\",\"potentialAction\":[{\"@type\":\"ReadAction\",\"target\":[\"https:\/\/www.foscarini.com\/avvisi\/\"]}]},{\"@type\":\"BreadcrumbList\",\"@id\":\"https:\/\/www.foscarini.com\/avvisi\/#breadcrumb\",\"itemListElement\":[{\"@type\":\"ListItem\",\"position\":1,\"name\":\"Home\",\"item\":\"https:\/\/www.foscarini.com\/fr\/\"},{\"@type\":\"ListItem\",\"position\":2,\"name\":\"Avis\"}]},{\"@type\":\"WebSite\",\"@id\":\"https:\/\/www.foscarini.com\/#website\",\"url\":\"https:\/\/www.foscarini.com\/\",\"name\":\"Foscarini\",\"description\":\"\",\"potentialAction\":[{\"@type\":\"SearchAction\",\"target\":{\"@type\":\"EntryPoint\",\"urlTemplate\":\"https:\/\/www.foscarini.com\/?s={search_term_string}\"},\"query-input\":{\"@type\":\"PropertyValueSpecification\",\"valueRequired\":true,\"valueName\":\"search_term_string\"}}],\"inLanguage\":\"fr-FR\"}]}<\/script>\n<!-- \/ Yoast SEO Premium plugin. -->","yoast_head_json":{"title":"Avis - Foscarini","robots":{"index":"index","follow":"follow","max-snippet":"max-snippet:-1","max-image-preview":"max-image-preview:large","max-video-preview":"max-video-preview:-1"},"og_locale":"fr_FR","og_type":"article","og_title":"Avis","og_url":"https:\/\/www.foscarini.com\/avvisi\/","og_site_name":"Foscarini","article_modified_time":"2024-04-03T14:14:15+00:00","twitter_card":"summary_large_image","schema":{"@context":"https:\/\/schema.org","@graph":[{"@type":"WebPage","@id":"https:\/\/www.foscarini.com\/avvisi\/","url":"https:\/\/www.foscarini.com\/avvisi\/","name":"Avis - Foscarini","isPartOf":{"@id":"https:\/\/www.foscarini.com\/#website"},"datePublished":"2023-11-10T16:00:22+00:00","dateModified":"2024-04-03T14:14:15+00:00","breadcrumb":{"@id":"https:\/\/www.foscarini.com\/avvisi\/#breadcrumb"},"inLanguage":"fr-FR","potentialAction":[{"@type":"ReadAction","target":["https:\/\/www.foscarini.com\/avvisi\/"]}]},{"@type":"BreadcrumbList","@id":"https:\/\/www.foscarini.com\/avvisi\/#breadcrumb","itemListElement":[{"@type":"ListItem","position":1,"name":"Home","item":"https:\/\/www.foscarini.com\/fr\/"},{"@type":"ListItem","position":2,"name":"Avis"}]},{"@type":"WebSite","@id":"https:\/\/www.foscarini.com\/#website","url":"https:\/\/www.foscarini.com\/","name":"Foscarini","description":"","potentialAction":[{"@type":"SearchAction","target":{"@type":"EntryPoint","urlTemplate":"https:\/\/www.foscarini.com\/?s={search_term_string}"},"query-input":{"@type":"PropertyValueSpecification","valueRequired":true,"valueName":"search_term_string"}}],"inLanguage":"fr-FR"}]}},"_links":{"self":[{"href":"https:\/\/www.foscarini.com\/fr\/wp-json\/wp\/v2\/pages\/131225"}],"collection":[{"href":"https:\/\/www.foscarini.com\/fr\/wp-json\/wp\/v2\/pages"}],"about":[{"href":"https:\/\/www.foscarini.com\/fr\/wp-json\/wp\/v2\/types\/page"}],"author":[{"embeddable":true,"href":"https:\/\/www.foscarini.com\/fr\/wp-json\/wp\/v2\/users\/1"}],"replies":[{"embeddable":true,"href":"https:\/\/www.foscarini.com\/fr\/wp-json\/wp\/v2\/comments?post=131225"}],"version-history":[{"count":1,"href":"https:\/\/www.foscarini.com\/fr\/wp-json\/wp\/v2\/pages\/131225\/revisions"}],"predecessor-version":[{"id":131234,"href":"https:\/\/www.foscarini.com\/fr\/wp-json\/wp\/v2\/pages\/131225\/revisions\/131234"}],"wp:attachment":[{"href":"https:\/\/www.foscarini.com\/fr\/wp-json\/wp\/v2\/media?parent=131225"}],"curies":[{"name":"wp","href":"https:\/\/api.w.org\/{rel}","templated":true}]}}