{"id":131191,"date":"2024-02-07T08:34:36","date_gmt":"2024-02-07T08:34:36","guid":{"rendered":"https:\/\/www.foscarini.com\/showroom\/"},"modified":"2024-04-10T14:20:46","modified_gmt":"2024-04-10T14:20:46","slug":"showroom","status":"publish","type":"page","link":"https:\/\/www.foscarini.com\/fr\/showroom\/","title":{"rendered":"Showroom"},"content":{"rendered":"<section class=\"two_cols__link_and_image full-height-vh \">\n    <div class=\"row row-large \">\n        <div class=\"medium-4 small-12 columns full-height relative col-1\">\n            <div class=\"ct-text\">\n                <span class=\"subtitle js-heading\">MILANO<\/span>\n                <div class=\"ct-link\">\n                                        <a class=\"link-arrow title-little js-heading \" href=\"https:\/\/www.foscarini.com\/fr\/spazio-monforte\/\"><h2>Spazio Monforte<\/h2>\n<\/a>\n                    <div class=\"text-1 js-heading\"><p>Spazio Monforte, situ\u00e9 au c\u0153ur de celle que les sp\u00e9cialistes d\u00e9finissent comme la \u00ab lighting road \u00bb de Milan, raconte l\u2019univers Foscarini de ses nombreux points de vue.<\/p>\n<\/div>\n                                    <\/div>\n                            <\/div>\n        <\/div>\n        <div class=\"medium-8 small-12 columns full-height col-2 no-padding-right-mobile\">\n                                                    <a href=\"https:\/\/www.foscarini.com\/fr\/spazio-monforte\/\">\n                            <img decoding=\"async\" class=\"full-cover\" src=\"https:\/\/www.foscarini.com\/wp-content\/uploads\/2024\/02\/Modulo1_Monforte-150x150.jpeg\" srcset=\"https:\/\/www.foscarini.com\/wp-content\/uploads\/2024\/02\/Modulo1_Monforte-300x230.jpeg 300w, https:\/\/www.foscarini.com\/wp-content\/uploads\/2024\/02\/Modulo1_Monforte-800x614.jpeg 800w, https:\/\/www.foscarini.com\/wp-content\/uploads\/2024\/02\/Modulo1_Monforte-1024x786.jpeg 1024w, https:\/\/www.foscarini.com\/wp-content\/uploads\/2024\/02\/Modulo1_Monforte-768x590.jpeg 768w, https:\/\/www.foscarini.com\/wp-content\/uploads\/2024\/02\/Modulo1_Monforte-1536x1180.jpeg 1536w, https:\/\/www.foscarini.com\/wp-content\/uploads\/2024\/02\/Modulo1_Monforte.jpeg 1776w\" alt=\"\" \/>\n                        <\/a>\n                                            <\/div>\n    <\/div>\n<\/section><section class=\"two_cols__link_and_image full-height-vh \">\n    <div class=\"row row-large invert\">\n        <div class=\"medium-4 small-12 columns full-height relative col-1\">\n            <div class=\"ct-text\">\n                <span class=\"subtitle js-heading\">New York<\/span>\n                <div class=\"ct-link\">\n                                        <a class=\"link-arrow title-little js-heading \" href=\"https:\/\/www.foscarini.com\/fr\/spazio-soho\/\"><h2>Spazio Soho<\/h2>\n<\/a>\n                    <div class=\"text-1 js-heading\"><p>Au c\u0153ur de New York, en plein quartier du design, un espace qui se met \u00e0 la disposition des architectes, des passionn\u00e9s de design italien et de tous ceux qui, tout simplement, sont \u00e0 la recherche d\u2019id\u00e9es et d&#8217;inspiration pour am\u00e9nager leur int\u00e9rieur. <\/p>\n<\/div>\n                                    <\/div>\n                            <\/div>\n        <\/div>\n        <div class=\"medium-8 small-12 columns full-height col-2 no-padding-right-mobile\">\n                                                    <a href=\"https:\/\/www.foscarini.com\/fr\/spazio-soho\/\">\n                            <img decoding=\"async\" class=\"full-cover\" src=\"https:\/\/www.foscarini.com\/wp-content\/uploads\/2024\/02\/Modulo2_Soho-150x150.jpeg\" srcset=\"https:\/\/www.foscarini.com\/wp-content\/uploads\/2024\/02\/Modulo2_Soho-300x230.jpeg 300w, https:\/\/www.foscarini.com\/wp-content\/uploads\/2024\/02\/Modulo2_Soho-800x614.jpeg 800w, https:\/\/www.foscarini.com\/wp-content\/uploads\/2024\/02\/Modulo2_Soho-1024x786.jpeg 1024w, https:\/\/www.foscarini.com\/wp-content\/uploads\/2024\/02\/Modulo2_Soho-768x590.jpeg 768w, https:\/\/www.foscarini.com\/wp-content\/uploads\/2024\/02\/Modulo2_Soho-1536x1180.jpeg 1536w, https:\/\/www.foscarini.com\/wp-content\/uploads\/2024\/02\/Modulo2_Soho.jpeg 1776w\" alt=\"\" \/>\n                        <\/a>\n                                            <\/div>\n    <\/div>\n<\/section>","protected":false},"excerpt":{"rendered":"","protected":false},"author":1,"featured_media":22722,"parent":0,"menu_order":0,"comment_status":"closed","ping_status":"closed","template":"template-custom\/tpl-store-locator.php","meta":{"_acf_changed":false,"footnotes":""},"class_list":["post-131191","page","type-page","status-publish","has-post-thumbnail","hentry"],"acf":{"preview_slider":{"titolo":"Showroom","testo":"","video_domanda":false,"link_video":""},"store_locator":{"pagina_stores":false,"pagina_showroom":true,"pagina_partner_web":false}},"yoast_head":"<!-- This site is optimized with the Yoast SEO Premium plugin v22.4 (Yoast SEO v23.7) - https:\/\/yoast.com\/wordpress\/plugins\/seo\/ -->\n<title>Showroom - Foscarini<\/title>\n<meta name=\"robots\" content=\"index, follow, max-snippet:-1, max-image-preview:large, max-video-preview:-1\" \/>\n<meta property=\"og:locale\" content=\"fr_FR\" \/>\n<meta property=\"og:type\" content=\"article\" \/>\n<meta property=\"og:title\" content=\"Showroom\" \/>\n<meta property=\"og:url\" content=\"https:\/\/www.foscarini.com\/fr\/showroom\/\" \/>\n<meta property=\"og:site_name\" content=\"Foscarini\" \/>\n<meta property=\"article:modified_time\" content=\"2024-04-10T14:20:46+00:00\" \/>\n<meta property=\"og:image\" content=\"https:\/\/www.foscarini.com\/wp-content\/uploads\/2024\/02\/Modulo1_Monforte.jpeg\" \/>\n\t<meta property=\"og:image:width\" content=\"1776\" \/>\n\t<meta property=\"og:image:height\" content=\"1364\" \/>\n\t<meta property=\"og:image:type\" content=\"image\/jpeg\" \/>\n<meta name=\"twitter:card\" content=\"summary_large_image\" \/>\n<meta name=\"twitter:label1\" content=\"Dur\u00e9e de lecture estim\u00e9e\" \/>\n\t<meta name=\"twitter:data1\" content=\"1 minute\" \/>\n<script type=\"application\/ld+json\" class=\"yoast-schema-graph\">{\"@context\":\"https:\/\/schema.org\",\"@graph\":[{\"@type\":\"WebPage\",\"@id\":\"https:\/\/www.foscarini.com\/fr\/showroom\/\",\"url\":\"https:\/\/www.foscarini.com\/fr\/showroom\/\",\"name\":\"Showroom - Foscarini\",\"isPartOf\":{\"@id\":\"https:\/\/www.foscarini.com\/#website\"},\"primaryImageOfPage\":{\"@id\":\"https:\/\/www.foscarini.com\/fr\/showroom\/#primaryimage\"},\"image\":{\"@id\":\"https:\/\/www.foscarini.com\/fr\/showroom\/#primaryimage\"},\"thumbnailUrl\":\"https:\/\/www.foscarini.com\/wp-content\/uploads\/2024\/02\/Modulo1_Monforte.jpeg\",\"datePublished\":\"2024-02-07T08:34:36+00:00\",\"dateModified\":\"2024-04-10T14:20:46+00:00\",\"breadcrumb\":{\"@id\":\"https:\/\/www.foscarini.com\/fr\/showroom\/#breadcrumb\"},\"inLanguage\":\"fr-FR\",\"potentialAction\":[{\"@type\":\"ReadAction\",\"target\":[\"https:\/\/www.foscarini.com\/fr\/showroom\/\"]}]},{\"@type\":\"ImageObject\",\"inLanguage\":\"fr-FR\",\"@id\":\"https:\/\/www.foscarini.com\/fr\/showroom\/#primaryimage\",\"url\":\"https:\/\/www.foscarini.com\/wp-content\/uploads\/2024\/02\/Modulo1_Monforte.jpeg\",\"contentUrl\":\"https:\/\/www.foscarini.com\/wp-content\/uploads\/2024\/02\/Modulo1_Monforte.jpeg\",\"width\":1776,\"height\":1364},{\"@type\":\"BreadcrumbList\",\"@id\":\"https:\/\/www.foscarini.com\/fr\/showroom\/#breadcrumb\",\"itemListElement\":[{\"@type\":\"ListItem\",\"position\":1,\"name\":\"Home\",\"item\":\"https:\/\/www.foscarini.com\/fr\/\"},{\"@type\":\"ListItem\",\"position\":2,\"name\":\"Showroom\"}]},{\"@type\":\"WebSite\",\"@id\":\"https:\/\/www.foscarini.com\/#website\",\"url\":\"https:\/\/www.foscarini.com\/\",\"name\":\"Foscarini\",\"description\":\"\",\"potentialAction\":[{\"@type\":\"SearchAction\",\"target\":{\"@type\":\"EntryPoint\",\"urlTemplate\":\"https:\/\/www.foscarini.com\/?s={search_term_string}\"},\"query-input\":{\"@type\":\"PropertyValueSpecification\",\"valueRequired\":true,\"valueName\":\"search_term_string\"}}],\"inLanguage\":\"fr-FR\"}]}<\/script>\n<!-- \/ Yoast SEO Premium plugin. -->","yoast_head_json":{"title":"Showroom - Foscarini","robots":{"index":"index","follow":"follow","max-snippet":"max-snippet:-1","max-image-preview":"max-image-preview:large","max-video-preview":"max-video-preview:-1"},"og_locale":"fr_FR","og_type":"article","og_title":"Showroom","og_url":"https:\/\/www.foscarini.com\/fr\/showroom\/","og_site_name":"Foscarini","article_modified_time":"2024-04-10T14:20:46+00:00","og_image":[{"width":1776,"height":1364,"url":"https:\/\/www.foscarini.com\/wp-content\/uploads\/2024\/02\/Modulo1_Monforte.jpeg","type":"image\/jpeg"}],"twitter_card":"summary_large_image","twitter_misc":{"Dur\u00e9e de lecture estim\u00e9e":"1 minute"},"schema":{"@context":"https:\/\/schema.org","@graph":[{"@type":"WebPage","@id":"https:\/\/www.foscarini.com\/fr\/showroom\/","url":"https:\/\/www.foscarini.com\/fr\/showroom\/","name":"Showroom - Foscarini","isPartOf":{"@id":"https:\/\/www.foscarini.com\/#website"},"primaryImageOfPage":{"@id":"https:\/\/www.foscarini.com\/fr\/showroom\/#primaryimage"},"image":{"@id":"https:\/\/www.foscarini.com\/fr\/showroom\/#primaryimage"},"thumbnailUrl":"https:\/\/www.foscarini.com\/wp-content\/uploads\/2024\/02\/Modulo1_Monforte.jpeg","datePublished":"2024-02-07T08:34:36+00:00","dateModified":"2024-04-10T14:20:46+00:00","breadcrumb":{"@id":"https:\/\/www.foscarini.com\/fr\/showroom\/#breadcrumb"},"inLanguage":"fr-FR","potentialAction":[{"@type":"ReadAction","target":["https:\/\/www.foscarini.com\/fr\/showroom\/"]}]},{"@type":"ImageObject","inLanguage":"fr-FR","@id":"https:\/\/www.foscarini.com\/fr\/showroom\/#primaryimage","url":"https:\/\/www.foscarini.com\/wp-content\/uploads\/2024\/02\/Modulo1_Monforte.jpeg","contentUrl":"https:\/\/www.foscarini.com\/wp-content\/uploads\/2024\/02\/Modulo1_Monforte.jpeg","width":1776,"height":1364},{"@type":"BreadcrumbList","@id":"https:\/\/www.foscarini.com\/fr\/showroom\/#breadcrumb","itemListElement":[{"@type":"ListItem","position":1,"name":"Home","item":"https:\/\/www.foscarini.com\/fr\/"},{"@type":"ListItem","position":2,"name":"Showroom"}]},{"@type":"WebSite","@id":"https:\/\/www.foscarini.com\/#website","url":"https:\/\/www.foscarini.com\/","name":"Foscarini","description":"","potentialAction":[{"@type":"SearchAction","target":{"@type":"EntryPoint","urlTemplate":"https:\/\/www.foscarini.com\/?s={search_term_string}"},"query-input":{"@type":"PropertyValueSpecification","valueRequired":true,"valueName":"search_term_string"}}],"inLanguage":"fr-FR"}]}},"_links":{"self":[{"href":"https:\/\/www.foscarini.com\/fr\/wp-json\/wp\/v2\/pages\/131191"}],"collection":[{"href":"https:\/\/www.foscarini.com\/fr\/wp-json\/wp\/v2\/pages"}],"about":[{"href":"https:\/\/www.foscarini.com\/fr\/wp-json\/wp\/v2\/types\/page"}],"author":[{"embeddable":true,"href":"https:\/\/www.foscarini.com\/fr\/wp-json\/wp\/v2\/users\/1"}],"replies":[{"embeddable":true,"href":"https:\/\/www.foscarini.com\/fr\/wp-json\/wp\/v2\/comments?post=131191"}],"version-history":[{"count":3,"href":"https:\/\/www.foscarini.com\/fr\/wp-json\/wp\/v2\/pages\/131191\/revisions"}],"predecessor-version":[{"id":235485,"href":"https:\/\/www.foscarini.com\/fr\/wp-json\/wp\/v2\/pages\/131191\/revisions\/235485"}],"wp:featuredmedia":[{"embeddable":true,"href":"https:\/\/www.foscarini.com\/fr\/wp-json\/wp\/v2\/media\/22722"}],"wp:attachment":[{"href":"https:\/\/www.foscarini.com\/fr\/wp-json\/wp\/v2\/media?parent=131191"}],"curies":[{"name":"wp","href":"https:\/\/api.w.org\/{rel}","templated":true}]}}