{"id":131157,"date":"2024-02-07T08:33:03","date_gmt":"2024-02-07T08:33:03","guid":{"rendered":"https:\/\/www.foscarini.com\/spazio-soho\/"},"modified":"2024-06-04T21:09:35","modified_gmt":"2024-06-04T21:09:35","slug":"spazio-soho","status":"publish","type":"page","link":"https:\/\/www.foscarini.com\/fr\/spazio-soho\/","title":{"rendered":"Spazio Soho"},"content":{"rendered":"<section class=\"prof__single_bg_text_and_link bg-full\">\n\n        <img decoding=\"async\" class=\"image-principal show-desktop only-desktop\" src=\"https:\/\/www.foscarini.com\/wp-content\/uploads\/2024\/02\/Modulo1_SpazioSoho-150x150.jpg\" srcset=\"https:\/\/www.foscarini.com\/wp-content\/uploads\/2024\/02\/Modulo1_SpazioSoho-300x166.jpg 300w, https:\/\/www.foscarini.com\/wp-content\/uploads\/2024\/02\/Modulo1_SpazioSoho-scaled-800x443.jpg 800w, https:\/\/www.foscarini.com\/wp-content\/uploads\/2024\/02\/Modulo1_SpazioSoho-1024x567.jpg 1024w, https:\/\/www.foscarini.com\/wp-content\/uploads\/2024\/02\/Modulo1_SpazioSoho-768x426.jpg 768w, https:\/\/www.foscarini.com\/wp-content\/uploads\/2024\/02\/Modulo1_SpazioSoho-1536x851.jpg 1536w, https:\/\/www.foscarini.com\/wp-content\/uploads\/2024\/02\/Modulo1_SpazioSoho-2048x1135.jpg 2048w\" alt=\"\" \/>\n\n\n    <div class=\"row full-height-vh\">\n        <div class=\"medium-12 small-12 columns\">\n            <div class=\"ct-text js-heading \">\n                <span class=\"subtitle js-heading\">STORE LOCATOR \/ SHOWROOM \/ SPAZIO SOHO<\/span>\n                <div class=\"ct-text-bottom\">\n                    <div class=\"title-medium js-heading\"><p>Spazio Soho \u2014 New York<\/p>\n<\/div>\n                    <div class=\"subtitle subtitle-bottom js-heading\"><\/div>\n                <\/div>\n            <\/div>\n        <\/div>\n    <\/div>\n<\/section><section class=\"prof__single_info \">\n    <div class=\"row row-large\">\n        <div class=\"medium-4 small-12 columns col-1\">\n                        <ul class=\"list-info\">\n                                        <li>\n                            <span class=\"subtitle js-heading\">Adresse<\/span>\n                            <div class=\"text-1 js-heading\"><p><a href=\"https:\/\/www.google.com\/maps\/place\/Showroom+Foscarini+Spazio+Soho\/@40.720942,-74.0046887,17z\/data=!3m1!4b1!4m5!3m4!1s0x89c2598bad7035e1:0x9fd6de6dfacac925!8m2!3d40.720942!4d-74.0025\">Obtenir des indications<\/a><\/p>\n<\/div>\n                        <\/li>\n                                                <li>\n                            <span class=\"subtitle js-heading\">T\u00e9l\u00e9phone<\/span>\n                            <div class=\"text-1 js-heading\"><p>+1 212-247-2218<\/p>\n<\/div>\n                        <\/li>\n                                                <li>\n                            <span class=\"subtitle js-heading\">E-MAIL<\/span>\n                            <div class=\"text-1 js-heading\"><p><a href=\"mailto:spaziosoho@foscarini.com\">spaziosoho@foscarini.com<\/a><\/p>\n<\/div>\n                        <\/li>\n                                                <li>\n                            <span class=\"subtitle js-heading\">Horaires d&#8217;ouvertures<\/span>\n                            <div class=\"text-1 js-heading\"><p>Lundi \u2013 Vendredi<br \/>\n10\u201318<br \/>\nSamedi 11\u201318<br \/>\nDimanche ferm\u00e9<\/p>\n<\/div>\n                        <\/li>\n                                    <\/ul>\n\n                            <img decoding=\"async\" src=\"https:\/\/www.foscarini.com\/wp-content\/uploads\/2024\/02\/Modulo2_1_1_-150x150.jpeg\" srcset=\"https:\/\/www.foscarini.com\/wp-content\/uploads\/2024\/02\/Modulo2_1_1_-273x300.jpeg 273w, https:\/\/www.foscarini.com\/wp-content\/uploads\/2024\/02\/Modulo2_1_1_-800x880.jpeg 800w, https:\/\/www.foscarini.com\/wp-content\/uploads\/2024\/02\/Modulo2_1_1_-768x844.jpeg 768w, https:\/\/www.foscarini.com\/wp-content\/uploads\/2024\/02\/Modulo2_1_1_.jpeg 864w\" alt=\"\" \/>\n                        <\/div>\n        <div class=\"medium-7 medium-offset-1 small-12 columns col-2\">\n                            <div class=\"title-medium js-heading\"><p>Avant d\u2019\u00eatre un showroom, Spazio Soho \u2013 inaugur\u00e9 en 2013 \u2013 est une  \u00bb maison \u00ab . Et comme toutes les maisons, il est \u00e0 la fois l\u2019expression de la personnalit\u00e9 de ceux qui l\u2019habitent, et un lieu de rencontre et d\u2019accueil tourn\u00e9 vers l\u2019ext\u00e9rieur (famille, amis, connaissances). Spazio Soho  est l\u2019incarnation sensible et lumineuse de notre brand personality tout en offrant des contenus \u2013 des occasions de raconter des histoires, de susciter des \u00e9motions et de stimuler la cr\u00e9ativit\u00e9.<\/p>\n<\/div>\n                                                        <img decoding=\"async\" src=\"https:\/\/www.foscarini.com\/wp-content\/uploads\/2024\/02\/Modulo2_2_25__1-150x150.jpeg\" srcset=\"https:\/\/www.foscarini.com\/wp-content\/uploads\/2024\/02\/Modulo2_2_25__1-300x211.jpeg 300w, https:\/\/www.foscarini.com\/wp-content\/uploads\/2024\/02\/Modulo2_2_25__1-800x563.jpeg 800w, https:\/\/www.foscarini.com\/wp-content\/uploads\/2024\/02\/Modulo2_2_25__1-1024x721.jpeg 1024w, https:\/\/www.foscarini.com\/wp-content\/uploads\/2024\/02\/Modulo2_2_25__1-768x541.jpeg 768w, https:\/\/www.foscarini.com\/wp-content\/uploads\/2024\/02\/Modulo2_2_25__1-1536x1082.jpeg 1536w, https:\/\/www.foscarini.com\/wp-content\/uploads\/2024\/02\/Modulo2_2_25__1.jpeg 1548w\" alt=\"\" \/>\n                        <\/div>\n    <\/div>\n<\/section><section class=\"world__first_block bg-full\">\n\n            <img decoding=\"async\" class=\"image-principal show-desktop only-desktop\" src=\"https:\/\/www.foscarini.com\/wp-content\/uploads\/2024\/02\/Modulo3_opzione-1-150x150.jpg\" srcset=\"https:\/\/www.foscarini.com\/wp-content\/uploads\/2024\/02\/Modulo3_opzione-1-300x145.jpg 300w, https:\/\/www.foscarini.com\/wp-content\/uploads\/2024\/02\/Modulo3_opzione-1-scaled-800x386.jpg 800w, https:\/\/www.foscarini.com\/wp-content\/uploads\/2024\/02\/Modulo3_opzione-1-1024x494.jpg 1024w, https:\/\/www.foscarini.com\/wp-content\/uploads\/2024\/02\/Modulo3_opzione-1-768x370.jpg 768w, https:\/\/www.foscarini.com\/wp-content\/uploads\/2024\/02\/Modulo3_opzione-1-1536x740.jpg 1536w, https:\/\/www.foscarini.com\/wp-content\/uploads\/2024\/02\/Modulo3_opzione-1-2048x987.jpg 2048w\" alt=\"\" \/>\n        \n    \n    \n\n    <div class=\"row full-height-vh\">\n        <div class=\"small-12 col-1 medium-12 columns\">\n            <span class=\"subtitle\"><\/span>\n        <\/div>\n        <div class=\"small-12 col-2 medium-12 invert columns align-self-bottom\">\n            <div class=\"ct-text\">\n                <div class=\"title-little js-heading\"><\/div>\n                <div class=\"text-1 js-heading\"><\/div>\n                <div class=\"ct-bottom\">\n                                                        <\/div>\n            <\/div>\n        <\/div>\n    <\/div>\n<\/section><section class=\"concept__project_comunication full-height-vh\">\n    <div class=\"row row-large\">\n        <div class=\"medium-12 small-12 columns full-height no-padding-right-mobile\">\n            <div class=\"ct-image-text-lateral\">\n                <div class=\"ct-arrow\">\n                    <div class=\"swiper-button-prev\" aria-label=\"previous slide\"><\/div>\n                    <div class=\"swiper-button-next\" aria-label=\"next slide\"><\/div>\n                <\/div>\n                <span class=\"section-name-lateral\">Contenus r\u00e9dactionnels<\/span>\n                <!-- Swiper -->\n                <div class=\"swiper-container swiper__concept__comunication\">\n                    <div class=\"swiper-wrapper\">\n                                                            <div class=\"swiper-slide\">\n                                        <div class=\"ct-slide\">\n                                                                                                <img decoding=\"async\" class=\"full-cover\" src=\"https:\/\/www.foscarini.com\/wp-content\/uploads\/2023\/12\/main_image_exhibition_vite_ny_2021-150x150.jpg\" srcset=\"https:\/\/www.foscarini.com\/wp-content\/uploads\/2023\/12\/main_image_exhibition_vite_ny_2021-300x194.jpg 300w, https:\/\/www.foscarini.com\/wp-content\/uploads\/2023\/12\/main_image_exhibition_vite_ny_2021-800x518.jpg 800w, https:\/\/www.foscarini.com\/wp-content\/uploads\/2023\/12\/main_image_exhibition_vite_ny_2021-1024x663.jpg 1024w, https:\/\/www.foscarini.com\/wp-content\/uploads\/2023\/12\/main_image_exhibition_vite_ny_2021-768x498.jpg 768w, https:\/\/www.foscarini.com\/wp-content\/uploads\/2023\/12\/main_image_exhibition_vite_ny_2021-1536x995.jpg 1536w, https:\/\/www.foscarini.com\/wp-content\/uploads\/2023\/12\/main_image_exhibition_vite_ny_2021-2048x1327.jpg 2048w\" alt=\"\" \/>\n                                                                                                <div class=\"ct-col-right\">\n                                                <div class=\"ct-link\">\n                                                    <a class=\"link-arrow\" href=\"https:\/\/www.foscarini.com\/fr\/vite-devient-une-exposition-de-photos-a-new-york\/\">VITE devient une exposition de photos \u00e0 New York<\/a>\n                                                    <div class=\"text-1\"><p>Un voyage \u00e0 travers des maisons et des vies r\u00e9elles, accompagn\u00e9 par les lampes qui illuminent la sc\u00e8ne.<\/p>\n<\/div>\n                                                <\/div>\n                                            <\/div>\n                                        <\/div>\n                                    <\/div>\n                                                        <\/div>\n                <\/div>\n            <\/div>\n        <\/div>\n    <\/div>\n<\/section><section class=\"world__first_block bg-full\">\n\n            <img decoding=\"async\" class=\"image-principal show-desktop only-desktop\" src=\"https:\/\/www.foscarini.com\/wp-content\/uploads\/2024\/02\/Modulo5_Virtual_Tour_Banner-150x150.jpg\" srcset=\"https:\/\/www.foscarini.com\/wp-content\/uploads\/2024\/02\/Modulo5_Virtual_Tour_Banner-300x167.jpg 300w, https:\/\/www.foscarini.com\/wp-content\/uploads\/2024\/02\/Modulo5_Virtual_Tour_Banner-scaled-800x444.jpg 800w, https:\/\/www.foscarini.com\/wp-content\/uploads\/2024\/02\/Modulo5_Virtual_Tour_Banner-1024x569.jpg 1024w, https:\/\/www.foscarini.com\/wp-content\/uploads\/2024\/02\/Modulo5_Virtual_Tour_Banner-768x427.jpg 768w, https:\/\/www.foscarini.com\/wp-content\/uploads\/2024\/02\/Modulo5_Virtual_Tour_Banner-1536x853.jpg 1536w, https:\/\/www.foscarini.com\/wp-content\/uploads\/2024\/02\/Modulo5_Virtual_Tour_Banner-2048x1138.jpg 2048w\" alt=\"\" \/>\n        \n    \n    \n\n    <div class=\"row full-height-vh\">\n        <div class=\"small-12 col-1 medium-5 medium-offset-7 columns\">\n            <span class=\"subtitle\"><\/span>\n        <\/div>\n        <div class=\"small-12 col-2 medium-5 medium-offset-7  columns align-self-bottom\">\n            <div class=\"ct-text\">\n                <div class=\"title-medium js-heading\"><p>Virtual Tour \/ Spazio Soho<\/p>\n<\/div>\n                <div class=\"text-1 js-heading\"><\/div>\n                <div class=\"ct-bottom\">\n                                                        <a class=\"link-bg\" href=\"https:\/\/www.foscarini.com\/fr\/virtual-tour-soho\/\" >Explorer<\/a>\n                                                                        <\/div>\n            <\/div>\n        <\/div>\n    <\/div>\n<\/section>","protected":false},"excerpt":{"rendered":"","protected":false},"author":1,"featured_media":22757,"parent":0,"menu_order":0,"comment_status":"closed","ping_status":"closed","template":"","meta":{"_acf_changed":false,"footnotes":""},"class_list":["post-131157","page","type-page","status-publish","has-post-thumbnail","hentry"],"acf":{"preview_slider":{"titolo":"","testo":"","video_domanda":false,"link_video":""}},"yoast_head":"<!-- This site is optimized with the Yoast SEO Premium plugin v22.4 (Yoast SEO v23.7) - https:\/\/yoast.com\/wordpress\/plugins\/seo\/ -->\n<title>Spazio Soho - Foscarini<\/title>\n<meta name=\"robots\" content=\"index, follow, max-snippet:-1, max-image-preview:large, max-video-preview:-1\" \/>\n<meta property=\"og:locale\" content=\"fr_FR\" \/>\n<meta property=\"og:type\" content=\"article\" \/>\n<meta property=\"og:title\" content=\"Spazio Soho\" \/>\n<meta property=\"og:url\" content=\"https:\/\/www.foscarini.com\/fr\/spazio-soho\/\" \/>\n<meta property=\"og:site_name\" content=\"Foscarini\" \/>\n<meta property=\"article:modified_time\" content=\"2024-06-04T21:09:35+00:00\" \/>\n<meta property=\"og:image\" content=\"https:\/\/www.foscarini.com\/wp-content\/uploads\/2024\/02\/Modulo1_SpazioSoho-scaled.jpg\" \/>\n\t<meta property=\"og:image:width\" content=\"2560\" \/>\n\t<meta property=\"og:image:height\" content=\"1419\" \/>\n\t<meta property=\"og:image:type\" content=\"image\/jpeg\" \/>\n<meta name=\"twitter:card\" content=\"summary_large_image\" \/>\n<meta name=\"twitter:label1\" content=\"Dur\u00e9e de lecture estim\u00e9e\" \/>\n\t<meta name=\"twitter:data1\" content=\"1 minute\" \/>\n<script type=\"application\/ld+json\" class=\"yoast-schema-graph\">{\"@context\":\"https:\/\/schema.org\",\"@graph\":[{\"@type\":\"WebPage\",\"@id\":\"https:\/\/www.foscarini.com\/fr\/spazio-soho\/\",\"url\":\"https:\/\/www.foscarini.com\/fr\/spazio-soho\/\",\"name\":\"Spazio Soho - Foscarini\",\"isPartOf\":{\"@id\":\"https:\/\/www.foscarini.com\/#website\"},\"primaryImageOfPage\":{\"@id\":\"https:\/\/www.foscarini.com\/fr\/spazio-soho\/#primaryimage\"},\"image\":{\"@id\":\"https:\/\/www.foscarini.com\/fr\/spazio-soho\/#primaryimage\"},\"thumbnailUrl\":\"https:\/\/www.foscarini.com\/wp-content\/uploads\/2024\/02\/Modulo1_SpazioSoho-scaled.jpg\",\"datePublished\":\"2024-02-07T08:33:03+00:00\",\"dateModified\":\"2024-06-04T21:09:35+00:00\",\"breadcrumb\":{\"@id\":\"https:\/\/www.foscarini.com\/fr\/spazio-soho\/#breadcrumb\"},\"inLanguage\":\"fr-FR\",\"potentialAction\":[{\"@type\":\"ReadAction\",\"target\":[\"https:\/\/www.foscarini.com\/fr\/spazio-soho\/\"]}]},{\"@type\":\"ImageObject\",\"inLanguage\":\"fr-FR\",\"@id\":\"https:\/\/www.foscarini.com\/fr\/spazio-soho\/#primaryimage\",\"url\":\"https:\/\/www.foscarini.com\/wp-content\/uploads\/2024\/02\/Modulo1_SpazioSoho-scaled.jpg\",\"contentUrl\":\"https:\/\/www.foscarini.com\/wp-content\/uploads\/2024\/02\/Modulo1_SpazioSoho-scaled.jpg\",\"width\":2560,\"height\":1419},{\"@type\":\"BreadcrumbList\",\"@id\":\"https:\/\/www.foscarini.com\/fr\/spazio-soho\/#breadcrumb\",\"itemListElement\":[{\"@type\":\"ListItem\",\"position\":1,\"name\":\"Home\",\"item\":\"https:\/\/www.foscarini.com\/fr\/\"},{\"@type\":\"ListItem\",\"position\":2,\"name\":\"Spazio Soho\"}]},{\"@type\":\"WebSite\",\"@id\":\"https:\/\/www.foscarini.com\/#website\",\"url\":\"https:\/\/www.foscarini.com\/\",\"name\":\"Foscarini\",\"description\":\"\",\"potentialAction\":[{\"@type\":\"SearchAction\",\"target\":{\"@type\":\"EntryPoint\",\"urlTemplate\":\"https:\/\/www.foscarini.com\/?s={search_term_string}\"},\"query-input\":{\"@type\":\"PropertyValueSpecification\",\"valueRequired\":true,\"valueName\":\"search_term_string\"}}],\"inLanguage\":\"fr-FR\"}]}<\/script>\n<!-- \/ Yoast SEO Premium plugin. -->","yoast_head_json":{"title":"Spazio Soho - Foscarini","robots":{"index":"index","follow":"follow","max-snippet":"max-snippet:-1","max-image-preview":"max-image-preview:large","max-video-preview":"max-video-preview:-1"},"og_locale":"fr_FR","og_type":"article","og_title":"Spazio Soho","og_url":"https:\/\/www.foscarini.com\/fr\/spazio-soho\/","og_site_name":"Foscarini","article_modified_time":"2024-06-04T21:09:35+00:00","og_image":[{"width":2560,"height":1419,"url":"https:\/\/www.foscarini.com\/wp-content\/uploads\/2024\/02\/Modulo1_SpazioSoho-scaled.jpg","type":"image\/jpeg"}],"twitter_card":"summary_large_image","twitter_misc":{"Dur\u00e9e de lecture estim\u00e9e":"1 minute"},"schema":{"@context":"https:\/\/schema.org","@graph":[{"@type":"WebPage","@id":"https:\/\/www.foscarini.com\/fr\/spazio-soho\/","url":"https:\/\/www.foscarini.com\/fr\/spazio-soho\/","name":"Spazio Soho - Foscarini","isPartOf":{"@id":"https:\/\/www.foscarini.com\/#website"},"primaryImageOfPage":{"@id":"https:\/\/www.foscarini.com\/fr\/spazio-soho\/#primaryimage"},"image":{"@id":"https:\/\/www.foscarini.com\/fr\/spazio-soho\/#primaryimage"},"thumbnailUrl":"https:\/\/www.foscarini.com\/wp-content\/uploads\/2024\/02\/Modulo1_SpazioSoho-scaled.jpg","datePublished":"2024-02-07T08:33:03+00:00","dateModified":"2024-06-04T21:09:35+00:00","breadcrumb":{"@id":"https:\/\/www.foscarini.com\/fr\/spazio-soho\/#breadcrumb"},"inLanguage":"fr-FR","potentialAction":[{"@type":"ReadAction","target":["https:\/\/www.foscarini.com\/fr\/spazio-soho\/"]}]},{"@type":"ImageObject","inLanguage":"fr-FR","@id":"https:\/\/www.foscarini.com\/fr\/spazio-soho\/#primaryimage","url":"https:\/\/www.foscarini.com\/wp-content\/uploads\/2024\/02\/Modulo1_SpazioSoho-scaled.jpg","contentUrl":"https:\/\/www.foscarini.com\/wp-content\/uploads\/2024\/02\/Modulo1_SpazioSoho-scaled.jpg","width":2560,"height":1419},{"@type":"BreadcrumbList","@id":"https:\/\/www.foscarini.com\/fr\/spazio-soho\/#breadcrumb","itemListElement":[{"@type":"ListItem","position":1,"name":"Home","item":"https:\/\/www.foscarini.com\/fr\/"},{"@type":"ListItem","position":2,"name":"Spazio Soho"}]},{"@type":"WebSite","@id":"https:\/\/www.foscarini.com\/#website","url":"https:\/\/www.foscarini.com\/","name":"Foscarini","description":"","potentialAction":[{"@type":"SearchAction","target":{"@type":"EntryPoint","urlTemplate":"https:\/\/www.foscarini.com\/?s={search_term_string}"},"query-input":{"@type":"PropertyValueSpecification","valueRequired":true,"valueName":"search_term_string"}}],"inLanguage":"fr-FR"}]}},"_links":{"self":[{"href":"https:\/\/www.foscarini.com\/fr\/wp-json\/wp\/v2\/pages\/131157"}],"collection":[{"href":"https:\/\/www.foscarini.com\/fr\/wp-json\/wp\/v2\/pages"}],"about":[{"href":"https:\/\/www.foscarini.com\/fr\/wp-json\/wp\/v2\/types\/page"}],"author":[{"embeddable":true,"href":"https:\/\/www.foscarini.com\/fr\/wp-json\/wp\/v2\/users\/1"}],"replies":[{"embeddable":true,"href":"https:\/\/www.foscarini.com\/fr\/wp-json\/wp\/v2\/comments?post=131157"}],"version-history":[{"count":3,"href":"https:\/\/www.foscarini.com\/fr\/wp-json\/wp\/v2\/pages\/131157\/revisions"}],"predecessor-version":[{"id":303487,"href":"https:\/\/www.foscarini.com\/fr\/wp-json\/wp\/v2\/pages\/131157\/revisions\/303487"}],"wp:featuredmedia":[{"embeddable":true,"href":"https:\/\/www.foscarini.com\/fr\/wp-json\/wp\/v2\/media\/22757"}],"wp:attachment":[{"href":"https:\/\/www.foscarini.com\/fr\/wp-json\/wp\/v2\/media?parent=131157"}],"curies":[{"name":"wp","href":"https:\/\/api.w.org\/{rel}","templated":true}]}}