{"id":131137,"date":"2024-02-07T08:32:50","date_gmt":"2024-02-07T08:32:50","guid":{"rendered":"https:\/\/www.foscarini.com\/spazio-monforte\/"},"modified":"2025-06-06T14:58:49","modified_gmt":"2025-06-06T14:58:49","slug":"spazio-monforte","status":"publish","type":"page","link":"https:\/\/www.foscarini.com\/fr\/spazio-monforte\/","title":{"rendered":"Spazio Monforte"},"content":{"rendered":"<section class=\"prof__single_bg_text_and_link bg-full\">\n\n        <img decoding=\"async\" class=\"image-principal show-desktop only-desktop\" src=\"https:\/\/www.foscarini.com\/wp-content\/uploads\/2024\/02\/Modulo_1_1-150x150.jpg\" srcset=\"https:\/\/www.foscarini.com\/wp-content\/uploads\/2024\/02\/Modulo_1_1-300x166.jpg 300w, https:\/\/www.foscarini.com\/wp-content\/uploads\/2024\/02\/Modulo_1_1-scaled-800x443.jpg 800w, https:\/\/www.foscarini.com\/wp-content\/uploads\/2024\/02\/Modulo_1_1-1024x567.jpg 1024w, https:\/\/www.foscarini.com\/wp-content\/uploads\/2024\/02\/Modulo_1_1-768x426.jpg 768w, https:\/\/www.foscarini.com\/wp-content\/uploads\/2024\/02\/Modulo_1_1-1536x851.jpg 1536w, https:\/\/www.foscarini.com\/wp-content\/uploads\/2024\/02\/Modulo_1_1-2048x1135.jpg 2048w\" alt=\"\" \/>\n\n\n    <div class=\"row full-height-vh\">\n        <div class=\"medium-12 small-12 columns\">\n            <div class=\"ct-text js-heading \">\n                <span class=\"subtitle js-heading\">STORE LOCATOR \/ SHOWROOM \/ SPAZIO MONFORTE<\/span>\n                <div class=\"ct-text-bottom\">\n                    <div class=\"title-medium js-heading\"><p>Spazio Monforte \u2014 Milano<\/p>\n<\/div>\n                    <div class=\"subtitle subtitle-bottom js-heading\"><\/div>\n                <\/div>\n            <\/div>\n        <\/div>\n    <\/div>\n<\/section><section class=\"prof__single_info \">\n    <div class=\"row row-large\">\n        <div class=\"medium-4 small-12 columns col-1\">\n                        <ul class=\"list-info\">\n                                        <li>\n                            <span class=\"subtitle js-heading\">Adresse<\/span>\n                            <div class=\"text-1 js-heading\"><p><a href=\"https:\/\/www.google.com\/maps\/place\/Showroom+Foscarini+Spazio+Monforte\/@45.4669646,9.1977708,17z\/data=!3m1!4b1!4m5!3m4!1s0x4786c7efe590b303:0xe7ca1b39a3d293a2!8m2!3d45.4669595!4d9.1999606\" target=\"_blank\" rel=\"noopener\">Obtenir des indications<\/a><\/p>\n<\/div>\n                        <\/li>\n                                                <li>\n                            <span class=\"subtitle js-heading\">T\u00e9l\u00e9phone<\/span>\n                            <div class=\"text-1 js-heading\"><p><a href=\"tel:+390287071320\">02 8707 1320<\/a><\/p>\n<\/div>\n                        <\/li>\n                                                <li>\n                            <span class=\"subtitle js-heading\">E-MAIL<\/span>\n                            <div class=\"text-1 js-heading\"><p><a href=\"mailto:spaziomonforte@foscarini.com\">spaziomonforte@foscarini.com<\/a><\/p>\n<\/div>\n                        <\/li>\n                                                <li>\n                            <span class=\"subtitle js-heading\">Horaires d&#8217;ouvertures<\/span>\n                            <div class=\"text-1 js-heading\"><p>Lundi \u2013 Vendredi<br \/>\n10\u201313 \/ 14\u201319<br \/>\nSamedi \u2013 Dimanche ferm\u00e9<\/p>\n<\/div>\n                        <\/li>\n                                    <\/ul>\n\n                            <img decoding=\"async\" src=\"https:\/\/www.foscarini.com\/wp-content\/uploads\/2024\/02\/Modulo_2_1-150x150.jpeg\" srcset=\"https:\/\/www.foscarini.com\/wp-content\/uploads\/2024\/02\/Modulo_2_1-273x300.jpeg 273w, https:\/\/www.foscarini.com\/wp-content\/uploads\/2024\/02\/Modulo_2_1-800x880.jpeg 800w, https:\/\/www.foscarini.com\/wp-content\/uploads\/2024\/02\/Modulo_2_1-768x844.jpeg 768w, https:\/\/www.foscarini.com\/wp-content\/uploads\/2024\/02\/Modulo_2_1.jpeg 864w\" alt=\"\" \/>\n                        <\/div>\n        <div class=\"medium-7 medium-offset-1 small-12 columns col-2\">\n                            <div class=\"title-medium js-heading\"><p>Spazio Monforte est un lieu qui promeut les valeurs de design, excellence et innovation qui guident depuis toujours Foscarini dans son activit\u00e9. C\u2019est un espace de vente pour les collections mais aussi un lieu de rencontre pour les professionnels qui peuvent \u00eatre assist\u00e9s d\u2019une \u00e9quipe d\u2019experts en mesure de r\u00e9pondre aux nombreuses complexit\u00e9s du march\u00e9.<\/p>\n<\/div>\n                                                        <img decoding=\"async\" src=\"https:\/\/www.foscarini.com\/wp-content\/uploads\/2024\/02\/Modulo_2_3-150x150.jpeg\" srcset=\"https:\/\/www.foscarini.com\/wp-content\/uploads\/2024\/02\/Modulo_2_3-300x211.jpeg 300w, https:\/\/www.foscarini.com\/wp-content\/uploads\/2024\/02\/Modulo_2_3-800x563.jpeg 800w, https:\/\/www.foscarini.com\/wp-content\/uploads\/2024\/02\/Modulo_2_3-1024x721.jpeg 1024w, https:\/\/www.foscarini.com\/wp-content\/uploads\/2024\/02\/Modulo_2_3-768x541.jpeg 768w, https:\/\/www.foscarini.com\/wp-content\/uploads\/2024\/02\/Modulo_2_3-1536x1082.jpeg 1536w, https:\/\/www.foscarini.com\/wp-content\/uploads\/2024\/02\/Modulo_2_3.jpeg 1548w\" alt=\"\" \/>\n                        <\/div>\n    <\/div>\n<\/section><section class=\"world__first_block bg-full\">\n\n            <img decoding=\"async\" class=\"image-principal show-desktop only-desktop\" src=\"https:\/\/www.foscarini.com\/wp-content\/uploads\/2024\/02\/Modulo_3_1-150x150.jpg\" srcset=\"https:\/\/www.foscarini.com\/wp-content\/uploads\/2024\/02\/Modulo_3_1-300x145.jpg 300w, https:\/\/www.foscarini.com\/wp-content\/uploads\/2024\/02\/Modulo_3_1-scaled-800x386.jpg 800w, https:\/\/www.foscarini.com\/wp-content\/uploads\/2024\/02\/Modulo_3_1-1024x494.jpg 1024w, https:\/\/www.foscarini.com\/wp-content\/uploads\/2024\/02\/Modulo_3_1-768x370.jpg 768w, https:\/\/www.foscarini.com\/wp-content\/uploads\/2024\/02\/Modulo_3_1-1536x740.jpg 1536w, https:\/\/www.foscarini.com\/wp-content\/uploads\/2024\/02\/Modulo_3_1-2048x987.jpg 2048w\" alt=\"\" \/>\n        \n    \n    \n\n    <div class=\"row full-height-vh\">\n        <div class=\"small-12 col-1 medium-12 columns\">\n            <span class=\"subtitle\"><\/span>\n        <\/div>\n        <div class=\"small-12 col-2 medium-12 invert columns align-self-bottom\">\n            <div class=\"ct-text\">\n                <div class=\"title-little js-heading\"><\/div>\n                <div class=\"text-1 js-heading\"><\/div>\n                <div class=\"ct-bottom\">\n                                                        <\/div>\n            <\/div>\n        <\/div>\n    <\/div>\n<\/section><section class=\"concept__project_comunication full-height-vh\">\n    <div class=\"row row-large\">\n        <div class=\"medium-12 small-12 columns full-height no-padding-right-mobile\">\n            <div class=\"ct-image-text-lateral\">\n                <div class=\"ct-arrow\">\n                    <div class=\"swiper-button-prev\" aria-label=\"previous slide\"><\/div>\n                    <div class=\"swiper-button-next\" aria-label=\"next slide\"><\/div>\n                <\/div>\n                <span class=\"section-name-lateral\">Contenus r\u00e9dactionnels<\/span>\n                <!-- Swiper -->\n                <div class=\"swiper-container swiper__concept__comunication\">\n                    <div class=\"swiper-wrapper\">\n                                                            <div class=\"swiper-slide\">\n                                        <div class=\"ct-slide\">\n                                                                                                <img decoding=\"async\" class=\"full-cover\" src=\"https:\/\/www.foscarini.com\/wp-content\/uploads\/2023\/12\/Modulo1_MDW23-150x150.jpg\" srcset=\"https:\/\/www.foscarini.com\/wp-content\/uploads\/2023\/12\/Modulo1_MDW23-300x194.jpg 300w, https:\/\/www.foscarini.com\/wp-content\/uploads\/2023\/12\/Modulo1_MDW23-800x518.jpg 800w, https:\/\/www.foscarini.com\/wp-content\/uploads\/2023\/12\/Modulo1_MDW23-1024x663.jpg 1024w, https:\/\/www.foscarini.com\/wp-content\/uploads\/2023\/12\/Modulo1_MDW23-768x498.jpg 768w, https:\/\/www.foscarini.com\/wp-content\/uploads\/2023\/12\/Modulo1_MDW23-1536x995.jpg 1536w, https:\/\/www.foscarini.com\/wp-content\/uploads\/2023\/12\/Modulo1_MDW23-2048x1327.jpg 2048w\" alt=\"\" \/>\n                                                                                                <div class=\"ct-col-right\">\n                                                <div class=\"ct-link\">\n                                                    <a class=\"link-arrow\" href=\"https:\/\/www.foscarini.com\/fr\/impossible-natures-a-la-milan-design-week-2023\/\">(IM)POSSIBLE NATURES \u00e0 la Milan Design Week 2023<\/a>\n                                                    <div class=\"text-1\"><p>Une installation immersive au Foscarini Spazio Monforte et un stand color\u00e9 \u00e0 Euroluce pour d\u00e9couvrir les nouvelles collections de Foscarini.<\/p>\n<\/div>\n                                                <\/div>\n                                            <\/div>\n                                        <\/div>\n                                    <\/div>\n                                                                        <div class=\"swiper-slide\">\n                                        <div class=\"ct-slide\">\n                                                                                                <img decoding=\"async\" class=\"full-cover\" src=\"https:\/\/www.foscarini.com\/wp-content\/uploads\/2023\/12\/Modulo1_MDW22-150x150.jpg\" srcset=\"https:\/\/www.foscarini.com\/wp-content\/uploads\/2023\/12\/Modulo1_MDW22-300x194.jpg 300w, https:\/\/www.foscarini.com\/wp-content\/uploads\/2023\/12\/Modulo1_MDW22-800x518.jpg 800w, https:\/\/www.foscarini.com\/wp-content\/uploads\/2023\/12\/Modulo1_MDW22-1024x663.jpg 1024w, https:\/\/www.foscarini.com\/wp-content\/uploads\/2023\/12\/Modulo1_MDW22-768x498.jpg 768w, https:\/\/www.foscarini.com\/wp-content\/uploads\/2023\/12\/Modulo1_MDW22-1536x995.jpg 1536w, https:\/\/www.foscarini.com\/wp-content\/uploads\/2023\/12\/Modulo1_MDW22-2048x1327.jpg 2048w\" alt=\"\" \/>\n                                                                                                <div class=\"ct-col-right\">\n                                                <div class=\"ct-link\">\n                                                    <a class=\"link-arrow\" href=\"https:\/\/www.foscarini.com\/fr\/lumieres-et-plaisirs-dans-le-jardin-deden\/\">Lumi\u00e8res et plaisirs dans le Jardin d&#8217;Eden<\/a>\n                                                    <div class=\"text-1\"><p>Pour la semaine du design de Milan, le Foscarini Spazio Monforte se transforme en un luxuriant jardin d&#8217;Eden o\u00f9 les nouveaux luminaires se r\u00e9v\u00e8lent \u00eatre de nouveaux objets de d\u00e9sir.<\/p>\n<\/div>\n                                                <\/div>\n                                            <\/div>\n                                        <\/div>\n                                    <\/div>\n                                                                        <div class=\"swiper-slide\">\n                                        <div class=\"ct-slide\">\n                                                                                                <img decoding=\"async\" class=\"full-cover\" src=\"https:\/\/www.foscarini.com\/wp-content\/uploads\/2023\/12\/Main_Image_Installazione_Dune-150x150.jpg\" srcset=\"https:\/\/www.foscarini.com\/wp-content\/uploads\/2023\/12\/Main_Image_Installazione_Dune-300x194.jpg 300w, https:\/\/www.foscarini.com\/wp-content\/uploads\/2023\/12\/Main_Image_Installazione_Dune-800x518.jpg 800w, https:\/\/www.foscarini.com\/wp-content\/uploads\/2023\/12\/Main_Image_Installazione_Dune-1024x663.jpg 1024w, https:\/\/www.foscarini.com\/wp-content\/uploads\/2023\/12\/Main_Image_Installazione_Dune-768x498.jpg 768w, https:\/\/www.foscarini.com\/wp-content\/uploads\/2023\/12\/Main_Image_Installazione_Dune-1536x995.jpg 1536w, https:\/\/www.foscarini.com\/wp-content\/uploads\/2023\/12\/Main_Image_Installazione_Dune-2048x1327.jpg 2048w\" alt=\"\" \/>\n                                                                                                <div class=\"ct-col-right\">\n                                                <div class=\"ct-link\">\n                                                    <a class=\"link-arrow\" href=\"https:\/\/www.foscarini.com\/fr\/un-monde-mineral-inattendu\/\">Un monde min\u00e9ral inattendu<\/a>\n                                                    <div class=\"text-1\"><p>Des tas de sable embrassent et encadrent certains des best-sellers de Foscarini dans une nouvelle installation.<\/p>\n<\/div>\n                                                <\/div>\n                                            <\/div>\n                                        <\/div>\n                                    <\/div>\n                                                        <\/div>\n                <\/div>\n            <\/div>\n        <\/div>\n    <\/div>\n<\/section><section class=\"world__first_block bg-full\">\n\n            <img decoding=\"async\" class=\"image-principal show-desktop only-desktop\" src=\"https:\/\/www.foscarini.com\/wp-content\/uploads\/2024\/02\/Modulo5_Virtual_Tour_Banner-1-150x150.jpg\" srcset=\"https:\/\/www.foscarini.com\/wp-content\/uploads\/2024\/02\/Modulo5_Virtual_Tour_Banner-1-300x167.jpg 300w, https:\/\/www.foscarini.com\/wp-content\/uploads\/2024\/02\/Modulo5_Virtual_Tour_Banner-1-scaled-800x444.jpg 800w, https:\/\/www.foscarini.com\/wp-content\/uploads\/2024\/02\/Modulo5_Virtual_Tour_Banner-1-1024x569.jpg 1024w, https:\/\/www.foscarini.com\/wp-content\/uploads\/2024\/02\/Modulo5_Virtual_Tour_Banner-1-768x427.jpg 768w, https:\/\/www.foscarini.com\/wp-content\/uploads\/2024\/02\/Modulo5_Virtual_Tour_Banner-1-1536x853.jpg 1536w, https:\/\/www.foscarini.com\/wp-content\/uploads\/2024\/02\/Modulo5_Virtual_Tour_Banner-1-2048x1138.jpg 2048w\" alt=\"\" \/>\n        \n    \n    \n\n    <div class=\"row full-height-vh\">\n        <div class=\"small-12 col-1 medium-5 medium-offset-7 columns\">\n            <span class=\"subtitle\"><\/span>\n        <\/div>\n        <div class=\"small-12 col-2 medium-5 medium-offset-7  columns align-self-bottom\">\n            <div class=\"ct-text\">\n                <div class=\"title-medium js-heading\"><p>Virtual Tour \/ Spazio Monforte<\/p>\n<\/div>\n                <div class=\"text-1 js-heading\"><\/div>\n                <div class=\"ct-bottom\">\n                                                        <a class=\"link-bg\" href=\"https:\/\/www.foscarini.com\/fr\/virtual-tour-monforte\/\" >Explorer<\/a>\n                                                                        <\/div>\n            <\/div>\n        <\/div>\n    <\/div>\n<\/section>","protected":false},"excerpt":{"rendered":"","protected":false},"author":1,"featured_media":22806,"parent":0,"menu_order":0,"comment_status":"closed","ping_status":"closed","template":"","meta":{"_acf_changed":false,"footnotes":""},"class_list":["post-131137","page","type-page","status-publish","has-post-thumbnail","hentry"],"acf":{"preview_slider":{"titolo":"Spazio Monforte \u2014 Milano","testo":"Spazio Monforte \u00e8 un luogo che promuove i valori di design, eccellenza ed innovazione che da sempre guidano Foscarin","video_domanda":false,"link_video":""}},"yoast_head":"<!-- This site is optimized with the Yoast SEO Premium plugin v22.4 (Yoast SEO v23.7) - https:\/\/yoast.com\/wordpress\/plugins\/seo\/ -->\n<title>Spazio Monforte - Foscarini<\/title>\n<meta name=\"robots\" content=\"index, follow, max-snippet:-1, max-image-preview:large, max-video-preview:-1\" \/>\n<meta property=\"og:locale\" content=\"fr_FR\" \/>\n<meta property=\"og:type\" content=\"article\" \/>\n<meta property=\"og:title\" content=\"Spazio Monforte\" \/>\n<meta property=\"og:url\" content=\"https:\/\/www.foscarini.com\/fr\/spazio-monforte\/\" \/>\n<meta property=\"og:site_name\" content=\"Foscarini\" \/>\n<meta property=\"article:modified_time\" content=\"2025-06-06T14:58:49+00:00\" \/>\n<meta property=\"og:image\" content=\"https:\/\/www.foscarini.com\/wp-content\/uploads\/2024\/02\/Modulo_1_1-scaled.jpg\" \/>\n\t<meta property=\"og:image:width\" content=\"2560\" \/>\n\t<meta property=\"og:image:height\" content=\"1419\" \/>\n\t<meta property=\"og:image:type\" content=\"image\/jpeg\" \/>\n<meta name=\"twitter:card\" content=\"summary_large_image\" \/>\n<meta name=\"twitter:label1\" content=\"Dur\u00e9e de lecture estim\u00e9e\" \/>\n\t<meta name=\"twitter:data1\" content=\"1 minute\" \/>\n<script type=\"application\/ld+json\" class=\"yoast-schema-graph\">{\"@context\":\"https:\/\/schema.org\",\"@graph\":[{\"@type\":\"WebPage\",\"@id\":\"https:\/\/www.foscarini.com\/fr\/spazio-monforte\/\",\"url\":\"https:\/\/www.foscarini.com\/fr\/spazio-monforte\/\",\"name\":\"Spazio Monforte - Foscarini\",\"isPartOf\":{\"@id\":\"https:\/\/www.foscarini.com\/#website\"},\"primaryImageOfPage\":{\"@id\":\"https:\/\/www.foscarini.com\/fr\/spazio-monforte\/#primaryimage\"},\"image\":{\"@id\":\"https:\/\/www.foscarini.com\/fr\/spazio-monforte\/#primaryimage\"},\"thumbnailUrl\":\"https:\/\/www.foscarini.com\/wp-content\/uploads\/2024\/02\/Modulo_1_1-scaled.jpg\",\"datePublished\":\"2024-02-07T08:32:50+00:00\",\"dateModified\":\"2025-06-06T14:58:49+00:00\",\"breadcrumb\":{\"@id\":\"https:\/\/www.foscarini.com\/fr\/spazio-monforte\/#breadcrumb\"},\"inLanguage\":\"fr-FR\",\"potentialAction\":[{\"@type\":\"ReadAction\",\"target\":[\"https:\/\/www.foscarini.com\/fr\/spazio-monforte\/\"]}]},{\"@type\":\"ImageObject\",\"inLanguage\":\"fr-FR\",\"@id\":\"https:\/\/www.foscarini.com\/fr\/spazio-monforte\/#primaryimage\",\"url\":\"https:\/\/www.foscarini.com\/wp-content\/uploads\/2024\/02\/Modulo_1_1-scaled.jpg\",\"contentUrl\":\"https:\/\/www.foscarini.com\/wp-content\/uploads\/2024\/02\/Modulo_1_1-scaled.jpg\",\"width\":2560,\"height\":1419},{\"@type\":\"BreadcrumbList\",\"@id\":\"https:\/\/www.foscarini.com\/fr\/spazio-monforte\/#breadcrumb\",\"itemListElement\":[{\"@type\":\"ListItem\",\"position\":1,\"name\":\"Home\",\"item\":\"https:\/\/www.foscarini.com\/fr\/\"},{\"@type\":\"ListItem\",\"position\":2,\"name\":\"Spazio Monforte\"}]},{\"@type\":\"WebSite\",\"@id\":\"https:\/\/www.foscarini.com\/#website\",\"url\":\"https:\/\/www.foscarini.com\/\",\"name\":\"Foscarini\",\"description\":\"\",\"potentialAction\":[{\"@type\":\"SearchAction\",\"target\":{\"@type\":\"EntryPoint\",\"urlTemplate\":\"https:\/\/www.foscarini.com\/?s={search_term_string}\"},\"query-input\":{\"@type\":\"PropertyValueSpecification\",\"valueRequired\":true,\"valueName\":\"search_term_string\"}}],\"inLanguage\":\"fr-FR\"}]}<\/script>\n<!-- \/ Yoast SEO Premium plugin. -->","yoast_head_json":{"title":"Spazio Monforte - Foscarini","robots":{"index":"index","follow":"follow","max-snippet":"max-snippet:-1","max-image-preview":"max-image-preview:large","max-video-preview":"max-video-preview:-1"},"og_locale":"fr_FR","og_type":"article","og_title":"Spazio Monforte","og_url":"https:\/\/www.foscarini.com\/fr\/spazio-monforte\/","og_site_name":"Foscarini","article_modified_time":"2025-06-06T14:58:49+00:00","og_image":[{"width":2560,"height":1419,"url":"https:\/\/www.foscarini.com\/wp-content\/uploads\/2024\/02\/Modulo_1_1-scaled.jpg","type":"image\/jpeg"}],"twitter_card":"summary_large_image","twitter_misc":{"Dur\u00e9e de lecture estim\u00e9e":"1 minute"},"schema":{"@context":"https:\/\/schema.org","@graph":[{"@type":"WebPage","@id":"https:\/\/www.foscarini.com\/fr\/spazio-monforte\/","url":"https:\/\/www.foscarini.com\/fr\/spazio-monforte\/","name":"Spazio Monforte - Foscarini","isPartOf":{"@id":"https:\/\/www.foscarini.com\/#website"},"primaryImageOfPage":{"@id":"https:\/\/www.foscarini.com\/fr\/spazio-monforte\/#primaryimage"},"image":{"@id":"https:\/\/www.foscarini.com\/fr\/spazio-monforte\/#primaryimage"},"thumbnailUrl":"https:\/\/www.foscarini.com\/wp-content\/uploads\/2024\/02\/Modulo_1_1-scaled.jpg","datePublished":"2024-02-07T08:32:50+00:00","dateModified":"2025-06-06T14:58:49+00:00","breadcrumb":{"@id":"https:\/\/www.foscarini.com\/fr\/spazio-monforte\/#breadcrumb"},"inLanguage":"fr-FR","potentialAction":[{"@type":"ReadAction","target":["https:\/\/www.foscarini.com\/fr\/spazio-monforte\/"]}]},{"@type":"ImageObject","inLanguage":"fr-FR","@id":"https:\/\/www.foscarini.com\/fr\/spazio-monforte\/#primaryimage","url":"https:\/\/www.foscarini.com\/wp-content\/uploads\/2024\/02\/Modulo_1_1-scaled.jpg","contentUrl":"https:\/\/www.foscarini.com\/wp-content\/uploads\/2024\/02\/Modulo_1_1-scaled.jpg","width":2560,"height":1419},{"@type":"BreadcrumbList","@id":"https:\/\/www.foscarini.com\/fr\/spazio-monforte\/#breadcrumb","itemListElement":[{"@type":"ListItem","position":1,"name":"Home","item":"https:\/\/www.foscarini.com\/fr\/"},{"@type":"ListItem","position":2,"name":"Spazio Monforte"}]},{"@type":"WebSite","@id":"https:\/\/www.foscarini.com\/#website","url":"https:\/\/www.foscarini.com\/","name":"Foscarini","description":"","potentialAction":[{"@type":"SearchAction","target":{"@type":"EntryPoint","urlTemplate":"https:\/\/www.foscarini.com\/?s={search_term_string}"},"query-input":{"@type":"PropertyValueSpecification","valueRequired":true,"valueName":"search_term_string"}}],"inLanguage":"fr-FR"}]}},"_links":{"self":[{"href":"https:\/\/www.foscarini.com\/fr\/wp-json\/wp\/v2\/pages\/131137"}],"collection":[{"href":"https:\/\/www.foscarini.com\/fr\/wp-json\/wp\/v2\/pages"}],"about":[{"href":"https:\/\/www.foscarini.com\/fr\/wp-json\/wp\/v2\/types\/page"}],"author":[{"embeddable":true,"href":"https:\/\/www.foscarini.com\/fr\/wp-json\/wp\/v2\/users\/1"}],"replies":[{"embeddable":true,"href":"https:\/\/www.foscarini.com\/fr\/wp-json\/wp\/v2\/comments?post=131137"}],"version-history":[{"count":2,"href":"https:\/\/www.foscarini.com\/fr\/wp-json\/wp\/v2\/pages\/131137\/revisions"}],"predecessor-version":[{"id":426794,"href":"https:\/\/www.foscarini.com\/fr\/wp-json\/wp\/v2\/pages\/131137\/revisions\/426794"}],"wp:featuredmedia":[{"embeddable":true,"href":"https:\/\/www.foscarini.com\/fr\/wp-json\/wp\/v2\/media\/22806"}],"wp:attachment":[{"href":"https:\/\/www.foscarini.com\/fr\/wp-json\/wp\/v2\/media?parent=131137"}],"curies":[{"name":"wp","href":"https:\/\/api.w.org\/{rel}","templated":true}]}}