{"id":448510,"date":"2025-06-10T15:33:08","date_gmt":"2025-06-10T15:33:08","guid":{"rendered":"https:\/\/www.foscarini.com\/product\/twiggy-wood-lettura-twiggy-lettura-r-es\/"},"modified":"2025-06-11T15:53:43","modified_gmt":"2025-06-11T15:53:43","slug":"twiggy-wood-lettura-twiggy-lettura-r-es","status":"publish","type":"product","link":"https:\/\/www.foscarini.com\/es\/producto\/twiggy-wood-lettura-twiggy-lettura-r-es\/","title":{"rendered":"Twiggy Wood Lettura"},"content":{"rendered":"","protected":false},"excerpt":{"rendered":"<p>L\u00e1mpara de pie de luz directa e indirecta. El difusor se obtiene con la superposici\u00f3n de dos l\u00e1minas de madera de roble blanqueado y dispone, en la parte superior e inferior, de un anillo de bamb\u00fa de pocos mil\u00edmetros de grosor para garantizar la circunferencia. El poste es de material compuesto sobre base de fibra de vidrio pintada con l\u00edquido. Base circular de metal pintado con polvos epox\u00eddicos. Se entregan de serie 4 contrapesos que se colocan en el alojamiento correspondiente encima del difusor para regular su altura. Es posible solicitar varillas adicionales para extender el arco. El cable transparente dispone de un regulador de luz que act\u00faa como regulador de la intensidad luminosa gradual y como interruptor on\/off.<\/p>\n","protected":false},"featured_media":470985,"comment_status":"open","ping_status":"closed","template":"","meta":{"_acf_changed":true},"product_cat":[653,719,758,679,13771],"product_tag":[],"materiale":[7941],"altezza":[11816],"larghezza":[8609],"profondita":[8669],"peso":[7329],"designer-prodotto":[7380],"class_list":{"0":"post-448510","1":"product","2":"type-product","3":"status-publish","4":"has-post-thumbnail","6":"product_cat-concetto-es","7":"product_cat-funzione-es","8":"product_cat-terra-es","9":"product_cat-twiggy-concetto-es","10":"product_cat-twiggy-lettura-famiglia-es","11":"materiale-fibra-di-carbonio-e-compositi-es","12":"altezza-63375-es","13":"larghezza-18-18-es","14":"profondita-18-18-es","15":"peso-0-es","16":"designer-prodotto-marc-sadler-es","18":"first","19":"instock","20":"shipping-taxable","21":"purchasable","22":"product-type-variable"},"acf":{"preview_slider":{"titolo":"","testo":"","video_domanda":false,"link_video":""},"prodotto__immagine_preview":{"immagine":448511},"prodotto__slider":{"sottotitolo":"Marc Sadler (2020)","titolo":"Tradici\u00f3n e innovaci\u00f3n se combinan perfectamente en la l\u00e1mpara de pie Twiggy Wood. La ligereza de un proyecto, que se ha convertido en ic\u00f3nico entre las l\u00e1mparas de pie de dise\u00f1o, encuentra el calor de la madera, creando una s\u00edntesis que sorprende por su elegancia.","immagini":[{"immagine":460770,"immagine_mobile":""},{"immagine":460757,"immagine_mobile":""}]},"prodotto__slider_preview":null,"prodotto__specifiche":{"selezione":[{"scheda_tecnica":464392}]}},"yoast_head":"<!-- This site is optimized with the Yoast SEO Premium plugin v22.4 (Yoast SEO v23.7) - https:\/\/yoast.com\/wordpress\/plugins\/seo\/ -->\n<title>Twiggy Wood Lettura - Foscarini<\/title>\n<meta name=\"robots\" content=\"index, follow, max-snippet:-1, max-image-preview:large, max-video-preview:-1\" \/>\n<meta property=\"og:locale\" content=\"es_ES\" \/>\n<meta property=\"og:type\" content=\"article\" \/>\n<meta property=\"og:title\" content=\"Twiggy Wood Lettura\" \/>\n<meta property=\"og:description\" content=\"L\u00e1mpara de pie de luz directa e indirecta. El difusor se obtiene con la superposici\u00f3n de dos l\u00e1minas de madera de roble blanqueado y dispone, en la parte superior e inferior, de un anillo de bamb\u00fa de pocos mil\u00edmetros de grosor para garantizar la circunferencia. El poste es de material compuesto sobre base de fibra de vidrio pintada con l\u00edquido. Base circular de metal pintado con polvos epox\u00eddicos. Se entregan de serie 4 contrapesos que se colocan en el alojamiento correspondiente encima del difusor para regular su altura. Es posible solicitar varillas adicionales para extender el arco. El cable transparente dispone de un regulador de luz que act\u00faa como regulador de la intensidad luminosa gradual y como interruptor on\/off.\" \/>\n<meta property=\"og:url\" content=\"https:\/\/www.foscarini.com\/es\/producto\/twiggy-wood-lettura-twiggy-lettura-r-es\/\" \/>\n<meta property=\"og:site_name\" content=\"Foscarini\" \/>\n<meta property=\"article:modified_time\" content=\"2025-06-11T15:53:43+00:00\" \/>\n<meta property=\"og:image\" content=\"https:\/\/www.foscarini.com\/wp-content\/uploads\/2025\/06\/twiggy-lettura-wood_f_rosewood_22_786x865-4.jpg\" \/>\n\t<meta property=\"og:image:width\" content=\"786\" \/>\n\t<meta property=\"og:image:height\" content=\"865\" \/>\n\t<meta property=\"og:image:type\" content=\"image\/jpeg\" \/>\n<meta name=\"twitter:card\" content=\"summary_large_image\" \/>\n<meta name=\"twitter:label1\" content=\"Tiempo de lectura\" \/>\n\t<meta name=\"twitter:data1\" content=\"1 minuto\" \/>\n<script type=\"application\/ld+json\" class=\"yoast-schema-graph\">{\"@context\":\"https:\/\/schema.org\",\"@graph\":[{\"@type\":\"WebPage\",\"@id\":\"https:\/\/www.foscarini.com\/es\/producto\/twiggy-wood-lettura-twiggy-lettura-r-es\/\",\"url\":\"https:\/\/www.foscarini.com\/es\/producto\/twiggy-wood-lettura-twiggy-lettura-r-es\/\",\"name\":\"Twiggy Wood Lettura - Foscarini\",\"isPartOf\":{\"@id\":\"https:\/\/www.foscarini.com\/#website\"},\"primaryImageOfPage\":{\"@id\":\"https:\/\/www.foscarini.com\/es\/producto\/twiggy-wood-lettura-twiggy-lettura-r-es\/#primaryimage\"},\"image\":{\"@id\":\"https:\/\/www.foscarini.com\/es\/producto\/twiggy-wood-lettura-twiggy-lettura-r-es\/#primaryimage\"},\"thumbnailUrl\":\"https:\/\/www.foscarini.com\/wp-content\/uploads\/2025\/06\/twiggy-lettura-wood_f_rosewood_22_786x865-11.jpg\",\"datePublished\":\"2025-06-10T15:33:08+00:00\",\"dateModified\":\"2025-06-11T15:53:43+00:00\",\"breadcrumb\":{\"@id\":\"https:\/\/www.foscarini.com\/es\/producto\/twiggy-wood-lettura-twiggy-lettura-r-es\/#breadcrumb\"},\"inLanguage\":\"es\",\"potentialAction\":[{\"@type\":\"ReadAction\",\"target\":[\"https:\/\/www.foscarini.com\/es\/producto\/twiggy-wood-lettura-twiggy-lettura-r-es\/\"]}]},{\"@type\":\"ImageObject\",\"inLanguage\":\"es\",\"@id\":\"https:\/\/www.foscarini.com\/es\/producto\/twiggy-wood-lettura-twiggy-lettura-r-es\/#primaryimage\",\"url\":\"https:\/\/www.foscarini.com\/wp-content\/uploads\/2025\/06\/twiggy-lettura-wood_f_rosewood_22_786x865-11.jpg\",\"contentUrl\":\"https:\/\/www.foscarini.com\/wp-content\/uploads\/2025\/06\/twiggy-lettura-wood_f_rosewood_22_786x865-11.jpg\",\"width\":786,\"height\":865},{\"@type\":\"BreadcrumbList\",\"@id\":\"https:\/\/www.foscarini.com\/es\/producto\/twiggy-wood-lettura-twiggy-lettura-r-es\/#breadcrumb\",\"itemListElement\":[{\"@type\":\"ListItem\",\"position\":1,\"name\":\"Home\",\"item\":\"https:\/\/www.foscarini.com\/es\/\"},{\"@type\":\"ListItem\",\"position\":2,\"name\":\"Tienda\",\"item\":\"https:\/\/www.foscarini.com\/es\/tienda\/\"},{\"@type\":\"ListItem\",\"position\":3,\"name\":\"Twiggy Wood Lettura\"}]},{\"@type\":\"WebSite\",\"@id\":\"https:\/\/www.foscarini.com\/#website\",\"url\":\"https:\/\/www.foscarini.com\/\",\"name\":\"Foscarini\",\"description\":\"\",\"potentialAction\":[{\"@type\":\"SearchAction\",\"target\":{\"@type\":\"EntryPoint\",\"urlTemplate\":\"https:\/\/www.foscarini.com\/?s={search_term_string}\"},\"query-input\":{\"@type\":\"PropertyValueSpecification\",\"valueRequired\":true,\"valueName\":\"search_term_string\"}}],\"inLanguage\":\"es\"}]}<\/script>\n<!-- \/ Yoast SEO Premium plugin. -->","yoast_head_json":{"title":"Twiggy Wood Lettura - Foscarini","robots":{"index":"index","follow":"follow","max-snippet":"max-snippet:-1","max-image-preview":"max-image-preview:large","max-video-preview":"max-video-preview:-1"},"og_locale":"es_ES","og_type":"article","og_title":"Twiggy Wood Lettura","og_description":"L\u00e1mpara de pie de luz directa e indirecta. El difusor se obtiene con la superposici\u00f3n de dos l\u00e1minas de madera de roble blanqueado y dispone, en la parte superior e inferior, de un anillo de bamb\u00fa de pocos mil\u00edmetros de grosor para garantizar la circunferencia. El poste es de material compuesto sobre base de fibra de vidrio pintada con l\u00edquido. Base circular de metal pintado con polvos epox\u00eddicos. Se entregan de serie 4 contrapesos que se colocan en el alojamiento correspondiente encima del difusor para regular su altura. Es posible solicitar varillas adicionales para extender el arco. El cable transparente dispone de un regulador de luz que act\u00faa como regulador de la intensidad luminosa gradual y como interruptor on\/off.","og_url":"https:\/\/www.foscarini.com\/es\/producto\/twiggy-wood-lettura-twiggy-lettura-r-es\/","og_site_name":"Foscarini","article_modified_time":"2025-06-11T15:53:43+00:00","og_image":[{"width":786,"height":865,"url":"https:\/\/www.foscarini.com\/wp-content\/uploads\/2025\/06\/twiggy-lettura-wood_f_rosewood_22_786x865-4.jpg","type":"image\/jpeg"}],"twitter_card":"summary_large_image","twitter_misc":{"Tiempo de lectura":"1 minuto"},"schema":{"@context":"https:\/\/schema.org","@graph":[{"@type":"WebPage","@id":"https:\/\/www.foscarini.com\/es\/producto\/twiggy-wood-lettura-twiggy-lettura-r-es\/","url":"https:\/\/www.foscarini.com\/es\/producto\/twiggy-wood-lettura-twiggy-lettura-r-es\/","name":"Twiggy Wood Lettura - Foscarini","isPartOf":{"@id":"https:\/\/www.foscarini.com\/#website"},"primaryImageOfPage":{"@id":"https:\/\/www.foscarini.com\/es\/producto\/twiggy-wood-lettura-twiggy-lettura-r-es\/#primaryimage"},"image":{"@id":"https:\/\/www.foscarini.com\/es\/producto\/twiggy-wood-lettura-twiggy-lettura-r-es\/#primaryimage"},"thumbnailUrl":"https:\/\/www.foscarini.com\/wp-content\/uploads\/2025\/06\/twiggy-lettura-wood_f_rosewood_22_786x865-11.jpg","datePublished":"2025-06-10T15:33:08+00:00","dateModified":"2025-06-11T15:53:43+00:00","breadcrumb":{"@id":"https:\/\/www.foscarini.com\/es\/producto\/twiggy-wood-lettura-twiggy-lettura-r-es\/#breadcrumb"},"inLanguage":"es","potentialAction":[{"@type":"ReadAction","target":["https:\/\/www.foscarini.com\/es\/producto\/twiggy-wood-lettura-twiggy-lettura-r-es\/"]}]},{"@type":"ImageObject","inLanguage":"es","@id":"https:\/\/www.foscarini.com\/es\/producto\/twiggy-wood-lettura-twiggy-lettura-r-es\/#primaryimage","url":"https:\/\/www.foscarini.com\/wp-content\/uploads\/2025\/06\/twiggy-lettura-wood_f_rosewood_22_786x865-11.jpg","contentUrl":"https:\/\/www.foscarini.com\/wp-content\/uploads\/2025\/06\/twiggy-lettura-wood_f_rosewood_22_786x865-11.jpg","width":786,"height":865},{"@type":"BreadcrumbList","@id":"https:\/\/www.foscarini.com\/es\/producto\/twiggy-wood-lettura-twiggy-lettura-r-es\/#breadcrumb","itemListElement":[{"@type":"ListItem","position":1,"name":"Home","item":"https:\/\/www.foscarini.com\/es\/"},{"@type":"ListItem","position":2,"name":"Tienda","item":"https:\/\/www.foscarini.com\/es\/tienda\/"},{"@type":"ListItem","position":3,"name":"Twiggy Wood Lettura"}]},{"@type":"WebSite","@id":"https:\/\/www.foscarini.com\/#website","url":"https:\/\/www.foscarini.com\/","name":"Foscarini","description":"","potentialAction":[{"@type":"SearchAction","target":{"@type":"EntryPoint","urlTemplate":"https:\/\/www.foscarini.com\/?s={search_term_string}"},"query-input":{"@type":"PropertyValueSpecification","valueRequired":true,"valueName":"search_term_string"}}],"inLanguage":"es"}]}},"_links":{"self":[{"href":"https:\/\/www.foscarini.com\/es\/wp-json\/wp\/v2\/product\/448510"}],"collection":[{"href":"https:\/\/www.foscarini.com\/es\/wp-json\/wp\/v2\/product"}],"about":[{"href":"https:\/\/www.foscarini.com\/es\/wp-json\/wp\/v2\/types\/product"}],"replies":[{"embeddable":true,"href":"https:\/\/www.foscarini.com\/es\/wp-json\/wp\/v2\/comments?post=448510"}],"wp:featuredmedia":[{"embeddable":true,"href":"https:\/\/www.foscarini.com\/es\/wp-json\/wp\/v2\/media\/470985"}],"wp:attachment":[{"href":"https:\/\/www.foscarini.com\/es\/wp-json\/wp\/v2\/media?parent=448510"}],"wp:term":[{"taxonomy":"product_cat","embeddable":true,"href":"https:\/\/www.foscarini.com\/es\/wp-json\/wp\/v2\/product_cat?post=448510"},{"taxonomy":"product_tag","embeddable":true,"href":"https:\/\/www.foscarini.com\/es\/wp-json\/wp\/v2\/product_tag?post=448510"},{"taxonomy":"materiale","embeddable":true,"href":"https:\/\/www.foscarini.com\/es\/wp-json\/wp\/v2\/materiale?post=448510"},{"taxonomy":"altezza","embeddable":true,"href":"https:\/\/www.foscarini.com\/es\/wp-json\/wp\/v2\/altezza?post=448510"},{"taxonomy":"larghezza","embeddable":true,"href":"https:\/\/www.foscarini.com\/es\/wp-json\/wp\/v2\/larghezza?post=448510"},{"taxonomy":"profondita","embeddable":true,"href":"https:\/\/www.foscarini.com\/es\/wp-json\/wp\/v2\/profondita?post=448510"},{"taxonomy":"peso","embeddable":true,"href":"https:\/\/www.foscarini.com\/es\/wp-json\/wp\/v2\/peso?post=448510"},{"taxonomy":"designer-prodotto","embeddable":true,"href":"https:\/\/www.foscarini.com\/es\/wp-json\/wp\/v2\/designer-prodotto?post=448510"}],"curies":[{"name":"wp","href":"https:\/\/api.w.org\/{rel}","templated":true}]}}