{"id":365855,"date":"2025-04-04T18:21:29","date_gmt":"2025-04-04T18:21:29","guid":{"rendered":"https:\/\/www.foscarini.com\/product\/pli-std-s-es\/"},"modified":"2025-06-11T14:48:55","modified_gmt":"2025-06-11T14:48:55","slug":"pli-std-s-es","status":"publish","type":"product","link":"https:\/\/www.foscarini.com\/es\/producto\/pli-std-s-es\/","title":{"rendered":"Pli"},"content":{"rendered":"<section class=\"pdp__slider full-height-vh\">\n    <div class=\"swiper-container swiper__pdp\">\n        <div class=\"swiper-wrapper full-height\">\n                                <div class=\"swiper-slide\">\n                                                    <img decoding=\"async\" class=\"full-cover\" src=\"https:\/\/www.foscarini.com\/wp-content\/uploads\/2025\/04\/3._Pli-150x150.jpg\" srcset=\"https:\/\/www.foscarini.com\/wp-content\/uploads\/2025\/04\/3._Pli-194x300.jpg 194w, https:\/\/www.foscarini.com\/wp-content\/uploads\/2025\/04\/3._Pli-663x1024.jpg 663w, https:\/\/www.foscarini.com\/wp-content\/uploads\/2025\/04\/3._Pli-768x1186.jpg 768w, https:\/\/www.foscarini.com\/wp-content\/uploads\/2025\/04\/3._Pli-800x1235.jpg 800w, https:\/\/www.foscarini.com\/wp-content\/uploads\/2025\/04\/3._Pli.jpg 960w\" alt=\"\" \/>\n                                                                        <\/div>\n                                        <div class=\"swiper-slide\">\n                                                    <img decoding=\"async\" class=\"full-cover\" src=\"https:\/\/www.foscarini.com\/wp-content\/uploads\/2025\/04\/3.5_Pli-150x150.jpg\" srcset=\"https:\/\/www.foscarini.com\/wp-content\/uploads\/2025\/04\/3.5_Pli-194x300.jpg 194w, https:\/\/www.foscarini.com\/wp-content\/uploads\/2025\/04\/3.5_Pli-663x1024.jpg 663w, https:\/\/www.foscarini.com\/wp-content\/uploads\/2025\/04\/3.5_Pli-768x1186.jpg 768w, https:\/\/www.foscarini.com\/wp-content\/uploads\/2025\/04\/3.5_Pli-800x1235.jpg 800w, https:\/\/www.foscarini.com\/wp-content\/uploads\/2025\/04\/3.5_Pli.jpg 960w\" alt=\"\" \/>\n                                                                        <\/div>\n                                        <div class=\"swiper-slide\">\n                                                    <img decoding=\"async\" class=\"full-cover\" src=\"https:\/\/www.foscarini.com\/wp-content\/uploads\/2025\/04\/3.4_Pli-150x150.jpg\" srcset=\"https:\/\/www.foscarini.com\/wp-content\/uploads\/2025\/04\/3.4_Pli-194x300.jpg 194w, https:\/\/www.foscarini.com\/wp-content\/uploads\/2025\/04\/3.4_Pli-663x1024.jpg 663w, https:\/\/www.foscarini.com\/wp-content\/uploads\/2025\/04\/3.4_Pli-768x1186.jpg 768w, https:\/\/www.foscarini.com\/wp-content\/uploads\/2025\/04\/3.4_Pli-800x1235.jpg 800w, https:\/\/www.foscarini.com\/wp-content\/uploads\/2025\/04\/3.4_Pli.jpg 960w\" alt=\"\" \/>\n                                                                        <\/div>\n                                        <div class=\"swiper-slide\">\n                                                    <img decoding=\"async\" class=\"full-cover\" src=\"https:\/\/www.foscarini.com\/wp-content\/uploads\/2025\/04\/3.3_Pli-150x150.jpg\" srcset=\"https:\/\/www.foscarini.com\/wp-content\/uploads\/2025\/04\/3.3_Pli-300x250.jpg 300w, https:\/\/www.foscarini.com\/wp-content\/uploads\/2025\/04\/3.3_Pli-1024x854.jpg 1024w, https:\/\/www.foscarini.com\/wp-content\/uploads\/2025\/04\/3.3_Pli-768x641.jpg 768w, https:\/\/www.foscarini.com\/wp-content\/uploads\/2025\/04\/3.3_Pli-1536x1282.jpg 1536w, https:\/\/www.foscarini.com\/wp-content\/uploads\/2025\/04\/3.3_Pli-800x668.jpg 800w, https:\/\/www.foscarini.com\/wp-content\/uploads\/2025\/04\/3.3_Pli.jpg 1776w\" alt=\"\" \/>\n                                                                        <\/div>\n                                        <div class=\"swiper-slide\">\n                                                    <img decoding=\"async\" class=\"full-cover\" src=\"https:\/\/www.foscarini.com\/wp-content\/uploads\/2025\/04\/3.1_Pli-150x150.jpg\" srcset=\"https:\/\/www.foscarini.com\/wp-content\/uploads\/2025\/04\/3.1_Pli-300x250.jpg 300w, https:\/\/www.foscarini.com\/wp-content\/uploads\/2025\/04\/3.1_Pli-1024x854.jpg 1024w, https:\/\/www.foscarini.com\/wp-content\/uploads\/2025\/04\/3.1_Pli-768x641.jpg 768w, https:\/\/www.foscarini.com\/wp-content\/uploads\/2025\/04\/3.1_Pli-1536x1282.jpg 1536w, https:\/\/www.foscarini.com\/wp-content\/uploads\/2025\/04\/3.1_Pli-800x668.jpg 800w, https:\/\/www.foscarini.com\/wp-content\/uploads\/2025\/04\/3.1_Pli.jpg 1776w\" alt=\"\" \/>\n                                                                        <\/div>\n                            <\/div>\n    <\/div>\n    <div class=\"swiper-scrollbar\"><\/div>\n    <div class=\"ct-arrow\">\n        <div class=\"swiper-button-prev\"><\/div>\n        <div class=\"swiper-button-next\"><\/div>\n    <\/div>\n<\/section><div class=\"wp-block-columns two_image_join two_image_join_affiancate on_off_block is-layout-flex wp-container-core-columns-is-layout-1 wp-block-columns-is-layout-flex\"><div class=\"wp-block-column is-layout-flow wp-block-column-is-layout-flow\"><div class=\"wp-block-getwid-image-hotspot\" data-appearance-animation=\"none\" data-image-points=\"[{&quot;link&quot;:&quot;&quot;,&quot;icon&quot;:&quot;&quot;,&quot;title&quot;:&quot;acceso&quot;,&quot;color&quot;:&quot;&quot;,&quot;content&quot;:&quot;&quot;,&quot;backgroundColor&quot;:&quot;&quot;,&quot;newTab&quot;:false,&quot;popUpOpen&quot;:false,&quot;popUpWidth&quot;:350,&quot;placement&quot;:&quot;top&quot;,&quot;position&quot;:{&quot;x&quot;:&quot;40.89%&quot;,&quot;y&quot;:&quot;25.99%&quot;}}]\" data-trigger=\"click\" data-theme=\"light\" data-tooltip-animation=\"shift-toward\" data-arrow=\"true\"><div class=\"wp-block-getwid-image-hotspot__wrapper\"><img loading=\"lazy\" decoding=\"async\" width=\"2560\" height=\"1591\" src=\"https:\/\/www.foscarini.com\/wp-content\/uploads\/2025\/04\/4.1_Pli_OFF-scaled.jpg\" alt=\"\" class=\"wp-block-getwid-image-hotspot__image wp-image-395957\" srcset=\"https:\/\/www.foscarini.com\/wp-content\/uploads\/2025\/04\/4.1_Pli_OFF-scaled.jpg 2560w, https:\/\/www.foscarini.com\/wp-content\/uploads\/2025\/04\/4.1_Pli_OFF-300x186.jpg 300w, https:\/\/www.foscarini.com\/wp-content\/uploads\/2025\/04\/4.1_Pli_OFF-1024x636.jpg 1024w, https:\/\/www.foscarini.com\/wp-content\/uploads\/2025\/04\/4.1_Pli_OFF-768x477.jpg 768w, https:\/\/www.foscarini.com\/wp-content\/uploads\/2025\/04\/4.1_Pli_OFF-1536x955.jpg 1536w, https:\/\/www.foscarini.com\/wp-content\/uploads\/2025\/04\/4.1_Pli_OFF-2048x1273.jpg 2048w, https:\/\/www.foscarini.com\/wp-content\/uploads\/2025\/04\/4.1_Pli_OFF-800x497.jpg 800w\" sizes=\"(max-width: 2560px) 100vw, 2560px\" \/><div data-point-id=\"0\" class=\"wp-block-getwid-image-hotspot__dot has-animation-pulse\" style=\"left:40.89%;top:25.99%\"><div class=\"wp-block-getwid-image-hotspot__dot-wrapper\"><div class=\"wp-block-getwid-image-hotspot__dot-content\"><i class=\"fas fa-plus wp-block-getwid-image-hotspot__dot-icon\"><\/i><\/div><\/div><div class=\"wp-block-getwid-image-hotspot__dot-description\"><div class=\"wp-block-getwid-image-hotspot__dot-title\">acceso<\/div><\/div><\/div><\/div><\/div>\n\n<figure class=\"wp-block-image size-large absolute_image\"><img loading=\"lazy\" decoding=\"async\" width=\"1024\" height=\"636\" src=\"https:\/\/www.foscarini.com\/wp-content\/uploads\/2025\/04\/4.2_Pli_ON-1024x636.jpg\" alt=\"\" class=\"wp-image-395964\" srcset=\"https:\/\/www.foscarini.com\/wp-content\/uploads\/2025\/04\/4.2_Pli_ON-1024x636.jpg 1024w, https:\/\/www.foscarini.com\/wp-content\/uploads\/2025\/04\/4.2_Pli_ON-300x186.jpg 300w, https:\/\/www.foscarini.com\/wp-content\/uploads\/2025\/04\/4.2_Pli_ON-768x477.jpg 768w, https:\/\/www.foscarini.com\/wp-content\/uploads\/2025\/04\/4.2_Pli_ON-1536x955.jpg 1536w, https:\/\/www.foscarini.com\/wp-content\/uploads\/2025\/04\/4.2_Pli_ON-2048x1273.jpg 2048w, https:\/\/www.foscarini.com\/wp-content\/uploads\/2025\/04\/4.2_Pli_ON-800x497.jpg 800w\" sizes=\"(max-width: 1024px) 100vw, 1024px\" \/><\/figure><\/div><\/div>","protected":false},"excerpt":{"rendered":"<p>L\u00e1mpara de suspensi\u00f3n con luz directa, indirecta y semi-difusa, que aporta una atm\u00f3sfera c\u00e1lida y envolvente a los interiores. El cuerpo de PMMA alberga una estructura tubular de aluminio con tiras LED. El difusor es una larga tira de papel art\u00edstico italiano de alta calidad, fabricado al 100% con fibras de algod\u00f3n, plegado en suaves pliegues, y fijado en los extremos con dos tapas redondas de aluminio natural, satinado y barnizado transparente. Cables de suspensi\u00f3n de acero y cable el\u00e9ctrico transparente, con dosel de ABS blanco mate que alberga el transformador.<\/p>\n","protected":false},"featured_media":469146,"comment_status":"open","ping_status":"closed","template":"","meta":{"_acf_changed":true},"product_cat":[653,719,6994,13736,744],"product_tag":[],"materiale":[8275],"altezza":[9041],"larghezza":[11502],"profondita":[8896],"peso":[7329],"designer-prodotto":[11958],"class_list":{"0":"post-365855","1":"product","2":"type-product","3":"status-publish","4":"has-post-thumbnail","6":"product_cat-concetto-es","7":"product_cat-funzione-es","8":"product_cat-pli-concetto-es","9":"product_cat-pli-famiglia-es","10":"product_cat-sospensione-es","11":"materiale-carta-es","12":"altezza-18-es","13":"larghezza-85-es","14":"profondita-20-es","15":"peso-0-es","16":"designer-prodotto-felicia-arvid-es","18":"first","19":"instock","20":"shipping-taxable","21":"purchasable","22":"product-type-variable"},"acf":{"preview_slider":{"titolo":"","testo":"","video_domanda":false,"link_video":""},"prodotto__immagine_preview":{"immagine":365858},"prodotto__slider":{"sottotitolo":"Felicia Arvid (2023)","titolo":"Una l\u00e1mpara de suspensi\u00f3n que une forma, material y estructura en un solo gesto. Los pliegues suaves y los drapeados de Pli evocan la ligereza de una prenda, mientras que su luz aporta una atm\u00f3sfera c\u00e1lida y envolvente a los interiores.","immagini":[{"immagine":395971,"immagine_mobile":""}]},"prodotto__slider_preview":null,"prodotto__specifiche":{"selezione":[{"scheda_tecnica":463422}]}},"yoast_head":"<!-- This site is optimized with the Yoast SEO Premium plugin v22.4 (Yoast SEO v23.7) - https:\/\/yoast.com\/wordpress\/plugins\/seo\/ -->\n<title>Pli - Foscarini<\/title>\n<meta name=\"robots\" content=\"index, follow, max-snippet:-1, max-image-preview:large, max-video-preview:-1\" \/>\n<meta property=\"og:locale\" content=\"es_ES\" \/>\n<meta property=\"og:type\" content=\"article\" \/>\n<meta property=\"og:title\" content=\"Pli\" \/>\n<meta property=\"og:description\" content=\"L\u00e1mpara de suspensi\u00f3n con luz directa, indirecta y semi-difusa, que aporta una atm\u00f3sfera c\u00e1lida y envolvente a los interiores. El cuerpo de PMMA alberga una estructura tubular de aluminio con tiras LED. El difusor es una larga tira de papel art\u00edstico italiano de alta calidad, fabricado al 100% con fibras de algod\u00f3n, plegado en suaves pliegues, y fijado en los extremos con dos tapas redondas de aluminio natural, satinado y barnizado transparente. Cables de suspensi\u00f3n de acero y cable el\u00e9ctrico transparente, con dosel de ABS blanco mate que alberga el transformador.\" \/>\n<meta property=\"og:url\" content=\"https:\/\/www.foscarini.com\/es\/producto\/pli-std-s-es\/\" \/>\n<meta property=\"og:site_name\" content=\"Foscarini\" \/>\n<meta property=\"article:modified_time\" content=\"2025-06-11T14:48:55+00:00\" \/>\n<meta property=\"og:image\" content=\"https:\/\/www.foscarini.com\/wp-content\/uploads\/2025\/06\/pli_s_paper_22_786x865-1.jpg\" \/>\n\t<meta property=\"og:image:width\" content=\"786\" \/>\n\t<meta property=\"og:image:height\" content=\"865\" \/>\n\t<meta property=\"og:image:type\" content=\"image\/jpeg\" \/>\n<meta name=\"twitter:card\" content=\"summary_large_image\" \/>\n<meta name=\"twitter:label1\" content=\"Tiempo de lectura\" \/>\n\t<meta name=\"twitter:data1\" content=\"1 minuto\" \/>\n<script type=\"application\/ld+json\" class=\"yoast-schema-graph\">{\"@context\":\"https:\/\/schema.org\",\"@graph\":[{\"@type\":\"WebPage\",\"@id\":\"https:\/\/www.foscarini.com\/es\/producto\/pli-std-s-es\/\",\"url\":\"https:\/\/www.foscarini.com\/es\/producto\/pli-std-s-es\/\",\"name\":\"Pli - Foscarini\",\"isPartOf\":{\"@id\":\"https:\/\/www.foscarini.com\/#website\"},\"primaryImageOfPage\":{\"@id\":\"https:\/\/www.foscarini.com\/es\/producto\/pli-std-s-es\/#primaryimage\"},\"image\":{\"@id\":\"https:\/\/www.foscarini.com\/es\/producto\/pli-std-s-es\/#primaryimage\"},\"thumbnailUrl\":\"https:\/\/www.foscarini.com\/wp-content\/uploads\/2025\/06\/pli_s_paper_22_786x865-3.jpg\",\"datePublished\":\"2025-04-04T18:21:29+00:00\",\"dateModified\":\"2025-06-11T14:48:55+00:00\",\"breadcrumb\":{\"@id\":\"https:\/\/www.foscarini.com\/es\/producto\/pli-std-s-es\/#breadcrumb\"},\"inLanguage\":\"es\",\"potentialAction\":[{\"@type\":\"ReadAction\",\"target\":[\"https:\/\/www.foscarini.com\/es\/producto\/pli-std-s-es\/\"]}]},{\"@type\":\"ImageObject\",\"inLanguage\":\"es\",\"@id\":\"https:\/\/www.foscarini.com\/es\/producto\/pli-std-s-es\/#primaryimage\",\"url\":\"https:\/\/www.foscarini.com\/wp-content\/uploads\/2025\/06\/pli_s_paper_22_786x865-3.jpg\",\"contentUrl\":\"https:\/\/www.foscarini.com\/wp-content\/uploads\/2025\/06\/pli_s_paper_22_786x865-3.jpg\",\"width\":786,\"height\":865},{\"@type\":\"BreadcrumbList\",\"@id\":\"https:\/\/www.foscarini.com\/es\/producto\/pli-std-s-es\/#breadcrumb\",\"itemListElement\":[{\"@type\":\"ListItem\",\"position\":1,\"name\":\"Home\",\"item\":\"https:\/\/www.foscarini.com\/es\/\"},{\"@type\":\"ListItem\",\"position\":2,\"name\":\"Tienda\",\"item\":\"https:\/\/www.foscarini.com\/es\/tienda\/\"},{\"@type\":\"ListItem\",\"position\":3,\"name\":\"Pli\"}]},{\"@type\":\"WebSite\",\"@id\":\"https:\/\/www.foscarini.com\/#website\",\"url\":\"https:\/\/www.foscarini.com\/\",\"name\":\"Foscarini\",\"description\":\"\",\"potentialAction\":[{\"@type\":\"SearchAction\",\"target\":{\"@type\":\"EntryPoint\",\"urlTemplate\":\"https:\/\/www.foscarini.com\/?s={search_term_string}\"},\"query-input\":{\"@type\":\"PropertyValueSpecification\",\"valueRequired\":true,\"valueName\":\"search_term_string\"}}],\"inLanguage\":\"es\"}]}<\/script>\n<!-- \/ Yoast SEO Premium plugin. -->","yoast_head_json":{"title":"Pli - Foscarini","robots":{"index":"index","follow":"follow","max-snippet":"max-snippet:-1","max-image-preview":"max-image-preview:large","max-video-preview":"max-video-preview:-1"},"og_locale":"es_ES","og_type":"article","og_title":"Pli","og_description":"L\u00e1mpara de suspensi\u00f3n con luz directa, indirecta y semi-difusa, que aporta una atm\u00f3sfera c\u00e1lida y envolvente a los interiores. El cuerpo de PMMA alberga una estructura tubular de aluminio con tiras LED. El difusor es una larga tira de papel art\u00edstico italiano de alta calidad, fabricado al 100% con fibras de algod\u00f3n, plegado en suaves pliegues, y fijado en los extremos con dos tapas redondas de aluminio natural, satinado y barnizado transparente. Cables de suspensi\u00f3n de acero y cable el\u00e9ctrico transparente, con dosel de ABS blanco mate que alberga el transformador.","og_url":"https:\/\/www.foscarini.com\/es\/producto\/pli-std-s-es\/","og_site_name":"Foscarini","article_modified_time":"2025-06-11T14:48:55+00:00","og_image":[{"width":786,"height":865,"url":"https:\/\/www.foscarini.com\/wp-content\/uploads\/2025\/06\/pli_s_paper_22_786x865-1.jpg","type":"image\/jpeg"}],"twitter_card":"summary_large_image","twitter_misc":{"Tiempo de lectura":"1 minuto"},"schema":{"@context":"https:\/\/schema.org","@graph":[{"@type":"WebPage","@id":"https:\/\/www.foscarini.com\/es\/producto\/pli-std-s-es\/","url":"https:\/\/www.foscarini.com\/es\/producto\/pli-std-s-es\/","name":"Pli - Foscarini","isPartOf":{"@id":"https:\/\/www.foscarini.com\/#website"},"primaryImageOfPage":{"@id":"https:\/\/www.foscarini.com\/es\/producto\/pli-std-s-es\/#primaryimage"},"image":{"@id":"https:\/\/www.foscarini.com\/es\/producto\/pli-std-s-es\/#primaryimage"},"thumbnailUrl":"https:\/\/www.foscarini.com\/wp-content\/uploads\/2025\/06\/pli_s_paper_22_786x865-3.jpg","datePublished":"2025-04-04T18:21:29+00:00","dateModified":"2025-06-11T14:48:55+00:00","breadcrumb":{"@id":"https:\/\/www.foscarini.com\/es\/producto\/pli-std-s-es\/#breadcrumb"},"inLanguage":"es","potentialAction":[{"@type":"ReadAction","target":["https:\/\/www.foscarini.com\/es\/producto\/pli-std-s-es\/"]}]},{"@type":"ImageObject","inLanguage":"es","@id":"https:\/\/www.foscarini.com\/es\/producto\/pli-std-s-es\/#primaryimage","url":"https:\/\/www.foscarini.com\/wp-content\/uploads\/2025\/06\/pli_s_paper_22_786x865-3.jpg","contentUrl":"https:\/\/www.foscarini.com\/wp-content\/uploads\/2025\/06\/pli_s_paper_22_786x865-3.jpg","width":786,"height":865},{"@type":"BreadcrumbList","@id":"https:\/\/www.foscarini.com\/es\/producto\/pli-std-s-es\/#breadcrumb","itemListElement":[{"@type":"ListItem","position":1,"name":"Home","item":"https:\/\/www.foscarini.com\/es\/"},{"@type":"ListItem","position":2,"name":"Tienda","item":"https:\/\/www.foscarini.com\/es\/tienda\/"},{"@type":"ListItem","position":3,"name":"Pli"}]},{"@type":"WebSite","@id":"https:\/\/www.foscarini.com\/#website","url":"https:\/\/www.foscarini.com\/","name":"Foscarini","description":"","potentialAction":[{"@type":"SearchAction","target":{"@type":"EntryPoint","urlTemplate":"https:\/\/www.foscarini.com\/?s={search_term_string}"},"query-input":{"@type":"PropertyValueSpecification","valueRequired":true,"valueName":"search_term_string"}}],"inLanguage":"es"}]}},"_links":{"self":[{"href":"https:\/\/www.foscarini.com\/es\/wp-json\/wp\/v2\/product\/365855"}],"collection":[{"href":"https:\/\/www.foscarini.com\/es\/wp-json\/wp\/v2\/product"}],"about":[{"href":"https:\/\/www.foscarini.com\/es\/wp-json\/wp\/v2\/types\/product"}],"replies":[{"embeddable":true,"href":"https:\/\/www.foscarini.com\/es\/wp-json\/wp\/v2\/comments?post=365855"}],"wp:featuredmedia":[{"embeddable":true,"href":"https:\/\/www.foscarini.com\/es\/wp-json\/wp\/v2\/media\/469146"}],"wp:attachment":[{"href":"https:\/\/www.foscarini.com\/es\/wp-json\/wp\/v2\/media?parent=365855"}],"wp:term":[{"taxonomy":"product_cat","embeddable":true,"href":"https:\/\/www.foscarini.com\/es\/wp-json\/wp\/v2\/product_cat?post=365855"},{"taxonomy":"product_tag","embeddable":true,"href":"https:\/\/www.foscarini.com\/es\/wp-json\/wp\/v2\/product_tag?post=365855"},{"taxonomy":"materiale","embeddable":true,"href":"https:\/\/www.foscarini.com\/es\/wp-json\/wp\/v2\/materiale?post=365855"},{"taxonomy":"altezza","embeddable":true,"href":"https:\/\/www.foscarini.com\/es\/wp-json\/wp\/v2\/altezza?post=365855"},{"taxonomy":"larghezza","embeddable":true,"href":"https:\/\/www.foscarini.com\/es\/wp-json\/wp\/v2\/larghezza?post=365855"},{"taxonomy":"profondita","embeddable":true,"href":"https:\/\/www.foscarini.com\/es\/wp-json\/wp\/v2\/profondita?post=365855"},{"taxonomy":"peso","embeddable":true,"href":"https:\/\/www.foscarini.com\/es\/wp-json\/wp\/v2\/peso?post=365855"},{"taxonomy":"designer-prodotto","embeddable":true,"href":"https:\/\/www.foscarini.com\/es\/wp-json\/wp\/v2\/designer-prodotto?post=365855"}],"curies":[{"name":"wp","href":"https:\/\/api.w.org\/{rel}","templated":true}]}}