{"id":348510,"date":"2024-03-28T18:22:12","date_gmt":"2024-03-28T18:22:12","guid":{"rendered":"https:\/\/www.foscarini.com\/product\/twiggy-elle-wood-twiggy-wood-f-es\/"},"modified":"2025-06-11T15:49:36","modified_gmt":"2025-06-11T15:49:36","slug":"twiggy-elle-wood-twiggy-wood-f-es","status":"publish","type":"product","link":"https:\/\/www.foscarini.com\/es\/producto\/twiggy-elle-wood-twiggy-wood-f-es\/","title":{"rendered":"Twiggy Elle Wood"},"content":{"rendered":"<section class=\"pdp__slider full-height-vh\">\n    <div class=\"swiper-container swiper__pdp\">\n        <div class=\"swiper-wrapper full-height\">\n                                <div class=\"swiper-slide\">\n                                                    <img decoding=\"async\" class=\"full-cover\" src=\"https:\/\/www.foscarini.com\/wp-content\/uploads\/2024\/03\/3.1_twiggy-elle-wood_f_greige_vite_mantova_sabrina-150x150.jpg\" srcset=\"https:\/\/www.foscarini.com\/wp-content\/uploads\/2024\/03\/3.1_twiggy-elle-wood_f_greige_vite_mantova_sabrina-300x200.jpg 300w, https:\/\/www.foscarini.com\/wp-content\/uploads\/2024\/03\/3.1_twiggy-elle-wood_f_greige_vite_mantova_sabrina-1024x683.jpg 1024w, https:\/\/www.foscarini.com\/wp-content\/uploads\/2024\/03\/3.1_twiggy-elle-wood_f_greige_vite_mantova_sabrina-768x512.jpg 768w, https:\/\/www.foscarini.com\/wp-content\/uploads\/2024\/03\/3.1_twiggy-elle-wood_f_greige_vite_mantova_sabrina-1536x1024.jpg 1536w, https:\/\/www.foscarini.com\/wp-content\/uploads\/2024\/03\/3.1_twiggy-elle-wood_f_greige_vite_mantova_sabrina-2048x1365.jpg 2048w, https:\/\/www.foscarini.com\/wp-content\/uploads\/2024\/03\/3.1_twiggy-elle-wood_f_greige_vite_mantova_sabrina-800x533.jpg 800w\" alt=\"\" \/>\n                                                                        <\/div>\n                                        <div class=\"swiper-slide\">\n                                                    <img decoding=\"async\" class=\"full-cover\" src=\"https:\/\/www.foscarini.com\/wp-content\/uploads\/2024\/03\/3.2_twiggy-elle-wood_f_greige_vite_mantova_sabrina-150x150.jpg\" srcset=\"https:\/\/www.foscarini.com\/wp-content\/uploads\/2024\/03\/3.2_twiggy-elle-wood_f_greige_vite_mantova_sabrina-200x300.jpg 200w, https:\/\/www.foscarini.com\/wp-content\/uploads\/2024\/03\/3.2_twiggy-elle-wood_f_greige_vite_mantova_sabrina-683x1024.jpg 683w, https:\/\/www.foscarini.com\/wp-content\/uploads\/2024\/03\/3.2_twiggy-elle-wood_f_greige_vite_mantova_sabrina-768x1152.jpg 768w, https:\/\/www.foscarini.com\/wp-content\/uploads\/2024\/03\/3.2_twiggy-elle-wood_f_greige_vite_mantova_sabrina-800x1200.jpg 800w, https:\/\/www.foscarini.com\/wp-content\/uploads\/2024\/03\/3.2_twiggy-elle-wood_f_greige_vite_mantova_sabrina.jpg 988w\" alt=\"\" \/>\n                                                                        <\/div>\n                                        <div class=\"swiper-slide\">\n                                                    <img decoding=\"async\" class=\"full-cover\" src=\"https:\/\/www.foscarini.com\/wp-content\/uploads\/2024\/03\/3.3_twiggy-elle-wood_f_oak-black_vite_loria_marianna-150x150.jpg\" srcset=\"https:\/\/www.foscarini.com\/wp-content\/uploads\/2024\/03\/3.3_twiggy-elle-wood_f_oak-black_vite_loria_marianna-200x300.jpg 200w, https:\/\/www.foscarini.com\/wp-content\/uploads\/2024\/03\/3.3_twiggy-elle-wood_f_oak-black_vite_loria_marianna-683x1024.jpg 683w, https:\/\/www.foscarini.com\/wp-content\/uploads\/2024\/03\/3.3_twiggy-elle-wood_f_oak-black_vite_loria_marianna-768x1152.jpg 768w, https:\/\/www.foscarini.com\/wp-content\/uploads\/2024\/03\/3.3_twiggy-elle-wood_f_oak-black_vite_loria_marianna-800x1200.jpg 800w, https:\/\/www.foscarini.com\/wp-content\/uploads\/2024\/03\/3.3_twiggy-elle-wood_f_oak-black_vite_loria_marianna.jpg 988w\" alt=\"\" \/>\n                                                                        <\/div>\n                                        <div class=\"swiper-slide\">\n                                                    <img decoding=\"async\" class=\"full-cover\" src=\"https:\/\/www.foscarini.com\/wp-content\/uploads\/2024\/03\/3.4_tiggy-elle-wood_f_rosewood-burgundy-150x150.jpg\" srcset=\"https:\/\/www.foscarini.com\/wp-content\/uploads\/2024\/03\/3.4_tiggy-elle-wood_f_rosewood-burgundy-225x300.jpg 225w, https:\/\/www.foscarini.com\/wp-content\/uploads\/2024\/03\/3.4_tiggy-elle-wood_f_rosewood-burgundy-768x1024.jpg 768w, https:\/\/www.foscarini.com\/wp-content\/uploads\/2024\/03\/3.4_tiggy-elle-wood_f_rosewood-burgundy-800x1067.jpg 800w, https:\/\/www.foscarini.com\/wp-content\/uploads\/2024\/03\/3.4_tiggy-elle-wood_f_rosewood-burgundy.jpg 1111w\" alt=\"\" \/>\n                                                                        <\/div>\n                                        <div class=\"swiper-slide\">\n                                                    <img decoding=\"async\" class=\"full-cover\" src=\"https:\/\/www.foscarini.com\/wp-content\/uploads\/2024\/03\/3.5_twiggy-elle-wood_f_greige-150x150.jpg\" srcset=\"https:\/\/www.foscarini.com\/wp-content\/uploads\/2024\/03\/3.5_twiggy-elle-wood_f_greige-225x300.jpg 225w, https:\/\/www.foscarini.com\/wp-content\/uploads\/2024\/03\/3.5_twiggy-elle-wood_f_greige-768x1024.jpg 768w, https:\/\/www.foscarini.com\/wp-content\/uploads\/2024\/03\/3.5_twiggy-elle-wood_f_greige-800x1066.jpg 800w, https:\/\/www.foscarini.com\/wp-content\/uploads\/2024\/03\/3.5_twiggy-elle-wood_f_greige.jpg 1112w\" alt=\"\" \/>\n                                                                        <\/div>\n                                        <div class=\"swiper-slide\">\n                                                    <img decoding=\"async\" class=\"full-cover\" src=\"https:\/\/www.foscarini.com\/wp-content\/uploads\/2024\/03\/3.8_Twiggy-Elle-2-150x150.jpg\" srcset=\"https:\/\/www.foscarini.com\/wp-content\/uploads\/2024\/03\/3.8_Twiggy-Elle-2-199x300.jpg 199w, https:\/\/www.foscarini.com\/wp-content\/uploads\/2024\/03\/3.8_Twiggy-Elle-2-678x1024.jpg 678w, https:\/\/www.foscarini.com\/wp-content\/uploads\/2024\/03\/3.8_Twiggy-Elle-2-768x1160.jpg 768w, https:\/\/www.foscarini.com\/wp-content\/uploads\/2024\/03\/3.8_Twiggy-Elle-2-800x1208.jpg 800w, https:\/\/www.foscarini.com\/wp-content\/uploads\/2024\/03\/3.8_Twiggy-Elle-2.jpg 980w\" alt=\"\" \/>\n                                                                        <\/div>\n                                        <div class=\"swiper-slide\">\n                                                    <img decoding=\"async\" class=\"full-cover\" src=\"https:\/\/www.foscarini.com\/wp-content\/uploads\/2024\/03\/3.9_Twiggy-Elle-3-150x150.jpg\" srcset=\"https:\/\/www.foscarini.com\/wp-content\/uploads\/2024\/03\/3.9_Twiggy-Elle-3-199x300.jpg 199w, https:\/\/www.foscarini.com\/wp-content\/uploads\/2024\/03\/3.9_Twiggy-Elle-3-678x1024.jpg 678w, https:\/\/www.foscarini.com\/wp-content\/uploads\/2024\/03\/3.9_Twiggy-Elle-3-768x1160.jpg 768w, https:\/\/www.foscarini.com\/wp-content\/uploads\/2024\/03\/3.9_Twiggy-Elle-3-800x1208.jpg 800w, https:\/\/www.foscarini.com\/wp-content\/uploads\/2024\/03\/3.9_Twiggy-Elle-3.jpg 980w\" alt=\"\" \/>\n                                                                        <\/div>\n                            <\/div>\n    <\/div>\n    <div class=\"swiper-scrollbar\"><\/div>\n    <div class=\"ct-arrow\">\n        <div class=\"swiper-button-prev\"><\/div>\n        <div class=\"swiper-button-next\"><\/div>\n    <\/div>\n<\/section>","protected":false},"excerpt":{"rendered":"<p>L\u00e1mpara de pie de luz directa e indirecta. El difusor se obtiene con la superposici\u00f3n de dos l\u00e1minas de madera de roble blanqueado y dispone, en la parte superior e inferior, de un anillo de bamb\u00fa de pocos mil\u00edmetros de grosor para garantizar la circunferencia. El poste -que en la versi\u00f3n ELLE ofrece un mayor desplazamiento del punto de luz con respecto a la base- es de material compuesto sobre base de fibra de vidrio pintada con l\u00edquido. Base circular de metal pintado con polvos epox\u00eddicos. Se entregan de serie 4 contrapesos que se colocan en el alojamiento correspondiente encima del difusor para regular su altura. Es posible solicitar varillas adicionales para extender el arco. El cable transparente dispone de un regulador de luz que act\u00faa como regulador de la intensidad luminosa gradual y como interruptor on\/off.<\/p>\n","protected":false},"featured_media":470733,"comment_status":"open","ping_status":"closed","template":"","meta":{"_acf_changed":true},"product_cat":[653,719,758,679,5675],"product_tag":[],"materiale":[8508],"altezza":[7310],"larghezza":[7298],"profondita":[9149],"peso":[8750],"designer-prodotto":[7380],"class_list":{"0":"post-348510","1":"product","2":"type-product","3":"status-publish","4":"has-post-thumbnail","6":"product_cat-concetto-es","7":"product_cat-funzione-es","8":"product_cat-terra-es","9":"product_cat-twiggy-concetto-es","10":"product_cat-twiggy-wood-famiglia-es","11":"materiale-legno-es","12":"altezza-105-18-es","13":"larghezza-100-58-es","14":"profondita-23-58-es","15":"peso-174-es","16":"designer-prodotto-marc-sadler-es","18":"first","19":"instock","20":"shipping-taxable","21":"purchasable","22":"product-type-variable"},"acf":{"preview_slider":{"titolo":"","testo":"","video_domanda":false,"link_video":""},"prodotto__immagine_preview":{"immagine":348511},"prodotto__slider":{"sottotitolo":"Marc Sadler (2020)","titolo":"La flexibilidad de la ic\u00f3nica l\u00e1mpara de pie Twiggy, redise\u00f1ada con una nueva varilla para una funci\u00f3n adicional, es decir, llevar luz en un punto todav\u00eda m\u00e1s alejado de la base.En la versi\u00f3n Wood, la ligereza de Twiggy encuentra el calor de la madera, creando una combinaci\u00f3n sorprendentemente elegante.","immagini":[{"immagine":307213,"immagine_mobile":""},{"immagine":307220,"immagine_mobile":""}]},"prodotto__slider_preview":null,"prodotto__specifiche":{"selezione":[{"scheda_tecnica":464357},{"scheda_tecnica":464358}]}},"yoast_head":"<!-- This site is optimized with the Yoast SEO Premium plugin v22.4 (Yoast SEO v23.7) - https:\/\/yoast.com\/wordpress\/plugins\/seo\/ -->\n<title>Twiggy Elle Wood - Foscarini<\/title>\n<meta name=\"robots\" content=\"index, follow, max-snippet:-1, max-image-preview:large, max-video-preview:-1\" \/>\n<meta property=\"og:locale\" content=\"es_ES\" \/>\n<meta property=\"og:type\" content=\"article\" \/>\n<meta property=\"og:title\" content=\"Twiggy Elle Wood\" \/>\n<meta property=\"og:description\" content=\"L\u00e1mpara de pie de luz directa e indirecta. El difusor se obtiene con la superposici\u00f3n de dos l\u00e1minas de madera de roble blanqueado y dispone, en la parte superior e inferior, de un anillo de bamb\u00fa de pocos mil\u00edmetros de grosor para garantizar la circunferencia. El poste -que en la versi\u00f3n ELLE ofrece un mayor desplazamiento del punto de luz con respecto a la base- es de material compuesto sobre base de fibra de vidrio pintada con l\u00edquido. Base circular de metal pintado con polvos epox\u00eddicos. Se entregan de serie 4 contrapesos que se colocan en el alojamiento correspondiente encima del difusor para regular su altura. Es posible solicitar varillas adicionales para extender el arco. El cable transparente dispone de un regulador de luz que act\u00faa como regulador de la intensidad luminosa gradual y como interruptor on\/off.\" \/>\n<meta property=\"og:url\" content=\"https:\/\/www.foscarini.com\/es\/producto\/twiggy-elle-wood-twiggy-wood-f-es\/\" \/>\n<meta property=\"og:site_name\" content=\"Foscarini\" \/>\n<meta property=\"article:modified_time\" content=\"2025-06-11T15:49:36+00:00\" \/>\n<meta property=\"og:image\" content=\"https:\/\/www.foscarini.com\/wp-content\/uploads\/2025\/06\/twiggy-elle-wood_f_oak_22_786x865-1.jpg\" \/>\n\t<meta property=\"og:image:width\" content=\"786\" \/>\n\t<meta property=\"og:image:height\" content=\"865\" \/>\n\t<meta property=\"og:image:type\" content=\"image\/jpeg\" \/>\n<meta name=\"twitter:card\" content=\"summary_large_image\" \/>\n<meta name=\"twitter:label1\" content=\"Tiempo de lectura\" \/>\n\t<meta name=\"twitter:data1\" content=\"1 minuto\" \/>\n<script type=\"application\/ld+json\" class=\"yoast-schema-graph\">{\"@context\":\"https:\/\/schema.org\",\"@graph\":[{\"@type\":\"WebPage\",\"@id\":\"https:\/\/www.foscarini.com\/es\/producto\/twiggy-elle-wood-twiggy-wood-f-es\/\",\"url\":\"https:\/\/www.foscarini.com\/es\/producto\/twiggy-elle-wood-twiggy-wood-f-es\/\",\"name\":\"Twiggy Elle Wood - Foscarini\",\"isPartOf\":{\"@id\":\"https:\/\/www.foscarini.com\/#website\"},\"primaryImageOfPage\":{\"@id\":\"https:\/\/www.foscarini.com\/es\/producto\/twiggy-elle-wood-twiggy-wood-f-es\/#primaryimage\"},\"image\":{\"@id\":\"https:\/\/www.foscarini.com\/es\/producto\/twiggy-elle-wood-twiggy-wood-f-es\/#primaryimage\"},\"thumbnailUrl\":\"https:\/\/www.foscarini.com\/wp-content\/uploads\/2025\/06\/twiggy-elle-wood_f_oak_22_786x865-3.jpg\",\"datePublished\":\"2024-03-28T18:22:12+00:00\",\"dateModified\":\"2025-06-11T15:49:36+00:00\",\"breadcrumb\":{\"@id\":\"https:\/\/www.foscarini.com\/es\/producto\/twiggy-elle-wood-twiggy-wood-f-es\/#breadcrumb\"},\"inLanguage\":\"es\",\"potentialAction\":[{\"@type\":\"ReadAction\",\"target\":[\"https:\/\/www.foscarini.com\/es\/producto\/twiggy-elle-wood-twiggy-wood-f-es\/\"]}]},{\"@type\":\"ImageObject\",\"inLanguage\":\"es\",\"@id\":\"https:\/\/www.foscarini.com\/es\/producto\/twiggy-elle-wood-twiggy-wood-f-es\/#primaryimage\",\"url\":\"https:\/\/www.foscarini.com\/wp-content\/uploads\/2025\/06\/twiggy-elle-wood_f_oak_22_786x865-3.jpg\",\"contentUrl\":\"https:\/\/www.foscarini.com\/wp-content\/uploads\/2025\/06\/twiggy-elle-wood_f_oak_22_786x865-3.jpg\",\"width\":786,\"height\":865},{\"@type\":\"BreadcrumbList\",\"@id\":\"https:\/\/www.foscarini.com\/es\/producto\/twiggy-elle-wood-twiggy-wood-f-es\/#breadcrumb\",\"itemListElement\":[{\"@type\":\"ListItem\",\"position\":1,\"name\":\"Home\",\"item\":\"https:\/\/www.foscarini.com\/es\/\"},{\"@type\":\"ListItem\",\"position\":2,\"name\":\"Tienda\",\"item\":\"https:\/\/www.foscarini.com\/es\/tienda\/\"},{\"@type\":\"ListItem\",\"position\":3,\"name\":\"Twiggy Elle Wood\"}]},{\"@type\":\"WebSite\",\"@id\":\"https:\/\/www.foscarini.com\/#website\",\"url\":\"https:\/\/www.foscarini.com\/\",\"name\":\"Foscarini\",\"description\":\"\",\"potentialAction\":[{\"@type\":\"SearchAction\",\"target\":{\"@type\":\"EntryPoint\",\"urlTemplate\":\"https:\/\/www.foscarini.com\/?s={search_term_string}\"},\"query-input\":{\"@type\":\"PropertyValueSpecification\",\"valueRequired\":true,\"valueName\":\"search_term_string\"}}],\"inLanguage\":\"es\"}]}<\/script>\n<!-- \/ Yoast SEO Premium plugin. -->","yoast_head_json":{"title":"Twiggy Elle Wood - Foscarini","robots":{"index":"index","follow":"follow","max-snippet":"max-snippet:-1","max-image-preview":"max-image-preview:large","max-video-preview":"max-video-preview:-1"},"og_locale":"es_ES","og_type":"article","og_title":"Twiggy Elle Wood","og_description":"L\u00e1mpara de pie de luz directa e indirecta. El difusor se obtiene con la superposici\u00f3n de dos l\u00e1minas de madera de roble blanqueado y dispone, en la parte superior e inferior, de un anillo de bamb\u00fa de pocos mil\u00edmetros de grosor para garantizar la circunferencia. El poste -que en la versi\u00f3n ELLE ofrece un mayor desplazamiento del punto de luz con respecto a la base- es de material compuesto sobre base de fibra de vidrio pintada con l\u00edquido. Base circular de metal pintado con polvos epox\u00eddicos. Se entregan de serie 4 contrapesos que se colocan en el alojamiento correspondiente encima del difusor para regular su altura. Es posible solicitar varillas adicionales para extender el arco. El cable transparente dispone de un regulador de luz que act\u00faa como regulador de la intensidad luminosa gradual y como interruptor on\/off.","og_url":"https:\/\/www.foscarini.com\/es\/producto\/twiggy-elle-wood-twiggy-wood-f-es\/","og_site_name":"Foscarini","article_modified_time":"2025-06-11T15:49:36+00:00","og_image":[{"width":786,"height":865,"url":"https:\/\/www.foscarini.com\/wp-content\/uploads\/2025\/06\/twiggy-elle-wood_f_oak_22_786x865-1.jpg","type":"image\/jpeg"}],"twitter_card":"summary_large_image","twitter_misc":{"Tiempo de lectura":"1 minuto"},"schema":{"@context":"https:\/\/schema.org","@graph":[{"@type":"WebPage","@id":"https:\/\/www.foscarini.com\/es\/producto\/twiggy-elle-wood-twiggy-wood-f-es\/","url":"https:\/\/www.foscarini.com\/es\/producto\/twiggy-elle-wood-twiggy-wood-f-es\/","name":"Twiggy Elle Wood - Foscarini","isPartOf":{"@id":"https:\/\/www.foscarini.com\/#website"},"primaryImageOfPage":{"@id":"https:\/\/www.foscarini.com\/es\/producto\/twiggy-elle-wood-twiggy-wood-f-es\/#primaryimage"},"image":{"@id":"https:\/\/www.foscarini.com\/es\/producto\/twiggy-elle-wood-twiggy-wood-f-es\/#primaryimage"},"thumbnailUrl":"https:\/\/www.foscarini.com\/wp-content\/uploads\/2025\/06\/twiggy-elle-wood_f_oak_22_786x865-3.jpg","datePublished":"2024-03-28T18:22:12+00:00","dateModified":"2025-06-11T15:49:36+00:00","breadcrumb":{"@id":"https:\/\/www.foscarini.com\/es\/producto\/twiggy-elle-wood-twiggy-wood-f-es\/#breadcrumb"},"inLanguage":"es","potentialAction":[{"@type":"ReadAction","target":["https:\/\/www.foscarini.com\/es\/producto\/twiggy-elle-wood-twiggy-wood-f-es\/"]}]},{"@type":"ImageObject","inLanguage":"es","@id":"https:\/\/www.foscarini.com\/es\/producto\/twiggy-elle-wood-twiggy-wood-f-es\/#primaryimage","url":"https:\/\/www.foscarini.com\/wp-content\/uploads\/2025\/06\/twiggy-elle-wood_f_oak_22_786x865-3.jpg","contentUrl":"https:\/\/www.foscarini.com\/wp-content\/uploads\/2025\/06\/twiggy-elle-wood_f_oak_22_786x865-3.jpg","width":786,"height":865},{"@type":"BreadcrumbList","@id":"https:\/\/www.foscarini.com\/es\/producto\/twiggy-elle-wood-twiggy-wood-f-es\/#breadcrumb","itemListElement":[{"@type":"ListItem","position":1,"name":"Home","item":"https:\/\/www.foscarini.com\/es\/"},{"@type":"ListItem","position":2,"name":"Tienda","item":"https:\/\/www.foscarini.com\/es\/tienda\/"},{"@type":"ListItem","position":3,"name":"Twiggy Elle Wood"}]},{"@type":"WebSite","@id":"https:\/\/www.foscarini.com\/#website","url":"https:\/\/www.foscarini.com\/","name":"Foscarini","description":"","potentialAction":[{"@type":"SearchAction","target":{"@type":"EntryPoint","urlTemplate":"https:\/\/www.foscarini.com\/?s={search_term_string}"},"query-input":{"@type":"PropertyValueSpecification","valueRequired":true,"valueName":"search_term_string"}}],"inLanguage":"es"}]}},"_links":{"self":[{"href":"https:\/\/www.foscarini.com\/es\/wp-json\/wp\/v2\/product\/348510"}],"collection":[{"href":"https:\/\/www.foscarini.com\/es\/wp-json\/wp\/v2\/product"}],"about":[{"href":"https:\/\/www.foscarini.com\/es\/wp-json\/wp\/v2\/types\/product"}],"replies":[{"embeddable":true,"href":"https:\/\/www.foscarini.com\/es\/wp-json\/wp\/v2\/comments?post=348510"}],"wp:featuredmedia":[{"embeddable":true,"href":"https:\/\/www.foscarini.com\/es\/wp-json\/wp\/v2\/media\/470733"}],"wp:attachment":[{"href":"https:\/\/www.foscarini.com\/es\/wp-json\/wp\/v2\/media?parent=348510"}],"wp:term":[{"taxonomy":"product_cat","embeddable":true,"href":"https:\/\/www.foscarini.com\/es\/wp-json\/wp\/v2\/product_cat?post=348510"},{"taxonomy":"product_tag","embeddable":true,"href":"https:\/\/www.foscarini.com\/es\/wp-json\/wp\/v2\/product_tag?post=348510"},{"taxonomy":"materiale","embeddable":true,"href":"https:\/\/www.foscarini.com\/es\/wp-json\/wp\/v2\/materiale?post=348510"},{"taxonomy":"altezza","embeddable":true,"href":"https:\/\/www.foscarini.com\/es\/wp-json\/wp\/v2\/altezza?post=348510"},{"taxonomy":"larghezza","embeddable":true,"href":"https:\/\/www.foscarini.com\/es\/wp-json\/wp\/v2\/larghezza?post=348510"},{"taxonomy":"profondita","embeddable":true,"href":"https:\/\/www.foscarini.com\/es\/wp-json\/wp\/v2\/profondita?post=348510"},{"taxonomy":"peso","embeddable":true,"href":"https:\/\/www.foscarini.com\/es\/wp-json\/wp\/v2\/peso?post=348510"},{"taxonomy":"designer-prodotto","embeddable":true,"href":"https:\/\/www.foscarini.com\/es\/wp-json\/wp\/v2\/designer-prodotto?post=348510"}],"curies":[{"name":"wp","href":"https:\/\/api.w.org\/{rel}","templated":true}]}}