{"id":305073,"date":"2024-09-12T08:10:24","date_gmt":"2024-09-12T08:10:24","guid":{"rendered":"https:\/\/www.foscarini.com\/?post_type=product&#038;p=305073"},"modified":"2025-06-11T13:59:59","modified_gmt":"2025-06-11T13:59:59","slug":"hoba-std-c-es","status":"publish","type":"product","link":"https:\/\/www.foscarini.com\/es\/producto\/hoba-std-c-es\/","title":{"rendered":"Hoba"},"content":{"rendered":"<section class=\"pdp__slider full-height-vh\">\n    <div class=\"swiper-container swiper__pdp\">\n        <div class=\"swiper-wrapper full-height\">\n                                <div class=\"swiper-slide\">\n                                                    <img decoding=\"async\" class=\"full-cover\" src=\"https:\/\/www.foscarini.com\/wp-content\/uploads\/2024\/09\/3.1_Hoba-150x150.jpg\" srcset=\"https:\/\/www.foscarini.com\/wp-content\/uploads\/2024\/09\/3.1_Hoba-300x250.jpg 300w, https:\/\/www.foscarini.com\/wp-content\/uploads\/2024\/09\/3.1_Hoba-1024x854.jpg 1024w, https:\/\/www.foscarini.com\/wp-content\/uploads\/2024\/09\/3.1_Hoba-768x641.jpg 768w, https:\/\/www.foscarini.com\/wp-content\/uploads\/2024\/09\/3.1_Hoba-1536x1282.jpg 1536w, https:\/\/www.foscarini.com\/wp-content\/uploads\/2024\/09\/3.1_Hoba-800x668.jpg 800w, https:\/\/www.foscarini.com\/wp-content\/uploads\/2024\/09\/3.1_Hoba.jpg 1776w\" alt=\"\" \/>\n                                                                        <\/div>\n                                        <div class=\"swiper-slide\">\n                                                    <img decoding=\"async\" class=\"full-cover\" src=\"https:\/\/www.foscarini.com\/wp-content\/uploads\/2024\/09\/3.2_Hoba-150x150.jpg\" srcset=\"https:\/\/www.foscarini.com\/wp-content\/uploads\/2024\/09\/3.2_Hoba-300x250.jpg 300w, https:\/\/www.foscarini.com\/wp-content\/uploads\/2024\/09\/3.2_Hoba-1024x854.jpg 1024w, https:\/\/www.foscarini.com\/wp-content\/uploads\/2024\/09\/3.2_Hoba-768x641.jpg 768w, https:\/\/www.foscarini.com\/wp-content\/uploads\/2024\/09\/3.2_Hoba-1536x1282.jpg 1536w, https:\/\/www.foscarini.com\/wp-content\/uploads\/2024\/09\/3.2_Hoba-800x668.jpg 800w, https:\/\/www.foscarini.com\/wp-content\/uploads\/2024\/09\/3.2_Hoba.jpg 1776w\" alt=\"\" \/>\n                                                                        <\/div>\n                                        <div class=\"swiper-slide\">\n                                                    <img decoding=\"async\" class=\"full-cover\" src=\"https:\/\/www.foscarini.com\/wp-content\/uploads\/2024\/09\/3.3_Hoba-150x150.jpg\" srcset=\"https:\/\/www.foscarini.com\/wp-content\/uploads\/2024\/09\/3.3_Hoba-194x300.jpg 194w, https:\/\/www.foscarini.com\/wp-content\/uploads\/2024\/09\/3.3_Hoba-663x1024.jpg 663w, https:\/\/www.foscarini.com\/wp-content\/uploads\/2024\/09\/3.3_Hoba-768x1186.jpg 768w, https:\/\/www.foscarini.com\/wp-content\/uploads\/2024\/09\/3.3_Hoba-800x1235.jpg 800w, https:\/\/www.foscarini.com\/wp-content\/uploads\/2024\/09\/3.3_Hoba.jpg 960w\" alt=\"\" \/>\n                                                                        <\/div>\n                            <\/div>\n    <\/div>\n    <div class=\"swiper-scrollbar\"><\/div>\n    <div class=\"ct-arrow\">\n        <div class=\"swiper-button-prev\"><\/div>\n        <div class=\"swiper-button-next\"><\/div>\n    <\/div>\n<\/section>","protected":false},"excerpt":{"rendered":"<p>L\u00e1mpara de techo y de pared de luz difusa. Difusor de vidrio opalino soplado a boca y acidificado. Un procedimiento especial de soplado del vidrio, sin rotaci\u00f3n y en un molde abierto, permite obtener formas ligeramente diferentes entre ellas, para una colecci\u00f3n compuesta por piezas siempre distintas, fabricadas en serie pero con las caracter\u00edsticas singulares del trabajo manual. Soporte de poliamida natural.<\/p>\n","protected":false},"featured_media":468029,"comment_status":"open","ping_status":"closed","template":"","meta":{"_acf_changed":true},"product_cat":[653,719,941,6794,738],"product_tag":[],"materiale":[8157],"altezza":[7833],"larghezza":[7939],"profondita":[8176],"peso":[9981],"designer-prodotto":[7978],"class_list":{"0":"post-305073","1":"product","2":"type-product","3":"status-publish","4":"has-post-thumbnail","6":"product_cat-concetto-es","7":"product_cat-funzione-es","8":"product_cat-hoba-concetto-es","9":"product_cat-hoba-famiglia-es","10":"product_cat-soffitto-es","11":"materiale-vetro-e-vetro-soffiato-es","12":"altezza-14-18-es","13":"larghezza-14-18-es","14":"profondita-14-18-es","15":"peso-44-es","16":"designer-prodotto-luca-nichetto-es","18":"first","19":"instock","20":"shipping-taxable","21":"purchasable","22":"product-type-variable"},"acf":{"preview_slider":{"titolo":"","testo":"","video_domanda":false,"link_video":""},"prodotto__immagine_preview":{"immagine":305234},"prodotto__slider":{"sottotitolo":"Ludovica+Roberto Palomba (2023)","titolo":"Fabricadas en vidrio soplado mate, las l\u00e1mparas de techo Hoba tienen una forma asim\u00e9trica e irregular, que recuerda a un meteorito cristalizado en pleno vuelo. Difunden una luz c\u00e1lida y envolvente.","immagini":[{"immagine":415315,"immagine_mobile":""}]},"prodotto__slider_preview":null,"prodotto__specifiche":{"selezione":[{"scheda_tecnica":462776}]}},"yoast_head":"<!-- This site is optimized with the Yoast SEO Premium plugin v22.4 (Yoast SEO v23.7) - https:\/\/yoast.com\/wordpress\/plugins\/seo\/ -->\n<title>Hoba - Foscarini<\/title>\n<meta name=\"robots\" content=\"index, follow, max-snippet:-1, max-image-preview:large, max-video-preview:-1\" \/>\n<meta property=\"og:locale\" content=\"es_ES\" \/>\n<meta property=\"og:type\" content=\"article\" \/>\n<meta property=\"og:title\" content=\"Hoba\" \/>\n<meta property=\"og:description\" content=\"L\u00e1mpara de techo y de pared de luz difusa. Difusor de vidrio opalino soplado a boca y acidificado. Un procedimiento especial de soplado del vidrio, sin rotaci\u00f3n y en un molde abierto, permite obtener formas ligeramente diferentes entre ellas, para una colecci\u00f3n compuesta por piezas siempre distintas, fabricadas en serie pero con las caracter\u00edsticas singulares del trabajo manual. Soporte de poliamida natural.\" \/>\n<meta property=\"og:url\" content=\"https:\/\/www.foscarini.com\/es\/producto\/hoba-std-c-es\/\" \/>\n<meta property=\"og:site_name\" content=\"Foscarini\" \/>\n<meta property=\"article:modified_time\" content=\"2025-06-11T13:59:59+00:00\" \/>\n<meta property=\"og:image\" content=\"https:\/\/www.foscarini.com\/wp-content\/uploads\/2025\/06\/hoba_c_white_22_786x865-1.jpg\" \/>\n\t<meta property=\"og:image:width\" content=\"786\" \/>\n\t<meta property=\"og:image:height\" content=\"865\" \/>\n\t<meta property=\"og:image:type\" content=\"image\/jpeg\" \/>\n<meta name=\"twitter:card\" content=\"summary_large_image\" \/>\n<meta name=\"twitter:label1\" content=\"Tiempo de lectura\" \/>\n\t<meta name=\"twitter:data1\" content=\"1 minuto\" \/>\n<script type=\"application\/ld+json\" class=\"yoast-schema-graph\">{\"@context\":\"https:\/\/schema.org\",\"@graph\":[{\"@type\":\"WebPage\",\"@id\":\"https:\/\/www.foscarini.com\/es\/producto\/hoba-std-c-es\/\",\"url\":\"https:\/\/www.foscarini.com\/es\/producto\/hoba-std-c-es\/\",\"name\":\"Hoba - Foscarini\",\"isPartOf\":{\"@id\":\"https:\/\/www.foscarini.com\/#website\"},\"primaryImageOfPage\":{\"@id\":\"https:\/\/www.foscarini.com\/es\/producto\/hoba-std-c-es\/#primaryimage\"},\"image\":{\"@id\":\"https:\/\/www.foscarini.com\/es\/producto\/hoba-std-c-es\/#primaryimage\"},\"thumbnailUrl\":\"https:\/\/www.foscarini.com\/wp-content\/uploads\/2025\/06\/hoba_c_white_22_786x865-3.jpg\",\"datePublished\":\"2024-09-12T08:10:24+00:00\",\"dateModified\":\"2025-06-11T13:59:59+00:00\",\"breadcrumb\":{\"@id\":\"https:\/\/www.foscarini.com\/es\/producto\/hoba-std-c-es\/#breadcrumb\"},\"inLanguage\":\"es\",\"potentialAction\":[{\"@type\":\"ReadAction\",\"target\":[\"https:\/\/www.foscarini.com\/es\/producto\/hoba-std-c-es\/\"]}]},{\"@type\":\"ImageObject\",\"inLanguage\":\"es\",\"@id\":\"https:\/\/www.foscarini.com\/es\/producto\/hoba-std-c-es\/#primaryimage\",\"url\":\"https:\/\/www.foscarini.com\/wp-content\/uploads\/2025\/06\/hoba_c_white_22_786x865-3.jpg\",\"contentUrl\":\"https:\/\/www.foscarini.com\/wp-content\/uploads\/2025\/06\/hoba_c_white_22_786x865-3.jpg\",\"width\":786,\"height\":865},{\"@type\":\"BreadcrumbList\",\"@id\":\"https:\/\/www.foscarini.com\/es\/producto\/hoba-std-c-es\/#breadcrumb\",\"itemListElement\":[{\"@type\":\"ListItem\",\"position\":1,\"name\":\"Home\",\"item\":\"https:\/\/www.foscarini.com\/es\/\"},{\"@type\":\"ListItem\",\"position\":2,\"name\":\"Tienda\",\"item\":\"https:\/\/www.foscarini.com\/es\/tienda\/\"},{\"@type\":\"ListItem\",\"position\":3,\"name\":\"Hoba\"}]},{\"@type\":\"WebSite\",\"@id\":\"https:\/\/www.foscarini.com\/#website\",\"url\":\"https:\/\/www.foscarini.com\/\",\"name\":\"Foscarini\",\"description\":\"\",\"potentialAction\":[{\"@type\":\"SearchAction\",\"target\":{\"@type\":\"EntryPoint\",\"urlTemplate\":\"https:\/\/www.foscarini.com\/?s={search_term_string}\"},\"query-input\":{\"@type\":\"PropertyValueSpecification\",\"valueRequired\":true,\"valueName\":\"search_term_string\"}}],\"inLanguage\":\"es\"}]}<\/script>\n<!-- \/ Yoast SEO Premium plugin. -->","yoast_head_json":{"title":"Hoba - Foscarini","robots":{"index":"index","follow":"follow","max-snippet":"max-snippet:-1","max-image-preview":"max-image-preview:large","max-video-preview":"max-video-preview:-1"},"og_locale":"es_ES","og_type":"article","og_title":"Hoba","og_description":"L\u00e1mpara de techo y de pared de luz difusa. Difusor de vidrio opalino soplado a boca y acidificado. Un procedimiento especial de soplado del vidrio, sin rotaci\u00f3n y en un molde abierto, permite obtener formas ligeramente diferentes entre ellas, para una colecci\u00f3n compuesta por piezas siempre distintas, fabricadas en serie pero con las caracter\u00edsticas singulares del trabajo manual. Soporte de poliamida natural.","og_url":"https:\/\/www.foscarini.com\/es\/producto\/hoba-std-c-es\/","og_site_name":"Foscarini","article_modified_time":"2025-06-11T13:59:59+00:00","og_image":[{"width":786,"height":865,"url":"https:\/\/www.foscarini.com\/wp-content\/uploads\/2025\/06\/hoba_c_white_22_786x865-1.jpg","type":"image\/jpeg"}],"twitter_card":"summary_large_image","twitter_misc":{"Tiempo de lectura":"1 minuto"},"schema":{"@context":"https:\/\/schema.org","@graph":[{"@type":"WebPage","@id":"https:\/\/www.foscarini.com\/es\/producto\/hoba-std-c-es\/","url":"https:\/\/www.foscarini.com\/es\/producto\/hoba-std-c-es\/","name":"Hoba - Foscarini","isPartOf":{"@id":"https:\/\/www.foscarini.com\/#website"},"primaryImageOfPage":{"@id":"https:\/\/www.foscarini.com\/es\/producto\/hoba-std-c-es\/#primaryimage"},"image":{"@id":"https:\/\/www.foscarini.com\/es\/producto\/hoba-std-c-es\/#primaryimage"},"thumbnailUrl":"https:\/\/www.foscarini.com\/wp-content\/uploads\/2025\/06\/hoba_c_white_22_786x865-3.jpg","datePublished":"2024-09-12T08:10:24+00:00","dateModified":"2025-06-11T13:59:59+00:00","breadcrumb":{"@id":"https:\/\/www.foscarini.com\/es\/producto\/hoba-std-c-es\/#breadcrumb"},"inLanguage":"es","potentialAction":[{"@type":"ReadAction","target":["https:\/\/www.foscarini.com\/es\/producto\/hoba-std-c-es\/"]}]},{"@type":"ImageObject","inLanguage":"es","@id":"https:\/\/www.foscarini.com\/es\/producto\/hoba-std-c-es\/#primaryimage","url":"https:\/\/www.foscarini.com\/wp-content\/uploads\/2025\/06\/hoba_c_white_22_786x865-3.jpg","contentUrl":"https:\/\/www.foscarini.com\/wp-content\/uploads\/2025\/06\/hoba_c_white_22_786x865-3.jpg","width":786,"height":865},{"@type":"BreadcrumbList","@id":"https:\/\/www.foscarini.com\/es\/producto\/hoba-std-c-es\/#breadcrumb","itemListElement":[{"@type":"ListItem","position":1,"name":"Home","item":"https:\/\/www.foscarini.com\/es\/"},{"@type":"ListItem","position":2,"name":"Tienda","item":"https:\/\/www.foscarini.com\/es\/tienda\/"},{"@type":"ListItem","position":3,"name":"Hoba"}]},{"@type":"WebSite","@id":"https:\/\/www.foscarini.com\/#website","url":"https:\/\/www.foscarini.com\/","name":"Foscarini","description":"","potentialAction":[{"@type":"SearchAction","target":{"@type":"EntryPoint","urlTemplate":"https:\/\/www.foscarini.com\/?s={search_term_string}"},"query-input":{"@type":"PropertyValueSpecification","valueRequired":true,"valueName":"search_term_string"}}],"inLanguage":"es"}]}},"_links":{"self":[{"href":"https:\/\/www.foscarini.com\/es\/wp-json\/wp\/v2\/product\/305073"}],"collection":[{"href":"https:\/\/www.foscarini.com\/es\/wp-json\/wp\/v2\/product"}],"about":[{"href":"https:\/\/www.foscarini.com\/es\/wp-json\/wp\/v2\/types\/product"}],"replies":[{"embeddable":true,"href":"https:\/\/www.foscarini.com\/es\/wp-json\/wp\/v2\/comments?post=305073"}],"wp:featuredmedia":[{"embeddable":true,"href":"https:\/\/www.foscarini.com\/es\/wp-json\/wp\/v2\/media\/468029"}],"wp:attachment":[{"href":"https:\/\/www.foscarini.com\/es\/wp-json\/wp\/v2\/media?parent=305073"}],"wp:term":[{"taxonomy":"product_cat","embeddable":true,"href":"https:\/\/www.foscarini.com\/es\/wp-json\/wp\/v2\/product_cat?post=305073"},{"taxonomy":"product_tag","embeddable":true,"href":"https:\/\/www.foscarini.com\/es\/wp-json\/wp\/v2\/product_tag?post=305073"},{"taxonomy":"materiale","embeddable":true,"href":"https:\/\/www.foscarini.com\/es\/wp-json\/wp\/v2\/materiale?post=305073"},{"taxonomy":"altezza","embeddable":true,"href":"https:\/\/www.foscarini.com\/es\/wp-json\/wp\/v2\/altezza?post=305073"},{"taxonomy":"larghezza","embeddable":true,"href":"https:\/\/www.foscarini.com\/es\/wp-json\/wp\/v2\/larghezza?post=305073"},{"taxonomy":"profondita","embeddable":true,"href":"https:\/\/www.foscarini.com\/es\/wp-json\/wp\/v2\/profondita?post=305073"},{"taxonomy":"peso","embeddable":true,"href":"https:\/\/www.foscarini.com\/es\/wp-json\/wp\/v2\/peso?post=305073"},{"taxonomy":"designer-prodotto","embeddable":true,"href":"https:\/\/www.foscarini.com\/es\/wp-json\/wp\/v2\/designer-prodotto?post=305073"}],"curies":[{"name":"wp","href":"https:\/\/api.w.org\/{rel}","templated":true}]}}