{"id":195375,"date":"2024-03-28T17:53:51","date_gmt":"2024-03-28T17:53:51","guid":{"rendered":"https:\/\/www.foscarini.com\/product\/chouchin-1-reverse-chouchin-reverse-s\/"},"modified":"2025-06-11T11:44:31","modified_gmt":"2025-06-11T11:44:31","slug":"chouchin-1-reverse-chouchin-reverse-s-es","status":"publish","type":"product","link":"https:\/\/www.foscarini.com\/es\/producto\/chouchin-1-reverse-chouchin-reverse-s-es\/","title":{"rendered":"Chouchin 1 Reverse"},"content":{"rendered":"<section class=\"pdp__slider full-height-vh\">\n    <div class=\"swiper-container swiper__pdp\">\n        <div class=\"swiper-wrapper full-height\">\n                                <div class=\"swiper-slide\">\n                                                    <img decoding=\"async\" class=\"full-cover\" src=\"https:\/\/www.foscarini.com\/wp-content\/uploads\/2024\/03\/3.1_Chouchin-Reverse1-1-150x150.jpg\" srcset=\"https:\/\/www.foscarini.com\/wp-content\/uploads\/2024\/03\/3.1_Chouchin-Reverse1-1-300x200.jpg 300w, https:\/\/www.foscarini.com\/wp-content\/uploads\/2024\/03\/3.1_Chouchin-Reverse1-1-1024x683.jpg 1024w, https:\/\/www.foscarini.com\/wp-content\/uploads\/2024\/03\/3.1_Chouchin-Reverse1-1-768x512.jpg 768w, https:\/\/www.foscarini.com\/wp-content\/uploads\/2024\/03\/3.1_Chouchin-Reverse1-1-1536x1024.jpg 1536w, https:\/\/www.foscarini.com\/wp-content\/uploads\/2024\/03\/3.1_Chouchin-Reverse1-1-2048x1365.jpg 2048w, https:\/\/www.foscarini.com\/wp-content\/uploads\/2024\/03\/3.1_Chouchin-Reverse1-1-800x533.jpg 800w\" alt=\"\" \/>\n                                                                        <\/div>\n                                        <div class=\"swiper-slide\">\n                                                    <img decoding=\"async\" class=\"full-cover\" src=\"https:\/\/www.foscarini.com\/wp-content\/uploads\/2024\/03\/3.4_Chouchin-Reverse1-1-150x150.jpg\" srcset=\"https:\/\/www.foscarini.com\/wp-content\/uploads\/2024\/03\/3.4_Chouchin-Reverse1-1-199x300.jpg 199w, https:\/\/www.foscarini.com\/wp-content\/uploads\/2024\/03\/3.4_Chouchin-Reverse1-1-678x1024.jpg 678w, https:\/\/www.foscarini.com\/wp-content\/uploads\/2024\/03\/3.4_Chouchin-Reverse1-1-768x1160.jpg 768w, https:\/\/www.foscarini.com\/wp-content\/uploads\/2024\/03\/3.4_Chouchin-Reverse1-1-800x1208.jpg 800w, https:\/\/www.foscarini.com\/wp-content\/uploads\/2024\/03\/3.4_Chouchin-Reverse1-1.jpg 980w\" alt=\"\" \/>\n                                                                        <\/div>\n                                        <div class=\"swiper-slide\">\n                                                    <img decoding=\"async\" class=\"full-cover\" src=\"https:\/\/www.foscarini.com\/wp-content\/uploads\/2024\/03\/3.7_Chouchin-Reverse1-150x150.jpg\" srcset=\"https:\/\/www.foscarini.com\/wp-content\/uploads\/2024\/03\/3.7_Chouchin-Reverse1-254x300.jpg 254w, https:\/\/www.foscarini.com\/wp-content\/uploads\/2024\/03\/3.7_Chouchin-Reverse1-866x1024.jpg 866w, https:\/\/www.foscarini.com\/wp-content\/uploads\/2024\/03\/3.7_Chouchin-Reverse1-768x908.jpg 768w, https:\/\/www.foscarini.com\/wp-content\/uploads\/2024\/03\/3.7_Chouchin-Reverse1-800x945.jpg 800w, https:\/\/www.foscarini.com\/wp-content\/uploads\/2024\/03\/3.7_Chouchin-Reverse1.jpg 1254w\" alt=\"\" \/>\n                                                                        <\/div>\n                                        <div class=\"swiper-slide\">\n                                                    <img decoding=\"async\" class=\"full-cover\" src=\"https:\/\/www.foscarini.com\/wp-content\/uploads\/2024\/03\/3.8_Chouchin-Reverse1-1-150x150.jpg\" srcset=\"https:\/\/www.foscarini.com\/wp-content\/uploads\/2024\/03\/3.8_Chouchin-Reverse1-1-199x300.jpg 199w, https:\/\/www.foscarini.com\/wp-content\/uploads\/2024\/03\/3.8_Chouchin-Reverse1-1-678x1024.jpg 678w, https:\/\/www.foscarini.com\/wp-content\/uploads\/2024\/03\/3.8_Chouchin-Reverse1-1-768x1160.jpg 768w, https:\/\/www.foscarini.com\/wp-content\/uploads\/2024\/03\/3.8_Chouchin-Reverse1-1-800x1208.jpg 800w, https:\/\/www.foscarini.com\/wp-content\/uploads\/2024\/03\/3.8_Chouchin-Reverse1-1.jpg 980w\" alt=\"\" \/>\n                                                                        <\/div>\n                                        <div class=\"swiper-slide\">\n                                                    <img decoding=\"async\" class=\"full-cover\" src=\"https:\/\/www.foscarini.com\/wp-content\/uploads\/2024\/03\/3.9_Chouchin-Reverse1-1-150x150.jpg\" srcset=\"https:\/\/www.foscarini.com\/wp-content\/uploads\/2024\/03\/3.9_Chouchin-Reverse1-1-199x300.jpg 199w, https:\/\/www.foscarini.com\/wp-content\/uploads\/2024\/03\/3.9_Chouchin-Reverse1-1-678x1024.jpg 678w, https:\/\/www.foscarini.com\/wp-content\/uploads\/2024\/03\/3.9_Chouchin-Reverse1-1-768x1160.jpg 768w, https:\/\/www.foscarini.com\/wp-content\/uploads\/2024\/03\/3.9_Chouchin-Reverse1-1-800x1208.jpg 800w, https:\/\/www.foscarini.com\/wp-content\/uploads\/2024\/03\/3.9_Chouchin-Reverse1-1.jpg 980w\" alt=\"\" \/>\n                                                                        <\/div>\n                                        <div class=\"swiper-slide\">\n                                                    <img decoding=\"async\" class=\"full-cover\" src=\"https:\/\/www.foscarini.com\/wp-content\/uploads\/2024\/03\/3.10_Chouchin-Reverse1-1-150x150.jpg\" srcset=\"https:\/\/www.foscarini.com\/wp-content\/uploads\/2024\/03\/3.10_Chouchin-Reverse1-1-199x300.jpg 199w, https:\/\/www.foscarini.com\/wp-content\/uploads\/2024\/03\/3.10_Chouchin-Reverse1-1-678x1024.jpg 678w, https:\/\/www.foscarini.com\/wp-content\/uploads\/2024\/03\/3.10_Chouchin-Reverse1-1-768x1160.jpg 768w, https:\/\/www.foscarini.com\/wp-content\/uploads\/2024\/03\/3.10_Chouchin-Reverse1-1-800x1208.jpg 800w, https:\/\/www.foscarini.com\/wp-content\/uploads\/2024\/03\/3.10_Chouchin-Reverse1-1.jpg 980w\" alt=\"\" \/>\n                                                                        <\/div>\n                            <\/div>\n    <\/div>\n    <div class=\"swiper-scrollbar\"><\/div>\n    <div class=\"ct-arrow\">\n        <div class=\"swiper-button-prev\"><\/div>\n        <div class=\"swiper-button-next\"><\/div>\n    <\/div>\n<\/section><section class=\"concept__project_comunication full-height-vh\">\n    <div class=\"row row-large\">\n        <div class=\"medium-12 small-12 columns full-height no-padding-right-mobile\">\n            <div class=\"ct-image-text-lateral\">\n                <div class=\"ct-arrow\">\n                    <div class=\"swiper-button-prev\" aria-label=\"previous slide\"><\/div>\n                    <div class=\"swiper-button-next\" aria-label=\"next slide\"><\/div>\n                <\/div>\n                <span class=\"section-name-lateral\">Contenidos editoriales<\/span>\n                <!-- Swiper -->\n                <div class=\"swiper-container swiper__concept__comunication\">\n                    <div class=\"swiper-wrapper\">\n                                                            <div class=\"swiper-slide\">\n                                        <div class=\"ct-slide\">\n                                                                                                <img decoding=\"async\" class=\"full-cover\" src=\"https:\/\/www.foscarini.com\/wp-content\/uploads\/2023\/12\/Modulo1_Lucbert-150x150.jpg\" srcset=\"https:\/\/www.foscarini.com\/wp-content\/uploads\/2023\/12\/Modulo1_Lucbert-300x194.jpg 300w, https:\/\/www.foscarini.com\/wp-content\/uploads\/2023\/12\/Modulo1_Lucbert-800x518.jpg 800w, https:\/\/www.foscarini.com\/wp-content\/uploads\/2023\/12\/Modulo1_Lucbert-1024x663.jpg 1024w, https:\/\/www.foscarini.com\/wp-content\/uploads\/2023\/12\/Modulo1_Lucbert-768x498.jpg 768w, https:\/\/www.foscarini.com\/wp-content\/uploads\/2023\/12\/Modulo1_Lucbert-1536x995.jpg 1536w, https:\/\/www.foscarini.com\/wp-content\/uploads\/2023\/12\/Modulo1_Lucbert-2048x1327.jpg 2048w\" alt=\"\" \/>\n                                                                                                <div class=\"ct-col-right\">\n                                                <div class=\"ct-link\">\n                                                    <a class=\"link-arrow\" href=\"https:\/\/www.foscarini.com\/es\/paisajes-de-ensueno-en-la-punta-del-boligrafo-kevin-lucbert-para-whats-in-a-lamp\/\">Paisajes de ensue\u00f1o en la punta del bol\u00edgrafo<\/a>\n                                                    <div class=\"text-1\"><p><span data-sheets-root=\"1\" data-sheets-value=\"{&quot;1&quot;:2,&quot;2&quot;:&quot;\u00abWhat\u2019s in a lamp?\u00bb te lleva de viaje hasta el mundo de fantas\u00eda del artista Kevin Lucbert&quot;}\" data-sheets-userformat=\"{&quot;2&quot;:4973,&quot;3&quot;:{&quot;1&quot;:0},&quot;5&quot;:{&quot;1&quot;:[{&quot;1&quot;:2,&quot;2&quot;:0,&quot;5&quot;:{&quot;1&quot;:2,&quot;2&quot;:0}},{&quot;1&quot;:0,&quot;2&quot;:0,&quot;3&quot;:3},{&quot;1&quot;:1,&quot;2&quot;:0,&quot;4&quot;:1}]},&quot;6&quot;:{&quot;1&quot;:[{&quot;1&quot;:2,&quot;2&quot;:0,&quot;5&quot;:{&quot;1&quot;:2,&quot;2&quot;:0}},{&quot;1&quot;:0,&quot;2&quot;:0,&quot;3&quot;:3},{&quot;1&quot;:1,&quot;2&quot;:0,&quot;4&quot;:1}]},&quot;8&quot;:{&quot;1&quot;:[{&quot;1&quot;:2,&quot;2&quot;:0,&quot;5&quot;:{&quot;1&quot;:2,&quot;2&quot;:0}},{&quot;1&quot;:0,&quot;2&quot;:0,&quot;3&quot;:3},{&quot;1&quot;:1,&quot;2&quot;:0,&quot;4&quot;:1}]},&quot;9&quot;:1,&quot;11&quot;:4,&quot;12&quot;:0,&quot;15&quot;:&quot;Arial&quot;}\">\u00abWhat\u2019s in a lamp?\u00bb te lleva de viaje hasta el mundo de fantas\u00eda del artista Kevin Lucbert<\/span><\/p>\n<\/div>\n                                                <\/div>\n                                            <\/div>\n                                        <\/div>\n                                    <\/div>\n                                                                        <div class=\"swiper-slide\">\n                                        <div class=\"ct-slide\">\n                                                                                                <img decoding=\"async\" class=\"full-cover\" src=\"https:\/\/www.foscarini.com\/wp-content\/uploads\/2023\/07\/Modulo1_Wronska-150x150.jpg\" srcset=\"https:\/\/www.foscarini.com\/wp-content\/uploads\/2023\/07\/Modulo1_Wronska-300x194.jpg 300w, https:\/\/www.foscarini.com\/wp-content\/uploads\/2023\/07\/Modulo1_Wronska-800x518.jpg 800w, https:\/\/www.foscarini.com\/wp-content\/uploads\/2023\/07\/Modulo1_Wronska-1024x663.jpg 1024w, https:\/\/www.foscarini.com\/wp-content\/uploads\/2023\/07\/Modulo1_Wronska-768x498.jpg 768w, https:\/\/www.foscarini.com\/wp-content\/uploads\/2023\/07\/Modulo1_Wronska-1536x995.jpg 1536w, https:\/\/www.foscarini.com\/wp-content\/uploads\/2023\/07\/Modulo1_Wronska-2048x1327.jpg 2048w\" alt=\"\" \/>\n                                                                                                <div class=\"ct-col-right\">\n                                                <div class=\"ct-link\">\n                                                    <a class=\"link-arrow\" href=\"https:\/\/www.foscarini.com\/es\/la-arquitectura-cobra-vida-con-maja-wronska-y-las-lamparas-foscarini\/\">La arquitectura cobra vida con  Maja Wro\u0144ska y las l\u00e1mparas Foscarini<\/a>\n                                                    <div class=\"text-1\"><p>Pinturas en acuarela animadas que sorprenden y consiguen captar la vida, el paso del tiempo en la arquitectura urbana, y en las que las l\u00e1mparas se convierten en un punto focal.<\/p>\n<\/div>\n                                                <\/div>\n                                            <\/div>\n                                        <\/div>\n                                    <\/div>\n                                                        <\/div>\n                <\/div>\n            <\/div>\n        <\/div>\n    <\/div>\n<\/section>","protected":false},"excerpt":{"rendered":"<p>L\u00e1mpara de suspensi\u00f3n de luz difusa y directa hacia abajo. El difusor en vidrio encamisado soplado a boca est\u00e1 pintado con l\u00edquido que cubre con acabado brillante. Cable de suspensi\u00f3n en acero inoxidable y cable el\u00e9ctrico transparente. Flor\u00f3n de techo con estribo de metal cincado y cobertura en ABS coloreado en el compuesto de moldeo blanco brillante. Disponible kit para la descentralizaci\u00f3n del flor\u00f3n- flor\u00f3n m\u00faltiple.<\/p>\n","protected":false},"featured_media":466670,"comment_status":"open","ping_status":"closed","template":"","meta":{"_acf_changed":true},"product_cat":[1016,5387,653,719,744],"product_tag":[],"materiale":[8157],"altezza":[7519],"larghezza":[8183],"profondita":[8437],"peso":[10156],"designer-prodotto":[7814],"class_list":{"0":"post-195375","1":"product","2":"type-product","3":"status-publish","4":"has-post-thumbnail","6":"product_cat-chouchin-concetto-es","7":"product_cat-chouchin-reverse-famiglia-es","8":"product_cat-concetto-es","9":"product_cat-funzione-es","10":"product_cat-sospensione-es","11":"materiale-vetro-e-vetro-soffiato-es","12":"altezza-12-14-es","13":"larghezza-15-78-es","14":"profondita-15-78-es","15":"peso-5-es","16":"designer-prodotto-ionna-vautrin-es","18":"first","19":"instock","20":"shipping-taxable","21":"purchasable","22":"product-type-variable"},"acf":{"preview_slider":{"titolo":"","testo":"","video_domanda":false,"link_video":""},"prodotto__immagine_preview":{"immagine":222579},"prodotto__slider":{"sottotitolo":"Ionna Vautrin (2015)","titolo":"Po\u00e9tica y decorativa, la l\u00e1mpara de suspensi\u00f3n Chouchin Reverse 1 propaga una luz c\u00e1lida en el ambiente. Un fino anillo de color completa de forma original el difusor en vidrio soplado blanco. Un dise\u00f1o original que une estilo moderno y esencial con un gran saber hacer artesanal.","immagini":[{"immagine":309682,"immagine_mobile":""},{"immagine":309689,"immagine_mobile":""}]},"prodotto__slider_preview":[{"immagine":null}],"prodotto__specifiche":{"selezione":[{"scheda_tecnica":461832},{"scheda_tecnica":461833}]}},"yoast_head":"<!-- This site is optimized with the Yoast SEO Premium plugin v22.4 (Yoast SEO v23.7) - https:\/\/yoast.com\/wordpress\/plugins\/seo\/ -->\n<title>Chouchin 1 Reverse - Foscarini<\/title>\n<meta name=\"robots\" content=\"index, follow, max-snippet:-1, max-image-preview:large, max-video-preview:-1\" \/>\n<meta property=\"og:locale\" content=\"es_ES\" \/>\n<meta property=\"og:type\" content=\"article\" \/>\n<meta property=\"og:title\" content=\"Chouchin 1 Reverse\" \/>\n<meta property=\"og:description\" content=\"L\u00e1mpara de suspensi\u00f3n de luz difusa y directa hacia abajo. El difusor en vidrio encamisado soplado a boca est\u00e1 pintado con l\u00edquido que cubre con acabado brillante. Cable de suspensi\u00f3n en acero inoxidable y cable el\u00e9ctrico transparente. Flor\u00f3n de techo con estribo de metal cincado y cobertura en ABS coloreado en el compuesto de moldeo blanco brillante. Disponible kit para la descentralizaci\u00f3n del flor\u00f3n- flor\u00f3n m\u00faltiple.\" \/>\n<meta property=\"og:url\" content=\"https:\/\/www.foscarini.com\/es\/producto\/chouchin-1-reverse-chouchin-reverse-s-es\/\" \/>\n<meta property=\"og:site_name\" content=\"Foscarini\" \/>\n<meta property=\"article:modified_time\" content=\"2025-06-11T11:44:31+00:00\" \/>\n<meta property=\"og:image\" content=\"https:\/\/www.foscarini.com\/wp-content\/uploads\/2025\/06\/chouchin-1-reverse_s_white-gold_22_786x865-1.jpg\" \/>\n\t<meta property=\"og:image:width\" content=\"786\" \/>\n\t<meta property=\"og:image:height\" content=\"865\" \/>\n\t<meta property=\"og:image:type\" content=\"image\/jpeg\" \/>\n<meta name=\"twitter:card\" content=\"summary_large_image\" \/>\n<meta name=\"twitter:label1\" content=\"Tiempo de lectura\" \/>\n\t<meta name=\"twitter:data1\" content=\"1 minuto\" \/>\n<script type=\"application\/ld+json\" class=\"yoast-schema-graph\">{\"@context\":\"https:\/\/schema.org\",\"@graph\":[{\"@type\":\"WebPage\",\"@id\":\"https:\/\/www.foscarini.com\/es\/producto\/chouchin-1-reverse-chouchin-reverse-s-es\/\",\"url\":\"https:\/\/www.foscarini.com\/es\/producto\/chouchin-1-reverse-chouchin-reverse-s-es\/\",\"name\":\"Chouchin 1 Reverse - Foscarini\",\"isPartOf\":{\"@id\":\"https:\/\/www.foscarini.com\/#website\"},\"primaryImageOfPage\":{\"@id\":\"https:\/\/www.foscarini.com\/es\/producto\/chouchin-1-reverse-chouchin-reverse-s-es\/#primaryimage\"},\"image\":{\"@id\":\"https:\/\/www.foscarini.com\/es\/producto\/chouchin-1-reverse-chouchin-reverse-s-es\/#primaryimage\"},\"thumbnailUrl\":\"https:\/\/www.foscarini.com\/wp-content\/uploads\/2025\/06\/chouchin-1-reverse_s_white-gold_22_786x865-3.jpg\",\"datePublished\":\"2024-03-28T17:53:51+00:00\",\"dateModified\":\"2025-06-11T11:44:31+00:00\",\"breadcrumb\":{\"@id\":\"https:\/\/www.foscarini.com\/es\/producto\/chouchin-1-reverse-chouchin-reverse-s-es\/#breadcrumb\"},\"inLanguage\":\"es\",\"potentialAction\":[{\"@type\":\"ReadAction\",\"target\":[\"https:\/\/www.foscarini.com\/es\/producto\/chouchin-1-reverse-chouchin-reverse-s-es\/\"]}]},{\"@type\":\"ImageObject\",\"inLanguage\":\"es\",\"@id\":\"https:\/\/www.foscarini.com\/es\/producto\/chouchin-1-reverse-chouchin-reverse-s-es\/#primaryimage\",\"url\":\"https:\/\/www.foscarini.com\/wp-content\/uploads\/2025\/06\/chouchin-1-reverse_s_white-gold_22_786x865-3.jpg\",\"contentUrl\":\"https:\/\/www.foscarini.com\/wp-content\/uploads\/2025\/06\/chouchin-1-reverse_s_white-gold_22_786x865-3.jpg\",\"width\":786,\"height\":865},{\"@type\":\"BreadcrumbList\",\"@id\":\"https:\/\/www.foscarini.com\/es\/producto\/chouchin-1-reverse-chouchin-reverse-s-es\/#breadcrumb\",\"itemListElement\":[{\"@type\":\"ListItem\",\"position\":1,\"name\":\"Home\",\"item\":\"https:\/\/www.foscarini.com\/es\/\"},{\"@type\":\"ListItem\",\"position\":2,\"name\":\"Tienda\",\"item\":\"https:\/\/www.foscarini.com\/es\/tienda\/\"},{\"@type\":\"ListItem\",\"position\":3,\"name\":\"Chouchin 1 Reverse\"}]},{\"@type\":\"WebSite\",\"@id\":\"https:\/\/www.foscarini.com\/#website\",\"url\":\"https:\/\/www.foscarini.com\/\",\"name\":\"Foscarini\",\"description\":\"\",\"potentialAction\":[{\"@type\":\"SearchAction\",\"target\":{\"@type\":\"EntryPoint\",\"urlTemplate\":\"https:\/\/www.foscarini.com\/?s={search_term_string}\"},\"query-input\":{\"@type\":\"PropertyValueSpecification\",\"valueRequired\":true,\"valueName\":\"search_term_string\"}}],\"inLanguage\":\"es\"}]}<\/script>\n<!-- \/ Yoast SEO Premium plugin. -->","yoast_head_json":{"title":"Chouchin 1 Reverse - Foscarini","robots":{"index":"index","follow":"follow","max-snippet":"max-snippet:-1","max-image-preview":"max-image-preview:large","max-video-preview":"max-video-preview:-1"},"og_locale":"es_ES","og_type":"article","og_title":"Chouchin 1 Reverse","og_description":"L\u00e1mpara de suspensi\u00f3n de luz difusa y directa hacia abajo. El difusor en vidrio encamisado soplado a boca est\u00e1 pintado con l\u00edquido que cubre con acabado brillante. Cable de suspensi\u00f3n en acero inoxidable y cable el\u00e9ctrico transparente. Flor\u00f3n de techo con estribo de metal cincado y cobertura en ABS coloreado en el compuesto de moldeo blanco brillante. Disponible kit para la descentralizaci\u00f3n del flor\u00f3n- flor\u00f3n m\u00faltiple.","og_url":"https:\/\/www.foscarini.com\/es\/producto\/chouchin-1-reverse-chouchin-reverse-s-es\/","og_site_name":"Foscarini","article_modified_time":"2025-06-11T11:44:31+00:00","og_image":[{"width":786,"height":865,"url":"https:\/\/www.foscarini.com\/wp-content\/uploads\/2025\/06\/chouchin-1-reverse_s_white-gold_22_786x865-1.jpg","type":"image\/jpeg"}],"twitter_card":"summary_large_image","twitter_misc":{"Tiempo de lectura":"1 minuto"},"schema":{"@context":"https:\/\/schema.org","@graph":[{"@type":"WebPage","@id":"https:\/\/www.foscarini.com\/es\/producto\/chouchin-1-reverse-chouchin-reverse-s-es\/","url":"https:\/\/www.foscarini.com\/es\/producto\/chouchin-1-reverse-chouchin-reverse-s-es\/","name":"Chouchin 1 Reverse - Foscarini","isPartOf":{"@id":"https:\/\/www.foscarini.com\/#website"},"primaryImageOfPage":{"@id":"https:\/\/www.foscarini.com\/es\/producto\/chouchin-1-reverse-chouchin-reverse-s-es\/#primaryimage"},"image":{"@id":"https:\/\/www.foscarini.com\/es\/producto\/chouchin-1-reverse-chouchin-reverse-s-es\/#primaryimage"},"thumbnailUrl":"https:\/\/www.foscarini.com\/wp-content\/uploads\/2025\/06\/chouchin-1-reverse_s_white-gold_22_786x865-3.jpg","datePublished":"2024-03-28T17:53:51+00:00","dateModified":"2025-06-11T11:44:31+00:00","breadcrumb":{"@id":"https:\/\/www.foscarini.com\/es\/producto\/chouchin-1-reverse-chouchin-reverse-s-es\/#breadcrumb"},"inLanguage":"es","potentialAction":[{"@type":"ReadAction","target":["https:\/\/www.foscarini.com\/es\/producto\/chouchin-1-reverse-chouchin-reverse-s-es\/"]}]},{"@type":"ImageObject","inLanguage":"es","@id":"https:\/\/www.foscarini.com\/es\/producto\/chouchin-1-reverse-chouchin-reverse-s-es\/#primaryimage","url":"https:\/\/www.foscarini.com\/wp-content\/uploads\/2025\/06\/chouchin-1-reverse_s_white-gold_22_786x865-3.jpg","contentUrl":"https:\/\/www.foscarini.com\/wp-content\/uploads\/2025\/06\/chouchin-1-reverse_s_white-gold_22_786x865-3.jpg","width":786,"height":865},{"@type":"BreadcrumbList","@id":"https:\/\/www.foscarini.com\/es\/producto\/chouchin-1-reverse-chouchin-reverse-s-es\/#breadcrumb","itemListElement":[{"@type":"ListItem","position":1,"name":"Home","item":"https:\/\/www.foscarini.com\/es\/"},{"@type":"ListItem","position":2,"name":"Tienda","item":"https:\/\/www.foscarini.com\/es\/tienda\/"},{"@type":"ListItem","position":3,"name":"Chouchin 1 Reverse"}]},{"@type":"WebSite","@id":"https:\/\/www.foscarini.com\/#website","url":"https:\/\/www.foscarini.com\/","name":"Foscarini","description":"","potentialAction":[{"@type":"SearchAction","target":{"@type":"EntryPoint","urlTemplate":"https:\/\/www.foscarini.com\/?s={search_term_string}"},"query-input":{"@type":"PropertyValueSpecification","valueRequired":true,"valueName":"search_term_string"}}],"inLanguage":"es"}]}},"_links":{"self":[{"href":"https:\/\/www.foscarini.com\/es\/wp-json\/wp\/v2\/product\/195375"}],"collection":[{"href":"https:\/\/www.foscarini.com\/es\/wp-json\/wp\/v2\/product"}],"about":[{"href":"https:\/\/www.foscarini.com\/es\/wp-json\/wp\/v2\/types\/product"}],"replies":[{"embeddable":true,"href":"https:\/\/www.foscarini.com\/es\/wp-json\/wp\/v2\/comments?post=195375"}],"wp:featuredmedia":[{"embeddable":true,"href":"https:\/\/www.foscarini.com\/es\/wp-json\/wp\/v2\/media\/466670"}],"wp:attachment":[{"href":"https:\/\/www.foscarini.com\/es\/wp-json\/wp\/v2\/media?parent=195375"}],"wp:term":[{"taxonomy":"product_cat","embeddable":true,"href":"https:\/\/www.foscarini.com\/es\/wp-json\/wp\/v2\/product_cat?post=195375"},{"taxonomy":"product_tag","embeddable":true,"href":"https:\/\/www.foscarini.com\/es\/wp-json\/wp\/v2\/product_tag?post=195375"},{"taxonomy":"materiale","embeddable":true,"href":"https:\/\/www.foscarini.com\/es\/wp-json\/wp\/v2\/materiale?post=195375"},{"taxonomy":"altezza","embeddable":true,"href":"https:\/\/www.foscarini.com\/es\/wp-json\/wp\/v2\/altezza?post=195375"},{"taxonomy":"larghezza","embeddable":true,"href":"https:\/\/www.foscarini.com\/es\/wp-json\/wp\/v2\/larghezza?post=195375"},{"taxonomy":"profondita","embeddable":true,"href":"https:\/\/www.foscarini.com\/es\/wp-json\/wp\/v2\/profondita?post=195375"},{"taxonomy":"peso","embeddable":true,"href":"https:\/\/www.foscarini.com\/es\/wp-json\/wp\/v2\/peso?post=195375"},{"taxonomy":"designer-prodotto","embeddable":true,"href":"https:\/\/www.foscarini.com\/es\/wp-json\/wp\/v2\/designer-prodotto?post=195375"}],"curies":[{"name":"wp","href":"https:\/\/api.w.org\/{rel}","templated":true}]}}