{"id":194652,"date":"2024-03-28T18:09:57","date_gmt":"2024-03-28T18:09:57","guid":{"rendered":"https:\/\/www.foscarini.com\/product\/plass-std-t\/"},"modified":"2025-06-11T14:45:06","modified_gmt":"2025-06-11T14:45:06","slug":"plass-std-t-es","status":"publish","type":"product","link":"https:\/\/www.foscarini.com\/es\/producto\/plass-std-t-es\/","title":{"rendered":"Plass"},"content":{"rendered":"<section class=\"pdp__slider full-height-vh\">\n    <div class=\"swiper-container swiper__pdp\">\n        <div class=\"swiper-wrapper full-height\">\n                                <div class=\"swiper-slide\">\n                                                    <img decoding=\"async\" class=\"full-cover\" src=\"https:\/\/www.foscarini.com\/wp-content\/uploads\/2024\/03\/3.1_Plass-150x150.jpg\" srcset=\"https:\/\/www.foscarini.com\/wp-content\/uploads\/2024\/03\/3.1_Plass-300x200.jpg 300w, https:\/\/www.foscarini.com\/wp-content\/uploads\/2024\/03\/3.1_Plass-1024x683.jpg 1024w, https:\/\/www.foscarini.com\/wp-content\/uploads\/2024\/03\/3.1_Plass-768x512.jpg 768w, https:\/\/www.foscarini.com\/wp-content\/uploads\/2024\/03\/3.1_Plass-1536x1024.jpg 1536w, https:\/\/www.foscarini.com\/wp-content\/uploads\/2024\/03\/3.1_Plass-2048x1365.jpg 2048w, https:\/\/www.foscarini.com\/wp-content\/uploads\/2024\/03\/3.1_Plass-800x533.jpg 800w\" alt=\"\" \/>\n                                                                        <\/div>\n                                        <div class=\"swiper-slide\">\n                                                    <img decoding=\"async\" class=\"full-cover\" src=\"https:\/\/www.foscarini.com\/wp-content\/uploads\/2024\/03\/3.2_Plass-150x150.jpg\" srcset=\"https:\/\/www.foscarini.com\/wp-content\/uploads\/2024\/03\/3.2_Plass-300x200.jpg 300w, https:\/\/www.foscarini.com\/wp-content\/uploads\/2024\/03\/3.2_Plass-1024x683.jpg 1024w, https:\/\/www.foscarini.com\/wp-content\/uploads\/2024\/03\/3.2_Plass-768x512.jpg 768w, https:\/\/www.foscarini.com\/wp-content\/uploads\/2024\/03\/3.2_Plass-1536x1024.jpg 1536w, https:\/\/www.foscarini.com\/wp-content\/uploads\/2024\/03\/3.2_Plass-2048x1365.jpg 2048w, https:\/\/www.foscarini.com\/wp-content\/uploads\/2024\/03\/3.2_Plass-800x533.jpg 800w\" alt=\"\" \/>\n                                                                        <\/div>\n                                        <div class=\"swiper-slide\">\n                                                    <img decoding=\"async\" class=\"full-cover\" src=\"https:\/\/www.foscarini.com\/wp-content\/uploads\/2024\/03\/3.3_Plass-150x150.jpg\" srcset=\"https:\/\/www.foscarini.com\/wp-content\/uploads\/2024\/03\/3.3_Plass-199x300.jpg 199w, https:\/\/www.foscarini.com\/wp-content\/uploads\/2024\/03\/3.3_Plass-678x1024.jpg 678w, https:\/\/www.foscarini.com\/wp-content\/uploads\/2024\/03\/3.3_Plass-768x1160.jpg 768w, https:\/\/www.foscarini.com\/wp-content\/uploads\/2024\/03\/3.3_Plass-800x1208.jpg 800w, https:\/\/www.foscarini.com\/wp-content\/uploads\/2024\/03\/3.3_Plass.jpg 980w\" alt=\"\" \/>\n                                                                        <\/div>\n                                        <div class=\"swiper-slide\">\n                                                    <img decoding=\"async\" class=\"full-cover\" src=\"https:\/\/www.foscarini.com\/wp-content\/uploads\/2024\/03\/3.4_Plass-1-150x150.jpg\" srcset=\"https:\/\/www.foscarini.com\/wp-content\/uploads\/2024\/03\/3.4_Plass-1-300x200.jpg 300w, https:\/\/www.foscarini.com\/wp-content\/uploads\/2024\/03\/3.4_Plass-1-1024x683.jpg 1024w, https:\/\/www.foscarini.com\/wp-content\/uploads\/2024\/03\/3.4_Plass-1-768x512.jpg 768w, https:\/\/www.foscarini.com\/wp-content\/uploads\/2024\/03\/3.4_Plass-1-1536x1024.jpg 1536w, https:\/\/www.foscarini.com\/wp-content\/uploads\/2024\/03\/3.4_Plass-1-2048x1365.jpg 2048w, https:\/\/www.foscarini.com\/wp-content\/uploads\/2024\/03\/3.4_Plass-1-800x533.jpg 800w\" alt=\"\" \/>\n                                                                        <\/div>\n                                        <div class=\"swiper-slide\">\n                                                    <img decoding=\"async\" class=\"full-cover\" src=\"https:\/\/www.foscarini.com\/wp-content\/uploads\/2024\/03\/3.5_Plass-1-150x150.jpg\" srcset=\"https:\/\/www.foscarini.com\/wp-content\/uploads\/2024\/03\/3.5_Plass-1-199x300.jpg 199w, https:\/\/www.foscarini.com\/wp-content\/uploads\/2024\/03\/3.5_Plass-1-678x1024.jpg 678w, https:\/\/www.foscarini.com\/wp-content\/uploads\/2024\/03\/3.5_Plass-1-768x1160.jpg 768w, https:\/\/www.foscarini.com\/wp-content\/uploads\/2024\/03\/3.5_Plass-1-800x1208.jpg 800w, https:\/\/www.foscarini.com\/wp-content\/uploads\/2024\/03\/3.5_Plass-1.jpg 980w\" alt=\"\" \/>\n                                                                        <\/div>\n                                        <div class=\"swiper-slide\">\n                                                    <img decoding=\"async\" class=\"full-cover\" src=\"https:\/\/www.foscarini.com\/wp-content\/uploads\/2024\/03\/3.6_Plass-1-150x150.jpg\" srcset=\"https:\/\/www.foscarini.com\/wp-content\/uploads\/2024\/03\/3.6_Plass-1-199x300.jpg 199w, https:\/\/www.foscarini.com\/wp-content\/uploads\/2024\/03\/3.6_Plass-1-678x1024.jpg 678w, https:\/\/www.foscarini.com\/wp-content\/uploads\/2024\/03\/3.6_Plass-1-768x1160.jpg 768w, https:\/\/www.foscarini.com\/wp-content\/uploads\/2024\/03\/3.6_Plass-1-800x1208.jpg 800w, https:\/\/www.foscarini.com\/wp-content\/uploads\/2024\/03\/3.6_Plass-1.jpg 980w\" alt=\"\" \/>\n                                                                        <\/div>\n                                        <div class=\"swiper-slide\">\n                                                    <img decoding=\"async\" class=\"full-cover\" src=\"https:\/\/www.foscarini.com\/wp-content\/uploads\/2024\/03\/3.9_Plass-1-150x150.jpg\" srcset=\"https:\/\/www.foscarini.com\/wp-content\/uploads\/2024\/03\/3.9_Plass-1-300x300.jpg 300w, https:\/\/www.foscarini.com\/wp-content\/uploads\/2024\/03\/3.9_Plass-1-1024x1024.jpg 1024w, https:\/\/www.foscarini.com\/wp-content\/uploads\/2024\/03\/3.9_Plass-1-150x150.jpg 150w, https:\/\/www.foscarini.com\/wp-content\/uploads\/2024\/03\/3.9_Plass-1-768x768.jpg 768w, https:\/\/www.foscarini.com\/wp-content\/uploads\/2024\/03\/3.9_Plass-1-400x400.jpg 400w, https:\/\/www.foscarini.com\/wp-content\/uploads\/2024\/03\/3.9_Plass-1-800x800.jpg 800w, https:\/\/www.foscarini.com\/wp-content\/uploads\/2024\/03\/3.9_Plass-1-100x100.jpg 100w, https:\/\/www.foscarini.com\/wp-content\/uploads\/2024\/03\/3.9_Plass-1.jpg 1480w\" alt=\"\" \/>\n                                                                        <\/div>\n                            <\/div>\n    <\/div>\n    <div class=\"swiper-scrollbar\"><\/div>\n    <div class=\"ct-arrow\">\n        <div class=\"swiper-button-prev\"><\/div>\n        <div class=\"swiper-button-next\"><\/div>\n    <\/div>\n<\/section><section class=\"concept__project_comunication full-height-vh\">\n    <div class=\"row row-large\">\n        <div class=\"medium-12 small-12 columns full-height no-padding-right-mobile\">\n            <div class=\"ct-image-text-lateral\">\n                <div class=\"ct-arrow\">\n                    <div class=\"swiper-button-prev\" aria-label=\"previous slide\"><\/div>\n                    <div class=\"swiper-button-next\" aria-label=\"next slide\"><\/div>\n                <\/div>\n                <span class=\"section-name-lateral\">Contenidos editoriales<\/span>\n                <!-- Swiper -->\n                <div class=\"swiper-container swiper__concept__comunication\">\n                    <div class=\"swiper-wrapper\">\n                                                            <div class=\"swiper-slide\">\n                                        <div class=\"ct-slide\">\n                                                                                                <img decoding=\"async\" class=\"full-cover\" src=\"https:\/\/www.foscarini.com\/wp-content\/uploads\/2025\/03\/BANNER_NEWS_ERY-BURNS-150x150.jpg\" srcset=\"https:\/\/www.foscarini.com\/wp-content\/uploads\/2025\/03\/BANNER_NEWS_ERY-BURNS-300x220.jpg 300w, https:\/\/www.foscarini.com\/wp-content\/uploads\/2025\/03\/BANNER_NEWS_ERY-BURNS-1024x752.jpg 1024w, https:\/\/www.foscarini.com\/wp-content\/uploads\/2025\/03\/BANNER_NEWS_ERY-BURNS-768x564.jpg 768w, https:\/\/www.foscarini.com\/wp-content\/uploads\/2025\/03\/BANNER_NEWS_ERY-BURNS-1536x1128.jpg 1536w, https:\/\/www.foscarini.com\/wp-content\/uploads\/2025\/03\/BANNER_NEWS_ERY-BURNS-800x587.jpg 800w, https:\/\/www.foscarini.com\/wp-content\/uploads\/2025\/03\/BANNER_NEWS_ERY-BURNS.jpg 1640w\" alt=\"\" \/>\n                                                                                                <div class=\"ct-col-right\">\n                                                <div class=\"ct-link\">\n                                                    <a class=\"link-arrow\" href=\"https:\/\/www.foscarini.com\/es\/ery-burns\/\">Cada detalle es una historia: la magia de los doodles de Ery Burns<\/a>\n                                                    <div class=\"text-1\"><p>Ery Burns porta la libera spontaneit\u00e0 dei doodle nel progetto What&#8217;s in a Lamp? di Foscarini. In ogni disegno la luce diventa espressione immediata e immaginifica, dando vita a storie inaspettate, ricche di dettagli, colori vivaci e un tocco di umorismo.<\/p>\n<\/div>\n                                                <\/div>\n                                            <\/div>\n                                        <\/div>\n                                    <\/div>\n                                                                        <div class=\"swiper-slide\">\n                                        <div class=\"ct-slide\">\n                                                                                                <img decoding=\"async\" class=\"full-cover\" src=\"https:\/\/www.foscarini.com\/wp-content\/uploads\/2024\/06\/BANNER_NEWSWAGSTAFF_BITWAGSTAFF-150x150.jpg\" srcset=\"https:\/\/www.foscarini.com\/wp-content\/uploads\/2024\/06\/BANNER_NEWSWAGSTAFF_BITWAGSTAFF-300x220.jpg 300w, https:\/\/www.foscarini.com\/wp-content\/uploads\/2024\/06\/BANNER_NEWSWAGSTAFF_BITWAGSTAFF-1024x752.jpg 1024w, https:\/\/www.foscarini.com\/wp-content\/uploads\/2024\/06\/BANNER_NEWSWAGSTAFF_BITWAGSTAFF-768x564.jpg 768w, https:\/\/www.foscarini.com\/wp-content\/uploads\/2024\/06\/BANNER_NEWSWAGSTAFF_BITWAGSTAFF-1536x1128.jpg 1536w, https:\/\/www.foscarini.com\/wp-content\/uploads\/2024\/06\/BANNER_NEWSWAGSTAFF_BITWAGSTAFF-800x587.jpg 800w, https:\/\/www.foscarini.com\/wp-content\/uploads\/2024\/06\/BANNER_NEWSWAGSTAFF_BITWAGSTAFF.jpg 1640w\" alt=\"\" \/>\n                                                                                                <div class=\"ct-col-right\">\n                                                <div class=\"ct-link\">\n                                                    <a class=\"link-arrow\" href=\"https:\/\/www.foscarini.com\/es\/illuminare-linvisibile-le-illusioni-ottiche-di-lee-wagstaff-per-whats-in-a-lamp\/\">Iluminando lo Invisible: Las Ilusiones \u00d3pticas de Lee Wagstaff para &#8220;What\u2019s in a Lamp?&#8221;<\/a>\n                                                    <div class=\"text-1\"><p>Los patrones geom\u00e9tricos de Lee Wagstaff revelan m\u00e1s de lo que el ojo puede ver, ya que surgen realidades alternativas m\u00e1s all\u00e1 de la superficie y personajes de cuentos de hadas cobran vida dentro de las formas de las l\u00e1mparas de Foscarini.<\/p>\n<\/div>\n                                                <\/div>\n                                            <\/div>\n                                        <\/div>\n                                    <\/div>\n                                                                        <div class=\"swiper-slide\">\n                                        <div class=\"ct-slide\">\n                                                                                                <img decoding=\"async\" class=\"full-cover\" src=\"https:\/\/www.foscarini.com\/wp-content\/uploads\/2023\/11\/main_banner_postcard-of-light-150x150.jpeg\" srcset=\"https:\/\/www.foscarini.com\/wp-content\/uploads\/2023\/11\/main_banner_postcard-of-light-300x194.jpeg 300w, https:\/\/www.foscarini.com\/wp-content\/uploads\/2023\/11\/main_banner_postcard-of-light-800x518.jpeg 800w, https:\/\/www.foscarini.com\/wp-content\/uploads\/2023\/11\/main_banner_postcard-of-light-1024x663.jpeg 1024w, https:\/\/www.foscarini.com\/wp-content\/uploads\/2023\/11\/main_banner_postcard-of-light-768x498.jpeg 768w, https:\/\/www.foscarini.com\/wp-content\/uploads\/2023\/11\/main_banner_postcard-of-light-1536x995.jpeg 1536w, https:\/\/www.foscarini.com\/wp-content\/uploads\/2023\/11\/main_banner_postcard-of-light-2048x1327.jpeg 2048w\" alt=\"\" \/>\n                                                                                                <div class=\"ct-col-right\">\n                                                <div class=\"ct-link\">\n                                                    <a class=\"link-arrow\" href=\"https:\/\/www.foscarini.com\/es\/postcards-of-light\/\">Postcards of Light<\/a>\n                                                    <div class=\"text-1\"><p>Las l\u00e1mparas, llevadas por las calles del mundo, se convierten en protagonistas y testimonios de fragmentos de vida.<\/p>\n<\/div>\n                                                <\/div>\n                                            <\/div>\n                                        <\/div>\n                                    <\/div>\n                                                                        <div class=\"swiper-slide\">\n                                        <div class=\"ct-slide\">\n                                                                                                <img decoding=\"async\" class=\"full-cover\" src=\"https:\/\/www.foscarini.com\/wp-content\/uploads\/2023\/12\/Inventario09_1_-150x150.jpeg\" srcset=\"https:\/\/www.foscarini.com\/wp-content\/uploads\/2023\/12\/Inventario09_1_-232x300.jpeg 232w, https:\/\/www.foscarini.com\/wp-content\/uploads\/2023\/12\/Inventario09_1_-768x992.jpeg 768w, https:\/\/www.foscarini.com\/wp-content\/uploads\/2023\/12\/Inventario09_1_-600x775.jpeg 600w, https:\/\/www.foscarini.com\/wp-content\/uploads\/2023\/12\/Inventario09_1_.jpeg 776w\" alt=\"\" \/>\n                                                                                                <div class=\"ct-col-right\">\n                                                <div class=\"ct-link\">\n                                                    <a class=\"link-arrow\" href=\"https:\/\/www.foscarini.com\/es\/inventario\/inventario-09\/\">Inventario \u00b009<\/a>\n                                                    <div class=\"text-1\"><p>Premiado con el Compasso d\u2019Oro, el bookzine sigue explorando el mundo de la creatividad.<\/p>\n<\/div>\n                                                <\/div>\n                                            <\/div>\n                                        <\/div>\n                                    <\/div>\n                                                        <\/div>\n                <\/div>\n            <\/div>\n        <\/div>\n    <\/div>\n<\/section>","protected":false},"excerpt":{"rendered":"<p>L\u00e1mpara de mesa con luz directa y difusa . El difusor de policarbonato transparente se obtiene por moldeo rotacional , una tecnolog\u00eda que permite producir cuerpos huecos de tama\u00f1o considerable sin necesidad de soldadura . Interior de aluminio marco de cepillado, cable el\u00e9ctrico transparente.<\/p>\n","protected":false},"featured_media":469073,"comment_status":"open","ping_status":"closed","template":"","meta":{"_acf_changed":true},"product_cat":[653,719,753,849,5561],"product_tag":[],"materiale":[8316],"altezza":[9513],"larghezza":[7709],"profondita":[7938],"peso":[9809],"designer-prodotto":[7978],"class_list":{"0":"post-194652","1":"product","2":"type-product","3":"status-publish","4":"has-post-thumbnail","6":"product_cat-concetto-es","7":"product_cat-funzione-es","8":"product_cat-tavolo-es","9":"product_cat-plass-concetto-es","10":"product_cat-plass-famiglia-es","11":"materiale-materiale-plastico-es","12":"altezza-20-es","13":"larghezza-13-18-es","14":"profondita-13-18-es","15":"peso-4-es","16":"designer-prodotto-luca-nichetto-es","18":"first","19":"instock","20":"shipping-taxable","21":"purchasable","22":"product-type-variable"},"acf":{"preview_slider":{"titolo":"","testo":"","video_domanda":false,"link_video":""},"prodotto__immagine_preview":{"immagine":224893},"prodotto__slider":{"sottotitolo":"Luca Nichetto (2015)","titolo":"Una l\u00e1mpara de mesa cuyo dise\u00f1o interpreta la imagen de una perla de vidrio utilizando el policarbonato transparente rotomoldeado. Los acabados se caracterizan por las t\u00edpicas irregularidades que recuerdan el vidrio artesanal y hacen vibrar la luz.","immagini":[{"immagine":308785,"immagine_mobile":""},{"immagine":308778,"immagine_mobile":""}]},"prodotto__slider_preview":null,"prodotto__specifiche":{"selezione":[{"scheda_tecnica":463379}]}},"yoast_head":"<!-- This site is optimized with the Yoast SEO Premium plugin v22.4 (Yoast SEO v23.7) - https:\/\/yoast.com\/wordpress\/plugins\/seo\/ -->\n<title>Plass - Foscarini<\/title>\n<meta name=\"robots\" content=\"index, follow, max-snippet:-1, max-image-preview:large, max-video-preview:-1\" \/>\n<meta property=\"og:locale\" content=\"es_ES\" \/>\n<meta property=\"og:type\" content=\"article\" \/>\n<meta property=\"og:title\" content=\"Plass\" \/>\n<meta property=\"og:description\" content=\"L\u00e1mpara de mesa con luz directa y difusa . El difusor de policarbonato transparente se obtiene por moldeo rotacional , una tecnolog\u00eda que permite producir cuerpos huecos de tama\u00f1o considerable sin necesidad de soldadura . Interior de aluminio marco de cepillado, cable el\u00e9ctrico transparente.\" \/>\n<meta property=\"og:url\" content=\"https:\/\/www.foscarini.com\/es\/producto\/plass-std-t-es\/\" \/>\n<meta property=\"og:site_name\" content=\"Foscarini\" \/>\n<meta property=\"article:modified_time\" content=\"2025-06-11T14:45:06+00:00\" \/>\n<meta property=\"og:image\" content=\"https:\/\/www.foscarini.com\/wp-content\/uploads\/2025\/06\/plass_t_light-blue_22_786x865-1.jpg\" \/>\n\t<meta property=\"og:image:width\" content=\"786\" \/>\n\t<meta property=\"og:image:height\" content=\"865\" \/>\n\t<meta property=\"og:image:type\" content=\"image\/jpeg\" \/>\n<meta name=\"twitter:card\" content=\"summary_large_image\" \/>\n<meta name=\"twitter:label1\" content=\"Tiempo de lectura\" \/>\n\t<meta name=\"twitter:data1\" content=\"1 minuto\" \/>\n<script type=\"application\/ld+json\" class=\"yoast-schema-graph\">{\"@context\":\"https:\/\/schema.org\",\"@graph\":[{\"@type\":\"WebPage\",\"@id\":\"https:\/\/www.foscarini.com\/es\/producto\/plass-std-t-es\/\",\"url\":\"https:\/\/www.foscarini.com\/es\/producto\/plass-std-t-es\/\",\"name\":\"Plass - Foscarini\",\"isPartOf\":{\"@id\":\"https:\/\/www.foscarini.com\/#website\"},\"primaryImageOfPage\":{\"@id\":\"https:\/\/www.foscarini.com\/es\/producto\/plass-std-t-es\/#primaryimage\"},\"image\":{\"@id\":\"https:\/\/www.foscarini.com\/es\/producto\/plass-std-t-es\/#primaryimage\"},\"thumbnailUrl\":\"https:\/\/www.foscarini.com\/wp-content\/uploads\/2025\/06\/plass_t_light-blue_22_786x865-3.jpg\",\"datePublished\":\"2024-03-28T18:09:57+00:00\",\"dateModified\":\"2025-06-11T14:45:06+00:00\",\"breadcrumb\":{\"@id\":\"https:\/\/www.foscarini.com\/es\/producto\/plass-std-t-es\/#breadcrumb\"},\"inLanguage\":\"es\",\"potentialAction\":[{\"@type\":\"ReadAction\",\"target\":[\"https:\/\/www.foscarini.com\/es\/producto\/plass-std-t-es\/\"]}]},{\"@type\":\"ImageObject\",\"inLanguage\":\"es\",\"@id\":\"https:\/\/www.foscarini.com\/es\/producto\/plass-std-t-es\/#primaryimage\",\"url\":\"https:\/\/www.foscarini.com\/wp-content\/uploads\/2025\/06\/plass_t_light-blue_22_786x865-3.jpg\",\"contentUrl\":\"https:\/\/www.foscarini.com\/wp-content\/uploads\/2025\/06\/plass_t_light-blue_22_786x865-3.jpg\",\"width\":786,\"height\":865},{\"@type\":\"BreadcrumbList\",\"@id\":\"https:\/\/www.foscarini.com\/es\/producto\/plass-std-t-es\/#breadcrumb\",\"itemListElement\":[{\"@type\":\"ListItem\",\"position\":1,\"name\":\"Home\",\"item\":\"https:\/\/www.foscarini.com\/es\/\"},{\"@type\":\"ListItem\",\"position\":2,\"name\":\"Tienda\",\"item\":\"https:\/\/www.foscarini.com\/es\/tienda\/\"},{\"@type\":\"ListItem\",\"position\":3,\"name\":\"Plass\"}]},{\"@type\":\"WebSite\",\"@id\":\"https:\/\/www.foscarini.com\/#website\",\"url\":\"https:\/\/www.foscarini.com\/\",\"name\":\"Foscarini\",\"description\":\"\",\"potentialAction\":[{\"@type\":\"SearchAction\",\"target\":{\"@type\":\"EntryPoint\",\"urlTemplate\":\"https:\/\/www.foscarini.com\/?s={search_term_string}\"},\"query-input\":{\"@type\":\"PropertyValueSpecification\",\"valueRequired\":true,\"valueName\":\"search_term_string\"}}],\"inLanguage\":\"es\"}]}<\/script>\n<!-- \/ Yoast SEO Premium plugin. -->","yoast_head_json":{"title":"Plass - Foscarini","robots":{"index":"index","follow":"follow","max-snippet":"max-snippet:-1","max-image-preview":"max-image-preview:large","max-video-preview":"max-video-preview:-1"},"og_locale":"es_ES","og_type":"article","og_title":"Plass","og_description":"L\u00e1mpara de mesa con luz directa y difusa . El difusor de policarbonato transparente se obtiene por moldeo rotacional , una tecnolog\u00eda que permite producir cuerpos huecos de tama\u00f1o considerable sin necesidad de soldadura . Interior de aluminio marco de cepillado, cable el\u00e9ctrico transparente.","og_url":"https:\/\/www.foscarini.com\/es\/producto\/plass-std-t-es\/","og_site_name":"Foscarini","article_modified_time":"2025-06-11T14:45:06+00:00","og_image":[{"width":786,"height":865,"url":"https:\/\/www.foscarini.com\/wp-content\/uploads\/2025\/06\/plass_t_light-blue_22_786x865-1.jpg","type":"image\/jpeg"}],"twitter_card":"summary_large_image","twitter_misc":{"Tiempo de lectura":"1 minuto"},"schema":{"@context":"https:\/\/schema.org","@graph":[{"@type":"WebPage","@id":"https:\/\/www.foscarini.com\/es\/producto\/plass-std-t-es\/","url":"https:\/\/www.foscarini.com\/es\/producto\/plass-std-t-es\/","name":"Plass - Foscarini","isPartOf":{"@id":"https:\/\/www.foscarini.com\/#website"},"primaryImageOfPage":{"@id":"https:\/\/www.foscarini.com\/es\/producto\/plass-std-t-es\/#primaryimage"},"image":{"@id":"https:\/\/www.foscarini.com\/es\/producto\/plass-std-t-es\/#primaryimage"},"thumbnailUrl":"https:\/\/www.foscarini.com\/wp-content\/uploads\/2025\/06\/plass_t_light-blue_22_786x865-3.jpg","datePublished":"2024-03-28T18:09:57+00:00","dateModified":"2025-06-11T14:45:06+00:00","breadcrumb":{"@id":"https:\/\/www.foscarini.com\/es\/producto\/plass-std-t-es\/#breadcrumb"},"inLanguage":"es","potentialAction":[{"@type":"ReadAction","target":["https:\/\/www.foscarini.com\/es\/producto\/plass-std-t-es\/"]}]},{"@type":"ImageObject","inLanguage":"es","@id":"https:\/\/www.foscarini.com\/es\/producto\/plass-std-t-es\/#primaryimage","url":"https:\/\/www.foscarini.com\/wp-content\/uploads\/2025\/06\/plass_t_light-blue_22_786x865-3.jpg","contentUrl":"https:\/\/www.foscarini.com\/wp-content\/uploads\/2025\/06\/plass_t_light-blue_22_786x865-3.jpg","width":786,"height":865},{"@type":"BreadcrumbList","@id":"https:\/\/www.foscarini.com\/es\/producto\/plass-std-t-es\/#breadcrumb","itemListElement":[{"@type":"ListItem","position":1,"name":"Home","item":"https:\/\/www.foscarini.com\/es\/"},{"@type":"ListItem","position":2,"name":"Tienda","item":"https:\/\/www.foscarini.com\/es\/tienda\/"},{"@type":"ListItem","position":3,"name":"Plass"}]},{"@type":"WebSite","@id":"https:\/\/www.foscarini.com\/#website","url":"https:\/\/www.foscarini.com\/","name":"Foscarini","description":"","potentialAction":[{"@type":"SearchAction","target":{"@type":"EntryPoint","urlTemplate":"https:\/\/www.foscarini.com\/?s={search_term_string}"},"query-input":{"@type":"PropertyValueSpecification","valueRequired":true,"valueName":"search_term_string"}}],"inLanguage":"es"}]}},"_links":{"self":[{"href":"https:\/\/www.foscarini.com\/es\/wp-json\/wp\/v2\/product\/194652"}],"collection":[{"href":"https:\/\/www.foscarini.com\/es\/wp-json\/wp\/v2\/product"}],"about":[{"href":"https:\/\/www.foscarini.com\/es\/wp-json\/wp\/v2\/types\/product"}],"replies":[{"embeddable":true,"href":"https:\/\/www.foscarini.com\/es\/wp-json\/wp\/v2\/comments?post=194652"}],"wp:featuredmedia":[{"embeddable":true,"href":"https:\/\/www.foscarini.com\/es\/wp-json\/wp\/v2\/media\/469073"}],"wp:attachment":[{"href":"https:\/\/www.foscarini.com\/es\/wp-json\/wp\/v2\/media?parent=194652"}],"wp:term":[{"taxonomy":"product_cat","embeddable":true,"href":"https:\/\/www.foscarini.com\/es\/wp-json\/wp\/v2\/product_cat?post=194652"},{"taxonomy":"product_tag","embeddable":true,"href":"https:\/\/www.foscarini.com\/es\/wp-json\/wp\/v2\/product_tag?post=194652"},{"taxonomy":"materiale","embeddable":true,"href":"https:\/\/www.foscarini.com\/es\/wp-json\/wp\/v2\/materiale?post=194652"},{"taxonomy":"altezza","embeddable":true,"href":"https:\/\/www.foscarini.com\/es\/wp-json\/wp\/v2\/altezza?post=194652"},{"taxonomy":"larghezza","embeddable":true,"href":"https:\/\/www.foscarini.com\/es\/wp-json\/wp\/v2\/larghezza?post=194652"},{"taxonomy":"profondita","embeddable":true,"href":"https:\/\/www.foscarini.com\/es\/wp-json\/wp\/v2\/profondita?post=194652"},{"taxonomy":"peso","embeddable":true,"href":"https:\/\/www.foscarini.com\/es\/wp-json\/wp\/v2\/peso?post=194652"},{"taxonomy":"designer-prodotto","embeddable":true,"href":"https:\/\/www.foscarini.com\/es\/wp-json\/wp\/v2\/designer-prodotto?post=194652"}],"curies":[{"name":"wp","href":"https:\/\/api.w.org\/{rel}","templated":true}]}}