{"id":194466,"date":"2024-03-28T17:49:43","date_gmt":"2024-03-28T17:49:43","guid":{"rendered":"https:\/\/www.foscarini.com\/product\/bit-5-bit-w\/"},"modified":"2025-06-11T11:15:16","modified_gmt":"2025-06-11T11:15:16","slug":"bit-5-bit-w-es","status":"publish","type":"product","link":"https:\/\/www.foscarini.com\/es\/producto\/bit-5-bit-w-es\/","title":{"rendered":"Bit 5"},"content":{"rendered":"<p>Pi\u00f9 che una famiglia di lampade da parete, Bit \u00e8 un alfabeto di forme organiche e colori, con i quali creare infinite composizioni. Da spente richiamano un dipinto surrealista, da accese il gioco della luce delle vetrate a mosaico.<\/p><section class=\"pdp__slider full-height-vh\">\n    <div class=\"swiper-container swiper__pdp\">\n        <div class=\"swiper-wrapper full-height\">\n                                <div class=\"swiper-slide\">\n                                                    <img decoding=\"async\" class=\"full-cover\" src=\"https:\/\/www.foscarini.com\/wp-content\/uploads\/2024\/03\/3.1_Bit-5-150x150.jpg\" srcset=\"https:\/\/www.foscarini.com\/wp-content\/uploads\/2024\/03\/3.1_Bit-5-300x250.jpg 300w, https:\/\/www.foscarini.com\/wp-content\/uploads\/2024\/03\/3.1_Bit-5-1024x854.jpg 1024w, https:\/\/www.foscarini.com\/wp-content\/uploads\/2024\/03\/3.1_Bit-5-768x641.jpg 768w, https:\/\/www.foscarini.com\/wp-content\/uploads\/2024\/03\/3.1_Bit-5-1536x1282.jpg 1536w, https:\/\/www.foscarini.com\/wp-content\/uploads\/2024\/03\/3.1_Bit-5-800x668.jpg 800w, https:\/\/www.foscarini.com\/wp-content\/uploads\/2024\/03\/3.1_Bit-5.jpg 1776w\" alt=\"\" \/>\n                                                                        <\/div>\n                                        <div class=\"swiper-slide\">\n                                                    <img decoding=\"async\" class=\"full-cover\" src=\"https:\/\/www.foscarini.com\/wp-content\/uploads\/2024\/03\/3.2_Bit-5-150x150.jpg\" srcset=\"https:\/\/www.foscarini.com\/wp-content\/uploads\/2024\/03\/3.2_Bit-5-194x300.jpg 194w, https:\/\/www.foscarini.com\/wp-content\/uploads\/2024\/03\/3.2_Bit-5-663x1024.jpg 663w, https:\/\/www.foscarini.com\/wp-content\/uploads\/2024\/03\/3.2_Bit-5-768x1186.jpg 768w, https:\/\/www.foscarini.com\/wp-content\/uploads\/2024\/03\/3.2_Bit-5-800x1235.jpg 800w, https:\/\/www.foscarini.com\/wp-content\/uploads\/2024\/03\/3.2_Bit-5.jpg 960w\" alt=\"\" \/>\n                                                                        <\/div>\n                                        <div class=\"swiper-slide\">\n                                                    <img decoding=\"async\" class=\"full-cover\" src=\"https:\/\/www.foscarini.com\/wp-content\/uploads\/2024\/03\/3.4_Bit-10-150x150.jpg\" srcset=\"https:\/\/www.foscarini.com\/wp-content\/uploads\/2024\/03\/3.4_Bit-10-225x300.jpg 225w, https:\/\/www.foscarini.com\/wp-content\/uploads\/2024\/03\/3.4_Bit-10-768x1024.jpg 768w, https:\/\/www.foscarini.com\/wp-content\/uploads\/2024\/03\/3.4_Bit-10-800x1067.jpg 800w, https:\/\/www.foscarini.com\/wp-content\/uploads\/2024\/03\/3.4_Bit-10.jpg 1111w\" alt=\"\" \/>\n                                                                        <\/div>\n                                        <div class=\"swiper-slide\">\n                                                    <img decoding=\"async\" class=\"full-cover\" src=\"https:\/\/www.foscarini.com\/wp-content\/uploads\/2024\/03\/3.3_Bit-10-150x150.jpg\" srcset=\"https:\/\/www.foscarini.com\/wp-content\/uploads\/2024\/03\/3.3_Bit-10-300x169.jpg 300w, https:\/\/www.foscarini.com\/wp-content\/uploads\/2024\/03\/3.3_Bit-10-1024x576.jpg 1024w, https:\/\/www.foscarini.com\/wp-content\/uploads\/2024\/03\/3.3_Bit-10-768x432.jpg 768w, https:\/\/www.foscarini.com\/wp-content\/uploads\/2024\/03\/3.3_Bit-10-1536x864.jpg 1536w, https:\/\/www.foscarini.com\/wp-content\/uploads\/2024\/03\/3.3_Bit-10-2048x1152.jpg 2048w, https:\/\/www.foscarini.com\/wp-content\/uploads\/2024\/03\/3.3_Bit-10-800x450.jpg 800w\" alt=\"\" \/>\n                                                                        <\/div>\n                                        <div class=\"swiper-slide\">\n                                                    <img decoding=\"async\" class=\"full-cover\" src=\"https:\/\/www.foscarini.com\/wp-content\/uploads\/2024\/03\/3.5_Bit-10-150x150.jpg\" srcset=\"https:\/\/www.foscarini.com\/wp-content\/uploads\/2024\/03\/3.5_Bit-10-300x300.jpg 300w, https:\/\/www.foscarini.com\/wp-content\/uploads\/2024\/03\/3.5_Bit-10-1024x1024.jpg 1024w, https:\/\/www.foscarini.com\/wp-content\/uploads\/2024\/03\/3.5_Bit-10-150x150.jpg 150w, https:\/\/www.foscarini.com\/wp-content\/uploads\/2024\/03\/3.5_Bit-10-768x768.jpg 768w, https:\/\/www.foscarini.com\/wp-content\/uploads\/2024\/03\/3.5_Bit-10-400x400.jpg 400w, https:\/\/www.foscarini.com\/wp-content\/uploads\/2024\/03\/3.5_Bit-10-800x800.jpg 800w, https:\/\/www.foscarini.com\/wp-content\/uploads\/2024\/03\/3.5_Bit-10-100x100.jpg 100w, https:\/\/www.foscarini.com\/wp-content\/uploads\/2024\/03\/3.5_Bit-10.jpg 1482w\" alt=\"\" \/>\n                                                                        <\/div>\n                            <\/div>\n    <\/div>\n    <div class=\"swiper-scrollbar\"><\/div>\n    <div class=\"ct-arrow\">\n        <div class=\"swiper-button-prev\"><\/div>\n        <div class=\"swiper-button-next\"><\/div>\n    <\/div>\n<\/section><section class=\"concept__project_comunication full-height-vh\">\n    <div class=\"row row-large\">\n        <div class=\"medium-12 small-12 columns full-height no-padding-right-mobile\">\n            <div class=\"ct-image-text-lateral\">\n                <div class=\"ct-arrow\">\n                    <div class=\"swiper-button-prev\" aria-label=\"previous slide\"><\/div>\n                    <div class=\"swiper-button-next\" aria-label=\"next slide\"><\/div>\n                <\/div>\n                <span class=\"section-name-lateral\">Contenidos editoriales<\/span>\n                <!-- Swiper -->\n                <div class=\"swiper-container swiper__concept__comunication\">\n                    <div class=\"swiper-wrapper\">\n                                                            <div class=\"swiper-slide\">\n                                        <div class=\"ct-slide\">\n                                                                                                <img decoding=\"async\" class=\"full-cover\" src=\"https:\/\/www.foscarini.com\/wp-content\/uploads\/2024\/10\/pimpinella-BANNER_NEWSbennet-150x150.jpg\" srcset=\"https:\/\/www.foscarini.com\/wp-content\/uploads\/2024\/10\/pimpinella-BANNER_NEWSbennet-300x220.jpg 300w, https:\/\/www.foscarini.com\/wp-content\/uploads\/2024\/10\/pimpinella-BANNER_NEWSbennet-1024x752.jpg 1024w, https:\/\/www.foscarini.com\/wp-content\/uploads\/2024\/10\/pimpinella-BANNER_NEWSbennet-768x564.jpg 768w, https:\/\/www.foscarini.com\/wp-content\/uploads\/2024\/10\/pimpinella-BANNER_NEWSbennet-1536x1128.jpg 1536w, https:\/\/www.foscarini.com\/wp-content\/uploads\/2024\/10\/pimpinella-BANNER_NEWSbennet-800x587.jpg 800w, https:\/\/www.foscarini.com\/wp-content\/uploads\/2024\/10\/pimpinella-BANNER_NEWSbennet.jpg 1640w\" alt=\"\" \/>\n                                                                                                <div class=\"ct-col-right\">\n                                                <div class=\"ct-link\">\n                                                    <a class=\"link-arrow\" href=\"https:\/\/www.foscarini.com\/es\/bennet-pimpinella\/\">Ara\u00f1azos de Luz: el videoarte de Bennet Pimpinella para What&#8217;s in a Lamp?<\/a>\n                                                    <div class=\"text-1\"><p>Bennet Pimpinella lleva su arte cinematogr\u00e1fico al proyecto What&#8217;s in a Lamp? y, utilizando la t\u00e9cnica del ara\u00f1ado sobre la pel\u00edcula, convierte las l\u00e1mparas de Foscarini en s\u00edmbolos de emociones y recuerdos, en escenas \u00edntimas con una atm\u00f3sfera surrealista y underground.<\/p>\n<\/div>\n                                                <\/div>\n                                            <\/div>\n                                        <\/div>\n                                    <\/div>\n                                                                        <div class=\"swiper-slide\">\n                                        <div class=\"ct-slide\">\n                                                                                                <img decoding=\"async\" class=\"full-cover\" src=\"https:\/\/www.foscarini.com\/wp-content\/uploads\/2024\/06\/BANNER_NEWSWAGSTAFF_BITWAGSTAFF-150x150.jpg\" srcset=\"https:\/\/www.foscarini.com\/wp-content\/uploads\/2024\/06\/BANNER_NEWSWAGSTAFF_BITWAGSTAFF-300x220.jpg 300w, https:\/\/www.foscarini.com\/wp-content\/uploads\/2024\/06\/BANNER_NEWSWAGSTAFF_BITWAGSTAFF-1024x752.jpg 1024w, https:\/\/www.foscarini.com\/wp-content\/uploads\/2024\/06\/BANNER_NEWSWAGSTAFF_BITWAGSTAFF-768x564.jpg 768w, https:\/\/www.foscarini.com\/wp-content\/uploads\/2024\/06\/BANNER_NEWSWAGSTAFF_BITWAGSTAFF-1536x1128.jpg 1536w, https:\/\/www.foscarini.com\/wp-content\/uploads\/2024\/06\/BANNER_NEWSWAGSTAFF_BITWAGSTAFF-800x587.jpg 800w, https:\/\/www.foscarini.com\/wp-content\/uploads\/2024\/06\/BANNER_NEWSWAGSTAFF_BITWAGSTAFF.jpg 1640w\" alt=\"\" \/>\n                                                                                                <div class=\"ct-col-right\">\n                                                <div class=\"ct-link\">\n                                                    <a class=\"link-arrow\" href=\"https:\/\/www.foscarini.com\/es\/illuminare-linvisibile-le-illusioni-ottiche-di-lee-wagstaff-per-whats-in-a-lamp\/\">Iluminando lo Invisible: Las Ilusiones \u00d3pticas de Lee Wagstaff para &#8220;What\u2019s in a Lamp?&#8221;<\/a>\n                                                    <div class=\"text-1\"><p>Los patrones geom\u00e9tricos de Lee Wagstaff revelan m\u00e1s de lo que el ojo puede ver, ya que surgen realidades alternativas m\u00e1s all\u00e1 de la superficie y personajes de cuentos de hadas cobran vida dentro de las formas de las l\u00e1mparas de Foscarini.<\/p>\n<\/div>\n                                                <\/div>\n                                            <\/div>\n                                        <\/div>\n                                    <\/div>\n                                                                        <div class=\"swiper-slide\">\n                                        <div class=\"ct-slide\">\n                                                                                                <img decoding=\"async\" class=\"full-cover\" src=\"https:\/\/www.foscarini.com\/wp-content\/uploads\/2023\/12\/Modulo1_30Laviani-150x150.jpg\" srcset=\"https:\/\/www.foscarini.com\/wp-content\/uploads\/2023\/12\/Modulo1_30Laviani-300x194.jpg 300w, https:\/\/www.foscarini.com\/wp-content\/uploads\/2023\/12\/Modulo1_30Laviani-800x518.jpg 800w, https:\/\/www.foscarini.com\/wp-content\/uploads\/2023\/12\/Modulo1_30Laviani-1024x663.jpg 1024w, https:\/\/www.foscarini.com\/wp-content\/uploads\/2023\/12\/Modulo1_30Laviani-768x498.jpg 768w, https:\/\/www.foscarini.com\/wp-content\/uploads\/2023\/12\/Modulo1_30Laviani-1536x995.jpg 1536w, https:\/\/www.foscarini.com\/wp-content\/uploads\/2023\/12\/Modulo1_30Laviani-2048x1327.jpg 2048w\" alt=\"\" \/>\n                                                                                                <div class=\"ct-col-right\">\n                                                <div class=\"ct-link\">\n                                                    <a class=\"link-arrow\" href=\"https:\/\/www.foscarini.com\/es\/30-anos-de-libertad-creativa\/\">30 a\u00f1os de libertad creativa<\/a>\n                                                    <div class=\"text-1\"><p>Una entrevista con Ferruccio Laviani celebra los treinta a\u00f1os de colaboraci\u00f3n entre producto, dise\u00f1o de tiendas e instalaciones<\/p>\n<\/div>\n                                                <\/div>\n                                            <\/div>\n                                        <\/div>\n                                    <\/div>\n                                                        <\/div>\n                <\/div>\n            <\/div>\n        <\/div>\n    <\/div>\n<\/section>","protected":false},"excerpt":{"rendered":"<p>L\u00e1mpara de pared de luz reflejada y difusa. Combinando las diversas formas y colores disponibles, se obtiene un efecto en la pared de gran impacto gr\u00e1fico y decorativo. Estructura y flor\u00f3n de pared en metal pintado con polvos epox\u00eddicos. Difusor en vidrio pintado con color o blanco satinado, disponible en 5 formas de medidas y colores distintos, fijados a la estructura mediante bloqueador de vidrio decorativo en metal pintado con polvos epox\u00eddicos. La l\u00e1mpara dispone de cableado transparente con clavija e interruptor on\/off en el cable.<\/p>\n","protected":false},"featured_media":444928,"comment_status":"open","ping_status":"closed","template":"","meta":{"_acf_changed":true},"product_cat":[5549,653,719,856,708],"product_tag":[],"materiale":[8157],"altezza":[7351],"larghezza":[10186],"profondita":[9246],"peso":[7662],"designer-prodotto":[7158],"class_list":{"0":"post-194466","1":"product","2":"type-product","3":"status-publish","4":"has-post-thumbnail","6":"product_cat-bit-famiglia-es","7":"product_cat-concetto-es","8":"product_cat-funzione-es","9":"product_cat-orbital-concetto-es","10":"product_cat-parete-es","11":"materiale-vetro-e-vetro-soffiato-es","12":"altezza-11-es","13":"larghezza-40-es","14":"profondita-25-es","15":"peso-135-es","16":"designer-prodotto-ferruccio-laviani-es","18":"first","19":"instock","20":"shipping-taxable","21":"purchasable","22":"product-type-variable"},"acf":{"preview_slider":{"titolo":"","testo":"","video_domanda":false,"link_video":""},"prodotto__immagine_preview":{"immagine":221956},"prodotto__slider":{"sottotitolo":"Ferruccio Laviani (1993)","titolo":"M\u00e1s que una familia de l\u00e1mparas de pared, Bit es un alfabeto de formas org\u00e1nicas y colores, con los cuales crear infinitas composiciones. Apagadas recuerdan una pintura surrealista, encendidas el juego de la luz de las vidrieras tipo mosaico.","immagini":[{"immagine":414815,"immagine_mobile":""},{"immagine":414822,"immagine_mobile":""}]},"prodotto__slider_preview":null,"prodotto__specifiche":{"selezione":[{"scheda_tecnica":461435}]}},"yoast_head":"<!-- This site is optimized with the Yoast SEO Premium plugin v22.4 (Yoast SEO v23.7) - https:\/\/yoast.com\/wordpress\/plugins\/seo\/ -->\n<title>Bit 5 - Foscarini<\/title>\n<meta name=\"robots\" content=\"index, follow, max-snippet:-1, max-image-preview:large, max-video-preview:-1\" \/>\n<meta property=\"og:locale\" content=\"es_ES\" \/>\n<meta property=\"og:type\" content=\"article\" \/>\n<meta property=\"og:title\" content=\"Bit 5\" \/>\n<meta property=\"og:description\" content=\"L\u00e1mpara de pared de luz reflejada y difusa. Combinando las diversas formas y colores disponibles, se obtiene un efecto en la pared de gran impacto gr\u00e1fico y decorativo. Estructura y flor\u00f3n de pared en metal pintado con polvos epox\u00eddicos. Difusor en vidrio pintado con color o blanco satinado, disponible en 5 formas de medidas y colores distintos, fijados a la estructura mediante bloqueador de vidrio decorativo en metal pintado con polvos epox\u00eddicos. La l\u00e1mpara dispone de cableado transparente con clavija e interruptor on\/off en el cable.\" \/>\n<meta property=\"og:url\" content=\"https:\/\/www.foscarini.com\/es\/producto\/bit-5-bit-w-es\/\" \/>\n<meta property=\"og:site_name\" content=\"Foscarini\" \/>\n<meta property=\"article:modified_time\" content=\"2025-06-11T11:15:16+00:00\" \/>\n<meta property=\"og:image\" content=\"https:\/\/www.foscarini.com\/wp-content\/uploads\/2025\/06\/bit-5_w_orange_22_786x865-1.jpg\" \/>\n\t<meta property=\"og:image:width\" content=\"786\" \/>\n\t<meta property=\"og:image:height\" content=\"865\" \/>\n\t<meta property=\"og:image:type\" content=\"image\/jpeg\" \/>\n<meta name=\"twitter:card\" content=\"summary_large_image\" \/>\n<meta name=\"twitter:label1\" content=\"Tiempo de lectura\" \/>\n\t<meta name=\"twitter:data1\" content=\"1 minuto\" \/>\n<script type=\"application\/ld+json\" class=\"yoast-schema-graph\">{\"@context\":\"https:\/\/schema.org\",\"@graph\":[{\"@type\":\"WebPage\",\"@id\":\"https:\/\/www.foscarini.com\/es\/producto\/bit-5-bit-w-es\/\",\"url\":\"https:\/\/www.foscarini.com\/es\/producto\/bit-5-bit-w-es\/\",\"name\":\"Bit 5 - Foscarini\",\"isPartOf\":{\"@id\":\"https:\/\/www.foscarini.com\/#website\"},\"primaryImageOfPage\":{\"@id\":\"https:\/\/www.foscarini.com\/es\/producto\/bit-5-bit-w-es\/#primaryimage\"},\"image\":{\"@id\":\"https:\/\/www.foscarini.com\/es\/producto\/bit-5-bit-w-es\/#primaryimage\"},\"thumbnailUrl\":\"https:\/\/www.foscarini.com\/wp-content\/uploads\/2025\/06\/bit-5_w_orange_22_786x865-1.jpg\",\"datePublished\":\"2024-03-28T17:49:43+00:00\",\"dateModified\":\"2025-06-11T11:15:16+00:00\",\"breadcrumb\":{\"@id\":\"https:\/\/www.foscarini.com\/es\/producto\/bit-5-bit-w-es\/#breadcrumb\"},\"inLanguage\":\"es\",\"potentialAction\":[{\"@type\":\"ReadAction\",\"target\":[\"https:\/\/www.foscarini.com\/es\/producto\/bit-5-bit-w-es\/\"]}]},{\"@type\":\"ImageObject\",\"inLanguage\":\"es\",\"@id\":\"https:\/\/www.foscarini.com\/es\/producto\/bit-5-bit-w-es\/#primaryimage\",\"url\":\"https:\/\/www.foscarini.com\/wp-content\/uploads\/2025\/06\/bit-5_w_orange_22_786x865-1.jpg\",\"contentUrl\":\"https:\/\/www.foscarini.com\/wp-content\/uploads\/2025\/06\/bit-5_w_orange_22_786x865-1.jpg\",\"width\":786,\"height\":865},{\"@type\":\"BreadcrumbList\",\"@id\":\"https:\/\/www.foscarini.com\/es\/producto\/bit-5-bit-w-es\/#breadcrumb\",\"itemListElement\":[{\"@type\":\"ListItem\",\"position\":1,\"name\":\"Home\",\"item\":\"https:\/\/www.foscarini.com\/es\/\"},{\"@type\":\"ListItem\",\"position\":2,\"name\":\"Tienda\",\"item\":\"https:\/\/www.foscarini.com\/es\/tienda\/\"},{\"@type\":\"ListItem\",\"position\":3,\"name\":\"Bit 5\"}]},{\"@type\":\"WebSite\",\"@id\":\"https:\/\/www.foscarini.com\/#website\",\"url\":\"https:\/\/www.foscarini.com\/\",\"name\":\"Foscarini\",\"description\":\"\",\"potentialAction\":[{\"@type\":\"SearchAction\",\"target\":{\"@type\":\"EntryPoint\",\"urlTemplate\":\"https:\/\/www.foscarini.com\/?s={search_term_string}\"},\"query-input\":{\"@type\":\"PropertyValueSpecification\",\"valueRequired\":true,\"valueName\":\"search_term_string\"}}],\"inLanguage\":\"es\"}]}<\/script>\n<!-- \/ Yoast SEO Premium plugin. -->","yoast_head_json":{"title":"Bit 5 - Foscarini","robots":{"index":"index","follow":"follow","max-snippet":"max-snippet:-1","max-image-preview":"max-image-preview:large","max-video-preview":"max-video-preview:-1"},"og_locale":"es_ES","og_type":"article","og_title":"Bit 5","og_description":"L\u00e1mpara de pared de luz reflejada y difusa. Combinando las diversas formas y colores disponibles, se obtiene un efecto en la pared de gran impacto gr\u00e1fico y decorativo. Estructura y flor\u00f3n de pared en metal pintado con polvos epox\u00eddicos. Difusor en vidrio pintado con color o blanco satinado, disponible en 5 formas de medidas y colores distintos, fijados a la estructura mediante bloqueador de vidrio decorativo en metal pintado con polvos epox\u00eddicos. La l\u00e1mpara dispone de cableado transparente con clavija e interruptor on\/off en el cable.","og_url":"https:\/\/www.foscarini.com\/es\/producto\/bit-5-bit-w-es\/","og_site_name":"Foscarini","article_modified_time":"2025-06-11T11:15:16+00:00","og_image":[{"width":786,"height":865,"url":"https:\/\/www.foscarini.com\/wp-content\/uploads\/2025\/06\/bit-5_w_orange_22_786x865-1.jpg","type":"image\/jpeg"}],"twitter_card":"summary_large_image","twitter_misc":{"Tiempo de lectura":"1 minuto"},"schema":{"@context":"https:\/\/schema.org","@graph":[{"@type":"WebPage","@id":"https:\/\/www.foscarini.com\/es\/producto\/bit-5-bit-w-es\/","url":"https:\/\/www.foscarini.com\/es\/producto\/bit-5-bit-w-es\/","name":"Bit 5 - Foscarini","isPartOf":{"@id":"https:\/\/www.foscarini.com\/#website"},"primaryImageOfPage":{"@id":"https:\/\/www.foscarini.com\/es\/producto\/bit-5-bit-w-es\/#primaryimage"},"image":{"@id":"https:\/\/www.foscarini.com\/es\/producto\/bit-5-bit-w-es\/#primaryimage"},"thumbnailUrl":"https:\/\/www.foscarini.com\/wp-content\/uploads\/2025\/06\/bit-5_w_orange_22_786x865-1.jpg","datePublished":"2024-03-28T17:49:43+00:00","dateModified":"2025-06-11T11:15:16+00:00","breadcrumb":{"@id":"https:\/\/www.foscarini.com\/es\/producto\/bit-5-bit-w-es\/#breadcrumb"},"inLanguage":"es","potentialAction":[{"@type":"ReadAction","target":["https:\/\/www.foscarini.com\/es\/producto\/bit-5-bit-w-es\/"]}]},{"@type":"ImageObject","inLanguage":"es","@id":"https:\/\/www.foscarini.com\/es\/producto\/bit-5-bit-w-es\/#primaryimage","url":"https:\/\/www.foscarini.com\/wp-content\/uploads\/2025\/06\/bit-5_w_orange_22_786x865-1.jpg","contentUrl":"https:\/\/www.foscarini.com\/wp-content\/uploads\/2025\/06\/bit-5_w_orange_22_786x865-1.jpg","width":786,"height":865},{"@type":"BreadcrumbList","@id":"https:\/\/www.foscarini.com\/es\/producto\/bit-5-bit-w-es\/#breadcrumb","itemListElement":[{"@type":"ListItem","position":1,"name":"Home","item":"https:\/\/www.foscarini.com\/es\/"},{"@type":"ListItem","position":2,"name":"Tienda","item":"https:\/\/www.foscarini.com\/es\/tienda\/"},{"@type":"ListItem","position":3,"name":"Bit 5"}]},{"@type":"WebSite","@id":"https:\/\/www.foscarini.com\/#website","url":"https:\/\/www.foscarini.com\/","name":"Foscarini","description":"","potentialAction":[{"@type":"SearchAction","target":{"@type":"EntryPoint","urlTemplate":"https:\/\/www.foscarini.com\/?s={search_term_string}"},"query-input":{"@type":"PropertyValueSpecification","valueRequired":true,"valueName":"search_term_string"}}],"inLanguage":"es"}]}},"_links":{"self":[{"href":"https:\/\/www.foscarini.com\/es\/wp-json\/wp\/v2\/product\/194466"}],"collection":[{"href":"https:\/\/www.foscarini.com\/es\/wp-json\/wp\/v2\/product"}],"about":[{"href":"https:\/\/www.foscarini.com\/es\/wp-json\/wp\/v2\/types\/product"}],"replies":[{"embeddable":true,"href":"https:\/\/www.foscarini.com\/es\/wp-json\/wp\/v2\/comments?post=194466"}],"wp:featuredmedia":[{"embeddable":true,"href":"https:\/\/www.foscarini.com\/es\/wp-json\/wp\/v2\/media\/444928"}],"wp:attachment":[{"href":"https:\/\/www.foscarini.com\/es\/wp-json\/wp\/v2\/media?parent=194466"}],"wp:term":[{"taxonomy":"product_cat","embeddable":true,"href":"https:\/\/www.foscarini.com\/es\/wp-json\/wp\/v2\/product_cat?post=194466"},{"taxonomy":"product_tag","embeddable":true,"href":"https:\/\/www.foscarini.com\/es\/wp-json\/wp\/v2\/product_tag?post=194466"},{"taxonomy":"materiale","embeddable":true,"href":"https:\/\/www.foscarini.com\/es\/wp-json\/wp\/v2\/materiale?post=194466"},{"taxonomy":"altezza","embeddable":true,"href":"https:\/\/www.foscarini.com\/es\/wp-json\/wp\/v2\/altezza?post=194466"},{"taxonomy":"larghezza","embeddable":true,"href":"https:\/\/www.foscarini.com\/es\/wp-json\/wp\/v2\/larghezza?post=194466"},{"taxonomy":"profondita","embeddable":true,"href":"https:\/\/www.foscarini.com\/es\/wp-json\/wp\/v2\/profondita?post=194466"},{"taxonomy":"peso","embeddable":true,"href":"https:\/\/www.foscarini.com\/es\/wp-json\/wp\/v2\/peso?post=194466"},{"taxonomy":"designer-prodotto","embeddable":true,"href":"https:\/\/www.foscarini.com\/es\/wp-json\/wp\/v2\/designer-prodotto?post=194466"}],"curies":[{"name":"wp","href":"https:\/\/api.w.org\/{rel}","templated":true}]}}